{"id":98782,"date":"2024-09-03T11:26:50","date_gmt":"2024-09-03T09:26:50","guid":{"rendered":"https:\/\/boat-service.ee\/pood\/uncategorized\/%d0%bd%d0%b0%d1%80%d1%83%d0%b6%d0%bd%d0%b0%d1%8f-%d0%bf%d0%b5%d1%87%d1%8c-koriks-%d0%b4%d0%bb%d1%8f-%d0%ba%d1%83%d0%bf%d0%b5%d0%bb%d0%b8-37-%d0%ba%d0%b2%d1%82\/"},"modified":"2025-05-02T10:53:38","modified_gmt":"2025-05-02T08:53:38","slug":"%d0%bd%d0%b0%d1%80%d1%83%d0%b6%d0%bd%d0%b0%d1%8f-%d0%bf%d0%b5%d1%87%d1%8c-koriks-%d0%b4%d0%bb%d1%8f-%d0%ba%d1%83%d0%bf%d0%b5%d0%bb%d0%b8-37-%d0%ba%d0%b2%d1%82","status":"publish","type":"product","link":"https:\/\/boat-service.ee\/ru\/pood\/%d0%b0%d0%ba%d1%81%d0%b5%d1%81%d1%81%d1%83%d0%b0%d1%80%d1%8b\/kumblustunniahjud-ru\/kumblustunnide-ahjud-ru\/%d0%bd%d0%b0%d1%80%d1%83%d0%b6%d0%bd%d0%b0%d1%8f-%d0%bf%d0%b5%d1%87%d1%8c-koriks-%d0%b4%d0%bb%d1%8f-%d0%ba%d1%83%d0%bf%d0%b5%d0%bb%d0%b8-37-%d0%ba%d0%b2%d1%82\/","title":{"rendered":"\u041d\u0430\u0440\u0443\u0436\u043d\u0430\u044f \u043f\u0435\u0447\u044c Koriks \u0434\u043b\u044f \u043a\u0443\u043f\u0435\u043b\u0438 37 \u043a\u0412\u0442"},"content":{"rendered":"<p>\u041d\u0430\u0440\u0443\u0436\u043d\u0430\u044f \u043f\u0435\u0447\u044c \u0438\u0437\u0433\u043e\u0442\u043e\u0432\u043b\u0435\u043d\u0430 \u0438\u0437 \u0432\u044b\u0441\u043e\u043a\u043e\u043a\u0430\u0447\u0435\u0441\u0442\u0432\u0435\u043d\u043d\u043e\u0433\u043e \u043c\u043e\u0440\u0441\u043a\u043e\u0433\u043e \u0430\u043b\u044e\u043c\u0438\u043d\u0438\u044f, \u0447\u0442\u043e \u0434\u0435\u043b\u0430\u0435\u0442 \u0438\u0437\u0434\u0435\u043b\u0438\u0435 \u043e\u0447\u0435\u043d\u044c \u043f\u0440\u043e\u0447\u043d\u044b\u043c \u0438 \u0434\u043e\u043b\u0433\u043e\u0432\u0435\u0447\u043d\u044b\u043c. \u041f\u0435\u0440\u0435\u0434\u043d\u044f\u044f \u043f\u0430\u043d\u0435\u043b\u044c \u043f\u0435\u0447\u0438 \u0432\u044b\u043f\u043e\u043b\u043d\u0435\u043d\u0430 \u0438\u0437 \u043d\u0435\u0440\u0436\u0430\u0432\u0435\u044e\u0449\u0435\u0439 \u0441\u0442\u0430\u043b\u0438. \u0412 \u0434\u0432\u0435\u0440\u0446\u0435 \u043f\u0440\u0435\u0434\u0443\u0441\u043c\u043e\u0442\u0440\u0435\u043d\u043e \u043e\u043a\u043d\u043e \u0434\u043b\u044f \u043d\u0430\u0431\u043b\u044e\u0434\u0435\u043d\u0438\u044f \u0437\u0430 \u043f\u0440\u043e\u0446\u0435\u0441\u0441\u043e\u043c \u0433\u043e\u0440\u0435\u043d\u0438\u044f.<br \/>\n<strong>\u0422\u0435\u0445\u043d\u0438\u0447\u0435\u0441\u043a\u0438\u0435 \u0445\u0430\u0440\u0430\u043a\u0442\u0435\u0440\u0438\u0441\u0442\u0438\u043a\u0438<\/strong><\/p>\n<table>\n","protected":false},"excerpt":{"rendered":"<p><img loading=\"lazy\" decoding=\"async\" class=\"alignnone size-full wp-image-88816\" src=\"https:\/\/boat-service.ee\/wp-content\/uploads\/2024\/09\/koriksFiiber_logo.jpg\" alt=\"\" width=\"176\" height=\"94\" \/><\/p>\n","protected":false},"featured_media":88762,"template":"","meta":[],"product_brand":[],"product_cat":[656],"product_tag":[],"class_list":{"0":"post-98782","1":"product","2":"type-product","3":"status-publish","4":"has-post-thumbnail","6":"product_cat-kumblustunnide-ahjud-ru","7":"product_shipping_class-rasked-ru","8":"tm-has-options","10":"first","11":"instock","12":"taxable","13":"shipping-taxable","14":"purchasable","15":"product-type-simple"},"yoast_head":"<!-- This site is optimized with the Yoast SEO plugin v27.2 - https:\/\/yoast.com\/product\/yoast-seo-wordpress\/ -->\n<title>\u041d\u0430\u0440\u0443\u0436\u043d\u0430\u044f \u043f\u0435\u0447\u044c Koriks \u0434\u043b\u044f \u043a\u0443\u043f\u0435\u043b\u0438 37 \u043a\u0412\u0442 - Boat Service Estonia<\/title>\n<meta name=\"robots\" content=\"index, follow, max-snippet:-1, max-image-preview:large, max-video-preview:-1\" \/>\n<link rel=\"canonical\" href=\"https:\/\/boat-service.ee\/ru\/pood\/%d0%b0%d0%ba%d1%81%d0%b5%d1%81%d1%81%d1%83%d0%b0%d1%80%d1%8b\/kumblustunniahjud-ru\/kumblustunnide-ahjud-ru\/%d0%bd%d0%b0%d1%80%d1%83%d0%b6%d0%bd%d0%b0%d1%8f-%d0%bf%d0%b5%d1%87%d1%8c-koriks-%d0%b4%d0%bb%d1%8f-%d0%ba%d1%83%d0%bf%d0%b5%d0%bb%d0%b8-37-%d0%ba%d0%b2%d1%82\/\" \/>\n<meta property=\"og:locale\" content=\"ru_RU\" \/>\n<meta property=\"og:type\" content=\"article\" \/>\n<meta property=\"og:title\" content=\"\u041d\u0430\u0440\u0443\u0436\u043d\u0430\u044f \u043f\u0435\u0447\u044c Koriks \u0434\u043b\u044f \u043a\u0443\u043f\u0435\u043b\u0438 37 \u043a\u0412\u0442 - Boat Service Estonia\" \/>\n<meta property=\"og:url\" content=\"https:\/\/boat-service.ee\/ru\/pood\/%d0%b0%d0%ba%d1%81%d0%b5%d1%81%d1%81%d1%83%d0%b0%d1%80%d1%8b\/kumblustunniahjud-ru\/kumblustunnide-ahjud-ru\/%d0%bd%d0%b0%d1%80%d1%83%d0%b6%d0%bd%d0%b0%d1%8f-%d0%bf%d0%b5%d1%87%d1%8c-koriks-%d0%b4%d0%bb%d1%8f-%d0%ba%d1%83%d0%bf%d0%b5%d0%bb%d0%b8-37-%d0%ba%d0%b2%d1%82\/\" \/>\n<meta property=\"og:site_name\" content=\"Boat Service Estonia\" \/>\n<meta property=\"article:publisher\" content=\"https:\/\/www.facebook.com\/boatserviceestonia\" \/>\n<meta property=\"article:modified_time\" content=\"2025-05-02T08:53:38+00:00\" \/>\n<meta property=\"og:image\" content=\"https:\/\/boat-service.ee\/wp-content\/uploads\/2024\/09\/Koriks_valisahi-37kw.webp\" \/>\n\t<meta property=\"og:image:width\" content=\"1000\" \/>\n\t<meta property=\"og:image:height\" content=\"1000\" \/>\n\t<meta property=\"og:image:type\" content=\"image\/webp\" \/>\n<meta name=\"twitter:card\" content=\"summary_large_image\" \/>\n<script type=\"application\/ld+json\" class=\"yoast-schema-graph\">{\"@context\":\"https:\/\/schema.org\",\"@graph\":[{\"@type\":\"WebPage\",\"@id\":\"https:\/\/boat-service.ee\/ru\/pood\/%d0%b0%d0%ba%d1%81%d0%b5%d1%81%d1%81%d1%83%d0%b0%d1%80%d1%8b\/kumblustunniahjud-ru\/kumblustunnide-ahjud-ru\/%d0%bd%d0%b0%d1%80%d1%83%d0%b6%d0%bd%d0%b0%d1%8f-%d0%bf%d0%b5%d1%87%d1%8c-koriks-%d0%b4%d0%bb%d1%8f-%d0%ba%d1%83%d0%bf%d0%b5%d0%bb%d0%b8-37-%d0%ba%d0%b2%d1%82\/\",\"url\":\"https:\/\/boat-service.ee\/ru\/pood\/%d0%b0%d0%ba%d1%81%d0%b5%d1%81%d1%81%d1%83%d0%b0%d1%80%d1%8b\/kumblustunniahjud-ru\/kumblustunnide-ahjud-ru\/%d0%bd%d0%b0%d1%80%d1%83%d0%b6%d0%bd%d0%b0%d1%8f-%d0%bf%d0%b5%d1%87%d1%8c-koriks-%d0%b4%d0%bb%d1%8f-%d0%ba%d1%83%d0%bf%d0%b5%d0%bb%d0%b8-37-%d0%ba%d0%b2%d1%82\/\",\"name\":\"\u041d\u0430\u0440\u0443\u0436\u043d\u0430\u044f \u043f\u0435\u0447\u044c Koriks \u0434\u043b\u044f \u043a\u0443\u043f\u0435\u043b\u0438 37 \u043a\u0412\u0442 - Boat Service Estonia\",\"isPartOf\":{\"@id\":\"https:\/\/boat-service.ee\/ru\/#website\"},\"primaryImageOfPage\":{\"@id\":\"https:\/\/boat-service.ee\/ru\/pood\/%d0%b0%d0%ba%d1%81%d0%b5%d1%81%d1%81%d1%83%d0%b0%d1%80%d1%8b\/kumblustunniahjud-ru\/kumblustunnide-ahjud-ru\/%d0%bd%d0%b0%d1%80%d1%83%d0%b6%d0%bd%d0%b0%d1%8f-%d0%bf%d0%b5%d1%87%d1%8c-koriks-%d0%b4%d0%bb%d1%8f-%d0%ba%d1%83%d0%bf%d0%b5%d0%bb%d0%b8-37-%d0%ba%d0%b2%d1%82\/#primaryimage\"},\"image\":{\"@id\":\"https:\/\/boat-service.ee\/ru\/pood\/%d0%b0%d0%ba%d1%81%d0%b5%d1%81%d1%81%d1%83%d0%b0%d1%80%d1%8b\/kumblustunniahjud-ru\/kumblustunnide-ahjud-ru\/%d0%bd%d0%b0%d1%80%d1%83%d0%b6%d0%bd%d0%b0%d1%8f-%d0%bf%d0%b5%d1%87%d1%8c-koriks-%d0%b4%d0%bb%d1%8f-%d0%ba%d1%83%d0%bf%d0%b5%d0%bb%d0%b8-37-%d0%ba%d0%b2%d1%82\/#primaryimage\"},\"thumbnailUrl\":\"https:\/\/boat-service.ee\/wp-content\/uploads\/2024\/09\/Koriks_valisahi-37kw.webp\",\"datePublished\":\"2024-09-03T09:26:50+00:00\",\"dateModified\":\"2025-05-02T08:53:38+00:00\",\"breadcrumb\":{\"@id\":\"https:\/\/boat-service.ee\/ru\/pood\/%d0%b0%d0%ba%d1%81%d0%b5%d1%81%d1%81%d1%83%d0%b0%d1%80%d1%8b\/kumblustunniahjud-ru\/kumblustunnide-ahjud-ru\/%d0%bd%d0%b0%d1%80%d1%83%d0%b6%d0%bd%d0%b0%d1%8f-%d0%bf%d0%b5%d1%87%d1%8c-koriks-%d0%b4%d0%bb%d1%8f-%d0%ba%d1%83%d0%bf%d0%b5%d0%bb%d0%b8-37-%d0%ba%d0%b2%d1%82\/#breadcrumb\"},\"inLanguage\":\"ru-RU\",\"potentialAction\":[{\"@type\":\"ReadAction\",\"target\":[\"https:\/\/boat-service.ee\/ru\/pood\/%d0%b0%d0%ba%d1%81%d0%b5%d1%81%d1%81%d1%83%d0%b0%d1%80%d1%8b\/kumblustunniahjud-ru\/kumblustunnide-ahjud-ru\/%d0%bd%d0%b0%d1%80%d1%83%d0%b6%d0%bd%d0%b0%d1%8f-%d0%bf%d0%b5%d1%87%d1%8c-koriks-%d0%b4%d0%bb%d1%8f-%d0%ba%d1%83%d0%bf%d0%b5%d0%bb%d0%b8-37-%d0%ba%d0%b2%d1%82\/\"]}]},{\"@type\":\"ImageObject\",\"inLanguage\":\"ru-RU\",\"@id\":\"https:\/\/boat-service.ee\/ru\/pood\/%d0%b0%d0%ba%d1%81%d0%b5%d1%81%d1%81%d1%83%d0%b0%d1%80%d1%8b\/kumblustunniahjud-ru\/kumblustunnide-ahjud-ru\/%d0%bd%d0%b0%d1%80%d1%83%d0%b6%d0%bd%d0%b0%d1%8f-%d0%bf%d0%b5%d1%87%d1%8c-koriks-%d0%b4%d0%bb%d1%8f-%d0%ba%d1%83%d0%bf%d0%b5%d0%bb%d0%b8-37-%d0%ba%d0%b2%d1%82\/#primaryimage\",\"url\":\"https:\/\/boat-service.ee\/wp-content\/uploads\/2024\/09\/Koriks_valisahi-37kw.webp\",\"contentUrl\":\"https:\/\/boat-service.ee\/wp-content\/uploads\/2024\/09\/Koriks_valisahi-37kw.webp\",\"width\":1000,\"height\":1000,\"caption\":\"K\u00fcmblust\u00fcnni v\u00e4lisahi 37 kW\"},{\"@type\":\"BreadcrumbList\",\"@id\":\"https:\/\/boat-service.ee\/ru\/pood\/%d0%b0%d0%ba%d1%81%d0%b5%d1%81%d1%81%d1%83%d0%b0%d1%80%d1%8b\/kumblustunniahjud-ru\/kumblustunnide-ahjud-ru\/%d0%bd%d0%b0%d1%80%d1%83%d0%b6%d0%bd%d0%b0%d1%8f-%d0%bf%d0%b5%d1%87%d1%8c-koriks-%d0%b4%d0%bb%d1%8f-%d0%ba%d1%83%d0%bf%d0%b5%d0%bb%d0%b8-37-%d0%ba%d0%b2%d1%82\/#breadcrumb\",\"itemListElement\":[{\"@type\":\"ListItem\",\"position\":1,\"name\":\"Home\",\"item\":\"https:\/\/boat-service.ee\/ru\/\"},{\"@type\":\"ListItem\",\"position\":2,\"name\":\"\u041c\u0430\u0433\u0430\u0437\u0438\u043d\",\"item\":\"https:\/\/boat-service.ee\/ru\/%d0%bc%d0%b0%d0%b3%d0%b0%d0%b7%d0%b8%d0%bd\/\"},{\"@type\":\"ListItem\",\"position\":3,\"name\":\"\u041d\u0430\u0440\u0443\u0436\u043d\u0430\u044f \u043f\u0435\u0447\u044c Koriks \u0434\u043b\u044f \u043a\u0443\u043f\u0435\u043b\u0438 37 \u043a\u0412\u0442\"}]},{\"@type\":\"WebSite\",\"@id\":\"https:\/\/boat-service.ee\/ru\/#website\",\"url\":\"https:\/\/boat-service.ee\/ru\/\",\"name\":\"Boat Service Estonia\",\"description\":\"Boat Service Estonia - Mootorpaadid, treilerid, mootorid\",\"publisher\":{\"@id\":\"https:\/\/boat-service.ee\/ru\/#organization\"},\"potentialAction\":[{\"@type\":\"SearchAction\",\"target\":{\"@type\":\"EntryPoint\",\"urlTemplate\":\"https:\/\/boat-service.ee\/ru\/?s={search_term_string}\"},\"query-input\":{\"@type\":\"PropertyValueSpecification\",\"valueRequired\":true,\"valueName\":\"search_term_string\"}}],\"inLanguage\":\"ru-RU\"},{\"@type\":\"Organization\",\"@id\":\"https:\/\/boat-service.ee\/ru\/#organization\",\"name\":\"KALASTUSPOOD O\u00dc\",\"url\":\"https:\/\/boat-service.ee\/ru\/\",\"logo\":{\"@type\":\"ImageObject\",\"inLanguage\":\"ru-RU\",\"@id\":\"https:\/\/boat-service.ee\/ru\/#\/schema\/logo\/image\/\",\"url\":\"https:\/\/boat-service.ee\/wp-content\/uploads\/2023\/05\/impLogo.png\",\"contentUrl\":\"https:\/\/boat-service.ee\/wp-content\/uploads\/2023\/05\/impLogo.png\",\"width\":270,\"height\":107,\"caption\":\"KALASTUSPOOD O\u00dc\"},\"image\":{\"@id\":\"https:\/\/boat-service.ee\/ru\/#\/schema\/logo\/image\/\"},\"sameAs\":[\"https:\/\/www.facebook.com\/boatserviceestonia\",\"https:\/\/www.instagram.com\/kalastus_ja_paadipood\/\"]}]}<\/script>\n<!-- \/ Yoast SEO plugin. -->","yoast_head_json":{"title":"\u041d\u0430\u0440\u0443\u0436\u043d\u0430\u044f \u043f\u0435\u0447\u044c Koriks \u0434\u043b\u044f \u043a\u0443\u043f\u0435\u043b\u0438 37 \u043a\u0412\u0442 - Boat Service Estonia","robots":{"index":"index","follow":"follow","max-snippet":"max-snippet:-1","max-image-preview":"max-image-preview:large","max-video-preview":"max-video-preview:-1"},"canonical":"https:\/\/boat-service.ee\/ru\/pood\/%d0%b0%d0%ba%d1%81%d0%b5%d1%81%d1%81%d1%83%d0%b0%d1%80%d1%8b\/kumblustunniahjud-ru\/kumblustunnide-ahjud-ru\/%d0%bd%d0%b0%d1%80%d1%83%d0%b6%d0%bd%d0%b0%d1%8f-%d0%bf%d0%b5%d1%87%d1%8c-koriks-%d0%b4%d0%bb%d1%8f-%d0%ba%d1%83%d0%bf%d0%b5%d0%bb%d0%b8-37-%d0%ba%d0%b2%d1%82\/","og_locale":"ru_RU","og_type":"article","og_title":"\u041d\u0430\u0440\u0443\u0436\u043d\u0430\u044f \u043f\u0435\u0447\u044c Koriks \u0434\u043b\u044f \u043a\u0443\u043f\u0435\u043b\u0438 37 \u043a\u0412\u0442 - Boat Service Estonia","og_url":"https:\/\/boat-service.ee\/ru\/pood\/%d0%b0%d0%ba%d1%81%d0%b5%d1%81%d1%81%d1%83%d0%b0%d1%80%d1%8b\/kumblustunniahjud-ru\/kumblustunnide-ahjud-ru\/%d0%bd%d0%b0%d1%80%d1%83%d0%b6%d0%bd%d0%b0%d1%8f-%d0%bf%d0%b5%d1%87%d1%8c-koriks-%d0%b4%d0%bb%d1%8f-%d0%ba%d1%83%d0%bf%d0%b5%d0%bb%d0%b8-37-%d0%ba%d0%b2%d1%82\/","og_site_name":"Boat Service Estonia","article_publisher":"https:\/\/www.facebook.com\/boatserviceestonia","article_modified_time":"2025-05-02T08:53:38+00:00","og_image":[{"width":1000,"height":1000,"url":"https:\/\/boat-service.ee\/wp-content\/uploads\/2024\/09\/Koriks_valisahi-37kw.webp","type":"image\/webp"}],"twitter_card":"summary_large_image","schema":{"@context":"https:\/\/schema.org","@graph":[{"@type":"WebPage","@id":"https:\/\/boat-service.ee\/ru\/pood\/%d0%b0%d0%ba%d1%81%d0%b5%d1%81%d1%81%d1%83%d0%b0%d1%80%d1%8b\/kumblustunniahjud-ru\/kumblustunnide-ahjud-ru\/%d0%bd%d0%b0%d1%80%d1%83%d0%b6%d0%bd%d0%b0%d1%8f-%d0%bf%d0%b5%d1%87%d1%8c-koriks-%d0%b4%d0%bb%d1%8f-%d0%ba%d1%83%d0%bf%d0%b5%d0%bb%d0%b8-37-%d0%ba%d0%b2%d1%82\/","url":"https:\/\/boat-service.ee\/ru\/pood\/%d0%b0%d0%ba%d1%81%d0%b5%d1%81%d1%81%d1%83%d0%b0%d1%80%d1%8b\/kumblustunniahjud-ru\/kumblustunnide-ahjud-ru\/%d0%bd%d0%b0%d1%80%d1%83%d0%b6%d0%bd%d0%b0%d1%8f-%d0%bf%d0%b5%d1%87%d1%8c-koriks-%d0%b4%d0%bb%d1%8f-%d0%ba%d1%83%d0%bf%d0%b5%d0%bb%d0%b8-37-%d0%ba%d0%b2%d1%82\/","name":"\u041d\u0430\u0440\u0443\u0436\u043d\u0430\u044f \u043f\u0435\u0447\u044c Koriks \u0434\u043b\u044f \u043a\u0443\u043f\u0435\u043b\u0438 37 \u043a\u0412\u0442 - Boat Service Estonia","isPartOf":{"@id":"https:\/\/boat-service.ee\/ru\/#website"},"primaryImageOfPage":{"@id":"https:\/\/boat-service.ee\/ru\/pood\/%d0%b0%d0%ba%d1%81%d0%b5%d1%81%d1%81%d1%83%d0%b0%d1%80%d1%8b\/kumblustunniahjud-ru\/kumblustunnide-ahjud-ru\/%d0%bd%d0%b0%d1%80%d1%83%d0%b6%d0%bd%d0%b0%d1%8f-%d0%bf%d0%b5%d1%87%d1%8c-koriks-%d0%b4%d0%bb%d1%8f-%d0%ba%d1%83%d0%bf%d0%b5%d0%bb%d0%b8-37-%d0%ba%d0%b2%d1%82\/#primaryimage"},"image":{"@id":"https:\/\/boat-service.ee\/ru\/pood\/%d0%b0%d0%ba%d1%81%d0%b5%d1%81%d1%81%d1%83%d0%b0%d1%80%d1%8b\/kumblustunniahjud-ru\/kumblustunnide-ahjud-ru\/%d0%bd%d0%b0%d1%80%d1%83%d0%b6%d0%bd%d0%b0%d1%8f-%d0%bf%d0%b5%d1%87%d1%8c-koriks-%d0%b4%d0%bb%d1%8f-%d0%ba%d1%83%d0%bf%d0%b5%d0%bb%d0%b8-37-%d0%ba%d0%b2%d1%82\/#primaryimage"},"thumbnailUrl":"https:\/\/boat-service.ee\/wp-content\/uploads\/2024\/09\/Koriks_valisahi-37kw.webp","datePublished":"2024-09-03T09:26:50+00:00","dateModified":"2025-05-02T08:53:38+00:00","breadcrumb":{"@id":"https:\/\/boat-service.ee\/ru\/pood\/%d0%b0%d0%ba%d1%81%d0%b5%d1%81%d1%81%d1%83%d0%b0%d1%80%d1%8b\/kumblustunniahjud-ru\/kumblustunnide-ahjud-ru\/%d0%bd%d0%b0%d1%80%d1%83%d0%b6%d0%bd%d0%b0%d1%8f-%d0%bf%d0%b5%d1%87%d1%8c-koriks-%d0%b4%d0%bb%d1%8f-%d0%ba%d1%83%d0%bf%d0%b5%d0%bb%d0%b8-37-%d0%ba%d0%b2%d1%82\/#breadcrumb"},"inLanguage":"ru-RU","potentialAction":[{"@type":"ReadAction","target":["https:\/\/boat-service.ee\/ru\/pood\/%d0%b0%d0%ba%d1%81%d0%b5%d1%81%d1%81%d1%83%d0%b0%d1%80%d1%8b\/kumblustunniahjud-ru\/kumblustunnide-ahjud-ru\/%d0%bd%d0%b0%d1%80%d1%83%d0%b6%d0%bd%d0%b0%d1%8f-%d0%bf%d0%b5%d1%87%d1%8c-koriks-%d0%b4%d0%bb%d1%8f-%d0%ba%d1%83%d0%bf%d0%b5%d0%bb%d0%b8-37-%d0%ba%d0%b2%d1%82\/"]}]},{"@type":"ImageObject","inLanguage":"ru-RU","@id":"https:\/\/boat-service.ee\/ru\/pood\/%d0%b0%d0%ba%d1%81%d0%b5%d1%81%d1%81%d1%83%d0%b0%d1%80%d1%8b\/kumblustunniahjud-ru\/kumblustunnide-ahjud-ru\/%d0%bd%d0%b0%d1%80%d1%83%d0%b6%d0%bd%d0%b0%d1%8f-%d0%bf%d0%b5%d1%87%d1%8c-koriks-%d0%b4%d0%bb%d1%8f-%d0%ba%d1%83%d0%bf%d0%b5%d0%bb%d0%b8-37-%d0%ba%d0%b2%d1%82\/#primaryimage","url":"https:\/\/boat-service.ee\/wp-content\/uploads\/2024\/09\/Koriks_valisahi-37kw.webp","contentUrl":"https:\/\/boat-service.ee\/wp-content\/uploads\/2024\/09\/Koriks_valisahi-37kw.webp","width":1000,"height":1000,"caption":"K\u00fcmblust\u00fcnni v\u00e4lisahi 37 kW"},{"@type":"BreadcrumbList","@id":"https:\/\/boat-service.ee\/ru\/pood\/%d0%b0%d0%ba%d1%81%d0%b5%d1%81%d1%81%d1%83%d0%b0%d1%80%d1%8b\/kumblustunniahjud-ru\/kumblustunnide-ahjud-ru\/%d0%bd%d0%b0%d1%80%d1%83%d0%b6%d0%bd%d0%b0%d1%8f-%d0%bf%d0%b5%d1%87%d1%8c-koriks-%d0%b4%d0%bb%d1%8f-%d0%ba%d1%83%d0%bf%d0%b5%d0%bb%d0%b8-37-%d0%ba%d0%b2%d1%82\/#breadcrumb","itemListElement":[{"@type":"ListItem","position":1,"name":"Home","item":"https:\/\/boat-service.ee\/ru\/"},{"@type":"ListItem","position":2,"name":"\u041c\u0430\u0433\u0430\u0437\u0438\u043d","item":"https:\/\/boat-service.ee\/ru\/%d0%bc%d0%b0%d0%b3%d0%b0%d0%b7%d0%b8%d0%bd\/"},{"@type":"ListItem","position":3,"name":"\u041d\u0430\u0440\u0443\u0436\u043d\u0430\u044f \u043f\u0435\u0447\u044c Koriks \u0434\u043b\u044f \u043a\u0443\u043f\u0435\u043b\u0438 37 \u043a\u0412\u0442"}]},{"@type":"WebSite","@id":"https:\/\/boat-service.ee\/ru\/#website","url":"https:\/\/boat-service.ee\/ru\/","name":"Boat Service Estonia","description":"Boat Service Estonia - Mootorpaadid, treilerid, mootorid","publisher":{"@id":"https:\/\/boat-service.ee\/ru\/#organization"},"potentialAction":[{"@type":"SearchAction","target":{"@type":"EntryPoint","urlTemplate":"https:\/\/boat-service.ee\/ru\/?s={search_term_string}"},"query-input":{"@type":"PropertyValueSpecification","valueRequired":true,"valueName":"search_term_string"}}],"inLanguage":"ru-RU"},{"@type":"Organization","@id":"https:\/\/boat-service.ee\/ru\/#organization","name":"KALASTUSPOOD O\u00dc","url":"https:\/\/boat-service.ee\/ru\/","logo":{"@type":"ImageObject","inLanguage":"ru-RU","@id":"https:\/\/boat-service.ee\/ru\/#\/schema\/logo\/image\/","url":"https:\/\/boat-service.ee\/wp-content\/uploads\/2023\/05\/impLogo.png","contentUrl":"https:\/\/boat-service.ee\/wp-content\/uploads\/2023\/05\/impLogo.png","width":270,"height":107,"caption":"KALASTUSPOOD O\u00dc"},"image":{"@id":"https:\/\/boat-service.ee\/ru\/#\/schema\/logo\/image\/"},"sameAs":["https:\/\/www.facebook.com\/boatserviceestonia","https:\/\/www.instagram.com\/kalastus_ja_paadipood\/"]}]}},"_links":{"self":[{"href":"https:\/\/boat-service.ee\/ru\/wp-json\/wp\/v2\/product\/98782","targetHints":{"allow":["GET"]}}],"collection":[{"href":"https:\/\/boat-service.ee\/ru\/wp-json\/wp\/v2\/product"}],"about":[{"href":"https:\/\/boat-service.ee\/ru\/wp-json\/wp\/v2\/types\/product"}],"wp:featuredmedia":[{"embeddable":true,"href":"https:\/\/boat-service.ee\/ru\/wp-json\/wp\/v2\/media\/88762"}],"wp:attachment":[{"href":"https:\/\/boat-service.ee\/ru\/wp-json\/wp\/v2\/media?parent=98782"}],"wp:term":[{"taxonomy":"product_brand","embeddable":true,"href":"https:\/\/boat-service.ee\/ru\/wp-json\/wp\/v2\/product_brand?post=98782"},{"taxonomy":"product_cat","embeddable":true,"href":"https:\/\/boat-service.ee\/ru\/wp-json\/wp\/v2\/product_cat?post=98782"},{"taxonomy":"product_tag","embeddable":true,"href":"https:\/\/boat-service.ee\/ru\/wp-json\/wp\/v2\/product_tag?post=98782"}],"curies":[{"name":"wp","href":"https:\/\/api.w.org\/{rel}","templated":true}]}}