{"id":97697,"date":"2025-02-17T12:17:17","date_gmt":"2025-02-17T10:17:17","guid":{"rendered":"https:\/\/boat-service.ee\/pood\/uncategorized\/litime-12v-100ah-lifepo4-battery\/"},"modified":"2025-02-17T12:17:17","modified_gmt":"2025-02-17T10:17:17","slug":"litime-12v-100ah-lifepo4-battery","status":"publish","type":"product","link":"https:\/\/boat-service.ee\/ru\/pood\/%d0%b0%d0%ba%d1%81%d0%b5%d1%81%d1%81%d1%83%d0%b0%d1%80%d1%8b\/%d1%8d%d0%bb%d0%b5%d0%ba%d1%82%d1%80%d0%be-%d0%bf%d1%80%d0%b8%d1%81%d0%bf%d0%be%d1%81%d0%be%d0%b1%d0%bb%d0%b5%d0%bd%d0%b8%d1%8f\/%d0%b0%d0%ba%d0%ba%d1%83%d0%bc%d1%83%d0%bb%d1%8f%d1%82%d0%be%d1%80%d1%8b\/litime-akud-ru\/litime-12v-100ah-lifepo4-battery\/","title":{"rendered":"LiTime 12V 100Ah LiFePO4 Battery"},"content":{"rendered":"<table border=\"1\" cellspacing=\"0\" cellpadding=\"5\">\n<tbody>\n<tr>\n<th colspan=\"2\">LiTime 12V 100Ah LiFePO4 Battery<\/th>\n<\/tr>\n<tr>\n<td><b>Battery Type<\/b><\/td>\n<td>LiFePO4 Prismatisch<\/td>\n<\/tr>\n<tr>\n<td><b>Nominal Voltage<\/b><\/td>\n<td>12.8V<\/td>\n<\/tr>\n<tr>\n<td><b>Nominal Capacity<\/b><\/td>\n<td>100Ah<\/td>\n<\/tr>\n<tr>\n<td><b>Energy Storage<\/b><\/td>\n<td>1280Wh<\/td>\n<\/tr>\n<tr>\n<td><b>Cycle Life<\/b><\/td>\n<td>4000 cycles at 100% DoD, up to 15,000 cycles at 60% DoD<\/td>\n<\/tr>\n<tr>\n<td><b>Weight<\/b><\/td>\n<td>11 kg<\/td>\n<\/tr>\n<tr>\n<td><b>Size (L \u00d7 W \u00d7 H)<\/b><\/td>\n<td>329 \u00d7 172 \u00d7 214 mm<\/td>\n<\/tr>\n<tr>\n<td><b>BMS<\/b><\/td>\n<td>100A<\/td>\n<\/tr>\n<tr>\n<td><b>Max Continuous Discharge Current<\/b><\/td>\n<td>100A<\/td>\n<\/tr>\n<tr>\n<td><b>Max Discharge Current (5s)<\/b><\/td>\n<td>280A<\/td>\n<\/tr>\n<tr>\n<td><b>Charging Voltage<\/b><\/td>\n<td>14.4V \u00b1 0.2V<\/td>\n<\/tr>\n<tr>\n<td><b>Recommended Charging Current<\/b><\/td>\n<td>20A (0.2C)<\/td>\n<\/tr>\n<tr>\n<td><b>Operating Temperature (Charging)<\/b><\/td>\n<td>0\u00b0C to 50\u00b0C<\/td>\n<\/tr>\n<tr>\n<td><b>Operating Temperature (Discharging)<\/b><\/td>\n<td>-20\u00b0C to 60\u00b0C<\/td>\n<\/tr>\n<tr>\n<td><b>Storage Temperature<\/b><\/td>\n<td>-10\u00b0C to 50\u00b0C<\/td>\n<\/tr>\n<tr>\n<td><b>Terminal Type<\/b><\/td>\n<td>M8 screws<\/td>\n<\/tr>\n<tr>\n<td><b>Waterproof Rating<\/b><\/td>\n<td>IP65<\/td>\n<\/tr>\n<tr>\n<td><b>Certifications<\/b><\/td>\n<td>UL, FCC, CE, RoHS, UN38.3<\/td>\n<\/tr>\n<\/tbody>\n<\/table>\n","protected":false},"excerpt":{"rendered":"<p>LiTime 12V 100Ah LiFePO4 Battery Battery Type LiFePO4 Prismatisch Nominal Voltage 12.8V Nominal Capacity 100Ah Energy Storage 1280Wh Cycle Life 4000 cycles at 100% DoD, up to 15,000 cycles at 60% DoD Weight 11 kg Size (L \u00d7 W \u00d7 H) 329 \u00d7 172 \u00d7 214 mm BMS 100A Max Continuous Discharge Current 100A Max [&#8230;]\n","protected":false},"featured_media":97671,"template":"","meta":[],"product_brand":[],"product_cat":[3159],"product_tag":[],"class_list":{"0":"post-97697","1":"product","2":"type-product","3":"status-publish","4":"has-post-thumbnail","6":"product_cat-litime-akud-ru","7":"tm-has-options","9":"first","10":"instock","11":"taxable","12":"shipping-taxable","13":"purchasable","14":"product-type-simple"},"yoast_head":"<!-- This site is optimized with the Yoast SEO plugin v27.2 - https:\/\/yoast.com\/product\/yoast-seo-wordpress\/ -->\n<title>LiTime 12V 100Ah LiFePO4 Battery - Boat Service Estonia<\/title>\n<meta name=\"robots\" content=\"index, follow, max-snippet:-1, max-image-preview:large, max-video-preview:-1\" \/>\n<link rel=\"canonical\" href=\"https:\/\/boat-service.ee\/ru\/pood\/%d0%b0%d0%ba%d1%81%d0%b5%d1%81%d1%81%d1%83%d0%b0%d1%80%d1%8b\/%d1%8d%d0%bb%d0%b5%d0%ba%d1%82%d1%80%d0%be-%d0%bf%d1%80%d0%b8%d1%81%d0%bf%d0%be%d1%81%d0%be%d0%b1%d0%bb%d0%b5%d0%bd%d0%b8%d1%8f\/%d0%b0%d0%ba%d0%ba%d1%83%d0%bc%d1%83%d0%bb%d1%8f%d1%82%d0%be%d1%80%d1%8b\/litime-akud-ru\/litime-12v-100ah-lifepo4-battery\/\" \/>\n<meta property=\"og:locale\" content=\"ru_RU\" \/>\n<meta property=\"og:type\" content=\"article\" \/>\n<meta property=\"og:title\" content=\"LiTime 12V 100Ah LiFePO4 Battery - Boat Service Estonia\" \/>\n<meta property=\"og:description\" content=\"LiTime 12V 100Ah LiFePO4 Battery Battery Type LiFePO4 Prismatisch Nominal Voltage 12.8V Nominal Capacity 100Ah Energy Storage 1280Wh Cycle Life 4000 cycles at 100% DoD, up to 15,000 cycles at 60% DoD Weight 11 kg Size (L \u00d7 W \u00d7 H) 329 \u00d7 172 \u00d7 214 mm BMS 100A Max Continuous Discharge Current 100A Max [...]\" \/>\n<meta property=\"og:url\" content=\"https:\/\/boat-service.ee\/ru\/pood\/%d0%b0%d0%ba%d1%81%d0%b5%d1%81%d1%81%d1%83%d0%b0%d1%80%d1%8b\/%d1%8d%d0%bb%d0%b5%d0%ba%d1%82%d1%80%d0%be-%d0%bf%d1%80%d0%b8%d1%81%d0%bf%d0%be%d1%81%d0%be%d0%b1%d0%bb%d0%b5%d0%bd%d0%b8%d1%8f\/%d0%b0%d0%ba%d0%ba%d1%83%d0%bc%d1%83%d0%bb%d1%8f%d1%82%d0%be%d1%80%d1%8b\/litime-akud-ru\/litime-12v-100ah-lifepo4-battery\/\" \/>\n<meta property=\"og:site_name\" content=\"Boat Service Estonia\" \/>\n<meta property=\"article:publisher\" content=\"https:\/\/www.facebook.com\/boatserviceestonia\" \/>\n<meta property=\"og:image\" content=\"https:\/\/boat-service.ee\/wp-content\/uploads\/2025\/02\/LITIME12V100AH_aku.jpg\" \/>\n\t<meta property=\"og:image:width\" content=\"842\" \/>\n\t<meta property=\"og:image:height\" content=\"842\" \/>\n\t<meta property=\"og:image:type\" content=\"image\/jpeg\" \/>\n<meta name=\"twitter:card\" content=\"summary_large_image\" \/>\n<script type=\"application\/ld+json\" class=\"yoast-schema-graph\">{\"@context\":\"https:\/\/schema.org\",\"@graph\":[{\"@type\":\"WebPage\",\"@id\":\"https:\/\/boat-service.ee\/ru\/pood\/%d0%b0%d0%ba%d1%81%d0%b5%d1%81%d1%81%d1%83%d0%b0%d1%80%d1%8b\/%d1%8d%d0%bb%d0%b5%d0%ba%d1%82%d1%80%d0%be-%d0%bf%d1%80%d0%b8%d1%81%d0%bf%d0%be%d1%81%d0%be%d0%b1%d0%bb%d0%b5%d0%bd%d0%b8%d1%8f\/%d0%b0%d0%ba%d0%ba%d1%83%d0%bc%d1%83%d0%bb%d1%8f%d1%82%d0%be%d1%80%d1%8b\/litime-akud-ru\/litime-12v-100ah-lifepo4-battery\/\",\"url\":\"https:\/\/boat-service.ee\/ru\/pood\/%d0%b0%d0%ba%d1%81%d0%b5%d1%81%d1%81%d1%83%d0%b0%d1%80%d1%8b\/%d1%8d%d0%bb%d0%b5%d0%ba%d1%82%d1%80%d0%be-%d0%bf%d1%80%d0%b8%d1%81%d0%bf%d0%be%d1%81%d0%be%d0%b1%d0%bb%d0%b5%d0%bd%d0%b8%d1%8f\/%d0%b0%d0%ba%d0%ba%d1%83%d0%bc%d1%83%d0%bb%d1%8f%d1%82%d0%be%d1%80%d1%8b\/litime-akud-ru\/litime-12v-100ah-lifepo4-battery\/\",\"name\":\"LiTime 12V 100Ah LiFePO4 Battery - Boat Service Estonia\",\"isPartOf\":{\"@id\":\"https:\/\/boat-service.ee\/ru\/#website\"},\"primaryImageOfPage\":{\"@id\":\"https:\/\/boat-service.ee\/ru\/pood\/%d0%b0%d0%ba%d1%81%d0%b5%d1%81%d1%81%d1%83%d0%b0%d1%80%d1%8b\/%d1%8d%d0%bb%d0%b5%d0%ba%d1%82%d1%80%d0%be-%d0%bf%d1%80%d0%b8%d1%81%d0%bf%d0%be%d1%81%d0%be%d0%b1%d0%bb%d0%b5%d0%bd%d0%b8%d1%8f\/%d0%b0%d0%ba%d0%ba%d1%83%d0%bc%d1%83%d0%bb%d1%8f%d1%82%d0%be%d1%80%d1%8b\/litime-akud-ru\/litime-12v-100ah-lifepo4-battery\/#primaryimage\"},\"image\":{\"@id\":\"https:\/\/boat-service.ee\/ru\/pood\/%d0%b0%d0%ba%d1%81%d0%b5%d1%81%d1%81%d1%83%d0%b0%d1%80%d1%8b\/%d1%8d%d0%bb%d0%b5%d0%ba%d1%82%d1%80%d0%be-%d0%bf%d1%80%d0%b8%d1%81%d0%bf%d0%be%d1%81%d0%be%d0%b1%d0%bb%d0%b5%d0%bd%d0%b8%d1%8f\/%d0%b0%d0%ba%d0%ba%d1%83%d0%bc%d1%83%d0%bb%d1%8f%d1%82%d0%be%d1%80%d1%8b\/litime-akud-ru\/litime-12v-100ah-lifepo4-battery\/#primaryimage\"},\"thumbnailUrl\":\"https:\/\/boat-service.ee\/wp-content\/uploads\/2025\/02\/LITIME12V100AH_aku.jpg\",\"datePublished\":\"2025-02-17T10:17:17+00:00\",\"breadcrumb\":{\"@id\":\"https:\/\/boat-service.ee\/ru\/pood\/%d0%b0%d0%ba%d1%81%d0%b5%d1%81%d1%81%d1%83%d0%b0%d1%80%d1%8b\/%d1%8d%d0%bb%d0%b5%d0%ba%d1%82%d1%80%d0%be-%d0%bf%d1%80%d0%b8%d1%81%d0%bf%d0%be%d1%81%d0%be%d0%b1%d0%bb%d0%b5%d0%bd%d0%b8%d1%8f\/%d0%b0%d0%ba%d0%ba%d1%83%d0%bc%d1%83%d0%bb%d1%8f%d1%82%d0%be%d1%80%d1%8b\/litime-akud-ru\/litime-12v-100ah-lifepo4-battery\/#breadcrumb\"},\"inLanguage\":\"ru-RU\",\"potentialAction\":[{\"@type\":\"ReadAction\",\"target\":[\"https:\/\/boat-service.ee\/ru\/pood\/%d0%b0%d0%ba%d1%81%d0%b5%d1%81%d1%81%d1%83%d0%b0%d1%80%d1%8b\/%d1%8d%d0%bb%d0%b5%d0%ba%d1%82%d1%80%d0%be-%d0%bf%d1%80%d0%b8%d1%81%d0%bf%d0%be%d1%81%d0%be%d0%b1%d0%bb%d0%b5%d0%bd%d0%b8%d1%8f\/%d0%b0%d0%ba%d0%ba%d1%83%d0%bc%d1%83%d0%bb%d1%8f%d1%82%d0%be%d1%80%d1%8b\/litime-akud-ru\/litime-12v-100ah-lifepo4-battery\/\"]}]},{\"@type\":\"ImageObject\",\"inLanguage\":\"ru-RU\",\"@id\":\"https:\/\/boat-service.ee\/ru\/pood\/%d0%b0%d0%ba%d1%81%d0%b5%d1%81%d1%81%d1%83%d0%b0%d1%80%d1%8b\/%d1%8d%d0%bb%d0%b5%d0%ba%d1%82%d1%80%d0%be-%d0%bf%d1%80%d0%b8%d1%81%d0%bf%d0%be%d1%81%d0%be%d0%b1%d0%bb%d0%b5%d0%bd%d0%b8%d1%8f\/%d0%b0%d0%ba%d0%ba%d1%83%d0%bc%d1%83%d0%bb%d1%8f%d1%82%d0%be%d1%80%d1%8b\/litime-akud-ru\/litime-12v-100ah-lifepo4-battery\/#primaryimage\",\"url\":\"https:\/\/boat-service.ee\/wp-content\/uploads\/2025\/02\/LITIME12V100AH_aku.jpg\",\"contentUrl\":\"https:\/\/boat-service.ee\/wp-content\/uploads\/2025\/02\/LITIME12V100AH_aku.jpg\",\"width\":842,\"height\":842,\"caption\":\"LiTime 12V 100Ah LiFePO4 lithium battery\"},{\"@type\":\"BreadcrumbList\",\"@id\":\"https:\/\/boat-service.ee\/ru\/pood\/%d0%b0%d0%ba%d1%81%d0%b5%d1%81%d1%81%d1%83%d0%b0%d1%80%d1%8b\/%d1%8d%d0%bb%d0%b5%d0%ba%d1%82%d1%80%d0%be-%d0%bf%d1%80%d0%b8%d1%81%d0%bf%d0%be%d1%81%d0%be%d0%b1%d0%bb%d0%b5%d0%bd%d0%b8%d1%8f\/%d0%b0%d0%ba%d0%ba%d1%83%d0%bc%d1%83%d0%bb%d1%8f%d1%82%d0%be%d1%80%d1%8b\/litime-akud-ru\/litime-12v-100ah-lifepo4-battery\/#breadcrumb\",\"itemListElement\":[{\"@type\":\"ListItem\",\"position\":1,\"name\":\"Home\",\"item\":\"https:\/\/boat-service.ee\/ru\/\"},{\"@type\":\"ListItem\",\"position\":2,\"name\":\"\u041c\u0430\u0433\u0430\u0437\u0438\u043d\",\"item\":\"https:\/\/boat-service.ee\/ru\/%d0%bc%d0%b0%d0%b3%d0%b0%d0%b7%d0%b8%d0%bd\/\"},{\"@type\":\"ListItem\",\"position\":3,\"name\":\"LiTime 12V 100Ah LiFePO4 Battery\"}]},{\"@type\":\"WebSite\",\"@id\":\"https:\/\/boat-service.ee\/ru\/#website\",\"url\":\"https:\/\/boat-service.ee\/ru\/\",\"name\":\"Boat Service Estonia\",\"description\":\"Boat Service Estonia - Mootorpaadid, treilerid, mootorid\",\"publisher\":{\"@id\":\"https:\/\/boat-service.ee\/ru\/#organization\"},\"potentialAction\":[{\"@type\":\"SearchAction\",\"target\":{\"@type\":\"EntryPoint\",\"urlTemplate\":\"https:\/\/boat-service.ee\/ru\/?s={search_term_string}\"},\"query-input\":{\"@type\":\"PropertyValueSpecification\",\"valueRequired\":true,\"valueName\":\"search_term_string\"}}],\"inLanguage\":\"ru-RU\"},{\"@type\":\"Organization\",\"@id\":\"https:\/\/boat-service.ee\/ru\/#organization\",\"name\":\"KALASTUSPOOD O\u00dc\",\"url\":\"https:\/\/boat-service.ee\/ru\/\",\"logo\":{\"@type\":\"ImageObject\",\"inLanguage\":\"ru-RU\",\"@id\":\"https:\/\/boat-service.ee\/ru\/#\/schema\/logo\/image\/\",\"url\":\"https:\/\/boat-service.ee\/wp-content\/uploads\/2023\/05\/impLogo.png\",\"contentUrl\":\"https:\/\/boat-service.ee\/wp-content\/uploads\/2023\/05\/impLogo.png\",\"width\":270,\"height\":107,\"caption\":\"KALASTUSPOOD O\u00dc\"},\"image\":{\"@id\":\"https:\/\/boat-service.ee\/ru\/#\/schema\/logo\/image\/\"},\"sameAs\":[\"https:\/\/www.facebook.com\/boatserviceestonia\",\"https:\/\/www.instagram.com\/kalastus_ja_paadipood\/\"]}]}<\/script>\n<!-- \/ Yoast SEO plugin. -->","yoast_head_json":{"title":"LiTime 12V 100Ah LiFePO4 Battery - Boat Service Estonia","robots":{"index":"index","follow":"follow","max-snippet":"max-snippet:-1","max-image-preview":"max-image-preview:large","max-video-preview":"max-video-preview:-1"},"canonical":"https:\/\/boat-service.ee\/ru\/pood\/%d0%b0%d0%ba%d1%81%d0%b5%d1%81%d1%81%d1%83%d0%b0%d1%80%d1%8b\/%d1%8d%d0%bb%d0%b5%d0%ba%d1%82%d1%80%d0%be-%d0%bf%d1%80%d0%b8%d1%81%d0%bf%d0%be%d1%81%d0%be%d0%b1%d0%bb%d0%b5%d0%bd%d0%b8%d1%8f\/%d0%b0%d0%ba%d0%ba%d1%83%d0%bc%d1%83%d0%bb%d1%8f%d1%82%d0%be%d1%80%d1%8b\/litime-akud-ru\/litime-12v-100ah-lifepo4-battery\/","og_locale":"ru_RU","og_type":"article","og_title":"LiTime 12V 100Ah LiFePO4 Battery - Boat Service Estonia","og_description":"LiTime 12V 100Ah LiFePO4 Battery Battery Type LiFePO4 Prismatisch Nominal Voltage 12.8V Nominal Capacity 100Ah Energy Storage 1280Wh Cycle Life 4000 cycles at 100% DoD, up to 15,000 cycles at 60% DoD Weight 11 kg Size (L \u00d7 W \u00d7 H) 329 \u00d7 172 \u00d7 214 mm BMS 100A Max Continuous Discharge Current 100A Max [...]","og_url":"https:\/\/boat-service.ee\/ru\/pood\/%d0%b0%d0%ba%d1%81%d0%b5%d1%81%d1%81%d1%83%d0%b0%d1%80%d1%8b\/%d1%8d%d0%bb%d0%b5%d0%ba%d1%82%d1%80%d0%be-%d0%bf%d1%80%d0%b8%d1%81%d0%bf%d0%be%d1%81%d0%be%d0%b1%d0%bb%d0%b5%d0%bd%d0%b8%d1%8f\/%d0%b0%d0%ba%d0%ba%d1%83%d0%bc%d1%83%d0%bb%d1%8f%d1%82%d0%be%d1%80%d1%8b\/litime-akud-ru\/litime-12v-100ah-lifepo4-battery\/","og_site_name":"Boat Service Estonia","article_publisher":"https:\/\/www.facebook.com\/boatserviceestonia","og_image":[{"width":842,"height":842,"url":"https:\/\/boat-service.ee\/wp-content\/uploads\/2025\/02\/LITIME12V100AH_aku.jpg","type":"image\/jpeg"}],"twitter_card":"summary_large_image","schema":{"@context":"https:\/\/schema.org","@graph":[{"@type":"WebPage","@id":"https:\/\/boat-service.ee\/ru\/pood\/%d0%b0%d0%ba%d1%81%d0%b5%d1%81%d1%81%d1%83%d0%b0%d1%80%d1%8b\/%d1%8d%d0%bb%d0%b5%d0%ba%d1%82%d1%80%d0%be-%d0%bf%d1%80%d0%b8%d1%81%d0%bf%d0%be%d1%81%d0%be%d0%b1%d0%bb%d0%b5%d0%bd%d0%b8%d1%8f\/%d0%b0%d0%ba%d0%ba%d1%83%d0%bc%d1%83%d0%bb%d1%8f%d1%82%d0%be%d1%80%d1%8b\/litime-akud-ru\/litime-12v-100ah-lifepo4-battery\/","url":"https:\/\/boat-service.ee\/ru\/pood\/%d0%b0%d0%ba%d1%81%d0%b5%d1%81%d1%81%d1%83%d0%b0%d1%80%d1%8b\/%d1%8d%d0%bb%d0%b5%d0%ba%d1%82%d1%80%d0%be-%d0%bf%d1%80%d0%b8%d1%81%d0%bf%d0%be%d1%81%d0%be%d0%b1%d0%bb%d0%b5%d0%bd%d0%b8%d1%8f\/%d0%b0%d0%ba%d0%ba%d1%83%d0%bc%d1%83%d0%bb%d1%8f%d1%82%d0%be%d1%80%d1%8b\/litime-akud-ru\/litime-12v-100ah-lifepo4-battery\/","name":"LiTime 12V 100Ah LiFePO4 Battery - Boat Service Estonia","isPartOf":{"@id":"https:\/\/boat-service.ee\/ru\/#website"},"primaryImageOfPage":{"@id":"https:\/\/boat-service.ee\/ru\/pood\/%d0%b0%d0%ba%d1%81%d0%b5%d1%81%d1%81%d1%83%d0%b0%d1%80%d1%8b\/%d1%8d%d0%bb%d0%b5%d0%ba%d1%82%d1%80%d0%be-%d0%bf%d1%80%d0%b8%d1%81%d0%bf%d0%be%d1%81%d0%be%d0%b1%d0%bb%d0%b5%d0%bd%d0%b8%d1%8f\/%d0%b0%d0%ba%d0%ba%d1%83%d0%bc%d1%83%d0%bb%d1%8f%d1%82%d0%be%d1%80%d1%8b\/litime-akud-ru\/litime-12v-100ah-lifepo4-battery\/#primaryimage"},"image":{"@id":"https:\/\/boat-service.ee\/ru\/pood\/%d0%b0%d0%ba%d1%81%d0%b5%d1%81%d1%81%d1%83%d0%b0%d1%80%d1%8b\/%d1%8d%d0%bb%d0%b5%d0%ba%d1%82%d1%80%d0%be-%d0%bf%d1%80%d0%b8%d1%81%d0%bf%d0%be%d1%81%d0%be%d0%b1%d0%bb%d0%b5%d0%bd%d0%b8%d1%8f\/%d0%b0%d0%ba%d0%ba%d1%83%d0%bc%d1%83%d0%bb%d1%8f%d1%82%d0%be%d1%80%d1%8b\/litime-akud-ru\/litime-12v-100ah-lifepo4-battery\/#primaryimage"},"thumbnailUrl":"https:\/\/boat-service.ee\/wp-content\/uploads\/2025\/02\/LITIME12V100AH_aku.jpg","datePublished":"2025-02-17T10:17:17+00:00","breadcrumb":{"@id":"https:\/\/boat-service.ee\/ru\/pood\/%d0%b0%d0%ba%d1%81%d0%b5%d1%81%d1%81%d1%83%d0%b0%d1%80%d1%8b\/%d1%8d%d0%bb%d0%b5%d0%ba%d1%82%d1%80%d0%be-%d0%bf%d1%80%d0%b8%d1%81%d0%bf%d0%be%d1%81%d0%be%d0%b1%d0%bb%d0%b5%d0%bd%d0%b8%d1%8f\/%d0%b0%d0%ba%d0%ba%d1%83%d0%bc%d1%83%d0%bb%d1%8f%d1%82%d0%be%d1%80%d1%8b\/litime-akud-ru\/litime-12v-100ah-lifepo4-battery\/#breadcrumb"},"inLanguage":"ru-RU","potentialAction":[{"@type":"ReadAction","target":["https:\/\/boat-service.ee\/ru\/pood\/%d0%b0%d0%ba%d1%81%d0%b5%d1%81%d1%81%d1%83%d0%b0%d1%80%d1%8b\/%d1%8d%d0%bb%d0%b5%d0%ba%d1%82%d1%80%d0%be-%d0%bf%d1%80%d0%b8%d1%81%d0%bf%d0%be%d1%81%d0%be%d0%b1%d0%bb%d0%b5%d0%bd%d0%b8%d1%8f\/%d0%b0%d0%ba%d0%ba%d1%83%d0%bc%d1%83%d0%bb%d1%8f%d1%82%d0%be%d1%80%d1%8b\/litime-akud-ru\/litime-12v-100ah-lifepo4-battery\/"]}]},{"@type":"ImageObject","inLanguage":"ru-RU","@id":"https:\/\/boat-service.ee\/ru\/pood\/%d0%b0%d0%ba%d1%81%d0%b5%d1%81%d1%81%d1%83%d0%b0%d1%80%d1%8b\/%d1%8d%d0%bb%d0%b5%d0%ba%d1%82%d1%80%d0%be-%d0%bf%d1%80%d0%b8%d1%81%d0%bf%d0%be%d1%81%d0%be%d0%b1%d0%bb%d0%b5%d0%bd%d0%b8%d1%8f\/%d0%b0%d0%ba%d0%ba%d1%83%d0%bc%d1%83%d0%bb%d1%8f%d1%82%d0%be%d1%80%d1%8b\/litime-akud-ru\/litime-12v-100ah-lifepo4-battery\/#primaryimage","url":"https:\/\/boat-service.ee\/wp-content\/uploads\/2025\/02\/LITIME12V100AH_aku.jpg","contentUrl":"https:\/\/boat-service.ee\/wp-content\/uploads\/2025\/02\/LITIME12V100AH_aku.jpg","width":842,"height":842,"caption":"LiTime 12V 100Ah LiFePO4 lithium battery"},{"@type":"BreadcrumbList","@id":"https:\/\/boat-service.ee\/ru\/pood\/%d0%b0%d0%ba%d1%81%d0%b5%d1%81%d1%81%d1%83%d0%b0%d1%80%d1%8b\/%d1%8d%d0%bb%d0%b5%d0%ba%d1%82%d1%80%d0%be-%d0%bf%d1%80%d0%b8%d1%81%d0%bf%d0%be%d1%81%d0%be%d0%b1%d0%bb%d0%b5%d0%bd%d0%b8%d1%8f\/%d0%b0%d0%ba%d0%ba%d1%83%d0%bc%d1%83%d0%bb%d1%8f%d1%82%d0%be%d1%80%d1%8b\/litime-akud-ru\/litime-12v-100ah-lifepo4-battery\/#breadcrumb","itemListElement":[{"@type":"ListItem","position":1,"name":"Home","item":"https:\/\/boat-service.ee\/ru\/"},{"@type":"ListItem","position":2,"name":"\u041c\u0430\u0433\u0430\u0437\u0438\u043d","item":"https:\/\/boat-service.ee\/ru\/%d0%bc%d0%b0%d0%b3%d0%b0%d0%b7%d0%b8%d0%bd\/"},{"@type":"ListItem","position":3,"name":"LiTime 12V 100Ah LiFePO4 Battery"}]},{"@type":"WebSite","@id":"https:\/\/boat-service.ee\/ru\/#website","url":"https:\/\/boat-service.ee\/ru\/","name":"Boat Service Estonia","description":"Boat Service Estonia - Mootorpaadid, treilerid, mootorid","publisher":{"@id":"https:\/\/boat-service.ee\/ru\/#organization"},"potentialAction":[{"@type":"SearchAction","target":{"@type":"EntryPoint","urlTemplate":"https:\/\/boat-service.ee\/ru\/?s={search_term_string}"},"query-input":{"@type":"PropertyValueSpecification","valueRequired":true,"valueName":"search_term_string"}}],"inLanguage":"ru-RU"},{"@type":"Organization","@id":"https:\/\/boat-service.ee\/ru\/#organization","name":"KALASTUSPOOD O\u00dc","url":"https:\/\/boat-service.ee\/ru\/","logo":{"@type":"ImageObject","inLanguage":"ru-RU","@id":"https:\/\/boat-service.ee\/ru\/#\/schema\/logo\/image\/","url":"https:\/\/boat-service.ee\/wp-content\/uploads\/2023\/05\/impLogo.png","contentUrl":"https:\/\/boat-service.ee\/wp-content\/uploads\/2023\/05\/impLogo.png","width":270,"height":107,"caption":"KALASTUSPOOD O\u00dc"},"image":{"@id":"https:\/\/boat-service.ee\/ru\/#\/schema\/logo\/image\/"},"sameAs":["https:\/\/www.facebook.com\/boatserviceestonia","https:\/\/www.instagram.com\/kalastus_ja_paadipood\/"]}]}},"_links":{"self":[{"href":"https:\/\/boat-service.ee\/ru\/wp-json\/wp\/v2\/product\/97697","targetHints":{"allow":["GET"]}}],"collection":[{"href":"https:\/\/boat-service.ee\/ru\/wp-json\/wp\/v2\/product"}],"about":[{"href":"https:\/\/boat-service.ee\/ru\/wp-json\/wp\/v2\/types\/product"}],"wp:featuredmedia":[{"embeddable":true,"href":"https:\/\/boat-service.ee\/ru\/wp-json\/wp\/v2\/media\/97671"}],"wp:attachment":[{"href":"https:\/\/boat-service.ee\/ru\/wp-json\/wp\/v2\/media?parent=97697"}],"wp:term":[{"taxonomy":"product_brand","embeddable":true,"href":"https:\/\/boat-service.ee\/ru\/wp-json\/wp\/v2\/product_brand?post=97697"},{"taxonomy":"product_cat","embeddable":true,"href":"https:\/\/boat-service.ee\/ru\/wp-json\/wp\/v2\/product_cat?post=97697"},{"taxonomy":"product_tag","embeddable":true,"href":"https:\/\/boat-service.ee\/ru\/wp-json\/wp\/v2\/product_tag?post=97697"}],"curies":[{"name":"wp","href":"https:\/\/api.w.org\/{rel}","templated":true}]}}