{"id":92123,"date":"2023-09-08T10:25:01","date_gmt":"2023-09-08T08:25:01","guid":{"rendered":"https:\/\/boat-service.ee\/pood\/uncategorized\/finval-555-sportangler-dc\/"},"modified":"2024-11-04T12:34:22","modified_gmt":"2024-11-04T10:34:22","slug":"finval-555-sportangler-dc","status":"publish","type":"product","link":"https:\/\/boat-service.ee\/ru\/pood\/%d0%bb%d0%be%d0%b4%d0%ba%d0%b8-ru\/finval-ru\/sport-angler-ru-2\/finval-555-sportangler-dc\/","title":{"rendered":"FINVAL 555 SportAngler DC"},"content":{"rendered":"<p><strong>Standardvarustus<\/strong><\/p>\n<p>\u00dcleni keevitatud AlMg4,5Mn (5083) merealumiiniumist. Materjali paksus: 3-4mm<br \/>\nRaptor\u00ae kulumiskindel ja libisemisvastane pardaviimistlus<br \/>\nV\u00e4lisk\u00fcljed on kleebitud h\u00fcdrofoobse materjaliga (erinevad v\u00e4rvivalikud)<br \/>\nKaks konsooli, mille all on riiulid ning mille keskel l\u00e4bipaistev jalgv\u00e4rava uks<br \/>\nV\u00f6\u00f6ritekk ja kokpit kaetud merevin\u00fc\u00fclikangaga<br \/>\nSeinad ja ahtri tekk kaetud mereklassi vaibaga<br \/>\nSisseehitatud k\u00fctuses\u00fcsteem 125L alumiiniumpaagiga<br \/>\nridvaboks 10-e 2.5-2,7m ridva jaoks.<br \/>\n110L eluskalamahuti<br \/>\n2 BASS paadiistet<br \/>\nKaks paigalduskohta Bike istme jaoks v\u00f6\u00f6ri ja ahtritekil<br \/>\n2x 12V voolupesa kapteni- ja reisijakonsoolis<br \/>\nKuivad panipaigad \u00e4ravoolus\u00fcsteemiga<br \/>\n6 sildumisknaabi<br \/>\nKonsooli kindalaekas ja v\u00f6\u00f6ritekil LED-valgustus<br \/>\nUltraflex T73 NRFC mehaaniline roolis\u00fcsteem, rool, juhtimiskaabel<br \/>\nAutomaatne piulsipump<\/p>\n","protected":false},"excerpt":{"rendered":"<p><strong>TEHNILISED ANDMED<\/strong><\/p>\n<table>\n<tbody>\n<tr>\n<td>Pikkus, m<\/td>\n<td>5,55<\/td>\n<\/tr>\n<tr>\n<td>Laius, m<\/td>\n<td>2,28<\/td>\n<\/tr>\n<tr>\n<td>Ahtripeegli k\u00f5rgus, mm<\/td>\n<td>635<\/td>\n<\/tr>\n<tr>\n<td>S\u00fcvis, mm<\/td>\n<td>390<\/td>\n<\/tr>\n<tr>\n<td>Ahtripeegli nurk, kg<\/td>\n<td>19\u00b0<\/td>\n<\/tr>\n<tr>\n<td>T\u00fchikaal, kg<\/td>\n<td>760<\/td>\n<\/tr>\n<tr>\n<td>Maksimaalne kandev\u00f5ime, kg<\/td>\n<td>1000<\/td>\n<\/tr>\n<tr>\n<td>Mootor, hj<\/td>\n<td>150-200<\/td>\n<\/tr>\n<tr>\n<td>Kere materjal<\/td>\n<td>AlMg 4,5 Mn (5083)<\/td>\n<\/tr>\n<tr>\n<td>Kere paksus(p\u00f5hi\/ahtripeegel\/k\u00fclg), mm<\/td>\n<td>4\/4\/3<\/td>\n<\/tr>\n<tr>\n<td>Maksimaalne inimeste arv<\/td>\n<td>3<\/td>\n<\/tr>\n<tr>\n<td>K\u00fctusepaak, l<\/td>\n<td>125<\/td>\n<\/tr>\n<tr>\n<td>Eluskalamahuti, l<\/td>\n<td>86\/110<\/td>\n<\/tr>\n<tr>\n<td>Panipaigad ritvadele (kogus\/pikkus)<\/td>\n<td>10 \/ 2.7 m<\/td>\n<\/tr>\n<tr>\n<td>Konsool<\/td>\n<td>DC<\/td>\n<\/tr>\n<\/tbody>\n<\/table>\n<p><iframe loading=\"lazy\" title=\"YouTube video player\" src=\"https:\/\/www.youtube.com\/embed\/oRsjqTazjxM?si=8Z9AJsQTq3YqDRD9\" width=\"560\" height=\"315\" frameborder=\"0\" allowfullscreen=\"allowfullscreen\"><\/iframe><\/p>\n","protected":false},"featured_media":75592,"template":"","meta":[],"product_brand":[],"product_cat":[115,167,836],"product_tag":[],"class_list":{"0":"post-92123","1":"product","2":"type-product","3":"status-publish","4":"has-post-thumbnail","6":"product_cat--ru","7":"product_cat-finval-ru","8":"product_cat-sport-angler-ru-2","9":"product_shipping_class-alumiinium-ja-plastikpaadid-normaal-ru","10":"tm-has-options","12":"first","13":"instock","14":"taxable","15":"shipping-taxable","16":"purchasable","17":"product-type-simple"},"yoast_head":"<!-- This site is optimized with the Yoast SEO plugin v27.2 - https:\/\/yoast.com\/product\/yoast-seo-wordpress\/ -->\n<title>FINVAL 555 SportAngler DC - Boat Service Estonia<\/title>\n<meta name=\"description\" content=\"Pakume t\u00e4islahendust koos paadimootori, paadihaagise ja muu vajaliku mereelektroonikaga. K\u00fcsi pakkumist Finval paatide ametlikult maaletoojalt.\" \/>\n<meta name=\"robots\" content=\"index, follow, max-snippet:-1, max-image-preview:large, max-video-preview:-1\" \/>\n<link rel=\"canonical\" href=\"https:\/\/boat-service.ee\/ru\/pood\/%d0%bb%d0%be%d0%b4%d0%ba%d0%b8-ru\/finval-ru\/sport-angler-ru-2\/finval-555-sportangler-dc\/\" \/>\n<meta property=\"og:locale\" content=\"ru_RU\" \/>\n<meta property=\"og:type\" content=\"article\" \/>\n<meta property=\"og:title\" content=\"FINVAL 555 SportAngler DC - Boat Service Estonia\" \/>\n<meta property=\"og:description\" content=\"Pakume t\u00e4islahendust koos paadimootori, paadihaagise ja muu vajaliku mereelektroonikaga. K\u00fcsi pakkumist Finval paatide ametlikult maaletoojalt.\" \/>\n<meta property=\"og:url\" content=\"https:\/\/boat-service.ee\/ru\/pood\/%d0%bb%d0%be%d0%b4%d0%ba%d0%b8-ru\/finval-ru\/sport-angler-ru-2\/finval-555-sportangler-dc\/\" \/>\n<meta property=\"og:site_name\" content=\"Boat Service Estonia\" \/>\n<meta property=\"article:publisher\" content=\"https:\/\/www.facebook.com\/boatserviceestonia\" \/>\n<meta property=\"article:modified_time\" content=\"2024-11-04T10:34:22+00:00\" \/>\n<meta property=\"og:image\" content=\"https:\/\/boat-service.ee\/wp-content\/uploads\/2023\/09\/FINVAL_SPORTANGLER_555_Main.jpg\" \/>\n\t<meta property=\"og:image:width\" content=\"799\" \/>\n\t<meta property=\"og:image:height\" content=\"799\" \/>\n\t<meta property=\"og:image:type\" content=\"image\/jpeg\" \/>\n<meta name=\"twitter:card\" content=\"summary_large_image\" \/>\n<meta name=\"twitter:label1\" content=\"\u041f\u0440\u0438\u043c\u0435\u0440\u043d\u043e\u0435 \u0432\u0440\u0435\u043c\u044f \u0434\u043b\u044f \u0447\u0442\u0435\u043d\u0438\u044f\" \/>\n\t<meta name=\"twitter:data1\" content=\"1 \u043c\u0438\u043d\u0443\u0442\u0430\" \/>\n<script type=\"application\/ld+json\" class=\"yoast-schema-graph\">{\"@context\":\"https:\/\/schema.org\",\"@graph\":[{\"@type\":\"WebPage\",\"@id\":\"https:\/\/boat-service.ee\/ru\/pood\/%d0%bb%d0%be%d0%b4%d0%ba%d0%b8-ru\/finval-ru\/sport-angler-ru-2\/finval-555-sportangler-dc\/\",\"url\":\"https:\/\/boat-service.ee\/ru\/pood\/%d0%bb%d0%be%d0%b4%d0%ba%d0%b8-ru\/finval-ru\/sport-angler-ru-2\/finval-555-sportangler-dc\/\",\"name\":\"FINVAL 555 SportAngler DC - Boat Service Estonia\",\"isPartOf\":{\"@id\":\"https:\/\/boat-service.ee\/ru\/#website\"},\"primaryImageOfPage\":{\"@id\":\"https:\/\/boat-service.ee\/ru\/pood\/%d0%bb%d0%be%d0%b4%d0%ba%d0%b8-ru\/finval-ru\/sport-angler-ru-2\/finval-555-sportangler-dc\/#primaryimage\"},\"image\":{\"@id\":\"https:\/\/boat-service.ee\/ru\/pood\/%d0%bb%d0%be%d0%b4%d0%ba%d0%b8-ru\/finval-ru\/sport-angler-ru-2\/finval-555-sportangler-dc\/#primaryimage\"},\"thumbnailUrl\":\"https:\/\/boat-service.ee\/wp-content\/uploads\/2023\/09\/FINVAL_SPORTANGLER_555_Main.jpg\",\"datePublished\":\"2023-09-08T08:25:01+00:00\",\"dateModified\":\"2024-11-04T10:34:22+00:00\",\"description\":\"Pakume t\u00e4islahendust koos paadimootori, paadihaagise ja muu vajaliku mereelektroonikaga. K\u00fcsi pakkumist Finval paatide ametlikult maaletoojalt.\",\"breadcrumb\":{\"@id\":\"https:\/\/boat-service.ee\/ru\/pood\/%d0%bb%d0%be%d0%b4%d0%ba%d0%b8-ru\/finval-ru\/sport-angler-ru-2\/finval-555-sportangler-dc\/#breadcrumb\"},\"inLanguage\":\"ru-RU\",\"potentialAction\":[{\"@type\":\"ReadAction\",\"target\":[\"https:\/\/boat-service.ee\/ru\/pood\/%d0%bb%d0%be%d0%b4%d0%ba%d0%b8-ru\/finval-ru\/sport-angler-ru-2\/finval-555-sportangler-dc\/\"]}]},{\"@type\":\"ImageObject\",\"inLanguage\":\"ru-RU\",\"@id\":\"https:\/\/boat-service.ee\/ru\/pood\/%d0%bb%d0%be%d0%b4%d0%ba%d0%b8-ru\/finval-ru\/sport-angler-ru-2\/finval-555-sportangler-dc\/#primaryimage\",\"url\":\"https:\/\/boat-service.ee\/wp-content\/uploads\/2023\/09\/FINVAL_SPORTANGLER_555_Main.jpg\",\"contentUrl\":\"https:\/\/boat-service.ee\/wp-content\/uploads\/2023\/09\/FINVAL_SPORTANGLER_555_Main.jpg\",\"width\":799,\"height\":799},{\"@type\":\"BreadcrumbList\",\"@id\":\"https:\/\/boat-service.ee\/ru\/pood\/%d0%bb%d0%be%d0%b4%d0%ba%d0%b8-ru\/finval-ru\/sport-angler-ru-2\/finval-555-sportangler-dc\/#breadcrumb\",\"itemListElement\":[{\"@type\":\"ListItem\",\"position\":1,\"name\":\"Home\",\"item\":\"https:\/\/boat-service.ee\/ru\/\"},{\"@type\":\"ListItem\",\"position\":2,\"name\":\"\u041c\u0430\u0433\u0430\u0437\u0438\u043d\",\"item\":\"https:\/\/boat-service.ee\/ru\/%d0%bc%d0%b0%d0%b3%d0%b0%d0%b7%d0%b8%d0%bd\/\"},{\"@type\":\"ListItem\",\"position\":3,\"name\":\"FINVAL 555 SportAngler DC\"}]},{\"@type\":\"WebSite\",\"@id\":\"https:\/\/boat-service.ee\/ru\/#website\",\"url\":\"https:\/\/boat-service.ee\/ru\/\",\"name\":\"Boat Service Estonia\",\"description\":\"Boat Service Estonia - Mootorpaadid, treilerid, mootorid\",\"publisher\":{\"@id\":\"https:\/\/boat-service.ee\/ru\/#organization\"},\"potentialAction\":[{\"@type\":\"SearchAction\",\"target\":{\"@type\":\"EntryPoint\",\"urlTemplate\":\"https:\/\/boat-service.ee\/ru\/?s={search_term_string}\"},\"query-input\":{\"@type\":\"PropertyValueSpecification\",\"valueRequired\":true,\"valueName\":\"search_term_string\"}}],\"inLanguage\":\"ru-RU\"},{\"@type\":\"Organization\",\"@id\":\"https:\/\/boat-service.ee\/ru\/#organization\",\"name\":\"KALASTUSPOOD O\u00dc\",\"url\":\"https:\/\/boat-service.ee\/ru\/\",\"logo\":{\"@type\":\"ImageObject\",\"inLanguage\":\"ru-RU\",\"@id\":\"https:\/\/boat-service.ee\/ru\/#\/schema\/logo\/image\/\",\"url\":\"https:\/\/boat-service.ee\/wp-content\/uploads\/2023\/05\/impLogo.png\",\"contentUrl\":\"https:\/\/boat-service.ee\/wp-content\/uploads\/2023\/05\/impLogo.png\",\"width\":270,\"height\":107,\"caption\":\"KALASTUSPOOD O\u00dc\"},\"image\":{\"@id\":\"https:\/\/boat-service.ee\/ru\/#\/schema\/logo\/image\/\"},\"sameAs\":[\"https:\/\/www.facebook.com\/boatserviceestonia\",\"https:\/\/www.instagram.com\/kalastus_ja_paadipood\/\"]}]}<\/script>\n<!-- \/ Yoast SEO plugin. -->","yoast_head_json":{"title":"FINVAL 555 SportAngler DC - Boat Service Estonia","description":"Pakume t\u00e4islahendust koos paadimootori, paadihaagise ja muu vajaliku mereelektroonikaga. K\u00fcsi pakkumist Finval paatide ametlikult maaletoojalt.","robots":{"index":"index","follow":"follow","max-snippet":"max-snippet:-1","max-image-preview":"max-image-preview:large","max-video-preview":"max-video-preview:-1"},"canonical":"https:\/\/boat-service.ee\/ru\/pood\/%d0%bb%d0%be%d0%b4%d0%ba%d0%b8-ru\/finval-ru\/sport-angler-ru-2\/finval-555-sportangler-dc\/","og_locale":"ru_RU","og_type":"article","og_title":"FINVAL 555 SportAngler DC - Boat Service Estonia","og_description":"Pakume t\u00e4islahendust koos paadimootori, paadihaagise ja muu vajaliku mereelektroonikaga. K\u00fcsi pakkumist Finval paatide ametlikult maaletoojalt.","og_url":"https:\/\/boat-service.ee\/ru\/pood\/%d0%bb%d0%be%d0%b4%d0%ba%d0%b8-ru\/finval-ru\/sport-angler-ru-2\/finval-555-sportangler-dc\/","og_site_name":"Boat Service Estonia","article_publisher":"https:\/\/www.facebook.com\/boatserviceestonia","article_modified_time":"2024-11-04T10:34:22+00:00","og_image":[{"width":799,"height":799,"url":"https:\/\/boat-service.ee\/wp-content\/uploads\/2023\/09\/FINVAL_SPORTANGLER_555_Main.jpg","type":"image\/jpeg"}],"twitter_card":"summary_large_image","twitter_misc":{"\u041f\u0440\u0438\u043c\u0435\u0440\u043d\u043e\u0435 \u0432\u0440\u0435\u043c\u044f \u0434\u043b\u044f \u0447\u0442\u0435\u043d\u0438\u044f":"1 \u043c\u0438\u043d\u0443\u0442\u0430"},"schema":{"@context":"https:\/\/schema.org","@graph":[{"@type":"WebPage","@id":"https:\/\/boat-service.ee\/ru\/pood\/%d0%bb%d0%be%d0%b4%d0%ba%d0%b8-ru\/finval-ru\/sport-angler-ru-2\/finval-555-sportangler-dc\/","url":"https:\/\/boat-service.ee\/ru\/pood\/%d0%bb%d0%be%d0%b4%d0%ba%d0%b8-ru\/finval-ru\/sport-angler-ru-2\/finval-555-sportangler-dc\/","name":"FINVAL 555 SportAngler DC - Boat Service Estonia","isPartOf":{"@id":"https:\/\/boat-service.ee\/ru\/#website"},"primaryImageOfPage":{"@id":"https:\/\/boat-service.ee\/ru\/pood\/%d0%bb%d0%be%d0%b4%d0%ba%d0%b8-ru\/finval-ru\/sport-angler-ru-2\/finval-555-sportangler-dc\/#primaryimage"},"image":{"@id":"https:\/\/boat-service.ee\/ru\/pood\/%d0%bb%d0%be%d0%b4%d0%ba%d0%b8-ru\/finval-ru\/sport-angler-ru-2\/finval-555-sportangler-dc\/#primaryimage"},"thumbnailUrl":"https:\/\/boat-service.ee\/wp-content\/uploads\/2023\/09\/FINVAL_SPORTANGLER_555_Main.jpg","datePublished":"2023-09-08T08:25:01+00:00","dateModified":"2024-11-04T10:34:22+00:00","description":"Pakume t\u00e4islahendust koos paadimootori, paadihaagise ja muu vajaliku mereelektroonikaga. K\u00fcsi pakkumist Finval paatide ametlikult maaletoojalt.","breadcrumb":{"@id":"https:\/\/boat-service.ee\/ru\/pood\/%d0%bb%d0%be%d0%b4%d0%ba%d0%b8-ru\/finval-ru\/sport-angler-ru-2\/finval-555-sportangler-dc\/#breadcrumb"},"inLanguage":"ru-RU","potentialAction":[{"@type":"ReadAction","target":["https:\/\/boat-service.ee\/ru\/pood\/%d0%bb%d0%be%d0%b4%d0%ba%d0%b8-ru\/finval-ru\/sport-angler-ru-2\/finval-555-sportangler-dc\/"]}]},{"@type":"ImageObject","inLanguage":"ru-RU","@id":"https:\/\/boat-service.ee\/ru\/pood\/%d0%bb%d0%be%d0%b4%d0%ba%d0%b8-ru\/finval-ru\/sport-angler-ru-2\/finval-555-sportangler-dc\/#primaryimage","url":"https:\/\/boat-service.ee\/wp-content\/uploads\/2023\/09\/FINVAL_SPORTANGLER_555_Main.jpg","contentUrl":"https:\/\/boat-service.ee\/wp-content\/uploads\/2023\/09\/FINVAL_SPORTANGLER_555_Main.jpg","width":799,"height":799},{"@type":"BreadcrumbList","@id":"https:\/\/boat-service.ee\/ru\/pood\/%d0%bb%d0%be%d0%b4%d0%ba%d0%b8-ru\/finval-ru\/sport-angler-ru-2\/finval-555-sportangler-dc\/#breadcrumb","itemListElement":[{"@type":"ListItem","position":1,"name":"Home","item":"https:\/\/boat-service.ee\/ru\/"},{"@type":"ListItem","position":2,"name":"\u041c\u0430\u0433\u0430\u0437\u0438\u043d","item":"https:\/\/boat-service.ee\/ru\/%d0%bc%d0%b0%d0%b3%d0%b0%d0%b7%d0%b8%d0%bd\/"},{"@type":"ListItem","position":3,"name":"FINVAL 555 SportAngler DC"}]},{"@type":"WebSite","@id":"https:\/\/boat-service.ee\/ru\/#website","url":"https:\/\/boat-service.ee\/ru\/","name":"Boat Service Estonia","description":"Boat Service Estonia - Mootorpaadid, treilerid, mootorid","publisher":{"@id":"https:\/\/boat-service.ee\/ru\/#organization"},"potentialAction":[{"@type":"SearchAction","target":{"@type":"EntryPoint","urlTemplate":"https:\/\/boat-service.ee\/ru\/?s={search_term_string}"},"query-input":{"@type":"PropertyValueSpecification","valueRequired":true,"valueName":"search_term_string"}}],"inLanguage":"ru-RU"},{"@type":"Organization","@id":"https:\/\/boat-service.ee\/ru\/#organization","name":"KALASTUSPOOD O\u00dc","url":"https:\/\/boat-service.ee\/ru\/","logo":{"@type":"ImageObject","inLanguage":"ru-RU","@id":"https:\/\/boat-service.ee\/ru\/#\/schema\/logo\/image\/","url":"https:\/\/boat-service.ee\/wp-content\/uploads\/2023\/05\/impLogo.png","contentUrl":"https:\/\/boat-service.ee\/wp-content\/uploads\/2023\/05\/impLogo.png","width":270,"height":107,"caption":"KALASTUSPOOD O\u00dc"},"image":{"@id":"https:\/\/boat-service.ee\/ru\/#\/schema\/logo\/image\/"},"sameAs":["https:\/\/www.facebook.com\/boatserviceestonia","https:\/\/www.instagram.com\/kalastus_ja_paadipood\/"]}]}},"_links":{"self":[{"href":"https:\/\/boat-service.ee\/ru\/wp-json\/wp\/v2\/product\/92123","targetHints":{"allow":["GET"]}}],"collection":[{"href":"https:\/\/boat-service.ee\/ru\/wp-json\/wp\/v2\/product"}],"about":[{"href":"https:\/\/boat-service.ee\/ru\/wp-json\/wp\/v2\/types\/product"}],"wp:featuredmedia":[{"embeddable":true,"href":"https:\/\/boat-service.ee\/ru\/wp-json\/wp\/v2\/media\/75592"}],"wp:attachment":[{"href":"https:\/\/boat-service.ee\/ru\/wp-json\/wp\/v2\/media?parent=92123"}],"wp:term":[{"taxonomy":"product_brand","embeddable":true,"href":"https:\/\/boat-service.ee\/ru\/wp-json\/wp\/v2\/product_brand?post=92123"},{"taxonomy":"product_cat","embeddable":true,"href":"https:\/\/boat-service.ee\/ru\/wp-json\/wp\/v2\/product_cat?post=92123"},{"taxonomy":"product_tag","embeddable":true,"href":"https:\/\/boat-service.ee\/ru\/wp-json\/wp\/v2\/product_tag?post=92123"}],"curies":[{"name":"wp","href":"https:\/\/api.w.org\/{rel}","templated":true}]}}