{"id":92122,"date":"2023-09-08T10:32:07","date_gmt":"2023-09-08T08:32:07","guid":{"rendered":"https:\/\/boat-service.ee\/pood\/uncategorized\/finval-685-sportangler-dc\/"},"modified":"2023-09-08T10:32:07","modified_gmt":"2023-09-08T08:32:07","slug":"finval-685-sportangler-dc","status":"publish","type":"product","link":"https:\/\/boat-service.ee\/ru\/pood\/%d0%bb%d0%be%d0%b4%d0%ba%d0%b8-ru\/finval-ru\/sport-angler-ru-2\/finval-685-sportangler-dc\/","title":{"rendered":"FINVAL 685 SportAngler DC"},"content":{"rendered":"<p><strong>STANDARDVARUSTUS<\/strong><\/p>\n<p>\u00dcleni keevitatud AlMg4,5Mn (5083) merealumiiniumist. Materjali paksus: 3-4mm<br \/>\nRaptor\u00ae kulumiskindel ja libisemisvastane pardaviimistlus, konsoolidel ja ahtripeeglil.<br \/>\n2 konsooli Taylor Made\u00ae l\u00e4bik\u00e4idav ohutus tuuleklaas ja keskel jalgv\u00e4rava uks<br \/>\nV\u00e4lisk\u00fcljed on kleebitudh\u00fcdrofoobse materjaliga (erinevad v\u00e4rvivalikud)<br \/>\nv\u00f6\u00f6ri- ja ahtritekk ja kokpiti plaadid kaetud merevin\u00fc\u00fclikangaga<br \/>\nKokpiti tekk kaetud mereklassi vaibaga<br \/>\nAhtripeegli platvormid on kaetud pehme SeaDek kattega<br \/>\nSisseehitatud k\u00fctuses\u00fcsteem 225l alumiiniumpaagiga<br \/>\n2 ridvaboksi v\u00f6\u00f6ritekil 8 ridva kuni 3m jaoks<br \/>\nSuur panipaik v\u00f6\u00f6ritekil 4 kuni 2.5m ridva jaoks ja isiklike asjade jaoks.<br \/>\n2 Rod Tamer\u2122 ridvahoidjat v\u00f6\u00f6ritekil<br \/>\n110L eluskalamahuti\u00a0 taimeri, hapnikurikastaja ja LED-valgustusega v\u00f6\u00f6ritekil<br \/>\n130L eluskalamahuti\u00a0 taimeri, hapnikurikastaja ja LED-valgustusega ahtritekil<br \/>\nEZ Pump\u2122 eluskalamahuti s\u00fcsteem<br \/>\n2 Bass istet edasi-tagasi reguleerimisv\u00f5imalusega<br \/>\nKalameheiste reguleeritava pjedestaaliga<br \/>\n2 paigutuskohta pjedestaaliga kalastusistme jaoks v\u00f6\u00f6ri ja ahtritekil<br \/>\nKahekordne USB 5V2A pesa kaptenikonsoolis<br \/>\nKahekordne USB 5V2A pesa reisijakonsoolis<br \/>\nKuivad panipaigad ventilatsiooni ja \u00e4ravoolus\u00fcsteemiga<br \/>\n6 sildumisknaabi<br \/>\nRool<br \/>\nAutomaatne pilsipump<\/p>\n<p>&nbsp;<\/p>\n<p>&nbsp;<\/p>\n<p>&nbsp;<\/p>\n<p>&nbsp;<\/p>\n<p>&nbsp;<\/p>\n","protected":false},"excerpt":{"rendered":"<p><strong>TEHNILISED ANDMED<\/strong><\/p>\n<table>\n<tbody>\n<tr>\n<td>Pikkus, m<\/td>\n<td>6.83<\/td>\n<\/tr>\n<tr>\n<td>Laius, m<\/td>\n<td>2,32<\/td>\n<\/tr>\n<tr>\n<td>Ahtripeegli k\u00f5rgus, mm<\/td>\n<td>635<\/td>\n<\/tr>\n<tr>\n<td>S\u00fcvis, mm<\/td>\n<td>400<\/td>\n<\/tr>\n<tr>\n<td>Ahtripeegli nurk, kg<\/td>\n<td>18\u00b0<\/td>\n<\/tr>\n<tr>\n<td>T\u00fchikaal, kg<\/td>\n<td>950<\/td>\n<\/tr>\n<tr>\n<td>Mootor, hj<\/td>\n<td>250-300<\/td>\n<\/tr>\n<tr>\n<td>Kere materjal<\/td>\n<td>AlMg 4,5 Mn (5083)<\/td>\n<\/tr>\n<tr>\n<td>Kere paksus(p\u00f5hi\/ahtripeegel\/k\u00fclg), mm<\/td>\n<td>4\/4\/3<\/td>\n<\/tr>\n<tr>\n<td>Maksimaalne kandev\u00f5ime, kg<\/td>\n<td>800<\/td>\n<\/tr>\n<tr>\n<td>Maksimaalne inimeste arv<\/td>\n<td>3<\/td>\n<\/tr>\n<tr>\n<td>K\u00fctusepaak, l<\/td>\n<td>225<\/td>\n<\/tr>\n<tr>\n<td>Eluskalamahuti, l<\/td>\n<td>110 ja 130<\/td>\n<\/tr>\n<tr>\n<td>Ridvakast (quantity \/length)<\/td>\n<td>8 \/ 2.8 m; 4 \/ 2.5 m<\/td>\n<\/tr>\n<tr>\n<td>Konsool<\/td>\n<td>DC<\/td>\n<\/tr>\n<\/tbody>\n<\/table>\n<p><iframe loading=\"lazy\" title=\"YouTube video player\" src=\"https:\/\/www.youtube.com\/embed\/cvUo8GV7IE0?si=s_UVqiDBtl2J9-P2\" width=\"560\" height=\"315\" frameborder=\"0\" allowfullscreen=\"allowfullscreen\"><\/iframe><\/p>\n","protected":false},"featured_media":75595,"template":"","meta":[],"product_brand":[],"product_cat":[115,167,836],"product_tag":[],"class_list":{"0":"post-92122","1":"product","2":"type-product","3":"status-publish","4":"has-post-thumbnail","6":"product_cat--ru","7":"product_cat-finval-ru","8":"product_cat-sport-angler-ru-2","9":"product_shipping_class-alumiinium-ja-plastikpaadid-normaal-ru","10":"tm-has-options","12":"first","13":"instock","14":"taxable","15":"shipping-taxable","16":"purchasable","17":"product-type-simple"},"yoast_head":"<!-- This site is optimized with the Yoast SEO plugin v27.2 - https:\/\/yoast.com\/product\/yoast-seo-wordpress\/ -->\n<title>FINVAL 685 SportAngler DC - Boat Service Estonia<\/title>\n<meta name=\"description\" content=\"Pakume t\u00e4islahendust koos paadimootori, paadihaagise ja muu vajaliku mereelektroonikaga. K\u00fcsi pakkumist Finval paatide ametlikult maaletoojalt.\" \/>\n<meta name=\"robots\" content=\"index, follow, max-snippet:-1, max-image-preview:large, max-video-preview:-1\" \/>\n<link rel=\"canonical\" href=\"https:\/\/boat-service.ee\/ru\/pood\/%d0%bb%d0%be%d0%b4%d0%ba%d0%b8-ru\/finval-ru\/sport-angler-ru-2\/finval-685-sportangler-dc\/\" \/>\n<meta property=\"og:locale\" content=\"ru_RU\" \/>\n<meta property=\"og:type\" content=\"article\" \/>\n<meta property=\"og:title\" content=\"FINVAL 685 SportAngler DC - Boat Service Estonia\" \/>\n<meta property=\"og:description\" content=\"Pakume t\u00e4islahendust koos paadimootori, paadihaagise ja muu vajaliku mereelektroonikaga. K\u00fcsi pakkumist Finval paatide ametlikult maaletoojalt.\" \/>\n<meta property=\"og:url\" content=\"https:\/\/boat-service.ee\/ru\/pood\/%d0%bb%d0%be%d0%b4%d0%ba%d0%b8-ru\/finval-ru\/sport-angler-ru-2\/finval-685-sportangler-dc\/\" \/>\n<meta property=\"og:site_name\" content=\"Boat Service Estonia\" \/>\n<meta property=\"article:publisher\" content=\"https:\/\/www.facebook.com\/boatserviceestonia\" \/>\n<meta property=\"og:image\" content=\"https:\/\/boat-service.ee\/wp-content\/uploads\/2023\/09\/FINVAL_SPORTANGLER_685_Main.jpg\" \/>\n\t<meta property=\"og:image:width\" content=\"900\" \/>\n\t<meta property=\"og:image:height\" content=\"900\" \/>\n\t<meta property=\"og:image:type\" content=\"image\/jpeg\" \/>\n<meta name=\"twitter:card\" content=\"summary_large_image\" \/>\n<meta name=\"twitter:label1\" content=\"\u041f\u0440\u0438\u043c\u0435\u0440\u043d\u043e\u0435 \u0432\u0440\u0435\u043c\u044f \u0434\u043b\u044f \u0447\u0442\u0435\u043d\u0438\u044f\" \/>\n\t<meta name=\"twitter:data1\" content=\"1 \u043c\u0438\u043d\u0443\u0442\u0430\" \/>\n<script type=\"application\/ld+json\" class=\"yoast-schema-graph\">{\"@context\":\"https:\/\/schema.org\",\"@graph\":[{\"@type\":\"WebPage\",\"@id\":\"https:\/\/boat-service.ee\/ru\/pood\/%d0%bb%d0%be%d0%b4%d0%ba%d0%b8-ru\/finval-ru\/sport-angler-ru-2\/finval-685-sportangler-dc\/\",\"url\":\"https:\/\/boat-service.ee\/ru\/pood\/%d0%bb%d0%be%d0%b4%d0%ba%d0%b8-ru\/finval-ru\/sport-angler-ru-2\/finval-685-sportangler-dc\/\",\"name\":\"FINVAL 685 SportAngler DC - Boat Service Estonia\",\"isPartOf\":{\"@id\":\"https:\/\/boat-service.ee\/ru\/#website\"},\"primaryImageOfPage\":{\"@id\":\"https:\/\/boat-service.ee\/ru\/pood\/%d0%bb%d0%be%d0%b4%d0%ba%d0%b8-ru\/finval-ru\/sport-angler-ru-2\/finval-685-sportangler-dc\/#primaryimage\"},\"image\":{\"@id\":\"https:\/\/boat-service.ee\/ru\/pood\/%d0%bb%d0%be%d0%b4%d0%ba%d0%b8-ru\/finval-ru\/sport-angler-ru-2\/finval-685-sportangler-dc\/#primaryimage\"},\"thumbnailUrl\":\"https:\/\/boat-service.ee\/wp-content\/uploads\/2023\/09\/FINVAL_SPORTANGLER_685_Main.jpg\",\"datePublished\":\"2023-09-08T08:32:07+00:00\",\"description\":\"Pakume t\u00e4islahendust koos paadimootori, paadihaagise ja muu vajaliku mereelektroonikaga. K\u00fcsi pakkumist Finval paatide ametlikult maaletoojalt.\",\"breadcrumb\":{\"@id\":\"https:\/\/boat-service.ee\/ru\/pood\/%d0%bb%d0%be%d0%b4%d0%ba%d0%b8-ru\/finval-ru\/sport-angler-ru-2\/finval-685-sportangler-dc\/#breadcrumb\"},\"inLanguage\":\"ru-RU\",\"potentialAction\":[{\"@type\":\"ReadAction\",\"target\":[\"https:\/\/boat-service.ee\/ru\/pood\/%d0%bb%d0%be%d0%b4%d0%ba%d0%b8-ru\/finval-ru\/sport-angler-ru-2\/finval-685-sportangler-dc\/\"]}]},{\"@type\":\"ImageObject\",\"inLanguage\":\"ru-RU\",\"@id\":\"https:\/\/boat-service.ee\/ru\/pood\/%d0%bb%d0%be%d0%b4%d0%ba%d0%b8-ru\/finval-ru\/sport-angler-ru-2\/finval-685-sportangler-dc\/#primaryimage\",\"url\":\"https:\/\/boat-service.ee\/wp-content\/uploads\/2023\/09\/FINVAL_SPORTANGLER_685_Main.jpg\",\"contentUrl\":\"https:\/\/boat-service.ee\/wp-content\/uploads\/2023\/09\/FINVAL_SPORTANGLER_685_Main.jpg\",\"width\":900,\"height\":900},{\"@type\":\"BreadcrumbList\",\"@id\":\"https:\/\/boat-service.ee\/ru\/pood\/%d0%bb%d0%be%d0%b4%d0%ba%d0%b8-ru\/finval-ru\/sport-angler-ru-2\/finval-685-sportangler-dc\/#breadcrumb\",\"itemListElement\":[{\"@type\":\"ListItem\",\"position\":1,\"name\":\"Home\",\"item\":\"https:\/\/boat-service.ee\/ru\/\"},{\"@type\":\"ListItem\",\"position\":2,\"name\":\"\u041c\u0430\u0433\u0430\u0437\u0438\u043d\",\"item\":\"https:\/\/boat-service.ee\/ru\/%d0%bc%d0%b0%d0%b3%d0%b0%d0%b7%d0%b8%d0%bd\/\"},{\"@type\":\"ListItem\",\"position\":3,\"name\":\"FINVAL 685 SportAngler DC\"}]},{\"@type\":\"WebSite\",\"@id\":\"https:\/\/boat-service.ee\/ru\/#website\",\"url\":\"https:\/\/boat-service.ee\/ru\/\",\"name\":\"Boat Service Estonia\",\"description\":\"Boat Service Estonia - Mootorpaadid, treilerid, mootorid\",\"publisher\":{\"@id\":\"https:\/\/boat-service.ee\/ru\/#organization\"},\"potentialAction\":[{\"@type\":\"SearchAction\",\"target\":{\"@type\":\"EntryPoint\",\"urlTemplate\":\"https:\/\/boat-service.ee\/ru\/?s={search_term_string}\"},\"query-input\":{\"@type\":\"PropertyValueSpecification\",\"valueRequired\":true,\"valueName\":\"search_term_string\"}}],\"inLanguage\":\"ru-RU\"},{\"@type\":\"Organization\",\"@id\":\"https:\/\/boat-service.ee\/ru\/#organization\",\"name\":\"KALASTUSPOOD O\u00dc\",\"url\":\"https:\/\/boat-service.ee\/ru\/\",\"logo\":{\"@type\":\"ImageObject\",\"inLanguage\":\"ru-RU\",\"@id\":\"https:\/\/boat-service.ee\/ru\/#\/schema\/logo\/image\/\",\"url\":\"https:\/\/boat-service.ee\/wp-content\/uploads\/2023\/05\/impLogo.png\",\"contentUrl\":\"https:\/\/boat-service.ee\/wp-content\/uploads\/2023\/05\/impLogo.png\",\"width\":270,\"height\":107,\"caption\":\"KALASTUSPOOD O\u00dc\"},\"image\":{\"@id\":\"https:\/\/boat-service.ee\/ru\/#\/schema\/logo\/image\/\"},\"sameAs\":[\"https:\/\/www.facebook.com\/boatserviceestonia\",\"https:\/\/www.instagram.com\/kalastus_ja_paadipood\/\"]}]}<\/script>\n<!-- \/ Yoast SEO plugin. -->","yoast_head_json":{"title":"FINVAL 685 SportAngler DC - Boat Service Estonia","description":"Pakume t\u00e4islahendust koos paadimootori, paadihaagise ja muu vajaliku mereelektroonikaga. K\u00fcsi pakkumist Finval paatide ametlikult maaletoojalt.","robots":{"index":"index","follow":"follow","max-snippet":"max-snippet:-1","max-image-preview":"max-image-preview:large","max-video-preview":"max-video-preview:-1"},"canonical":"https:\/\/boat-service.ee\/ru\/pood\/%d0%bb%d0%be%d0%b4%d0%ba%d0%b8-ru\/finval-ru\/sport-angler-ru-2\/finval-685-sportangler-dc\/","og_locale":"ru_RU","og_type":"article","og_title":"FINVAL 685 SportAngler DC - Boat Service Estonia","og_description":"Pakume t\u00e4islahendust koos paadimootori, paadihaagise ja muu vajaliku mereelektroonikaga. K\u00fcsi pakkumist Finval paatide ametlikult maaletoojalt.","og_url":"https:\/\/boat-service.ee\/ru\/pood\/%d0%bb%d0%be%d0%b4%d0%ba%d0%b8-ru\/finval-ru\/sport-angler-ru-2\/finval-685-sportangler-dc\/","og_site_name":"Boat Service Estonia","article_publisher":"https:\/\/www.facebook.com\/boatserviceestonia","og_image":[{"width":900,"height":900,"url":"https:\/\/boat-service.ee\/wp-content\/uploads\/2023\/09\/FINVAL_SPORTANGLER_685_Main.jpg","type":"image\/jpeg"}],"twitter_card":"summary_large_image","twitter_misc":{"\u041f\u0440\u0438\u043c\u0435\u0440\u043d\u043e\u0435 \u0432\u0440\u0435\u043c\u044f \u0434\u043b\u044f \u0447\u0442\u0435\u043d\u0438\u044f":"1 \u043c\u0438\u043d\u0443\u0442\u0430"},"schema":{"@context":"https:\/\/schema.org","@graph":[{"@type":"WebPage","@id":"https:\/\/boat-service.ee\/ru\/pood\/%d0%bb%d0%be%d0%b4%d0%ba%d0%b8-ru\/finval-ru\/sport-angler-ru-2\/finval-685-sportangler-dc\/","url":"https:\/\/boat-service.ee\/ru\/pood\/%d0%bb%d0%be%d0%b4%d0%ba%d0%b8-ru\/finval-ru\/sport-angler-ru-2\/finval-685-sportangler-dc\/","name":"FINVAL 685 SportAngler DC - Boat Service Estonia","isPartOf":{"@id":"https:\/\/boat-service.ee\/ru\/#website"},"primaryImageOfPage":{"@id":"https:\/\/boat-service.ee\/ru\/pood\/%d0%bb%d0%be%d0%b4%d0%ba%d0%b8-ru\/finval-ru\/sport-angler-ru-2\/finval-685-sportangler-dc\/#primaryimage"},"image":{"@id":"https:\/\/boat-service.ee\/ru\/pood\/%d0%bb%d0%be%d0%b4%d0%ba%d0%b8-ru\/finval-ru\/sport-angler-ru-2\/finval-685-sportangler-dc\/#primaryimage"},"thumbnailUrl":"https:\/\/boat-service.ee\/wp-content\/uploads\/2023\/09\/FINVAL_SPORTANGLER_685_Main.jpg","datePublished":"2023-09-08T08:32:07+00:00","description":"Pakume t\u00e4islahendust koos paadimootori, paadihaagise ja muu vajaliku mereelektroonikaga. K\u00fcsi pakkumist Finval paatide ametlikult maaletoojalt.","breadcrumb":{"@id":"https:\/\/boat-service.ee\/ru\/pood\/%d0%bb%d0%be%d0%b4%d0%ba%d0%b8-ru\/finval-ru\/sport-angler-ru-2\/finval-685-sportangler-dc\/#breadcrumb"},"inLanguage":"ru-RU","potentialAction":[{"@type":"ReadAction","target":["https:\/\/boat-service.ee\/ru\/pood\/%d0%bb%d0%be%d0%b4%d0%ba%d0%b8-ru\/finval-ru\/sport-angler-ru-2\/finval-685-sportangler-dc\/"]}]},{"@type":"ImageObject","inLanguage":"ru-RU","@id":"https:\/\/boat-service.ee\/ru\/pood\/%d0%bb%d0%be%d0%b4%d0%ba%d0%b8-ru\/finval-ru\/sport-angler-ru-2\/finval-685-sportangler-dc\/#primaryimage","url":"https:\/\/boat-service.ee\/wp-content\/uploads\/2023\/09\/FINVAL_SPORTANGLER_685_Main.jpg","contentUrl":"https:\/\/boat-service.ee\/wp-content\/uploads\/2023\/09\/FINVAL_SPORTANGLER_685_Main.jpg","width":900,"height":900},{"@type":"BreadcrumbList","@id":"https:\/\/boat-service.ee\/ru\/pood\/%d0%bb%d0%be%d0%b4%d0%ba%d0%b8-ru\/finval-ru\/sport-angler-ru-2\/finval-685-sportangler-dc\/#breadcrumb","itemListElement":[{"@type":"ListItem","position":1,"name":"Home","item":"https:\/\/boat-service.ee\/ru\/"},{"@type":"ListItem","position":2,"name":"\u041c\u0430\u0433\u0430\u0437\u0438\u043d","item":"https:\/\/boat-service.ee\/ru\/%d0%bc%d0%b0%d0%b3%d0%b0%d0%b7%d0%b8%d0%bd\/"},{"@type":"ListItem","position":3,"name":"FINVAL 685 SportAngler DC"}]},{"@type":"WebSite","@id":"https:\/\/boat-service.ee\/ru\/#website","url":"https:\/\/boat-service.ee\/ru\/","name":"Boat Service Estonia","description":"Boat Service Estonia - Mootorpaadid, treilerid, mootorid","publisher":{"@id":"https:\/\/boat-service.ee\/ru\/#organization"},"potentialAction":[{"@type":"SearchAction","target":{"@type":"EntryPoint","urlTemplate":"https:\/\/boat-service.ee\/ru\/?s={search_term_string}"},"query-input":{"@type":"PropertyValueSpecification","valueRequired":true,"valueName":"search_term_string"}}],"inLanguage":"ru-RU"},{"@type":"Organization","@id":"https:\/\/boat-service.ee\/ru\/#organization","name":"KALASTUSPOOD O\u00dc","url":"https:\/\/boat-service.ee\/ru\/","logo":{"@type":"ImageObject","inLanguage":"ru-RU","@id":"https:\/\/boat-service.ee\/ru\/#\/schema\/logo\/image\/","url":"https:\/\/boat-service.ee\/wp-content\/uploads\/2023\/05\/impLogo.png","contentUrl":"https:\/\/boat-service.ee\/wp-content\/uploads\/2023\/05\/impLogo.png","width":270,"height":107,"caption":"KALASTUSPOOD O\u00dc"},"image":{"@id":"https:\/\/boat-service.ee\/ru\/#\/schema\/logo\/image\/"},"sameAs":["https:\/\/www.facebook.com\/boatserviceestonia","https:\/\/www.instagram.com\/kalastus_ja_paadipood\/"]}]}},"_links":{"self":[{"href":"https:\/\/boat-service.ee\/ru\/wp-json\/wp\/v2\/product\/92122","targetHints":{"allow":["GET"]}}],"collection":[{"href":"https:\/\/boat-service.ee\/ru\/wp-json\/wp\/v2\/product"}],"about":[{"href":"https:\/\/boat-service.ee\/ru\/wp-json\/wp\/v2\/types\/product"}],"wp:featuredmedia":[{"embeddable":true,"href":"https:\/\/boat-service.ee\/ru\/wp-json\/wp\/v2\/media\/75595"}],"wp:attachment":[{"href":"https:\/\/boat-service.ee\/ru\/wp-json\/wp\/v2\/media?parent=92122"}],"wp:term":[{"taxonomy":"product_brand","embeddable":true,"href":"https:\/\/boat-service.ee\/ru\/wp-json\/wp\/v2\/product_brand?post=92122"},{"taxonomy":"product_cat","embeddable":true,"href":"https:\/\/boat-service.ee\/ru\/wp-json\/wp\/v2\/product_cat?post=92122"},{"taxonomy":"product_tag","embeddable":true,"href":"https:\/\/boat-service.ee\/ru\/wp-json\/wp\/v2\/product_tag?post=92122"}],"curies":[{"name":"wp","href":"https:\/\/api.w.org\/{rel}","templated":true}]}}