{"id":72611,"date":"2023-07-24T12:26:09","date_gmt":"2023-07-24T10:26:09","guid":{"rendered":"https:\/\/boat-service.ee\/pood\/uncategorized\/linder-sportsman-355\/"},"modified":"2023-07-24T12:26:09","modified_gmt":"2023-07-24T10:26:09","slug":"linder-sportsman-355","status":"publish","type":"product","link":"https:\/\/boat-service.ee\/ru\/pood\/%d0%bb%d0%be%d0%b4%d0%ba%d0%b8-ru\/linder-ru\/linder-sportsman-355\/","title":{"rendered":"LINDER Sportsman 355"},"content":{"rendered":"","protected":false},"excerpt":{"rendered":"<p>Hea paat j\u00e4rvedele ja j\u00f5gedele. hea man\u00f6\u00f6verdusv\u00f5ime, Keskkonnas\u00f5bralik.<br \/>\nValmistatud k\u00f5rgekvaliteetsest korrosioonikindlast alumiiniumist, mida kasutatakse lennukiehituses. Sportsman 355 on varustatud alumiiniumist aerudega.<\/p>\n<p><strong>TEHNILISED N\u00c4ITAJAD<\/strong><\/p>\n<table>\n<tbody>\n<tr>\n<td>Pikkus<\/td>\n<td>355cm<\/td>\n<\/tr>\n<tr>\n<td>Laius<\/td>\n<td>146cm<\/td>\n<\/tr>\n<tr>\n<td>Kaal<\/td>\n<td>84kg<\/td>\n<\/tr>\n<tr>\n<td>Parda k\u00f5rgus<\/td>\n<td>45cm<\/td>\n<\/tr>\n<tr>\n<td>Sisek\u00f5rgus<\/td>\n<td>51cm<\/td>\n<\/tr>\n<tr>\n<td>Kere s\u00fcgavus<\/td>\n<td>54cm<\/td>\n<\/tr>\n<tr>\n<td>Kere paksus<\/td>\n<td>1,7mm<\/td>\n<\/tr>\n<tr>\n<td>Lubatud mootoriv\u00f5imsus<\/td>\n<td>6\u20138 hj (4,4\u20135,9 kW)<\/td>\n<\/tr>\n<tr>\n<td>Maksimaalne mootori v\u00f5imsus<\/td>\n<td><\/td>\n<\/tr>\n<tr>\n<td>P\u00e4ramootori jala pikkus<\/td>\n<td>l\u00fchike(S)<\/td>\n<\/tr>\n<tr>\n<td>maksimaalne kandev\u00f5ime<\/td>\n<td>320kg<\/td>\n<\/tr>\n<tr>\n<td>Maksimaalne inimeste arv<\/td>\n<td>3<\/td>\n<\/tr>\n<tr>\n<td>Kindlustusklassi reiting<\/td>\n<td>3<\/td>\n<\/tr>\n<tr>\n<td>CE-m\u00e4rgisega kategooria<\/td>\n<td>D siseveed<\/td>\n<\/tr>\n<\/tbody>\n<\/table>\n","protected":false},"featured_media":72488,"template":"","meta":[],"product_brand":[],"product_cat":[766],"product_tag":[],"class_list":{"0":"post-72611","1":"product","2":"type-product","3":"status-publish","4":"has-post-thumbnail","6":"product_cat-linder-ru","7":"tm-has-options","9":"first","10":"instock","11":"taxable","12":"shipping-taxable","13":"purchasable","14":"product-type-simple"},"yoast_head":"<!-- This site is optimized with the Yoast SEO plugin v27.2 - https:\/\/yoast.com\/product\/yoast-seo-wordpress\/ -->\n<title>LINDER Sportsman 355 - Boat Service Estonia<\/title>\n<meta name=\"robots\" content=\"index, follow, max-snippet:-1, max-image-preview:large, max-video-preview:-1\" \/>\n<link rel=\"canonical\" href=\"https:\/\/boat-service.ee\/ru\/pood\/%d0%bb%d0%be%d0%b4%d0%ba%d0%b8-ru\/linder-ru\/linder-sportsman-355\/\" \/>\n<meta property=\"og:locale\" content=\"ru_RU\" \/>\n<meta property=\"og:type\" content=\"article\" \/>\n<meta property=\"og:title\" content=\"LINDER Sportsman 355 - Boat Service Estonia\" \/>\n<meta property=\"og:description\" content=\"Hea paat j\u00e4rvedele ja j\u00f5gedele. hea man\u00f6\u00f6verdusv\u00f5ime, Keskkonnas\u00f5bralik. Valmistatud k\u00f5rgekvaliteetsest korrosioonikindlast alumiiniumist, mida kasutatakse lennukiehituses. Sportsman 355 on varustatud alumiiniumist aerudega. TEHNILISED N\u00c4ITAJAD    Pikkus 355cm   Laius 146cm   Kaal 84kg   Parda k\u00f5rgus 45cm   Sisek\u00f5rgus 51cm   Kere s\u00fcgavus 54cm   Kere paksus 1,7mm   Lubatud mootoriv\u00f5imsus 6\u20138 hj (4,4\u20135,9 kW)   Maksimaalne mootori v\u00f5imsus    P\u00e4ramootori jala pikkus l\u00fchike(S)   maksimaalne kandev\u00f5ime 320kg   Maksimaalne inimeste arv 3   Kindlustusklassi reiting 3   CE-m\u00e4rgisega kategooria D siseveed\" \/>\n<meta property=\"og:url\" content=\"https:\/\/boat-service.ee\/ru\/pood\/%d0%bb%d0%be%d0%b4%d0%ba%d0%b8-ru\/linder-ru\/linder-sportsman-355\/\" \/>\n<meta property=\"og:site_name\" content=\"Boat Service Estonia\" \/>\n<meta property=\"article:publisher\" content=\"https:\/\/www.facebook.com\/boatserviceestonia\" \/>\n<meta property=\"og:image\" content=\"https:\/\/boat-service.ee\/wp-content\/uploads\/2023\/07\/Linder-355main.jpg\" \/>\n\t<meta property=\"og:image:width\" content=\"960\" \/>\n\t<meta property=\"og:image:height\" content=\"960\" \/>\n\t<meta property=\"og:image:type\" content=\"image\/jpeg\" \/>\n<meta name=\"twitter:card\" content=\"summary_large_image\" \/>\n<script type=\"application\/ld+json\" class=\"yoast-schema-graph\">{\"@context\":\"https:\/\/schema.org\",\"@graph\":[{\"@type\":\"WebPage\",\"@id\":\"https:\/\/boat-service.ee\/ru\/pood\/%d0%bb%d0%be%d0%b4%d0%ba%d0%b8-ru\/linder-ru\/linder-sportsman-355\/\",\"url\":\"https:\/\/boat-service.ee\/ru\/pood\/%d0%bb%d0%be%d0%b4%d0%ba%d0%b8-ru\/linder-ru\/linder-sportsman-355\/\",\"name\":\"LINDER Sportsman 355 - Boat Service Estonia\",\"isPartOf\":{\"@id\":\"https:\/\/boat-service.ee\/ru\/#website\"},\"primaryImageOfPage\":{\"@id\":\"https:\/\/boat-service.ee\/ru\/pood\/%d0%bb%d0%be%d0%b4%d0%ba%d0%b8-ru\/linder-ru\/linder-sportsman-355\/#primaryimage\"},\"image\":{\"@id\":\"https:\/\/boat-service.ee\/ru\/pood\/%d0%bb%d0%be%d0%b4%d0%ba%d0%b8-ru\/linder-ru\/linder-sportsman-355\/#primaryimage\"},\"thumbnailUrl\":\"https:\/\/boat-service.ee\/wp-content\/uploads\/2023\/07\/Linder-355main.jpg\",\"datePublished\":\"2023-07-24T10:26:09+00:00\",\"breadcrumb\":{\"@id\":\"https:\/\/boat-service.ee\/ru\/pood\/%d0%bb%d0%be%d0%b4%d0%ba%d0%b8-ru\/linder-ru\/linder-sportsman-355\/#breadcrumb\"},\"inLanguage\":\"ru-RU\",\"potentialAction\":[{\"@type\":\"ReadAction\",\"target\":[\"https:\/\/boat-service.ee\/ru\/pood\/%d0%bb%d0%be%d0%b4%d0%ba%d0%b8-ru\/linder-ru\/linder-sportsman-355\/\"]}]},{\"@type\":\"ImageObject\",\"inLanguage\":\"ru-RU\",\"@id\":\"https:\/\/boat-service.ee\/ru\/pood\/%d0%bb%d0%be%d0%b4%d0%ba%d0%b8-ru\/linder-ru\/linder-sportsman-355\/#primaryimage\",\"url\":\"https:\/\/boat-service.ee\/wp-content\/uploads\/2023\/07\/Linder-355main.jpg\",\"contentUrl\":\"https:\/\/boat-service.ee\/wp-content\/uploads\/2023\/07\/Linder-355main.jpg\",\"width\":960,\"height\":960,\"caption\":\"LINDER Sportsman 355\"},{\"@type\":\"BreadcrumbList\",\"@id\":\"https:\/\/boat-service.ee\/ru\/pood\/%d0%bb%d0%be%d0%b4%d0%ba%d0%b8-ru\/linder-ru\/linder-sportsman-355\/#breadcrumb\",\"itemListElement\":[{\"@type\":\"ListItem\",\"position\":1,\"name\":\"Home\",\"item\":\"https:\/\/boat-service.ee\/ru\/\"},{\"@type\":\"ListItem\",\"position\":2,\"name\":\"\u041c\u0430\u0433\u0430\u0437\u0438\u043d\",\"item\":\"https:\/\/boat-service.ee\/ru\/%d0%bc%d0%b0%d0%b3%d0%b0%d0%b7%d0%b8%d0%bd\/\"},{\"@type\":\"ListItem\",\"position\":3,\"name\":\"LINDER Sportsman 355\"}]},{\"@type\":\"WebSite\",\"@id\":\"https:\/\/boat-service.ee\/ru\/#website\",\"url\":\"https:\/\/boat-service.ee\/ru\/\",\"name\":\"Boat Service Estonia\",\"description\":\"Boat Service Estonia - Mootorpaadid, treilerid, mootorid\",\"publisher\":{\"@id\":\"https:\/\/boat-service.ee\/ru\/#organization\"},\"potentialAction\":[{\"@type\":\"SearchAction\",\"target\":{\"@type\":\"EntryPoint\",\"urlTemplate\":\"https:\/\/boat-service.ee\/ru\/?s={search_term_string}\"},\"query-input\":{\"@type\":\"PropertyValueSpecification\",\"valueRequired\":true,\"valueName\":\"search_term_string\"}}],\"inLanguage\":\"ru-RU\"},{\"@type\":\"Organization\",\"@id\":\"https:\/\/boat-service.ee\/ru\/#organization\",\"name\":\"KALASTUSPOOD O\u00dc\",\"url\":\"https:\/\/boat-service.ee\/ru\/\",\"logo\":{\"@type\":\"ImageObject\",\"inLanguage\":\"ru-RU\",\"@id\":\"https:\/\/boat-service.ee\/ru\/#\/schema\/logo\/image\/\",\"url\":\"https:\/\/boat-service.ee\/wp-content\/uploads\/2023\/05\/impLogo.png\",\"contentUrl\":\"https:\/\/boat-service.ee\/wp-content\/uploads\/2023\/05\/impLogo.png\",\"width\":270,\"height\":107,\"caption\":\"KALASTUSPOOD O\u00dc\"},\"image\":{\"@id\":\"https:\/\/boat-service.ee\/ru\/#\/schema\/logo\/image\/\"},\"sameAs\":[\"https:\/\/www.facebook.com\/boatserviceestonia\",\"https:\/\/www.instagram.com\/kalastus_ja_paadipood\/\"]}]}<\/script>\n<!-- \/ Yoast SEO plugin. -->","yoast_head_json":{"title":"LINDER Sportsman 355 - Boat Service Estonia","robots":{"index":"index","follow":"follow","max-snippet":"max-snippet:-1","max-image-preview":"max-image-preview:large","max-video-preview":"max-video-preview:-1"},"canonical":"https:\/\/boat-service.ee\/ru\/pood\/%d0%bb%d0%be%d0%b4%d0%ba%d0%b8-ru\/linder-ru\/linder-sportsman-355\/","og_locale":"ru_RU","og_type":"article","og_title":"LINDER Sportsman 355 - Boat Service Estonia","og_description":"Hea paat j\u00e4rvedele ja j\u00f5gedele. hea man\u00f6\u00f6verdusv\u00f5ime, Keskkonnas\u00f5bralik. Valmistatud k\u00f5rgekvaliteetsest korrosioonikindlast alumiiniumist, mida kasutatakse lennukiehituses. Sportsman 355 on varustatud alumiiniumist aerudega. TEHNILISED N\u00c4ITAJAD    Pikkus 355cm   Laius 146cm   Kaal 84kg   Parda k\u00f5rgus 45cm   Sisek\u00f5rgus 51cm   Kere s\u00fcgavus 54cm   Kere paksus 1,7mm   Lubatud mootoriv\u00f5imsus 6\u20138 hj (4,4\u20135,9 kW)   Maksimaalne mootori v\u00f5imsus    P\u00e4ramootori jala pikkus l\u00fchike(S)   maksimaalne kandev\u00f5ime 320kg   Maksimaalne inimeste arv 3   Kindlustusklassi reiting 3   CE-m\u00e4rgisega kategooria D siseveed","og_url":"https:\/\/boat-service.ee\/ru\/pood\/%d0%bb%d0%be%d0%b4%d0%ba%d0%b8-ru\/linder-ru\/linder-sportsman-355\/","og_site_name":"Boat Service Estonia","article_publisher":"https:\/\/www.facebook.com\/boatserviceestonia","og_image":[{"width":960,"height":960,"url":"https:\/\/boat-service.ee\/wp-content\/uploads\/2023\/07\/Linder-355main.jpg","type":"image\/jpeg"}],"twitter_card":"summary_large_image","schema":{"@context":"https:\/\/schema.org","@graph":[{"@type":"WebPage","@id":"https:\/\/boat-service.ee\/ru\/pood\/%d0%bb%d0%be%d0%b4%d0%ba%d0%b8-ru\/linder-ru\/linder-sportsman-355\/","url":"https:\/\/boat-service.ee\/ru\/pood\/%d0%bb%d0%be%d0%b4%d0%ba%d0%b8-ru\/linder-ru\/linder-sportsman-355\/","name":"LINDER Sportsman 355 - Boat Service Estonia","isPartOf":{"@id":"https:\/\/boat-service.ee\/ru\/#website"},"primaryImageOfPage":{"@id":"https:\/\/boat-service.ee\/ru\/pood\/%d0%bb%d0%be%d0%b4%d0%ba%d0%b8-ru\/linder-ru\/linder-sportsman-355\/#primaryimage"},"image":{"@id":"https:\/\/boat-service.ee\/ru\/pood\/%d0%bb%d0%be%d0%b4%d0%ba%d0%b8-ru\/linder-ru\/linder-sportsman-355\/#primaryimage"},"thumbnailUrl":"https:\/\/boat-service.ee\/wp-content\/uploads\/2023\/07\/Linder-355main.jpg","datePublished":"2023-07-24T10:26:09+00:00","breadcrumb":{"@id":"https:\/\/boat-service.ee\/ru\/pood\/%d0%bb%d0%be%d0%b4%d0%ba%d0%b8-ru\/linder-ru\/linder-sportsman-355\/#breadcrumb"},"inLanguage":"ru-RU","potentialAction":[{"@type":"ReadAction","target":["https:\/\/boat-service.ee\/ru\/pood\/%d0%bb%d0%be%d0%b4%d0%ba%d0%b8-ru\/linder-ru\/linder-sportsman-355\/"]}]},{"@type":"ImageObject","inLanguage":"ru-RU","@id":"https:\/\/boat-service.ee\/ru\/pood\/%d0%bb%d0%be%d0%b4%d0%ba%d0%b8-ru\/linder-ru\/linder-sportsman-355\/#primaryimage","url":"https:\/\/boat-service.ee\/wp-content\/uploads\/2023\/07\/Linder-355main.jpg","contentUrl":"https:\/\/boat-service.ee\/wp-content\/uploads\/2023\/07\/Linder-355main.jpg","width":960,"height":960,"caption":"LINDER Sportsman 355"},{"@type":"BreadcrumbList","@id":"https:\/\/boat-service.ee\/ru\/pood\/%d0%bb%d0%be%d0%b4%d0%ba%d0%b8-ru\/linder-ru\/linder-sportsman-355\/#breadcrumb","itemListElement":[{"@type":"ListItem","position":1,"name":"Home","item":"https:\/\/boat-service.ee\/ru\/"},{"@type":"ListItem","position":2,"name":"\u041c\u0430\u0433\u0430\u0437\u0438\u043d","item":"https:\/\/boat-service.ee\/ru\/%d0%bc%d0%b0%d0%b3%d0%b0%d0%b7%d0%b8%d0%bd\/"},{"@type":"ListItem","position":3,"name":"LINDER Sportsman 355"}]},{"@type":"WebSite","@id":"https:\/\/boat-service.ee\/ru\/#website","url":"https:\/\/boat-service.ee\/ru\/","name":"Boat Service Estonia","description":"Boat Service Estonia - Mootorpaadid, treilerid, mootorid","publisher":{"@id":"https:\/\/boat-service.ee\/ru\/#organization"},"potentialAction":[{"@type":"SearchAction","target":{"@type":"EntryPoint","urlTemplate":"https:\/\/boat-service.ee\/ru\/?s={search_term_string}"},"query-input":{"@type":"PropertyValueSpecification","valueRequired":true,"valueName":"search_term_string"}}],"inLanguage":"ru-RU"},{"@type":"Organization","@id":"https:\/\/boat-service.ee\/ru\/#organization","name":"KALASTUSPOOD O\u00dc","url":"https:\/\/boat-service.ee\/ru\/","logo":{"@type":"ImageObject","inLanguage":"ru-RU","@id":"https:\/\/boat-service.ee\/ru\/#\/schema\/logo\/image\/","url":"https:\/\/boat-service.ee\/wp-content\/uploads\/2023\/05\/impLogo.png","contentUrl":"https:\/\/boat-service.ee\/wp-content\/uploads\/2023\/05\/impLogo.png","width":270,"height":107,"caption":"KALASTUSPOOD O\u00dc"},"image":{"@id":"https:\/\/boat-service.ee\/ru\/#\/schema\/logo\/image\/"},"sameAs":["https:\/\/www.facebook.com\/boatserviceestonia","https:\/\/www.instagram.com\/kalastus_ja_paadipood\/"]}]}},"_links":{"self":[{"href":"https:\/\/boat-service.ee\/ru\/wp-json\/wp\/v2\/product\/72611","targetHints":{"allow":["GET"]}}],"collection":[{"href":"https:\/\/boat-service.ee\/ru\/wp-json\/wp\/v2\/product"}],"about":[{"href":"https:\/\/boat-service.ee\/ru\/wp-json\/wp\/v2\/types\/product"}],"wp:featuredmedia":[{"embeddable":true,"href":"https:\/\/boat-service.ee\/ru\/wp-json\/wp\/v2\/media\/72488"}],"wp:attachment":[{"href":"https:\/\/boat-service.ee\/ru\/wp-json\/wp\/v2\/media?parent=72611"}],"wp:term":[{"taxonomy":"product_brand","embeddable":true,"href":"https:\/\/boat-service.ee\/ru\/wp-json\/wp\/v2\/product_brand?post=72611"},{"taxonomy":"product_cat","embeddable":true,"href":"https:\/\/boat-service.ee\/ru\/wp-json\/wp\/v2\/product_cat?post=72611"},{"taxonomy":"product_tag","embeddable":true,"href":"https:\/\/boat-service.ee\/ru\/wp-json\/wp\/v2\/product_tag?post=72611"}],"curies":[{"name":"wp","href":"https:\/\/api.w.org\/{rel}","templated":true}]}}