{"id":72610,"date":"2023-07-24T12:55:13","date_gmt":"2023-07-24T10:55:13","guid":{"rendered":"https:\/\/boat-service.ee\/pood\/uncategorized\/linder-sportsman-400\/"},"modified":"2023-07-24T12:55:13","modified_gmt":"2023-07-24T10:55:13","slug":"linder-sportsman-400","status":"publish","type":"product","link":"https:\/\/boat-service.ee\/ru\/pood\/%d0%bb%d0%be%d0%b4%d0%ba%d0%b8-ru\/linder-ru\/linder-sportsman-400\/","title":{"rendered":"LINDER Sportsman 400"},"content":{"rendered":"<p><b>Standardvarustus:<\/b><\/p>\n<ul>\n<li>Alumiiniumaerud<\/li>\n<li>Aerude hoidjad<\/li>\n<li>Kolm istet<\/li>\n<li>Kaks lukustatavat panipaika<\/li>\n<li>Redel ahtris<\/li>\n<li>V\u00f6\u00f6ris ja ahtris kinnitusaasad<\/li>\n<li><i>Securmark\u00a0<\/i>markeering<\/li>\n<li>DNV tunnustus<\/li>\n<\/ul>\n","protected":false},"excerpt":{"rendered":"<p>Paat j\u00e4rvedele ja rannikuvete jaoks. Keskkonnas\u00f5bralik paadivalik. Valmistatud k\u00f5rgekvaliteetsest korrosioonikindlast alumiiniumist (kasutuses lennukiehituses).<\/p>\n<p><strong>TEHNILISED N\u00c4ITAJAD<\/strong><\/p>\n<table>\n<tbody>\n<tr>\n<td>Pikkus<\/td>\n<td>401cm<\/td>\n<\/tr>\n<tr>\n<td>Laius<\/td>\n<td>162cm<\/td>\n<\/tr>\n<tr>\n<td>Kaal<\/td>\n<td>125kg<\/td>\n<\/tr>\n<tr>\n<td>Sisek\u00f5rgus<\/td>\n<td>60cm<\/td>\n<\/tr>\n<tr>\n<td>Kere s\u00fcgavus<\/td>\n<td>63cm<\/td>\n<\/tr>\n<tr>\n<td>Kere paksus<\/td>\n<td>1,8mm<\/td>\n<\/tr>\n<tr>\n<td>Kere nurk<\/td>\n<td>8\u00b0<\/td>\n<\/tr>\n<tr>\n<td>Lubatud man. mootori v\u00f5imsus<\/td>\n<td>6-10 hj (4,4-7,4 kW)<\/td>\n<\/tr>\n<tr>\n<td>Lubatud mootor koos roolikonsooliga<\/td>\n<td>15-20 hj (11-14,7 kW)<\/td>\n<\/tr>\n<tr>\n<td>Juhtkaabli pikkus (k\u00fclgkonsool)<\/td>\n<td>1,80 m<\/td>\n<\/tr>\n<tr>\n<td>Juhtkaabli pikkus (keskkonsool)<\/td>\n<td>2,70 m<\/td>\n<\/tr>\n<tr>\n<td>Roolikaabli pikkus (k\u00fclgkonsool)<\/td>\n<td>2,40 m<\/td>\n<\/tr>\n<tr>\n<td>Roolikaabli pikkus (keskkonsool)<\/td>\n<td>3,30 m<\/td>\n<\/tr>\n<tr>\n<td>P\u00e4ramootori jala pikkus<\/td>\n<td>pikk(L)<\/td>\n<\/tr>\n<tr>\n<td>Maksimaalne lad. koormus<\/td>\n<td>420kg<\/td>\n<\/tr>\n<tr>\n<td>Maksimaalne inimeste arv<\/td>\n<td>4<\/td>\n<\/tr>\n<tr>\n<td>Kindlustusklassi reiting<\/td>\n<td>3<\/td>\n<\/tr>\n<tr>\n<td>CE-m\u00e4rgisega kategooria<\/td>\n<td>D rannikuveed<\/td>\n<\/tr>\n<\/tbody>\n<\/table>\n","protected":false},"featured_media":72493,"template":"","meta":[],"product_brand":[],"product_cat":[766],"product_tag":[],"class_list":{"0":"post-72610","1":"product","2":"type-product","3":"status-publish","4":"has-post-thumbnail","6":"product_cat-linder-ru","7":"tm-has-options","9":"first","10":"instock","11":"taxable","12":"shipping-taxable","13":"purchasable","14":"product-type-simple"},"yoast_head":"<!-- This site is optimized with the Yoast SEO plugin v27.2 - https:\/\/yoast.com\/product\/yoast-seo-wordpress\/ -->\n<title>LINDER Sportsman 400 - Boat Service Estonia<\/title>\n<meta name=\"robots\" content=\"index, follow, max-snippet:-1, max-image-preview:large, max-video-preview:-1\" \/>\n<link rel=\"canonical\" href=\"https:\/\/boat-service.ee\/ru\/pood\/%d0%bb%d0%be%d0%b4%d0%ba%d0%b8-ru\/linder-ru\/linder-sportsman-400\/\" \/>\n<meta property=\"og:locale\" content=\"ru_RU\" \/>\n<meta property=\"og:type\" content=\"article\" \/>\n<meta property=\"og:title\" content=\"LINDER Sportsman 400 - Boat Service Estonia\" \/>\n<meta property=\"og:description\" content=\"Paat j\u00e4rvedele ja rannikuvete jaoks. Keskkonnas\u00f5bralik paadivalik. Valmistatud k\u00f5rgekvaliteetsest korrosioonikindlast alumiiniumist (kasutuses lennukiehituses). TEHNILISED N\u00c4ITAJAD    Pikkus 401cm   Laius 162cm   Kaal 125kg   Sisek\u00f5rgus 60cm   Kere s\u00fcgavus 63cm   Kere paksus 1,8mm   Kere nurk 8\u00b0   Lubatud man. mootori v\u00f5imsus 6-10 hj (4,4-7,4 kW)   Lubatud mootor koos roolikonsooliga 15-20 hj (11-14,7 kW)   Juhtkaabli pikkus (k\u00fclgkonsool) 1,80 m   Juhtkaabli pikkus (keskkonsool) 2,70 m   Roolikaabli pikkus (k\u00fclgkonsool) 2,40 m   Roolikaabli pikkus (keskkonsool) 3,30 m   P\u00e4ramootori jala pikkus pikk(L)   Maksimaalne lad. koormus 420kg   Maksimaalne inimeste arv 4   Kindlustusklassi reiting 3   CE-m\u00e4rgisega kategooria D rannikuveed\" \/>\n<meta property=\"og:url\" content=\"https:\/\/boat-service.ee\/ru\/pood\/%d0%bb%d0%be%d0%b4%d0%ba%d0%b8-ru\/linder-ru\/linder-sportsman-400\/\" \/>\n<meta property=\"og:site_name\" content=\"Boat Service Estonia\" \/>\n<meta property=\"article:publisher\" content=\"https:\/\/www.facebook.com\/boatserviceestonia\" \/>\n<meta property=\"og:image\" content=\"https:\/\/boat-service.ee\/wp-content\/uploads\/2023\/07\/linder400_main.jpg\" \/>\n\t<meta property=\"og:image:width\" content=\"960\" \/>\n\t<meta property=\"og:image:height\" content=\"960\" \/>\n\t<meta property=\"og:image:type\" content=\"image\/jpeg\" \/>\n<meta name=\"twitter:card\" content=\"summary_large_image\" \/>\n<script type=\"application\/ld+json\" class=\"yoast-schema-graph\">{\"@context\":\"https:\/\/schema.org\",\"@graph\":[{\"@type\":\"WebPage\",\"@id\":\"https:\/\/boat-service.ee\/ru\/pood\/%d0%bb%d0%be%d0%b4%d0%ba%d0%b8-ru\/linder-ru\/linder-sportsman-400\/\",\"url\":\"https:\/\/boat-service.ee\/ru\/pood\/%d0%bb%d0%be%d0%b4%d0%ba%d0%b8-ru\/linder-ru\/linder-sportsman-400\/\",\"name\":\"LINDER Sportsman 400 - Boat Service Estonia\",\"isPartOf\":{\"@id\":\"https:\/\/boat-service.ee\/ru\/#website\"},\"primaryImageOfPage\":{\"@id\":\"https:\/\/boat-service.ee\/ru\/pood\/%d0%bb%d0%be%d0%b4%d0%ba%d0%b8-ru\/linder-ru\/linder-sportsman-400\/#primaryimage\"},\"image\":{\"@id\":\"https:\/\/boat-service.ee\/ru\/pood\/%d0%bb%d0%be%d0%b4%d0%ba%d0%b8-ru\/linder-ru\/linder-sportsman-400\/#primaryimage\"},\"thumbnailUrl\":\"https:\/\/boat-service.ee\/wp-content\/uploads\/2023\/07\/linder400_main.jpg\",\"datePublished\":\"2023-07-24T10:55:13+00:00\",\"breadcrumb\":{\"@id\":\"https:\/\/boat-service.ee\/ru\/pood\/%d0%bb%d0%be%d0%b4%d0%ba%d0%b8-ru\/linder-ru\/linder-sportsman-400\/#breadcrumb\"},\"inLanguage\":\"ru-RU\",\"potentialAction\":[{\"@type\":\"ReadAction\",\"target\":[\"https:\/\/boat-service.ee\/ru\/pood\/%d0%bb%d0%be%d0%b4%d0%ba%d0%b8-ru\/linder-ru\/linder-sportsman-400\/\"]}]},{\"@type\":\"ImageObject\",\"inLanguage\":\"ru-RU\",\"@id\":\"https:\/\/boat-service.ee\/ru\/pood\/%d0%bb%d0%be%d0%b4%d0%ba%d0%b8-ru\/linder-ru\/linder-sportsman-400\/#primaryimage\",\"url\":\"https:\/\/boat-service.ee\/wp-content\/uploads\/2023\/07\/linder400_main.jpg\",\"contentUrl\":\"https:\/\/boat-service.ee\/wp-content\/uploads\/2023\/07\/linder400_main.jpg\",\"width\":960,\"height\":960},{\"@type\":\"BreadcrumbList\",\"@id\":\"https:\/\/boat-service.ee\/ru\/pood\/%d0%bb%d0%be%d0%b4%d0%ba%d0%b8-ru\/linder-ru\/linder-sportsman-400\/#breadcrumb\",\"itemListElement\":[{\"@type\":\"ListItem\",\"position\":1,\"name\":\"Home\",\"item\":\"https:\/\/boat-service.ee\/ru\/\"},{\"@type\":\"ListItem\",\"position\":2,\"name\":\"\u041c\u0430\u0433\u0430\u0437\u0438\u043d\",\"item\":\"https:\/\/boat-service.ee\/ru\/%d0%bc%d0%b0%d0%b3%d0%b0%d0%b7%d0%b8%d0%bd\/\"},{\"@type\":\"ListItem\",\"position\":3,\"name\":\"LINDER Sportsman 400\"}]},{\"@type\":\"WebSite\",\"@id\":\"https:\/\/boat-service.ee\/ru\/#website\",\"url\":\"https:\/\/boat-service.ee\/ru\/\",\"name\":\"Boat Service Estonia\",\"description\":\"Boat Service Estonia - Mootorpaadid, treilerid, mootorid\",\"publisher\":{\"@id\":\"https:\/\/boat-service.ee\/ru\/#organization\"},\"potentialAction\":[{\"@type\":\"SearchAction\",\"target\":{\"@type\":\"EntryPoint\",\"urlTemplate\":\"https:\/\/boat-service.ee\/ru\/?s={search_term_string}\"},\"query-input\":{\"@type\":\"PropertyValueSpecification\",\"valueRequired\":true,\"valueName\":\"search_term_string\"}}],\"inLanguage\":\"ru-RU\"},{\"@type\":\"Organization\",\"@id\":\"https:\/\/boat-service.ee\/ru\/#organization\",\"name\":\"KALASTUSPOOD O\u00dc\",\"url\":\"https:\/\/boat-service.ee\/ru\/\",\"logo\":{\"@type\":\"ImageObject\",\"inLanguage\":\"ru-RU\",\"@id\":\"https:\/\/boat-service.ee\/ru\/#\/schema\/logo\/image\/\",\"url\":\"https:\/\/boat-service.ee\/wp-content\/uploads\/2023\/05\/impLogo.png\",\"contentUrl\":\"https:\/\/boat-service.ee\/wp-content\/uploads\/2023\/05\/impLogo.png\",\"width\":270,\"height\":107,\"caption\":\"KALASTUSPOOD O\u00dc\"},\"image\":{\"@id\":\"https:\/\/boat-service.ee\/ru\/#\/schema\/logo\/image\/\"},\"sameAs\":[\"https:\/\/www.facebook.com\/boatserviceestonia\",\"https:\/\/www.instagram.com\/kalastus_ja_paadipood\/\"]}]}<\/script>\n<!-- \/ Yoast SEO plugin. -->","yoast_head_json":{"title":"LINDER Sportsman 400 - Boat Service Estonia","robots":{"index":"index","follow":"follow","max-snippet":"max-snippet:-1","max-image-preview":"max-image-preview:large","max-video-preview":"max-video-preview:-1"},"canonical":"https:\/\/boat-service.ee\/ru\/pood\/%d0%bb%d0%be%d0%b4%d0%ba%d0%b8-ru\/linder-ru\/linder-sportsman-400\/","og_locale":"ru_RU","og_type":"article","og_title":"LINDER Sportsman 400 - Boat Service Estonia","og_description":"Paat j\u00e4rvedele ja rannikuvete jaoks. Keskkonnas\u00f5bralik paadivalik. Valmistatud k\u00f5rgekvaliteetsest korrosioonikindlast alumiiniumist (kasutuses lennukiehituses). TEHNILISED N\u00c4ITAJAD    Pikkus 401cm   Laius 162cm   Kaal 125kg   Sisek\u00f5rgus 60cm   Kere s\u00fcgavus 63cm   Kere paksus 1,8mm   Kere nurk 8\u00b0   Lubatud man. mootori v\u00f5imsus 6-10 hj (4,4-7,4 kW)   Lubatud mootor koos roolikonsooliga 15-20 hj (11-14,7 kW)   Juhtkaabli pikkus (k\u00fclgkonsool) 1,80 m   Juhtkaabli pikkus (keskkonsool) 2,70 m   Roolikaabli pikkus (k\u00fclgkonsool) 2,40 m   Roolikaabli pikkus (keskkonsool) 3,30 m   P\u00e4ramootori jala pikkus pikk(L)   Maksimaalne lad. koormus 420kg   Maksimaalne inimeste arv 4   Kindlustusklassi reiting 3   CE-m\u00e4rgisega kategooria D rannikuveed","og_url":"https:\/\/boat-service.ee\/ru\/pood\/%d0%bb%d0%be%d0%b4%d0%ba%d0%b8-ru\/linder-ru\/linder-sportsman-400\/","og_site_name":"Boat Service Estonia","article_publisher":"https:\/\/www.facebook.com\/boatserviceestonia","og_image":[{"width":960,"height":960,"url":"https:\/\/boat-service.ee\/wp-content\/uploads\/2023\/07\/linder400_main.jpg","type":"image\/jpeg"}],"twitter_card":"summary_large_image","schema":{"@context":"https:\/\/schema.org","@graph":[{"@type":"WebPage","@id":"https:\/\/boat-service.ee\/ru\/pood\/%d0%bb%d0%be%d0%b4%d0%ba%d0%b8-ru\/linder-ru\/linder-sportsman-400\/","url":"https:\/\/boat-service.ee\/ru\/pood\/%d0%bb%d0%be%d0%b4%d0%ba%d0%b8-ru\/linder-ru\/linder-sportsman-400\/","name":"LINDER Sportsman 400 - Boat Service Estonia","isPartOf":{"@id":"https:\/\/boat-service.ee\/ru\/#website"},"primaryImageOfPage":{"@id":"https:\/\/boat-service.ee\/ru\/pood\/%d0%bb%d0%be%d0%b4%d0%ba%d0%b8-ru\/linder-ru\/linder-sportsman-400\/#primaryimage"},"image":{"@id":"https:\/\/boat-service.ee\/ru\/pood\/%d0%bb%d0%be%d0%b4%d0%ba%d0%b8-ru\/linder-ru\/linder-sportsman-400\/#primaryimage"},"thumbnailUrl":"https:\/\/boat-service.ee\/wp-content\/uploads\/2023\/07\/linder400_main.jpg","datePublished":"2023-07-24T10:55:13+00:00","breadcrumb":{"@id":"https:\/\/boat-service.ee\/ru\/pood\/%d0%bb%d0%be%d0%b4%d0%ba%d0%b8-ru\/linder-ru\/linder-sportsman-400\/#breadcrumb"},"inLanguage":"ru-RU","potentialAction":[{"@type":"ReadAction","target":["https:\/\/boat-service.ee\/ru\/pood\/%d0%bb%d0%be%d0%b4%d0%ba%d0%b8-ru\/linder-ru\/linder-sportsman-400\/"]}]},{"@type":"ImageObject","inLanguage":"ru-RU","@id":"https:\/\/boat-service.ee\/ru\/pood\/%d0%bb%d0%be%d0%b4%d0%ba%d0%b8-ru\/linder-ru\/linder-sportsman-400\/#primaryimage","url":"https:\/\/boat-service.ee\/wp-content\/uploads\/2023\/07\/linder400_main.jpg","contentUrl":"https:\/\/boat-service.ee\/wp-content\/uploads\/2023\/07\/linder400_main.jpg","width":960,"height":960},{"@type":"BreadcrumbList","@id":"https:\/\/boat-service.ee\/ru\/pood\/%d0%bb%d0%be%d0%b4%d0%ba%d0%b8-ru\/linder-ru\/linder-sportsman-400\/#breadcrumb","itemListElement":[{"@type":"ListItem","position":1,"name":"Home","item":"https:\/\/boat-service.ee\/ru\/"},{"@type":"ListItem","position":2,"name":"\u041c\u0430\u0433\u0430\u0437\u0438\u043d","item":"https:\/\/boat-service.ee\/ru\/%d0%bc%d0%b0%d0%b3%d0%b0%d0%b7%d0%b8%d0%bd\/"},{"@type":"ListItem","position":3,"name":"LINDER Sportsman 400"}]},{"@type":"WebSite","@id":"https:\/\/boat-service.ee\/ru\/#website","url":"https:\/\/boat-service.ee\/ru\/","name":"Boat Service Estonia","description":"Boat Service Estonia - Mootorpaadid, treilerid, mootorid","publisher":{"@id":"https:\/\/boat-service.ee\/ru\/#organization"},"potentialAction":[{"@type":"SearchAction","target":{"@type":"EntryPoint","urlTemplate":"https:\/\/boat-service.ee\/ru\/?s={search_term_string}"},"query-input":{"@type":"PropertyValueSpecification","valueRequired":true,"valueName":"search_term_string"}}],"inLanguage":"ru-RU"},{"@type":"Organization","@id":"https:\/\/boat-service.ee\/ru\/#organization","name":"KALASTUSPOOD O\u00dc","url":"https:\/\/boat-service.ee\/ru\/","logo":{"@type":"ImageObject","inLanguage":"ru-RU","@id":"https:\/\/boat-service.ee\/ru\/#\/schema\/logo\/image\/","url":"https:\/\/boat-service.ee\/wp-content\/uploads\/2023\/05\/impLogo.png","contentUrl":"https:\/\/boat-service.ee\/wp-content\/uploads\/2023\/05\/impLogo.png","width":270,"height":107,"caption":"KALASTUSPOOD O\u00dc"},"image":{"@id":"https:\/\/boat-service.ee\/ru\/#\/schema\/logo\/image\/"},"sameAs":["https:\/\/www.facebook.com\/boatserviceestonia","https:\/\/www.instagram.com\/kalastus_ja_paadipood\/"]}]}},"_links":{"self":[{"href":"https:\/\/boat-service.ee\/ru\/wp-json\/wp\/v2\/product\/72610","targetHints":{"allow":["GET"]}}],"collection":[{"href":"https:\/\/boat-service.ee\/ru\/wp-json\/wp\/v2\/product"}],"about":[{"href":"https:\/\/boat-service.ee\/ru\/wp-json\/wp\/v2\/types\/product"}],"wp:featuredmedia":[{"embeddable":true,"href":"https:\/\/boat-service.ee\/ru\/wp-json\/wp\/v2\/media\/72493"}],"wp:attachment":[{"href":"https:\/\/boat-service.ee\/ru\/wp-json\/wp\/v2\/media?parent=72610"}],"wp:term":[{"taxonomy":"product_brand","embeddable":true,"href":"https:\/\/boat-service.ee\/ru\/wp-json\/wp\/v2\/product_brand?post=72610"},{"taxonomy":"product_cat","embeddable":true,"href":"https:\/\/boat-service.ee\/ru\/wp-json\/wp\/v2\/product_cat?post=72610"},{"taxonomy":"product_tag","embeddable":true,"href":"https:\/\/boat-service.ee\/ru\/wp-json\/wp\/v2\/product_tag?post=72610"}],"curies":[{"name":"wp","href":"https:\/\/api.w.org\/{rel}","templated":true}]}}