{"id":72609,"date":"2023-07-24T13:04:39","date_gmt":"2023-07-24T11:04:39","guid":{"rendered":"https:\/\/boat-service.ee\/pood\/uncategorized\/linder-sportsman-445-basic\/"},"modified":"2023-07-24T13:04:39","modified_gmt":"2023-07-24T11:04:39","slug":"linder-sportsman-445-basic","status":"publish","type":"product","link":"https:\/\/boat-service.ee\/ru\/pood\/%d0%bb%d0%be%d0%b4%d0%ba%d0%b8-ru\/linder-ru\/linder-sportsman-445-basic\/","title":{"rendered":"LINDER Sportsman 445 basic"},"content":{"rendered":"<p><b>Standardvarustus:<\/b><\/p>\n<p>Libisemisvastane alumiiniump\u00f5rand<br \/>\nAutomaatne pilsipump<br \/>\nSobilik v\u00f6\u00f6r elektrimootorile<br \/>\nAlumiiniumaerud<br \/>\nAerude hoidjad<br \/>\nKolm istet<br \/>\nNeli lukustatavat panipaika<br \/>\n&#171;Navalloy&#187; anoodid, sobivad nii soolasele, kui magedale veele<br \/>\nRedel ahtris<br \/>\nV\u00f6\u00f6ris ja ahtris kinnitusaasad<br \/>\nSecurmark markeering<br \/>\nDNV tunnustus<\/p>\n","protected":false},"excerpt":{"rendered":"<p>Paat sobilik nii kalastamiseks kui ka veesuusatamiseks j\u00e4rvedel ja rannikuvetes. Paadikere on valmistatud k\u00f5rgekvaliteetsest korrosioonikindlast alumiiniumist, mida kasutatakse lennukiehituses.<\/p>\n<p><strong>TEHNILISED N\u00c4ITAJAD<\/strong><\/p>\n<table>\n<tbody>\n<tr>\n<td>Pikkus<\/td>\n<td>451cm<\/td>\n<\/tr>\n<tr>\n<td>Laius<\/td>\n<td>175cm<\/td>\n<\/tr>\n<tr>\n<td>Kaal<\/td>\n<td>189kg<\/td>\n<\/tr>\n<tr>\n<td>Parda k\u00f5rgus veejoonest<\/td>\n<td>50cm<\/td>\n<\/tr>\n<tr>\n<td>Sisek\u00f5rgus<\/td>\n<td>60cm<\/td>\n<\/tr>\n<tr>\n<td>Kere paksus<\/td>\n<td>2,0mm<\/td>\n<\/tr>\n<tr>\n<td>Kere nurk<\/td>\n<td>9\u00b0<\/td>\n<\/tr>\n<tr>\n<td>Lubatud mootorivahemik<\/td>\n<td>10-20 hj (7.4-14.7 kW)<\/td>\n<\/tr>\n<tr>\n<td>Max mootoriv\u00f5imsus<\/td>\n<td>20 hj (14.7 kW)<\/td>\n<\/tr>\n<tr>\n<td>P\u00e4ramootori jala pikkus<\/td>\n<td>pikk(L)<\/td>\n<\/tr>\n<tr>\n<td>Kandev\u00f5ime<\/td>\n<td>484kg<\/td>\n<\/tr>\n<tr>\n<td>Maksimaalne inimeste arv<\/td>\n<td>4<\/td>\n<\/tr>\n<tr>\n<td>Klass<\/td>\n<td>rannikuveed, siseveekogud.<\/td>\n<\/tr>\n<\/tbody>\n<\/table>\n","protected":false},"featured_media":72509,"template":"","meta":[],"product_brand":[],"product_cat":[766],"product_tag":[],"class_list":{"0":"post-72609","1":"product","2":"type-product","3":"status-publish","4":"has-post-thumbnail","6":"product_cat-linder-ru","7":"tm-has-options","9":"first","10":"instock","11":"taxable","12":"shipping-taxable","13":"purchasable","14":"product-type-simple"},"yoast_head":"<!-- This site is optimized with the Yoast SEO plugin v27.2 - https:\/\/yoast.com\/product\/yoast-seo-wordpress\/ -->\n<title>LINDER Sportsman 445 basic - Boat Service Estonia<\/title>\n<meta name=\"robots\" content=\"index, follow, max-snippet:-1, max-image-preview:large, max-video-preview:-1\" \/>\n<link rel=\"canonical\" href=\"https:\/\/boat-service.ee\/ru\/pood\/%d0%bb%d0%be%d0%b4%d0%ba%d0%b8-ru\/linder-ru\/linder-sportsman-445-basic\/\" \/>\n<meta property=\"og:locale\" content=\"ru_RU\" \/>\n<meta property=\"og:type\" content=\"article\" \/>\n<meta property=\"og:title\" content=\"LINDER Sportsman 445 basic - Boat Service Estonia\" \/>\n<meta property=\"og:description\" content=\"Paat sobilik nii kalastamiseks kui ka veesuusatamiseks j\u00e4rvedel ja rannikuvetes. Paadikere on valmistatud k\u00f5rgekvaliteetsest korrosioonikindlast alumiiniumist, mida kasutatakse lennukiehituses. TEHNILISED N\u00c4ITAJAD    Pikkus 451cm   Laius 175cm   Kaal 189kg   Parda k\u00f5rgus veejoonest 50cm   Sisek\u00f5rgus 60cm   Kere paksus 2,0mm   Kere nurk 9\u00b0   Lubatud mootorivahemik 10-20 hj (7.4-14.7 kW)   Max mootoriv\u00f5imsus 20 hj (14.7 kW)   P\u00e4ramootori jala pikkus pikk(L)   Kandev\u00f5ime 484kg   Maksimaalne inimeste arv 4   Klass rannikuveed, siseveekogud.\" \/>\n<meta property=\"og:url\" content=\"https:\/\/boat-service.ee\/ru\/pood\/%d0%bb%d0%be%d0%b4%d0%ba%d0%b8-ru\/linder-ru\/linder-sportsman-445-basic\/\" \/>\n<meta property=\"og:site_name\" content=\"Boat Service Estonia\" \/>\n<meta property=\"article:publisher\" content=\"https:\/\/www.facebook.com\/boatserviceestonia\" \/>\n<meta property=\"og:image\" content=\"https:\/\/boat-service.ee\/wp-content\/uploads\/2023\/07\/Linder-445-main.jpg\" \/>\n\t<meta property=\"og:image:width\" content=\"960\" \/>\n\t<meta property=\"og:image:height\" content=\"960\" \/>\n\t<meta property=\"og:image:type\" content=\"image\/jpeg\" \/>\n<meta name=\"twitter:card\" content=\"summary_large_image\" \/>\n<script type=\"application\/ld+json\" class=\"yoast-schema-graph\">{\"@context\":\"https:\/\/schema.org\",\"@graph\":[{\"@type\":\"WebPage\",\"@id\":\"https:\/\/boat-service.ee\/ru\/pood\/%d0%bb%d0%be%d0%b4%d0%ba%d0%b8-ru\/linder-ru\/linder-sportsman-445-basic\/\",\"url\":\"https:\/\/boat-service.ee\/ru\/pood\/%d0%bb%d0%be%d0%b4%d0%ba%d0%b8-ru\/linder-ru\/linder-sportsman-445-basic\/\",\"name\":\"LINDER Sportsman 445 basic - Boat Service Estonia\",\"isPartOf\":{\"@id\":\"https:\/\/boat-service.ee\/ru\/#website\"},\"primaryImageOfPage\":{\"@id\":\"https:\/\/boat-service.ee\/ru\/pood\/%d0%bb%d0%be%d0%b4%d0%ba%d0%b8-ru\/linder-ru\/linder-sportsman-445-basic\/#primaryimage\"},\"image\":{\"@id\":\"https:\/\/boat-service.ee\/ru\/pood\/%d0%bb%d0%be%d0%b4%d0%ba%d0%b8-ru\/linder-ru\/linder-sportsman-445-basic\/#primaryimage\"},\"thumbnailUrl\":\"https:\/\/boat-service.ee\/wp-content\/uploads\/2023\/07\/Linder-445-main.jpg\",\"datePublished\":\"2023-07-24T11:04:39+00:00\",\"breadcrumb\":{\"@id\":\"https:\/\/boat-service.ee\/ru\/pood\/%d0%bb%d0%be%d0%b4%d0%ba%d0%b8-ru\/linder-ru\/linder-sportsman-445-basic\/#breadcrumb\"},\"inLanguage\":\"ru-RU\",\"potentialAction\":[{\"@type\":\"ReadAction\",\"target\":[\"https:\/\/boat-service.ee\/ru\/pood\/%d0%bb%d0%be%d0%b4%d0%ba%d0%b8-ru\/linder-ru\/linder-sportsman-445-basic\/\"]}]},{\"@type\":\"ImageObject\",\"inLanguage\":\"ru-RU\",\"@id\":\"https:\/\/boat-service.ee\/ru\/pood\/%d0%bb%d0%be%d0%b4%d0%ba%d0%b8-ru\/linder-ru\/linder-sportsman-445-basic\/#primaryimage\",\"url\":\"https:\/\/boat-service.ee\/wp-content\/uploads\/2023\/07\/Linder-445-main.jpg\",\"contentUrl\":\"https:\/\/boat-service.ee\/wp-content\/uploads\/2023\/07\/Linder-445-main.jpg\",\"width\":960,\"height\":960},{\"@type\":\"BreadcrumbList\",\"@id\":\"https:\/\/boat-service.ee\/ru\/pood\/%d0%bb%d0%be%d0%b4%d0%ba%d0%b8-ru\/linder-ru\/linder-sportsman-445-basic\/#breadcrumb\",\"itemListElement\":[{\"@type\":\"ListItem\",\"position\":1,\"name\":\"Home\",\"item\":\"https:\/\/boat-service.ee\/ru\/\"},{\"@type\":\"ListItem\",\"position\":2,\"name\":\"\u041c\u0430\u0433\u0430\u0437\u0438\u043d\",\"item\":\"https:\/\/boat-service.ee\/ru\/%d0%bc%d0%b0%d0%b3%d0%b0%d0%b7%d0%b8%d0%bd\/\"},{\"@type\":\"ListItem\",\"position\":3,\"name\":\"LINDER Sportsman 445 basic\"}]},{\"@type\":\"WebSite\",\"@id\":\"https:\/\/boat-service.ee\/ru\/#website\",\"url\":\"https:\/\/boat-service.ee\/ru\/\",\"name\":\"Boat Service Estonia\",\"description\":\"Boat Service Estonia - Mootorpaadid, treilerid, mootorid\",\"publisher\":{\"@id\":\"https:\/\/boat-service.ee\/ru\/#organization\"},\"potentialAction\":[{\"@type\":\"SearchAction\",\"target\":{\"@type\":\"EntryPoint\",\"urlTemplate\":\"https:\/\/boat-service.ee\/ru\/?s={search_term_string}\"},\"query-input\":{\"@type\":\"PropertyValueSpecification\",\"valueRequired\":true,\"valueName\":\"search_term_string\"}}],\"inLanguage\":\"ru-RU\"},{\"@type\":\"Organization\",\"@id\":\"https:\/\/boat-service.ee\/ru\/#organization\",\"name\":\"KALASTUSPOOD O\u00dc\",\"url\":\"https:\/\/boat-service.ee\/ru\/\",\"logo\":{\"@type\":\"ImageObject\",\"inLanguage\":\"ru-RU\",\"@id\":\"https:\/\/boat-service.ee\/ru\/#\/schema\/logo\/image\/\",\"url\":\"https:\/\/boat-service.ee\/wp-content\/uploads\/2023\/05\/impLogo.png\",\"contentUrl\":\"https:\/\/boat-service.ee\/wp-content\/uploads\/2023\/05\/impLogo.png\",\"width\":270,\"height\":107,\"caption\":\"KALASTUSPOOD O\u00dc\"},\"image\":{\"@id\":\"https:\/\/boat-service.ee\/ru\/#\/schema\/logo\/image\/\"},\"sameAs\":[\"https:\/\/www.facebook.com\/boatserviceestonia\",\"https:\/\/www.instagram.com\/kalastus_ja_paadipood\/\"]}]}<\/script>\n<!-- \/ Yoast SEO plugin. -->","yoast_head_json":{"title":"LINDER Sportsman 445 basic - Boat Service Estonia","robots":{"index":"index","follow":"follow","max-snippet":"max-snippet:-1","max-image-preview":"max-image-preview:large","max-video-preview":"max-video-preview:-1"},"canonical":"https:\/\/boat-service.ee\/ru\/pood\/%d0%bb%d0%be%d0%b4%d0%ba%d0%b8-ru\/linder-ru\/linder-sportsman-445-basic\/","og_locale":"ru_RU","og_type":"article","og_title":"LINDER Sportsman 445 basic - Boat Service Estonia","og_description":"Paat sobilik nii kalastamiseks kui ka veesuusatamiseks j\u00e4rvedel ja rannikuvetes. Paadikere on valmistatud k\u00f5rgekvaliteetsest korrosioonikindlast alumiiniumist, mida kasutatakse lennukiehituses. TEHNILISED N\u00c4ITAJAD    Pikkus 451cm   Laius 175cm   Kaal 189kg   Parda k\u00f5rgus veejoonest 50cm   Sisek\u00f5rgus 60cm   Kere paksus 2,0mm   Kere nurk 9\u00b0   Lubatud mootorivahemik 10-20 hj (7.4-14.7 kW)   Max mootoriv\u00f5imsus 20 hj (14.7 kW)   P\u00e4ramootori jala pikkus pikk(L)   Kandev\u00f5ime 484kg   Maksimaalne inimeste arv 4   Klass rannikuveed, siseveekogud.","og_url":"https:\/\/boat-service.ee\/ru\/pood\/%d0%bb%d0%be%d0%b4%d0%ba%d0%b8-ru\/linder-ru\/linder-sportsman-445-basic\/","og_site_name":"Boat Service Estonia","article_publisher":"https:\/\/www.facebook.com\/boatserviceestonia","og_image":[{"width":960,"height":960,"url":"https:\/\/boat-service.ee\/wp-content\/uploads\/2023\/07\/Linder-445-main.jpg","type":"image\/jpeg"}],"twitter_card":"summary_large_image","schema":{"@context":"https:\/\/schema.org","@graph":[{"@type":"WebPage","@id":"https:\/\/boat-service.ee\/ru\/pood\/%d0%bb%d0%be%d0%b4%d0%ba%d0%b8-ru\/linder-ru\/linder-sportsman-445-basic\/","url":"https:\/\/boat-service.ee\/ru\/pood\/%d0%bb%d0%be%d0%b4%d0%ba%d0%b8-ru\/linder-ru\/linder-sportsman-445-basic\/","name":"LINDER Sportsman 445 basic - Boat Service Estonia","isPartOf":{"@id":"https:\/\/boat-service.ee\/ru\/#website"},"primaryImageOfPage":{"@id":"https:\/\/boat-service.ee\/ru\/pood\/%d0%bb%d0%be%d0%b4%d0%ba%d0%b8-ru\/linder-ru\/linder-sportsman-445-basic\/#primaryimage"},"image":{"@id":"https:\/\/boat-service.ee\/ru\/pood\/%d0%bb%d0%be%d0%b4%d0%ba%d0%b8-ru\/linder-ru\/linder-sportsman-445-basic\/#primaryimage"},"thumbnailUrl":"https:\/\/boat-service.ee\/wp-content\/uploads\/2023\/07\/Linder-445-main.jpg","datePublished":"2023-07-24T11:04:39+00:00","breadcrumb":{"@id":"https:\/\/boat-service.ee\/ru\/pood\/%d0%bb%d0%be%d0%b4%d0%ba%d0%b8-ru\/linder-ru\/linder-sportsman-445-basic\/#breadcrumb"},"inLanguage":"ru-RU","potentialAction":[{"@type":"ReadAction","target":["https:\/\/boat-service.ee\/ru\/pood\/%d0%bb%d0%be%d0%b4%d0%ba%d0%b8-ru\/linder-ru\/linder-sportsman-445-basic\/"]}]},{"@type":"ImageObject","inLanguage":"ru-RU","@id":"https:\/\/boat-service.ee\/ru\/pood\/%d0%bb%d0%be%d0%b4%d0%ba%d0%b8-ru\/linder-ru\/linder-sportsman-445-basic\/#primaryimage","url":"https:\/\/boat-service.ee\/wp-content\/uploads\/2023\/07\/Linder-445-main.jpg","contentUrl":"https:\/\/boat-service.ee\/wp-content\/uploads\/2023\/07\/Linder-445-main.jpg","width":960,"height":960},{"@type":"BreadcrumbList","@id":"https:\/\/boat-service.ee\/ru\/pood\/%d0%bb%d0%be%d0%b4%d0%ba%d0%b8-ru\/linder-ru\/linder-sportsman-445-basic\/#breadcrumb","itemListElement":[{"@type":"ListItem","position":1,"name":"Home","item":"https:\/\/boat-service.ee\/ru\/"},{"@type":"ListItem","position":2,"name":"\u041c\u0430\u0433\u0430\u0437\u0438\u043d","item":"https:\/\/boat-service.ee\/ru\/%d0%bc%d0%b0%d0%b3%d0%b0%d0%b7%d0%b8%d0%bd\/"},{"@type":"ListItem","position":3,"name":"LINDER Sportsman 445 basic"}]},{"@type":"WebSite","@id":"https:\/\/boat-service.ee\/ru\/#website","url":"https:\/\/boat-service.ee\/ru\/","name":"Boat Service Estonia","description":"Boat Service Estonia - Mootorpaadid, treilerid, mootorid","publisher":{"@id":"https:\/\/boat-service.ee\/ru\/#organization"},"potentialAction":[{"@type":"SearchAction","target":{"@type":"EntryPoint","urlTemplate":"https:\/\/boat-service.ee\/ru\/?s={search_term_string}"},"query-input":{"@type":"PropertyValueSpecification","valueRequired":true,"valueName":"search_term_string"}}],"inLanguage":"ru-RU"},{"@type":"Organization","@id":"https:\/\/boat-service.ee\/ru\/#organization","name":"KALASTUSPOOD O\u00dc","url":"https:\/\/boat-service.ee\/ru\/","logo":{"@type":"ImageObject","inLanguage":"ru-RU","@id":"https:\/\/boat-service.ee\/ru\/#\/schema\/logo\/image\/","url":"https:\/\/boat-service.ee\/wp-content\/uploads\/2023\/05\/impLogo.png","contentUrl":"https:\/\/boat-service.ee\/wp-content\/uploads\/2023\/05\/impLogo.png","width":270,"height":107,"caption":"KALASTUSPOOD O\u00dc"},"image":{"@id":"https:\/\/boat-service.ee\/ru\/#\/schema\/logo\/image\/"},"sameAs":["https:\/\/www.facebook.com\/boatserviceestonia","https:\/\/www.instagram.com\/kalastus_ja_paadipood\/"]}]}},"_links":{"self":[{"href":"https:\/\/boat-service.ee\/ru\/wp-json\/wp\/v2\/product\/72609","targetHints":{"allow":["GET"]}}],"collection":[{"href":"https:\/\/boat-service.ee\/ru\/wp-json\/wp\/v2\/product"}],"about":[{"href":"https:\/\/boat-service.ee\/ru\/wp-json\/wp\/v2\/types\/product"}],"wp:featuredmedia":[{"embeddable":true,"href":"https:\/\/boat-service.ee\/ru\/wp-json\/wp\/v2\/media\/72509"}],"wp:attachment":[{"href":"https:\/\/boat-service.ee\/ru\/wp-json\/wp\/v2\/media?parent=72609"}],"wp:term":[{"taxonomy":"product_brand","embeddable":true,"href":"https:\/\/boat-service.ee\/ru\/wp-json\/wp\/v2\/product_brand?post=72609"},{"taxonomy":"product_cat","embeddable":true,"href":"https:\/\/boat-service.ee\/ru\/wp-json\/wp\/v2\/product_cat?post=72609"},{"taxonomy":"product_tag","embeddable":true,"href":"https:\/\/boat-service.ee\/ru\/wp-json\/wp\/v2\/product_tag?post=72609"}],"curies":[{"name":"wp","href":"https:\/\/api.w.org\/{rel}","templated":true}]}}