{"id":72607,"date":"2023-07-25T15:08:16","date_gmt":"2023-07-25T13:08:16","guid":{"rendered":"https:\/\/boat-service.ee\/pood\/uncategorized\/linder-fishing-440\/"},"modified":"2023-07-25T15:08:16","modified_gmt":"2023-07-25T13:08:16","slug":"linder-fishing-440","status":"publish","type":"product","link":"https:\/\/boat-service.ee\/ru\/pood\/%d0%bb%d0%be%d0%b4%d0%ba%d0%b8-ru\/linder-ru\/linder-fishing-440\/","title":{"rendered":"LINDER Fishing 440"},"content":{"rendered":"","protected":false},"excerpt":{"rendered":"<p>Kerge ja stabiilne s\u00f5ude\/mootorpaat kogu perele. Sobib j\u00e4rvedele ja rannikuvetele. V\u00f5imalik paigaldada v\u00e4ikese p\u00e4ramootori v\u00f5i elektrimootori. Valmistatud k\u00f5rgekvaliteetsest korrosioonikindlast alumiiniumist (kasutusel lennukiehituses). Fishing 440 on varustatud alumiiniumist aerudega.<\/p>\n<p><strong>TEHNILISED N\u00c4ITAJAD<\/strong><\/p>\n<table>\n<tbody>\n<tr>\n<td>Pikkus<\/td>\n<td>431cm<\/td>\n<\/tr>\n<tr>\n<td>Laius<\/td>\n<td>164cm<\/td>\n<\/tr>\n<tr>\n<td>Kaal<\/td>\n<td>94kg<\/td>\n<\/tr>\n<tr>\n<td>Parda k\u00f5rgus<\/td>\n<td>50cm<\/td>\n<\/tr>\n<tr>\n<td>Sisek\u00f5rgus<\/td>\n<td>54cm<\/td>\n<\/tr>\n<tr>\n<td>Kere paksus<\/td>\n<td>1,7mm<\/td>\n<\/tr>\n<tr>\n<td>Kere s\u00fcgavus<\/td>\n<td>60cm<\/td>\n<\/tr>\n<tr>\n<td>Lubatud mootorivahemik<\/td>\n<td>2,5-5 hj (1,9-3,7 kW)<\/td>\n<\/tr>\n<tr>\n<td>Maksimaalne mootori v\u00f5imsus<\/td>\n<td>5 hj (3,7 kW)<\/td>\n<\/tr>\n<tr>\n<td>P\u00e4ramootori jala pikkus<\/td>\n<td>l\u00fchike(S)<\/td>\n<\/tr>\n<tr>\n<td>Kandev\u00f5ime<\/td>\n<td>400kg<\/td>\n<\/tr>\n<tr>\n<td>Maksimaalne inimeste arv<\/td>\n<td>4<\/td>\n<\/tr>\n<tr>\n<td>Kindlustusklassi reiting:<\/td>\n<td>3<\/td>\n<\/tr>\n<tr>\n<td>CE-m\u00e4rgisega kategooria<\/td>\n<td>rannik, D siseveed<\/td>\n<\/tr>\n<\/tbody>\n<\/table>\n","protected":false},"featured_media":72586,"template":"","meta":[],"product_brand":[],"product_cat":[766],"product_tag":[],"class_list":{"0":"post-72607","1":"product","2":"type-product","3":"status-publish","4":"has-post-thumbnail","6":"product_cat-linder-ru","7":"tm-has-options","9":"first","10":"instock","11":"taxable","12":"shipping-taxable","13":"purchasable","14":"product-type-simple"},"yoast_head":"<!-- This site is optimized with the Yoast SEO plugin v27.2 - https:\/\/yoast.com\/product\/yoast-seo-wordpress\/ -->\n<title>LINDER Fishing 440 - Boat Service Estonia<\/title>\n<meta name=\"robots\" content=\"index, follow, max-snippet:-1, max-image-preview:large, max-video-preview:-1\" \/>\n<link rel=\"canonical\" href=\"https:\/\/boat-service.ee\/ru\/pood\/%d0%bb%d0%be%d0%b4%d0%ba%d0%b8-ru\/linder-ru\/linder-fishing-440\/\" \/>\n<meta property=\"og:locale\" content=\"ru_RU\" \/>\n<meta property=\"og:type\" content=\"article\" \/>\n<meta property=\"og:title\" content=\"LINDER Fishing 440 - Boat Service Estonia\" \/>\n<meta property=\"og:description\" content=\"Kerge ja stabiilne s\u00f5ude\/mootorpaat kogu perele. Sobib j\u00e4rvedele ja rannikuvetele. V\u00f5imalik paigaldada v\u00e4ikese p\u00e4ramootori v\u00f5i elektrimootori. Valmistatud k\u00f5rgekvaliteetsest korrosioonikindlast alumiiniumist (kasutusel lennukiehituses). Fishing 440 on varustatud alumiiniumist aerudega. TEHNILISED N\u00c4ITAJAD    Pikkus 431cm   Laius 164cm   Kaal 94kg   Parda k\u00f5rgus 50cm   Sisek\u00f5rgus 54cm   Kere paksus 1,7mm   Kere s\u00fcgavus 60cm   Lubatud mootorivahemik 2,5-5 hj (1,9-3,7 kW)   Maksimaalne mootori v\u00f5imsus 5 hj (3,7 kW)   P\u00e4ramootori jala pikkus l\u00fchike(S)   Kandev\u00f5ime 400kg   Maksimaalne inimeste arv 4   Kindlustusklassi reiting: 3   CE-m\u00e4rgisega kategooria rannik, D siseveed\" \/>\n<meta property=\"og:url\" content=\"https:\/\/boat-service.ee\/ru\/pood\/%d0%bb%d0%be%d0%b4%d0%ba%d0%b8-ru\/linder-ru\/linder-fishing-440\/\" \/>\n<meta property=\"og:site_name\" content=\"Boat Service Estonia\" \/>\n<meta property=\"article:publisher\" content=\"https:\/\/www.facebook.com\/boatserviceestonia\" \/>\n<meta property=\"og:image\" content=\"https:\/\/boat-service.ee\/wp-content\/uploads\/2023\/07\/Linder-440-main.jpg\" \/>\n\t<meta property=\"og:image:width\" content=\"960\" \/>\n\t<meta property=\"og:image:height\" content=\"960\" \/>\n\t<meta property=\"og:image:type\" content=\"image\/jpeg\" \/>\n<meta name=\"twitter:card\" content=\"summary_large_image\" \/>\n<script type=\"application\/ld+json\" class=\"yoast-schema-graph\">{\"@context\":\"https:\/\/schema.org\",\"@graph\":[{\"@type\":\"WebPage\",\"@id\":\"https:\/\/boat-service.ee\/ru\/pood\/%d0%bb%d0%be%d0%b4%d0%ba%d0%b8-ru\/linder-ru\/linder-fishing-440\/\",\"url\":\"https:\/\/boat-service.ee\/ru\/pood\/%d0%bb%d0%be%d0%b4%d0%ba%d0%b8-ru\/linder-ru\/linder-fishing-440\/\",\"name\":\"LINDER Fishing 440 - Boat Service Estonia\",\"isPartOf\":{\"@id\":\"https:\/\/boat-service.ee\/ru\/#website\"},\"primaryImageOfPage\":{\"@id\":\"https:\/\/boat-service.ee\/ru\/pood\/%d0%bb%d0%be%d0%b4%d0%ba%d0%b8-ru\/linder-ru\/linder-fishing-440\/#primaryimage\"},\"image\":{\"@id\":\"https:\/\/boat-service.ee\/ru\/pood\/%d0%bb%d0%be%d0%b4%d0%ba%d0%b8-ru\/linder-ru\/linder-fishing-440\/#primaryimage\"},\"thumbnailUrl\":\"https:\/\/boat-service.ee\/wp-content\/uploads\/2023\/07\/Linder-440-main.jpg\",\"datePublished\":\"2023-07-25T13:08:16+00:00\",\"breadcrumb\":{\"@id\":\"https:\/\/boat-service.ee\/ru\/pood\/%d0%bb%d0%be%d0%b4%d0%ba%d0%b8-ru\/linder-ru\/linder-fishing-440\/#breadcrumb\"},\"inLanguage\":\"ru-RU\",\"potentialAction\":[{\"@type\":\"ReadAction\",\"target\":[\"https:\/\/boat-service.ee\/ru\/pood\/%d0%bb%d0%be%d0%b4%d0%ba%d0%b8-ru\/linder-ru\/linder-fishing-440\/\"]}]},{\"@type\":\"ImageObject\",\"inLanguage\":\"ru-RU\",\"@id\":\"https:\/\/boat-service.ee\/ru\/pood\/%d0%bb%d0%be%d0%b4%d0%ba%d0%b8-ru\/linder-ru\/linder-fishing-440\/#primaryimage\",\"url\":\"https:\/\/boat-service.ee\/wp-content\/uploads\/2023\/07\/Linder-440-main.jpg\",\"contentUrl\":\"https:\/\/boat-service.ee\/wp-content\/uploads\/2023\/07\/Linder-440-main.jpg\",\"width\":960,\"height\":960},{\"@type\":\"BreadcrumbList\",\"@id\":\"https:\/\/boat-service.ee\/ru\/pood\/%d0%bb%d0%be%d0%b4%d0%ba%d0%b8-ru\/linder-ru\/linder-fishing-440\/#breadcrumb\",\"itemListElement\":[{\"@type\":\"ListItem\",\"position\":1,\"name\":\"Home\",\"item\":\"https:\/\/boat-service.ee\/ru\/\"},{\"@type\":\"ListItem\",\"position\":2,\"name\":\"\u041c\u0430\u0433\u0430\u0437\u0438\u043d\",\"item\":\"https:\/\/boat-service.ee\/ru\/%d0%bc%d0%b0%d0%b3%d0%b0%d0%b7%d0%b8%d0%bd\/\"},{\"@type\":\"ListItem\",\"position\":3,\"name\":\"LINDER Fishing 440\"}]},{\"@type\":\"WebSite\",\"@id\":\"https:\/\/boat-service.ee\/ru\/#website\",\"url\":\"https:\/\/boat-service.ee\/ru\/\",\"name\":\"Boat Service Estonia\",\"description\":\"Boat Service Estonia - Mootorpaadid, treilerid, mootorid\",\"publisher\":{\"@id\":\"https:\/\/boat-service.ee\/ru\/#organization\"},\"potentialAction\":[{\"@type\":\"SearchAction\",\"target\":{\"@type\":\"EntryPoint\",\"urlTemplate\":\"https:\/\/boat-service.ee\/ru\/?s={search_term_string}\"},\"query-input\":{\"@type\":\"PropertyValueSpecification\",\"valueRequired\":true,\"valueName\":\"search_term_string\"}}],\"inLanguage\":\"ru-RU\"},{\"@type\":\"Organization\",\"@id\":\"https:\/\/boat-service.ee\/ru\/#organization\",\"name\":\"KALASTUSPOOD O\u00dc\",\"url\":\"https:\/\/boat-service.ee\/ru\/\",\"logo\":{\"@type\":\"ImageObject\",\"inLanguage\":\"ru-RU\",\"@id\":\"https:\/\/boat-service.ee\/ru\/#\/schema\/logo\/image\/\",\"url\":\"https:\/\/boat-service.ee\/wp-content\/uploads\/2023\/05\/impLogo.png\",\"contentUrl\":\"https:\/\/boat-service.ee\/wp-content\/uploads\/2023\/05\/impLogo.png\",\"width\":270,\"height\":107,\"caption\":\"KALASTUSPOOD O\u00dc\"},\"image\":{\"@id\":\"https:\/\/boat-service.ee\/ru\/#\/schema\/logo\/image\/\"},\"sameAs\":[\"https:\/\/www.facebook.com\/boatserviceestonia\",\"https:\/\/www.instagram.com\/kalastus_ja_paadipood\/\"]}]}<\/script>\n<!-- \/ Yoast SEO plugin. -->","yoast_head_json":{"title":"LINDER Fishing 440 - Boat Service Estonia","robots":{"index":"index","follow":"follow","max-snippet":"max-snippet:-1","max-image-preview":"max-image-preview:large","max-video-preview":"max-video-preview:-1"},"canonical":"https:\/\/boat-service.ee\/ru\/pood\/%d0%bb%d0%be%d0%b4%d0%ba%d0%b8-ru\/linder-ru\/linder-fishing-440\/","og_locale":"ru_RU","og_type":"article","og_title":"LINDER Fishing 440 - Boat Service Estonia","og_description":"Kerge ja stabiilne s\u00f5ude\/mootorpaat kogu perele. Sobib j\u00e4rvedele ja rannikuvetele. V\u00f5imalik paigaldada v\u00e4ikese p\u00e4ramootori v\u00f5i elektrimootori. Valmistatud k\u00f5rgekvaliteetsest korrosioonikindlast alumiiniumist (kasutusel lennukiehituses). Fishing 440 on varustatud alumiiniumist aerudega. TEHNILISED N\u00c4ITAJAD    Pikkus 431cm   Laius 164cm   Kaal 94kg   Parda k\u00f5rgus 50cm   Sisek\u00f5rgus 54cm   Kere paksus 1,7mm   Kere s\u00fcgavus 60cm   Lubatud mootorivahemik 2,5-5 hj (1,9-3,7 kW)   Maksimaalne mootori v\u00f5imsus 5 hj (3,7 kW)   P\u00e4ramootori jala pikkus l\u00fchike(S)   Kandev\u00f5ime 400kg   Maksimaalne inimeste arv 4   Kindlustusklassi reiting: 3   CE-m\u00e4rgisega kategooria rannik, D siseveed","og_url":"https:\/\/boat-service.ee\/ru\/pood\/%d0%bb%d0%be%d0%b4%d0%ba%d0%b8-ru\/linder-ru\/linder-fishing-440\/","og_site_name":"Boat Service Estonia","article_publisher":"https:\/\/www.facebook.com\/boatserviceestonia","og_image":[{"width":960,"height":960,"url":"https:\/\/boat-service.ee\/wp-content\/uploads\/2023\/07\/Linder-440-main.jpg","type":"image\/jpeg"}],"twitter_card":"summary_large_image","schema":{"@context":"https:\/\/schema.org","@graph":[{"@type":"WebPage","@id":"https:\/\/boat-service.ee\/ru\/pood\/%d0%bb%d0%be%d0%b4%d0%ba%d0%b8-ru\/linder-ru\/linder-fishing-440\/","url":"https:\/\/boat-service.ee\/ru\/pood\/%d0%bb%d0%be%d0%b4%d0%ba%d0%b8-ru\/linder-ru\/linder-fishing-440\/","name":"LINDER Fishing 440 - Boat Service Estonia","isPartOf":{"@id":"https:\/\/boat-service.ee\/ru\/#website"},"primaryImageOfPage":{"@id":"https:\/\/boat-service.ee\/ru\/pood\/%d0%bb%d0%be%d0%b4%d0%ba%d0%b8-ru\/linder-ru\/linder-fishing-440\/#primaryimage"},"image":{"@id":"https:\/\/boat-service.ee\/ru\/pood\/%d0%bb%d0%be%d0%b4%d0%ba%d0%b8-ru\/linder-ru\/linder-fishing-440\/#primaryimage"},"thumbnailUrl":"https:\/\/boat-service.ee\/wp-content\/uploads\/2023\/07\/Linder-440-main.jpg","datePublished":"2023-07-25T13:08:16+00:00","breadcrumb":{"@id":"https:\/\/boat-service.ee\/ru\/pood\/%d0%bb%d0%be%d0%b4%d0%ba%d0%b8-ru\/linder-ru\/linder-fishing-440\/#breadcrumb"},"inLanguage":"ru-RU","potentialAction":[{"@type":"ReadAction","target":["https:\/\/boat-service.ee\/ru\/pood\/%d0%bb%d0%be%d0%b4%d0%ba%d0%b8-ru\/linder-ru\/linder-fishing-440\/"]}]},{"@type":"ImageObject","inLanguage":"ru-RU","@id":"https:\/\/boat-service.ee\/ru\/pood\/%d0%bb%d0%be%d0%b4%d0%ba%d0%b8-ru\/linder-ru\/linder-fishing-440\/#primaryimage","url":"https:\/\/boat-service.ee\/wp-content\/uploads\/2023\/07\/Linder-440-main.jpg","contentUrl":"https:\/\/boat-service.ee\/wp-content\/uploads\/2023\/07\/Linder-440-main.jpg","width":960,"height":960},{"@type":"BreadcrumbList","@id":"https:\/\/boat-service.ee\/ru\/pood\/%d0%bb%d0%be%d0%b4%d0%ba%d0%b8-ru\/linder-ru\/linder-fishing-440\/#breadcrumb","itemListElement":[{"@type":"ListItem","position":1,"name":"Home","item":"https:\/\/boat-service.ee\/ru\/"},{"@type":"ListItem","position":2,"name":"\u041c\u0430\u0433\u0430\u0437\u0438\u043d","item":"https:\/\/boat-service.ee\/ru\/%d0%bc%d0%b0%d0%b3%d0%b0%d0%b7%d0%b8%d0%bd\/"},{"@type":"ListItem","position":3,"name":"LINDER Fishing 440"}]},{"@type":"WebSite","@id":"https:\/\/boat-service.ee\/ru\/#website","url":"https:\/\/boat-service.ee\/ru\/","name":"Boat Service Estonia","description":"Boat Service Estonia - Mootorpaadid, treilerid, mootorid","publisher":{"@id":"https:\/\/boat-service.ee\/ru\/#organization"},"potentialAction":[{"@type":"SearchAction","target":{"@type":"EntryPoint","urlTemplate":"https:\/\/boat-service.ee\/ru\/?s={search_term_string}"},"query-input":{"@type":"PropertyValueSpecification","valueRequired":true,"valueName":"search_term_string"}}],"inLanguage":"ru-RU"},{"@type":"Organization","@id":"https:\/\/boat-service.ee\/ru\/#organization","name":"KALASTUSPOOD O\u00dc","url":"https:\/\/boat-service.ee\/ru\/","logo":{"@type":"ImageObject","inLanguage":"ru-RU","@id":"https:\/\/boat-service.ee\/ru\/#\/schema\/logo\/image\/","url":"https:\/\/boat-service.ee\/wp-content\/uploads\/2023\/05\/impLogo.png","contentUrl":"https:\/\/boat-service.ee\/wp-content\/uploads\/2023\/05\/impLogo.png","width":270,"height":107,"caption":"KALASTUSPOOD O\u00dc"},"image":{"@id":"https:\/\/boat-service.ee\/ru\/#\/schema\/logo\/image\/"},"sameAs":["https:\/\/www.facebook.com\/boatserviceestonia","https:\/\/www.instagram.com\/kalastus_ja_paadipood\/"]}]}},"_links":{"self":[{"href":"https:\/\/boat-service.ee\/ru\/wp-json\/wp\/v2\/product\/72607","targetHints":{"allow":["GET"]}}],"collection":[{"href":"https:\/\/boat-service.ee\/ru\/wp-json\/wp\/v2\/product"}],"about":[{"href":"https:\/\/boat-service.ee\/ru\/wp-json\/wp\/v2\/types\/product"}],"wp:featuredmedia":[{"embeddable":true,"href":"https:\/\/boat-service.ee\/ru\/wp-json\/wp\/v2\/media\/72586"}],"wp:attachment":[{"href":"https:\/\/boat-service.ee\/ru\/wp-json\/wp\/v2\/media?parent=72607"}],"wp:term":[{"taxonomy":"product_brand","embeddable":true,"href":"https:\/\/boat-service.ee\/ru\/wp-json\/wp\/v2\/product_brand?post=72607"},{"taxonomy":"product_cat","embeddable":true,"href":"https:\/\/boat-service.ee\/ru\/wp-json\/wp\/v2\/product_cat?post=72607"},{"taxonomy":"product_tag","embeddable":true,"href":"https:\/\/boat-service.ee\/ru\/wp-json\/wp\/v2\/product_tag?post=72607"}],"curies":[{"name":"wp","href":"https:\/\/api.w.org\/{rel}","templated":true}]}}