{"id":70319,"date":"2023-06-02T13:22:46","date_gmt":"2023-06-02T11:22:46","guid":{"rendered":"https:\/\/boat-service.ee\/pood\/uncategorized\/gelshield-200-grey-epoxy-primer\/"},"modified":"2023-06-02T13:38:20","modified_gmt":"2023-06-02T11:38:20","slug":"gelshield-200-grey-epoxy-primer","status":"publish","type":"product","link":"https:\/\/boat-service.ee\/ru\/pood\/%d0%b0%d0%ba%d1%81%d0%b5%d1%81%d1%81%d1%83%d0%b0%d1%80%d1%8b\/%d0%be%d0%b1%d1%81%d0%bb%d1%83%d0%b6%d0%b8%d0%b2%d0%b0%d0%bd%d0%b8%d0%b5-%d0%b8-%d1%80%d0%b5%d0%bc%d0%be%d0%bd%d1%82-%d0%bb%d0%be%d0%b4%d0%be%d0%ba\/pohjavarvid-ja-epoksiidtooted-eu\/gelshield-200-grey-epoxy-primer\/","title":{"rendered":"GELSHIELD 200 GREY EPOXY PRIMER"},"content":{"rendered":"","protected":false},"excerpt":{"rendered":"<p>Gelshield 200 on kiiresti kuivav ja kergesti pealekantav epoks\u00fckrunt, mis kaitseb GRP-d osmoosi eest. Saate seda kasutada kuni 5 \u00b0C ja kuna see kuivab kiiresti, v\u00f5ite \u00fche p\u00e4eva jooksul kanda mitu kihti.<\/p>\n<p><a href=\"https:\/\/boat-service.ee\/wp-content\/uploads\/2023\/06\/international_logo_fullhd.jpeg\"><img loading=\"lazy\" decoding=\"async\" class=\"alignnone size-medium wp-image-70275\" src=\"https:\/\/boat-service.ee\/wp-content\/uploads\/2023\/06\/international_logo_fullhd-300x36.jpeg\" alt=\"\" width=\"300\" height=\"36\" srcset=\"https:\/\/boat-service.ee\/wp-content\/uploads\/2023\/06\/international_logo_fullhd-300x36.jpeg 300w, https:\/\/boat-service.ee\/wp-content\/uploads\/2023\/06\/international_logo_fullhd-1030x123.jpeg 1030w, https:\/\/boat-service.ee\/wp-content\/uploads\/2023\/06\/international_logo_fullhd-768x92.jpeg 768w, https:\/\/boat-service.ee\/wp-content\/uploads\/2023\/06\/international_logo_fullhd-600x72.jpeg 600w, https:\/\/boat-service.ee\/wp-content\/uploads\/2023\/06\/international_logo_fullhd.jpeg 1352w\" sizes=\"auto, (max-width: 300px) 100vw, 300px\" \/><\/a><a href=\"https:\/\/boat-service.ee\/wp-content\/uploads\/2023\/06\/syttyva_fullhd.jpeg\"><img loading=\"lazy\" decoding=\"async\" class=\"alignnone size-medium wp-image-70291\" src=\"https:\/\/boat-service.ee\/wp-content\/uploads\/2023\/06\/syttyva_fullhd-300x300.jpeg\" alt=\"\" width=\"50\" height=\"50\" srcset=\"https:\/\/boat-service.ee\/wp-content\/uploads\/2023\/06\/syttyva_fullhd-300x300.jpeg 300w, https:\/\/boat-service.ee\/wp-content\/uploads\/2023\/06\/syttyva_fullhd-80x80.jpeg 80w, https:\/\/boat-service.ee\/wp-content\/uploads\/2023\/06\/syttyva_fullhd-500x500.jpeg 500w, https:\/\/boat-service.ee\/wp-content\/uploads\/2023\/06\/syttyva_fullhd-600x601.jpeg 600w, https:\/\/boat-service.ee\/wp-content\/uploads\/2023\/06\/syttyva_fullhd-100x100.jpeg 100w, https:\/\/boat-service.ee\/wp-content\/uploads\/2023\/06\/syttyva_fullhd-24x24.jpeg 24w, https:\/\/boat-service.ee\/wp-content\/uploads\/2023\/06\/syttyva_fullhd-48x48.jpeg 48w, https:\/\/boat-service.ee\/wp-content\/uploads\/2023\/06\/syttyva_fullhd-96x96.jpeg 96w, https:\/\/boat-service.ee\/wp-content\/uploads\/2023\/06\/syttyva_fullhd-150x150.jpeg 150w, https:\/\/boat-service.ee\/wp-content\/uploads\/2023\/06\/syttyva_fullhd.jpeg 720w\" sizes=\"auto, (max-width: 50px) 100vw, 50px\" \/><\/a> <a href=\"https:\/\/boat-service.ee\/wp-content\/uploads\/2023\/06\/syovyttava_fullhd.jpeg\"><img loading=\"lazy\" decoding=\"async\" class=\"alignnone size-medium wp-image-70288\" src=\"https:\/\/boat-service.ee\/wp-content\/uploads\/2023\/06\/syovyttava_fullhd-300x300.jpeg\" alt=\"\" width=\"50\" height=\"50\" srcset=\"https:\/\/boat-service.ee\/wp-content\/uploads\/2023\/06\/syovyttava_fullhd-300x300.jpeg 300w, https:\/\/boat-service.ee\/wp-content\/uploads\/2023\/06\/syovyttava_fullhd-80x80.jpeg 80w, https:\/\/boat-service.ee\/wp-content\/uploads\/2023\/06\/syovyttava_fullhd-500x500.jpeg 500w, https:\/\/boat-service.ee\/wp-content\/uploads\/2023\/06\/syovyttava_fullhd-600x600.jpeg 600w, https:\/\/boat-service.ee\/wp-content\/uploads\/2023\/06\/syovyttava_fullhd-100x100.jpeg 100w, https:\/\/boat-service.ee\/wp-content\/uploads\/2023\/06\/syovyttava_fullhd-24x24.jpeg 24w, https:\/\/boat-service.ee\/wp-content\/uploads\/2023\/06\/syovyttava_fullhd-48x48.jpeg 48w, https:\/\/boat-service.ee\/wp-content\/uploads\/2023\/06\/syovyttava_fullhd-96x96.jpeg 96w, https:\/\/boat-service.ee\/wp-content\/uploads\/2023\/06\/syovyttava_fullhd-150x150.jpeg 150w, https:\/\/boat-service.ee\/wp-content\/uploads\/2023\/06\/syovyttava_fullhd.jpeg 709w\" sizes=\"auto, (max-width: 50px) 100vw, 50px\" \/><\/a> <a href=\"https:\/\/boat-service.ee\/wp-content\/uploads\/2023\/06\/lievat_terveysvaikutukset_fullhd.jpeg\"><img loading=\"lazy\" decoding=\"async\" class=\"alignnone size-medium wp-image-70285\" src=\"https:\/\/boat-service.ee\/wp-content\/uploads\/2023\/06\/lievat_terveysvaikutukset_fullhd-300x300.jpeg\" alt=\"\" width=\"50\" height=\"50\" srcset=\"https:\/\/boat-service.ee\/wp-content\/uploads\/2023\/06\/lievat_terveysvaikutukset_fullhd-300x300.jpeg 300w, https:\/\/boat-service.ee\/wp-content\/uploads\/2023\/06\/lievat_terveysvaikutukset_fullhd-80x80.jpeg 80w, https:\/\/boat-service.ee\/wp-content\/uploads\/2023\/06\/lievat_terveysvaikutukset_fullhd-500x500.jpeg 500w, https:\/\/boat-service.ee\/wp-content\/uploads\/2023\/06\/lievat_terveysvaikutukset_fullhd-600x599.jpeg 600w, https:\/\/boat-service.ee\/wp-content\/uploads\/2023\/06\/lievat_terveysvaikutukset_fullhd-100x100.jpeg 100w, https:\/\/boat-service.ee\/wp-content\/uploads\/2023\/06\/lievat_terveysvaikutukset_fullhd-24x24.jpeg 24w, https:\/\/boat-service.ee\/wp-content\/uploads\/2023\/06\/lievat_terveysvaikutukset_fullhd-48x48.jpeg 48w, https:\/\/boat-service.ee\/wp-content\/uploads\/2023\/06\/lievat_terveysvaikutukset_fullhd-96x96.jpeg 96w, https:\/\/boat-service.ee\/wp-content\/uploads\/2023\/06\/lievat_terveysvaikutukset_fullhd-150x150.jpeg 150w, https:\/\/boat-service.ee\/wp-content\/uploads\/2023\/06\/lievat_terveysvaikutukset_fullhd.jpeg 721w\" sizes=\"auto, (max-width: 50px) 100vw, 50px\" \/><\/a><\/p>\n","protected":false},"featured_media":70315,"template":"","meta":[],"product_brand":[],"product_cat":[702],"product_tag":[],"class_list":{"0":"post-70319","1":"product","2":"type-product","3":"status-publish","4":"has-post-thumbnail","6":"product_cat-pohjavarvid-ja-epoksiidtooted-eu","7":"tm-has-options","9":"first","10":"instock","11":"taxable","12":"shipping-taxable","13":"purchasable","14":"product-type-simple"},"yoast_head":"<!-- This site is optimized with the Yoast SEO plugin v27.2 - https:\/\/yoast.com\/product\/yoast-seo-wordpress\/ -->\n<title>GELSHIELD 200 GREY EPOXY PRIMER - Boat Service Estonia<\/title>\n<meta name=\"robots\" content=\"index, follow, max-snippet:-1, max-image-preview:large, max-video-preview:-1\" \/>\n<link rel=\"canonical\" href=\"https:\/\/boat-service.ee\/ru\/pood\/%d0%b0%d0%ba%d1%81%d0%b5%d1%81%d1%81%d1%83%d0%b0%d1%80%d1%8b\/%d0%be%d0%b1%d1%81%d0%bb%d1%83%d0%b6%d0%b8%d0%b2%d0%b0%d0%bd%d0%b8%d0%b5-%d0%b8-%d1%80%d0%b5%d0%bc%d0%be%d0%bd%d1%82-%d0%bb%d0%be%d0%b4%d0%be%d0%ba\/pohjavarvid-ja-epoksiidtooted-eu\/gelshield-200-grey-epoxy-primer\/\" \/>\n<meta property=\"og:locale\" content=\"ru_RU\" \/>\n<meta property=\"og:type\" content=\"article\" \/>\n<meta property=\"og:title\" content=\"GELSHIELD 200 GREY EPOXY PRIMER - Boat Service Estonia\" \/>\n<meta property=\"og:description\" content=\"Gelshield 200 on kiiresti kuivav ja kergesti pealekantav epoks\u00fckrunt, mis kaitseb GRP-d osmoosi eest. Saate seda kasutada kuni 5 \u00b0C ja kuna see kuivab kiiresti, v\u00f5ite \u00fche p\u00e4eva jooksul kanda mitu kihti.\" \/>\n<meta property=\"og:url\" content=\"https:\/\/boat-service.ee\/ru\/pood\/%d0%b0%d0%ba%d1%81%d0%b5%d1%81%d1%81%d1%83%d0%b0%d1%80%d1%8b\/%d0%be%d0%b1%d1%81%d0%bb%d1%83%d0%b6%d0%b8%d0%b2%d0%b0%d0%bd%d0%b8%d0%b5-%d0%b8-%d1%80%d0%b5%d0%bc%d0%be%d0%bd%d1%82-%d0%bb%d0%be%d0%b4%d0%be%d0%ba\/pohjavarvid-ja-epoksiidtooted-eu\/gelshield-200-grey-epoxy-primer\/\" \/>\n<meta property=\"og:site_name\" content=\"Boat Service Estonia\" \/>\n<meta property=\"article:publisher\" content=\"https:\/\/www.facebook.com\/boatserviceestonia\" \/>\n<meta property=\"article:modified_time\" content=\"2023-06-02T11:38:20+00:00\" \/>\n<meta property=\"og:image\" content=\"https:\/\/boat-service.ee\/wp-content\/uploads\/2023\/06\/9519102500_fullhd.jpeg\" \/>\n\t<meta property=\"og:image:width\" content=\"524\" \/>\n\t<meta property=\"og:image:height\" content=\"524\" \/>\n\t<meta property=\"og:image:type\" content=\"image\/jpeg\" \/>\n<meta name=\"twitter:card\" content=\"summary_large_image\" \/>\n<script type=\"application\/ld+json\" class=\"yoast-schema-graph\">{\"@context\":\"https:\/\/schema.org\",\"@graph\":[{\"@type\":\"WebPage\",\"@id\":\"https:\/\/boat-service.ee\/ru\/pood\/%d0%b0%d0%ba%d1%81%d0%b5%d1%81%d1%81%d1%83%d0%b0%d1%80%d1%8b\/%d0%be%d0%b1%d1%81%d0%bb%d1%83%d0%b6%d0%b8%d0%b2%d0%b0%d0%bd%d0%b8%d0%b5-%d0%b8-%d1%80%d0%b5%d0%bc%d0%be%d0%bd%d1%82-%d0%bb%d0%be%d0%b4%d0%be%d0%ba\/pohjavarvid-ja-epoksiidtooted-eu\/gelshield-200-grey-epoxy-primer\/\",\"url\":\"https:\/\/boat-service.ee\/ru\/pood\/%d0%b0%d0%ba%d1%81%d0%b5%d1%81%d1%81%d1%83%d0%b0%d1%80%d1%8b\/%d0%be%d0%b1%d1%81%d0%bb%d1%83%d0%b6%d0%b8%d0%b2%d0%b0%d0%bd%d0%b8%d0%b5-%d0%b8-%d1%80%d0%b5%d0%bc%d0%be%d0%bd%d1%82-%d0%bb%d0%be%d0%b4%d0%be%d0%ba\/pohjavarvid-ja-epoksiidtooted-eu\/gelshield-200-grey-epoxy-primer\/\",\"name\":\"GELSHIELD 200 GREY EPOXY PRIMER - Boat Service Estonia\",\"isPartOf\":{\"@id\":\"https:\/\/boat-service.ee\/ru\/#website\"},\"primaryImageOfPage\":{\"@id\":\"https:\/\/boat-service.ee\/ru\/pood\/%d0%b0%d0%ba%d1%81%d0%b5%d1%81%d1%81%d1%83%d0%b0%d1%80%d1%8b\/%d0%be%d0%b1%d1%81%d0%bb%d1%83%d0%b6%d0%b8%d0%b2%d0%b0%d0%bd%d0%b8%d0%b5-%d0%b8-%d1%80%d0%b5%d0%bc%d0%be%d0%bd%d1%82-%d0%bb%d0%be%d0%b4%d0%be%d0%ba\/pohjavarvid-ja-epoksiidtooted-eu\/gelshield-200-grey-epoxy-primer\/#primaryimage\"},\"image\":{\"@id\":\"https:\/\/boat-service.ee\/ru\/pood\/%d0%b0%d0%ba%d1%81%d0%b5%d1%81%d1%81%d1%83%d0%b0%d1%80%d1%8b\/%d0%be%d0%b1%d1%81%d0%bb%d1%83%d0%b6%d0%b8%d0%b2%d0%b0%d0%bd%d0%b8%d0%b5-%d0%b8-%d1%80%d0%b5%d0%bc%d0%be%d0%bd%d1%82-%d0%bb%d0%be%d0%b4%d0%be%d0%ba\/pohjavarvid-ja-epoksiidtooted-eu\/gelshield-200-grey-epoxy-primer\/#primaryimage\"},\"thumbnailUrl\":\"https:\/\/boat-service.ee\/wp-content\/uploads\/2023\/06\/9519102500_fullhd.jpeg\",\"datePublished\":\"2023-06-02T11:22:46+00:00\",\"dateModified\":\"2023-06-02T11:38:20+00:00\",\"breadcrumb\":{\"@id\":\"https:\/\/boat-service.ee\/ru\/pood\/%d0%b0%d0%ba%d1%81%d0%b5%d1%81%d1%81%d1%83%d0%b0%d1%80%d1%8b\/%d0%be%d0%b1%d1%81%d0%bb%d1%83%d0%b6%d0%b8%d0%b2%d0%b0%d0%bd%d0%b8%d0%b5-%d0%b8-%d1%80%d0%b5%d0%bc%d0%be%d0%bd%d1%82-%d0%bb%d0%be%d0%b4%d0%be%d0%ba\/pohjavarvid-ja-epoksiidtooted-eu\/gelshield-200-grey-epoxy-primer\/#breadcrumb\"},\"inLanguage\":\"ru-RU\",\"potentialAction\":[{\"@type\":\"ReadAction\",\"target\":[\"https:\/\/boat-service.ee\/ru\/pood\/%d0%b0%d0%ba%d1%81%d0%b5%d1%81%d1%81%d1%83%d0%b0%d1%80%d1%8b\/%d0%be%d0%b1%d1%81%d0%bb%d1%83%d0%b6%d0%b8%d0%b2%d0%b0%d0%bd%d0%b8%d0%b5-%d0%b8-%d1%80%d0%b5%d0%bc%d0%be%d0%bd%d1%82-%d0%bb%d0%be%d0%b4%d0%be%d0%ba\/pohjavarvid-ja-epoksiidtooted-eu\/gelshield-200-grey-epoxy-primer\/\"]}]},{\"@type\":\"ImageObject\",\"inLanguage\":\"ru-RU\",\"@id\":\"https:\/\/boat-service.ee\/ru\/pood\/%d0%b0%d0%ba%d1%81%d0%b5%d1%81%d1%81%d1%83%d0%b0%d1%80%d1%8b\/%d0%be%d0%b1%d1%81%d0%bb%d1%83%d0%b6%d0%b8%d0%b2%d0%b0%d0%bd%d0%b8%d0%b5-%d0%b8-%d1%80%d0%b5%d0%bc%d0%be%d0%bd%d1%82-%d0%bb%d0%be%d0%b4%d0%be%d0%ba\/pohjavarvid-ja-epoksiidtooted-eu\/gelshield-200-grey-epoxy-primer\/#primaryimage\",\"url\":\"https:\/\/boat-service.ee\/wp-content\/uploads\/2023\/06\/9519102500_fullhd.jpeg\",\"contentUrl\":\"https:\/\/boat-service.ee\/wp-content\/uploads\/2023\/06\/9519102500_fullhd.jpeg\",\"width\":524,\"height\":524},{\"@type\":\"BreadcrumbList\",\"@id\":\"https:\/\/boat-service.ee\/ru\/pood\/%d0%b0%d0%ba%d1%81%d0%b5%d1%81%d1%81%d1%83%d0%b0%d1%80%d1%8b\/%d0%be%d0%b1%d1%81%d0%bb%d1%83%d0%b6%d0%b8%d0%b2%d0%b0%d0%bd%d0%b8%d0%b5-%d0%b8-%d1%80%d0%b5%d0%bc%d0%be%d0%bd%d1%82-%d0%bb%d0%be%d0%b4%d0%be%d0%ba\/pohjavarvid-ja-epoksiidtooted-eu\/gelshield-200-grey-epoxy-primer\/#breadcrumb\",\"itemListElement\":[{\"@type\":\"ListItem\",\"position\":1,\"name\":\"Home\",\"item\":\"https:\/\/boat-service.ee\/ru\/\"},{\"@type\":\"ListItem\",\"position\":2,\"name\":\"\u041c\u0430\u0433\u0430\u0437\u0438\u043d\",\"item\":\"https:\/\/boat-service.ee\/ru\/%d0%bc%d0%b0%d0%b3%d0%b0%d0%b7%d0%b8%d0%bd\/\"},{\"@type\":\"ListItem\",\"position\":3,\"name\":\"GELSHIELD 200 GREY EPOXY PRIMER\"}]},{\"@type\":\"WebSite\",\"@id\":\"https:\/\/boat-service.ee\/ru\/#website\",\"url\":\"https:\/\/boat-service.ee\/ru\/\",\"name\":\"Boat Service Estonia\",\"description\":\"Boat Service Estonia - Mootorpaadid, treilerid, mootorid\",\"publisher\":{\"@id\":\"https:\/\/boat-service.ee\/ru\/#organization\"},\"potentialAction\":[{\"@type\":\"SearchAction\",\"target\":{\"@type\":\"EntryPoint\",\"urlTemplate\":\"https:\/\/boat-service.ee\/ru\/?s={search_term_string}\"},\"query-input\":{\"@type\":\"PropertyValueSpecification\",\"valueRequired\":true,\"valueName\":\"search_term_string\"}}],\"inLanguage\":\"ru-RU\"},{\"@type\":\"Organization\",\"@id\":\"https:\/\/boat-service.ee\/ru\/#organization\",\"name\":\"KALASTUSPOOD O\u00dc\",\"url\":\"https:\/\/boat-service.ee\/ru\/\",\"logo\":{\"@type\":\"ImageObject\",\"inLanguage\":\"ru-RU\",\"@id\":\"https:\/\/boat-service.ee\/ru\/#\/schema\/logo\/image\/\",\"url\":\"https:\/\/boat-service.ee\/wp-content\/uploads\/2023\/05\/impLogo.png\",\"contentUrl\":\"https:\/\/boat-service.ee\/wp-content\/uploads\/2023\/05\/impLogo.png\",\"width\":270,\"height\":107,\"caption\":\"KALASTUSPOOD O\u00dc\"},\"image\":{\"@id\":\"https:\/\/boat-service.ee\/ru\/#\/schema\/logo\/image\/\"},\"sameAs\":[\"https:\/\/www.facebook.com\/boatserviceestonia\",\"https:\/\/www.instagram.com\/kalastus_ja_paadipood\/\"]}]}<\/script>\n<!-- \/ Yoast SEO plugin. -->","yoast_head_json":{"title":"GELSHIELD 200 GREY EPOXY PRIMER - Boat Service Estonia","robots":{"index":"index","follow":"follow","max-snippet":"max-snippet:-1","max-image-preview":"max-image-preview:large","max-video-preview":"max-video-preview:-1"},"canonical":"https:\/\/boat-service.ee\/ru\/pood\/%d0%b0%d0%ba%d1%81%d0%b5%d1%81%d1%81%d1%83%d0%b0%d1%80%d1%8b\/%d0%be%d0%b1%d1%81%d0%bb%d1%83%d0%b6%d0%b8%d0%b2%d0%b0%d0%bd%d0%b8%d0%b5-%d0%b8-%d1%80%d0%b5%d0%bc%d0%be%d0%bd%d1%82-%d0%bb%d0%be%d0%b4%d0%be%d0%ba\/pohjavarvid-ja-epoksiidtooted-eu\/gelshield-200-grey-epoxy-primer\/","og_locale":"ru_RU","og_type":"article","og_title":"GELSHIELD 200 GREY EPOXY PRIMER - Boat Service Estonia","og_description":"Gelshield 200 on kiiresti kuivav ja kergesti pealekantav epoks\u00fckrunt, mis kaitseb GRP-d osmoosi eest. Saate seda kasutada kuni 5 \u00b0C ja kuna see kuivab kiiresti, v\u00f5ite \u00fche p\u00e4eva jooksul kanda mitu kihti.","og_url":"https:\/\/boat-service.ee\/ru\/pood\/%d0%b0%d0%ba%d1%81%d0%b5%d1%81%d1%81%d1%83%d0%b0%d1%80%d1%8b\/%d0%be%d0%b1%d1%81%d0%bb%d1%83%d0%b6%d0%b8%d0%b2%d0%b0%d0%bd%d0%b8%d0%b5-%d0%b8-%d1%80%d0%b5%d0%bc%d0%be%d0%bd%d1%82-%d0%bb%d0%be%d0%b4%d0%be%d0%ba\/pohjavarvid-ja-epoksiidtooted-eu\/gelshield-200-grey-epoxy-primer\/","og_site_name":"Boat Service Estonia","article_publisher":"https:\/\/www.facebook.com\/boatserviceestonia","article_modified_time":"2023-06-02T11:38:20+00:00","og_image":[{"width":524,"height":524,"url":"https:\/\/boat-service.ee\/wp-content\/uploads\/2023\/06\/9519102500_fullhd.jpeg","type":"image\/jpeg"}],"twitter_card":"summary_large_image","schema":{"@context":"https:\/\/schema.org","@graph":[{"@type":"WebPage","@id":"https:\/\/boat-service.ee\/ru\/pood\/%d0%b0%d0%ba%d1%81%d0%b5%d1%81%d1%81%d1%83%d0%b0%d1%80%d1%8b\/%d0%be%d0%b1%d1%81%d0%bb%d1%83%d0%b6%d0%b8%d0%b2%d0%b0%d0%bd%d0%b8%d0%b5-%d0%b8-%d1%80%d0%b5%d0%bc%d0%be%d0%bd%d1%82-%d0%bb%d0%be%d0%b4%d0%be%d0%ba\/pohjavarvid-ja-epoksiidtooted-eu\/gelshield-200-grey-epoxy-primer\/","url":"https:\/\/boat-service.ee\/ru\/pood\/%d0%b0%d0%ba%d1%81%d0%b5%d1%81%d1%81%d1%83%d0%b0%d1%80%d1%8b\/%d0%be%d0%b1%d1%81%d0%bb%d1%83%d0%b6%d0%b8%d0%b2%d0%b0%d0%bd%d0%b8%d0%b5-%d0%b8-%d1%80%d0%b5%d0%bc%d0%be%d0%bd%d1%82-%d0%bb%d0%be%d0%b4%d0%be%d0%ba\/pohjavarvid-ja-epoksiidtooted-eu\/gelshield-200-grey-epoxy-primer\/","name":"GELSHIELD 200 GREY EPOXY PRIMER - Boat Service Estonia","isPartOf":{"@id":"https:\/\/boat-service.ee\/ru\/#website"},"primaryImageOfPage":{"@id":"https:\/\/boat-service.ee\/ru\/pood\/%d0%b0%d0%ba%d1%81%d0%b5%d1%81%d1%81%d1%83%d0%b0%d1%80%d1%8b\/%d0%be%d0%b1%d1%81%d0%bb%d1%83%d0%b6%d0%b8%d0%b2%d0%b0%d0%bd%d0%b8%d0%b5-%d0%b8-%d1%80%d0%b5%d0%bc%d0%be%d0%bd%d1%82-%d0%bb%d0%be%d0%b4%d0%be%d0%ba\/pohjavarvid-ja-epoksiidtooted-eu\/gelshield-200-grey-epoxy-primer\/#primaryimage"},"image":{"@id":"https:\/\/boat-service.ee\/ru\/pood\/%d0%b0%d0%ba%d1%81%d0%b5%d1%81%d1%81%d1%83%d0%b0%d1%80%d1%8b\/%d0%be%d0%b1%d1%81%d0%bb%d1%83%d0%b6%d0%b8%d0%b2%d0%b0%d0%bd%d0%b8%d0%b5-%d0%b8-%d1%80%d0%b5%d0%bc%d0%be%d0%bd%d1%82-%d0%bb%d0%be%d0%b4%d0%be%d0%ba\/pohjavarvid-ja-epoksiidtooted-eu\/gelshield-200-grey-epoxy-primer\/#primaryimage"},"thumbnailUrl":"https:\/\/boat-service.ee\/wp-content\/uploads\/2023\/06\/9519102500_fullhd.jpeg","datePublished":"2023-06-02T11:22:46+00:00","dateModified":"2023-06-02T11:38:20+00:00","breadcrumb":{"@id":"https:\/\/boat-service.ee\/ru\/pood\/%d0%b0%d0%ba%d1%81%d0%b5%d1%81%d1%81%d1%83%d0%b0%d1%80%d1%8b\/%d0%be%d0%b1%d1%81%d0%bb%d1%83%d0%b6%d0%b8%d0%b2%d0%b0%d0%bd%d0%b8%d0%b5-%d0%b8-%d1%80%d0%b5%d0%bc%d0%be%d0%bd%d1%82-%d0%bb%d0%be%d0%b4%d0%be%d0%ba\/pohjavarvid-ja-epoksiidtooted-eu\/gelshield-200-grey-epoxy-primer\/#breadcrumb"},"inLanguage":"ru-RU","potentialAction":[{"@type":"ReadAction","target":["https:\/\/boat-service.ee\/ru\/pood\/%d0%b0%d0%ba%d1%81%d0%b5%d1%81%d1%81%d1%83%d0%b0%d1%80%d1%8b\/%d0%be%d0%b1%d1%81%d0%bb%d1%83%d0%b6%d0%b8%d0%b2%d0%b0%d0%bd%d0%b8%d0%b5-%d0%b8-%d1%80%d0%b5%d0%bc%d0%be%d0%bd%d1%82-%d0%bb%d0%be%d0%b4%d0%be%d0%ba\/pohjavarvid-ja-epoksiidtooted-eu\/gelshield-200-grey-epoxy-primer\/"]}]},{"@type":"ImageObject","inLanguage":"ru-RU","@id":"https:\/\/boat-service.ee\/ru\/pood\/%d0%b0%d0%ba%d1%81%d0%b5%d1%81%d1%81%d1%83%d0%b0%d1%80%d1%8b\/%d0%be%d0%b1%d1%81%d0%bb%d1%83%d0%b6%d0%b8%d0%b2%d0%b0%d0%bd%d0%b8%d0%b5-%d0%b8-%d1%80%d0%b5%d0%bc%d0%be%d0%bd%d1%82-%d0%bb%d0%be%d0%b4%d0%be%d0%ba\/pohjavarvid-ja-epoksiidtooted-eu\/gelshield-200-grey-epoxy-primer\/#primaryimage","url":"https:\/\/boat-service.ee\/wp-content\/uploads\/2023\/06\/9519102500_fullhd.jpeg","contentUrl":"https:\/\/boat-service.ee\/wp-content\/uploads\/2023\/06\/9519102500_fullhd.jpeg","width":524,"height":524},{"@type":"BreadcrumbList","@id":"https:\/\/boat-service.ee\/ru\/pood\/%d0%b0%d0%ba%d1%81%d0%b5%d1%81%d1%81%d1%83%d0%b0%d1%80%d1%8b\/%d0%be%d0%b1%d1%81%d0%bb%d1%83%d0%b6%d0%b8%d0%b2%d0%b0%d0%bd%d0%b8%d0%b5-%d0%b8-%d1%80%d0%b5%d0%bc%d0%be%d0%bd%d1%82-%d0%bb%d0%be%d0%b4%d0%be%d0%ba\/pohjavarvid-ja-epoksiidtooted-eu\/gelshield-200-grey-epoxy-primer\/#breadcrumb","itemListElement":[{"@type":"ListItem","position":1,"name":"Home","item":"https:\/\/boat-service.ee\/ru\/"},{"@type":"ListItem","position":2,"name":"\u041c\u0430\u0433\u0430\u0437\u0438\u043d","item":"https:\/\/boat-service.ee\/ru\/%d0%bc%d0%b0%d0%b3%d0%b0%d0%b7%d0%b8%d0%bd\/"},{"@type":"ListItem","position":3,"name":"GELSHIELD 200 GREY EPOXY PRIMER"}]},{"@type":"WebSite","@id":"https:\/\/boat-service.ee\/ru\/#website","url":"https:\/\/boat-service.ee\/ru\/","name":"Boat Service Estonia","description":"Boat Service Estonia - Mootorpaadid, treilerid, mootorid","publisher":{"@id":"https:\/\/boat-service.ee\/ru\/#organization"},"potentialAction":[{"@type":"SearchAction","target":{"@type":"EntryPoint","urlTemplate":"https:\/\/boat-service.ee\/ru\/?s={search_term_string}"},"query-input":{"@type":"PropertyValueSpecification","valueRequired":true,"valueName":"search_term_string"}}],"inLanguage":"ru-RU"},{"@type":"Organization","@id":"https:\/\/boat-service.ee\/ru\/#organization","name":"KALASTUSPOOD O\u00dc","url":"https:\/\/boat-service.ee\/ru\/","logo":{"@type":"ImageObject","inLanguage":"ru-RU","@id":"https:\/\/boat-service.ee\/ru\/#\/schema\/logo\/image\/","url":"https:\/\/boat-service.ee\/wp-content\/uploads\/2023\/05\/impLogo.png","contentUrl":"https:\/\/boat-service.ee\/wp-content\/uploads\/2023\/05\/impLogo.png","width":270,"height":107,"caption":"KALASTUSPOOD O\u00dc"},"image":{"@id":"https:\/\/boat-service.ee\/ru\/#\/schema\/logo\/image\/"},"sameAs":["https:\/\/www.facebook.com\/boatserviceestonia","https:\/\/www.instagram.com\/kalastus_ja_paadipood\/"]}]}},"_links":{"self":[{"href":"https:\/\/boat-service.ee\/ru\/wp-json\/wp\/v2\/product\/70319","targetHints":{"allow":["GET"]}}],"collection":[{"href":"https:\/\/boat-service.ee\/ru\/wp-json\/wp\/v2\/product"}],"about":[{"href":"https:\/\/boat-service.ee\/ru\/wp-json\/wp\/v2\/types\/product"}],"wp:featuredmedia":[{"embeddable":true,"href":"https:\/\/boat-service.ee\/ru\/wp-json\/wp\/v2\/media\/70315"}],"wp:attachment":[{"href":"https:\/\/boat-service.ee\/ru\/wp-json\/wp\/v2\/media?parent=70319"}],"wp:term":[{"taxonomy":"product_brand","embeddable":true,"href":"https:\/\/boat-service.ee\/ru\/wp-json\/wp\/v2\/product_brand?post=70319"},{"taxonomy":"product_cat","embeddable":true,"href":"https:\/\/boat-service.ee\/ru\/wp-json\/wp\/v2\/product_cat?post=70319"},{"taxonomy":"product_tag","embeddable":true,"href":"https:\/\/boat-service.ee\/ru\/wp-json\/wp\/v2\/product_tag?post=70319"}],"curies":[{"name":"wp","href":"https:\/\/api.w.org\/{rel}","templated":true}]}}