{"id":64122,"date":"2023-02-23T12:14:25","date_gmt":"2023-02-23T10:14:25","guid":{"rendered":"https:\/\/boat-service.ee\/pood\/uncategorized\/marine-jon-10-green\/"},"modified":"2023-02-27T14:42:58","modified_gmt":"2023-02-27T12:42:58","slug":"marine-jon-10-green","status":"publish","type":"product","link":"https:\/\/boat-service.ee\/ru\/pood\/%d0%bb%d0%be%d0%b4%d0%ba%d0%b8-ru\/marine-jon-10-green\/","title":{"rendered":"Marine Jon 10 Green"},"content":{"rendered":"","protected":false},"excerpt":{"rendered":"<table width=\"456\">\n<tbody>\n<tr>\n<td colspan=\"2\">\u0422\u0435\u0445\u043d\u0438\u0447\u0435\u0441\u043a\u0438\u0435 \u0445\u0430\u0440\u0430\u043a\u0442\u0435\u0440\u0438\u0441\u0442\u0438\u043a\u0438<\/td>\n<\/tr>\n<tr>\n<td>\u0414\u043b\u0438\u043d\u0430<\/td>\n<td><strong>2,96\u00a0m<\/strong><\/td>\n<\/tr>\n<tr>\n<td>\u0428\u0438\u0440\u0438\u043d\u0430<\/td>\n<td><strong>1,2 m<\/strong><\/td>\n<\/tr>\n<tr>\n<td>\u0412\u044b\u0441\u043e\u0442\u0430<\/td>\n<td><strong>0,41 m<\/strong><\/td>\n<\/tr>\n<tr>\n<td>\u0412\u0435\u0441<\/td>\n<td><strong>32\u00a0kg<\/strong><\/td>\n<\/tr>\n<tr>\n<td>\u041c\u0430\u043a\u0441. \u0432\u0435\u0441<\/td>\n<td><strong>278 kg<\/strong><\/td>\n<\/tr>\n<tr>\n<td>\u041c\u0430\u043a\u0441. \u043b\u044e\u0434\u0438<\/td>\n<td><strong>3<\/strong><\/td>\n<\/tr>\n<tr>\n<td>\u041c\u0430\u043a\u0441. \u043c\u043e\u0449\u043d\u043e\u0441\u0442\u044c \u0434\u0432\u0438\u0433\u0430\u0442\u0435\u043b\u044f<\/td>\n<td><strong>3,5\u00a0HP<\/strong><\/td>\n<\/tr>\n<tr>\n<td>\u041c\u0430\u043a\u0441. \u0432\u0435\u0441 \u0434\u0432\u0438\u0433\u0430\u0442\u0435\u043b\u044f<\/td>\n<td><strong>23\u00a0kg<\/strong><\/td>\n<\/tr>\n<tr>\n<td>Artribuudi k\u00f5rgus\/Transom (outboards)<\/td>\n<td><strong>L\u00fchike<\/strong><\/td>\n<\/tr>\n<tr>\n<td>Alumiiniumi paksus p\u00f5hi<\/td>\n<td><strong>1,2 mm<\/strong><\/td>\n<\/tr>\n<tr>\n<td>Alumiiniumi paksus k\u00fclg<\/td>\n<td><strong>1,2 mm<\/strong><\/td>\n<\/tr>\n<tr>\n<td>No. of ribs\t<\/td>\n<td><strong>3<\/strong><\/td>\n<\/tr>\n<tr>\n<td>No. of keels<\/td>\n<td><strong>3<\/strong><\/td>\n<\/tr>\n<tr>\n<td>\u041a\u0430\u0442\u0435\u0433\u043e\u0440\u0438\u044f<\/td>\n<td><strong>D<\/strong><\/td>\n<\/tr>\n<\/tbody>\n<\/table>\n","protected":false},"featured_media":63905,"template":"","meta":[],"product_brand":[],"product_cat":[115],"product_tag":[],"class_list":{"0":"post-64122","1":"product","2":"type-product","3":"status-publish","4":"has-post-thumbnail","6":"product_cat--ru","7":"tm-has-options","9":"first","10":"instock","11":"taxable","12":"shipping-taxable","13":"purchasable","14":"product-type-simple"},"yoast_head":"<!-- This site is optimized with the Yoast SEO plugin v27.2 - https:\/\/yoast.com\/product\/yoast-seo-wordpress\/ -->\n<title>Marine Jon 10 Green - Boat Service Estonia<\/title>\n<meta name=\"robots\" content=\"index, follow, max-snippet:-1, max-image-preview:large, max-video-preview:-1\" \/>\n<link rel=\"canonical\" href=\"https:\/\/boat-service.ee\/ru\/pood\/%d0%bb%d0%be%d0%b4%d0%ba%d0%b8-ru\/marine-jon-10-green\/\" \/>\n<meta property=\"og:locale\" content=\"ru_RU\" \/>\n<meta property=\"og:type\" content=\"article\" \/>\n<meta property=\"og:title\" content=\"Marine Jon 10 Green - Boat Service Estonia\" \/>\n<meta property=\"og:description\" content=\"\u0422\u0435\u0445\u043d\u0438\u0447\u0435\u0441\u043a\u0438\u0435 \u0445\u0430\u0440\u0430\u043a\u0442\u0435\u0440\u0438\u0441\u0442\u0438\u043a\u0438   \u0414\u043b\u0438\u043d\u0430 2,96\u00a0m   \u0428\u0438\u0440\u0438\u043d\u0430 1,2 m   \u0412\u044b\u0441\u043e\u0442\u0430 0,41 m   \u0412\u0435\u0441 32\u00a0kg   \u041c\u0430\u043a\u0441. \u0432\u0435\u0441 278 kg   \u041c\u0430\u043a\u0441. \u043b\u044e\u0434\u0438 3   \u041c\u0430\u043a\u0441. \u043c\u043e\u0449\u043d\u043e\u0441\u0442\u044c \u0434\u0432\u0438\u0433\u0430\u0442\u0435\u043b\u044f 3,5\u00a0HP   \u041c\u0430\u043a\u0441. \u0432\u0435\u0441 \u0434\u0432\u0438\u0433\u0430\u0442\u0435\u043b\u044f 23\u00a0kg   Artribuudi k\u00f5rgus\/Transom (outboards) L\u00fchike   Alumiiniumi paksus p\u00f5hi 1,2 mm   Alumiiniumi paksus k\u00fclg 1,2 mm   No. of ribs  3   No. of keels 3   \u041a\u0430\u0442\u0435\u0433\u043e\u0440\u0438\u044f D\" \/>\n<meta property=\"og:url\" content=\"https:\/\/boat-service.ee\/ru\/pood\/%d0%bb%d0%be%d0%b4%d0%ba%d0%b8-ru\/marine-jon-10-green\/\" \/>\n<meta property=\"og:site_name\" content=\"Boat Service Estonia\" \/>\n<meta property=\"article:publisher\" content=\"https:\/\/www.facebook.com\/boatserviceestonia\" \/>\n<meta property=\"article:modified_time\" content=\"2023-02-27T12:42:58+00:00\" \/>\n<meta property=\"og:image\" content=\"https:\/\/boat-service.ee\/wp-content\/uploads\/2023\/02\/JON-10-Green.png\" \/>\n\t<meta property=\"og:image:width\" content=\"1156\" \/>\n\t<meta property=\"og:image:height\" content=\"788\" \/>\n\t<meta property=\"og:image:type\" content=\"image\/png\" \/>\n<meta name=\"twitter:card\" content=\"summary_large_image\" \/>\n<script type=\"application\/ld+json\" class=\"yoast-schema-graph\">{\"@context\":\"https:\/\/schema.org\",\"@graph\":[{\"@type\":\"WebPage\",\"@id\":\"https:\/\/boat-service.ee\/ru\/pood\/%d0%bb%d0%be%d0%b4%d0%ba%d0%b8-ru\/marine-jon-10-green\/\",\"url\":\"https:\/\/boat-service.ee\/ru\/pood\/%d0%bb%d0%be%d0%b4%d0%ba%d0%b8-ru\/marine-jon-10-green\/\",\"name\":\"Marine Jon 10 Green - Boat Service Estonia\",\"isPartOf\":{\"@id\":\"https:\/\/boat-service.ee\/ru\/#website\"},\"primaryImageOfPage\":{\"@id\":\"https:\/\/boat-service.ee\/ru\/pood\/%d0%bb%d0%be%d0%b4%d0%ba%d0%b8-ru\/marine-jon-10-green\/#primaryimage\"},\"image\":{\"@id\":\"https:\/\/boat-service.ee\/ru\/pood\/%d0%bb%d0%be%d0%b4%d0%ba%d0%b8-ru\/marine-jon-10-green\/#primaryimage\"},\"thumbnailUrl\":\"https:\/\/boat-service.ee\/wp-content\/uploads\/2023\/02\/JON-10-Green.png\",\"datePublished\":\"2023-02-23T10:14:25+00:00\",\"dateModified\":\"2023-02-27T12:42:58+00:00\",\"breadcrumb\":{\"@id\":\"https:\/\/boat-service.ee\/ru\/pood\/%d0%bb%d0%be%d0%b4%d0%ba%d0%b8-ru\/marine-jon-10-green\/#breadcrumb\"},\"inLanguage\":\"ru-RU\",\"potentialAction\":[{\"@type\":\"ReadAction\",\"target\":[\"https:\/\/boat-service.ee\/ru\/pood\/%d0%bb%d0%be%d0%b4%d0%ba%d0%b8-ru\/marine-jon-10-green\/\"]}]},{\"@type\":\"ImageObject\",\"inLanguage\":\"ru-RU\",\"@id\":\"https:\/\/boat-service.ee\/ru\/pood\/%d0%bb%d0%be%d0%b4%d0%ba%d0%b8-ru\/marine-jon-10-green\/#primaryimage\",\"url\":\"https:\/\/boat-service.ee\/wp-content\/uploads\/2023\/02\/JON-10-Green.png\",\"contentUrl\":\"https:\/\/boat-service.ee\/wp-content\/uploads\/2023\/02\/JON-10-Green.png\",\"width\":1156,\"height\":788,\"caption\":\"Marine Jon 10 Green\"},{\"@type\":\"BreadcrumbList\",\"@id\":\"https:\/\/boat-service.ee\/ru\/pood\/%d0%bb%d0%be%d0%b4%d0%ba%d0%b8-ru\/marine-jon-10-green\/#breadcrumb\",\"itemListElement\":[{\"@type\":\"ListItem\",\"position\":1,\"name\":\"Home\",\"item\":\"https:\/\/boat-service.ee\/ru\/\"},{\"@type\":\"ListItem\",\"position\":2,\"name\":\"\u041c\u0430\u0433\u0430\u0437\u0438\u043d\",\"item\":\"https:\/\/boat-service.ee\/ru\/%d0%bc%d0%b0%d0%b3%d0%b0%d0%b7%d0%b8%d0%bd\/\"},{\"@type\":\"ListItem\",\"position\":3,\"name\":\"Marine Jon 10 Green\"}]},{\"@type\":\"WebSite\",\"@id\":\"https:\/\/boat-service.ee\/ru\/#website\",\"url\":\"https:\/\/boat-service.ee\/ru\/\",\"name\":\"Boat Service Estonia\",\"description\":\"Boat Service Estonia - Mootorpaadid, treilerid, mootorid\",\"publisher\":{\"@id\":\"https:\/\/boat-service.ee\/ru\/#organization\"},\"potentialAction\":[{\"@type\":\"SearchAction\",\"target\":{\"@type\":\"EntryPoint\",\"urlTemplate\":\"https:\/\/boat-service.ee\/ru\/?s={search_term_string}\"},\"query-input\":{\"@type\":\"PropertyValueSpecification\",\"valueRequired\":true,\"valueName\":\"search_term_string\"}}],\"inLanguage\":\"ru-RU\"},{\"@type\":\"Organization\",\"@id\":\"https:\/\/boat-service.ee\/ru\/#organization\",\"name\":\"KALASTUSPOOD O\u00dc\",\"url\":\"https:\/\/boat-service.ee\/ru\/\",\"logo\":{\"@type\":\"ImageObject\",\"inLanguage\":\"ru-RU\",\"@id\":\"https:\/\/boat-service.ee\/ru\/#\/schema\/logo\/image\/\",\"url\":\"https:\/\/boat-service.ee\/wp-content\/uploads\/2023\/05\/impLogo.png\",\"contentUrl\":\"https:\/\/boat-service.ee\/wp-content\/uploads\/2023\/05\/impLogo.png\",\"width\":270,\"height\":107,\"caption\":\"KALASTUSPOOD O\u00dc\"},\"image\":{\"@id\":\"https:\/\/boat-service.ee\/ru\/#\/schema\/logo\/image\/\"},\"sameAs\":[\"https:\/\/www.facebook.com\/boatserviceestonia\",\"https:\/\/www.instagram.com\/kalastus_ja_paadipood\/\"]}]}<\/script>\n<!-- \/ Yoast SEO plugin. -->","yoast_head_json":{"title":"Marine Jon 10 Green - Boat Service Estonia","robots":{"index":"index","follow":"follow","max-snippet":"max-snippet:-1","max-image-preview":"max-image-preview:large","max-video-preview":"max-video-preview:-1"},"canonical":"https:\/\/boat-service.ee\/ru\/pood\/%d0%bb%d0%be%d0%b4%d0%ba%d0%b8-ru\/marine-jon-10-green\/","og_locale":"ru_RU","og_type":"article","og_title":"Marine Jon 10 Green - Boat Service Estonia","og_description":"\u0422\u0435\u0445\u043d\u0438\u0447\u0435\u0441\u043a\u0438\u0435 \u0445\u0430\u0440\u0430\u043a\u0442\u0435\u0440\u0438\u0441\u0442\u0438\u043a\u0438   \u0414\u043b\u0438\u043d\u0430 2,96\u00a0m   \u0428\u0438\u0440\u0438\u043d\u0430 1,2 m   \u0412\u044b\u0441\u043e\u0442\u0430 0,41 m   \u0412\u0435\u0441 32\u00a0kg   \u041c\u0430\u043a\u0441. \u0432\u0435\u0441 278 kg   \u041c\u0430\u043a\u0441. \u043b\u044e\u0434\u0438 3   \u041c\u0430\u043a\u0441. \u043c\u043e\u0449\u043d\u043e\u0441\u0442\u044c \u0434\u0432\u0438\u0433\u0430\u0442\u0435\u043b\u044f 3,5\u00a0HP   \u041c\u0430\u043a\u0441. \u0432\u0435\u0441 \u0434\u0432\u0438\u0433\u0430\u0442\u0435\u043b\u044f 23\u00a0kg   Artribuudi k\u00f5rgus\/Transom (outboards) L\u00fchike   Alumiiniumi paksus p\u00f5hi 1,2 mm   Alumiiniumi paksus k\u00fclg 1,2 mm   No. of ribs  3   No. of keels 3   \u041a\u0430\u0442\u0435\u0433\u043e\u0440\u0438\u044f D","og_url":"https:\/\/boat-service.ee\/ru\/pood\/%d0%bb%d0%be%d0%b4%d0%ba%d0%b8-ru\/marine-jon-10-green\/","og_site_name":"Boat Service Estonia","article_publisher":"https:\/\/www.facebook.com\/boatserviceestonia","article_modified_time":"2023-02-27T12:42:58+00:00","og_image":[{"width":1156,"height":788,"url":"https:\/\/boat-service.ee\/wp-content\/uploads\/2023\/02\/JON-10-Green.png","type":"image\/png"}],"twitter_card":"summary_large_image","schema":{"@context":"https:\/\/schema.org","@graph":[{"@type":"WebPage","@id":"https:\/\/boat-service.ee\/ru\/pood\/%d0%bb%d0%be%d0%b4%d0%ba%d0%b8-ru\/marine-jon-10-green\/","url":"https:\/\/boat-service.ee\/ru\/pood\/%d0%bb%d0%be%d0%b4%d0%ba%d0%b8-ru\/marine-jon-10-green\/","name":"Marine Jon 10 Green - Boat Service Estonia","isPartOf":{"@id":"https:\/\/boat-service.ee\/ru\/#website"},"primaryImageOfPage":{"@id":"https:\/\/boat-service.ee\/ru\/pood\/%d0%bb%d0%be%d0%b4%d0%ba%d0%b8-ru\/marine-jon-10-green\/#primaryimage"},"image":{"@id":"https:\/\/boat-service.ee\/ru\/pood\/%d0%bb%d0%be%d0%b4%d0%ba%d0%b8-ru\/marine-jon-10-green\/#primaryimage"},"thumbnailUrl":"https:\/\/boat-service.ee\/wp-content\/uploads\/2023\/02\/JON-10-Green.png","datePublished":"2023-02-23T10:14:25+00:00","dateModified":"2023-02-27T12:42:58+00:00","breadcrumb":{"@id":"https:\/\/boat-service.ee\/ru\/pood\/%d0%bb%d0%be%d0%b4%d0%ba%d0%b8-ru\/marine-jon-10-green\/#breadcrumb"},"inLanguage":"ru-RU","potentialAction":[{"@type":"ReadAction","target":["https:\/\/boat-service.ee\/ru\/pood\/%d0%bb%d0%be%d0%b4%d0%ba%d0%b8-ru\/marine-jon-10-green\/"]}]},{"@type":"ImageObject","inLanguage":"ru-RU","@id":"https:\/\/boat-service.ee\/ru\/pood\/%d0%bb%d0%be%d0%b4%d0%ba%d0%b8-ru\/marine-jon-10-green\/#primaryimage","url":"https:\/\/boat-service.ee\/wp-content\/uploads\/2023\/02\/JON-10-Green.png","contentUrl":"https:\/\/boat-service.ee\/wp-content\/uploads\/2023\/02\/JON-10-Green.png","width":1156,"height":788,"caption":"Marine Jon 10 Green"},{"@type":"BreadcrumbList","@id":"https:\/\/boat-service.ee\/ru\/pood\/%d0%bb%d0%be%d0%b4%d0%ba%d0%b8-ru\/marine-jon-10-green\/#breadcrumb","itemListElement":[{"@type":"ListItem","position":1,"name":"Home","item":"https:\/\/boat-service.ee\/ru\/"},{"@type":"ListItem","position":2,"name":"\u041c\u0430\u0433\u0430\u0437\u0438\u043d","item":"https:\/\/boat-service.ee\/ru\/%d0%bc%d0%b0%d0%b3%d0%b0%d0%b7%d0%b8%d0%bd\/"},{"@type":"ListItem","position":3,"name":"Marine Jon 10 Green"}]},{"@type":"WebSite","@id":"https:\/\/boat-service.ee\/ru\/#website","url":"https:\/\/boat-service.ee\/ru\/","name":"Boat Service Estonia","description":"Boat Service Estonia - Mootorpaadid, treilerid, mootorid","publisher":{"@id":"https:\/\/boat-service.ee\/ru\/#organization"},"potentialAction":[{"@type":"SearchAction","target":{"@type":"EntryPoint","urlTemplate":"https:\/\/boat-service.ee\/ru\/?s={search_term_string}"},"query-input":{"@type":"PropertyValueSpecification","valueRequired":true,"valueName":"search_term_string"}}],"inLanguage":"ru-RU"},{"@type":"Organization","@id":"https:\/\/boat-service.ee\/ru\/#organization","name":"KALASTUSPOOD O\u00dc","url":"https:\/\/boat-service.ee\/ru\/","logo":{"@type":"ImageObject","inLanguage":"ru-RU","@id":"https:\/\/boat-service.ee\/ru\/#\/schema\/logo\/image\/","url":"https:\/\/boat-service.ee\/wp-content\/uploads\/2023\/05\/impLogo.png","contentUrl":"https:\/\/boat-service.ee\/wp-content\/uploads\/2023\/05\/impLogo.png","width":270,"height":107,"caption":"KALASTUSPOOD O\u00dc"},"image":{"@id":"https:\/\/boat-service.ee\/ru\/#\/schema\/logo\/image\/"},"sameAs":["https:\/\/www.facebook.com\/boatserviceestonia","https:\/\/www.instagram.com\/kalastus_ja_paadipood\/"]}]}},"_links":{"self":[{"href":"https:\/\/boat-service.ee\/ru\/wp-json\/wp\/v2\/product\/64122","targetHints":{"allow":["GET"]}}],"collection":[{"href":"https:\/\/boat-service.ee\/ru\/wp-json\/wp\/v2\/product"}],"about":[{"href":"https:\/\/boat-service.ee\/ru\/wp-json\/wp\/v2\/types\/product"}],"wp:featuredmedia":[{"embeddable":true,"href":"https:\/\/boat-service.ee\/ru\/wp-json\/wp\/v2\/media\/63905"}],"wp:attachment":[{"href":"https:\/\/boat-service.ee\/ru\/wp-json\/wp\/v2\/media?parent=64122"}],"wp:term":[{"taxonomy":"product_brand","embeddable":true,"href":"https:\/\/boat-service.ee\/ru\/wp-json\/wp\/v2\/product_brand?post=64122"},{"taxonomy":"product_cat","embeddable":true,"href":"https:\/\/boat-service.ee\/ru\/wp-json\/wp\/v2\/product_cat?post=64122"},{"taxonomy":"product_tag","embeddable":true,"href":"https:\/\/boat-service.ee\/ru\/wp-json\/wp\/v2\/product_tag?post=64122"}],"curies":[{"name":"wp","href":"https:\/\/api.w.org\/{rel}","templated":true}]}}