{"id":61324,"date":"2023-01-30T16:15:32","date_gmt":"2023-01-30T14:15:32","guid":{"rendered":"https:\/\/boat-service.ee\/pood\/uncategorized\/tohatsu-mfs9-9\/"},"modified":"2023-01-31T11:46:13","modified_gmt":"2023-01-31T09:46:13","slug":"tohatsu-mfs9-9","status":"publish","type":"product","link":"https:\/\/boat-service.ee\/ru\/pood\/%d0%bc%d0%be%d1%82%d0%be%d1%80%d1%8b\/tohatsu-ru\/tohatsu-mfs9-9\/","title":{"rendered":"TOHATSU MFS9.9"},"content":{"rendered":"","protected":false},"excerpt":{"rendered":"<p><strong>Tohatsu 4 taktilised mootorid on eriti t\u00f6\u00f6kindlad, \u00f6konoomsed, looduss\u00f5bralikud, tasase h\u00e4\u00e4lega ja lihtsad kasutada. Erinevalt konkurentidest on juba 5 hj mudelil survega \u00f5lituss\u00fcsteem ning heitgaasid v\u00e4ljuvad vindi s\u00fcdamiku kaudu. See t\u00e4hendab, et v\u00e4ikeste mootorite tehnilised lahendused on samad mis suurtel.<\/strong><\/p>\n<p>Tohatsu 4 taktiliste mootorite p\u00f5hiomadusi:<\/p>\n<p>&#8212; heitgaaside v\u00e4ljumine vindi s\u00fcdamiku kaudu<br \/>\n&#8212; jahutusvee temperatuuri reguleerimine termostaadiga<br \/>\n&#8212; k\u00e4ivitumine ainult k\u00e4iguhoova neutraalasendis<br \/>\n&#8212; turvastopp<br \/>\n&#8212; lihtsamaks k\u00e4ivitumiseks stardin\u00f6\u00f6rist t\u00f5mbamisel kompressiooni alandamine silindrites<br \/>\n&#8212; roostevabast happekindlast terasest valmistatud veepumba korpus, mis kestab paremini soolases ja liivases vees<br \/>\n&#8212; madala vee s\u00f5iduasend<br \/>\n&#8212; automaatne segurikastaja mis lihtsustab k\u00e4ivitumist (9,9-18 hj)<br \/>\n&#8212; p\u00f6\u00f6retepiiraja<br \/>\n&#8212; \u00f5lisurve hoiatustuli<br \/>\n&#8212; suur mootori\u00f5li maht mis garanteerib hea \u00f5lituse<br \/>\n&#8212; t\u00e4idavad EPA\/CARB normid<\/p>\n","protected":false},"featured_media":61120,"template":"","meta":[],"product_brand":[],"product_cat":[95,114],"product_tag":[],"class_list":{"0":"post-61324","1":"product","2":"type-product","3":"status-publish","4":"has-post-thumbnail","6":"product_cat-95","7":"product_cat-tohatsu-ru","8":"tm-no-options","10":"first","11":"instock","12":"taxable","13":"shipping-taxable","14":"product-type-variable"},"yoast_head":"<!-- This site is optimized with the Yoast SEO plugin v27.2 - https:\/\/yoast.com\/product\/yoast-seo-wordpress\/ -->\n<title>TOHATSU MFS9.9 - Boat Service Estonia<\/title>\n<meta name=\"robots\" content=\"index, follow, max-snippet:-1, max-image-preview:large, max-video-preview:-1\" \/>\n<link rel=\"canonical\" href=\"https:\/\/boat-service.ee\/ru\/pood\/%d0%bc%d0%be%d1%82%d0%be%d1%80%d1%8b\/tohatsu-ru\/tohatsu-mfs9-9\/\" \/>\n<meta property=\"og:locale\" content=\"ru_RU\" \/>\n<meta property=\"og:type\" content=\"article\" \/>\n<meta property=\"og:title\" content=\"TOHATSU MFS9.9 - Boat Service Estonia\" \/>\n<meta property=\"og:description\" content=\"Tohatsu 4 taktilised mootorid on eriti t\u00f6\u00f6kindlad, \u00f6konoomsed, looduss\u00f5bralikud, tasase h\u00e4\u00e4lega ja lihtsad kasutada. Erinevalt konkurentidest on juba 5 hj mudelil survega \u00f5lituss\u00fcsteem ning heitgaasid v\u00e4ljuvad vindi s\u00fcdamiku kaudu. See t\u00e4hendab, et v\u00e4ikeste mootorite tehnilised lahendused on samad mis suurtel.  Tohatsu 4 taktiliste mootorite p\u00f5hiomadusi:  - heitgaaside v\u00e4ljumine vindi s\u00fcdamiku kaudu - jahutusvee temperatuuri reguleerimine termostaadiga - k\u00e4ivitumine ainult k\u00e4iguhoova neutraalasendis - turvastopp - lihtsamaks k\u00e4ivitumiseks stardin\u00f6\u00f6rist t\u00f5mbamisel kompressiooni alandamine silindrites - roostevabast happekindlast terasest valmistatud veepumba korpus, mis kestab paremini soolases ja liivases vees - madala vee s\u00f5iduasend - automaatne segurikastaja mis lihtsustab k\u00e4ivitumist (9,9-18 hj) - p\u00f6\u00f6retepiiraja - \u00f5lisurve hoiatustuli - suur mootori\u00f5li maht mis garanteerib hea \u00f5lituse - t\u00e4idavad EPA\/CARB normid\" \/>\n<meta property=\"og:url\" content=\"https:\/\/boat-service.ee\/ru\/pood\/%d0%bc%d0%be%d1%82%d0%be%d1%80%d1%8b\/tohatsu-ru\/tohatsu-mfs9-9\/\" \/>\n<meta property=\"og:site_name\" content=\"Boat Service Estonia\" \/>\n<meta property=\"article:publisher\" content=\"https:\/\/www.facebook.com\/boatserviceestonia\" \/>\n<meta property=\"article:modified_time\" content=\"2023-01-31T09:46:13+00:00\" \/>\n<meta property=\"og:image\" content=\"https:\/\/boat-service.ee\/wp-content\/uploads\/2023\/01\/tohatsupiltveebi.png\" \/>\n\t<meta property=\"og:image:width\" content=\"458\" \/>\n\t<meta property=\"og:image:height\" content=\"560\" \/>\n\t<meta property=\"og:image:type\" content=\"image\/png\" \/>\n<meta name=\"twitter:card\" content=\"summary_large_image\" \/>\n<script type=\"application\/ld+json\" class=\"yoast-schema-graph\">{\"@context\":\"https:\/\/schema.org\",\"@graph\":[{\"@type\":\"WebPage\",\"@id\":\"https:\/\/boat-service.ee\/ru\/pood\/%d0%bc%d0%be%d1%82%d0%be%d1%80%d1%8b\/tohatsu-ru\/tohatsu-mfs9-9\/\",\"url\":\"https:\/\/boat-service.ee\/ru\/pood\/%d0%bc%d0%be%d1%82%d0%be%d1%80%d1%8b\/tohatsu-ru\/tohatsu-mfs9-9\/\",\"name\":\"TOHATSU MFS9.9 - Boat Service Estonia\",\"isPartOf\":{\"@id\":\"https:\/\/boat-service.ee\/ru\/#website\"},\"primaryImageOfPage\":{\"@id\":\"https:\/\/boat-service.ee\/ru\/pood\/%d0%bc%d0%be%d1%82%d0%be%d1%80%d1%8b\/tohatsu-ru\/tohatsu-mfs9-9\/#primaryimage\"},\"image\":{\"@id\":\"https:\/\/boat-service.ee\/ru\/pood\/%d0%bc%d0%be%d1%82%d0%be%d1%80%d1%8b\/tohatsu-ru\/tohatsu-mfs9-9\/#primaryimage\"},\"thumbnailUrl\":\"https:\/\/boat-service.ee\/wp-content\/uploads\/2023\/01\/tohatsupiltveebi.png\",\"datePublished\":\"2023-01-30T14:15:32+00:00\",\"dateModified\":\"2023-01-31T09:46:13+00:00\",\"breadcrumb\":{\"@id\":\"https:\/\/boat-service.ee\/ru\/pood\/%d0%bc%d0%be%d1%82%d0%be%d1%80%d1%8b\/tohatsu-ru\/tohatsu-mfs9-9\/#breadcrumb\"},\"inLanguage\":\"ru-RU\",\"potentialAction\":[{\"@type\":\"ReadAction\",\"target\":[\"https:\/\/boat-service.ee\/ru\/pood\/%d0%bc%d0%be%d1%82%d0%be%d1%80%d1%8b\/tohatsu-ru\/tohatsu-mfs9-9\/\"]}]},{\"@type\":\"ImageObject\",\"inLanguage\":\"ru-RU\",\"@id\":\"https:\/\/boat-service.ee\/ru\/pood\/%d0%bc%d0%be%d1%82%d0%be%d1%80%d1%8b\/tohatsu-ru\/tohatsu-mfs9-9\/#primaryimage\",\"url\":\"https:\/\/boat-service.ee\/wp-content\/uploads\/2023\/01\/tohatsupiltveebi.png\",\"contentUrl\":\"https:\/\/boat-service.ee\/wp-content\/uploads\/2023\/01\/tohatsupiltveebi.png\",\"width\":458,\"height\":560,\"caption\":\"TOHATSU outboard engine 9.9 ES\"},{\"@type\":\"BreadcrumbList\",\"@id\":\"https:\/\/boat-service.ee\/ru\/pood\/%d0%bc%d0%be%d1%82%d0%be%d1%80%d1%8b\/tohatsu-ru\/tohatsu-mfs9-9\/#breadcrumb\",\"itemListElement\":[{\"@type\":\"ListItem\",\"position\":1,\"name\":\"Home\",\"item\":\"https:\/\/boat-service.ee\/ru\/\"},{\"@type\":\"ListItem\",\"position\":2,\"name\":\"\u041c\u0430\u0433\u0430\u0437\u0438\u043d\",\"item\":\"https:\/\/boat-service.ee\/ru\/%d0%bc%d0%b0%d0%b3%d0%b0%d0%b7%d0%b8%d0%bd\/\"},{\"@type\":\"ListItem\",\"position\":3,\"name\":\"TOHATSU MFS9.9\"}]},{\"@type\":\"WebSite\",\"@id\":\"https:\/\/boat-service.ee\/ru\/#website\",\"url\":\"https:\/\/boat-service.ee\/ru\/\",\"name\":\"Boat Service Estonia\",\"description\":\"Boat Service Estonia - Mootorpaadid, treilerid, mootorid\",\"publisher\":{\"@id\":\"https:\/\/boat-service.ee\/ru\/#organization\"},\"potentialAction\":[{\"@type\":\"SearchAction\",\"target\":{\"@type\":\"EntryPoint\",\"urlTemplate\":\"https:\/\/boat-service.ee\/ru\/?s={search_term_string}\"},\"query-input\":{\"@type\":\"PropertyValueSpecification\",\"valueRequired\":true,\"valueName\":\"search_term_string\"}}],\"inLanguage\":\"ru-RU\"},{\"@type\":\"Organization\",\"@id\":\"https:\/\/boat-service.ee\/ru\/#organization\",\"name\":\"KALASTUSPOOD O\u00dc\",\"url\":\"https:\/\/boat-service.ee\/ru\/\",\"logo\":{\"@type\":\"ImageObject\",\"inLanguage\":\"ru-RU\",\"@id\":\"https:\/\/boat-service.ee\/ru\/#\/schema\/logo\/image\/\",\"url\":\"https:\/\/boat-service.ee\/wp-content\/uploads\/2023\/05\/impLogo.png\",\"contentUrl\":\"https:\/\/boat-service.ee\/wp-content\/uploads\/2023\/05\/impLogo.png\",\"width\":270,\"height\":107,\"caption\":\"KALASTUSPOOD O\u00dc\"},\"image\":{\"@id\":\"https:\/\/boat-service.ee\/ru\/#\/schema\/logo\/image\/\"},\"sameAs\":[\"https:\/\/www.facebook.com\/boatserviceestonia\",\"https:\/\/www.instagram.com\/kalastus_ja_paadipood\/\"]}]}<\/script>\n<!-- \/ Yoast SEO plugin. -->","yoast_head_json":{"title":"TOHATSU MFS9.9 - Boat Service Estonia","robots":{"index":"index","follow":"follow","max-snippet":"max-snippet:-1","max-image-preview":"max-image-preview:large","max-video-preview":"max-video-preview:-1"},"canonical":"https:\/\/boat-service.ee\/ru\/pood\/%d0%bc%d0%be%d1%82%d0%be%d1%80%d1%8b\/tohatsu-ru\/tohatsu-mfs9-9\/","og_locale":"ru_RU","og_type":"article","og_title":"TOHATSU MFS9.9 - Boat Service Estonia","og_description":"Tohatsu 4 taktilised mootorid on eriti t\u00f6\u00f6kindlad, \u00f6konoomsed, looduss\u00f5bralikud, tasase h\u00e4\u00e4lega ja lihtsad kasutada. Erinevalt konkurentidest on juba 5 hj mudelil survega \u00f5lituss\u00fcsteem ning heitgaasid v\u00e4ljuvad vindi s\u00fcdamiku kaudu. See t\u00e4hendab, et v\u00e4ikeste mootorite tehnilised lahendused on samad mis suurtel.  Tohatsu 4 taktiliste mootorite p\u00f5hiomadusi:  - heitgaaside v\u00e4ljumine vindi s\u00fcdamiku kaudu - jahutusvee temperatuuri reguleerimine termostaadiga - k\u00e4ivitumine ainult k\u00e4iguhoova neutraalasendis - turvastopp - lihtsamaks k\u00e4ivitumiseks stardin\u00f6\u00f6rist t\u00f5mbamisel kompressiooni alandamine silindrites - roostevabast happekindlast terasest valmistatud veepumba korpus, mis kestab paremini soolases ja liivases vees - madala vee s\u00f5iduasend - automaatne segurikastaja mis lihtsustab k\u00e4ivitumist (9,9-18 hj) - p\u00f6\u00f6retepiiraja - \u00f5lisurve hoiatustuli - suur mootori\u00f5li maht mis garanteerib hea \u00f5lituse - t\u00e4idavad EPA\/CARB normid","og_url":"https:\/\/boat-service.ee\/ru\/pood\/%d0%bc%d0%be%d1%82%d0%be%d1%80%d1%8b\/tohatsu-ru\/tohatsu-mfs9-9\/","og_site_name":"Boat Service Estonia","article_publisher":"https:\/\/www.facebook.com\/boatserviceestonia","article_modified_time":"2023-01-31T09:46:13+00:00","og_image":[{"width":458,"height":560,"url":"https:\/\/boat-service.ee\/wp-content\/uploads\/2023\/01\/tohatsupiltveebi.png","type":"image\/png"}],"twitter_card":"summary_large_image","schema":{"@context":"https:\/\/schema.org","@graph":[{"@type":"WebPage","@id":"https:\/\/boat-service.ee\/ru\/pood\/%d0%bc%d0%be%d1%82%d0%be%d1%80%d1%8b\/tohatsu-ru\/tohatsu-mfs9-9\/","url":"https:\/\/boat-service.ee\/ru\/pood\/%d0%bc%d0%be%d1%82%d0%be%d1%80%d1%8b\/tohatsu-ru\/tohatsu-mfs9-9\/","name":"TOHATSU MFS9.9 - Boat Service Estonia","isPartOf":{"@id":"https:\/\/boat-service.ee\/ru\/#website"},"primaryImageOfPage":{"@id":"https:\/\/boat-service.ee\/ru\/pood\/%d0%bc%d0%be%d1%82%d0%be%d1%80%d1%8b\/tohatsu-ru\/tohatsu-mfs9-9\/#primaryimage"},"image":{"@id":"https:\/\/boat-service.ee\/ru\/pood\/%d0%bc%d0%be%d1%82%d0%be%d1%80%d1%8b\/tohatsu-ru\/tohatsu-mfs9-9\/#primaryimage"},"thumbnailUrl":"https:\/\/boat-service.ee\/wp-content\/uploads\/2023\/01\/tohatsupiltveebi.png","datePublished":"2023-01-30T14:15:32+00:00","dateModified":"2023-01-31T09:46:13+00:00","breadcrumb":{"@id":"https:\/\/boat-service.ee\/ru\/pood\/%d0%bc%d0%be%d1%82%d0%be%d1%80%d1%8b\/tohatsu-ru\/tohatsu-mfs9-9\/#breadcrumb"},"inLanguage":"ru-RU","potentialAction":[{"@type":"ReadAction","target":["https:\/\/boat-service.ee\/ru\/pood\/%d0%bc%d0%be%d1%82%d0%be%d1%80%d1%8b\/tohatsu-ru\/tohatsu-mfs9-9\/"]}]},{"@type":"ImageObject","inLanguage":"ru-RU","@id":"https:\/\/boat-service.ee\/ru\/pood\/%d0%bc%d0%be%d1%82%d0%be%d1%80%d1%8b\/tohatsu-ru\/tohatsu-mfs9-9\/#primaryimage","url":"https:\/\/boat-service.ee\/wp-content\/uploads\/2023\/01\/tohatsupiltveebi.png","contentUrl":"https:\/\/boat-service.ee\/wp-content\/uploads\/2023\/01\/tohatsupiltveebi.png","width":458,"height":560,"caption":"TOHATSU outboard engine 9.9 ES"},{"@type":"BreadcrumbList","@id":"https:\/\/boat-service.ee\/ru\/pood\/%d0%bc%d0%be%d1%82%d0%be%d1%80%d1%8b\/tohatsu-ru\/tohatsu-mfs9-9\/#breadcrumb","itemListElement":[{"@type":"ListItem","position":1,"name":"Home","item":"https:\/\/boat-service.ee\/ru\/"},{"@type":"ListItem","position":2,"name":"\u041c\u0430\u0433\u0430\u0437\u0438\u043d","item":"https:\/\/boat-service.ee\/ru\/%d0%bc%d0%b0%d0%b3%d0%b0%d0%b7%d0%b8%d0%bd\/"},{"@type":"ListItem","position":3,"name":"TOHATSU MFS9.9"}]},{"@type":"WebSite","@id":"https:\/\/boat-service.ee\/ru\/#website","url":"https:\/\/boat-service.ee\/ru\/","name":"Boat Service Estonia","description":"Boat Service Estonia - Mootorpaadid, treilerid, mootorid","publisher":{"@id":"https:\/\/boat-service.ee\/ru\/#organization"},"potentialAction":[{"@type":"SearchAction","target":{"@type":"EntryPoint","urlTemplate":"https:\/\/boat-service.ee\/ru\/?s={search_term_string}"},"query-input":{"@type":"PropertyValueSpecification","valueRequired":true,"valueName":"search_term_string"}}],"inLanguage":"ru-RU"},{"@type":"Organization","@id":"https:\/\/boat-service.ee\/ru\/#organization","name":"KALASTUSPOOD O\u00dc","url":"https:\/\/boat-service.ee\/ru\/","logo":{"@type":"ImageObject","inLanguage":"ru-RU","@id":"https:\/\/boat-service.ee\/ru\/#\/schema\/logo\/image\/","url":"https:\/\/boat-service.ee\/wp-content\/uploads\/2023\/05\/impLogo.png","contentUrl":"https:\/\/boat-service.ee\/wp-content\/uploads\/2023\/05\/impLogo.png","width":270,"height":107,"caption":"KALASTUSPOOD O\u00dc"},"image":{"@id":"https:\/\/boat-service.ee\/ru\/#\/schema\/logo\/image\/"},"sameAs":["https:\/\/www.facebook.com\/boatserviceestonia","https:\/\/www.instagram.com\/kalastus_ja_paadipood\/"]}]}},"_links":{"self":[{"href":"https:\/\/boat-service.ee\/ru\/wp-json\/wp\/v2\/product\/61324","targetHints":{"allow":["GET"]}}],"collection":[{"href":"https:\/\/boat-service.ee\/ru\/wp-json\/wp\/v2\/product"}],"about":[{"href":"https:\/\/boat-service.ee\/ru\/wp-json\/wp\/v2\/types\/product"}],"wp:featuredmedia":[{"embeddable":true,"href":"https:\/\/boat-service.ee\/ru\/wp-json\/wp\/v2\/media\/61120"}],"wp:attachment":[{"href":"https:\/\/boat-service.ee\/ru\/wp-json\/wp\/v2\/media?parent=61324"}],"wp:term":[{"taxonomy":"product_brand","embeddable":true,"href":"https:\/\/boat-service.ee\/ru\/wp-json\/wp\/v2\/product_brand?post=61324"},{"taxonomy":"product_cat","embeddable":true,"href":"https:\/\/boat-service.ee\/ru\/wp-json\/wp\/v2\/product_cat?post=61324"},{"taxonomy":"product_tag","embeddable":true,"href":"https:\/\/boat-service.ee\/ru\/wp-json\/wp\/v2\/product_tag?post=61324"}],"curies":[{"name":"wp","href":"https:\/\/api.w.org\/{rel}","templated":true}]}}