{"id":59690,"date":"2022-10-24T09:31:42","date_gmt":"2022-10-24T07:31:42","guid":{"rendered":"https:\/\/boat-service.ee\/pood\/uncategorized\/aquaspirit-spirit-530-dc\/"},"modified":"2022-10-24T09:31:42","modified_gmt":"2022-10-24T07:31:42","slug":"aquaspirit-spirit-530-dc","status":"publish","type":"product","link":"https:\/\/boat-service.ee\/ru\/pood\/%d0%bb%d0%be%d0%b4%d0%ba%d0%b8-ru\/aquaspirit-ru\/aquaspirit-spirit-530-dc\/","title":{"rendered":"AQUASPIRIT SPIRIT 530 DC"},"content":{"rendered":"<h3>STANDARD VARUSTUS<\/h3>\n<ul>\n<li>Aluminium hull with deck made of EN AW5083-H111 marine aluminum with coating<\/li>\n<li>Self bailing recess<\/li>\n<li>Aft platforms<\/li>\n<li>Dual steering console with windshield and seating<\/li>\n<li>Seats for driver and passenger<\/li>\n<li>Bow seat with storage<\/li>\n<li>Stern seat with storage<\/li>\n<li>Anti-slip coating on deck<\/li>\n<li>Overpressure valve 2 pcs.<\/li>\n<li>Steering system (steering wheel, steering gearbox, steering cable)<\/li>\n<li>Battery box 60 Ah<\/li>\n<li>Bow railings<\/li>\n<li>PVC fender profile<\/li>\n<li>Towing eyelet<\/li>\n<li>Fuel system (tank 16 gal, filler neck, fuel gauge)<\/li>\n<li>Navigation lights<\/li>\n<li>Main switch<\/li>\n<li>Switch panel<\/li>\n<li>Bilge pump 1000 GPH<\/li>\n<li>High performance foot pump<\/li>\n<li>Repair kit<\/li>\n<\/ul>\n","protected":false},"excerpt":{"rendered":"<h3>N\u00c4ITAJAD<\/h3>\n<table width=\"100%\">\n<tbody>\n<tr>\n<td width=\"291\">Pikkus, m<\/td>\n<td width=\"199\">5.38<\/td>\n<\/tr>\n<tr>\n<td><strong>Laius, m<\/strong><\/td>\n<td><strong>2.30<\/strong><\/td>\n<\/tr>\n<tr>\n<td>Ballooni diameeter, cm<\/td>\n<td>50<\/td>\n<\/tr>\n<tr>\n<td><strong>Ballooni sektsioonid, tk<\/strong><\/td>\n<td><strong>5<\/strong><\/td>\n<\/tr>\n<tr>\n<td>Istekohtade arv<\/td>\n<td>7<\/td>\n<\/tr>\n<tr>\n<td><strong>Kandev\u00f5ime, kg<\/strong><\/td>\n<td><strong>900<\/strong><\/td>\n<\/tr>\n<tr>\n<td>Soovitatav mootori v\u00f5imsus, Hp<\/td>\n<td>65<\/td>\n<\/tr>\n<tr>\n<td><strong>Mootori maksimaalne v\u00f5imsus, Hp<\/strong><\/td>\n<td><strong>115<\/strong><\/td>\n<\/tr>\n<tr>\n<td>Ahtripeegli k\u00f5rgus, mm<\/td>\n<td>508<\/td>\n<\/tr>\n<tr>\n<td><strong>Kaal, kg<\/strong><\/td>\n<td><strong>635<\/strong><\/td>\n<\/tr>\n<tr>\n<td>Kere materjal<\/td>\n<td>EN AW 5083 H111 aluminum<\/td>\n<\/tr>\n<tr>\n<td><strong>Ballooni materjal<\/strong><\/td>\n<td><strong>Hytex\u00a01100\/Hypalon<\/strong><\/td>\n<\/tr>\n<\/tbody>\n<\/table>\n<p><iframe loading=\"lazy\" width=\"560\" height=\"315\" src=\"https:\/\/www.youtube.com\/embed\/Ko-NbetSRzk\" title=\"YouTube video player\" frameborder=\"0\" allow=\"accelerometer; autoplay; clipboard-write; encrypted-media; gyroscope; picture-in-picture\" allowfullscreen><\/iframe><\/p>\n","protected":false},"featured_media":59436,"template":"","meta":[],"product_brand":[],"product_cat":[115,583],"product_tag":[],"class_list":{"0":"post-59690","1":"product","2":"type-product","3":"status-publish","4":"has-post-thumbnail","6":"product_cat--ru","7":"product_cat-aquaspirit-ru","8":"tm-no-options","10":"first","11":"instock","12":"taxable","13":"shipping-taxable","14":"purchasable","15":"product-type-variable"},"yoast_head":"<!-- This site is optimized with the Yoast SEO plugin v27.2 - https:\/\/yoast.com\/product\/yoast-seo-wordpress\/ -->\n<title>AQUASPIRIT SPIRIT 530 DC - Boat Service Estonia<\/title>\n<meta name=\"robots\" content=\"index, follow, max-snippet:-1, max-image-preview:large, max-video-preview:-1\" \/>\n<link rel=\"canonical\" href=\"https:\/\/boat-service.ee\/ru\/pood\/%d0%bb%d0%be%d0%b4%d0%ba%d0%b8-ru\/aquaspirit-ru\/aquaspirit-spirit-530-dc\/\" \/>\n<meta property=\"og:locale\" content=\"ru_RU\" \/>\n<meta property=\"og:type\" content=\"article\" \/>\n<meta property=\"og:title\" content=\"AQUASPIRIT SPIRIT 530 DC - Boat Service Estonia\" \/>\n<meta property=\"og:description\" content=\"N\u00c4ITAJAD    Pikkus, m 5.38   Laius, m 2.30   Ballooni diameeter, cm 50   Ballooni sektsioonid, tk 5   Istekohtade arv 7   Kandev\u00f5ime, kg 900   Soovitatav mootori v\u00f5imsus, Hp 65   Mootori maksimaalne v\u00f5imsus, Hp 115   Ahtripeegli k\u00f5rgus, mm 508   Kaal, kg 635   Kere materjal EN AW 5083 H111 aluminum   Ballooni materjal Hytex\u00a01100\/Hypalon\" \/>\n<meta property=\"og:url\" content=\"https:\/\/boat-service.ee\/ru\/pood\/%d0%bb%d0%be%d0%b4%d0%ba%d0%b8-ru\/aquaspirit-ru\/aquaspirit-spirit-530-dc\/\" \/>\n<meta property=\"og:site_name\" content=\"Boat Service Estonia\" \/>\n<meta property=\"article:publisher\" content=\"https:\/\/www.facebook.com\/boatserviceestonia\" \/>\n<meta property=\"og:image\" content=\"https:\/\/boat-service.ee\/wp-content\/uploads\/2022\/10\/530_01.jpg\" \/>\n\t<meta property=\"og:image:width\" content=\"800\" \/>\n\t<meta property=\"og:image:height\" content=\"400\" \/>\n\t<meta property=\"og:image:type\" content=\"image\/jpeg\" \/>\n<meta name=\"twitter:card\" content=\"summary_large_image\" \/>\n<script type=\"application\/ld+json\" class=\"yoast-schema-graph\">{\"@context\":\"https:\/\/schema.org\",\"@graph\":[{\"@type\":\"WebPage\",\"@id\":\"https:\/\/boat-service.ee\/ru\/pood\/%d0%bb%d0%be%d0%b4%d0%ba%d0%b8-ru\/aquaspirit-ru\/aquaspirit-spirit-530-dc\/\",\"url\":\"https:\/\/boat-service.ee\/ru\/pood\/%d0%bb%d0%be%d0%b4%d0%ba%d0%b8-ru\/aquaspirit-ru\/aquaspirit-spirit-530-dc\/\",\"name\":\"AQUASPIRIT SPIRIT 530 DC - Boat Service Estonia\",\"isPartOf\":{\"@id\":\"https:\/\/boat-service.ee\/ru\/#website\"},\"primaryImageOfPage\":{\"@id\":\"https:\/\/boat-service.ee\/ru\/pood\/%d0%bb%d0%be%d0%b4%d0%ba%d0%b8-ru\/aquaspirit-ru\/aquaspirit-spirit-530-dc\/#primaryimage\"},\"image\":{\"@id\":\"https:\/\/boat-service.ee\/ru\/pood\/%d0%bb%d0%be%d0%b4%d0%ba%d0%b8-ru\/aquaspirit-ru\/aquaspirit-spirit-530-dc\/#primaryimage\"},\"thumbnailUrl\":\"https:\/\/boat-service.ee\/wp-content\/uploads\/2022\/10\/530_01.jpg\",\"datePublished\":\"2022-10-24T07:31:42+00:00\",\"breadcrumb\":{\"@id\":\"https:\/\/boat-service.ee\/ru\/pood\/%d0%bb%d0%be%d0%b4%d0%ba%d0%b8-ru\/aquaspirit-ru\/aquaspirit-spirit-530-dc\/#breadcrumb\"},\"inLanguage\":\"ru-RU\",\"potentialAction\":[{\"@type\":\"ReadAction\",\"target\":[\"https:\/\/boat-service.ee\/ru\/pood\/%d0%bb%d0%be%d0%b4%d0%ba%d0%b8-ru\/aquaspirit-ru\/aquaspirit-spirit-530-dc\/\"]}]},{\"@type\":\"ImageObject\",\"inLanguage\":\"ru-RU\",\"@id\":\"https:\/\/boat-service.ee\/ru\/pood\/%d0%bb%d0%be%d0%b4%d0%ba%d0%b8-ru\/aquaspirit-ru\/aquaspirit-spirit-530-dc\/#primaryimage\",\"url\":\"https:\/\/boat-service.ee\/wp-content\/uploads\/2022\/10\/530_01.jpg\",\"contentUrl\":\"https:\/\/boat-service.ee\/wp-content\/uploads\/2022\/10\/530_01.jpg\",\"width\":800,\"height\":400,\"caption\":\"Aquaspirit 530 S\"},{\"@type\":\"BreadcrumbList\",\"@id\":\"https:\/\/boat-service.ee\/ru\/pood\/%d0%bb%d0%be%d0%b4%d0%ba%d0%b8-ru\/aquaspirit-ru\/aquaspirit-spirit-530-dc\/#breadcrumb\",\"itemListElement\":[{\"@type\":\"ListItem\",\"position\":1,\"name\":\"Home\",\"item\":\"https:\/\/boat-service.ee\/ru\/\"},{\"@type\":\"ListItem\",\"position\":2,\"name\":\"\u041c\u0430\u0433\u0430\u0437\u0438\u043d\",\"item\":\"https:\/\/boat-service.ee\/ru\/%d0%bc%d0%b0%d0%b3%d0%b0%d0%b7%d0%b8%d0%bd\/\"},{\"@type\":\"ListItem\",\"position\":3,\"name\":\"AQUASPIRIT SPIRIT 530 DC\"}]},{\"@type\":\"WebSite\",\"@id\":\"https:\/\/boat-service.ee\/ru\/#website\",\"url\":\"https:\/\/boat-service.ee\/ru\/\",\"name\":\"Boat Service Estonia\",\"description\":\"Boat Service Estonia - Mootorpaadid, treilerid, mootorid\",\"publisher\":{\"@id\":\"https:\/\/boat-service.ee\/ru\/#organization\"},\"potentialAction\":[{\"@type\":\"SearchAction\",\"target\":{\"@type\":\"EntryPoint\",\"urlTemplate\":\"https:\/\/boat-service.ee\/ru\/?s={search_term_string}\"},\"query-input\":{\"@type\":\"PropertyValueSpecification\",\"valueRequired\":true,\"valueName\":\"search_term_string\"}}],\"inLanguage\":\"ru-RU\"},{\"@type\":\"Organization\",\"@id\":\"https:\/\/boat-service.ee\/ru\/#organization\",\"name\":\"KALASTUSPOOD O\u00dc\",\"url\":\"https:\/\/boat-service.ee\/ru\/\",\"logo\":{\"@type\":\"ImageObject\",\"inLanguage\":\"ru-RU\",\"@id\":\"https:\/\/boat-service.ee\/ru\/#\/schema\/logo\/image\/\",\"url\":\"https:\/\/boat-service.ee\/wp-content\/uploads\/2023\/05\/impLogo.png\",\"contentUrl\":\"https:\/\/boat-service.ee\/wp-content\/uploads\/2023\/05\/impLogo.png\",\"width\":270,\"height\":107,\"caption\":\"KALASTUSPOOD O\u00dc\"},\"image\":{\"@id\":\"https:\/\/boat-service.ee\/ru\/#\/schema\/logo\/image\/\"},\"sameAs\":[\"https:\/\/www.facebook.com\/boatserviceestonia\",\"https:\/\/www.instagram.com\/kalastus_ja_paadipood\/\"]}]}<\/script>\n<!-- \/ Yoast SEO plugin. -->","yoast_head_json":{"title":"AQUASPIRIT SPIRIT 530 DC - Boat Service Estonia","robots":{"index":"index","follow":"follow","max-snippet":"max-snippet:-1","max-image-preview":"max-image-preview:large","max-video-preview":"max-video-preview:-1"},"canonical":"https:\/\/boat-service.ee\/ru\/pood\/%d0%bb%d0%be%d0%b4%d0%ba%d0%b8-ru\/aquaspirit-ru\/aquaspirit-spirit-530-dc\/","og_locale":"ru_RU","og_type":"article","og_title":"AQUASPIRIT SPIRIT 530 DC - Boat Service Estonia","og_description":"N\u00c4ITAJAD    Pikkus, m 5.38   Laius, m 2.30   Ballooni diameeter, cm 50   Ballooni sektsioonid, tk 5   Istekohtade arv 7   Kandev\u00f5ime, kg 900   Soovitatav mootori v\u00f5imsus, Hp 65   Mootori maksimaalne v\u00f5imsus, Hp 115   Ahtripeegli k\u00f5rgus, mm 508   Kaal, kg 635   Kere materjal EN AW 5083 H111 aluminum   Ballooni materjal Hytex\u00a01100\/Hypalon","og_url":"https:\/\/boat-service.ee\/ru\/pood\/%d0%bb%d0%be%d0%b4%d0%ba%d0%b8-ru\/aquaspirit-ru\/aquaspirit-spirit-530-dc\/","og_site_name":"Boat Service Estonia","article_publisher":"https:\/\/www.facebook.com\/boatserviceestonia","og_image":[{"width":800,"height":400,"url":"https:\/\/boat-service.ee\/wp-content\/uploads\/2022\/10\/530_01.jpg","type":"image\/jpeg"}],"twitter_card":"summary_large_image","schema":{"@context":"https:\/\/schema.org","@graph":[{"@type":"WebPage","@id":"https:\/\/boat-service.ee\/ru\/pood\/%d0%bb%d0%be%d0%b4%d0%ba%d0%b8-ru\/aquaspirit-ru\/aquaspirit-spirit-530-dc\/","url":"https:\/\/boat-service.ee\/ru\/pood\/%d0%bb%d0%be%d0%b4%d0%ba%d0%b8-ru\/aquaspirit-ru\/aquaspirit-spirit-530-dc\/","name":"AQUASPIRIT SPIRIT 530 DC - Boat Service Estonia","isPartOf":{"@id":"https:\/\/boat-service.ee\/ru\/#website"},"primaryImageOfPage":{"@id":"https:\/\/boat-service.ee\/ru\/pood\/%d0%bb%d0%be%d0%b4%d0%ba%d0%b8-ru\/aquaspirit-ru\/aquaspirit-spirit-530-dc\/#primaryimage"},"image":{"@id":"https:\/\/boat-service.ee\/ru\/pood\/%d0%bb%d0%be%d0%b4%d0%ba%d0%b8-ru\/aquaspirit-ru\/aquaspirit-spirit-530-dc\/#primaryimage"},"thumbnailUrl":"https:\/\/boat-service.ee\/wp-content\/uploads\/2022\/10\/530_01.jpg","datePublished":"2022-10-24T07:31:42+00:00","breadcrumb":{"@id":"https:\/\/boat-service.ee\/ru\/pood\/%d0%bb%d0%be%d0%b4%d0%ba%d0%b8-ru\/aquaspirit-ru\/aquaspirit-spirit-530-dc\/#breadcrumb"},"inLanguage":"ru-RU","potentialAction":[{"@type":"ReadAction","target":["https:\/\/boat-service.ee\/ru\/pood\/%d0%bb%d0%be%d0%b4%d0%ba%d0%b8-ru\/aquaspirit-ru\/aquaspirit-spirit-530-dc\/"]}]},{"@type":"ImageObject","inLanguage":"ru-RU","@id":"https:\/\/boat-service.ee\/ru\/pood\/%d0%bb%d0%be%d0%b4%d0%ba%d0%b8-ru\/aquaspirit-ru\/aquaspirit-spirit-530-dc\/#primaryimage","url":"https:\/\/boat-service.ee\/wp-content\/uploads\/2022\/10\/530_01.jpg","contentUrl":"https:\/\/boat-service.ee\/wp-content\/uploads\/2022\/10\/530_01.jpg","width":800,"height":400,"caption":"Aquaspirit 530 S"},{"@type":"BreadcrumbList","@id":"https:\/\/boat-service.ee\/ru\/pood\/%d0%bb%d0%be%d0%b4%d0%ba%d0%b8-ru\/aquaspirit-ru\/aquaspirit-spirit-530-dc\/#breadcrumb","itemListElement":[{"@type":"ListItem","position":1,"name":"Home","item":"https:\/\/boat-service.ee\/ru\/"},{"@type":"ListItem","position":2,"name":"\u041c\u0430\u0433\u0430\u0437\u0438\u043d","item":"https:\/\/boat-service.ee\/ru\/%d0%bc%d0%b0%d0%b3%d0%b0%d0%b7%d0%b8%d0%bd\/"},{"@type":"ListItem","position":3,"name":"AQUASPIRIT SPIRIT 530 DC"}]},{"@type":"WebSite","@id":"https:\/\/boat-service.ee\/ru\/#website","url":"https:\/\/boat-service.ee\/ru\/","name":"Boat Service Estonia","description":"Boat Service Estonia - Mootorpaadid, treilerid, mootorid","publisher":{"@id":"https:\/\/boat-service.ee\/ru\/#organization"},"potentialAction":[{"@type":"SearchAction","target":{"@type":"EntryPoint","urlTemplate":"https:\/\/boat-service.ee\/ru\/?s={search_term_string}"},"query-input":{"@type":"PropertyValueSpecification","valueRequired":true,"valueName":"search_term_string"}}],"inLanguage":"ru-RU"},{"@type":"Organization","@id":"https:\/\/boat-service.ee\/ru\/#organization","name":"KALASTUSPOOD O\u00dc","url":"https:\/\/boat-service.ee\/ru\/","logo":{"@type":"ImageObject","inLanguage":"ru-RU","@id":"https:\/\/boat-service.ee\/ru\/#\/schema\/logo\/image\/","url":"https:\/\/boat-service.ee\/wp-content\/uploads\/2023\/05\/impLogo.png","contentUrl":"https:\/\/boat-service.ee\/wp-content\/uploads\/2023\/05\/impLogo.png","width":270,"height":107,"caption":"KALASTUSPOOD O\u00dc"},"image":{"@id":"https:\/\/boat-service.ee\/ru\/#\/schema\/logo\/image\/"},"sameAs":["https:\/\/www.facebook.com\/boatserviceestonia","https:\/\/www.instagram.com\/kalastus_ja_paadipood\/"]}]}},"_links":{"self":[{"href":"https:\/\/boat-service.ee\/ru\/wp-json\/wp\/v2\/product\/59690","targetHints":{"allow":["GET"]}}],"collection":[{"href":"https:\/\/boat-service.ee\/ru\/wp-json\/wp\/v2\/product"}],"about":[{"href":"https:\/\/boat-service.ee\/ru\/wp-json\/wp\/v2\/types\/product"}],"wp:featuredmedia":[{"embeddable":true,"href":"https:\/\/boat-service.ee\/ru\/wp-json\/wp\/v2\/media\/59436"}],"wp:attachment":[{"href":"https:\/\/boat-service.ee\/ru\/wp-json\/wp\/v2\/media?parent=59690"}],"wp:term":[{"taxonomy":"product_brand","embeddable":true,"href":"https:\/\/boat-service.ee\/ru\/wp-json\/wp\/v2\/product_brand?post=59690"},{"taxonomy":"product_cat","embeddable":true,"href":"https:\/\/boat-service.ee\/ru\/wp-json\/wp\/v2\/product_cat?post=59690"},{"taxonomy":"product_tag","embeddable":true,"href":"https:\/\/boat-service.ee\/ru\/wp-json\/wp\/v2\/product_tag?post=59690"}],"curies":[{"name":"wp","href":"https:\/\/api.w.org\/{rel}","templated":true}]}}