{"id":59687,"date":"2022-10-24T10:35:14","date_gmt":"2022-10-24T08:35:14","guid":{"rendered":"https:\/\/boat-service.ee\/pood\/uncategorized\/aquaspirit-spirit-585-cc\/"},"modified":"2022-10-24T10:35:14","modified_gmt":"2022-10-24T08:35:14","slug":"aquaspirit-spirit-585-cc","status":"publish","type":"product","link":"https:\/\/boat-service.ee\/ru\/pood\/%d0%bb%d0%be%d0%b4%d0%ba%d0%b8-ru\/aquaspirit-ru\/aquaspirit-spirit-585-cc\/","title":{"rendered":"AQUASPIRIT SPIRIT 585 CC"},"content":{"rendered":"<h3>STANDARD VARUSTUS<\/h3>\n<ul>\n<li>Aluminium hull with deck made of EN AW5083-H111 marine aluminum with coating<\/li>\n<li>Self bailing recess<\/li>\n<li>Aft platforms<\/li>\n<li>Central steering console with windshield and seating<\/li>\n<li>Seats for driver and passenger<\/li>\n<li>Bow seat<\/li>\n<li>Stern seat<\/li>\n<li>Anti-slip coating on deck<\/li>\n<li>Overpressure valve 3 pcs.<\/li>\n<li>Steering system (steering wheel, steering gearbox, steering cable)<\/li>\n<li>Exterior transom pad<\/li>\n<li>Battery box 100 Ah<\/li>\n<li>Aft handrails for passengers<\/li>\n<li>Bow railings<\/li>\n<li>Bowstep platform<\/li>\n<li>PVC fender profile<\/li>\n<li>Keel protection<\/li>\n<li>Towing eyelet<\/li>\n<li>Cleats 4 pieces<\/li>\n<li>Fuel system (tank 34gal, filler neck, fuel gauge)<\/li>\n<li>Navigation lights<\/li>\n<li>Main switch<\/li>\n<li>Switch panel<\/li>\n<li>Bilge pump 1000 GPH<\/li>\n<li>High performance foot pump<\/li>\n<li>Repair kit<\/li>\n<\/ul>\n","protected":false},"excerpt":{"rendered":"<h3>N\u00c4ITAJAD<\/h3>\n<table width=\"100%\">\n<tbody>\n<tr>\n<td width=\"291\">Pikkus, m<\/td>\n<td width=\"199\">5.85<\/td>\n<\/tr>\n<tr>\n<td><strong>Laius, m<\/strong><\/td>\n<td><strong>2.45<\/strong><\/td>\n<\/tr>\n<tr>\n<td>Ballooni diameeter, cm<\/td>\n<td>50<\/td>\n<\/tr>\n<tr>\n<td><strong>Ballooni sektsioonid, tk<\/strong><\/td>\n<td><strong>5<\/strong><\/td>\n<\/tr>\n<tr>\n<td>Istekohtade arv<\/td>\n<td>8<\/td>\n<\/tr>\n<tr>\n<td><strong>Kandev\u00f5ime, kg<\/strong><\/td>\n<td><strong>1050<\/strong><\/td>\n<\/tr>\n<tr>\n<td>Soovitatav mootori v\u00f5imsus, Hp<\/td>\n<td>115<\/td>\n<\/tr>\n<tr>\n<td><strong>Mootori maksimaalne v\u00f5imsus, Hp<\/strong><\/td>\n<td><strong>150<\/strong><\/td>\n<\/tr>\n<tr>\n<td>Ahtripeegli k\u00f5rgus, mm<\/td>\n<td>635<\/td>\n<\/tr>\n<tr>\n<td><strong>Kaal, kg<\/strong><\/td>\n<td><strong>660<\/strong><\/td>\n<\/tr>\n<tr>\n<td>Kere materjal<\/td>\n<td>EN AW 5083 H111 aluminum<\/td>\n<\/tr>\n<tr>\n<td><strong>Ballooni materjal<\/strong><\/td>\n<td><strong>Hytex\u00a01300\/Hypalon<\/strong><\/td>\n<\/tr>\n<\/tbody>\n<\/table>\n<p><iframe loading=\"lazy\" width=\"560\" height=\"315\" src=\"https:\/\/www.youtube.com\/embed\/9uB7ui3BxCQ\" title=\"YouTube video player\" frameborder=\"0\" allow=\"accelerometer; autoplay; clipboard-write; encrypted-media; gyroscope; picture-in-picture\" allowfullscreen><\/iframe><\/p>\n","protected":false},"featured_media":59627,"template":"","meta":[],"product_brand":[],"product_cat":[115,583],"product_tag":[],"class_list":{"0":"post-59687","1":"product","2":"type-product","3":"status-publish","4":"has-post-thumbnail","6":"product_cat--ru","7":"product_cat-aquaspirit-ru","8":"tm-no-options","10":"first","11":"instock","12":"taxable","13":"shipping-taxable","14":"purchasable","15":"product-type-variable"},"yoast_head":"<!-- This site is optimized with the Yoast SEO plugin v27.2 - https:\/\/yoast.com\/product\/yoast-seo-wordpress\/ -->\n<title>AQUASPIRIT SPIRIT 585 CC - Boat Service Estonia<\/title>\n<meta name=\"robots\" content=\"index, follow, max-snippet:-1, max-image-preview:large, max-video-preview:-1\" \/>\n<link rel=\"canonical\" href=\"https:\/\/boat-service.ee\/ru\/pood\/%d0%bb%d0%be%d0%b4%d0%ba%d0%b8-ru\/aquaspirit-ru\/aquaspirit-spirit-585-cc\/\" \/>\n<meta property=\"og:locale\" content=\"ru_RU\" \/>\n<meta property=\"og:type\" content=\"article\" \/>\n<meta property=\"og:title\" content=\"AQUASPIRIT SPIRIT 585 CC - Boat Service Estonia\" \/>\n<meta property=\"og:description\" content=\"N\u00c4ITAJAD    Pikkus, m 5.85   Laius, m 2.45   Ballooni diameeter, cm 50   Ballooni sektsioonid, tk 5   Istekohtade arv 8   Kandev\u00f5ime, kg 1050   Soovitatav mootori v\u00f5imsus, Hp 115   Mootori maksimaalne v\u00f5imsus, Hp 150   Ahtripeegli k\u00f5rgus, mm 635   Kaal, kg 660   Kere materjal EN AW 5083 H111 aluminum   Ballooni materjal Hytex\u00a01300\/Hypalon\" \/>\n<meta property=\"og:url\" content=\"https:\/\/boat-service.ee\/ru\/pood\/%d0%bb%d0%be%d0%b4%d0%ba%d0%b8-ru\/aquaspirit-ru\/aquaspirit-spirit-585-cc\/\" \/>\n<meta property=\"og:site_name\" content=\"Boat Service Estonia\" \/>\n<meta property=\"article:publisher\" content=\"https:\/\/www.facebook.com\/boatserviceestonia\" \/>\n<meta property=\"og:image\" content=\"https:\/\/boat-service.ee\/wp-content\/uploads\/2022\/10\/Aquaspirit-SPIRIT-485CC.png\" \/>\n\t<meta property=\"og:image:width\" content=\"1442\" \/>\n\t<meta property=\"og:image:height\" content=\"721\" \/>\n\t<meta property=\"og:image:type\" content=\"image\/png\" \/>\n<meta name=\"twitter:card\" content=\"summary_large_image\" \/>\n<script type=\"application\/ld+json\" class=\"yoast-schema-graph\">{\"@context\":\"https:\/\/schema.org\",\"@graph\":[{\"@type\":\"WebPage\",\"@id\":\"https:\/\/boat-service.ee\/ru\/pood\/%d0%bb%d0%be%d0%b4%d0%ba%d0%b8-ru\/aquaspirit-ru\/aquaspirit-spirit-585-cc\/\",\"url\":\"https:\/\/boat-service.ee\/ru\/pood\/%d0%bb%d0%be%d0%b4%d0%ba%d0%b8-ru\/aquaspirit-ru\/aquaspirit-spirit-585-cc\/\",\"name\":\"AQUASPIRIT SPIRIT 585 CC - Boat Service Estonia\",\"isPartOf\":{\"@id\":\"https:\/\/boat-service.ee\/ru\/#website\"},\"primaryImageOfPage\":{\"@id\":\"https:\/\/boat-service.ee\/ru\/pood\/%d0%bb%d0%be%d0%b4%d0%ba%d0%b8-ru\/aquaspirit-ru\/aquaspirit-spirit-585-cc\/#primaryimage\"},\"image\":{\"@id\":\"https:\/\/boat-service.ee\/ru\/pood\/%d0%bb%d0%be%d0%b4%d0%ba%d0%b8-ru\/aquaspirit-ru\/aquaspirit-spirit-585-cc\/#primaryimage\"},\"thumbnailUrl\":\"https:\/\/boat-service.ee\/wp-content\/uploads\/2022\/10\/Aquaspirit-SPIRIT-485CC.png\",\"datePublished\":\"2022-10-24T08:35:14+00:00\",\"breadcrumb\":{\"@id\":\"https:\/\/boat-service.ee\/ru\/pood\/%d0%bb%d0%be%d0%b4%d0%ba%d0%b8-ru\/aquaspirit-ru\/aquaspirit-spirit-585-cc\/#breadcrumb\"},\"inLanguage\":\"ru-RU\",\"potentialAction\":[{\"@type\":\"ReadAction\",\"target\":[\"https:\/\/boat-service.ee\/ru\/pood\/%d0%bb%d0%be%d0%b4%d0%ba%d0%b8-ru\/aquaspirit-ru\/aquaspirit-spirit-585-cc\/\"]}]},{\"@type\":\"ImageObject\",\"inLanguage\":\"ru-RU\",\"@id\":\"https:\/\/boat-service.ee\/ru\/pood\/%d0%bb%d0%be%d0%b4%d0%ba%d0%b8-ru\/aquaspirit-ru\/aquaspirit-spirit-585-cc\/#primaryimage\",\"url\":\"https:\/\/boat-service.ee\/wp-content\/uploads\/2022\/10\/Aquaspirit-SPIRIT-485CC.png\",\"contentUrl\":\"https:\/\/boat-service.ee\/wp-content\/uploads\/2022\/10\/Aquaspirit-SPIRIT-485CC.png\",\"width\":1442,\"height\":721,\"caption\":\"Aquaspirit SPIRIT 485CC\"},{\"@type\":\"BreadcrumbList\",\"@id\":\"https:\/\/boat-service.ee\/ru\/pood\/%d0%bb%d0%be%d0%b4%d0%ba%d0%b8-ru\/aquaspirit-ru\/aquaspirit-spirit-585-cc\/#breadcrumb\",\"itemListElement\":[{\"@type\":\"ListItem\",\"position\":1,\"name\":\"Home\",\"item\":\"https:\/\/boat-service.ee\/ru\/\"},{\"@type\":\"ListItem\",\"position\":2,\"name\":\"\u041c\u0430\u0433\u0430\u0437\u0438\u043d\",\"item\":\"https:\/\/boat-service.ee\/ru\/%d0%bc%d0%b0%d0%b3%d0%b0%d0%b7%d0%b8%d0%bd\/\"},{\"@type\":\"ListItem\",\"position\":3,\"name\":\"AQUASPIRIT SPIRIT 585 CC\"}]},{\"@type\":\"WebSite\",\"@id\":\"https:\/\/boat-service.ee\/ru\/#website\",\"url\":\"https:\/\/boat-service.ee\/ru\/\",\"name\":\"Boat Service Estonia\",\"description\":\"Boat Service Estonia - Mootorpaadid, treilerid, mootorid\",\"publisher\":{\"@id\":\"https:\/\/boat-service.ee\/ru\/#organization\"},\"potentialAction\":[{\"@type\":\"SearchAction\",\"target\":{\"@type\":\"EntryPoint\",\"urlTemplate\":\"https:\/\/boat-service.ee\/ru\/?s={search_term_string}\"},\"query-input\":{\"@type\":\"PropertyValueSpecification\",\"valueRequired\":true,\"valueName\":\"search_term_string\"}}],\"inLanguage\":\"ru-RU\"},{\"@type\":\"Organization\",\"@id\":\"https:\/\/boat-service.ee\/ru\/#organization\",\"name\":\"KALASTUSPOOD O\u00dc\",\"url\":\"https:\/\/boat-service.ee\/ru\/\",\"logo\":{\"@type\":\"ImageObject\",\"inLanguage\":\"ru-RU\",\"@id\":\"https:\/\/boat-service.ee\/ru\/#\/schema\/logo\/image\/\",\"url\":\"https:\/\/boat-service.ee\/wp-content\/uploads\/2023\/05\/impLogo.png\",\"contentUrl\":\"https:\/\/boat-service.ee\/wp-content\/uploads\/2023\/05\/impLogo.png\",\"width\":270,\"height\":107,\"caption\":\"KALASTUSPOOD O\u00dc\"},\"image\":{\"@id\":\"https:\/\/boat-service.ee\/ru\/#\/schema\/logo\/image\/\"},\"sameAs\":[\"https:\/\/www.facebook.com\/boatserviceestonia\",\"https:\/\/www.instagram.com\/kalastus_ja_paadipood\/\"]}]}<\/script>\n<!-- \/ Yoast SEO plugin. -->","yoast_head_json":{"title":"AQUASPIRIT SPIRIT 585 CC - Boat Service Estonia","robots":{"index":"index","follow":"follow","max-snippet":"max-snippet:-1","max-image-preview":"max-image-preview:large","max-video-preview":"max-video-preview:-1"},"canonical":"https:\/\/boat-service.ee\/ru\/pood\/%d0%bb%d0%be%d0%b4%d0%ba%d0%b8-ru\/aquaspirit-ru\/aquaspirit-spirit-585-cc\/","og_locale":"ru_RU","og_type":"article","og_title":"AQUASPIRIT SPIRIT 585 CC - Boat Service Estonia","og_description":"N\u00c4ITAJAD    Pikkus, m 5.85   Laius, m 2.45   Ballooni diameeter, cm 50   Ballooni sektsioonid, tk 5   Istekohtade arv 8   Kandev\u00f5ime, kg 1050   Soovitatav mootori v\u00f5imsus, Hp 115   Mootori maksimaalne v\u00f5imsus, Hp 150   Ahtripeegli k\u00f5rgus, mm 635   Kaal, kg 660   Kere materjal EN AW 5083 H111 aluminum   Ballooni materjal Hytex\u00a01300\/Hypalon","og_url":"https:\/\/boat-service.ee\/ru\/pood\/%d0%bb%d0%be%d0%b4%d0%ba%d0%b8-ru\/aquaspirit-ru\/aquaspirit-spirit-585-cc\/","og_site_name":"Boat Service Estonia","article_publisher":"https:\/\/www.facebook.com\/boatserviceestonia","og_image":[{"width":1442,"height":721,"url":"https:\/\/boat-service.ee\/wp-content\/uploads\/2022\/10\/Aquaspirit-SPIRIT-485CC.png","type":"image\/png"}],"twitter_card":"summary_large_image","schema":{"@context":"https:\/\/schema.org","@graph":[{"@type":"WebPage","@id":"https:\/\/boat-service.ee\/ru\/pood\/%d0%bb%d0%be%d0%b4%d0%ba%d0%b8-ru\/aquaspirit-ru\/aquaspirit-spirit-585-cc\/","url":"https:\/\/boat-service.ee\/ru\/pood\/%d0%bb%d0%be%d0%b4%d0%ba%d0%b8-ru\/aquaspirit-ru\/aquaspirit-spirit-585-cc\/","name":"AQUASPIRIT SPIRIT 585 CC - Boat Service Estonia","isPartOf":{"@id":"https:\/\/boat-service.ee\/ru\/#website"},"primaryImageOfPage":{"@id":"https:\/\/boat-service.ee\/ru\/pood\/%d0%bb%d0%be%d0%b4%d0%ba%d0%b8-ru\/aquaspirit-ru\/aquaspirit-spirit-585-cc\/#primaryimage"},"image":{"@id":"https:\/\/boat-service.ee\/ru\/pood\/%d0%bb%d0%be%d0%b4%d0%ba%d0%b8-ru\/aquaspirit-ru\/aquaspirit-spirit-585-cc\/#primaryimage"},"thumbnailUrl":"https:\/\/boat-service.ee\/wp-content\/uploads\/2022\/10\/Aquaspirit-SPIRIT-485CC.png","datePublished":"2022-10-24T08:35:14+00:00","breadcrumb":{"@id":"https:\/\/boat-service.ee\/ru\/pood\/%d0%bb%d0%be%d0%b4%d0%ba%d0%b8-ru\/aquaspirit-ru\/aquaspirit-spirit-585-cc\/#breadcrumb"},"inLanguage":"ru-RU","potentialAction":[{"@type":"ReadAction","target":["https:\/\/boat-service.ee\/ru\/pood\/%d0%bb%d0%be%d0%b4%d0%ba%d0%b8-ru\/aquaspirit-ru\/aquaspirit-spirit-585-cc\/"]}]},{"@type":"ImageObject","inLanguage":"ru-RU","@id":"https:\/\/boat-service.ee\/ru\/pood\/%d0%bb%d0%be%d0%b4%d0%ba%d0%b8-ru\/aquaspirit-ru\/aquaspirit-spirit-585-cc\/#primaryimage","url":"https:\/\/boat-service.ee\/wp-content\/uploads\/2022\/10\/Aquaspirit-SPIRIT-485CC.png","contentUrl":"https:\/\/boat-service.ee\/wp-content\/uploads\/2022\/10\/Aquaspirit-SPIRIT-485CC.png","width":1442,"height":721,"caption":"Aquaspirit SPIRIT 485CC"},{"@type":"BreadcrumbList","@id":"https:\/\/boat-service.ee\/ru\/pood\/%d0%bb%d0%be%d0%b4%d0%ba%d0%b8-ru\/aquaspirit-ru\/aquaspirit-spirit-585-cc\/#breadcrumb","itemListElement":[{"@type":"ListItem","position":1,"name":"Home","item":"https:\/\/boat-service.ee\/ru\/"},{"@type":"ListItem","position":2,"name":"\u041c\u0430\u0433\u0430\u0437\u0438\u043d","item":"https:\/\/boat-service.ee\/ru\/%d0%bc%d0%b0%d0%b3%d0%b0%d0%b7%d0%b8%d0%bd\/"},{"@type":"ListItem","position":3,"name":"AQUASPIRIT SPIRIT 585 CC"}]},{"@type":"WebSite","@id":"https:\/\/boat-service.ee\/ru\/#website","url":"https:\/\/boat-service.ee\/ru\/","name":"Boat Service Estonia","description":"Boat Service Estonia - Mootorpaadid, treilerid, mootorid","publisher":{"@id":"https:\/\/boat-service.ee\/ru\/#organization"},"potentialAction":[{"@type":"SearchAction","target":{"@type":"EntryPoint","urlTemplate":"https:\/\/boat-service.ee\/ru\/?s={search_term_string}"},"query-input":{"@type":"PropertyValueSpecification","valueRequired":true,"valueName":"search_term_string"}}],"inLanguage":"ru-RU"},{"@type":"Organization","@id":"https:\/\/boat-service.ee\/ru\/#organization","name":"KALASTUSPOOD O\u00dc","url":"https:\/\/boat-service.ee\/ru\/","logo":{"@type":"ImageObject","inLanguage":"ru-RU","@id":"https:\/\/boat-service.ee\/ru\/#\/schema\/logo\/image\/","url":"https:\/\/boat-service.ee\/wp-content\/uploads\/2023\/05\/impLogo.png","contentUrl":"https:\/\/boat-service.ee\/wp-content\/uploads\/2023\/05\/impLogo.png","width":270,"height":107,"caption":"KALASTUSPOOD O\u00dc"},"image":{"@id":"https:\/\/boat-service.ee\/ru\/#\/schema\/logo\/image\/"},"sameAs":["https:\/\/www.facebook.com\/boatserviceestonia","https:\/\/www.instagram.com\/kalastus_ja_paadipood\/"]}]}},"_links":{"self":[{"href":"https:\/\/boat-service.ee\/ru\/wp-json\/wp\/v2\/product\/59687","targetHints":{"allow":["GET"]}}],"collection":[{"href":"https:\/\/boat-service.ee\/ru\/wp-json\/wp\/v2\/product"}],"about":[{"href":"https:\/\/boat-service.ee\/ru\/wp-json\/wp\/v2\/types\/product"}],"wp:featuredmedia":[{"embeddable":true,"href":"https:\/\/boat-service.ee\/ru\/wp-json\/wp\/v2\/media\/59627"}],"wp:attachment":[{"href":"https:\/\/boat-service.ee\/ru\/wp-json\/wp\/v2\/media?parent=59687"}],"wp:term":[{"taxonomy":"product_brand","embeddable":true,"href":"https:\/\/boat-service.ee\/ru\/wp-json\/wp\/v2\/product_brand?post=59687"},{"taxonomy":"product_cat","embeddable":true,"href":"https:\/\/boat-service.ee\/ru\/wp-json\/wp\/v2\/product_cat?post=59687"},{"taxonomy":"product_tag","embeddable":true,"href":"https:\/\/boat-service.ee\/ru\/wp-json\/wp\/v2\/product_tag?post=59687"}],"curies":[{"name":"wp","href":"https:\/\/api.w.org\/{rel}","templated":true}]}}