{"id":59678,"date":"2022-10-27T10:48:13","date_gmt":"2022-11-01T10:36:25","guid":{"rendered":"https:\/\/boat-service.ee\/?post_type=product&#038;p=59678"},"modified":"2022-11-01T12:36:25","modified_gmt":"2022-11-01T10:36:25","slug":"aquaspirit-spirit-320","status":"publish","type":"product","link":"https:\/\/boat-service.ee\/ru\/pood\/%d0%bb%d0%be%d0%b4%d0%ba%d0%b8-ru\/aquaspirit-ru\/aquaspirit-spirit-320\/","title":{"rendered":"AQUASPIRIT SPIRIT 320"},"content":{"rendered":"<p>SUUR T\u00c4HELEPANU DETAILIDELE<\/p>\n<p>Lisaks saab seda mudelit varustada konsoolidega \u2013 kerget t\u00fc\u00fcpi nagu Spirit 320C v\u00f5i sportt\u00fc\u00fcpi Spirit 320 SC, mis on m\u00f5eldud kaugjuhtimiseks.<\/p>\n","protected":false},"excerpt":{"rendered":"<p>N\u00c4ITAJAD:<\/p>\n<div class=\"productSlider_c_block\">\n<ul>\n<li class=\"productSlider_c_list\">Pikkus, m &#8212; 3,15<\/li>\n<li class=\"productSlider_c_list\">kabiini pikkus,\u00a0 m\u00a0 &#8212; 2,28<\/li>\n<li class=\"productSlider_c_list\">Tala, m &#8212; 1,68<\/li>\n<li class=\"productSlider_c_list\">Kabiini laius, . &#8212; 0,834<\/li>\n<li class=\"productSlider_c_list\">Ballooni maksimaalne l\u00e4bim\u00f5\u00f5t, m &#8212; 0,43<\/li>\n<li class=\"productSlider_c_list\">Kaal, kg &#8212; 71<\/li>\n<li class=\"productSlider_c_list\">Kandev\u00f5ime, kg &#8212; 441<\/li>\n<li class=\"productSlider_c_list\">Istekohtade arv inimestele &#8212; 4<\/li>\n<li class=\"productSlider_c_list\">Sektsioonide arv balloonides, tk &#8212; 3<\/li>\n<li class=\"productSlider_c_list\">Maksimaalne mootori v\u00f5imsus h.p. &#8212; 15<\/li>\n<li class=\"productSlider_c_list\">Mootori v\u00f5lli pikkus, toll\u00a0 &#8212; 15<\/li>\n<li class=\"productSlider_c_list\">Ballooni materjal: PVC or Hypolon, g\/m2 &#8212; 1000<\/li>\n<li class=\"productSlider_c_list\">Kere materjal: Alumiinium Alloy EN AW 5083 H111<\/li>\n<\/ul>\n<\/div>\n<p><iframe loading=\"lazy\" title=\"YouTube video player\" src=\"https:\/\/www.youtube.com\/embed\/W0J17sNjVmQ\" width=\"560\" height=\"315\" frameborder=\"0\" allowfullscreen=\"allowfullscreen\"><\/iframe><\/p>\n","protected":false},"featured_media":59541,"template":"","meta":[],"product_brand":[],"product_cat":[583,115],"product_tag":[],"class_list":{"0":"post-59678","1":"product","2":"type-product","3":"status-publish","4":"has-post-thumbnail","6":"product_cat-aquaspirit-ru","7":"product_cat--ru","8":"tm-no-options","10":"first","11":"instock","12":"taxable","13":"shipping-taxable","14":"purchasable","15":"product-type-variable"},"yoast_head":"<!-- This site is optimized with the Yoast SEO plugin v27.2 - https:\/\/yoast.com\/product\/yoast-seo-wordpress\/ -->\n<title>AQUASPIRIT SPIRIT 320 - Boat Service Estonia<\/title>\n<meta name=\"robots\" content=\"index, follow, max-snippet:-1, max-image-preview:large, max-video-preview:-1\" \/>\n<link rel=\"canonical\" href=\"https:\/\/boat-service.ee\/ru\/pood\/%d0%bb%d0%be%d0%b4%d0%ba%d0%b8-ru\/aquaspirit-ru\/aquaspirit-spirit-320\/\" \/>\n<meta property=\"og:locale\" content=\"ru_RU\" \/>\n<meta property=\"og:type\" content=\"article\" \/>\n<meta property=\"og:title\" content=\"AQUASPIRIT SPIRIT 320 - Boat Service Estonia\" \/>\n<meta property=\"og:description\" content=\"N\u00c4ITAJAD:   Pikkus, m - 3,15 kabiini pikkus,\u00a0 m\u00a0 - 2,28 Tala, m - 1,68 Kabiini laius, . - 0,834 Ballooni maksimaalne l\u00e4bim\u00f5\u00f5t, m - 0,43 Kaal, kg - 71 Kandev\u00f5ime, kg - 441 Istekohtade arv inimestele - 4 Sektsioonide arv balloonides, tk - 3 Maksimaalne mootori v\u00f5imsus h.p. - 15 Mootori v\u00f5lli pikkus, toll\u00a0 - 15 Ballooni materjal: PVC or Hypolon, g\/m2 - 1000 Kere materjal: Alumiinium Alloy EN AW 5083 H111\" \/>\n<meta property=\"og:url\" content=\"https:\/\/boat-service.ee\/ru\/pood\/%d0%bb%d0%be%d0%b4%d0%ba%d0%b8-ru\/aquaspirit-ru\/aquaspirit-spirit-320\/\" \/>\n<meta property=\"og:site_name\" content=\"Boat Service Estonia\" \/>\n<meta property=\"article:publisher\" content=\"https:\/\/www.facebook.com\/boatserviceestonia\" \/>\n<meta property=\"og:image\" content=\"https:\/\/boat-service.ee\/wp-content\/uploads\/2022\/10\/320_15.png\" \/>\n\t<meta property=\"og:image:width\" content=\"3840\" \/>\n\t<meta property=\"og:image:height\" content=\"1998\" \/>\n\t<meta property=\"og:image:type\" content=\"image\/png\" \/>\n<meta name=\"twitter:card\" content=\"summary_large_image\" \/>\n<meta name=\"twitter:label1\" content=\"\u041f\u0440\u0438\u043c\u0435\u0440\u043d\u043e\u0435 \u0432\u0440\u0435\u043c\u044f \u0434\u043b\u044f \u0447\u0442\u0435\u043d\u0438\u044f\" \/>\n\t<meta name=\"twitter:data1\" content=\"1 \u043c\u0438\u043d\u0443\u0442\u0430\" \/>\n<script type=\"application\/ld+json\" class=\"yoast-schema-graph\">{\"@context\":\"https:\/\/schema.org\",\"@graph\":[{\"@type\":\"WebPage\",\"@id\":\"https:\/\/boat-service.ee\/ru\/pood\/%d0%bb%d0%be%d0%b4%d0%ba%d0%b8-ru\/aquaspirit-ru\/aquaspirit-spirit-320\/\",\"url\":\"https:\/\/boat-service.ee\/ru\/pood\/%d0%bb%d0%be%d0%b4%d0%ba%d0%b8-ru\/aquaspirit-ru\/aquaspirit-spirit-320\/\",\"name\":\"AQUASPIRIT SPIRIT 320 - Boat Service Estonia\",\"isPartOf\":{\"@id\":\"https:\/\/boat-service.ee\/ru\/#website\"},\"primaryImageOfPage\":{\"@id\":\"https:\/\/boat-service.ee\/ru\/pood\/%d0%bb%d0%be%d0%b4%d0%ba%d0%b8-ru\/aquaspirit-ru\/aquaspirit-spirit-320\/#primaryimage\"},\"image\":{\"@id\":\"https:\/\/boat-service.ee\/ru\/pood\/%d0%bb%d0%be%d0%b4%d0%ba%d0%b8-ru\/aquaspirit-ru\/aquaspirit-spirit-320\/#primaryimage\"},\"thumbnailUrl\":\"https:\/\/boat-service.ee\/wp-content\/uploads\/2022\/10\/320_15.png\",\"datePublished\":\"2022-11-01T10:36:25+00:00\",\"breadcrumb\":{\"@id\":\"https:\/\/boat-service.ee\/ru\/pood\/%d0%bb%d0%be%d0%b4%d0%ba%d0%b8-ru\/aquaspirit-ru\/aquaspirit-spirit-320\/#breadcrumb\"},\"inLanguage\":\"ru-RU\",\"potentialAction\":[{\"@type\":\"ReadAction\",\"target\":[\"https:\/\/boat-service.ee\/ru\/pood\/%d0%bb%d0%be%d0%b4%d0%ba%d0%b8-ru\/aquaspirit-ru\/aquaspirit-spirit-320\/\"]}]},{\"@type\":\"ImageObject\",\"inLanguage\":\"ru-RU\",\"@id\":\"https:\/\/boat-service.ee\/ru\/pood\/%d0%bb%d0%be%d0%b4%d0%ba%d0%b8-ru\/aquaspirit-ru\/aquaspirit-spirit-320\/#primaryimage\",\"url\":\"https:\/\/boat-service.ee\/wp-content\/uploads\/2022\/10\/320_15.png\",\"contentUrl\":\"https:\/\/boat-service.ee\/wp-content\/uploads\/2022\/10\/320_15.png\",\"width\":3840,\"height\":1998,\"caption\":\"Aquaspirit 320\"},{\"@type\":\"BreadcrumbList\",\"@id\":\"https:\/\/boat-service.ee\/ru\/pood\/%d0%bb%d0%be%d0%b4%d0%ba%d0%b8-ru\/aquaspirit-ru\/aquaspirit-spirit-320\/#breadcrumb\",\"itemListElement\":[{\"@type\":\"ListItem\",\"position\":1,\"name\":\"Home\",\"item\":\"https:\/\/boat-service.ee\/ru\/\"},{\"@type\":\"ListItem\",\"position\":2,\"name\":\"\u041c\u0430\u0433\u0430\u0437\u0438\u043d\",\"item\":\"https:\/\/boat-service.ee\/ru\/%d0%bc%d0%b0%d0%b3%d0%b0%d0%b7%d0%b8%d0%bd\/\"},{\"@type\":\"ListItem\",\"position\":3,\"name\":\"AQUASPIRIT SPIRIT 320\"}]},{\"@type\":\"WebSite\",\"@id\":\"https:\/\/boat-service.ee\/ru\/#website\",\"url\":\"https:\/\/boat-service.ee\/ru\/\",\"name\":\"Boat Service Estonia\",\"description\":\"Boat Service Estonia - Mootorpaadid, treilerid, mootorid\",\"publisher\":{\"@id\":\"https:\/\/boat-service.ee\/ru\/#organization\"},\"potentialAction\":[{\"@type\":\"SearchAction\",\"target\":{\"@type\":\"EntryPoint\",\"urlTemplate\":\"https:\/\/boat-service.ee\/ru\/?s={search_term_string}\"},\"query-input\":{\"@type\":\"PropertyValueSpecification\",\"valueRequired\":true,\"valueName\":\"search_term_string\"}}],\"inLanguage\":\"ru-RU\"},{\"@type\":\"Organization\",\"@id\":\"https:\/\/boat-service.ee\/ru\/#organization\",\"name\":\"KALASTUSPOOD O\u00dc\",\"url\":\"https:\/\/boat-service.ee\/ru\/\",\"logo\":{\"@type\":\"ImageObject\",\"inLanguage\":\"ru-RU\",\"@id\":\"https:\/\/boat-service.ee\/ru\/#\/schema\/logo\/image\/\",\"url\":\"https:\/\/boat-service.ee\/wp-content\/uploads\/2023\/05\/impLogo.png\",\"contentUrl\":\"https:\/\/boat-service.ee\/wp-content\/uploads\/2023\/05\/impLogo.png\",\"width\":270,\"height\":107,\"caption\":\"KALASTUSPOOD O\u00dc\"},\"image\":{\"@id\":\"https:\/\/boat-service.ee\/ru\/#\/schema\/logo\/image\/\"},\"sameAs\":[\"https:\/\/www.facebook.com\/boatserviceestonia\",\"https:\/\/www.instagram.com\/kalastus_ja_paadipood\/\"]}]}<\/script>\n<!-- \/ Yoast SEO plugin. -->","yoast_head_json":{"title":"AQUASPIRIT SPIRIT 320 - Boat Service Estonia","robots":{"index":"index","follow":"follow","max-snippet":"max-snippet:-1","max-image-preview":"max-image-preview:large","max-video-preview":"max-video-preview:-1"},"canonical":"https:\/\/boat-service.ee\/ru\/pood\/%d0%bb%d0%be%d0%b4%d0%ba%d0%b8-ru\/aquaspirit-ru\/aquaspirit-spirit-320\/","og_locale":"ru_RU","og_type":"article","og_title":"AQUASPIRIT SPIRIT 320 - Boat Service Estonia","og_description":"N\u00c4ITAJAD:   Pikkus, m - 3,15 kabiini pikkus,\u00a0 m\u00a0 - 2,28 Tala, m - 1,68 Kabiini laius, . - 0,834 Ballooni maksimaalne l\u00e4bim\u00f5\u00f5t, m - 0,43 Kaal, kg - 71 Kandev\u00f5ime, kg - 441 Istekohtade arv inimestele - 4 Sektsioonide arv balloonides, tk - 3 Maksimaalne mootori v\u00f5imsus h.p. - 15 Mootori v\u00f5lli pikkus, toll\u00a0 - 15 Ballooni materjal: PVC or Hypolon, g\/m2 - 1000 Kere materjal: Alumiinium Alloy EN AW 5083 H111","og_url":"https:\/\/boat-service.ee\/ru\/pood\/%d0%bb%d0%be%d0%b4%d0%ba%d0%b8-ru\/aquaspirit-ru\/aquaspirit-spirit-320\/","og_site_name":"Boat Service Estonia","article_publisher":"https:\/\/www.facebook.com\/boatserviceestonia","og_image":[{"width":3840,"height":1998,"url":"https:\/\/boat-service.ee\/wp-content\/uploads\/2022\/10\/320_15.png","type":"image\/png"}],"twitter_card":"summary_large_image","twitter_misc":{"\u041f\u0440\u0438\u043c\u0435\u0440\u043d\u043e\u0435 \u0432\u0440\u0435\u043c\u044f \u0434\u043b\u044f \u0447\u0442\u0435\u043d\u0438\u044f":"1 \u043c\u0438\u043d\u0443\u0442\u0430"},"schema":{"@context":"https:\/\/schema.org","@graph":[{"@type":"WebPage","@id":"https:\/\/boat-service.ee\/ru\/pood\/%d0%bb%d0%be%d0%b4%d0%ba%d0%b8-ru\/aquaspirit-ru\/aquaspirit-spirit-320\/","url":"https:\/\/boat-service.ee\/ru\/pood\/%d0%bb%d0%be%d0%b4%d0%ba%d0%b8-ru\/aquaspirit-ru\/aquaspirit-spirit-320\/","name":"AQUASPIRIT SPIRIT 320 - Boat Service Estonia","isPartOf":{"@id":"https:\/\/boat-service.ee\/ru\/#website"},"primaryImageOfPage":{"@id":"https:\/\/boat-service.ee\/ru\/pood\/%d0%bb%d0%be%d0%b4%d0%ba%d0%b8-ru\/aquaspirit-ru\/aquaspirit-spirit-320\/#primaryimage"},"image":{"@id":"https:\/\/boat-service.ee\/ru\/pood\/%d0%bb%d0%be%d0%b4%d0%ba%d0%b8-ru\/aquaspirit-ru\/aquaspirit-spirit-320\/#primaryimage"},"thumbnailUrl":"https:\/\/boat-service.ee\/wp-content\/uploads\/2022\/10\/320_15.png","datePublished":"2022-11-01T10:36:25+00:00","breadcrumb":{"@id":"https:\/\/boat-service.ee\/ru\/pood\/%d0%bb%d0%be%d0%b4%d0%ba%d0%b8-ru\/aquaspirit-ru\/aquaspirit-spirit-320\/#breadcrumb"},"inLanguage":"ru-RU","potentialAction":[{"@type":"ReadAction","target":["https:\/\/boat-service.ee\/ru\/pood\/%d0%bb%d0%be%d0%b4%d0%ba%d0%b8-ru\/aquaspirit-ru\/aquaspirit-spirit-320\/"]}]},{"@type":"ImageObject","inLanguage":"ru-RU","@id":"https:\/\/boat-service.ee\/ru\/pood\/%d0%bb%d0%be%d0%b4%d0%ba%d0%b8-ru\/aquaspirit-ru\/aquaspirit-spirit-320\/#primaryimage","url":"https:\/\/boat-service.ee\/wp-content\/uploads\/2022\/10\/320_15.png","contentUrl":"https:\/\/boat-service.ee\/wp-content\/uploads\/2022\/10\/320_15.png","width":3840,"height":1998,"caption":"Aquaspirit 320"},{"@type":"BreadcrumbList","@id":"https:\/\/boat-service.ee\/ru\/pood\/%d0%bb%d0%be%d0%b4%d0%ba%d0%b8-ru\/aquaspirit-ru\/aquaspirit-spirit-320\/#breadcrumb","itemListElement":[{"@type":"ListItem","position":1,"name":"Home","item":"https:\/\/boat-service.ee\/ru\/"},{"@type":"ListItem","position":2,"name":"\u041c\u0430\u0433\u0430\u0437\u0438\u043d","item":"https:\/\/boat-service.ee\/ru\/%d0%bc%d0%b0%d0%b3%d0%b0%d0%b7%d0%b8%d0%bd\/"},{"@type":"ListItem","position":3,"name":"AQUASPIRIT SPIRIT 320"}]},{"@type":"WebSite","@id":"https:\/\/boat-service.ee\/ru\/#website","url":"https:\/\/boat-service.ee\/ru\/","name":"Boat Service Estonia","description":"Boat Service Estonia - Mootorpaadid, treilerid, mootorid","publisher":{"@id":"https:\/\/boat-service.ee\/ru\/#organization"},"potentialAction":[{"@type":"SearchAction","target":{"@type":"EntryPoint","urlTemplate":"https:\/\/boat-service.ee\/ru\/?s={search_term_string}"},"query-input":{"@type":"PropertyValueSpecification","valueRequired":true,"valueName":"search_term_string"}}],"inLanguage":"ru-RU"},{"@type":"Organization","@id":"https:\/\/boat-service.ee\/ru\/#organization","name":"KALASTUSPOOD O\u00dc","url":"https:\/\/boat-service.ee\/ru\/","logo":{"@type":"ImageObject","inLanguage":"ru-RU","@id":"https:\/\/boat-service.ee\/ru\/#\/schema\/logo\/image\/","url":"https:\/\/boat-service.ee\/wp-content\/uploads\/2023\/05\/impLogo.png","contentUrl":"https:\/\/boat-service.ee\/wp-content\/uploads\/2023\/05\/impLogo.png","width":270,"height":107,"caption":"KALASTUSPOOD O\u00dc"},"image":{"@id":"https:\/\/boat-service.ee\/ru\/#\/schema\/logo\/image\/"},"sameAs":["https:\/\/www.facebook.com\/boatserviceestonia","https:\/\/www.instagram.com\/kalastus_ja_paadipood\/"]}]}},"_links":{"self":[{"href":"https:\/\/boat-service.ee\/ru\/wp-json\/wp\/v2\/product\/59678","targetHints":{"allow":["GET"]}}],"collection":[{"href":"https:\/\/boat-service.ee\/ru\/wp-json\/wp\/v2\/product"}],"about":[{"href":"https:\/\/boat-service.ee\/ru\/wp-json\/wp\/v2\/types\/product"}],"wp:featuredmedia":[{"embeddable":true,"href":"https:\/\/boat-service.ee\/ru\/wp-json\/wp\/v2\/media\/59541"}],"wp:attachment":[{"href":"https:\/\/boat-service.ee\/ru\/wp-json\/wp\/v2\/media?parent=59678"}],"wp:term":[{"taxonomy":"product_brand","embeddable":true,"href":"https:\/\/boat-service.ee\/ru\/wp-json\/wp\/v2\/product_brand?post=59678"},{"taxonomy":"product_cat","embeddable":true,"href":"https:\/\/boat-service.ee\/ru\/wp-json\/wp\/v2\/product_cat?post=59678"},{"taxonomy":"product_tag","embeddable":true,"href":"https:\/\/boat-service.ee\/ru\/wp-json\/wp\/v2\/product_tag?post=59678"}],"curies":[{"name":"wp","href":"https:\/\/api.w.org\/{rel}","templated":true}]}}