{"id":191,"date":"2020-11-19T14:01:42","date_gmt":"2020-11-19T14:01:42","guid":{"rendered":"https:\/\/boat-service.ee\/paadirent\/?post_type=product&#038;p=191"},"modified":"2023-03-10T09:52:17","modified_gmt":"2023-03-10T09:52:17","slug":"paastevestid","status":"publish","type":"product","link":"https:\/\/boat-service.ee\/paadirent\/toode\/paastevestid\/","title":{"rendered":"P\u00e4\u00e4stevestid"},"content":{"rendered":"","protected":false},"excerpt":{"rendered":"<p>100N p\u00e4\u00e4stevest tagab turvalise paadis\u00f5idu ka isikule kes ujuda ei oska. 50N on ohutusvest, mis seljas mugav ning eeldab, et inimene oskab ujuda. 100N p\u00e4\u00e4stevest keerab inimese vees ise \u00f5iget pidi ning p\u00e4\u00e4stab ka teadvuse kaotamise korral. 150N automaatne vest l\u00e4heb lahti veega kokku puutudes, kuid sellel on ka igaks juhuks manuaalne funktsioon. Vesti \u00f5hkimisel tuleb maksta kinni gaasiballoon ja hooldustasu 30\u20ac<\/p>\n<ul>\n<li style=\"list-style-type: none;\">\n<ul>\n<li>Tagatisraha 0\u20ac<\/li>\n<li>Rendilepingu s\u00f5lmimiseks on vajalik Eesti Vabariigi pass v\u00f5i ID-kaart<\/li>\n<\/ul>\n<\/li>\n<\/ul>\n","protected":false},"featured_media":204,"comment_status":"open","ping_status":"closed","template":"","meta":{"_et_pb_use_builder":"","_et_pb_old_content":"","_et_gb_content_width":""},"product_cat":[23],"product_tag":[],"class_list":{"0":"post-191","1":"product","2":"type-product","3":"status-publish","4":"has-post-thumbnail","6":"product_cat-lisavarustus","8":"first","9":"instock","10":"shipping-taxable","11":"purchasable","12":"product-type-variable"},"yoast_head":"<!-- This site is optimized with the Yoast SEO plugin v23.4 - https:\/\/yoast.com\/wordpress\/plugins\/seo\/ -->\n<title>P\u00e4\u00e4stevestid - Paadi -ja mootorite rent<\/title>\n<meta name=\"robots\" content=\"index, follow, max-snippet:-1, max-image-preview:large, max-video-preview:-1\" \/>\n<link rel=\"canonical\" href=\"https:\/\/boat-service.ee\/paadirent\/toode\/paastevestid\/\" \/>\n<meta property=\"og:locale\" content=\"et_EE\" \/>\n<meta property=\"og:type\" content=\"article\" \/>\n<meta property=\"og:title\" content=\"P\u00e4\u00e4stevestid - Paadi -ja mootorite rent\" \/>\n<meta property=\"og:description\" content=\"100N p\u00e4\u00e4stevest tagab turvalise paadis\u00f5idu ka isikule kes ujuda ei oska. 50N on ohutusvest, mis seljas mugav ning eeldab, et inimene oskab ujuda. 100N p\u00e4\u00e4stevest keerab inimese vees ise \u00f5iget pidi ning p\u00e4\u00e4stab ka teadvuse kaotamise korral. 150N automaatne vest l\u00e4heb lahti veega kokku puutudes, kuid sellel on ka igaks juhuks manuaalne funktsioon. Vesti \u00f5hkimisel tuleb maksta kinni gaasiballoon ja hooldustasu 30\u20ac      Tagatisraha 0\u20ac  Rendilepingu s\u00f5lmimiseks on vajalik Eesti Vabariigi pass v\u00f5i ID-kaart\" \/>\n<meta property=\"og:url\" content=\"https:\/\/boat-service.ee\/paadirent\/toode\/paastevestid\/\" \/>\n<meta property=\"og:site_name\" content=\"Paadi -ja mootorite rent\" \/>\n<meta property=\"article:publisher\" content=\"https:\/\/www.facebook.com\/boatserviceest\" \/>\n<meta property=\"article:modified_time\" content=\"2023-03-10T09:52:17+00:00\" \/>\n<meta property=\"og:image\" content=\"https:\/\/boat-service.ee\/paadirent\/wp-content\/uploads\/2020\/11\/norfin-paastevest.jpg\" \/>\n\t<meta property=\"og:image:width\" content=\"1024\" \/>\n\t<meta property=\"og:image:height\" content=\"1024\" \/>\n\t<meta property=\"og:image:type\" content=\"image\/jpeg\" \/>\n<meta name=\"twitter:card\" content=\"summary_large_image\" \/>\n<script type=\"application\/ld+json\" class=\"yoast-schema-graph\">{\"@context\":\"https:\/\/schema.org\",\"@graph\":[{\"@type\":\"WebPage\",\"@id\":\"https:\/\/boat-service.ee\/paadirent\/toode\/paastevestid\/\",\"url\":\"https:\/\/boat-service.ee\/paadirent\/toode\/paastevestid\/\",\"name\":\"P\u00e4\u00e4stevestid - Paadi -ja mootorite rent\",\"isPartOf\":{\"@id\":\"https:\/\/boat-service.ee\/paadirent\/#website\"},\"primaryImageOfPage\":{\"@id\":\"https:\/\/boat-service.ee\/paadirent\/toode\/paastevestid\/#primaryimage\"},\"image\":{\"@id\":\"https:\/\/boat-service.ee\/paadirent\/toode\/paastevestid\/#primaryimage\"},\"thumbnailUrl\":\"https:\/\/boat-service.ee\/paadirent\/wp-content\/uploads\/2020\/11\/norfin-paastevest.jpg\",\"datePublished\":\"2020-11-19T14:01:42+00:00\",\"dateModified\":\"2023-03-10T09:52:17+00:00\",\"breadcrumb\":{\"@id\":\"https:\/\/boat-service.ee\/paadirent\/toode\/paastevestid\/#breadcrumb\"},\"inLanguage\":\"et\",\"potentialAction\":[{\"@type\":\"ReadAction\",\"target\":[\"https:\/\/boat-service.ee\/paadirent\/toode\/paastevestid\/\"]}]},{\"@type\":\"ImageObject\",\"inLanguage\":\"et\",\"@id\":\"https:\/\/boat-service.ee\/paadirent\/toode\/paastevestid\/#primaryimage\",\"url\":\"https:\/\/boat-service.ee\/paadirent\/wp-content\/uploads\/2020\/11\/norfin-paastevest.jpg\",\"contentUrl\":\"https:\/\/boat-service.ee\/paadirent\/wp-content\/uploads\/2020\/11\/norfin-paastevest.jpg\",\"width\":1024,\"height\":1024},{\"@type\":\"BreadcrumbList\",\"@id\":\"https:\/\/boat-service.ee\/paadirent\/toode\/paastevestid\/#breadcrumb\",\"itemListElement\":[{\"@type\":\"ListItem\",\"position\":1,\"name\":\"Home\",\"item\":\"https:\/\/boat-service.ee\/paadirent\/\"},{\"@type\":\"ListItem\",\"position\":2,\"name\":\"Renditooted\",\"item\":\"https:\/\/boat-service.ee\/paadirent\/\"},{\"@type\":\"ListItem\",\"position\":3,\"name\":\"P\u00e4\u00e4stevestid\"}]},{\"@type\":\"WebSite\",\"@id\":\"https:\/\/boat-service.ee\/paadirent\/#website\",\"url\":\"https:\/\/boat-service.ee\/paadirent\/\",\"name\":\"Paadi -ja mootorite rent\",\"description\":\"Boat-service.ee | Kalastuspood.ee\",\"publisher\":{\"@id\":\"https:\/\/boat-service.ee\/paadirent\/#organization\"},\"potentialAction\":[{\"@type\":\"SearchAction\",\"target\":{\"@type\":\"EntryPoint\",\"urlTemplate\":\"https:\/\/boat-service.ee\/paadirent\/?s={search_term_string}\"},\"query-input\":{\"@type\":\"PropertyValueSpecification\",\"valueRequired\":true,\"valueName\":\"search_term_string\"}}],\"inLanguage\":\"et\"},{\"@type\":\"Organization\",\"@id\":\"https:\/\/boat-service.ee\/paadirent\/#organization\",\"name\":\"Paadi -ja mootorite rent\",\"url\":\"https:\/\/boat-service.ee\/paadirent\/\",\"logo\":{\"@type\":\"ImageObject\",\"inLanguage\":\"et\",\"@id\":\"https:\/\/boat-service.ee\/paadirent\/#\/schema\/logo\/image\/\",\"url\":\"https:\/\/boat-service.ee\/paadirent\/wp-content\/uploads\/2020\/12\/boat-service-logo.png\",\"contentUrl\":\"https:\/\/boat-service.ee\/paadirent\/wp-content\/uploads\/2020\/12\/boat-service-logo.png\",\"width\":500,\"height\":169,\"caption\":\"Paadi -ja mootorite rent\"},\"image\":{\"@id\":\"https:\/\/boat-service.ee\/paadirent\/#\/schema\/logo\/image\/\"},\"sameAs\":[\"https:\/\/www.facebook.com\/boatserviceest\"]}]}<\/script>\n<!-- \/ Yoast SEO plugin. -->","yoast_head_json":{"title":"P\u00e4\u00e4stevestid - Paadi -ja mootorite rent","robots":{"index":"index","follow":"follow","max-snippet":"max-snippet:-1","max-image-preview":"max-image-preview:large","max-video-preview":"max-video-preview:-1"},"canonical":"https:\/\/boat-service.ee\/paadirent\/toode\/paastevestid\/","og_locale":"et_EE","og_type":"article","og_title":"P\u00e4\u00e4stevestid - Paadi -ja mootorite rent","og_description":"100N p\u00e4\u00e4stevest tagab turvalise paadis\u00f5idu ka isikule kes ujuda ei oska. 50N on ohutusvest, mis seljas mugav ning eeldab, et inimene oskab ujuda. 100N p\u00e4\u00e4stevest keerab inimese vees ise \u00f5iget pidi ning p\u00e4\u00e4stab ka teadvuse kaotamise korral. 150N automaatne vest l\u00e4heb lahti veega kokku puutudes, kuid sellel on ka igaks juhuks manuaalne funktsioon. Vesti \u00f5hkimisel tuleb maksta kinni gaasiballoon ja hooldustasu 30\u20ac      Tagatisraha 0\u20ac  Rendilepingu s\u00f5lmimiseks on vajalik Eesti Vabariigi pass v\u00f5i ID-kaart","og_url":"https:\/\/boat-service.ee\/paadirent\/toode\/paastevestid\/","og_site_name":"Paadi -ja mootorite rent","article_publisher":"https:\/\/www.facebook.com\/boatserviceest","article_modified_time":"2023-03-10T09:52:17+00:00","og_image":[{"width":1024,"height":1024,"url":"https:\/\/boat-service.ee\/paadirent\/wp-content\/uploads\/2020\/11\/norfin-paastevest.jpg","type":"image\/jpeg"}],"twitter_card":"summary_large_image","schema":{"@context":"https:\/\/schema.org","@graph":[{"@type":"WebPage","@id":"https:\/\/boat-service.ee\/paadirent\/toode\/paastevestid\/","url":"https:\/\/boat-service.ee\/paadirent\/toode\/paastevestid\/","name":"P\u00e4\u00e4stevestid - Paadi -ja mootorite rent","isPartOf":{"@id":"https:\/\/boat-service.ee\/paadirent\/#website"},"primaryImageOfPage":{"@id":"https:\/\/boat-service.ee\/paadirent\/toode\/paastevestid\/#primaryimage"},"image":{"@id":"https:\/\/boat-service.ee\/paadirent\/toode\/paastevestid\/#primaryimage"},"thumbnailUrl":"https:\/\/boat-service.ee\/paadirent\/wp-content\/uploads\/2020\/11\/norfin-paastevest.jpg","datePublished":"2020-11-19T14:01:42+00:00","dateModified":"2023-03-10T09:52:17+00:00","breadcrumb":{"@id":"https:\/\/boat-service.ee\/paadirent\/toode\/paastevestid\/#breadcrumb"},"inLanguage":"et","potentialAction":[{"@type":"ReadAction","target":["https:\/\/boat-service.ee\/paadirent\/toode\/paastevestid\/"]}]},{"@type":"ImageObject","inLanguage":"et","@id":"https:\/\/boat-service.ee\/paadirent\/toode\/paastevestid\/#primaryimage","url":"https:\/\/boat-service.ee\/paadirent\/wp-content\/uploads\/2020\/11\/norfin-paastevest.jpg","contentUrl":"https:\/\/boat-service.ee\/paadirent\/wp-content\/uploads\/2020\/11\/norfin-paastevest.jpg","width":1024,"height":1024},{"@type":"BreadcrumbList","@id":"https:\/\/boat-service.ee\/paadirent\/toode\/paastevestid\/#breadcrumb","itemListElement":[{"@type":"ListItem","position":1,"name":"Home","item":"https:\/\/boat-service.ee\/paadirent\/"},{"@type":"ListItem","position":2,"name":"Renditooted","item":"https:\/\/boat-service.ee\/paadirent\/"},{"@type":"ListItem","position":3,"name":"P\u00e4\u00e4stevestid"}]},{"@type":"WebSite","@id":"https:\/\/boat-service.ee\/paadirent\/#website","url":"https:\/\/boat-service.ee\/paadirent\/","name":"Paadi -ja mootorite rent","description":"Boat-service.ee | Kalastuspood.ee","publisher":{"@id":"https:\/\/boat-service.ee\/paadirent\/#organization"},"potentialAction":[{"@type":"SearchAction","target":{"@type":"EntryPoint","urlTemplate":"https:\/\/boat-service.ee\/paadirent\/?s={search_term_string}"},"query-input":{"@type":"PropertyValueSpecification","valueRequired":true,"valueName":"search_term_string"}}],"inLanguage":"et"},{"@type":"Organization","@id":"https:\/\/boat-service.ee\/paadirent\/#organization","name":"Paadi -ja mootorite rent","url":"https:\/\/boat-service.ee\/paadirent\/","logo":{"@type":"ImageObject","inLanguage":"et","@id":"https:\/\/boat-service.ee\/paadirent\/#\/schema\/logo\/image\/","url":"https:\/\/boat-service.ee\/paadirent\/wp-content\/uploads\/2020\/12\/boat-service-logo.png","contentUrl":"https:\/\/boat-service.ee\/paadirent\/wp-content\/uploads\/2020\/12\/boat-service-logo.png","width":500,"height":169,"caption":"Paadi -ja mootorite rent"},"image":{"@id":"https:\/\/boat-service.ee\/paadirent\/#\/schema\/logo\/image\/"},"sameAs":["https:\/\/www.facebook.com\/boatserviceest"]}]}},"_links":{"self":[{"href":"https:\/\/boat-service.ee\/paadirent\/wp-json\/wp\/v2\/product\/191","targetHints":{"allow":["GET"]}}],"collection":[{"href":"https:\/\/boat-service.ee\/paadirent\/wp-json\/wp\/v2\/product"}],"about":[{"href":"https:\/\/boat-service.ee\/paadirent\/wp-json\/wp\/v2\/types\/product"}],"replies":[{"embeddable":true,"href":"https:\/\/boat-service.ee\/paadirent\/wp-json\/wp\/v2\/comments?post=191"}],"wp:featuredmedia":[{"embeddable":true,"href":"https:\/\/boat-service.ee\/paadirent\/wp-json\/wp\/v2\/media\/204"}],"wp:attachment":[{"href":"https:\/\/boat-service.ee\/paadirent\/wp-json\/wp\/v2\/media?parent=191"}],"wp:term":[{"taxonomy":"product_cat","embeddable":true,"href":"https:\/\/boat-service.ee\/paadirent\/wp-json\/wp\/v2\/product_cat?post=191"},{"taxonomy":"product_tag","embeddable":true,"href":"https:\/\/boat-service.ee\/paadirent\/wp-json\/wp\/v2\/product_tag?post=191"}],"curies":[{"name":"wp","href":"https:\/\/api.w.org\/{rel}","templated":true}]}}