{"id":129,"date":"2020-11-19T10:45:43","date_gmt":"2020-11-19T10:45:43","guid":{"rendered":"https:\/\/boat-service.ee\/paadirent\/?post_type=product&#038;p=129"},"modified":"2023-03-10T09:51:23","modified_gmt":"2023-03-10T09:51:23","slug":"paadimootori-rent-honda-bf2-3-1","status":"publish","type":"product","link":"https:\/\/boat-service.ee\/paadirent\/toode\/paadimootori-rent-honda-bf2-3-1\/","title":{"rendered":"Paadimootori rent Honda BF2.3 #1"},"content":{"rendered":"<p><strong>Komplekt sisaldab:<\/strong><\/p>\n<ul>\n<li>Honda BF2.3<\/li>\n<\/ul>\n<p><strong>Tehnilised andmed:<\/strong><\/p>\n<ul>\n<li>V\u00f5imsus: 2.3hp (57,2cc)<\/li>\n<li>Kaal: 13kg<\/li>\n<li>K\u00e4ivitus: k\u00e4sits<\/li>\n<li>Juhtimine: rumpel<\/li>\n<li>K\u00e4igud: edasi \/ vaba<\/li>\n<li>Jalg: l\u00fchike<\/li>\n<li>K\u00fctus: E98 bensiin<\/li>\n<li>Paak: 1.1l\u00a0(sisemine)<\/li>\n<\/ul>\n<p><strong>Renditingimused:<\/strong><\/p>\n<ul>\n<li>tagatisraha 100\u20ac<\/li>\n<li>Hinnad sisaldavad k\u00e4ibemaksu!<br \/>\nNB! Paadimootorit rentida ja hiljem tagastada saab ainult Kalastus- ja paadipoe lahtiolekuaegadel E-R 10.00-18.00.<br \/>\nRentimisel on vajalik meile esitada iskut t\u00f5endav kehtiv dokument.<\/li>\n<\/ul>\n","protected":false},"excerpt":{"rendered":"<ul>\n<li>V\u00f5imsus: 2.3hp (57,2cc)<\/li>\n<li>Kaal: 13kg<\/li>\n<li>K\u00e4ivitus: k\u00e4sits<\/li>\n<li>Juhtimine: rumpel<\/li>\n<li>K\u00e4igud: edasi \/ vaba<\/li>\n<li>Jalg: l\u00fchike<\/li>\n<li>K\u00fctus: E98 bensiin<\/li>\n<li>Paak: 1.1l\u00a0(sisemine)<\/li>\n<\/ul>\n","protected":false},"featured_media":131,"comment_status":"open","ping_status":"closed","template":"","meta":{"_et_pb_use_builder":"","_et_pb_old_content":"","_et_gb_content_width":""},"product_cat":[21],"product_tag":[18,22],"class_list":{"0":"post-129","1":"product","2":"type-product","3":"status-publish","4":"has-post-thumbnail","6":"product_cat-paadimootorid","7":"product_tag-paadirent","8":"product_tag-paadirent-tallinnas","10":"first","11":"instock","12":"shipping-taxable","13":"purchasable","14":"product-type-simple"},"yoast_head":"<!-- This site is optimized with the Yoast SEO plugin v23.4 - https:\/\/yoast.com\/wordpress\/plugins\/seo\/ -->\n<title>Paadimootori rent Honda BF2.3 #1 - Paadi -ja mootorite rent<\/title>\n<meta name=\"robots\" content=\"index, follow, max-snippet:-1, max-image-preview:large, max-video-preview:-1\" \/>\n<link rel=\"canonical\" href=\"https:\/\/boat-service.ee\/paadirent\/toode\/paadimootori-rent-honda-bf2-3-1\/\" \/>\n<meta property=\"og:locale\" content=\"et_EE\" \/>\n<meta property=\"og:type\" content=\"article\" \/>\n<meta property=\"og:title\" content=\"Paadimootori rent Honda BF2.3 #1 - Paadi -ja mootorite rent\" \/>\n<meta property=\"og:description\" content=\"V\u00f5imsus: 2.3hp (57,2cc)  Kaal: 13kg  K\u00e4ivitus: k\u00e4sits  Juhtimine: rumpel  K\u00e4igud: edasi \/ vaba  Jalg: l\u00fchike  K\u00fctus: E98 bensiin  Paak: 1.1l\u00a0(sisemine)\" \/>\n<meta property=\"og:url\" content=\"https:\/\/boat-service.ee\/paadirent\/toode\/paadimootori-rent-honda-bf2-3-1\/\" \/>\n<meta property=\"og:site_name\" content=\"Paadi -ja mootorite rent\" \/>\n<meta property=\"article:publisher\" content=\"https:\/\/www.facebook.com\/boatserviceest\" \/>\n<meta property=\"article:modified_time\" content=\"2023-03-10T09:51:23+00:00\" \/>\n<meta property=\"og:image\" content=\"https:\/\/boat-service.ee\/paadirent\/wp-content\/uploads\/2020\/11\/KDpnorGjQeE.jpg\" \/>\n\t<meta property=\"og:image:width\" content=\"767\" \/>\n\t<meta property=\"og:image:height\" content=\"1024\" \/>\n\t<meta property=\"og:image:type\" content=\"image\/jpeg\" \/>\n<meta name=\"twitter:card\" content=\"summary_large_image\" \/>\n<script type=\"application\/ld+json\" class=\"yoast-schema-graph\">{\"@context\":\"https:\/\/schema.org\",\"@graph\":[{\"@type\":\"WebPage\",\"@id\":\"https:\/\/boat-service.ee\/paadirent\/toode\/paadimootori-rent-honda-bf2-3-1\/\",\"url\":\"https:\/\/boat-service.ee\/paadirent\/toode\/paadimootori-rent-honda-bf2-3-1\/\",\"name\":\"Paadimootori rent Honda BF2.3 #1 - Paadi -ja mootorite rent\",\"isPartOf\":{\"@id\":\"https:\/\/boat-service.ee\/paadirent\/#website\"},\"primaryImageOfPage\":{\"@id\":\"https:\/\/boat-service.ee\/paadirent\/toode\/paadimootori-rent-honda-bf2-3-1\/#primaryimage\"},\"image\":{\"@id\":\"https:\/\/boat-service.ee\/paadirent\/toode\/paadimootori-rent-honda-bf2-3-1\/#primaryimage\"},\"thumbnailUrl\":\"https:\/\/boat-service.ee\/paadirent\/wp-content\/uploads\/2020\/11\/KDpnorGjQeE.jpg\",\"datePublished\":\"2020-11-19T10:45:43+00:00\",\"dateModified\":\"2023-03-10T09:51:23+00:00\",\"breadcrumb\":{\"@id\":\"https:\/\/boat-service.ee\/paadirent\/toode\/paadimootori-rent-honda-bf2-3-1\/#breadcrumb\"},\"inLanguage\":\"et\",\"potentialAction\":[{\"@type\":\"ReadAction\",\"target\":[\"https:\/\/boat-service.ee\/paadirent\/toode\/paadimootori-rent-honda-bf2-3-1\/\"]}]},{\"@type\":\"ImageObject\",\"inLanguage\":\"et\",\"@id\":\"https:\/\/boat-service.ee\/paadirent\/toode\/paadimootori-rent-honda-bf2-3-1\/#primaryimage\",\"url\":\"https:\/\/boat-service.ee\/paadirent\/wp-content\/uploads\/2020\/11\/KDpnorGjQeE.jpg\",\"contentUrl\":\"https:\/\/boat-service.ee\/paadirent\/wp-content\/uploads\/2020\/11\/KDpnorGjQeE.jpg\",\"width\":767,\"height\":1024},{\"@type\":\"BreadcrumbList\",\"@id\":\"https:\/\/boat-service.ee\/paadirent\/toode\/paadimootori-rent-honda-bf2-3-1\/#breadcrumb\",\"itemListElement\":[{\"@type\":\"ListItem\",\"position\":1,\"name\":\"Home\",\"item\":\"https:\/\/boat-service.ee\/paadirent\/\"},{\"@type\":\"ListItem\",\"position\":2,\"name\":\"Renditooted\",\"item\":\"https:\/\/boat-service.ee\/paadirent\/\"},{\"@type\":\"ListItem\",\"position\":3,\"name\":\"Paadimootori rent Honda BF2.3 #1\"}]},{\"@type\":\"WebSite\",\"@id\":\"https:\/\/boat-service.ee\/paadirent\/#website\",\"url\":\"https:\/\/boat-service.ee\/paadirent\/\",\"name\":\"Paadi -ja mootorite rent\",\"description\":\"Boat-service.ee | Kalastuspood.ee\",\"publisher\":{\"@id\":\"https:\/\/boat-service.ee\/paadirent\/#organization\"},\"potentialAction\":[{\"@type\":\"SearchAction\",\"target\":{\"@type\":\"EntryPoint\",\"urlTemplate\":\"https:\/\/boat-service.ee\/paadirent\/?s={search_term_string}\"},\"query-input\":{\"@type\":\"PropertyValueSpecification\",\"valueRequired\":true,\"valueName\":\"search_term_string\"}}],\"inLanguage\":\"et\"},{\"@type\":\"Organization\",\"@id\":\"https:\/\/boat-service.ee\/paadirent\/#organization\",\"name\":\"Paadi -ja mootorite rent\",\"url\":\"https:\/\/boat-service.ee\/paadirent\/\",\"logo\":{\"@type\":\"ImageObject\",\"inLanguage\":\"et\",\"@id\":\"https:\/\/boat-service.ee\/paadirent\/#\/schema\/logo\/image\/\",\"url\":\"https:\/\/boat-service.ee\/paadirent\/wp-content\/uploads\/2020\/12\/boat-service-logo.png\",\"contentUrl\":\"https:\/\/boat-service.ee\/paadirent\/wp-content\/uploads\/2020\/12\/boat-service-logo.png\",\"width\":500,\"height\":169,\"caption\":\"Paadi -ja mootorite rent\"},\"image\":{\"@id\":\"https:\/\/boat-service.ee\/paadirent\/#\/schema\/logo\/image\/\"},\"sameAs\":[\"https:\/\/www.facebook.com\/boatserviceest\"]}]}<\/script>\n<!-- \/ Yoast SEO plugin. -->","yoast_head_json":{"title":"Paadimootori rent Honda BF2.3 #1 - Paadi -ja mootorite rent","robots":{"index":"index","follow":"follow","max-snippet":"max-snippet:-1","max-image-preview":"max-image-preview:large","max-video-preview":"max-video-preview:-1"},"canonical":"https:\/\/boat-service.ee\/paadirent\/toode\/paadimootori-rent-honda-bf2-3-1\/","og_locale":"et_EE","og_type":"article","og_title":"Paadimootori rent Honda BF2.3 #1 - Paadi -ja mootorite rent","og_description":"V\u00f5imsus: 2.3hp (57,2cc)  Kaal: 13kg  K\u00e4ivitus: k\u00e4sits  Juhtimine: rumpel  K\u00e4igud: edasi \/ vaba  Jalg: l\u00fchike  K\u00fctus: E98 bensiin  Paak: 1.1l\u00a0(sisemine)","og_url":"https:\/\/boat-service.ee\/paadirent\/toode\/paadimootori-rent-honda-bf2-3-1\/","og_site_name":"Paadi -ja mootorite rent","article_publisher":"https:\/\/www.facebook.com\/boatserviceest","article_modified_time":"2023-03-10T09:51:23+00:00","og_image":[{"width":767,"height":1024,"url":"https:\/\/boat-service.ee\/paadirent\/wp-content\/uploads\/2020\/11\/KDpnorGjQeE.jpg","type":"image\/jpeg"}],"twitter_card":"summary_large_image","schema":{"@context":"https:\/\/schema.org","@graph":[{"@type":"WebPage","@id":"https:\/\/boat-service.ee\/paadirent\/toode\/paadimootori-rent-honda-bf2-3-1\/","url":"https:\/\/boat-service.ee\/paadirent\/toode\/paadimootori-rent-honda-bf2-3-1\/","name":"Paadimootori rent Honda BF2.3 #1 - Paadi -ja mootorite rent","isPartOf":{"@id":"https:\/\/boat-service.ee\/paadirent\/#website"},"primaryImageOfPage":{"@id":"https:\/\/boat-service.ee\/paadirent\/toode\/paadimootori-rent-honda-bf2-3-1\/#primaryimage"},"image":{"@id":"https:\/\/boat-service.ee\/paadirent\/toode\/paadimootori-rent-honda-bf2-3-1\/#primaryimage"},"thumbnailUrl":"https:\/\/boat-service.ee\/paadirent\/wp-content\/uploads\/2020\/11\/KDpnorGjQeE.jpg","datePublished":"2020-11-19T10:45:43+00:00","dateModified":"2023-03-10T09:51:23+00:00","breadcrumb":{"@id":"https:\/\/boat-service.ee\/paadirent\/toode\/paadimootori-rent-honda-bf2-3-1\/#breadcrumb"},"inLanguage":"et","potentialAction":[{"@type":"ReadAction","target":["https:\/\/boat-service.ee\/paadirent\/toode\/paadimootori-rent-honda-bf2-3-1\/"]}]},{"@type":"ImageObject","inLanguage":"et","@id":"https:\/\/boat-service.ee\/paadirent\/toode\/paadimootori-rent-honda-bf2-3-1\/#primaryimage","url":"https:\/\/boat-service.ee\/paadirent\/wp-content\/uploads\/2020\/11\/KDpnorGjQeE.jpg","contentUrl":"https:\/\/boat-service.ee\/paadirent\/wp-content\/uploads\/2020\/11\/KDpnorGjQeE.jpg","width":767,"height":1024},{"@type":"BreadcrumbList","@id":"https:\/\/boat-service.ee\/paadirent\/toode\/paadimootori-rent-honda-bf2-3-1\/#breadcrumb","itemListElement":[{"@type":"ListItem","position":1,"name":"Home","item":"https:\/\/boat-service.ee\/paadirent\/"},{"@type":"ListItem","position":2,"name":"Renditooted","item":"https:\/\/boat-service.ee\/paadirent\/"},{"@type":"ListItem","position":3,"name":"Paadimootori rent Honda BF2.3 #1"}]},{"@type":"WebSite","@id":"https:\/\/boat-service.ee\/paadirent\/#website","url":"https:\/\/boat-service.ee\/paadirent\/","name":"Paadi -ja mootorite rent","description":"Boat-service.ee | Kalastuspood.ee","publisher":{"@id":"https:\/\/boat-service.ee\/paadirent\/#organization"},"potentialAction":[{"@type":"SearchAction","target":{"@type":"EntryPoint","urlTemplate":"https:\/\/boat-service.ee\/paadirent\/?s={search_term_string}"},"query-input":{"@type":"PropertyValueSpecification","valueRequired":true,"valueName":"search_term_string"}}],"inLanguage":"et"},{"@type":"Organization","@id":"https:\/\/boat-service.ee\/paadirent\/#organization","name":"Paadi -ja mootorite rent","url":"https:\/\/boat-service.ee\/paadirent\/","logo":{"@type":"ImageObject","inLanguage":"et","@id":"https:\/\/boat-service.ee\/paadirent\/#\/schema\/logo\/image\/","url":"https:\/\/boat-service.ee\/paadirent\/wp-content\/uploads\/2020\/12\/boat-service-logo.png","contentUrl":"https:\/\/boat-service.ee\/paadirent\/wp-content\/uploads\/2020\/12\/boat-service-logo.png","width":500,"height":169,"caption":"Paadi -ja mootorite rent"},"image":{"@id":"https:\/\/boat-service.ee\/paadirent\/#\/schema\/logo\/image\/"},"sameAs":["https:\/\/www.facebook.com\/boatserviceest"]}]}},"_links":{"self":[{"href":"https:\/\/boat-service.ee\/paadirent\/wp-json\/wp\/v2\/product\/129","targetHints":{"allow":["GET"]}}],"collection":[{"href":"https:\/\/boat-service.ee\/paadirent\/wp-json\/wp\/v2\/product"}],"about":[{"href":"https:\/\/boat-service.ee\/paadirent\/wp-json\/wp\/v2\/types\/product"}],"replies":[{"embeddable":true,"href":"https:\/\/boat-service.ee\/paadirent\/wp-json\/wp\/v2\/comments?post=129"}],"wp:featuredmedia":[{"embeddable":true,"href":"https:\/\/boat-service.ee\/paadirent\/wp-json\/wp\/v2\/media\/131"}],"wp:attachment":[{"href":"https:\/\/boat-service.ee\/paadirent\/wp-json\/wp\/v2\/media?parent=129"}],"wp:term":[{"taxonomy":"product_cat","embeddable":true,"href":"https:\/\/boat-service.ee\/paadirent\/wp-json\/wp\/v2\/product_cat?post=129"},{"taxonomy":"product_tag","embeddable":true,"href":"https:\/\/boat-service.ee\/paadirent\/wp-json\/wp\/v2\/product_tag?post=129"}],"curies":[{"name":"wp","href":"https:\/\/api.w.org\/{rel}","templated":true}]}}