{"id":225,"date":"2020-11-19T14:48:03","date_gmt":"2020-11-19T14:48:03","guid":{"rendered":"https:\/\/boat-service.ee\/paadirent\/?page_id=225"},"modified":"2021-05-17T10:45:03","modified_gmt":"2021-05-17T10:45:03","slug":"rendileping","status":"publish","type":"page","link":"https:\/\/boat-service.ee\/paadirent\/rendileping\/","title":{"rendered":"Rendileping"},"content":{"rendered":"<p>[et_pb_section fb_built=&#8221;1&#8243; _builder_version=&#8221;4.7.3&#8243; _module_preset=&#8221;default&#8221;][et_pb_row _builder_version=&#8221;4.7.3&#8243; _module_preset=&#8221;default&#8221;][et_pb_column type=&#8221;4_4&#8243; _builder_version=&#8221;4.7.3&#8243; _module_preset=&#8221;default&#8221;][et_pb_text _builder_version=&#8221;4.7.3&#8243; text_font=&#8221;Nunito||||||||&#8221; text_font_size=&#8221;15px&#8221; header_font=&#8221;Montserrat|600||on|||||&#8221; header_text_color=&#8221;#000000&#8243; header_font_size=&#8221;40px&#8221; header_letter_spacing=&#8221;1px&#8221; header_line_height=&#8221;1.5em&#8221; custom_margin=&#8221;||9px|||&#8221; header_font_size_tablet=&#8221;&#8221; header_font_size_phone=&#8221;25px&#8221; header_font_size_last_edited=&#8221;on|phone&#8221; locked=&#8221;off&#8221;]<\/p>\n<h1>RENDILEPING\u00a0<\/h1>\n<p>[\/et_pb_text][\/et_pb_column][\/et_pb_row][et_pb_row column_structure=&#8221;1_2,1_2&#8243; _builder_version=&#8221;3.25&#8243; custom_margin=&#8221;-415px||&#8221; custom_padding=&#8221;21px|0px|19px|0px|false|false&#8221; animation_style=&#8221;zoom&#8221; animation_duration=&#8221;1350ms&#8221; animation_delay=&#8221;500ms&#8221; custom_css_main_element=&#8221;z-index:99999 !important;&#8221; locked=&#8221;off&#8221;][et_pb_column type=&#8221;1_2&#8243; _builder_version=&#8221;3.25&#8243; custom_padding=&#8221;|||&#8221; custom_padding__hover=&#8221;|||&#8221;][\/et_pb_column][et_pb_column type=&#8221;1_2&#8243; _builder_version=&#8221;3.25&#8243; custom_padding=&#8221;|||&#8221; custom_padding__hover=&#8221;|||&#8221;][\/et_pb_column][\/et_pb_row][et_pb_row _builder_version=&#8221;4.7.3&#8243; _module_preset=&#8221;default&#8221;][et_pb_column type=&#8221;4_4&#8243; _builder_version=&#8221;4.7.3&#8243; _module_preset=&#8221;default&#8221;][et_pb_text _builder_version=&#8221;4.7.3&#8243; text_font=&#8221;Rajdhani||||||||&#8221; text_text_color=&#8221;#000000&#8243; text_font_size=&#8221;20px&#8221; text_line_height=&#8221;1.8em&#8221; header_font=&#8221;Rajdhani|300|||||||&#8221; header_text_color=&#8221;#ffffff&#8221; header_line_height=&#8221;1.3em&#8221; custom_margin=&#8221;||21px|||&#8221; custom_padding=&#8221;9px||&#8221; header_font_size_tablet=&#8221;&#8221; header_font_size_phone=&#8221;26px&#8221; header_font_size_last_edited=&#8221;on|phone&#8221; locked=&#8221;off&#8221;]<\/p>\n<ol>\n<li><strong>\u00dclds\u00e4tted<\/strong><\/li>\n<\/ol>\n<p>1.1. K\u00e4esoleva rendilepinguga kohustub rendileandja andma rentnikule kasutamiseks rendilepingus m\u00e4rgitud tooted. Rentnik on kohustatud maksma selle eest tasu (renti).<\/p>\n<p>1.2. \u00dcksiku rendip\u00e4eva pikkus on 24 tundi. Rendip\u00e4ev algab p\u00e4eval kell 10.00-18.00 alates mootori \u00fcle andmisest\u00a0 ja l\u00f5peb 24 tunni m\u00f6\u00f6dumisest peale \u00fcle andmist. Iga j\u00e4rgneva j\u00e4rjestikuse rendip\u00e4eva pikkuseks on 24 tundi.<\/p>\n<p>1.3. K\u00e4esolev leping j\u00f5ustub allkirjastamisest ja l\u00f5ppeb paadiveohaagise ja paadi tagastamisega lepingu punktis 7.1 m\u00e4\u00e4ratud tagastamiskohta pretensioonide puudumisel.<\/p>\n<p>1.4. Lepingus s\u00e4testamata k\u00fcsimustes juhinduvad pooled v\u00f5la\u00f5igusseaduse vastavasisulistest s\u00e4tetest.<\/p>\n<p>&nbsp;<\/p>\n<ol start=\"2\">\n<li><strong> Lepingupoolte \u00f5igused ja kohustused.<\/strong><\/li>\n<\/ol>\n<p>2.1.\u00a0Paadimootorit on lubatud kasutada Eesti Vabariigi piires.<\/p>\n<p>2.2. Rendileandjal on \u00f5igus loobuda lepingust ja l\u00f5petada rendileping, kui rentnik \u00e4ratab kahtlust v\u00f5i v\u00f5ib arvata, et paadimootorit kasutatakse pahatahtlikul eesm\u00e4rgil v\u00f5i eiratakse ekspluatatsiooni n\u00f5udeid.<\/p>\n<p>2.3. Paadimootori v\u00f5i muu renditava varustuse rikkest v\u00f5i muudest asjaoludest tingitud kahjud (avarii, liiklus\u00f5nnetus, rehvi purunemine, reisi \u00e4ra j\u00e4\u00e4mine v\u00f5i katkemine, kohustuste t\u00e4itmata j\u00e4tmisest tulenev kahju rentniku ja kolmanda isiku vahel) ei kuulu kandmisele rendileandja poolt. Need kulud j\u00e4\u00e4vad rentniku enda kanda ja see on rendirisk.<\/p>\n<p>2.4. Rendileandja ei vastuta v\u00f5imaliku kohustuse eest, mis v\u00f5ib tuleneda k\u00e4esoleva lepingu eseme kasutamisest ebaseaduslikult v\u00f5i ebaseaduslikuks tegevuseks.<\/p>\n<p>2.5. Rentnik on kohustatud kasutama\u00a0paadimootorit ja temale renditud muud varustust\u00a0\u00a0hoolikalt ja heaperemehelikult arvestades lepingu tingimusi, paadimootori otstarvet ning valmistaja ja rendileandja poolt m\u00e4\u00e4ratud n\u00f5udmisi.<\/p>\n<p>2.6. Rentnik vastutab selle eest, et paadimootor transporditakse \u00f5igel k\u00fcljel ning oleks hoolikalt kinnitatud. Valest transpordist tekkinud kahjud kannab 100% rentnik.<\/p>\n<p>2.7. Rentnik vastutab, et paadimootorit ei l\u00f5hutaks, rikutaks, kahjustataks v\u00f5i \u00e4randataks.<\/p>\n<p>2.8. Rentnik vastutab selle eest, et paadimootoriga s\u00f5itmisel ja kasutamisel j\u00e4rgitakse \u00f5igeid s\u00f5iduv\u00f5tteid.<\/p>\n<p>2.9. Rentnik ei tohi paadimootorit anda kolmandatele isikutele kasutada ilma rendileandja kirjaliku loata.<\/p>\n<p>2.10. Rentnikul on keelatud kasutada paadimootorit v\u00f5i temale renditud muud varustust ebaseaduslikult ja ebaseaduslikuks tegevuseks.<\/p>\n<p>2.11. Rentnik kohustub viivitamatult teavitama rendileandjat paadimootori rikkest, kahjustusest v\u00f5i \u00e4randamisest.<\/p>\n<p>2.12. Rentnik kohustub viivitamatult teavitama rendileandjat kui leiavad aset s\u00fcndmused, mille t\u00f5ttu on lepingu t\u00e4itmine raskendatud v\u00f5i v\u00f5imatu.<\/p>\n<p>2.13. Olukorras, kus rentnikul tekib seadusest tulenev kohustus teavitada juhtunust p\u00e4\u00e4steametit v\u00f5i politseid on rentnik kohustatud seda tegema.<\/p>\n<p>2.14. Rentnik ei tohi paadimootorit v\u00f5i temale renditud muud varustust h\u00fcljata.<\/p>\n<p>&nbsp;<\/p>\n<ol start=\"3\">\n<li><strong>Rendilepingu eseme tagastamine<\/strong><\/li>\n<\/ol>\n<p>3.1. Rendilepingu l\u00f5ppemisega peab rentnik tagastama paadimootori ning temale renditud muu varustuse kokkulepitud kohas. Paadimootor ning varustus tuleb tagastada seisundis, mis vastab tagastamiseni j\u00e4tkatud korrap\u00e4rasele majandamisele.<\/p>\n<p><strong><u>3.2\u00a0 Paadimootori s\u00f5ukruvi kriimustamine v\u00f5i kahjustamine \u00fcksk\u00f5ik mis viisil ei ole selle loomulik kulumine. Kui rentnik on kahjustanud paadimootori s\u00f5ukruvi nii, et seda enam taastada pole v\u00f5imalik, siis v\u00f5etakse uue s\u00f5ukruvi hind maha tagatisrahast. Kui s\u00f5ukruvi on saanud viga v\u00e4ga v\u00e4hesel m\u00e4\u00e4ral ja kahjustused on ainult v\u00e4rvkattel v\u00f5etakse tagatisrahast 25<\/u><\/strong><strong><u>\u20ac<\/u><\/strong><strong><u>. Kui s\u00f5ukruvil on n\u00e4ha kivikahjustused, siis v\u00f5etakse tagatisrahast maha 50<\/u><\/strong><strong><u>\u20ac<\/u><\/strong><strong><u>. S\u00f5ukruvi seisukorras peab iga rentnik veenduma enne paadimootori rendile v\u00f5tmist ise ning tegema vajadusel pilti.<\/u><\/strong><span style=\"font-size: 20px;\">\u00a0<\/span><\/p>\n<p><span style=\"font-size: 20px;\"><\/span><\/p>\n<ol start=\"4\">\n<li><strong>Kulutuste h\u00fcvitamine rentnikule.<\/strong><\/li>\n<\/ol>\n<p>4.1. Rentnik tasub renditasu ettemaksuna.<\/p>\n<p>4.2. Lisaks renditasule tasub rentnik lepingu s\u00f5lmimisel tagatissumma, <strong><u>mille suuruse m\u00e4\u00e4rab renditoode\u20ac.<\/u><\/strong><\/p>\n<p>4.3. Kui paadimootor v\u00f5i muu renditud varustus tagastatakse hilinemisega v\u00f5i kahjustunud olekus, siis on rendileandjal \u00f5igus rentniku vastu kehtivaid n\u00f5udeid tagatisraha arvel tasaarvestada.<\/p>\n<p>4.4. Kui paadimootori s\u00f5ukruvi on saanud kahjustada tasaarveldatakse see tagatisrahast.<\/p>\n<p>4.5. Kui rentnik tagastab paadimootori peale rendit\u00e4htaja m\u00f6\u00f6dumist, on ta kohustatud maksma renditasu ka iga rendit\u00e4htaega \u00fcletava alanud p\u00e4eva eest hetkeni kuni paadimootor on tagastatud.<\/p>\n<p>&nbsp;<\/p>\n<ol start=\"5\">\n<li><strong> Vastutus<\/strong><\/li>\n<\/ol>\n<p>5.1. Rentnik vastutab paadimootori ja temale renditud muu varustuse s\u00e4ilimise eest kuni tagastamiseni rendileandjale. Paadimootori v\u00f5i muu renditud varustuse h\u00e4vimine, kaotsiminek v\u00f5i kahjustamine rentnikust mitteolenevatel v\u00f5i olenevatel asjaoludel ei v\u00e4henda rentniku vastutust.<\/p>\n<p>5.2. Juhul, kui paadimootor ja muu renditud varustus ei ole tagastamisel komplektne v\u00f5i \u00fcleandmisele samav\u00e4\u00e4rses seisundis, kohustub rentnik tasuma kogu tekitatud kahju vastavalt varustuse ning varuosade ja remontt\u00f6\u00f6de hindadele. Rentnik on kohustatud h\u00fcvitama rendileandjale ja\/v\u00f5i kolmandatele isikutele tekitatud mis tahes liiki kahju t\u00e4ies ulatuses.<\/p>\n<p>5.3. Rendileandja ei vastuta mistahes v\u00f5imalike kahjude v\u00f5i kahjuh\u00fcvitamise n\u00f5uete eest, mis tulenevad v\u00f5i mis on seotud paadimootori v\u00f5i muu renditava varustuse purunemisega, kasutamisega, kasutamise v\u00f5imatusega v\u00f5i mille on p\u00f5hjustanud k\u00e4esoleva rendilepingu esemeks olevad asjad kolmandatele isikutele v\u00f5i rentnikule v\u00f5i mille on p\u00f5hjustanud rentniku mistahes tegevus.<\/p>\n<p>5.4.\u00a0Rentniku kohustus on rendileandjale h\u00fcvitada liiklus\u00f5nnetuse v\u00f5i \u00e4randamisega seoses tekitatud kahju.<\/p>\n<p>[\/et_pb_text][\/et_pb_column][\/et_pb_row][\/et_pb_section]<\/p>\n","protected":false},"excerpt":{"rendered":"<p>RENDILEPING\u00a0 \u00dclds\u00e4tted 1.1. K\u00e4esoleva rendilepinguga kohustub rendileandja andma rentnikule kasutamiseks rendilepingus m\u00e4rgitud tooted. Rentnik on kohustatud maksma selle eest tasu (renti). 1.2. \u00dcksiku rendip\u00e4eva pikkus on 24 tundi. Rendip\u00e4ev algab p\u00e4eval kell 10.00-18.00 alates mootori \u00fcle andmisest\u00a0 ja l\u00f5peb 24 tunni m\u00f6\u00f6dumisest peale \u00fcle andmist. Iga j\u00e4rgneva j\u00e4rjestikuse rendip\u00e4eva pikkuseks on 24 tundi. 1.3. K\u00e4esolev [&hellip;]<\/p>\n","protected":false},"author":1,"featured_media":0,"parent":0,"menu_order":0,"comment_status":"closed","ping_status":"closed","template":"","meta":{"_et_pb_use_builder":"on","_et_pb_old_content":"","_et_gb_content_width":"","footnotes":""},"class_list":["post-225","page","type-page","status-publish","hentry"],"yoast_head":"<!-- This site is optimized with the Yoast SEO plugin v23.4 - https:\/\/yoast.com\/wordpress\/plugins\/seo\/ -->\n<title>Rendileping - Paadi -ja mootorite rent<\/title>\n<meta name=\"robots\" content=\"index, follow, max-snippet:-1, max-image-preview:large, max-video-preview:-1\" \/>\n<link rel=\"canonical\" href=\"https:\/\/boat-service.ee\/paadirent\/rendileping\/\" \/>\n<meta property=\"og:locale\" content=\"et_EE\" \/>\n<meta property=\"og:type\" content=\"article\" \/>\n<meta property=\"og:title\" content=\"Rendileping - Paadi -ja mootorite rent\" \/>\n<meta property=\"og:description\" content=\"RENDILEPING\u00a0 \u00dclds\u00e4tted 1.1. K\u00e4esoleva rendilepinguga kohustub rendileandja andma rentnikule kasutamiseks rendilepingus m\u00e4rgitud tooted. Rentnik on kohustatud maksma selle eest tasu (renti). 1.2. \u00dcksiku rendip\u00e4eva pikkus on 24 tundi. Rendip\u00e4ev algab p\u00e4eval kell 10.00-18.00 alates mootori \u00fcle andmisest\u00a0 ja l\u00f5peb 24 tunni m\u00f6\u00f6dumisest peale \u00fcle andmist. Iga j\u00e4rgneva j\u00e4rjestikuse rendip\u00e4eva pikkuseks on 24 tundi. 1.3. K\u00e4esolev [&hellip;]\" \/>\n<meta property=\"og:url\" content=\"https:\/\/boat-service.ee\/paadirent\/rendileping\/\" \/>\n<meta property=\"og:site_name\" content=\"Paadi -ja mootorite rent\" \/>\n<meta property=\"article:publisher\" content=\"https:\/\/www.facebook.com\/boatserviceest\" \/>\n<meta property=\"article:modified_time\" content=\"2021-05-17T10:45:03+00:00\" \/>\n<meta name=\"twitter:card\" content=\"summary_large_image\" \/>\n<meta name=\"twitter:label1\" content=\"Est. reading time\" \/>\n\t<meta name=\"twitter:data1\" content=\"5 minutit\" \/>\n<script type=\"application\/ld+json\" class=\"yoast-schema-graph\">{\"@context\":\"https:\/\/schema.org\",\"@graph\":[{\"@type\":\"WebPage\",\"@id\":\"https:\/\/boat-service.ee\/paadirent\/rendileping\/\",\"url\":\"https:\/\/boat-service.ee\/paadirent\/rendileping\/\",\"name\":\"Rendileping - Paadi -ja mootorite rent\",\"isPartOf\":{\"@id\":\"https:\/\/boat-service.ee\/paadirent\/#website\"},\"datePublished\":\"2020-11-19T14:48:03+00:00\",\"dateModified\":\"2021-05-17T10:45:03+00:00\",\"breadcrumb\":{\"@id\":\"https:\/\/boat-service.ee\/paadirent\/rendileping\/#breadcrumb\"},\"inLanguage\":\"et\",\"potentialAction\":[{\"@type\":\"ReadAction\",\"target\":[\"https:\/\/boat-service.ee\/paadirent\/rendileping\/\"]}]},{\"@type\":\"BreadcrumbList\",\"@id\":\"https:\/\/boat-service.ee\/paadirent\/rendileping\/#breadcrumb\",\"itemListElement\":[{\"@type\":\"ListItem\",\"position\":1,\"name\":\"Home\",\"item\":\"https:\/\/boat-service.ee\/paadirent\/\"},{\"@type\":\"ListItem\",\"position\":2,\"name\":\"Rendileping\"}]},{\"@type\":\"WebSite\",\"@id\":\"https:\/\/boat-service.ee\/paadirent\/#website\",\"url\":\"https:\/\/boat-service.ee\/paadirent\/\",\"name\":\"Paadi -ja mootorite rent\",\"description\":\"Boat-service.ee | Kalastuspood.ee\",\"publisher\":{\"@id\":\"https:\/\/boat-service.ee\/paadirent\/#organization\"},\"potentialAction\":[{\"@type\":\"SearchAction\",\"target\":{\"@type\":\"EntryPoint\",\"urlTemplate\":\"https:\/\/boat-service.ee\/paadirent\/?s={search_term_string}\"},\"query-input\":{\"@type\":\"PropertyValueSpecification\",\"valueRequired\":true,\"valueName\":\"search_term_string\"}}],\"inLanguage\":\"et\"},{\"@type\":\"Organization\",\"@id\":\"https:\/\/boat-service.ee\/paadirent\/#organization\",\"name\":\"Paadi -ja mootorite rent\",\"url\":\"https:\/\/boat-service.ee\/paadirent\/\",\"logo\":{\"@type\":\"ImageObject\",\"inLanguage\":\"et\",\"@id\":\"https:\/\/boat-service.ee\/paadirent\/#\/schema\/logo\/image\/\",\"url\":\"https:\/\/boat-service.ee\/paadirent\/wp-content\/uploads\/2020\/12\/boat-service-logo.png\",\"contentUrl\":\"https:\/\/boat-service.ee\/paadirent\/wp-content\/uploads\/2020\/12\/boat-service-logo.png\",\"width\":500,\"height\":169,\"caption\":\"Paadi -ja mootorite rent\"},\"image\":{\"@id\":\"https:\/\/boat-service.ee\/paadirent\/#\/schema\/logo\/image\/\"},\"sameAs\":[\"https:\/\/www.facebook.com\/boatserviceest\"]}]}<\/script>\n<!-- \/ Yoast SEO plugin. -->","yoast_head_json":{"title":"Rendileping - Paadi -ja mootorite rent","robots":{"index":"index","follow":"follow","max-snippet":"max-snippet:-1","max-image-preview":"max-image-preview:large","max-video-preview":"max-video-preview:-1"},"canonical":"https:\/\/boat-service.ee\/paadirent\/rendileping\/","og_locale":"et_EE","og_type":"article","og_title":"Rendileping - Paadi -ja mootorite rent","og_description":"RENDILEPING\u00a0 \u00dclds\u00e4tted 1.1. K\u00e4esoleva rendilepinguga kohustub rendileandja andma rentnikule kasutamiseks rendilepingus m\u00e4rgitud tooted. Rentnik on kohustatud maksma selle eest tasu (renti). 1.2. \u00dcksiku rendip\u00e4eva pikkus on 24 tundi. Rendip\u00e4ev algab p\u00e4eval kell 10.00-18.00 alates mootori \u00fcle andmisest\u00a0 ja l\u00f5peb 24 tunni m\u00f6\u00f6dumisest peale \u00fcle andmist. Iga j\u00e4rgneva j\u00e4rjestikuse rendip\u00e4eva pikkuseks on 24 tundi. 1.3. K\u00e4esolev [&hellip;]","og_url":"https:\/\/boat-service.ee\/paadirent\/rendileping\/","og_site_name":"Paadi -ja mootorite rent","article_publisher":"https:\/\/www.facebook.com\/boatserviceest","article_modified_time":"2021-05-17T10:45:03+00:00","twitter_card":"summary_large_image","twitter_misc":{"Est. reading time":"5 minutit"},"schema":{"@context":"https:\/\/schema.org","@graph":[{"@type":"WebPage","@id":"https:\/\/boat-service.ee\/paadirent\/rendileping\/","url":"https:\/\/boat-service.ee\/paadirent\/rendileping\/","name":"Rendileping - Paadi -ja mootorite rent","isPartOf":{"@id":"https:\/\/boat-service.ee\/paadirent\/#website"},"datePublished":"2020-11-19T14:48:03+00:00","dateModified":"2021-05-17T10:45:03+00:00","breadcrumb":{"@id":"https:\/\/boat-service.ee\/paadirent\/rendileping\/#breadcrumb"},"inLanguage":"et","potentialAction":[{"@type":"ReadAction","target":["https:\/\/boat-service.ee\/paadirent\/rendileping\/"]}]},{"@type":"BreadcrumbList","@id":"https:\/\/boat-service.ee\/paadirent\/rendileping\/#breadcrumb","itemListElement":[{"@type":"ListItem","position":1,"name":"Home","item":"https:\/\/boat-service.ee\/paadirent\/"},{"@type":"ListItem","position":2,"name":"Rendileping"}]},{"@type":"WebSite","@id":"https:\/\/boat-service.ee\/paadirent\/#website","url":"https:\/\/boat-service.ee\/paadirent\/","name":"Paadi -ja mootorite rent","description":"Boat-service.ee | Kalastuspood.ee","publisher":{"@id":"https:\/\/boat-service.ee\/paadirent\/#organization"},"potentialAction":[{"@type":"SearchAction","target":{"@type":"EntryPoint","urlTemplate":"https:\/\/boat-service.ee\/paadirent\/?s={search_term_string}"},"query-input":{"@type":"PropertyValueSpecification","valueRequired":true,"valueName":"search_term_string"}}],"inLanguage":"et"},{"@type":"Organization","@id":"https:\/\/boat-service.ee\/paadirent\/#organization","name":"Paadi -ja mootorite rent","url":"https:\/\/boat-service.ee\/paadirent\/","logo":{"@type":"ImageObject","inLanguage":"et","@id":"https:\/\/boat-service.ee\/paadirent\/#\/schema\/logo\/image\/","url":"https:\/\/boat-service.ee\/paadirent\/wp-content\/uploads\/2020\/12\/boat-service-logo.png","contentUrl":"https:\/\/boat-service.ee\/paadirent\/wp-content\/uploads\/2020\/12\/boat-service-logo.png","width":500,"height":169,"caption":"Paadi -ja mootorite rent"},"image":{"@id":"https:\/\/boat-service.ee\/paadirent\/#\/schema\/logo\/image\/"},"sameAs":["https:\/\/www.facebook.com\/boatserviceest"]}]}},"_links":{"self":[{"href":"https:\/\/boat-service.ee\/paadirent\/wp-json\/wp\/v2\/pages\/225","targetHints":{"allow":["GET"]}}],"collection":[{"href":"https:\/\/boat-service.ee\/paadirent\/wp-json\/wp\/v2\/pages"}],"about":[{"href":"https:\/\/boat-service.ee\/paadirent\/wp-json\/wp\/v2\/types\/page"}],"author":[{"embeddable":true,"href":"https:\/\/boat-service.ee\/paadirent\/wp-json\/wp\/v2\/users\/1"}],"replies":[{"embeddable":true,"href":"https:\/\/boat-service.ee\/paadirent\/wp-json\/wp\/v2\/comments?post=225"}],"version-history":[{"count":4,"href":"https:\/\/boat-service.ee\/paadirent\/wp-json\/wp\/v2\/pages\/225\/revisions"}],"predecessor-version":[{"id":706,"href":"https:\/\/boat-service.ee\/paadirent\/wp-json\/wp\/v2\/pages\/225\/revisions\/706"}],"wp:attachment":[{"href":"https:\/\/boat-service.ee\/paadirent\/wp-json\/wp\/v2\/media?parent=225"}],"curies":[{"name":"wp","href":"https:\/\/api.w.org\/{rel}","templated":true}]}}