{"id":105441,"date":"2024-09-26T14:31:34","date_gmt":"2024-09-26T12:31:34","guid":{"rendered":"https:\/\/boat-service.ee\/pood\/Ei-luokiteltu\/bayliner-288cb-224kw-varastovene\/"},"modified":"2026-04-02T12:14:52","modified_gmt":"2026-04-02T10:14:52","slug":"bayliner-288cb-224kw-varastovene","status":"publish","type":"product","link":"https:\/\/boat-service.ee\/fi\/pood\/veneet\/varastoveneet\/bayliner-288cb-224kw-varastovene\/","title":{"rendered":"Bayliner 288CB 224kW- Varastovene"},"content":{"rendered":"<p data-path-to-node=\"1\">Myyd\u00e4\u00e4n hyvin pidetty ja s\u00e4\u00e4nn\u00f6llisesti huollettu moottorivene. Veneess\u00e4 on istumapaikat 14 hengelle ja makuupaikat 6 hengelle. Flybridgell\u00e4 on istumapaikat 5 hengelle. Dieselmoottori on juuri t\u00e4yshuollettu. Polttoaineenkulutus 52 km\/h nopeudella on 41 l\/h. Vene liikkuu vaivattomasti ja nousee nopeasti liukuun.<\/p>\n<p data-path-to-node=\"1\">Varusteluettelo:<\/p>\n<ul>\n<li data-path-to-node=\"1\">Invertteri 220V 4kW<\/li>\n<li data-path-to-node=\"1\">Grundig-televisio 12V\/220V DVD-soittimella ja satelliitti-TV:ll\u00e4<\/li>\n<li data-path-to-node=\"1\">Kenwood marine + JVC \u2013 USB Bluetooth stereo<\/li>\n<li data-path-to-node=\"1\">Raymarine C80 -karttaplotteri uudella Navionics-kartalla ja tutkalla + Active Imaging 3-in-1 -anturi<\/li>\n<li data-path-to-node=\"1\">Lowrance Hook Reveal 5 -karttaplotteri<\/li>\n<li data-path-to-node=\"1\">Iso j\u00e4\u00e4kaappi<\/li>\n<li data-path-to-node=\"1\">Aurinkopaneeli<\/li>\n<li data-path-to-node=\"1\">Alkoholi- ja s\u00e4hk\u00f6liesi<\/li>\n<li data-path-to-node=\"1\">Keulapotkuri, ohjattavissa sis\u00e4hytist\u00e4, yl\u00e4ohjaamosta (flybridge) sek\u00e4 langattomalla kaukos\u00e4\u00e4timell\u00e4<\/li>\n<li data-path-to-node=\"1\">S\u00e4hk\u00f6inen ankkurivinssi edess\u00e4 ja takana (molemmat kaukos\u00e4\u00e4d\u00f6ll\u00e4)<\/li>\n<li data-path-to-node=\"1\">3-in-1 kaikuanturi x2<\/li>\n<li data-path-to-node=\"1\">Kahvinkeitin ja vedenkeitin<\/li>\n<li data-path-to-node=\"1\">2x suihku<\/li>\n<li data-path-to-node=\"1\">2x pesuallas<\/li>\n<li data-path-to-node=\"1\">L\u00e4mminvesivaraaja<\/li>\n<li data-path-to-node=\"1\">J\u00e4tevesimittari ja tyhjennyspumppu<\/li>\n<li data-path-to-node=\"1\">LED-valaistus<\/li>\n<li data-path-to-node=\"1\">3&#215;2 makuupaikkaa, joista kaksi makuutilaa erotettu verhoilla<\/li>\n<li data-path-to-node=\"1\">Rockford Fosgate -\u00e4\u00e4nentoistoj\u00e4rjestelm\u00e4 sis\u00e4ll\u00e4 ja ulkona<\/li>\n<li data-path-to-node=\"1\">Hakuvalo ulkona (360 astetta, s\u00e4\u00e4dett\u00e4viss\u00e4 nelj\u00e4\u00e4n suuntaan)<\/li>\n<li data-path-to-node=\"1\">Webasto-l\u00e4mmitin<\/li>\n<li>Aurinkosuojat\/verkot tuulilasille ja sivulaseille<\/li>\n<li data-path-to-node=\"1\">Kuomu yl\u00e4kannella<\/li>\n<li data-path-to-node=\"1\">S\u00e4hk\u00f6inen WC kahdella pumpulla ja kolmella toiminnolla<\/li>\n<\/ul>\n<p><b data-path-to-node=\"3,1,0\" data-index-in-node=\"0\">Kaikki tarvittavat merivarusteet kuuluvat kauppaan!<\/b><\/p>\n<p data-path-to-node=\"1\">\n","protected":false},"excerpt":{"rendered":"<table width=\"215\">\n<tbody>\n<tr>\n<td>Pituus (runko)<\/td>\n<td>9.330 m<\/td>\n<\/tr>\n<tr>\n<td>Leveys<\/td>\n<td>3.050 m<\/td>\n<\/tr>\n<tr>\n<td>Istumapaikat<\/td>\n<td>14<\/td>\n<\/tr>\n<tr>\n<td>Kantavuus<\/td>\n<td>1120 kg<\/td>\n<\/tr>\n<tr>\n<td>Poltoaine<\/td>\n<td>Diesel<\/td>\n<\/tr>\n<tr>\n<td>Syvys<\/td>\n<td>1000 mm<\/td>\n<\/tr>\n<tr>\n<td>Paino<\/td>\n<td>3700 kg<\/td>\n<\/tr>\n<tr>\n<td>Teho<\/td>\n<td>224 kw<\/td>\n<\/tr>\n<\/tbody>\n<\/table>\n","protected":false},"featured_media":105421,"template":"","meta":[],"product_brand":[],"product_cat":[3590],"product_tag":[],"class_list":{"0":"post-105441","1":"product","2":"type-product","3":"status-publish","4":"has-post-thumbnail","6":"product_cat-varastoveneet","7":"product_shipping_class-alumiinium-ja-plastikpaadid-normaal","8":"tm-has-options","10":"first","11":"instock","12":"taxable","13":"shipping-taxable","14":"purchasable","15":"product-type-simple"},"yoast_head":"<!-- This site is optimized with the Yoast SEO plugin v27.2 - https:\/\/yoast.com\/product\/yoast-seo-wordpress\/ -->\n<title>Bayliner 288CB 224kW- Varastovene - Boat Service Estonia<\/title>\n<meta name=\"robots\" content=\"index, follow, max-snippet:-1, max-image-preview:large, max-video-preview:-1\" \/>\n<link rel=\"canonical\" href=\"https:\/\/boat-service.ee\/fi\/pood\/veneet\/varastoveneet\/bayliner-288cb-224kw-varastovene\/\" \/>\n<meta property=\"og:locale\" content=\"fi_FI\" \/>\n<meta property=\"og:type\" content=\"article\" \/>\n<meta property=\"og:title\" content=\"Bayliner 288CB 224kW- Varastovene - Boat Service Estonia\" \/>\n<meta property=\"og:description\" content=\"Pituus (runko) 9.330 m   Leveys 3.050 m   Istumapaikat 14   Kantavuus 1120 kg   Poltoaine Diesel   Syvys 1000 mm   Paino 3700 kg   Teho 224 kw\" \/>\n<meta property=\"og:url\" content=\"https:\/\/boat-service.ee\/fi\/pood\/veneet\/varastoveneet\/bayliner-288cb-224kw-varastovene\/\" \/>\n<meta property=\"og:site_name\" content=\"Boat Service Estonia\" \/>\n<meta property=\"article:publisher\" content=\"https:\/\/www.facebook.com\/boatserviceestonia\" \/>\n<meta property=\"article:modified_time\" content=\"2026-04-02T10:14:52+00:00\" \/>\n<meta property=\"og:image\" content=\"https:\/\/boat-service.ee\/wp-content\/uploads\/2024\/09\/178359253.jpg\" \/>\n\t<meta property=\"og:image:width\" content=\"1250\" \/>\n\t<meta property=\"og:image:height\" content=\"938\" \/>\n\t<meta property=\"og:image:type\" content=\"image\/jpeg\" \/>\n<meta name=\"twitter:card\" content=\"summary_large_image\" \/>\n<meta name=\"twitter:label1\" content=\"Arvioitu lukuaika\" \/>\n\t<meta name=\"twitter:data1\" content=\"1 minuutti\" \/>\n<script type=\"application\/ld+json\" class=\"yoast-schema-graph\">{\"@context\":\"https:\/\/schema.org\",\"@graph\":[{\"@type\":\"WebPage\",\"@id\":\"https:\/\/boat-service.ee\/fi\/pood\/veneet\/varastoveneet\/bayliner-288cb-224kw-varastovene\/\",\"url\":\"https:\/\/boat-service.ee\/fi\/pood\/veneet\/varastoveneet\/bayliner-288cb-224kw-varastovene\/\",\"name\":\"Bayliner 288CB 224kW- Varastovene - Boat Service Estonia\",\"isPartOf\":{\"@id\":\"https:\/\/boat-service.ee\/fi\/#website\"},\"primaryImageOfPage\":{\"@id\":\"https:\/\/boat-service.ee\/fi\/pood\/veneet\/varastoveneet\/bayliner-288cb-224kw-varastovene\/#primaryimage\"},\"image\":{\"@id\":\"https:\/\/boat-service.ee\/fi\/pood\/veneet\/varastoveneet\/bayliner-288cb-224kw-varastovene\/#primaryimage\"},\"thumbnailUrl\":\"https:\/\/boat-service.ee\/wp-content\/uploads\/2024\/09\/178359253.jpg\",\"datePublished\":\"2024-09-26T12:31:34+00:00\",\"dateModified\":\"2026-04-02T10:14:52+00:00\",\"breadcrumb\":{\"@id\":\"https:\/\/boat-service.ee\/fi\/pood\/veneet\/varastoveneet\/bayliner-288cb-224kw-varastovene\/#breadcrumb\"},\"inLanguage\":\"fi\",\"potentialAction\":[{\"@type\":\"ReadAction\",\"target\":[\"https:\/\/boat-service.ee\/fi\/pood\/veneet\/varastoveneet\/bayliner-288cb-224kw-varastovene\/\"]}]},{\"@type\":\"ImageObject\",\"inLanguage\":\"fi\",\"@id\":\"https:\/\/boat-service.ee\/fi\/pood\/veneet\/varastoveneet\/bayliner-288cb-224kw-varastovene\/#primaryimage\",\"url\":\"https:\/\/boat-service.ee\/wp-content\/uploads\/2024\/09\/178359253.jpg\",\"contentUrl\":\"https:\/\/boat-service.ee\/wp-content\/uploads\/2024\/09\/178359253.jpg\",\"width\":1250,\"height\":938,\"caption\":\"Bayliner 288CB 224kW - Kalastuspood O\u00dc\"},{\"@type\":\"BreadcrumbList\",\"@id\":\"https:\/\/boat-service.ee\/fi\/pood\/veneet\/varastoveneet\/bayliner-288cb-224kw-varastovene\/#breadcrumb\",\"itemListElement\":[{\"@type\":\"ListItem\",\"position\":1,\"name\":\"Home\",\"item\":\"https:\/\/boat-service.ee\/fi\/\"},{\"@type\":\"ListItem\",\"position\":2,\"name\":\"Pood\",\"item\":\"https:\/\/boat-service.ee\/en\/shop\/\"},{\"@type\":\"ListItem\",\"position\":3,\"name\":\"Bayliner 288CB 224kW- Varastovene\"}]},{\"@type\":\"WebSite\",\"@id\":\"https:\/\/boat-service.ee\/fi\/#website\",\"url\":\"https:\/\/boat-service.ee\/fi\/\",\"name\":\"Boat Service Estonia\",\"description\":\"Boat Service Estonia - Mootorpaadid, treilerid, mootorid\",\"publisher\":{\"@id\":\"https:\/\/boat-service.ee\/fi\/#organization\"},\"potentialAction\":[{\"@type\":\"SearchAction\",\"target\":{\"@type\":\"EntryPoint\",\"urlTemplate\":\"https:\/\/boat-service.ee\/fi\/?s={search_term_string}\"},\"query-input\":{\"@type\":\"PropertyValueSpecification\",\"valueRequired\":true,\"valueName\":\"search_term_string\"}}],\"inLanguage\":\"fi\"},{\"@type\":\"Organization\",\"@id\":\"https:\/\/boat-service.ee\/fi\/#organization\",\"name\":\"KALASTUSPOOD O\u00dc\",\"url\":\"https:\/\/boat-service.ee\/fi\/\",\"logo\":{\"@type\":\"ImageObject\",\"inLanguage\":\"fi\",\"@id\":\"https:\/\/boat-service.ee\/fi\/#\/schema\/logo\/image\/\",\"url\":\"https:\/\/boat-service.ee\/wp-content\/uploads\/2023\/05\/impLogo.png\",\"contentUrl\":\"https:\/\/boat-service.ee\/wp-content\/uploads\/2023\/05\/impLogo.png\",\"width\":270,\"height\":107,\"caption\":\"KALASTUSPOOD O\u00dc\"},\"image\":{\"@id\":\"https:\/\/boat-service.ee\/fi\/#\/schema\/logo\/image\/\"},\"sameAs\":[\"https:\/\/www.facebook.com\/boatserviceestonia\",\"https:\/\/www.instagram.com\/kalastus_ja_paadipood\/\"]}]}<\/script>\n<!-- \/ Yoast SEO plugin. -->","yoast_head_json":{"title":"Bayliner 288CB 224kW- Varastovene - Boat Service Estonia","robots":{"index":"index","follow":"follow","max-snippet":"max-snippet:-1","max-image-preview":"max-image-preview:large","max-video-preview":"max-video-preview:-1"},"canonical":"https:\/\/boat-service.ee\/fi\/pood\/veneet\/varastoveneet\/bayliner-288cb-224kw-varastovene\/","og_locale":"fi_FI","og_type":"article","og_title":"Bayliner 288CB 224kW- Varastovene - Boat Service Estonia","og_description":"Pituus (runko) 9.330 m   Leveys 3.050 m   Istumapaikat 14   Kantavuus 1120 kg   Poltoaine Diesel   Syvys 1000 mm   Paino 3700 kg   Teho 224 kw","og_url":"https:\/\/boat-service.ee\/fi\/pood\/veneet\/varastoveneet\/bayliner-288cb-224kw-varastovene\/","og_site_name":"Boat Service Estonia","article_publisher":"https:\/\/www.facebook.com\/boatserviceestonia","article_modified_time":"2026-04-02T10:14:52+00:00","og_image":[{"width":1250,"height":938,"url":"https:\/\/boat-service.ee\/wp-content\/uploads\/2024\/09\/178359253.jpg","type":"image\/jpeg"}],"twitter_card":"summary_large_image","twitter_misc":{"Arvioitu lukuaika":"1 minuutti"},"schema":{"@context":"https:\/\/schema.org","@graph":[{"@type":"WebPage","@id":"https:\/\/boat-service.ee\/fi\/pood\/veneet\/varastoveneet\/bayliner-288cb-224kw-varastovene\/","url":"https:\/\/boat-service.ee\/fi\/pood\/veneet\/varastoveneet\/bayliner-288cb-224kw-varastovene\/","name":"Bayliner 288CB 224kW- Varastovene - Boat Service Estonia","isPartOf":{"@id":"https:\/\/boat-service.ee\/fi\/#website"},"primaryImageOfPage":{"@id":"https:\/\/boat-service.ee\/fi\/pood\/veneet\/varastoveneet\/bayliner-288cb-224kw-varastovene\/#primaryimage"},"image":{"@id":"https:\/\/boat-service.ee\/fi\/pood\/veneet\/varastoveneet\/bayliner-288cb-224kw-varastovene\/#primaryimage"},"thumbnailUrl":"https:\/\/boat-service.ee\/wp-content\/uploads\/2024\/09\/178359253.jpg","datePublished":"2024-09-26T12:31:34+00:00","dateModified":"2026-04-02T10:14:52+00:00","breadcrumb":{"@id":"https:\/\/boat-service.ee\/fi\/pood\/veneet\/varastoveneet\/bayliner-288cb-224kw-varastovene\/#breadcrumb"},"inLanguage":"fi","potentialAction":[{"@type":"ReadAction","target":["https:\/\/boat-service.ee\/fi\/pood\/veneet\/varastoveneet\/bayliner-288cb-224kw-varastovene\/"]}]},{"@type":"ImageObject","inLanguage":"fi","@id":"https:\/\/boat-service.ee\/fi\/pood\/veneet\/varastoveneet\/bayliner-288cb-224kw-varastovene\/#primaryimage","url":"https:\/\/boat-service.ee\/wp-content\/uploads\/2024\/09\/178359253.jpg","contentUrl":"https:\/\/boat-service.ee\/wp-content\/uploads\/2024\/09\/178359253.jpg","width":1250,"height":938,"caption":"Bayliner 288CB 224kW - Kalastuspood O\u00dc"},{"@type":"BreadcrumbList","@id":"https:\/\/boat-service.ee\/fi\/pood\/veneet\/varastoveneet\/bayliner-288cb-224kw-varastovene\/#breadcrumb","itemListElement":[{"@type":"ListItem","position":1,"name":"Home","item":"https:\/\/boat-service.ee\/fi\/"},{"@type":"ListItem","position":2,"name":"Pood","item":"https:\/\/boat-service.ee\/en\/shop\/"},{"@type":"ListItem","position":3,"name":"Bayliner 288CB 224kW- Varastovene"}]},{"@type":"WebSite","@id":"https:\/\/boat-service.ee\/fi\/#website","url":"https:\/\/boat-service.ee\/fi\/","name":"Boat Service Estonia","description":"Boat Service Estonia - Mootorpaadid, treilerid, mootorid","publisher":{"@id":"https:\/\/boat-service.ee\/fi\/#organization"},"potentialAction":[{"@type":"SearchAction","target":{"@type":"EntryPoint","urlTemplate":"https:\/\/boat-service.ee\/fi\/?s={search_term_string}"},"query-input":{"@type":"PropertyValueSpecification","valueRequired":true,"valueName":"search_term_string"}}],"inLanguage":"fi"},{"@type":"Organization","@id":"https:\/\/boat-service.ee\/fi\/#organization","name":"KALASTUSPOOD O\u00dc","url":"https:\/\/boat-service.ee\/fi\/","logo":{"@type":"ImageObject","inLanguage":"fi","@id":"https:\/\/boat-service.ee\/fi\/#\/schema\/logo\/image\/","url":"https:\/\/boat-service.ee\/wp-content\/uploads\/2023\/05\/impLogo.png","contentUrl":"https:\/\/boat-service.ee\/wp-content\/uploads\/2023\/05\/impLogo.png","width":270,"height":107,"caption":"KALASTUSPOOD O\u00dc"},"image":{"@id":"https:\/\/boat-service.ee\/fi\/#\/schema\/logo\/image\/"},"sameAs":["https:\/\/www.facebook.com\/boatserviceestonia","https:\/\/www.instagram.com\/kalastus_ja_paadipood\/"]}]}},"_links":{"self":[{"href":"https:\/\/boat-service.ee\/fi\/wp-json\/wp\/v2\/product\/105441","targetHints":{"allow":["GET"]}}],"collection":[{"href":"https:\/\/boat-service.ee\/fi\/wp-json\/wp\/v2\/product"}],"about":[{"href":"https:\/\/boat-service.ee\/fi\/wp-json\/wp\/v2\/types\/product"}],"wp:featuredmedia":[{"embeddable":true,"href":"https:\/\/boat-service.ee\/fi\/wp-json\/wp\/v2\/media\/105421"}],"wp:attachment":[{"href":"https:\/\/boat-service.ee\/fi\/wp-json\/wp\/v2\/media?parent=105441"}],"wp:term":[{"taxonomy":"product_brand","embeddable":true,"href":"https:\/\/boat-service.ee\/fi\/wp-json\/wp\/v2\/product_brand?post=105441"},{"taxonomy":"product_cat","embeddable":true,"href":"https:\/\/boat-service.ee\/fi\/wp-json\/wp\/v2\/product_cat?post=105441"},{"taxonomy":"product_tag","embeddable":true,"href":"https:\/\/boat-service.ee\/fi\/wp-json\/wp\/v2\/product_tag?post=105441"}],"curies":[{"name":"wp","href":"https:\/\/api.w.org\/{rel}","templated":true}]}}