{"id":105418,"date":"2024-09-26T14:36:46","date_gmt":"2024-09-26T12:36:46","guid":{"rendered":"https:\/\/boat-service.ee\/pood\/Ei-luokiteltu\/quicksilver-activ-705-weekend-3-4-v6-varastovene\/"},"modified":"2026-04-02T10:13:54","modified_gmt":"2026-04-02T08:13:54","slug":"quicksilver-activ-705-weekend-3-4-v6-varastovene","status":"publish","type":"product","link":"https:\/\/boat-service.ee\/fi\/pood\/veneet\/varastoveneet\/quicksilver-activ-705-weekend-3-4-v6-varastovene\/","title":{"rendered":"Quicksilver Activ 705 Weekend 3.4 V6- Varastovene"},"content":{"rendered":"<p><b data-path-to-node=\"3\" data-index-in-node=\"0\">Quicksilver Active 705 Weekend<\/b> on t\u00e4ydellinen retkivene viikonloppumatkoille. Veneet\u00e4 on vaivaton kuljettaa trailerilla, mik\u00e4 mahdollistaa meriretkeilyn lis\u00e4ksi my\u00f6s tutustumisen eri sis\u00e4vesist\u00f6ihin. Keulassa on tilava parivuode, ja lis\u00e4ksi hyttiin saa sijattua kolmannen vuoteen yhdelle hengelle. Kyseess\u00e4 on esittelyvene, mink\u00e4 vuoksi se on varusteltu parhaalla mahdollisella ja korkealaatuisella tekniikalla. Vene on uskomattoman vakaa ja halkoo aallot pehme\u00e4sti. T\u00e4m\u00e4n veneen kyydiss\u00e4 mahdollinen merenkulkupelko katoaa varmasti.<\/p>\n<p>Varusteet:<\/p>\n<p>Suihku, kohdevalot, kahvinkeitin, kompassi, j\u00e4\u00e4kaappi, kulkuvalot, palosammutin, ohjaustehostin, RST ter\u00e4skaiteet (haponkest\u00e4v\u00e4t kaiteet), trimmitasot, pesuallas \/ tiskiallas, ankkurirulla, ankkuriboksi keulassa, \u00a0uimatikkaat, kulkuvalot, itsetyhjentyv\u00e4 avotila (kokpitti), vapatelineet, uimatasoja, LED-sis\u00e4valot, 2V virranulosotto, Smartcraft-nopeus- ja kierroslukumittari, per\u00e4kannen L-sohva, pehmustesarja, per\u00e4kannen p\u00f6yt\u00e4, kansisuihku, keulahytin vuode, keulahytin kansiluukku, hytin p\u00f6yt\u00e4, s\u00e4ilytystilat istuinten alla, kolmen akun j\u00e4rjestelm\u00e4, h\u00e4k\u00e4varoitin (hiilimonoksidianturi), palovaroitin, hydrauliohjaus, 2x s\u00e4hk\u00f6inen ja manuaalinen pilssipumppu, uulilasinpyyhkij\u00e4t + lasinpesulaite, VesselView Mobile<\/p>\n<p>T\u00e4m\u00e4n veneen lis\u00e4varusteet:<\/p>\n<ul>\n<li>Pidennetyt uimataso<\/li>\n<li>SMART PACK -paketti<\/li>\n<li>Keulapotkuri<\/li>\n<li>Takakannen aurinkosuoja<\/li>\n<li>U-Dek ruskea takakannen pinnoite (Made in New Zealand)<\/li>\n<li>Mercury ACTIVE TRIM<\/li>\n<li>J\u00e4\u00e4kaappi 51L + pakastin 3,6L 40W<\/li>\n<li>45L makeavesis\u00e4ili\u00f6<\/li>\n<li>Polttoaine- ja makeavesis\u00e4ili\u00f6n tasomittarit integroitu Mercury-mittaristoon (prosentteina)<\/li>\n<li>Dometic 12V kahvinkeitin (5 kuppia)<\/li>\n<li>Kaasuliesi<\/li>\n<li>Mente Marine automaattinen trimmij\u00e4rjestelm\u00e4<\/li>\n<li>Garmin ECHOMAP UHD 92sv\/GT56UHD-TM<\/li>\n<li>NAVIONICS G3 GULFS OF FINLAND AND RIGA, HXEU 050R merikartta<\/li>\n<li>GARMIN VHF 115 i -meriradiopuhelin + 1,5m antenni<\/li>\n<li>GARMIN GPS 24xd NMEA 2000<\/li>\n<li>Hertz Premium -\u00e4\u00e4nentoistoj\u00e4rjestelm\u00e4 (HMR 20, 6x150W kaiuttimet + 800W subwoofer). Bluetooth-yhteys, tarjoaa korkealaatuisen elokuva- tai musiikkiel\u00e4myksen.<\/li>\n<li>Maas\u00e4hk\u00f6j\u00e4rjestelm\u00e4 + 1500W invertteri + 230V pistoke maas\u00e4hk\u00f6st\u00e4<\/li>\n<li>4x12V (15A) + 4x USB (2,4A) pistokkeet<\/li>\n<li>Mercury P175XL PRO XS (3,4 V6) per\u00e4moottori (17,5 k\u00e4ytt\u00f6tuntia, ensihuolto tehty)<\/li>\n<li>Polttoaineenkulutus: 26 solmun nopeudella 1,1 km\/1L (huippunopeus 33 solmua)<\/li>\n<li>3x Yuasa Active Marine -akut, asennus, PDI (luovutustarkastus) ja takuun rekister\u00f6inti<\/li>\n<\/ul>\n<p><span style=\"color: #555555; font-size: 14.4px;\">SMART PACK sis\u00e4lt\u00e4\u00e4:<\/span><\/p>\n<ul>\n<li>Aurinkopeti cockpitiin<\/li>\n<li>Per\u00e4kannen valaistus<\/li>\n<li>Aito tiikkipuinen p\u00f6yt\u00e4<\/li>\n<li>Hytin verhot<\/li>\n<li>Hytin kattoluukku<\/li>\n<li>Kiinnityspaketti<\/li>\n<li>S\u00e4hk\u00f6inen keula-ankkurivinssi<\/li>\n<\/ul>\n<p>&nbsp;<\/p>\n","protected":false},"excerpt":{"rendered":"<table style=\"height: 359px;\" width=\"215\">\n<tbody>\n<tr>\n<td>Pituus (runko)<\/td>\n<td>7.370 m<\/td>\n<\/tr>\n<tr>\n<td>Leveys<\/td>\n<td>2.50 m<\/td>\n<\/tr>\n<tr>\n<td>Maksimi henkil\u00f6m\u00e4\u00e4r\u00e4<\/td>\n<td>8<\/td>\n<\/tr>\n<tr>\n<td>Kantavuus<\/td>\n<td>670 kg<\/td>\n<\/tr>\n<tr>\n<td>Poltoaine<\/td>\n<td>bensiini<\/td>\n<\/tr>\n<tr>\n<td>Syvys<\/td>\n<td>480 mm<\/td>\n<\/tr>\n<tr>\n<td>Poltoaines\u00e4ii\u00f6<\/td>\n<td>200 L<\/td>\n<\/tr>\n<tr>\n<td>Teho<\/td>\n<td>175 hp<\/td>\n<\/tr>\n<tr>\n<td>Moottori<\/td>\n<td>3.4 L<\/td>\n<\/tr>\n<tr>\n<td>Korkeus<\/td>\n<td>2.790 m<\/td>\n<\/tr>\n<\/tbody>\n<\/table>\n","protected":false},"featured_media":105402,"template":"","meta":[],"product_brand":[],"product_cat":[3590],"product_tag":[],"class_list":{"0":"post-105418","1":"product","2":"type-product","3":"status-publish","4":"has-post-thumbnail","6":"product_cat-varastoveneet","7":"product_shipping_class-alumiinium-ja-plastikpaadid-normaal","8":"tm-has-options","10":"first","11":"instock","12":"taxable","13":"shipping-taxable","14":"purchasable","15":"product-type-simple"},"yoast_head":"<!-- This site is optimized with the Yoast SEO plugin v27.2 - https:\/\/yoast.com\/product\/yoast-seo-wordpress\/ -->\n<title>Quicksilver Activ 705 Weekend 3.4 V6- Varastovene - Boat Service Estonia<\/title>\n<meta name=\"robots\" content=\"index, follow, max-snippet:-1, max-image-preview:large, max-video-preview:-1\" \/>\n<link rel=\"canonical\" href=\"https:\/\/boat-service.ee\/fi\/pood\/veneet\/varastoveneet\/quicksilver-activ-705-weekend-3-4-v6-varastovene\/\" \/>\n<meta property=\"og:locale\" content=\"fi_FI\" \/>\n<meta property=\"og:type\" content=\"article\" \/>\n<meta property=\"og:title\" content=\"Quicksilver Activ 705 Weekend 3.4 V6- Varastovene - Boat Service Estonia\" \/>\n<meta property=\"og:description\" content=\"Pituus (runko) 7.370 m   Leveys 2.50 m   Maksimi henkil\u00f6m\u00e4\u00e4r\u00e4 8   Kantavuus 670 kg   Poltoaine bensiini   Syvys 480 mm   Poltoaines\u00e4ii\u00f6 200 L   Teho 175 hp   Moottori 3.4 L   Korkeus 2.790 m\" \/>\n<meta property=\"og:url\" content=\"https:\/\/boat-service.ee\/fi\/pood\/veneet\/varastoveneet\/quicksilver-activ-705-weekend-3-4-v6-varastovene\/\" \/>\n<meta property=\"og:site_name\" content=\"Boat Service Estonia\" \/>\n<meta property=\"article:publisher\" content=\"https:\/\/www.facebook.com\/boatserviceestonia\" \/>\n<meta property=\"article:modified_time\" content=\"2026-04-02T08:13:54+00:00\" \/>\n<meta property=\"og:image\" content=\"https:\/\/boat-service.ee\/wp-content\/uploads\/2024\/09\/188312200.jpg\" \/>\n\t<meta property=\"og:image:width\" content=\"1250\" \/>\n\t<meta property=\"og:image:height\" content=\"938\" \/>\n\t<meta property=\"og:image:type\" content=\"image\/jpeg\" \/>\n<meta name=\"twitter:card\" content=\"summary_large_image\" \/>\n<meta name=\"twitter:label1\" content=\"Arvioitu lukuaika\" \/>\n\t<meta name=\"twitter:data1\" content=\"2 minuuttia\" \/>\n<script type=\"application\/ld+json\" class=\"yoast-schema-graph\">{\"@context\":\"https:\/\/schema.org\",\"@graph\":[{\"@type\":\"WebPage\",\"@id\":\"https:\/\/boat-service.ee\/fi\/pood\/veneet\/varastoveneet\/quicksilver-activ-705-weekend-3-4-v6-varastovene\/\",\"url\":\"https:\/\/boat-service.ee\/fi\/pood\/veneet\/varastoveneet\/quicksilver-activ-705-weekend-3-4-v6-varastovene\/\",\"name\":\"Quicksilver Activ 705 Weekend 3.4 V6- Varastovene - Boat Service Estonia\",\"isPartOf\":{\"@id\":\"https:\/\/boat-service.ee\/fi\/#website\"},\"primaryImageOfPage\":{\"@id\":\"https:\/\/boat-service.ee\/fi\/pood\/veneet\/varastoveneet\/quicksilver-activ-705-weekend-3-4-v6-varastovene\/#primaryimage\"},\"image\":{\"@id\":\"https:\/\/boat-service.ee\/fi\/pood\/veneet\/varastoveneet\/quicksilver-activ-705-weekend-3-4-v6-varastovene\/#primaryimage\"},\"thumbnailUrl\":\"https:\/\/boat-service.ee\/wp-content\/uploads\/2024\/09\/188312200.jpg\",\"datePublished\":\"2024-09-26T12:36:46+00:00\",\"dateModified\":\"2026-04-02T08:13:54+00:00\",\"breadcrumb\":{\"@id\":\"https:\/\/boat-service.ee\/fi\/pood\/veneet\/varastoveneet\/quicksilver-activ-705-weekend-3-4-v6-varastovene\/#breadcrumb\"},\"inLanguage\":\"fi\",\"potentialAction\":[{\"@type\":\"ReadAction\",\"target\":[\"https:\/\/boat-service.ee\/fi\/pood\/veneet\/varastoveneet\/quicksilver-activ-705-weekend-3-4-v6-varastovene\/\"]}]},{\"@type\":\"ImageObject\",\"inLanguage\":\"fi\",\"@id\":\"https:\/\/boat-service.ee\/fi\/pood\/veneet\/varastoveneet\/quicksilver-activ-705-weekend-3-4-v6-varastovene\/#primaryimage\",\"url\":\"https:\/\/boat-service.ee\/wp-content\/uploads\/2024\/09\/188312200.jpg\",\"contentUrl\":\"https:\/\/boat-service.ee\/wp-content\/uploads\/2024\/09\/188312200.jpg\",\"width\":1250,\"height\":938,\"caption\":\"Quicksilver Active 705 Weekend 3.4 V6 - Kalastuspood O\u00dc\"},{\"@type\":\"BreadcrumbList\",\"@id\":\"https:\/\/boat-service.ee\/fi\/pood\/veneet\/varastoveneet\/quicksilver-activ-705-weekend-3-4-v6-varastovene\/#breadcrumb\",\"itemListElement\":[{\"@type\":\"ListItem\",\"position\":1,\"name\":\"Home\",\"item\":\"https:\/\/boat-service.ee\/fi\/\"},{\"@type\":\"ListItem\",\"position\":2,\"name\":\"Pood\",\"item\":\"https:\/\/boat-service.ee\/en\/shop\/\"},{\"@type\":\"ListItem\",\"position\":3,\"name\":\"Quicksilver Activ 705 Weekend 3.4 V6- Varastovene\"}]},{\"@type\":\"WebSite\",\"@id\":\"https:\/\/boat-service.ee\/fi\/#website\",\"url\":\"https:\/\/boat-service.ee\/fi\/\",\"name\":\"Boat Service Estonia\",\"description\":\"Boat Service Estonia - Mootorpaadid, treilerid, mootorid\",\"publisher\":{\"@id\":\"https:\/\/boat-service.ee\/fi\/#organization\"},\"potentialAction\":[{\"@type\":\"SearchAction\",\"target\":{\"@type\":\"EntryPoint\",\"urlTemplate\":\"https:\/\/boat-service.ee\/fi\/?s={search_term_string}\"},\"query-input\":{\"@type\":\"PropertyValueSpecification\",\"valueRequired\":true,\"valueName\":\"search_term_string\"}}],\"inLanguage\":\"fi\"},{\"@type\":\"Organization\",\"@id\":\"https:\/\/boat-service.ee\/fi\/#organization\",\"name\":\"KALASTUSPOOD O\u00dc\",\"url\":\"https:\/\/boat-service.ee\/fi\/\",\"logo\":{\"@type\":\"ImageObject\",\"inLanguage\":\"fi\",\"@id\":\"https:\/\/boat-service.ee\/fi\/#\/schema\/logo\/image\/\",\"url\":\"https:\/\/boat-service.ee\/wp-content\/uploads\/2023\/05\/impLogo.png\",\"contentUrl\":\"https:\/\/boat-service.ee\/wp-content\/uploads\/2023\/05\/impLogo.png\",\"width\":270,\"height\":107,\"caption\":\"KALASTUSPOOD O\u00dc\"},\"image\":{\"@id\":\"https:\/\/boat-service.ee\/fi\/#\/schema\/logo\/image\/\"},\"sameAs\":[\"https:\/\/www.facebook.com\/boatserviceestonia\",\"https:\/\/www.instagram.com\/kalastus_ja_paadipood\/\"]}]}<\/script>\n<!-- \/ Yoast SEO plugin. -->","yoast_head_json":{"title":"Quicksilver Activ 705 Weekend 3.4 V6- Varastovene - Boat Service Estonia","robots":{"index":"index","follow":"follow","max-snippet":"max-snippet:-1","max-image-preview":"max-image-preview:large","max-video-preview":"max-video-preview:-1"},"canonical":"https:\/\/boat-service.ee\/fi\/pood\/veneet\/varastoveneet\/quicksilver-activ-705-weekend-3-4-v6-varastovene\/","og_locale":"fi_FI","og_type":"article","og_title":"Quicksilver Activ 705 Weekend 3.4 V6- Varastovene - Boat Service Estonia","og_description":"Pituus (runko) 7.370 m   Leveys 2.50 m   Maksimi henkil\u00f6m\u00e4\u00e4r\u00e4 8   Kantavuus 670 kg   Poltoaine bensiini   Syvys 480 mm   Poltoaines\u00e4ii\u00f6 200 L   Teho 175 hp   Moottori 3.4 L   Korkeus 2.790 m","og_url":"https:\/\/boat-service.ee\/fi\/pood\/veneet\/varastoveneet\/quicksilver-activ-705-weekend-3-4-v6-varastovene\/","og_site_name":"Boat Service Estonia","article_publisher":"https:\/\/www.facebook.com\/boatserviceestonia","article_modified_time":"2026-04-02T08:13:54+00:00","og_image":[{"width":1250,"height":938,"url":"https:\/\/boat-service.ee\/wp-content\/uploads\/2024\/09\/188312200.jpg","type":"image\/jpeg"}],"twitter_card":"summary_large_image","twitter_misc":{"Arvioitu lukuaika":"2 minuuttia"},"schema":{"@context":"https:\/\/schema.org","@graph":[{"@type":"WebPage","@id":"https:\/\/boat-service.ee\/fi\/pood\/veneet\/varastoveneet\/quicksilver-activ-705-weekend-3-4-v6-varastovene\/","url":"https:\/\/boat-service.ee\/fi\/pood\/veneet\/varastoveneet\/quicksilver-activ-705-weekend-3-4-v6-varastovene\/","name":"Quicksilver Activ 705 Weekend 3.4 V6- Varastovene - Boat Service Estonia","isPartOf":{"@id":"https:\/\/boat-service.ee\/fi\/#website"},"primaryImageOfPage":{"@id":"https:\/\/boat-service.ee\/fi\/pood\/veneet\/varastoveneet\/quicksilver-activ-705-weekend-3-4-v6-varastovene\/#primaryimage"},"image":{"@id":"https:\/\/boat-service.ee\/fi\/pood\/veneet\/varastoveneet\/quicksilver-activ-705-weekend-3-4-v6-varastovene\/#primaryimage"},"thumbnailUrl":"https:\/\/boat-service.ee\/wp-content\/uploads\/2024\/09\/188312200.jpg","datePublished":"2024-09-26T12:36:46+00:00","dateModified":"2026-04-02T08:13:54+00:00","breadcrumb":{"@id":"https:\/\/boat-service.ee\/fi\/pood\/veneet\/varastoveneet\/quicksilver-activ-705-weekend-3-4-v6-varastovene\/#breadcrumb"},"inLanguage":"fi","potentialAction":[{"@type":"ReadAction","target":["https:\/\/boat-service.ee\/fi\/pood\/veneet\/varastoveneet\/quicksilver-activ-705-weekend-3-4-v6-varastovene\/"]}]},{"@type":"ImageObject","inLanguage":"fi","@id":"https:\/\/boat-service.ee\/fi\/pood\/veneet\/varastoveneet\/quicksilver-activ-705-weekend-3-4-v6-varastovene\/#primaryimage","url":"https:\/\/boat-service.ee\/wp-content\/uploads\/2024\/09\/188312200.jpg","contentUrl":"https:\/\/boat-service.ee\/wp-content\/uploads\/2024\/09\/188312200.jpg","width":1250,"height":938,"caption":"Quicksilver Active 705 Weekend 3.4 V6 - Kalastuspood O\u00dc"},{"@type":"BreadcrumbList","@id":"https:\/\/boat-service.ee\/fi\/pood\/veneet\/varastoveneet\/quicksilver-activ-705-weekend-3-4-v6-varastovene\/#breadcrumb","itemListElement":[{"@type":"ListItem","position":1,"name":"Home","item":"https:\/\/boat-service.ee\/fi\/"},{"@type":"ListItem","position":2,"name":"Pood","item":"https:\/\/boat-service.ee\/en\/shop\/"},{"@type":"ListItem","position":3,"name":"Quicksilver Activ 705 Weekend 3.4 V6- Varastovene"}]},{"@type":"WebSite","@id":"https:\/\/boat-service.ee\/fi\/#website","url":"https:\/\/boat-service.ee\/fi\/","name":"Boat Service Estonia","description":"Boat Service Estonia - Mootorpaadid, treilerid, mootorid","publisher":{"@id":"https:\/\/boat-service.ee\/fi\/#organization"},"potentialAction":[{"@type":"SearchAction","target":{"@type":"EntryPoint","urlTemplate":"https:\/\/boat-service.ee\/fi\/?s={search_term_string}"},"query-input":{"@type":"PropertyValueSpecification","valueRequired":true,"valueName":"search_term_string"}}],"inLanguage":"fi"},{"@type":"Organization","@id":"https:\/\/boat-service.ee\/fi\/#organization","name":"KALASTUSPOOD O\u00dc","url":"https:\/\/boat-service.ee\/fi\/","logo":{"@type":"ImageObject","inLanguage":"fi","@id":"https:\/\/boat-service.ee\/fi\/#\/schema\/logo\/image\/","url":"https:\/\/boat-service.ee\/wp-content\/uploads\/2023\/05\/impLogo.png","contentUrl":"https:\/\/boat-service.ee\/wp-content\/uploads\/2023\/05\/impLogo.png","width":270,"height":107,"caption":"KALASTUSPOOD O\u00dc"},"image":{"@id":"https:\/\/boat-service.ee\/fi\/#\/schema\/logo\/image\/"},"sameAs":["https:\/\/www.facebook.com\/boatserviceestonia","https:\/\/www.instagram.com\/kalastus_ja_paadipood\/"]}]}},"_links":{"self":[{"href":"https:\/\/boat-service.ee\/fi\/wp-json\/wp\/v2\/product\/105418","targetHints":{"allow":["GET"]}}],"collection":[{"href":"https:\/\/boat-service.ee\/fi\/wp-json\/wp\/v2\/product"}],"about":[{"href":"https:\/\/boat-service.ee\/fi\/wp-json\/wp\/v2\/types\/product"}],"wp:featuredmedia":[{"embeddable":true,"href":"https:\/\/boat-service.ee\/fi\/wp-json\/wp\/v2\/media\/105402"}],"wp:attachment":[{"href":"https:\/\/boat-service.ee\/fi\/wp-json\/wp\/v2\/media?parent=105418"}],"wp:term":[{"taxonomy":"product_brand","embeddable":true,"href":"https:\/\/boat-service.ee\/fi\/wp-json\/wp\/v2\/product_brand?post=105418"},{"taxonomy":"product_cat","embeddable":true,"href":"https:\/\/boat-service.ee\/fi\/wp-json\/wp\/v2\/product_cat?post=105418"},{"taxonomy":"product_tag","embeddable":true,"href":"https:\/\/boat-service.ee\/fi\/wp-json\/wp\/v2\/product_tag?post=105418"}],"curies":[{"name":"wp","href":"https:\/\/api.w.org\/{rel}","templated":true}]}}