{"id":105398,"date":"2024-09-24T11:54:59","date_gmt":"2024-09-24T09:54:59","guid":{"rendered":"https:\/\/boat-service.ee\/pood\/Ei-luokiteltu\/finval-470-evo-dc-varastovene\/"},"modified":"2026-04-01T16:30:56","modified_gmt":"2026-04-01T14:30:56","slug":"finval-470-evo-dc-varastovene","status":"publish","type":"product","link":"https:\/\/boat-service.ee\/fi\/pood\/veneet\/varastoveneet\/finval-470-evo-dc-varastovene\/","title":{"rendered":"Finval 470 EVO DC- Varastovene"},"content":{"rendered":"<p>VAKIOVARUSTEET:<\/p>\n<ul>\n<li>T\u00e4ysin hitsattu alumiinirunko<\/li>\n<li>Teipatut kyljet<\/li>\n<li>Tuplapulpetti tuulilasilla ja v\u00e4liovella<\/li>\n<li>Lattia ja keulan heittotaso p\u00e4\u00e4llysetty marine vinyylill\u00e4<\/li>\n<li>Veneen sis\u00e4sivut sek\u00e4 takaheittotaso aukiharjattua mattoa<\/li>\n<li>Kiinte\u00e4 polttoaines\u00e4ili\u00f6 55L<\/li>\n<li>Vapalaatikot molemminpuoline venett\u00e4<\/li>\n<li>USB-pistoke<\/li>\n<li>12V pistoke<\/li>\n<li>LED navigaatiovalot<\/li>\n<li>4 x RST knaapit<\/li>\n<li>RST mukitelineet<\/li>\n<li>Automaattipilssipumppu<\/li>\n<li>Sumppu ajastimella ja pumpulla<\/li>\n<\/ul>\n<p>T\u00e4m\u00e4n veneen lis\u00e4varusteet:<\/p>\n<ul>\n<li>Kuljetuskuomu<\/li>\n<li>Sumppu<\/li>\n<li>Paikka kalastuspenkille etuheittotasossa<\/li>\n<\/ul>\n","protected":false},"excerpt":{"rendered":"<table>\n<tbody>\n<tr>\n<td>Pituus m<\/td>\n<td>4.65<\/td>\n<\/tr>\n<tr>\n<td>\n<div class=\"vehicle-info-box__vehicle-info\">Leveys,<span style=\"font-family: inherit; font-size: inherit;\">m<\/span><\/div>\n<\/td>\n<td>1.96<\/td>\n<\/tr>\n<tr>\n<td>Paino (pelkk\u00e4 vene),kg<\/td>\n<td>440<\/td>\n<\/tr>\n<tr>\n<td>Moottorisuositus, hp<\/td>\n<td>40-70<\/td>\n<\/tr>\n<tr>\n<td>Maksimi henkil\u00f6m\u00e4\u00e4r\u00e4<\/td>\n<td>4+1<\/td>\n<\/tr>\n<tr>\n<td>Kiinte\u00e4 polttoaines\u00e4ili\u00f6, l<\/td>\n<td>55<\/td>\n<\/tr>\n<\/tbody>\n<\/table>\n","protected":false},"featured_media":105381,"template":"","meta":[],"product_brand":[],"product_cat":[3590],"product_tag":[],"class_list":{"0":"post-105398","1":"product","2":"type-product","3":"status-publish","4":"has-post-thumbnail","6":"product_cat-varastoveneet","7":"product_shipping_class-alumiinium-ja-plastikpaadid-normaal","8":"tm-has-options","10":"first","11":"instock","12":"taxable","13":"shipping-taxable","14":"purchasable","15":"product-type-simple"},"yoast_head":"<!-- This site is optimized with the Yoast SEO plugin v27.2 - https:\/\/yoast.com\/product\/yoast-seo-wordpress\/ -->\n<title>Finval 470 EVO DC- Varastovene - Boat Service Estonia<\/title>\n<meta name=\"robots\" content=\"index, follow, max-snippet:-1, max-image-preview:large, max-video-preview:-1\" \/>\n<link rel=\"canonical\" href=\"https:\/\/boat-service.ee\/fi\/pood\/veneet\/varastoveneet\/finval-470-evo-dc-varastovene\/\" \/>\n<meta property=\"og:locale\" content=\"fi_FI\" \/>\n<meta property=\"og:type\" content=\"article\" \/>\n<meta property=\"og:title\" content=\"Finval 470 EVO DC- Varastovene - Boat Service Estonia\" \/>\n<meta property=\"og:description\" content=\"Pituus m 4.65    Leveys,m 1.96   Paino (pelkk\u00e4 vene),kg 440   Moottorisuositus, hp 40-70   Maksimi henkil\u00f6m\u00e4\u00e4r\u00e4 4+1   Kiinte\u00e4 polttoaines\u00e4ili\u00f6, l 55\" \/>\n<meta property=\"og:url\" content=\"https:\/\/boat-service.ee\/fi\/pood\/veneet\/varastoveneet\/finval-470-evo-dc-varastovene\/\" \/>\n<meta property=\"og:site_name\" content=\"Boat Service Estonia\" \/>\n<meta property=\"article:publisher\" content=\"https:\/\/www.facebook.com\/boatserviceestonia\" \/>\n<meta property=\"article:modified_time\" content=\"2026-04-01T14:30:56+00:00\" \/>\n<meta property=\"og:image\" content=\"https:\/\/boat-service.ee\/wp-content\/uploads\/2024\/09\/189284434.jpg\" \/>\n\t<meta property=\"og:image:width\" content=\"1250\" \/>\n\t<meta property=\"og:image:height\" content=\"938\" \/>\n\t<meta property=\"og:image:type\" content=\"image\/jpeg\" \/>\n<meta name=\"twitter:card\" content=\"summary_large_image\" \/>\n<meta name=\"twitter:label1\" content=\"Arvioitu lukuaika\" \/>\n\t<meta name=\"twitter:data1\" content=\"1 minuutti\" \/>\n<script type=\"application\/ld+json\" class=\"yoast-schema-graph\">{\"@context\":\"https:\/\/schema.org\",\"@graph\":[{\"@type\":\"WebPage\",\"@id\":\"https:\/\/boat-service.ee\/fi\/pood\/veneet\/varastoveneet\/finval-470-evo-dc-varastovene\/\",\"url\":\"https:\/\/boat-service.ee\/fi\/pood\/veneet\/varastoveneet\/finval-470-evo-dc-varastovene\/\",\"name\":\"Finval 470 EVO DC- Varastovene - Boat Service Estonia\",\"isPartOf\":{\"@id\":\"https:\/\/boat-service.ee\/fi\/#website\"},\"primaryImageOfPage\":{\"@id\":\"https:\/\/boat-service.ee\/fi\/pood\/veneet\/varastoveneet\/finval-470-evo-dc-varastovene\/#primaryimage\"},\"image\":{\"@id\":\"https:\/\/boat-service.ee\/fi\/pood\/veneet\/varastoveneet\/finval-470-evo-dc-varastovene\/#primaryimage\"},\"thumbnailUrl\":\"https:\/\/boat-service.ee\/wp-content\/uploads\/2024\/09\/189284434.jpg\",\"datePublished\":\"2024-09-24T09:54:59+00:00\",\"dateModified\":\"2026-04-01T14:30:56+00:00\",\"breadcrumb\":{\"@id\":\"https:\/\/boat-service.ee\/fi\/pood\/veneet\/varastoveneet\/finval-470-evo-dc-varastovene\/#breadcrumb\"},\"inLanguage\":\"fi\",\"potentialAction\":[{\"@type\":\"ReadAction\",\"target\":[\"https:\/\/boat-service.ee\/fi\/pood\/veneet\/varastoveneet\/finval-470-evo-dc-varastovene\/\"]}]},{\"@type\":\"ImageObject\",\"inLanguage\":\"fi\",\"@id\":\"https:\/\/boat-service.ee\/fi\/pood\/veneet\/varastoveneet\/finval-470-evo-dc-varastovene\/#primaryimage\",\"url\":\"https:\/\/boat-service.ee\/wp-content\/uploads\/2024\/09\/189284434.jpg\",\"contentUrl\":\"https:\/\/boat-service.ee\/wp-content\/uploads\/2024\/09\/189284434.jpg\",\"width\":1250,\"height\":938,\"caption\":\"Finval 470 EVO DC laopaat\"},{\"@type\":\"BreadcrumbList\",\"@id\":\"https:\/\/boat-service.ee\/fi\/pood\/veneet\/varastoveneet\/finval-470-evo-dc-varastovene\/#breadcrumb\",\"itemListElement\":[{\"@type\":\"ListItem\",\"position\":1,\"name\":\"Home\",\"item\":\"https:\/\/boat-service.ee\/fi\/\"},{\"@type\":\"ListItem\",\"position\":2,\"name\":\"Pood\",\"item\":\"https:\/\/boat-service.ee\/en\/shop\/\"},{\"@type\":\"ListItem\",\"position\":3,\"name\":\"Finval 470 EVO DC- Varastovene\"}]},{\"@type\":\"WebSite\",\"@id\":\"https:\/\/boat-service.ee\/fi\/#website\",\"url\":\"https:\/\/boat-service.ee\/fi\/\",\"name\":\"Boat Service Estonia\",\"description\":\"Boat Service Estonia - Mootorpaadid, treilerid, mootorid\",\"publisher\":{\"@id\":\"https:\/\/boat-service.ee\/fi\/#organization\"},\"potentialAction\":[{\"@type\":\"SearchAction\",\"target\":{\"@type\":\"EntryPoint\",\"urlTemplate\":\"https:\/\/boat-service.ee\/fi\/?s={search_term_string}\"},\"query-input\":{\"@type\":\"PropertyValueSpecification\",\"valueRequired\":true,\"valueName\":\"search_term_string\"}}],\"inLanguage\":\"fi\"},{\"@type\":\"Organization\",\"@id\":\"https:\/\/boat-service.ee\/fi\/#organization\",\"name\":\"KALASTUSPOOD O\u00dc\",\"url\":\"https:\/\/boat-service.ee\/fi\/\",\"logo\":{\"@type\":\"ImageObject\",\"inLanguage\":\"fi\",\"@id\":\"https:\/\/boat-service.ee\/fi\/#\/schema\/logo\/image\/\",\"url\":\"https:\/\/boat-service.ee\/wp-content\/uploads\/2023\/05\/impLogo.png\",\"contentUrl\":\"https:\/\/boat-service.ee\/wp-content\/uploads\/2023\/05\/impLogo.png\",\"width\":270,\"height\":107,\"caption\":\"KALASTUSPOOD O\u00dc\"},\"image\":{\"@id\":\"https:\/\/boat-service.ee\/fi\/#\/schema\/logo\/image\/\"},\"sameAs\":[\"https:\/\/www.facebook.com\/boatserviceestonia\",\"https:\/\/www.instagram.com\/kalastus_ja_paadipood\/\"]}]}<\/script>\n<!-- \/ Yoast SEO plugin. -->","yoast_head_json":{"title":"Finval 470 EVO DC- Varastovene - Boat Service Estonia","robots":{"index":"index","follow":"follow","max-snippet":"max-snippet:-1","max-image-preview":"max-image-preview:large","max-video-preview":"max-video-preview:-1"},"canonical":"https:\/\/boat-service.ee\/fi\/pood\/veneet\/varastoveneet\/finval-470-evo-dc-varastovene\/","og_locale":"fi_FI","og_type":"article","og_title":"Finval 470 EVO DC- Varastovene - Boat Service Estonia","og_description":"Pituus m 4.65    Leveys,m 1.96   Paino (pelkk\u00e4 vene),kg 440   Moottorisuositus, hp 40-70   Maksimi henkil\u00f6m\u00e4\u00e4r\u00e4 4+1   Kiinte\u00e4 polttoaines\u00e4ili\u00f6, l 55","og_url":"https:\/\/boat-service.ee\/fi\/pood\/veneet\/varastoveneet\/finval-470-evo-dc-varastovene\/","og_site_name":"Boat Service Estonia","article_publisher":"https:\/\/www.facebook.com\/boatserviceestonia","article_modified_time":"2026-04-01T14:30:56+00:00","og_image":[{"width":1250,"height":938,"url":"https:\/\/boat-service.ee\/wp-content\/uploads\/2024\/09\/189284434.jpg","type":"image\/jpeg"}],"twitter_card":"summary_large_image","twitter_misc":{"Arvioitu lukuaika":"1 minuutti"},"schema":{"@context":"https:\/\/schema.org","@graph":[{"@type":"WebPage","@id":"https:\/\/boat-service.ee\/fi\/pood\/veneet\/varastoveneet\/finval-470-evo-dc-varastovene\/","url":"https:\/\/boat-service.ee\/fi\/pood\/veneet\/varastoveneet\/finval-470-evo-dc-varastovene\/","name":"Finval 470 EVO DC- Varastovene - Boat Service Estonia","isPartOf":{"@id":"https:\/\/boat-service.ee\/fi\/#website"},"primaryImageOfPage":{"@id":"https:\/\/boat-service.ee\/fi\/pood\/veneet\/varastoveneet\/finval-470-evo-dc-varastovene\/#primaryimage"},"image":{"@id":"https:\/\/boat-service.ee\/fi\/pood\/veneet\/varastoveneet\/finval-470-evo-dc-varastovene\/#primaryimage"},"thumbnailUrl":"https:\/\/boat-service.ee\/wp-content\/uploads\/2024\/09\/189284434.jpg","datePublished":"2024-09-24T09:54:59+00:00","dateModified":"2026-04-01T14:30:56+00:00","breadcrumb":{"@id":"https:\/\/boat-service.ee\/fi\/pood\/veneet\/varastoveneet\/finval-470-evo-dc-varastovene\/#breadcrumb"},"inLanguage":"fi","potentialAction":[{"@type":"ReadAction","target":["https:\/\/boat-service.ee\/fi\/pood\/veneet\/varastoveneet\/finval-470-evo-dc-varastovene\/"]}]},{"@type":"ImageObject","inLanguage":"fi","@id":"https:\/\/boat-service.ee\/fi\/pood\/veneet\/varastoveneet\/finval-470-evo-dc-varastovene\/#primaryimage","url":"https:\/\/boat-service.ee\/wp-content\/uploads\/2024\/09\/189284434.jpg","contentUrl":"https:\/\/boat-service.ee\/wp-content\/uploads\/2024\/09\/189284434.jpg","width":1250,"height":938,"caption":"Finval 470 EVO DC laopaat"},{"@type":"BreadcrumbList","@id":"https:\/\/boat-service.ee\/fi\/pood\/veneet\/varastoveneet\/finval-470-evo-dc-varastovene\/#breadcrumb","itemListElement":[{"@type":"ListItem","position":1,"name":"Home","item":"https:\/\/boat-service.ee\/fi\/"},{"@type":"ListItem","position":2,"name":"Pood","item":"https:\/\/boat-service.ee\/en\/shop\/"},{"@type":"ListItem","position":3,"name":"Finval 470 EVO DC- Varastovene"}]},{"@type":"WebSite","@id":"https:\/\/boat-service.ee\/fi\/#website","url":"https:\/\/boat-service.ee\/fi\/","name":"Boat Service Estonia","description":"Boat Service Estonia - Mootorpaadid, treilerid, mootorid","publisher":{"@id":"https:\/\/boat-service.ee\/fi\/#organization"},"potentialAction":[{"@type":"SearchAction","target":{"@type":"EntryPoint","urlTemplate":"https:\/\/boat-service.ee\/fi\/?s={search_term_string}"},"query-input":{"@type":"PropertyValueSpecification","valueRequired":true,"valueName":"search_term_string"}}],"inLanguage":"fi"},{"@type":"Organization","@id":"https:\/\/boat-service.ee\/fi\/#organization","name":"KALASTUSPOOD O\u00dc","url":"https:\/\/boat-service.ee\/fi\/","logo":{"@type":"ImageObject","inLanguage":"fi","@id":"https:\/\/boat-service.ee\/fi\/#\/schema\/logo\/image\/","url":"https:\/\/boat-service.ee\/wp-content\/uploads\/2023\/05\/impLogo.png","contentUrl":"https:\/\/boat-service.ee\/wp-content\/uploads\/2023\/05\/impLogo.png","width":270,"height":107,"caption":"KALASTUSPOOD O\u00dc"},"image":{"@id":"https:\/\/boat-service.ee\/fi\/#\/schema\/logo\/image\/"},"sameAs":["https:\/\/www.facebook.com\/boatserviceestonia","https:\/\/www.instagram.com\/kalastus_ja_paadipood\/"]}]}},"_links":{"self":[{"href":"https:\/\/boat-service.ee\/fi\/wp-json\/wp\/v2\/product\/105398","targetHints":{"allow":["GET"]}}],"collection":[{"href":"https:\/\/boat-service.ee\/fi\/wp-json\/wp\/v2\/product"}],"about":[{"href":"https:\/\/boat-service.ee\/fi\/wp-json\/wp\/v2\/types\/product"}],"wp:featuredmedia":[{"embeddable":true,"href":"https:\/\/boat-service.ee\/fi\/wp-json\/wp\/v2\/media\/105381"}],"wp:attachment":[{"href":"https:\/\/boat-service.ee\/fi\/wp-json\/wp\/v2\/media?parent=105398"}],"wp:term":[{"taxonomy":"product_brand","embeddable":true,"href":"https:\/\/boat-service.ee\/fi\/wp-json\/wp\/v2\/product_brand?post=105398"},{"taxonomy":"product_cat","embeddable":true,"href":"https:\/\/boat-service.ee\/fi\/wp-json\/wp\/v2\/product_cat?post=105398"},{"taxonomy":"product_tag","embeddable":true,"href":"https:\/\/boat-service.ee\/fi\/wp-json\/wp\/v2\/product_tag?post=105398"}],"curies":[{"name":"wp","href":"https:\/\/api.w.org\/{rel}","templated":true}]}}