{"id":105363,"date":"2026-03-19T12:37:06","date_gmt":"2026-03-19T10:37:06","guid":{"rendered":"https:\/\/boat-service.ee\/pood\/Ei-luokiteltu\/finval-505-fishpro-varastovene\/"},"modified":"2026-04-01T16:11:06","modified_gmt":"2026-04-01T14:11:06","slug":"finval-505-fishpro-varastovene","status":"publish","type":"product","link":"https:\/\/boat-service.ee\/fi\/pood\/veneet\/varastoveneet\/finval-505-fishpro-varastovene\/","title":{"rendered":"Finval 505 FishPro- Varastovene"},"content":{"rendered":"<p><b data-path-to-node=\"2\" data-index-in-node=\"0\">Finval 505 FishPro<\/b> on yksi luokkansa suosituimmista ja monik\u00e4ytt\u00f6isimmist\u00e4 alumiiniveneist\u00e4. Se on suunniteltu erityisesti kalastajille, jotka arvostavat kest\u00e4vyytt\u00e4, vakautta ja \u00e4lyk\u00e4st\u00e4 tilank\u00e4ytt\u00f6\u00e4. T\u00e4m\u00e4 viisimetrinen vene on tunnettu erinomaisesta aallokkok\u00e4yt\u00f6ksest\u00e4\u00e4n ja turvallisuudestaan jopa suurilla j\u00e4rvill\u00e4 tai rannikkovesill\u00e4.<\/p>\n<p>VAKIOVARUSTEET:<\/p>\n<ul>\n<li>T\u00e4ysin hitsattu alumiinirunko AlMg4,5Mn (5083)<\/li>\n<li>Teipatut kyljet<\/li>\n<li>Raptor\u00ae kulutusta kest\u00e4v\u00e4 pinnoite laidassa, pulpeteissa ja per\u00e4peiliss\u00e4<\/li>\n<li>Kaksi pulpettia, joissa on kulkuikkuna ja k\u00e4yntiovi keskell\u00e4<\/li>\n<li>Etuheittotaso ja kokpitin lattia p\u00e4\u00e4llystetty merivinyylill\u00e4<\/li>\n<li>Takaheittotasossa aukiharjattua venematto<\/li>\n<li>Kiinte\u00e4 polttoaines\u00e4ili\u00f6: 88 L<\/li>\n<li>Vapalaatikko 6 vavalle 2.70 m<\/li>\n<li>Sumppu 110 L<\/li>\n<li>2 premium penkki (kuljettajalle ja matkustajalle)<\/li>\n<li>LED-valaistus pulpetin hansikaslokerossa ja keulatasossa<\/li>\n<li>2x12V virranulostuloa kuljettajan ja matkustajan pulpetissa<\/li>\n<li>RST mukitelineet vasemmalla ja oikealla puolella<\/li>\n<li>Tyhjennysj\u00e4rjestelm\u00e4ll\u00e4 varustetut kuivat s\u00e4ilytyslaatikot<\/li>\n<li>RST knaapit 4 kpl (yl\u00f6snostettava)<\/li>\n<li>Automaattinen pilssipumppu<\/li>\n<li>Ultraflex T73 NRFC mekaaninen ohjausj\u00e4rjestelm\u00e4<\/li>\n<li>Ohjauspy\u00f6r\u00e4 ja kaapeli<\/li>\n<\/ul>\n<p>T\u00e4m\u00e4n veneen lis\u00e4varusteet:<\/p>\n<ul>\n<li>Kuljetuskuomu<\/li>\n<li>Ajokuomu<\/li>\n<li>Heittokalastuspenkki<\/li>\n<li>2 x ilmajousitettua penkin jalka<\/li>\n<li>2 x Ergolux penkki<\/li>\n<li>Uimataso<\/li>\n<li>LED valaistus<\/li>\n<\/ul>\n<p>&nbsp;<\/p>\n<p>&nbsp;<\/p>\n<p>&nbsp;<\/p>\n<p>&nbsp;<\/p>\n<p>&nbsp;<\/p>\n","protected":false},"excerpt":{"rendered":"<table style=\"height: 172px;\" width=\"279\">\n<tbody>\n<tr>\n<td>Pituus, m<\/td>\n<td>5.05<\/td>\n<\/tr>\n<tr>\n<td>Leveys, m<\/td>\n<td>2.10<\/td>\n<\/tr>\n<tr>\n<td>Paino (pelkk\u00e4 vene)<\/td>\n<td>625<\/td>\n<\/tr>\n<tr>\n<td>Moottori, hp<\/td>\n<td>70-115<\/td>\n<\/tr>\n<tr>\n<td>Maksimi henkil\u00f6m\u00e4\u00e4r\u00e4<\/td>\n<td>4+1<\/td>\n<\/tr>\n<tr>\n<td>Kiinte\u00e4 polttoaines\u00e4ili\u00f6, l<\/td>\n<td>88<\/td>\n<\/tr>\n<\/tbody>\n<\/table>\n","protected":false},"featured_media":105350,"template":"","meta":[],"product_brand":[],"product_cat":[3590],"product_tag":[],"class_list":{"0":"post-105363","1":"product","2":"type-product","3":"status-publish","4":"has-post-thumbnail","6":"product_cat-varastoveneet","7":"tm-has-options","9":"first","10":"instock","11":"taxable","12":"shipping-taxable","13":"purchasable","14":"product-type-simple"},"yoast_head":"<!-- This site is optimized with the Yoast SEO plugin v27.2 - https:\/\/yoast.com\/product\/yoast-seo-wordpress\/ -->\n<title>Finval 505 FishPro- Varastovene - Boat Service Estonia<\/title>\n<meta name=\"robots\" content=\"index, follow, max-snippet:-1, max-image-preview:large, max-video-preview:-1\" \/>\n<link rel=\"canonical\" href=\"https:\/\/boat-service.ee\/fi\/pood\/veneet\/varastoveneet\/finval-505-fishpro-varastovene\/\" \/>\n<meta property=\"og:locale\" content=\"fi_FI\" \/>\n<meta property=\"og:type\" content=\"article\" \/>\n<meta property=\"og:title\" content=\"Finval 505 FishPro- Varastovene - Boat Service Estonia\" \/>\n<meta property=\"og:description\" content=\"Pituus, m 5.05   Leveys, m 2.10   Paino (pelkk\u00e4 vene) 625   Moottori, hp 70-115   Maksimi henkil\u00f6m\u00e4\u00e4r\u00e4 4+1   Kiinte\u00e4 polttoaines\u00e4ili\u00f6, l 88\" \/>\n<meta property=\"og:url\" content=\"https:\/\/boat-service.ee\/fi\/pood\/veneet\/varastoveneet\/finval-505-fishpro-varastovene\/\" \/>\n<meta property=\"og:site_name\" content=\"Boat Service Estonia\" \/>\n<meta property=\"article:publisher\" content=\"https:\/\/www.facebook.com\/boatserviceestonia\" \/>\n<meta property=\"article:modified_time\" content=\"2026-04-01T14:11:06+00:00\" \/>\n<meta property=\"og:image\" content=\"https:\/\/boat-service.ee\/wp-content\/uploads\/2026\/03\/Finval-505-FishPro3-1030x773.png\" \/>\n\t<meta property=\"og:image:width\" content=\"1030\" \/>\n\t<meta property=\"og:image:height\" content=\"773\" \/>\n\t<meta property=\"og:image:type\" content=\"image\/png\" \/>\n<meta name=\"twitter:card\" content=\"summary_large_image\" \/>\n<meta name=\"twitter:label1\" content=\"Arvioitu lukuaika\" \/>\n\t<meta name=\"twitter:data1\" content=\"1 minuutti\" \/>\n<script type=\"application\/ld+json\" class=\"yoast-schema-graph\">{\"@context\":\"https:\/\/schema.org\",\"@graph\":[{\"@type\":\"WebPage\",\"@id\":\"https:\/\/boat-service.ee\/fi\/pood\/veneet\/varastoveneet\/finval-505-fishpro-varastovene\/\",\"url\":\"https:\/\/boat-service.ee\/fi\/pood\/veneet\/varastoveneet\/finval-505-fishpro-varastovene\/\",\"name\":\"Finval 505 FishPro- Varastovene - Boat Service Estonia\",\"isPartOf\":{\"@id\":\"https:\/\/boat-service.ee\/fi\/#website\"},\"primaryImageOfPage\":{\"@id\":\"https:\/\/boat-service.ee\/fi\/pood\/veneet\/varastoveneet\/finval-505-fishpro-varastovene\/#primaryimage\"},\"image\":{\"@id\":\"https:\/\/boat-service.ee\/fi\/pood\/veneet\/varastoveneet\/finval-505-fishpro-varastovene\/#primaryimage\"},\"thumbnailUrl\":\"https:\/\/boat-service.ee\/wp-content\/uploads\/2026\/03\/Finval-505-FishPro3.png\",\"datePublished\":\"2026-03-19T10:37:06+00:00\",\"dateModified\":\"2026-04-01T14:11:06+00:00\",\"breadcrumb\":{\"@id\":\"https:\/\/boat-service.ee\/fi\/pood\/veneet\/varastoveneet\/finval-505-fishpro-varastovene\/#breadcrumb\"},\"inLanguage\":\"fi\",\"potentialAction\":[{\"@type\":\"ReadAction\",\"target\":[\"https:\/\/boat-service.ee\/fi\/pood\/veneet\/varastoveneet\/finval-505-fishpro-varastovene\/\"]}]},{\"@type\":\"ImageObject\",\"inLanguage\":\"fi\",\"@id\":\"https:\/\/boat-service.ee\/fi\/pood\/veneet\/varastoveneet\/finval-505-fishpro-varastovene\/#primaryimage\",\"url\":\"https:\/\/boat-service.ee\/wp-content\/uploads\/2026\/03\/Finval-505-FishPro3.png\",\"contentUrl\":\"https:\/\/boat-service.ee\/wp-content\/uploads\/2026\/03\/Finval-505-FishPro3.png\",\"width\":2304,\"height\":1728},{\"@type\":\"BreadcrumbList\",\"@id\":\"https:\/\/boat-service.ee\/fi\/pood\/veneet\/varastoveneet\/finval-505-fishpro-varastovene\/#breadcrumb\",\"itemListElement\":[{\"@type\":\"ListItem\",\"position\":1,\"name\":\"Home\",\"item\":\"https:\/\/boat-service.ee\/fi\/\"},{\"@type\":\"ListItem\",\"position\":2,\"name\":\"Pood\",\"item\":\"https:\/\/boat-service.ee\/en\/shop\/\"},{\"@type\":\"ListItem\",\"position\":3,\"name\":\"Finval 505 FishPro- Varastovene\"}]},{\"@type\":\"WebSite\",\"@id\":\"https:\/\/boat-service.ee\/fi\/#website\",\"url\":\"https:\/\/boat-service.ee\/fi\/\",\"name\":\"Boat Service Estonia\",\"description\":\"Boat Service Estonia - Mootorpaadid, treilerid, mootorid\",\"publisher\":{\"@id\":\"https:\/\/boat-service.ee\/fi\/#organization\"},\"potentialAction\":[{\"@type\":\"SearchAction\",\"target\":{\"@type\":\"EntryPoint\",\"urlTemplate\":\"https:\/\/boat-service.ee\/fi\/?s={search_term_string}\"},\"query-input\":{\"@type\":\"PropertyValueSpecification\",\"valueRequired\":true,\"valueName\":\"search_term_string\"}}],\"inLanguage\":\"fi\"},{\"@type\":\"Organization\",\"@id\":\"https:\/\/boat-service.ee\/fi\/#organization\",\"name\":\"KALASTUSPOOD O\u00dc\",\"url\":\"https:\/\/boat-service.ee\/fi\/\",\"logo\":{\"@type\":\"ImageObject\",\"inLanguage\":\"fi\",\"@id\":\"https:\/\/boat-service.ee\/fi\/#\/schema\/logo\/image\/\",\"url\":\"https:\/\/boat-service.ee\/wp-content\/uploads\/2023\/05\/impLogo.png\",\"contentUrl\":\"https:\/\/boat-service.ee\/wp-content\/uploads\/2023\/05\/impLogo.png\",\"width\":270,\"height\":107,\"caption\":\"KALASTUSPOOD O\u00dc\"},\"image\":{\"@id\":\"https:\/\/boat-service.ee\/fi\/#\/schema\/logo\/image\/\"},\"sameAs\":[\"https:\/\/www.facebook.com\/boatserviceestonia\",\"https:\/\/www.instagram.com\/kalastus_ja_paadipood\/\"]}]}<\/script>\n<!-- \/ Yoast SEO plugin. -->","yoast_head_json":{"title":"Finval 505 FishPro- Varastovene - Boat Service Estonia","robots":{"index":"index","follow":"follow","max-snippet":"max-snippet:-1","max-image-preview":"max-image-preview:large","max-video-preview":"max-video-preview:-1"},"canonical":"https:\/\/boat-service.ee\/fi\/pood\/veneet\/varastoveneet\/finval-505-fishpro-varastovene\/","og_locale":"fi_FI","og_type":"article","og_title":"Finval 505 FishPro- Varastovene - Boat Service Estonia","og_description":"Pituus, m 5.05   Leveys, m 2.10   Paino (pelkk\u00e4 vene) 625   Moottori, hp 70-115   Maksimi henkil\u00f6m\u00e4\u00e4r\u00e4 4+1   Kiinte\u00e4 polttoaines\u00e4ili\u00f6, l 88","og_url":"https:\/\/boat-service.ee\/fi\/pood\/veneet\/varastoveneet\/finval-505-fishpro-varastovene\/","og_site_name":"Boat Service Estonia","article_publisher":"https:\/\/www.facebook.com\/boatserviceestonia","article_modified_time":"2026-04-01T14:11:06+00:00","og_image":[{"width":1030,"height":773,"url":"https:\/\/boat-service.ee\/wp-content\/uploads\/2026\/03\/Finval-505-FishPro3-1030x773.png","type":"image\/png"}],"twitter_card":"summary_large_image","twitter_misc":{"Arvioitu lukuaika":"1 minuutti"},"schema":{"@context":"https:\/\/schema.org","@graph":[{"@type":"WebPage","@id":"https:\/\/boat-service.ee\/fi\/pood\/veneet\/varastoveneet\/finval-505-fishpro-varastovene\/","url":"https:\/\/boat-service.ee\/fi\/pood\/veneet\/varastoveneet\/finval-505-fishpro-varastovene\/","name":"Finval 505 FishPro- Varastovene - Boat Service Estonia","isPartOf":{"@id":"https:\/\/boat-service.ee\/fi\/#website"},"primaryImageOfPage":{"@id":"https:\/\/boat-service.ee\/fi\/pood\/veneet\/varastoveneet\/finval-505-fishpro-varastovene\/#primaryimage"},"image":{"@id":"https:\/\/boat-service.ee\/fi\/pood\/veneet\/varastoveneet\/finval-505-fishpro-varastovene\/#primaryimage"},"thumbnailUrl":"https:\/\/boat-service.ee\/wp-content\/uploads\/2026\/03\/Finval-505-FishPro3.png","datePublished":"2026-03-19T10:37:06+00:00","dateModified":"2026-04-01T14:11:06+00:00","breadcrumb":{"@id":"https:\/\/boat-service.ee\/fi\/pood\/veneet\/varastoveneet\/finval-505-fishpro-varastovene\/#breadcrumb"},"inLanguage":"fi","potentialAction":[{"@type":"ReadAction","target":["https:\/\/boat-service.ee\/fi\/pood\/veneet\/varastoveneet\/finval-505-fishpro-varastovene\/"]}]},{"@type":"ImageObject","inLanguage":"fi","@id":"https:\/\/boat-service.ee\/fi\/pood\/veneet\/varastoveneet\/finval-505-fishpro-varastovene\/#primaryimage","url":"https:\/\/boat-service.ee\/wp-content\/uploads\/2026\/03\/Finval-505-FishPro3.png","contentUrl":"https:\/\/boat-service.ee\/wp-content\/uploads\/2026\/03\/Finval-505-FishPro3.png","width":2304,"height":1728},{"@type":"BreadcrumbList","@id":"https:\/\/boat-service.ee\/fi\/pood\/veneet\/varastoveneet\/finval-505-fishpro-varastovene\/#breadcrumb","itemListElement":[{"@type":"ListItem","position":1,"name":"Home","item":"https:\/\/boat-service.ee\/fi\/"},{"@type":"ListItem","position":2,"name":"Pood","item":"https:\/\/boat-service.ee\/en\/shop\/"},{"@type":"ListItem","position":3,"name":"Finval 505 FishPro- Varastovene"}]},{"@type":"WebSite","@id":"https:\/\/boat-service.ee\/fi\/#website","url":"https:\/\/boat-service.ee\/fi\/","name":"Boat Service Estonia","description":"Boat Service Estonia - Mootorpaadid, treilerid, mootorid","publisher":{"@id":"https:\/\/boat-service.ee\/fi\/#organization"},"potentialAction":[{"@type":"SearchAction","target":{"@type":"EntryPoint","urlTemplate":"https:\/\/boat-service.ee\/fi\/?s={search_term_string}"},"query-input":{"@type":"PropertyValueSpecification","valueRequired":true,"valueName":"search_term_string"}}],"inLanguage":"fi"},{"@type":"Organization","@id":"https:\/\/boat-service.ee\/fi\/#organization","name":"KALASTUSPOOD O\u00dc","url":"https:\/\/boat-service.ee\/fi\/","logo":{"@type":"ImageObject","inLanguage":"fi","@id":"https:\/\/boat-service.ee\/fi\/#\/schema\/logo\/image\/","url":"https:\/\/boat-service.ee\/wp-content\/uploads\/2023\/05\/impLogo.png","contentUrl":"https:\/\/boat-service.ee\/wp-content\/uploads\/2023\/05\/impLogo.png","width":270,"height":107,"caption":"KALASTUSPOOD O\u00dc"},"image":{"@id":"https:\/\/boat-service.ee\/fi\/#\/schema\/logo\/image\/"},"sameAs":["https:\/\/www.facebook.com\/boatserviceestonia","https:\/\/www.instagram.com\/kalastus_ja_paadipood\/"]}]}},"_links":{"self":[{"href":"https:\/\/boat-service.ee\/fi\/wp-json\/wp\/v2\/product\/105363","targetHints":{"allow":["GET"]}}],"collection":[{"href":"https:\/\/boat-service.ee\/fi\/wp-json\/wp\/v2\/product"}],"about":[{"href":"https:\/\/boat-service.ee\/fi\/wp-json\/wp\/v2\/types\/product"}],"wp:featuredmedia":[{"embeddable":true,"href":"https:\/\/boat-service.ee\/fi\/wp-json\/wp\/v2\/media\/105350"}],"wp:attachment":[{"href":"https:\/\/boat-service.ee\/fi\/wp-json\/wp\/v2\/media?parent=105363"}],"wp:term":[{"taxonomy":"product_brand","embeddable":true,"href":"https:\/\/boat-service.ee\/fi\/wp-json\/wp\/v2\/product_brand?post=105363"},{"taxonomy":"product_cat","embeddable":true,"href":"https:\/\/boat-service.ee\/fi\/wp-json\/wp\/v2\/product_cat?post=105363"},{"taxonomy":"product_tag","embeddable":true,"href":"https:\/\/boat-service.ee\/fi\/wp-json\/wp\/v2\/product_tag?post=105363"}],"curies":[{"name":"wp","href":"https:\/\/api.w.org\/{rel}","templated":true}]}}