{"id":105345,"date":"2026-03-19T13:32:07","date_gmt":"2026-03-19T11:32:07","guid":{"rendered":"https:\/\/boat-service.ee\/pood\/Ei-luokiteltu\/finval-540-rangy-bsc-varastovene\/"},"modified":"2026-04-01T14:33:54","modified_gmt":"2026-04-01T12:33:54","slug":"finval-540-rangy-bsc-varastovene","status":"publish","type":"product","link":"https:\/\/boat-service.ee\/fi\/pood\/veneet\/varastoveneet\/finval-540-rangy-bsc-varastovene\/","title":{"rendered":"Finval 540 RANGY BSC- Varastovene"},"content":{"rendered":"<p class=\"remove-all-margins\">Finval Rangy 540 BSC on suunniteltu erityisesti aktiivikalastukseen \u2013 esimerkiksi heittokalastukseen. Rangy 540 BSC sopii hyvin j\u00e4rvi- ja rannikkovesille. Avara kansiratkaisu jossa on paljon tilaa liikkua. S\u00e4ilytystilat ovat runsaat, vavat ja tavarat saa hyvin suojattuihin lokeroihin. Finval Rangy 540 BSC on erinomainen venevaihtoehto sinulle, jos etsit kalastukseen soveltuvaa, mutta my\u00f6s nopeaa ja monipuolista venett\u00e4.<\/p>\n<p>VAKIOVARUSTEET<\/p>\n<ul>\n<li>T\u00e4ysin hitsattu alumiinirunko AlMg4,5Mn (5083), paksuus 3 mm<\/li>\n<li>Teipatut kyljet<\/li>\n<li>Kiinte\u00e4 polttoaines\u00e4ili\u00f6: 100 L<\/li>\n<li>RST knaapit 6 kpl<\/li>\n<li>Keulan ja takaheittotaso aukiharjattua mattoa<\/li>\n<li>Raptor\u00ae kulutusta kest\u00e4v\u00e4 pinnoite laidassa, pulpeteissa ja per\u00e4peiliss\u00e4<\/li>\n<li>Vapalaatikko kekell\u00e4 10 x 2.45<\/li>\n<li>Paikka kalastuspenkille<\/li>\n<li>Keulassa syvennys keulamoottoripolkimelle<\/li>\n<li>Paikka nelj\u00e4lle 2.5 m pitk\u00e4lle vavalle vasemmalla puolella<\/li>\n<li>2 x Ergolux penkki (eteen-taaksep\u00e4in s\u00e4\u00e4t\u00f6)<\/li>\n<li>110 litran kiertovesisumppu LED valoilla ja ajastimella.<\/li>\n<li>LED-valaistus<\/li>\n<li>LED-navigointivalot<\/li>\n<li>Valmius kaikuluotaimen ja keulamoottorin asennusta varten<\/li>\n<li>USB 5V2A pistoke pulpetissa<\/li>\n<li>Automaattinen pilssipumppu<\/li>\n<li>P\u00e4\u00e4kytkin<\/li>\n<\/ul>\n<p class=\"remove-all-margins\">Hintaan sis\u00e4ltyy seuraavat varusteet<\/p>\n<ul>\n<li>EVA pinnoite lattiassa<\/li>\n<li>Kuljetuskuomu<\/li>\n<li>Kalastuspenkki ilmajousilla 2 kpl<\/li>\n<li>Oxygenator Pro<\/li>\n<li>LED valonauha laidan ulko ja sis\u00e4puolella<\/li>\n<li>Painepesuri<\/li>\n<\/ul>\n","protected":false},"excerpt":{"rendered":"<table style=\"height: 213px;\" width=\"294\">\n<tbody>\n<tr>\n<td>Pituus, m<\/td>\n<td>5.40<\/td>\n<\/tr>\n<tr>\n<td>Leveys, m<\/td>\n<td>2.30<\/td>\n<\/tr>\n<tr>\n<td>Paino (pelkk\u00e4 vene), kg<\/td>\n<td>545<\/td>\n<\/tr>\n<tr>\n<td>Moottori, hp<\/td>\n<td>Max 130<\/td>\n<\/tr>\n<tr>\n<td>Maksimi henkil\u00f6m\u00e4\u00e4r\u00e4<\/td>\n<td>4<\/td>\n<\/tr>\n<tr>\n<td>Kiinte\u00e4 polttoaines\u00e4ili\u00f6, l<\/td>\n<td>100<\/td>\n<\/tr>\n<\/tbody>\n<\/table>\n","protected":false},"featured_media":105330,"template":"","meta":[],"product_brand":[],"product_cat":[3590],"product_tag":[],"class_list":{"0":"post-105345","1":"product","2":"type-product","3":"status-publish","4":"has-post-thumbnail","6":"product_cat-varastoveneet","7":"tm-has-options","9":"first","10":"instock","11":"taxable","12":"shipping-taxable","13":"purchasable","14":"product-type-simple"},"yoast_head":"<!-- This site is optimized with the Yoast SEO plugin v27.2 - https:\/\/yoast.com\/product\/yoast-seo-wordpress\/ -->\n<title>Finval 540 RANGY BSC- Varastovene - Boat Service Estonia<\/title>\n<meta name=\"robots\" content=\"index, follow, max-snippet:-1, max-image-preview:large, max-video-preview:-1\" \/>\n<link rel=\"canonical\" href=\"https:\/\/boat-service.ee\/fi\/pood\/veneet\/varastoveneet\/finval-540-rangy-bsc-varastovene\/\" \/>\n<meta property=\"og:locale\" content=\"fi_FI\" \/>\n<meta property=\"og:type\" content=\"article\" \/>\n<meta property=\"og:title\" content=\"Finval 540 RANGY BSC- Varastovene - Boat Service Estonia\" \/>\n<meta property=\"og:description\" content=\"Pituus, m 5.40   Leveys, m 2.30   Paino (pelkk\u00e4 vene), kg 545   Moottori, hp Max 130   Maksimi henkil\u00f6m\u00e4\u00e4r\u00e4 4   Kiinte\u00e4 polttoaines\u00e4ili\u00f6, l 100\" \/>\n<meta property=\"og:url\" content=\"https:\/\/boat-service.ee\/fi\/pood\/veneet\/varastoveneet\/finval-540-rangy-bsc-varastovene\/\" \/>\n<meta property=\"og:site_name\" content=\"Boat Service Estonia\" \/>\n<meta property=\"article:publisher\" content=\"https:\/\/www.facebook.com\/boatserviceestonia\" \/>\n<meta property=\"article:modified_time\" content=\"2026-04-01T12:33:54+00:00\" \/>\n<meta property=\"og:image\" content=\"https:\/\/boat-service.ee\/wp-content\/uploads\/2026\/03\/Finval-540-Rangy-BSC-.jpeg\" \/>\n\t<meta property=\"og:image:width\" content=\"1250\" \/>\n\t<meta property=\"og:image:height\" content=\"937\" \/>\n\t<meta property=\"og:image:type\" content=\"image\/jpeg\" \/>\n<meta name=\"twitter:card\" content=\"summary_large_image\" \/>\n<meta name=\"twitter:label1\" content=\"Arvioitu lukuaika\" \/>\n\t<meta name=\"twitter:data1\" content=\"2 minuuttia\" \/>\n<script type=\"application\/ld+json\" class=\"yoast-schema-graph\">{\"@context\":\"https:\/\/schema.org\",\"@graph\":[{\"@type\":\"WebPage\",\"@id\":\"https:\/\/boat-service.ee\/fi\/pood\/veneet\/varastoveneet\/finval-540-rangy-bsc-varastovene\/\",\"url\":\"https:\/\/boat-service.ee\/fi\/pood\/veneet\/varastoveneet\/finval-540-rangy-bsc-varastovene\/\",\"name\":\"Finval 540 RANGY BSC- Varastovene - Boat Service Estonia\",\"isPartOf\":{\"@id\":\"https:\/\/boat-service.ee\/fi\/#website\"},\"primaryImageOfPage\":{\"@id\":\"https:\/\/boat-service.ee\/fi\/pood\/veneet\/varastoveneet\/finval-540-rangy-bsc-varastovene\/#primaryimage\"},\"image\":{\"@id\":\"https:\/\/boat-service.ee\/fi\/pood\/veneet\/varastoveneet\/finval-540-rangy-bsc-varastovene\/#primaryimage\"},\"thumbnailUrl\":\"https:\/\/boat-service.ee\/wp-content\/uploads\/2026\/03\/Finval-540-Rangy-BSC-.jpeg\",\"datePublished\":\"2026-03-19T11:32:07+00:00\",\"dateModified\":\"2026-04-01T12:33:54+00:00\",\"breadcrumb\":{\"@id\":\"https:\/\/boat-service.ee\/fi\/pood\/veneet\/varastoveneet\/finval-540-rangy-bsc-varastovene\/#breadcrumb\"},\"inLanguage\":\"fi\",\"potentialAction\":[{\"@type\":\"ReadAction\",\"target\":[\"https:\/\/boat-service.ee\/fi\/pood\/veneet\/varastoveneet\/finval-540-rangy-bsc-varastovene\/\"]}]},{\"@type\":\"ImageObject\",\"inLanguage\":\"fi\",\"@id\":\"https:\/\/boat-service.ee\/fi\/pood\/veneet\/varastoveneet\/finval-540-rangy-bsc-varastovene\/#primaryimage\",\"url\":\"https:\/\/boat-service.ee\/wp-content\/uploads\/2026\/03\/Finval-540-Rangy-BSC-.jpeg\",\"contentUrl\":\"https:\/\/boat-service.ee\/wp-content\/uploads\/2026\/03\/Finval-540-Rangy-BSC-.jpeg\",\"width\":1250,\"height\":937},{\"@type\":\"BreadcrumbList\",\"@id\":\"https:\/\/boat-service.ee\/fi\/pood\/veneet\/varastoveneet\/finval-540-rangy-bsc-varastovene\/#breadcrumb\",\"itemListElement\":[{\"@type\":\"ListItem\",\"position\":1,\"name\":\"Home\",\"item\":\"https:\/\/boat-service.ee\/fi\/\"},{\"@type\":\"ListItem\",\"position\":2,\"name\":\"Pood\",\"item\":\"https:\/\/boat-service.ee\/en\/shop\/\"},{\"@type\":\"ListItem\",\"position\":3,\"name\":\"Finval 540 RANGY BSC- Varastovene\"}]},{\"@type\":\"WebSite\",\"@id\":\"https:\/\/boat-service.ee\/fi\/#website\",\"url\":\"https:\/\/boat-service.ee\/fi\/\",\"name\":\"Boat Service Estonia\",\"description\":\"Boat Service Estonia - Mootorpaadid, treilerid, mootorid\",\"publisher\":{\"@id\":\"https:\/\/boat-service.ee\/fi\/#organization\"},\"potentialAction\":[{\"@type\":\"SearchAction\",\"target\":{\"@type\":\"EntryPoint\",\"urlTemplate\":\"https:\/\/boat-service.ee\/fi\/?s={search_term_string}\"},\"query-input\":{\"@type\":\"PropertyValueSpecification\",\"valueRequired\":true,\"valueName\":\"search_term_string\"}}],\"inLanguage\":\"fi\"},{\"@type\":\"Organization\",\"@id\":\"https:\/\/boat-service.ee\/fi\/#organization\",\"name\":\"KALASTUSPOOD O\u00dc\",\"url\":\"https:\/\/boat-service.ee\/fi\/\",\"logo\":{\"@type\":\"ImageObject\",\"inLanguage\":\"fi\",\"@id\":\"https:\/\/boat-service.ee\/fi\/#\/schema\/logo\/image\/\",\"url\":\"https:\/\/boat-service.ee\/wp-content\/uploads\/2023\/05\/impLogo.png\",\"contentUrl\":\"https:\/\/boat-service.ee\/wp-content\/uploads\/2023\/05\/impLogo.png\",\"width\":270,\"height\":107,\"caption\":\"KALASTUSPOOD O\u00dc\"},\"image\":{\"@id\":\"https:\/\/boat-service.ee\/fi\/#\/schema\/logo\/image\/\"},\"sameAs\":[\"https:\/\/www.facebook.com\/boatserviceestonia\",\"https:\/\/www.instagram.com\/kalastus_ja_paadipood\/\"]}]}<\/script>\n<!-- \/ Yoast SEO plugin. -->","yoast_head_json":{"title":"Finval 540 RANGY BSC- Varastovene - Boat Service Estonia","robots":{"index":"index","follow":"follow","max-snippet":"max-snippet:-1","max-image-preview":"max-image-preview:large","max-video-preview":"max-video-preview:-1"},"canonical":"https:\/\/boat-service.ee\/fi\/pood\/veneet\/varastoveneet\/finval-540-rangy-bsc-varastovene\/","og_locale":"fi_FI","og_type":"article","og_title":"Finval 540 RANGY BSC- Varastovene - Boat Service Estonia","og_description":"Pituus, m 5.40   Leveys, m 2.30   Paino (pelkk\u00e4 vene), kg 545   Moottori, hp Max 130   Maksimi henkil\u00f6m\u00e4\u00e4r\u00e4 4   Kiinte\u00e4 polttoaines\u00e4ili\u00f6, l 100","og_url":"https:\/\/boat-service.ee\/fi\/pood\/veneet\/varastoveneet\/finval-540-rangy-bsc-varastovene\/","og_site_name":"Boat Service Estonia","article_publisher":"https:\/\/www.facebook.com\/boatserviceestonia","article_modified_time":"2026-04-01T12:33:54+00:00","og_image":[{"width":1250,"height":937,"url":"https:\/\/boat-service.ee\/wp-content\/uploads\/2026\/03\/Finval-540-Rangy-BSC-.jpeg","type":"image\/jpeg"}],"twitter_card":"summary_large_image","twitter_misc":{"Arvioitu lukuaika":"2 minuuttia"},"schema":{"@context":"https:\/\/schema.org","@graph":[{"@type":"WebPage","@id":"https:\/\/boat-service.ee\/fi\/pood\/veneet\/varastoveneet\/finval-540-rangy-bsc-varastovene\/","url":"https:\/\/boat-service.ee\/fi\/pood\/veneet\/varastoveneet\/finval-540-rangy-bsc-varastovene\/","name":"Finval 540 RANGY BSC- Varastovene - Boat Service Estonia","isPartOf":{"@id":"https:\/\/boat-service.ee\/fi\/#website"},"primaryImageOfPage":{"@id":"https:\/\/boat-service.ee\/fi\/pood\/veneet\/varastoveneet\/finval-540-rangy-bsc-varastovene\/#primaryimage"},"image":{"@id":"https:\/\/boat-service.ee\/fi\/pood\/veneet\/varastoveneet\/finval-540-rangy-bsc-varastovene\/#primaryimage"},"thumbnailUrl":"https:\/\/boat-service.ee\/wp-content\/uploads\/2026\/03\/Finval-540-Rangy-BSC-.jpeg","datePublished":"2026-03-19T11:32:07+00:00","dateModified":"2026-04-01T12:33:54+00:00","breadcrumb":{"@id":"https:\/\/boat-service.ee\/fi\/pood\/veneet\/varastoveneet\/finval-540-rangy-bsc-varastovene\/#breadcrumb"},"inLanguage":"fi","potentialAction":[{"@type":"ReadAction","target":["https:\/\/boat-service.ee\/fi\/pood\/veneet\/varastoveneet\/finval-540-rangy-bsc-varastovene\/"]}]},{"@type":"ImageObject","inLanguage":"fi","@id":"https:\/\/boat-service.ee\/fi\/pood\/veneet\/varastoveneet\/finval-540-rangy-bsc-varastovene\/#primaryimage","url":"https:\/\/boat-service.ee\/wp-content\/uploads\/2026\/03\/Finval-540-Rangy-BSC-.jpeg","contentUrl":"https:\/\/boat-service.ee\/wp-content\/uploads\/2026\/03\/Finval-540-Rangy-BSC-.jpeg","width":1250,"height":937},{"@type":"BreadcrumbList","@id":"https:\/\/boat-service.ee\/fi\/pood\/veneet\/varastoveneet\/finval-540-rangy-bsc-varastovene\/#breadcrumb","itemListElement":[{"@type":"ListItem","position":1,"name":"Home","item":"https:\/\/boat-service.ee\/fi\/"},{"@type":"ListItem","position":2,"name":"Pood","item":"https:\/\/boat-service.ee\/en\/shop\/"},{"@type":"ListItem","position":3,"name":"Finval 540 RANGY BSC- Varastovene"}]},{"@type":"WebSite","@id":"https:\/\/boat-service.ee\/fi\/#website","url":"https:\/\/boat-service.ee\/fi\/","name":"Boat Service Estonia","description":"Boat Service Estonia - Mootorpaadid, treilerid, mootorid","publisher":{"@id":"https:\/\/boat-service.ee\/fi\/#organization"},"potentialAction":[{"@type":"SearchAction","target":{"@type":"EntryPoint","urlTemplate":"https:\/\/boat-service.ee\/fi\/?s={search_term_string}"},"query-input":{"@type":"PropertyValueSpecification","valueRequired":true,"valueName":"search_term_string"}}],"inLanguage":"fi"},{"@type":"Organization","@id":"https:\/\/boat-service.ee\/fi\/#organization","name":"KALASTUSPOOD O\u00dc","url":"https:\/\/boat-service.ee\/fi\/","logo":{"@type":"ImageObject","inLanguage":"fi","@id":"https:\/\/boat-service.ee\/fi\/#\/schema\/logo\/image\/","url":"https:\/\/boat-service.ee\/wp-content\/uploads\/2023\/05\/impLogo.png","contentUrl":"https:\/\/boat-service.ee\/wp-content\/uploads\/2023\/05\/impLogo.png","width":270,"height":107,"caption":"KALASTUSPOOD O\u00dc"},"image":{"@id":"https:\/\/boat-service.ee\/fi\/#\/schema\/logo\/image\/"},"sameAs":["https:\/\/www.facebook.com\/boatserviceestonia","https:\/\/www.instagram.com\/kalastus_ja_paadipood\/"]}]}},"_links":{"self":[{"href":"https:\/\/boat-service.ee\/fi\/wp-json\/wp\/v2\/product\/105345","targetHints":{"allow":["GET"]}}],"collection":[{"href":"https:\/\/boat-service.ee\/fi\/wp-json\/wp\/v2\/product"}],"about":[{"href":"https:\/\/boat-service.ee\/fi\/wp-json\/wp\/v2\/types\/product"}],"wp:featuredmedia":[{"embeddable":true,"href":"https:\/\/boat-service.ee\/fi\/wp-json\/wp\/v2\/media\/105330"}],"wp:attachment":[{"href":"https:\/\/boat-service.ee\/fi\/wp-json\/wp\/v2\/media?parent=105345"}],"wp:term":[{"taxonomy":"product_brand","embeddable":true,"href":"https:\/\/boat-service.ee\/fi\/wp-json\/wp\/v2\/product_brand?post=105345"},{"taxonomy":"product_cat","embeddable":true,"href":"https:\/\/boat-service.ee\/fi\/wp-json\/wp\/v2\/product_cat?post=105345"},{"taxonomy":"product_tag","embeddable":true,"href":"https:\/\/boat-service.ee\/fi\/wp-json\/wp\/v2\/product_tag?post=105345"}],"curies":[{"name":"wp","href":"https:\/\/api.w.org\/{rel}","templated":true}]}}