{"id":105317,"date":"2026-03-23T10:12:12","date_gmt":"2026-03-23T08:12:12","guid":{"rendered":"https:\/\/boat-service.ee\/pood\/Ei-luokiteltu\/victroy-515-open-yamaha-f100-laopaat\/"},"modified":"2026-04-01T13:18:50","modified_gmt":"2026-04-01T11:18:50","slug":"victroy-515-open-yamaha-f100-laopaat","status":"publish","type":"product","link":"https:\/\/boat-service.ee\/fi\/pood\/veneet\/varastoveneet\/victroy-515-open-yamaha-f100-laopaat\/","title":{"rendered":"Victroy 515 Open + Yamaha F100- Varastovene"},"content":{"rendered":"<p data-path-to-node=\"1\">Myyd\u00e4\u00e4n v\u00e4h\u00e4n k\u00e4ytetty Victory 515 Open (ensirekister\u00f6inti 2022).Veneen runko alaosa on valmistettu kest\u00e4v\u00e4st\u00e4 merialumiinista (5083) ja yl\u00e4osa on tyylik\u00e4st\u00e4 lujitemuovia. Yamaha F100 -moottorilla on ajettu vain 38 tuntia, ja viimeisin huolto on tehty kes\u00e4kuussa 2025. Venett\u00e4 on k\u00e4ytetty ainoastaan makeassa vedess\u00e4 ja s\u00e4ilytetty talvet sis\u00e4tiloissa. Respo Multirull 1350 -venetraileri kuuluu pakettiin! Veness\u00e4 on laadukas stereoj\u00e4rjestelm\u00e4 (Hertz-radio, 4 kaiutinta, subwoofer ja vahvistin). Kahden akun j\u00e4rjestelm\u00e4: k\u00e4ynnistysakku + hupiakku (VMF Deep Cycle 12V 125Ah). Mukana tulevat lepuuttajat ja paljon muuta.<\/p>\n<p data-path-to-node=\"3\"><b data-path-to-node=\"3\" data-index-in-node=\"0\">HUOM!<\/b> Uusi Yamaha-moottori on asennettu vuoden 2023 ajokauden alussa (alkuper\u00e4inen moottori oli Yamaha F70AETL).<\/p>\n<p data-path-to-node=\"3\">Hintaan sis\u00e4ltyy seuraava varustus:<\/p>\n<ul>\n<li data-path-to-node=\"3\"><span data-path-to-node=\"8,1,1,0\">Lowrance Reveal 7 -karttaplotteri<\/span><\/li>\n<li data-path-to-node=\"3\">LED-volttimittarit<\/li>\n<li data-path-to-node=\"3\">Navigointivalot<\/li>\n<li data-path-to-node=\"3\">Stereo (USB-liit\u00e4nn\u00e4ll\u00e4), kaiuttimet, \u00e4\u00e4nentoistoj\u00e4rjestelm\u00e4 subwooferilla<\/li>\n<li data-path-to-node=\"3\"><span data-path-to-node=\"8,3,1,0\">Ruostumattomat ter\u00e4skaiteet<\/span><\/li>\n<li data-path-to-node=\"3\">Uimatikkaat<\/li>\n<li data-path-to-node=\"3\">Istuinpehmusteet<\/li>\n<li data-path-to-node=\"3\">Irrotettavat kokpitin matot<\/li>\n<li data-path-to-node=\"3\">Bimini-ajokuomu, kuljetuspeite<\/li>\n<li data-path-to-node=\"3\"><span data-path-to-node=\"8,5,1,0\">Pilssipumppu<\/span><\/li>\n<li data-path-to-node=\"3\">110 litran polttoaines\u00e4ili\u00f6<\/li>\n<li data-path-to-node=\"3\">Maas\u00e4hk\u00f6j\u00e4rjestelm\u00e4<\/li>\n<li data-path-to-node=\"3\">Respo Multirull 1350 -traileri<\/li>\n<\/ul>\n<p>&nbsp;<\/p>\n<p>&nbsp;<\/p>\n<p>&nbsp;<\/p>\n<div class=\"equipment col-1\">\n<p>&nbsp;<\/p>\n<p>&nbsp;<\/p>\n<\/div>\n<div class=\"equipment col-2\">\n<p>&nbsp;<\/p>\n<\/div>\n","protected":false},"excerpt":{"rendered":"<table style=\"height: 172px;\" width=\"306\">\n<tbody>\n<tr>\n<td>Pituus, m<\/td>\n<td>5.20<\/td>\n<\/tr>\n<tr>\n<td>Leveys, m<\/td>\n<td>2.10<\/td>\n<\/tr>\n<tr>\n<td>Paino (pelkk\u00e4 vene), kg<\/td>\n<td>590<\/td>\n<\/tr>\n<tr>\n<td>Moottori, hp<\/td>\n<td>100<\/td>\n<\/tr>\n<tr>\n<td>Maksimi henkil\u00f6m\u00e4\u00e4r\u00e4<\/td>\n<td>5<\/td>\n<\/tr>\n<tr>\n<td>Polttoaines\u00e4ili\u00f6, l<\/td>\n<td>110<\/td>\n<\/tr>\n<\/tbody>\n<\/table>\n<div class=\"tech-data col-2\">\n<h3 class=\"heading full\"><\/h3>\n<\/div>\n","protected":false},"featured_media":105303,"template":"","meta":[],"product_brand":[],"product_cat":[3590],"product_tag":[],"class_list":{"0":"post-105317","1":"product","2":"type-product","3":"status-publish","4":"has-post-thumbnail","6":"product_cat-varastoveneet","7":"tm-has-options","9":"first","10":"instock","11":"taxable","12":"shipping-taxable","13":"purchasable","14":"product-type-simple"},"yoast_head":"<!-- This site is optimized with the Yoast SEO plugin v27.2 - https:\/\/yoast.com\/product\/yoast-seo-wordpress\/ -->\n<title>Victroy 515 Open + Yamaha F100- Varastovene - Boat Service Estonia<\/title>\n<meta name=\"robots\" content=\"index, follow, max-snippet:-1, max-image-preview:large, max-video-preview:-1\" \/>\n<link rel=\"canonical\" href=\"https:\/\/boat-service.ee\/fi\/pood\/veneet\/varastoveneet\/victroy-515-open-yamaha-f100-laopaat\/\" \/>\n<meta property=\"og:locale\" content=\"fi_FI\" \/>\n<meta property=\"og:type\" content=\"article\" \/>\n<meta property=\"og:title\" content=\"Victroy 515 Open + Yamaha F100- Varastovene - Boat Service Estonia\" \/>\n<meta property=\"og:description\" content=\"Pituus, m 5.20   Leveys, m 2.10   Paino (pelkk\u00e4 vene), kg 590   Moottori, hp 100   Maksimi henkil\u00f6m\u00e4\u00e4r\u00e4 5   Polttoaines\u00e4ili\u00f6, l 110\" \/>\n<meta property=\"og:url\" content=\"https:\/\/boat-service.ee\/fi\/pood\/veneet\/varastoveneet\/victroy-515-open-yamaha-f100-laopaat\/\" \/>\n<meta property=\"og:site_name\" content=\"Boat Service Estonia\" \/>\n<meta property=\"article:publisher\" content=\"https:\/\/www.facebook.com\/boatserviceestonia\" \/>\n<meta property=\"article:modified_time\" content=\"2026-04-01T11:18:50+00:00\" \/>\n<meta property=\"og:image\" content=\"https:\/\/boat-service.ee\/wp-content\/uploads\/2026\/03\/Victroy-515-Open.jpg\" \/>\n\t<meta property=\"og:image:width\" content=\"1250\" \/>\n\t<meta property=\"og:image:height\" content=\"938\" \/>\n\t<meta property=\"og:image:type\" content=\"image\/jpeg\" \/>\n<meta name=\"twitter:card\" content=\"summary_large_image\" \/>\n<meta name=\"twitter:label1\" content=\"Arvioitu lukuaika\" \/>\n\t<meta name=\"twitter:data1\" content=\"1 minuutti\" \/>\n<script type=\"application\/ld+json\" class=\"yoast-schema-graph\">{\"@context\":\"https:\/\/schema.org\",\"@graph\":[{\"@type\":\"WebPage\",\"@id\":\"https:\/\/boat-service.ee\/fi\/pood\/veneet\/varastoveneet\/victroy-515-open-yamaha-f100-laopaat\/\",\"url\":\"https:\/\/boat-service.ee\/fi\/pood\/veneet\/varastoveneet\/victroy-515-open-yamaha-f100-laopaat\/\",\"name\":\"Victroy 515 Open + Yamaha F100- Varastovene - Boat Service Estonia\",\"isPartOf\":{\"@id\":\"https:\/\/boat-service.ee\/fi\/#website\"},\"primaryImageOfPage\":{\"@id\":\"https:\/\/boat-service.ee\/fi\/pood\/veneet\/varastoveneet\/victroy-515-open-yamaha-f100-laopaat\/#primaryimage\"},\"image\":{\"@id\":\"https:\/\/boat-service.ee\/fi\/pood\/veneet\/varastoveneet\/victroy-515-open-yamaha-f100-laopaat\/#primaryimage\"},\"thumbnailUrl\":\"https:\/\/boat-service.ee\/wp-content\/uploads\/2026\/03\/Victroy-515-Open.jpg\",\"datePublished\":\"2026-03-23T08:12:12+00:00\",\"dateModified\":\"2026-04-01T11:18:50+00:00\",\"breadcrumb\":{\"@id\":\"https:\/\/boat-service.ee\/fi\/pood\/veneet\/varastoveneet\/victroy-515-open-yamaha-f100-laopaat\/#breadcrumb\"},\"inLanguage\":\"fi\",\"potentialAction\":[{\"@type\":\"ReadAction\",\"target\":[\"https:\/\/boat-service.ee\/fi\/pood\/veneet\/varastoveneet\/victroy-515-open-yamaha-f100-laopaat\/\"]}]},{\"@type\":\"ImageObject\",\"inLanguage\":\"fi\",\"@id\":\"https:\/\/boat-service.ee\/fi\/pood\/veneet\/varastoveneet\/victroy-515-open-yamaha-f100-laopaat\/#primaryimage\",\"url\":\"https:\/\/boat-service.ee\/wp-content\/uploads\/2026\/03\/Victroy-515-Open.jpg\",\"contentUrl\":\"https:\/\/boat-service.ee\/wp-content\/uploads\/2026\/03\/Victroy-515-Open.jpg\",\"width\":1250,\"height\":938},{\"@type\":\"BreadcrumbList\",\"@id\":\"https:\/\/boat-service.ee\/fi\/pood\/veneet\/varastoveneet\/victroy-515-open-yamaha-f100-laopaat\/#breadcrumb\",\"itemListElement\":[{\"@type\":\"ListItem\",\"position\":1,\"name\":\"Home\",\"item\":\"https:\/\/boat-service.ee\/fi\/\"},{\"@type\":\"ListItem\",\"position\":2,\"name\":\"Pood\",\"item\":\"https:\/\/boat-service.ee\/en\/shop\/\"},{\"@type\":\"ListItem\",\"position\":3,\"name\":\"Victroy 515 Open + Yamaha F100- Varastovene\"}]},{\"@type\":\"WebSite\",\"@id\":\"https:\/\/boat-service.ee\/fi\/#website\",\"url\":\"https:\/\/boat-service.ee\/fi\/\",\"name\":\"Boat Service Estonia\",\"description\":\"Boat Service Estonia - Mootorpaadid, treilerid, mootorid\",\"publisher\":{\"@id\":\"https:\/\/boat-service.ee\/fi\/#organization\"},\"potentialAction\":[{\"@type\":\"SearchAction\",\"target\":{\"@type\":\"EntryPoint\",\"urlTemplate\":\"https:\/\/boat-service.ee\/fi\/?s={search_term_string}\"},\"query-input\":{\"@type\":\"PropertyValueSpecification\",\"valueRequired\":true,\"valueName\":\"search_term_string\"}}],\"inLanguage\":\"fi\"},{\"@type\":\"Organization\",\"@id\":\"https:\/\/boat-service.ee\/fi\/#organization\",\"name\":\"KALASTUSPOOD O\u00dc\",\"url\":\"https:\/\/boat-service.ee\/fi\/\",\"logo\":{\"@type\":\"ImageObject\",\"inLanguage\":\"fi\",\"@id\":\"https:\/\/boat-service.ee\/fi\/#\/schema\/logo\/image\/\",\"url\":\"https:\/\/boat-service.ee\/wp-content\/uploads\/2023\/05\/impLogo.png\",\"contentUrl\":\"https:\/\/boat-service.ee\/wp-content\/uploads\/2023\/05\/impLogo.png\",\"width\":270,\"height\":107,\"caption\":\"KALASTUSPOOD O\u00dc\"},\"image\":{\"@id\":\"https:\/\/boat-service.ee\/fi\/#\/schema\/logo\/image\/\"},\"sameAs\":[\"https:\/\/www.facebook.com\/boatserviceestonia\",\"https:\/\/www.instagram.com\/kalastus_ja_paadipood\/\"]}]}<\/script>\n<!-- \/ Yoast SEO plugin. -->","yoast_head_json":{"title":"Victroy 515 Open + Yamaha F100- Varastovene - Boat Service Estonia","robots":{"index":"index","follow":"follow","max-snippet":"max-snippet:-1","max-image-preview":"max-image-preview:large","max-video-preview":"max-video-preview:-1"},"canonical":"https:\/\/boat-service.ee\/fi\/pood\/veneet\/varastoveneet\/victroy-515-open-yamaha-f100-laopaat\/","og_locale":"fi_FI","og_type":"article","og_title":"Victroy 515 Open + Yamaha F100- Varastovene - Boat Service Estonia","og_description":"Pituus, m 5.20   Leveys, m 2.10   Paino (pelkk\u00e4 vene), kg 590   Moottori, hp 100   Maksimi henkil\u00f6m\u00e4\u00e4r\u00e4 5   Polttoaines\u00e4ili\u00f6, l 110","og_url":"https:\/\/boat-service.ee\/fi\/pood\/veneet\/varastoveneet\/victroy-515-open-yamaha-f100-laopaat\/","og_site_name":"Boat Service Estonia","article_publisher":"https:\/\/www.facebook.com\/boatserviceestonia","article_modified_time":"2026-04-01T11:18:50+00:00","og_image":[{"width":1250,"height":938,"url":"https:\/\/boat-service.ee\/wp-content\/uploads\/2026\/03\/Victroy-515-Open.jpg","type":"image\/jpeg"}],"twitter_card":"summary_large_image","twitter_misc":{"Arvioitu lukuaika":"1 minuutti"},"schema":{"@context":"https:\/\/schema.org","@graph":[{"@type":"WebPage","@id":"https:\/\/boat-service.ee\/fi\/pood\/veneet\/varastoveneet\/victroy-515-open-yamaha-f100-laopaat\/","url":"https:\/\/boat-service.ee\/fi\/pood\/veneet\/varastoveneet\/victroy-515-open-yamaha-f100-laopaat\/","name":"Victroy 515 Open + Yamaha F100- Varastovene - Boat Service Estonia","isPartOf":{"@id":"https:\/\/boat-service.ee\/fi\/#website"},"primaryImageOfPage":{"@id":"https:\/\/boat-service.ee\/fi\/pood\/veneet\/varastoveneet\/victroy-515-open-yamaha-f100-laopaat\/#primaryimage"},"image":{"@id":"https:\/\/boat-service.ee\/fi\/pood\/veneet\/varastoveneet\/victroy-515-open-yamaha-f100-laopaat\/#primaryimage"},"thumbnailUrl":"https:\/\/boat-service.ee\/wp-content\/uploads\/2026\/03\/Victroy-515-Open.jpg","datePublished":"2026-03-23T08:12:12+00:00","dateModified":"2026-04-01T11:18:50+00:00","breadcrumb":{"@id":"https:\/\/boat-service.ee\/fi\/pood\/veneet\/varastoveneet\/victroy-515-open-yamaha-f100-laopaat\/#breadcrumb"},"inLanguage":"fi","potentialAction":[{"@type":"ReadAction","target":["https:\/\/boat-service.ee\/fi\/pood\/veneet\/varastoveneet\/victroy-515-open-yamaha-f100-laopaat\/"]}]},{"@type":"ImageObject","inLanguage":"fi","@id":"https:\/\/boat-service.ee\/fi\/pood\/veneet\/varastoveneet\/victroy-515-open-yamaha-f100-laopaat\/#primaryimage","url":"https:\/\/boat-service.ee\/wp-content\/uploads\/2026\/03\/Victroy-515-Open.jpg","contentUrl":"https:\/\/boat-service.ee\/wp-content\/uploads\/2026\/03\/Victroy-515-Open.jpg","width":1250,"height":938},{"@type":"BreadcrumbList","@id":"https:\/\/boat-service.ee\/fi\/pood\/veneet\/varastoveneet\/victroy-515-open-yamaha-f100-laopaat\/#breadcrumb","itemListElement":[{"@type":"ListItem","position":1,"name":"Home","item":"https:\/\/boat-service.ee\/fi\/"},{"@type":"ListItem","position":2,"name":"Pood","item":"https:\/\/boat-service.ee\/en\/shop\/"},{"@type":"ListItem","position":3,"name":"Victroy 515 Open + Yamaha F100- Varastovene"}]},{"@type":"WebSite","@id":"https:\/\/boat-service.ee\/fi\/#website","url":"https:\/\/boat-service.ee\/fi\/","name":"Boat Service Estonia","description":"Boat Service Estonia - Mootorpaadid, treilerid, mootorid","publisher":{"@id":"https:\/\/boat-service.ee\/fi\/#organization"},"potentialAction":[{"@type":"SearchAction","target":{"@type":"EntryPoint","urlTemplate":"https:\/\/boat-service.ee\/fi\/?s={search_term_string}"},"query-input":{"@type":"PropertyValueSpecification","valueRequired":true,"valueName":"search_term_string"}}],"inLanguage":"fi"},{"@type":"Organization","@id":"https:\/\/boat-service.ee\/fi\/#organization","name":"KALASTUSPOOD O\u00dc","url":"https:\/\/boat-service.ee\/fi\/","logo":{"@type":"ImageObject","inLanguage":"fi","@id":"https:\/\/boat-service.ee\/fi\/#\/schema\/logo\/image\/","url":"https:\/\/boat-service.ee\/wp-content\/uploads\/2023\/05\/impLogo.png","contentUrl":"https:\/\/boat-service.ee\/wp-content\/uploads\/2023\/05\/impLogo.png","width":270,"height":107,"caption":"KALASTUSPOOD O\u00dc"},"image":{"@id":"https:\/\/boat-service.ee\/fi\/#\/schema\/logo\/image\/"},"sameAs":["https:\/\/www.facebook.com\/boatserviceestonia","https:\/\/www.instagram.com\/kalastus_ja_paadipood\/"]}]}},"_links":{"self":[{"href":"https:\/\/boat-service.ee\/fi\/wp-json\/wp\/v2\/product\/105317","targetHints":{"allow":["GET"]}}],"collection":[{"href":"https:\/\/boat-service.ee\/fi\/wp-json\/wp\/v2\/product"}],"about":[{"href":"https:\/\/boat-service.ee\/fi\/wp-json\/wp\/v2\/types\/product"}],"wp:featuredmedia":[{"embeddable":true,"href":"https:\/\/boat-service.ee\/fi\/wp-json\/wp\/v2\/media\/105303"}],"wp:attachment":[{"href":"https:\/\/boat-service.ee\/fi\/wp-json\/wp\/v2\/media?parent=105317"}],"wp:term":[{"taxonomy":"product_brand","embeddable":true,"href":"https:\/\/boat-service.ee\/fi\/wp-json\/wp\/v2\/product_brand?post=105317"},{"taxonomy":"product_cat","embeddable":true,"href":"https:\/\/boat-service.ee\/fi\/wp-json\/wp\/v2\/product_cat?post=105317"},{"taxonomy":"product_tag","embeddable":true,"href":"https:\/\/boat-service.ee\/fi\/wp-json\/wp\/v2\/product_tag?post=105317"}],"curies":[{"name":"wp","href":"https:\/\/api.w.org\/{rel}","templated":true}]}}