{"id":105301,"date":"2026-03-23T11:38:21","date_gmt":"2026-03-23T09:38:21","guid":{"rendered":"https:\/\/boat-service.ee\/pood\/Ei-luokiteltu\/quicksilver-active-755-weekend-4-6-v8-varastovene\/"},"modified":"2026-04-01T12:55:50","modified_gmt":"2026-04-01T10:55:50","slug":"quicksilver-active-755-weekend-4-6-v8-varastovene","status":"publish","type":"product","link":"https:\/\/boat-service.ee\/fi\/pood\/veneet\/varastoveneet\/quicksilver-active-755-weekend-4-6-v8-varastovene\/","title":{"rendered":"Quicksilver Active 755 Weekend 4.6 V8- Varastovene"},"content":{"rendered":"<p>Quicksilver Activ 755 Weekend on tilava ja eritt\u00e4in yksil\u00f6llisesti varusteltu vene. Se on suunniteltu vesill\u00e4oloa varten ja muuttaa jokaisen matkan nautinnolliseksi lomaksi. Veneen ominaisuudet mahdollistavat rentoutumisen ja lomasta nauttimisen parhaalla mahdollisella tavalla. Suuri aurinkosalonki per\u00e4ss\u00e4, aurinkotaso keulakannella, sohva ohjaamossa ja kaksi erillist\u00e4 makuuhytti, jotka tarjoavat rauhaa ja mukavuutta.<\/p>\n<p>T\u00e4t\u00e4 alusta on mahdollista kuljettaa trailerilla laillisesti, kun k\u00e4ytet\u00e4\u00e4n leve\u00e4n kuljetuksen merkint\u00f6j\u00e4. Vene painaa tyhjill\u00e4 tankeilla noin 2500 kg.<\/p>\n<p>Varastovene hinta sis\u00e4lt\u00e4\u00e4 seuraavat varusteet:<\/p>\n<ul data-path-to-node=\"2\">\n<li>\n<p data-path-to-node=\"2,0,0\">Ohjaustehostimella varustettu ohjausj\u00e4rjestelm\u00e4<\/p>\n<\/li>\n<li>\n<p data-path-to-node=\"2,1,0\">Pidennetyt uimatasot<\/p>\n<\/li>\n<li>\n<p data-path-to-node=\"2,2,0\">SMART PACK -varustepaketti<\/p>\n<\/li>\n<li>\n<p data-path-to-node=\"2,3,0\">S\u00e4hk\u00f6inen ankkurivintturi<\/p>\n<\/li>\n<li>\n<p data-path-to-node=\"2,4,0\">Lazer-lis\u00e4valo<\/p>\n<\/li>\n<li>\n<p data-path-to-node=\"2,5,0\">Hella Marine APELO -vedenalaiset valot (sininen\/valge)<\/p>\n<\/li>\n<li>\n<p data-path-to-node=\"2,6,0\">Hyttil\u00e4mmitin (diesel)<\/p>\n<\/li>\n<li>\n<p data-path-to-node=\"2,7,0\">Keulapotkuri<\/p>\n<\/li>\n<li>\n<p data-path-to-node=\"2,8,0\">Per\u00e4kannen bimini-kuomu irrotettavilla sivuilla<\/p>\n<\/li>\n<li>\n<p data-path-to-node=\"2,9,0\">Mittatilausty\u00f6n\u00e4 tehty lis\u00e4vetoketju bimini-kuomuun keulakannelle kulkua varten<\/p>\n<\/li>\n<li>\n<p data-path-to-node=\"2,10,0\">Mittatilausty\u00f6n\u00e4 tehty suojapeite keulan pehmusteille<\/p>\n<\/li>\n<li>\n<p data-path-to-node=\"2,11,0\">Ruskea U-Dek-pinnoite per\u00e4kannella (Made in New Zealand)<\/p>\n<\/li>\n<li>\n<p data-path-to-node=\"2,12,0\">Flexiteek-p\u00f6yt\u00e4<\/p>\n<\/li>\n<li>\n<p data-path-to-node=\"2,13,0\">2x40W aurinkopaneelit, MPPT-s\u00e4\u00e4din<\/p>\n<\/li>\n<li>\n<p data-path-to-node=\"2,14,0\">Mercury ACTIVE TRIM<\/p>\n<\/li>\n<li>\n<p data-path-to-node=\"2,15,0\">Keitti\u00f6moduuli kaasuliedell\u00e4 ja pesualtaalla<\/p>\n<\/li>\n<li>\n<p data-path-to-node=\"2,16,0\">J\u00e4\u00e4kaappi 51L + pakastelokero 3,6L (40W)<\/p>\n<\/li>\n<li>\n<p data-path-to-node=\"2,17,0\">80L makeavesis\u00e4ili\u00f6 + kansisuihku<\/p>\n<\/li>\n<li>\n<p data-path-to-node=\"2,18,0\">Vesi-WC septitankilla<\/p>\n<\/li>\n<li>\n<p data-path-to-node=\"2,19,0\">Procaster 24&#8221; Android TV<\/p>\n<\/li>\n<li>\n<p data-path-to-node=\"2,20,0\">Polttoaine- ja makeavesis\u00e4ili\u00f6n tasomittaukset (prosentteina) integroitu Mercury-mittaristoon<\/p>\n<\/li>\n<li>\n<p data-path-to-node=\"2,21,0\">Lenco-s\u00e4hk\u00f6trimmit (asennonosoittimilla)<\/p>\n<\/li>\n<li>\n<p data-path-to-node=\"2,22,0\">Simrad NSS9 -karttaplotteri (moottoritiedot n\u00e4yt\u00f6ll\u00e4 NMEA-yhteyden kautta)<\/p>\n<\/li>\n<li>\n<p data-path-to-node=\"2,23,0\">NAVIONICS G3 GULFS OF FINLAND AND RIGA, HXEU 050R -merikartta<\/p>\n<\/li>\n<li>\n<p data-path-to-node=\"2,24,0\">Fusion-\u00e4\u00e4nentoistoj\u00e4rjestelm\u00e4: 6 kaiutinta + 400W subwoofer (kaiuttimien suuntaus s\u00e4\u00e4dett\u00e4viss\u00e4 painikkeella)<\/p>\n<\/li>\n<li>\n<p data-path-to-node=\"2,25,0\">Langaton puhelimen laturi (15W)<\/p>\n<\/li>\n<li>\n<p data-path-to-node=\"2,26,0\">Maavirtaj\u00e4rjestelm\u00e4 + 230V pistokkeet hytiss\u00e4<\/p>\n<\/li>\n<li>\n<p data-path-to-node=\"2,27,0\">4x12V (15A) + 6x USB (2,4A) pistokkeet<\/p>\n<\/li>\n<li>\n<p data-path-to-node=\"2,28,0\">Mercury V250 AMS DTS VERADO (4,6 V8) -per\u00e4moottori (ajettu 31 tuntia)<\/p>\n<\/li>\n<li>\n<p data-path-to-node=\"2,29,0\">BEMA TITAN -moottorilukko<\/p>\n<\/li>\n<li>\n<p data-path-to-node=\"2,30,0\">3x Yuasa Active Marine -akut, asennus, PDI (luovutustarkastus) ja takuun rekister\u00f6inti<\/p>\n<\/li>\n<\/ul>\n<p data-path-to-node=\"4\"><b data-path-to-node=\"4\" data-index-in-node=\"0\">Vakiovarusteet sis\u00e4lt\u00e4v\u00e4t:<\/b><\/p>\n<ul data-path-to-node=\"5\">\n<li>\n<p data-path-to-node=\"5,0,0\">Ankkurirulla * Uimatikkaat * Kulkuvalot * Ankkuriboksi keulassa * Itsethjentyv\u00e4 avotila * Vapatelineet * Uimatasot * LED-sis\u00e4valot * 12V virranulosotto * Smartcraft-mittaristo (nopeus\/kierrosluku) * Per\u00e4kannen L-sohva * Istuinten pehmusteet * Per\u00e4kannen p\u00f6yt\u00e4 * Kansisuihku * Keulahytin vuode * Keulahytin kattoluukku * Hytin p\u00f6yt\u00e4 * S\u00e4ilytystilaa istuinten alla * Pesuallas hanalla * Kolmen akun j\u00e4rjestelm\u00e4 * CO-monitori (h\u00e4k\u00e4varoitin) * Savuilmaisin * Sammutin * Hydraulinen ohjausj\u00e4rjestelm\u00e4 * 2x s\u00e4hk\u00f6inen ja manuaalinen pilssipumppu * Tuulilasinpyyhkij\u00e4t + lasinpesuj\u00e4rjestelm\u00e4<\/p>\n<\/li>\n<\/ul>\n<p data-path-to-node=\"7\"><b data-path-to-node=\"7\" data-index-in-node=\"0\">SMART PACK sis\u00e4lt\u00e4\u00e4:<\/b><\/p>\n<ul data-path-to-node=\"8\">\n<li>\n<p data-path-to-node=\"8,0,0\">Avotilan aurinkotaso * Keulakannen pehmusteet * Per\u00e4kannen valaistus * Verhot hyttiin * Hytin kattoluukku * J\u00e4\u00e4kaappi * Kiinnityssarja * S\u00e4hk\u00f6inen keula-ankkuri * Merivesi-WC\u00a0 * Trimmilevyt * Maavirtaj\u00e4rjestelm\u00e4 * S\u00e4\u00e4dett\u00e4v\u00e4 L-sohvan selk\u00e4noja * Kaasuliesi<\/p>\n<\/li>\n<\/ul>\n<p data-path-to-node=\"10\">Tutustu Quicksilver-venemallistoon valmistajan virallisilla kotisivuilla ja pyyd\u00e4 tarjous: <a class=\"ng-star-inserted\" href=\"https:\/\/www.quicksilver-boats.com\/int\/en\" target=\"_blank\" rel=\"noopener\" data-hveid=\"0\" data-ved=\"0CAAQ_4QMahcKEwjM-tLonMyTAxUAAAAAHQAAAAAQcg\">https:\/\/www.quicksilver-boats.com\/int\/en<\/a><\/p>\n<p data-path-to-node=\"11\">Laaja mallivalikoima saatavilla heti Portugalin tehtaalta. Sovi esittelyaika puh. +372 59 123 523.<\/p>\n<p>&nbsp;<\/p>\n","protected":false},"excerpt":{"rendered":"<div class=\"product-short-description\">\n<table style=\"height: 171px;\" width=\"367\">\n<tbody>\n<tr>\n<td>Pituus, m<\/td>\n<td>7.76<\/td>\n<\/tr>\n<tr>\n<td>Leveys, m<\/td>\n<td>2.85<\/td>\n<\/tr>\n<tr>\n<td>Paino: (pelkk\u00e4 vene), kg<\/td>\n<td>2485<\/td>\n<\/tr>\n<tr>\n<td>Moottori Mercury V250 AMS DTS VERADO<\/td>\n<td>4.6L V8<\/td>\n<\/tr>\n<tr>\n<td>Maksimi henkil\u00f6m\u00e4\u00e4r\u00e4<\/td>\n<td>9<\/td>\n<\/tr>\n<tr>\n<td>Polttoaines\u00e4ili\u00f6 l<\/td>\n<td>300<\/td>\n<\/tr>\n<\/tbody>\n<\/table>\n<\/div>\n","protected":false},"featured_media":105291,"template":"","meta":[],"product_brand":[],"product_cat":[3590],"product_tag":[],"class_list":{"0":"post-105301","1":"product","2":"type-product","3":"status-publish","4":"has-post-thumbnail","6":"product_cat-varastoveneet","7":"tm-has-options","9":"first","10":"instock","11":"sale","12":"taxable","13":"shipping-taxable","14":"purchasable","15":"product-type-simple"},"yoast_head":"<!-- This site is optimized with the Yoast SEO plugin v27.2 - https:\/\/yoast.com\/product\/yoast-seo-wordpress\/ -->\n<title>Quicksilver Active 755 Weekend 4.6 V8- Varastovene - Boat Service Estonia<\/title>\n<meta name=\"robots\" content=\"index, follow, max-snippet:-1, max-image-preview:large, max-video-preview:-1\" \/>\n<link rel=\"canonical\" href=\"https:\/\/boat-service.ee\/fi\/pood\/veneet\/varastoveneet\/quicksilver-active-755-weekend-4-6-v8-varastovene\/\" \/>\n<meta property=\"og:locale\" content=\"fi_FI\" \/>\n<meta property=\"og:type\" content=\"article\" \/>\n<meta property=\"og:title\" content=\"Quicksilver Active 755 Weekend 4.6 V8- Varastovene - Boat Service Estonia\" \/>\n<meta property=\"og:description\" content=\"Pituus, m 7.76   Leveys, m 2.85   Paino: (pelkk\u00e4 vene), kg 2485   Moottori Mercury V250 AMS DTS VERADO 4.6L V8   Maksimi henkil\u00f6m\u00e4\u00e4r\u00e4 9   Polttoaines\u00e4ili\u00f6 l 300\" \/>\n<meta property=\"og:url\" content=\"https:\/\/boat-service.ee\/fi\/pood\/veneet\/varastoveneet\/quicksilver-active-755-weekend-4-6-v8-varastovene\/\" \/>\n<meta property=\"og:site_name\" content=\"Boat Service Estonia\" \/>\n<meta property=\"article:publisher\" content=\"https:\/\/www.facebook.com\/boatserviceestonia\" \/>\n<meta property=\"article:modified_time\" content=\"2026-04-01T10:55:50+00:00\" \/>\n<meta property=\"og:image\" content=\"https:\/\/boat-service.ee\/wp-content\/uploads\/2026\/03\/235a9c7f-d760-486c-9ad4-2cab305dde54.jpeg\" \/>\n\t<meta property=\"og:image:width\" content=\"1600\" \/>\n\t<meta property=\"og:image:height\" content=\"1200\" \/>\n\t<meta property=\"og:image:type\" content=\"image\/jpeg\" \/>\n<meta name=\"twitter:card\" content=\"summary_large_image\" \/>\n<meta name=\"twitter:label1\" content=\"Arvioitu lukuaika\" \/>\n\t<meta name=\"twitter:data1\" content=\"3 minuuttia\" \/>\n<script type=\"application\/ld+json\" class=\"yoast-schema-graph\">{\"@context\":\"https:\/\/schema.org\",\"@graph\":[{\"@type\":\"WebPage\",\"@id\":\"https:\/\/boat-service.ee\/fi\/pood\/veneet\/varastoveneet\/quicksilver-active-755-weekend-4-6-v8-varastovene\/\",\"url\":\"https:\/\/boat-service.ee\/fi\/pood\/veneet\/varastoveneet\/quicksilver-active-755-weekend-4-6-v8-varastovene\/\",\"name\":\"Quicksilver Active 755 Weekend 4.6 V8- Varastovene - Boat Service Estonia\",\"isPartOf\":{\"@id\":\"https:\/\/boat-service.ee\/fi\/#website\"},\"primaryImageOfPage\":{\"@id\":\"https:\/\/boat-service.ee\/fi\/pood\/veneet\/varastoveneet\/quicksilver-active-755-weekend-4-6-v8-varastovene\/#primaryimage\"},\"image\":{\"@id\":\"https:\/\/boat-service.ee\/fi\/pood\/veneet\/varastoveneet\/quicksilver-active-755-weekend-4-6-v8-varastovene\/#primaryimage\"},\"thumbnailUrl\":\"https:\/\/boat-service.ee\/wp-content\/uploads\/2026\/03\/235a9c7f-d760-486c-9ad4-2cab305dde54.jpeg\",\"datePublished\":\"2026-03-23T09:38:21+00:00\",\"dateModified\":\"2026-04-01T10:55:50+00:00\",\"breadcrumb\":{\"@id\":\"https:\/\/boat-service.ee\/fi\/pood\/veneet\/varastoveneet\/quicksilver-active-755-weekend-4-6-v8-varastovene\/#breadcrumb\"},\"inLanguage\":\"fi\",\"potentialAction\":[{\"@type\":\"ReadAction\",\"target\":[\"https:\/\/boat-service.ee\/fi\/pood\/veneet\/varastoveneet\/quicksilver-active-755-weekend-4-6-v8-varastovene\/\"]}]},{\"@type\":\"ImageObject\",\"inLanguage\":\"fi\",\"@id\":\"https:\/\/boat-service.ee\/fi\/pood\/veneet\/varastoveneet\/quicksilver-active-755-weekend-4-6-v8-varastovene\/#primaryimage\",\"url\":\"https:\/\/boat-service.ee\/wp-content\/uploads\/2026\/03\/235a9c7f-d760-486c-9ad4-2cab305dde54.jpeg\",\"contentUrl\":\"https:\/\/boat-service.ee\/wp-content\/uploads\/2026\/03\/235a9c7f-d760-486c-9ad4-2cab305dde54.jpeg\",\"width\":1600,\"height\":1200},{\"@type\":\"BreadcrumbList\",\"@id\":\"https:\/\/boat-service.ee\/fi\/pood\/veneet\/varastoveneet\/quicksilver-active-755-weekend-4-6-v8-varastovene\/#breadcrumb\",\"itemListElement\":[{\"@type\":\"ListItem\",\"position\":1,\"name\":\"Home\",\"item\":\"https:\/\/boat-service.ee\/fi\/\"},{\"@type\":\"ListItem\",\"position\":2,\"name\":\"Pood\",\"item\":\"https:\/\/boat-service.ee\/en\/shop\/\"},{\"@type\":\"ListItem\",\"position\":3,\"name\":\"Quicksilver Active 755 Weekend 4.6 V8- Varastovene\"}]},{\"@type\":\"WebSite\",\"@id\":\"https:\/\/boat-service.ee\/fi\/#website\",\"url\":\"https:\/\/boat-service.ee\/fi\/\",\"name\":\"Boat Service Estonia\",\"description\":\"Boat Service Estonia - Mootorpaadid, treilerid, mootorid\",\"publisher\":{\"@id\":\"https:\/\/boat-service.ee\/fi\/#organization\"},\"potentialAction\":[{\"@type\":\"SearchAction\",\"target\":{\"@type\":\"EntryPoint\",\"urlTemplate\":\"https:\/\/boat-service.ee\/fi\/?s={search_term_string}\"},\"query-input\":{\"@type\":\"PropertyValueSpecification\",\"valueRequired\":true,\"valueName\":\"search_term_string\"}}],\"inLanguage\":\"fi\"},{\"@type\":\"Organization\",\"@id\":\"https:\/\/boat-service.ee\/fi\/#organization\",\"name\":\"KALASTUSPOOD O\u00dc\",\"url\":\"https:\/\/boat-service.ee\/fi\/\",\"logo\":{\"@type\":\"ImageObject\",\"inLanguage\":\"fi\",\"@id\":\"https:\/\/boat-service.ee\/fi\/#\/schema\/logo\/image\/\",\"url\":\"https:\/\/boat-service.ee\/wp-content\/uploads\/2023\/05\/impLogo.png\",\"contentUrl\":\"https:\/\/boat-service.ee\/wp-content\/uploads\/2023\/05\/impLogo.png\",\"width\":270,\"height\":107,\"caption\":\"KALASTUSPOOD O\u00dc\"},\"image\":{\"@id\":\"https:\/\/boat-service.ee\/fi\/#\/schema\/logo\/image\/\"},\"sameAs\":[\"https:\/\/www.facebook.com\/boatserviceestonia\",\"https:\/\/www.instagram.com\/kalastus_ja_paadipood\/\"]}]}<\/script>\n<!-- \/ Yoast SEO plugin. -->","yoast_head_json":{"title":"Quicksilver Active 755 Weekend 4.6 V8- Varastovene - Boat Service Estonia","robots":{"index":"index","follow":"follow","max-snippet":"max-snippet:-1","max-image-preview":"max-image-preview:large","max-video-preview":"max-video-preview:-1"},"canonical":"https:\/\/boat-service.ee\/fi\/pood\/veneet\/varastoveneet\/quicksilver-active-755-weekend-4-6-v8-varastovene\/","og_locale":"fi_FI","og_type":"article","og_title":"Quicksilver Active 755 Weekend 4.6 V8- Varastovene - Boat Service Estonia","og_description":"Pituus, m 7.76   Leveys, m 2.85   Paino: (pelkk\u00e4 vene), kg 2485   Moottori Mercury V250 AMS DTS VERADO 4.6L V8   Maksimi henkil\u00f6m\u00e4\u00e4r\u00e4 9   Polttoaines\u00e4ili\u00f6 l 300","og_url":"https:\/\/boat-service.ee\/fi\/pood\/veneet\/varastoveneet\/quicksilver-active-755-weekend-4-6-v8-varastovene\/","og_site_name":"Boat Service Estonia","article_publisher":"https:\/\/www.facebook.com\/boatserviceestonia","article_modified_time":"2026-04-01T10:55:50+00:00","og_image":[{"width":1600,"height":1200,"url":"https:\/\/boat-service.ee\/wp-content\/uploads\/2026\/03\/235a9c7f-d760-486c-9ad4-2cab305dde54.jpeg","type":"image\/jpeg"}],"twitter_card":"summary_large_image","twitter_misc":{"Arvioitu lukuaika":"3 minuuttia"},"schema":{"@context":"https:\/\/schema.org","@graph":[{"@type":"WebPage","@id":"https:\/\/boat-service.ee\/fi\/pood\/veneet\/varastoveneet\/quicksilver-active-755-weekend-4-6-v8-varastovene\/","url":"https:\/\/boat-service.ee\/fi\/pood\/veneet\/varastoveneet\/quicksilver-active-755-weekend-4-6-v8-varastovene\/","name":"Quicksilver Active 755 Weekend 4.6 V8- Varastovene - Boat Service Estonia","isPartOf":{"@id":"https:\/\/boat-service.ee\/fi\/#website"},"primaryImageOfPage":{"@id":"https:\/\/boat-service.ee\/fi\/pood\/veneet\/varastoveneet\/quicksilver-active-755-weekend-4-6-v8-varastovene\/#primaryimage"},"image":{"@id":"https:\/\/boat-service.ee\/fi\/pood\/veneet\/varastoveneet\/quicksilver-active-755-weekend-4-6-v8-varastovene\/#primaryimage"},"thumbnailUrl":"https:\/\/boat-service.ee\/wp-content\/uploads\/2026\/03\/235a9c7f-d760-486c-9ad4-2cab305dde54.jpeg","datePublished":"2026-03-23T09:38:21+00:00","dateModified":"2026-04-01T10:55:50+00:00","breadcrumb":{"@id":"https:\/\/boat-service.ee\/fi\/pood\/veneet\/varastoveneet\/quicksilver-active-755-weekend-4-6-v8-varastovene\/#breadcrumb"},"inLanguage":"fi","potentialAction":[{"@type":"ReadAction","target":["https:\/\/boat-service.ee\/fi\/pood\/veneet\/varastoveneet\/quicksilver-active-755-weekend-4-6-v8-varastovene\/"]}]},{"@type":"ImageObject","inLanguage":"fi","@id":"https:\/\/boat-service.ee\/fi\/pood\/veneet\/varastoveneet\/quicksilver-active-755-weekend-4-6-v8-varastovene\/#primaryimage","url":"https:\/\/boat-service.ee\/wp-content\/uploads\/2026\/03\/235a9c7f-d760-486c-9ad4-2cab305dde54.jpeg","contentUrl":"https:\/\/boat-service.ee\/wp-content\/uploads\/2026\/03\/235a9c7f-d760-486c-9ad4-2cab305dde54.jpeg","width":1600,"height":1200},{"@type":"BreadcrumbList","@id":"https:\/\/boat-service.ee\/fi\/pood\/veneet\/varastoveneet\/quicksilver-active-755-weekend-4-6-v8-varastovene\/#breadcrumb","itemListElement":[{"@type":"ListItem","position":1,"name":"Home","item":"https:\/\/boat-service.ee\/fi\/"},{"@type":"ListItem","position":2,"name":"Pood","item":"https:\/\/boat-service.ee\/en\/shop\/"},{"@type":"ListItem","position":3,"name":"Quicksilver Active 755 Weekend 4.6 V8- Varastovene"}]},{"@type":"WebSite","@id":"https:\/\/boat-service.ee\/fi\/#website","url":"https:\/\/boat-service.ee\/fi\/","name":"Boat Service Estonia","description":"Boat Service Estonia - Mootorpaadid, treilerid, mootorid","publisher":{"@id":"https:\/\/boat-service.ee\/fi\/#organization"},"potentialAction":[{"@type":"SearchAction","target":{"@type":"EntryPoint","urlTemplate":"https:\/\/boat-service.ee\/fi\/?s={search_term_string}"},"query-input":{"@type":"PropertyValueSpecification","valueRequired":true,"valueName":"search_term_string"}}],"inLanguage":"fi"},{"@type":"Organization","@id":"https:\/\/boat-service.ee\/fi\/#organization","name":"KALASTUSPOOD O\u00dc","url":"https:\/\/boat-service.ee\/fi\/","logo":{"@type":"ImageObject","inLanguage":"fi","@id":"https:\/\/boat-service.ee\/fi\/#\/schema\/logo\/image\/","url":"https:\/\/boat-service.ee\/wp-content\/uploads\/2023\/05\/impLogo.png","contentUrl":"https:\/\/boat-service.ee\/wp-content\/uploads\/2023\/05\/impLogo.png","width":270,"height":107,"caption":"KALASTUSPOOD O\u00dc"},"image":{"@id":"https:\/\/boat-service.ee\/fi\/#\/schema\/logo\/image\/"},"sameAs":["https:\/\/www.facebook.com\/boatserviceestonia","https:\/\/www.instagram.com\/kalastus_ja_paadipood\/"]}]}},"_links":{"self":[{"href":"https:\/\/boat-service.ee\/fi\/wp-json\/wp\/v2\/product\/105301","targetHints":{"allow":["GET"]}}],"collection":[{"href":"https:\/\/boat-service.ee\/fi\/wp-json\/wp\/v2\/product"}],"about":[{"href":"https:\/\/boat-service.ee\/fi\/wp-json\/wp\/v2\/types\/product"}],"wp:featuredmedia":[{"embeddable":true,"href":"https:\/\/boat-service.ee\/fi\/wp-json\/wp\/v2\/media\/105291"}],"wp:attachment":[{"href":"https:\/\/boat-service.ee\/fi\/wp-json\/wp\/v2\/media?parent=105301"}],"wp:term":[{"taxonomy":"product_brand","embeddable":true,"href":"https:\/\/boat-service.ee\/fi\/wp-json\/wp\/v2\/product_brand?post=105301"},{"taxonomy":"product_cat","embeddable":true,"href":"https:\/\/boat-service.ee\/fi\/wp-json\/wp\/v2\/product_cat?post=105301"},{"taxonomy":"product_tag","embeddable":true,"href":"https:\/\/boat-service.ee\/fi\/wp-json\/wp\/v2\/product_tag?post=105301"}],"curies":[{"name":"wp","href":"https:\/\/api.w.org\/{rel}","templated":true}]}}