{"id":105249,"date":"2026-03-23T12:45:20","date_gmt":"2026-03-23T10:45:20","guid":{"rendered":"https:\/\/boat-service.ee\/pood\/Ei-luokiteltu\/finval-555-fishpro-laopaat\/"},"modified":"2026-04-01T16:31:27","modified_gmt":"2026-04-01T14:31:27","slug":"finval-555-fishpro-laopaat","status":"publish","type":"product","link":"https:\/\/boat-service.ee\/fi\/pood\/veneet\/varastoveneet\/finval-555-fishpro-laopaat\/","title":{"rendered":"Finval 555 FishPro- Varastovene"},"content":{"rendered":"<p>Finval 555 FishPro on tunnettu poikkeuksellisesta vakaudestaan, merikelpoisuudestaan ja tarkkaan harkituista kalastusmukavuuksistaan. Se on suunnattu vaativalle kalastajalle, joka tarvitsee luotettavan ty\u00f6kalun my\u00f6s vaativampiin olosuhteisiin.<\/p>\n<p>Hintaan sis\u00e4ltyy seuraavat varusteet:<\/p>\n<ul>\n<li>Kuljetuspeitte<\/li>\n<li>Heittokalastuspenkki<\/li>\n<li>Kuljettajan ja matkustajan istuimissa joustojalat (ilma-vaimennettu)<\/li>\n<li>Uimataso<\/li>\n<li>LED &#8211; valaistus<\/li>\n<li>S\u00e4ilytystilat konsolin alla<\/li>\n<li>P\u00f6yt\u00e4 jalalla<\/li>\n<li>Vesihiihtotolppa<\/li>\n<li>Ohjaamossa 2 lis\u00e4paikkaa istuimille<\/li>\n<\/ul>\n","protected":false},"excerpt":{"rendered":"<table width=\"253\">\n<tbody>\n<tr>\n<td>Pituus, m<\/td>\n<td>5.55<\/td>\n<\/tr>\n<tr>\n<td>Leveys, m<\/td>\n<td>2.28<\/td>\n<\/tr>\n<tr>\n<td>Paino, kg<\/td>\n<td>650<\/td>\n<\/tr>\n<tr>\n<td>Moottorisuositus<\/td>\n<td>150-200 hp<\/td>\n<\/tr>\n<tr>\n<td>Maksimi henkil\u00f6m\u00e4\u00e4r\u00e4<\/td>\n<td>6<\/td>\n<\/tr>\n<tr>\n<td>Polttoaines\u00e4ili\u00f6, l<\/td>\n<td>125<\/td>\n<\/tr>\n<\/tbody>\n<\/table>\n","protected":false},"featured_media":105231,"template":"","meta":[],"product_brand":[],"product_cat":[3590],"product_tag":[],"class_list":{"0":"post-105249","1":"product","2":"type-product","3":"status-publish","4":"has-post-thumbnail","6":"product_cat-varastoveneet","7":"tm-has-options","9":"first","10":"instock","11":"sale","12":"taxable","13":"shipping-taxable","14":"purchasable","15":"product-type-simple"},"yoast_head":"<!-- This site is optimized with the Yoast SEO plugin v27.2 - https:\/\/yoast.com\/product\/yoast-seo-wordpress\/ -->\n<title>Finval 555 FishPro- Varastovene - Boat Service Estonia<\/title>\n<meta name=\"robots\" content=\"index, follow, max-snippet:-1, max-image-preview:large, max-video-preview:-1\" \/>\n<link rel=\"canonical\" href=\"https:\/\/boat-service.ee\/fi\/pood\/veneet\/varastoveneet\/finval-555-fishpro-laopaat\/\" \/>\n<meta property=\"og:locale\" content=\"fi_FI\" \/>\n<meta property=\"og:type\" content=\"article\" \/>\n<meta property=\"og:title\" content=\"Finval 555 FishPro- Varastovene - Boat Service Estonia\" \/>\n<meta property=\"og:description\" content=\"Pituus, m 5.55   Leveys, m 2.28   Paino, kg 650   Moottorisuositus 150-200 hp   Maksimi henkil\u00f6m\u00e4\u00e4r\u00e4 6   Polttoaines\u00e4ili\u00f6, l 125\" \/>\n<meta property=\"og:url\" content=\"https:\/\/boat-service.ee\/fi\/pood\/veneet\/varastoveneet\/finval-555-fishpro-laopaat\/\" \/>\n<meta property=\"og:site_name\" content=\"Boat Service Estonia\" \/>\n<meta property=\"article:publisher\" content=\"https:\/\/www.facebook.com\/boatserviceestonia\" \/>\n<meta property=\"article:modified_time\" content=\"2026-04-01T14:31:27+00:00\" \/>\n<meta property=\"og:image\" content=\"https:\/\/boat-service.ee\/wp-content\/uploads\/2026\/03\/Finval-555-FISHPRO.jpg\" \/>\n\t<meta property=\"og:image:width\" content=\"1250\" \/>\n\t<meta property=\"og:image:height\" content=\"938\" \/>\n\t<meta property=\"og:image:type\" content=\"image\/jpeg\" \/>\n<meta name=\"twitter:card\" content=\"summary_large_image\" \/>\n<meta name=\"twitter:label1\" content=\"Arvioitu lukuaika\" \/>\n\t<meta name=\"twitter:data1\" content=\"1 minuutti\" \/>\n<script type=\"application\/ld+json\" class=\"yoast-schema-graph\">{\"@context\":\"https:\/\/schema.org\",\"@graph\":[{\"@type\":\"WebPage\",\"@id\":\"https:\/\/boat-service.ee\/fi\/pood\/veneet\/varastoveneet\/finval-555-fishpro-laopaat\/\",\"url\":\"https:\/\/boat-service.ee\/fi\/pood\/veneet\/varastoveneet\/finval-555-fishpro-laopaat\/\",\"name\":\"Finval 555 FishPro- Varastovene - Boat Service Estonia\",\"isPartOf\":{\"@id\":\"https:\/\/boat-service.ee\/fi\/#website\"},\"primaryImageOfPage\":{\"@id\":\"https:\/\/boat-service.ee\/fi\/pood\/veneet\/varastoveneet\/finval-555-fishpro-laopaat\/#primaryimage\"},\"image\":{\"@id\":\"https:\/\/boat-service.ee\/fi\/pood\/veneet\/varastoveneet\/finval-555-fishpro-laopaat\/#primaryimage\"},\"thumbnailUrl\":\"https:\/\/boat-service.ee\/wp-content\/uploads\/2026\/03\/Finval-555-FISHPRO.jpg\",\"datePublished\":\"2026-03-23T10:45:20+00:00\",\"dateModified\":\"2026-04-01T14:31:27+00:00\",\"breadcrumb\":{\"@id\":\"https:\/\/boat-service.ee\/fi\/pood\/veneet\/varastoveneet\/finval-555-fishpro-laopaat\/#breadcrumb\"},\"inLanguage\":\"fi\",\"potentialAction\":[{\"@type\":\"ReadAction\",\"target\":[\"https:\/\/boat-service.ee\/fi\/pood\/veneet\/varastoveneet\/finval-555-fishpro-laopaat\/\"]}]},{\"@type\":\"ImageObject\",\"inLanguage\":\"fi\",\"@id\":\"https:\/\/boat-service.ee\/fi\/pood\/veneet\/varastoveneet\/finval-555-fishpro-laopaat\/#primaryimage\",\"url\":\"https:\/\/boat-service.ee\/wp-content\/uploads\/2026\/03\/Finval-555-FISHPRO.jpg\",\"contentUrl\":\"https:\/\/boat-service.ee\/wp-content\/uploads\/2026\/03\/Finval-555-FISHPRO.jpg\",\"width\":1250,\"height\":938},{\"@type\":\"BreadcrumbList\",\"@id\":\"https:\/\/boat-service.ee\/fi\/pood\/veneet\/varastoveneet\/finval-555-fishpro-laopaat\/#breadcrumb\",\"itemListElement\":[{\"@type\":\"ListItem\",\"position\":1,\"name\":\"Home\",\"item\":\"https:\/\/boat-service.ee\/fi\/\"},{\"@type\":\"ListItem\",\"position\":2,\"name\":\"Pood\",\"item\":\"https:\/\/boat-service.ee\/en\/shop\/\"},{\"@type\":\"ListItem\",\"position\":3,\"name\":\"Finval 555 FishPro- Varastovene\"}]},{\"@type\":\"WebSite\",\"@id\":\"https:\/\/boat-service.ee\/fi\/#website\",\"url\":\"https:\/\/boat-service.ee\/fi\/\",\"name\":\"Boat Service Estonia\",\"description\":\"Boat Service Estonia - Mootorpaadid, treilerid, mootorid\",\"publisher\":{\"@id\":\"https:\/\/boat-service.ee\/fi\/#organization\"},\"potentialAction\":[{\"@type\":\"SearchAction\",\"target\":{\"@type\":\"EntryPoint\",\"urlTemplate\":\"https:\/\/boat-service.ee\/fi\/?s={search_term_string}\"},\"query-input\":{\"@type\":\"PropertyValueSpecification\",\"valueRequired\":true,\"valueName\":\"search_term_string\"}}],\"inLanguage\":\"fi\"},{\"@type\":\"Organization\",\"@id\":\"https:\/\/boat-service.ee\/fi\/#organization\",\"name\":\"KALASTUSPOOD O\u00dc\",\"url\":\"https:\/\/boat-service.ee\/fi\/\",\"logo\":{\"@type\":\"ImageObject\",\"inLanguage\":\"fi\",\"@id\":\"https:\/\/boat-service.ee\/fi\/#\/schema\/logo\/image\/\",\"url\":\"https:\/\/boat-service.ee\/wp-content\/uploads\/2023\/05\/impLogo.png\",\"contentUrl\":\"https:\/\/boat-service.ee\/wp-content\/uploads\/2023\/05\/impLogo.png\",\"width\":270,\"height\":107,\"caption\":\"KALASTUSPOOD O\u00dc\"},\"image\":{\"@id\":\"https:\/\/boat-service.ee\/fi\/#\/schema\/logo\/image\/\"},\"sameAs\":[\"https:\/\/www.facebook.com\/boatserviceestonia\",\"https:\/\/www.instagram.com\/kalastus_ja_paadipood\/\"]}]}<\/script>\n<!-- \/ Yoast SEO plugin. -->","yoast_head_json":{"title":"Finval 555 FishPro- Varastovene - Boat Service Estonia","robots":{"index":"index","follow":"follow","max-snippet":"max-snippet:-1","max-image-preview":"max-image-preview:large","max-video-preview":"max-video-preview:-1"},"canonical":"https:\/\/boat-service.ee\/fi\/pood\/veneet\/varastoveneet\/finval-555-fishpro-laopaat\/","og_locale":"fi_FI","og_type":"article","og_title":"Finval 555 FishPro- Varastovene - Boat Service Estonia","og_description":"Pituus, m 5.55   Leveys, m 2.28   Paino, kg 650   Moottorisuositus 150-200 hp   Maksimi henkil\u00f6m\u00e4\u00e4r\u00e4 6   Polttoaines\u00e4ili\u00f6, l 125","og_url":"https:\/\/boat-service.ee\/fi\/pood\/veneet\/varastoveneet\/finval-555-fishpro-laopaat\/","og_site_name":"Boat Service Estonia","article_publisher":"https:\/\/www.facebook.com\/boatserviceestonia","article_modified_time":"2026-04-01T14:31:27+00:00","og_image":[{"width":1250,"height":938,"url":"https:\/\/boat-service.ee\/wp-content\/uploads\/2026\/03\/Finval-555-FISHPRO.jpg","type":"image\/jpeg"}],"twitter_card":"summary_large_image","twitter_misc":{"Arvioitu lukuaika":"1 minuutti"},"schema":{"@context":"https:\/\/schema.org","@graph":[{"@type":"WebPage","@id":"https:\/\/boat-service.ee\/fi\/pood\/veneet\/varastoveneet\/finval-555-fishpro-laopaat\/","url":"https:\/\/boat-service.ee\/fi\/pood\/veneet\/varastoveneet\/finval-555-fishpro-laopaat\/","name":"Finval 555 FishPro- Varastovene - Boat Service Estonia","isPartOf":{"@id":"https:\/\/boat-service.ee\/fi\/#website"},"primaryImageOfPage":{"@id":"https:\/\/boat-service.ee\/fi\/pood\/veneet\/varastoveneet\/finval-555-fishpro-laopaat\/#primaryimage"},"image":{"@id":"https:\/\/boat-service.ee\/fi\/pood\/veneet\/varastoveneet\/finval-555-fishpro-laopaat\/#primaryimage"},"thumbnailUrl":"https:\/\/boat-service.ee\/wp-content\/uploads\/2026\/03\/Finval-555-FISHPRO.jpg","datePublished":"2026-03-23T10:45:20+00:00","dateModified":"2026-04-01T14:31:27+00:00","breadcrumb":{"@id":"https:\/\/boat-service.ee\/fi\/pood\/veneet\/varastoveneet\/finval-555-fishpro-laopaat\/#breadcrumb"},"inLanguage":"fi","potentialAction":[{"@type":"ReadAction","target":["https:\/\/boat-service.ee\/fi\/pood\/veneet\/varastoveneet\/finval-555-fishpro-laopaat\/"]}]},{"@type":"ImageObject","inLanguage":"fi","@id":"https:\/\/boat-service.ee\/fi\/pood\/veneet\/varastoveneet\/finval-555-fishpro-laopaat\/#primaryimage","url":"https:\/\/boat-service.ee\/wp-content\/uploads\/2026\/03\/Finval-555-FISHPRO.jpg","contentUrl":"https:\/\/boat-service.ee\/wp-content\/uploads\/2026\/03\/Finval-555-FISHPRO.jpg","width":1250,"height":938},{"@type":"BreadcrumbList","@id":"https:\/\/boat-service.ee\/fi\/pood\/veneet\/varastoveneet\/finval-555-fishpro-laopaat\/#breadcrumb","itemListElement":[{"@type":"ListItem","position":1,"name":"Home","item":"https:\/\/boat-service.ee\/fi\/"},{"@type":"ListItem","position":2,"name":"Pood","item":"https:\/\/boat-service.ee\/en\/shop\/"},{"@type":"ListItem","position":3,"name":"Finval 555 FishPro- Varastovene"}]},{"@type":"WebSite","@id":"https:\/\/boat-service.ee\/fi\/#website","url":"https:\/\/boat-service.ee\/fi\/","name":"Boat Service Estonia","description":"Boat Service Estonia - Mootorpaadid, treilerid, mootorid","publisher":{"@id":"https:\/\/boat-service.ee\/fi\/#organization"},"potentialAction":[{"@type":"SearchAction","target":{"@type":"EntryPoint","urlTemplate":"https:\/\/boat-service.ee\/fi\/?s={search_term_string}"},"query-input":{"@type":"PropertyValueSpecification","valueRequired":true,"valueName":"search_term_string"}}],"inLanguage":"fi"},{"@type":"Organization","@id":"https:\/\/boat-service.ee\/fi\/#organization","name":"KALASTUSPOOD O\u00dc","url":"https:\/\/boat-service.ee\/fi\/","logo":{"@type":"ImageObject","inLanguage":"fi","@id":"https:\/\/boat-service.ee\/fi\/#\/schema\/logo\/image\/","url":"https:\/\/boat-service.ee\/wp-content\/uploads\/2023\/05\/impLogo.png","contentUrl":"https:\/\/boat-service.ee\/wp-content\/uploads\/2023\/05\/impLogo.png","width":270,"height":107,"caption":"KALASTUSPOOD O\u00dc"},"image":{"@id":"https:\/\/boat-service.ee\/fi\/#\/schema\/logo\/image\/"},"sameAs":["https:\/\/www.facebook.com\/boatserviceestonia","https:\/\/www.instagram.com\/kalastus_ja_paadipood\/"]}]}},"_links":{"self":[{"href":"https:\/\/boat-service.ee\/fi\/wp-json\/wp\/v2\/product\/105249","targetHints":{"allow":["GET"]}}],"collection":[{"href":"https:\/\/boat-service.ee\/fi\/wp-json\/wp\/v2\/product"}],"about":[{"href":"https:\/\/boat-service.ee\/fi\/wp-json\/wp\/v2\/types\/product"}],"wp:featuredmedia":[{"embeddable":true,"href":"https:\/\/boat-service.ee\/fi\/wp-json\/wp\/v2\/media\/105231"}],"wp:attachment":[{"href":"https:\/\/boat-service.ee\/fi\/wp-json\/wp\/v2\/media?parent=105249"}],"wp:term":[{"taxonomy":"product_brand","embeddable":true,"href":"https:\/\/boat-service.ee\/fi\/wp-json\/wp\/v2\/product_brand?post=105249"},{"taxonomy":"product_cat","embeddable":true,"href":"https:\/\/boat-service.ee\/fi\/wp-json\/wp\/v2\/product_cat?post=105249"},{"taxonomy":"product_tag","embeddable":true,"href":"https:\/\/boat-service.ee\/fi\/wp-json\/wp\/v2\/product_tag?post=105249"}],"curies":[{"name":"wp","href":"https:\/\/api.w.org\/{rel}","templated":true}]}}