{"id":105206,"date":"2026-03-31T11:58:33","date_gmt":"2026-03-31T09:58:33","guid":{"rendered":"https:\/\/boat-service.ee\/pood\/Ei-luokiteltu\/finval-470-evo-sc-varastovene\/"},"modified":"2026-04-01T10:38:18","modified_gmt":"2026-04-01T08:38:18","slug":"finval-470-evo-sc-varastovene","status":"publish","type":"product","link":"https:\/\/boat-service.ee\/fi\/pood\/veneet\/varastoveneet\/finval-470-evo-sc-varastovene\/","title":{"rendered":"Finval 470 Evo SC- Varastovene"},"content":{"rendered":"<h2 data-path-to-node=\"1\">Finval 470 Evo SC<\/h2>\n<p data-path-to-node=\"2\">Finval 470 Evo SC on t\u00e4ysin alumiinirakenteinen vene, joka tarjoaa runsaasti avointa tilaa sek\u00e4 mahdollisuuden asentaa konsoliin joko kaksi 12\u2033 tai yhden 16\u2033 n\u00e4yt\u00f6. Siin\u00e4 yhdistyv\u00e4t matala syv\u00e4ys, kevyt paino ja suuri kantavuus sek\u00e4 korkea nopeus ja polttoainetaloudellisuus.<\/p>\n<p data-path-to-node=\"3\">470 Evo SC t\u00e4ytt\u00e4\u00e4 t\u00e4ydellisesti kalastajan t\u00e4rkeimm\u00e4n tavoitteen: liikkumisen alueilla, joille raskaammat ja syvemm\u00e4ll\u00e4 kulkevat veneet eiv\u00e4t p\u00e4\u00e4se.<\/p>\n<h3 data-path-to-node=\"5\">Vakiovarusteet<\/h3>\n<ul data-path-to-node=\"6\">\n<li>\n<p data-path-to-node=\"6,0,0\">T\u00e4yshitsattu runko: Merialumiinia AlMg4,5Mn (5083), paksuus 2\u20133 mm<\/p>\n<\/li>\n<li>\n<p data-path-to-node=\"6,0,0\">RST knaapit x 4<\/p>\n<\/li>\n<li>\n<p data-path-to-node=\"6,3,0\">Kaikuanturin kiinnityspaikka<\/p>\n<\/li>\n<li>\n<p data-path-to-node=\"6,4,0\">Kiinte\u00e4 polttoainej\u00e4rjestelm\u00e4: 55 litran alumiinitankki<\/p>\n<\/li>\n<li>\n<p data-path-to-node=\"6,5,0\">Sis\u00e4verhoilu: Etukansi ja cockpit p\u00e4\u00e4llystetty vinyylill\u00e4, sis\u00e4- ja takakannet peitetty venematolla<\/p>\n<\/li>\n<li>\n<p data-path-to-node=\"6,6,0\">Piilotetut s\u00e4ilytystilat: K\u00e4ynnistys- ja hupiakuille<\/p>\n<\/li>\n<li>\n<p data-path-to-node=\"6,7,0\">Raptor\u00ae-pinnoite: Kulutusta kest\u00e4v\u00e4 liukuestepinta laidoilla<\/p>\n<\/li>\n<li>\n<p data-path-to-node=\"6,8,0\">Ulkoasu: Finval-logo ja merkkiteippaukset sivuilla, ulkokyljet p\u00e4\u00e4llystetty hydrofobisella kalvolla (vakio: Oracal 970-905)<\/p>\n<\/li>\n<li>\n<p data-path-to-node=\"6,9,0\">S\u00e4ilytystilat: Kolme kuivaa s\u00e4ilytyslaatikkoa etukannella<\/p>\n<\/li>\n<li>\n<p data-path-to-node=\"6,10,0\">Kaksi pullonpidikett\u00e4<\/p>\n<\/li>\n<li>\n<p data-path-to-node=\"6,11,0\">Piilotettu s\u00e4ilytystila keulamoottorin akulle<\/p>\n<\/li>\n<li>\n<p data-path-to-node=\"6,12,0\">Ohjausj\u00e4rjestelm\u00e4: Ultraflex T73 NRFC mekaaninen takaisinkytkenn\u00e4t\u00f6n ohjaus<\/p>\n<\/li>\n<li>\n<p data-path-to-node=\"6,13,0\">Valmius n\u00e4yt\u00f6ille: Konsoliin mahtuu kaksi 12\u2033 tai yksi 16\u2033<\/p>\n<\/li>\n<li>\n<p data-path-to-node=\"6,14,0\">Istuimet: Kaksi Premium-istuinta jaloilla ja alustoilla<\/p>\n<\/li>\n<li>\n<p data-path-to-node=\"6,15,0\">Vapatelineet: Molemilla sivuilla hyllyt (tilaa kahdelle max 2,5 m vavalle)<\/p>\n<\/li>\n<li>\n<p data-path-to-node=\"6,16,0\">Takaistuin: Kokoontaitettava malli<\/p>\n<\/li>\n<li>\n<p data-path-to-node=\"6,17,0\">Varustepidike: Tuplamukiteline sek\u00e4 paikka kalastusveitselle ja pihdeille<\/p>\n<\/li>\n<li>\n<p data-path-to-node=\"6,18,0\">Yksityiskohdat: Muoviset luukun salvat ja matkustajan kahva<\/p>\n<\/li>\n<li>\n<p data-path-to-node=\"6,19,0\">S\u00e4hk\u00f6t: Kytkinpaneeli, LED-kulkuvalot ja ankkurivalo<\/p>\n<\/li>\n<li>\n<p data-path-to-node=\"6,20,0\">Pumppu: Automaattinen pilssipumppu ja p\u00e4\u00e4virtakytkin<\/p>\n<\/li>\n<li>\n<p data-path-to-node=\"6,21,0\">Asennusvalmiudet: Audioj\u00e4rjestelm\u00e4, kaikuluotain, s\u00e4hk\u00f6moottori ja ankkurivinssi<\/p>\n<\/li>\n<\/ul>\n<h3 data-path-to-node=\"8\">Varastoveneen lis\u00e4varusteet:<\/h3>\n<ul data-path-to-node=\"9\">\n<li>\n<p data-path-to-node=\"9,0,0\">Vesi- ja UV-suojattu kuljetuspeite<\/p>\n<\/li>\n<li>\n<p data-path-to-node=\"9,1,0\">Kalastuspenkki<\/p>\n<\/li>\n<li>\n<p data-path-to-node=\"9,2,0\">Ergolux-istuimet<\/p>\n<\/li>\n<li>\n<p data-path-to-node=\"9,3,0\">Kalasumppu 90 L<\/p>\n<\/li>\n<li>\n<p data-path-to-node=\"9,4,0\">Asennettu 60 A sulake keulamoottorille<\/p>\n<\/li>\n<li>\n<p data-path-to-node=\"9,5,0\">LED-valaistus kansilla ja s\u00e4ilytystiloissa<\/p>\n<\/li>\n<\/ul>\n<p data-path-to-node=\"10\"><b data-path-to-node=\"10\" data-index-in-node=\"0\">Hinta moottorilla Mercury F50 ELPT EFI: 30 728 \u20ac<\/b><\/p>\n","protected":false},"excerpt":{"rendered":"<div class=\"product-short-description\">\n<table class=\"specs-table\" aria-label=\"Technical specifications\">\n<tbody>\n<tr>\n<td><strong>Pituus<\/strong><\/td>\n<td>4.65 m<\/td>\n<\/tr>\n<tr>\n<td><strong>Leveys<\/strong><\/td>\n<td>1.96 m<\/td>\n<\/tr>\n<tr>\n<td><strong>Per\u00e4peilin korkeus<\/strong><\/td>\n<td>508 mm (L)<\/td>\n<\/tr>\n<tr>\n<td><strong>Syv\u00e4ys n.<\/strong><\/td>\n<td>190 mm<\/td>\n<\/tr>\n<tr>\n<td><strong>V-kulma per\u00e4ss\u00e4<\/strong><\/td>\n<td>7\u00b0<\/td>\n<\/tr>\n<tr>\n<td><strong>Paino<\/strong><\/td>\n<td>440 kg<\/td>\n<\/tr>\n<tr>\n<td><strong>Kantavuus<\/strong><\/td>\n<td>600 kg (1322 lbs)<\/td>\n<\/tr>\n<tr>\n<td><strong>Moottorisuositus<\/strong><\/td>\n<td>40 \u2013 70 hj<\/td>\n<\/tr>\n<tr>\n<td><strong>Runkomateriaali<\/strong><\/td>\n<td>AlMg 4.5 Mn (5083)<\/td>\n<\/tr>\n<tr>\n<td><strong>Alumiinin paksuus<\/strong><\/td>\n<td>2\u20133 mm<\/td>\n<\/tr>\n<tr>\n<td><strong>Maksimi henkil\u00f6m\u00e4\u00e4r\u00e4\u00a0 \u00a0 \u00a0<\/strong><\/td>\n<td>5<\/td>\n<\/tr>\n<tr>\n<td><strong>Kiinte\u00e4 polttoaines\u00e4ili\u00f6 <\/strong><\/td>\n<td>55 L<\/td>\n<\/tr>\n<tr>\n<td><strong>Kalasumppu<\/strong><\/td>\n<td>90 L<\/td>\n<\/tr>\n<tr>\n<td><strong>Vapatelineet<\/strong><\/td>\n<td>4\u00a0 \/ 2.5 m<\/td>\n<\/tr>\n<\/tbody>\n<\/table>\n<\/div>\n<form class=\"cart\" action=\"https:\/\/boat-service.ee\/pood\/paadid\/finval\/finval-470-evo-sc\/\" enctype=\"multipart\/form-data\" method=\"post\" novalidate=\"novalidate\">\n<div id=\"tm-extra-product-options\" class=\"tc-extra-product-options tm-extra-product-options tm-custom-prices tc-clearfix tm-product-id-103137 tm-cart-main tc-show\" data-epo-id=\"1\" data-cart-id=\"main\" data-product-id=\"103137\">\n<ul id=\"tm-extra-product-options-fields\" class=\"tm-extra-product-options-fields tc-row tc-container\">\n<li id=\"tc-epo-form-103137-0\" class=\"tm-extra-product-options-field tc-row tc-cell tcwidth tcwidth-100\">\n<div class=\"cpf-section tc-cell tcwidth tcwidth-100\" data-uniqid=\"69137ba16168b9.20808943\" data-logic=\"\" data-haslogic=\"\">\n<div class=\"tc-section-inner-wrap\">\n<div class=\"tc-row\">\n<div class=\"tc-section-fields tc-cell tcwidth tcwidth-100\">\n<div class=\"tc-row\">\n<div class=\"tc-container tc-container-enabled cpf-element tc-cell cpf-type-checkbox tcwidth tcwidth-100 fullwidth-div\" data-uniqid=\"69137ba16168c1.95274860\" data-logic=\"\" data-haslogic=\"\" data-fblabelshow=\"\" data-fbvalueshow=\"\">\n<div class=\"tc-element-inner-wrap\">\n<div class=\"tc-row\">\n<h3 class=\"tc-cell tc-epo-label tm-epo-element-label tcwidth tcwidth-100\"><\/h3>\n<\/div>\n<\/div>\n<\/div>\n<\/div>\n<\/div>\n<\/div>\n<\/div>\n<\/div>\n<\/li>\n<\/ul>\n<\/div>\n<\/form>\n","protected":false},"featured_media":105207,"template":"","meta":[],"product_brand":[],"product_cat":[3590],"product_tag":[],"class_list":{"0":"post-105206","1":"product","2":"type-product","3":"status-publish","4":"has-post-thumbnail","6":"product_cat-varastoveneet","7":"tm-has-options","9":"first","10":"instock","11":"taxable","12":"shipping-taxable","13":"purchasable","14":"product-type-simple"},"yoast_head":"<!-- This site is optimized with the Yoast SEO plugin v27.2 - https:\/\/yoast.com\/product\/yoast-seo-wordpress\/ -->\n<title>Finval 470 Evo SC- Varastovene - Boat Service Estonia<\/title>\n<meta name=\"robots\" content=\"index, follow, max-snippet:-1, max-image-preview:large, max-video-preview:-1\" \/>\n<link rel=\"canonical\" href=\"https:\/\/boat-service.ee\/fi\/pood\/veneet\/varastoveneet\/finval-470-evo-sc-varastovene\/\" \/>\n<meta property=\"og:locale\" content=\"fi_FI\" \/>\n<meta property=\"og:type\" content=\"article\" \/>\n<meta property=\"og:title\" content=\"Finval 470 Evo SC- Varastovene - Boat Service Estonia\" \/>\n<meta property=\"og:description\" content=\"Pituus 4.65 m   Leveys 1.96 m   Per\u00e4peilin korkeus 508 mm (L)   Syv\u00e4ys n. 190 mm   V-kulma per\u00e4ss\u00e4 7\u00b0   Paino 440 kg   Kantavuus 600 kg (1322 lbs)   Moottorisuositus 40 \u2013 70 hj   Runkomateriaali AlMg 4.5 Mn (5083)   Alumiinin paksuus 2\u20133 mm   Maksimi henkil\u00f6m\u00e4\u00e4r\u00e4\u00a0 \u00a0 \u00a0 5   Kiinte\u00e4 polttoaines\u00e4ili\u00f6  55 L   Kalasumppu 90 L   Vapatelineet 4\u00a0 \/ 2.5 m\" \/>\n<meta property=\"og:url\" content=\"https:\/\/boat-service.ee\/fi\/pood\/veneet\/varastoveneet\/finval-470-evo-sc-varastovene\/\" \/>\n<meta property=\"og:site_name\" content=\"Boat Service Estonia\" \/>\n<meta property=\"article:publisher\" content=\"https:\/\/www.facebook.com\/boatserviceestonia\" \/>\n<meta property=\"article:modified_time\" content=\"2026-04-01T08:38:18+00:00\" \/>\n<meta property=\"og:image\" content=\"https:\/\/boat-service.ee\/wp-content\/uploads\/2026\/03\/IMG_6344-scaled.jpeg\" \/>\n\t<meta property=\"og:image:width\" content=\"2560\" \/>\n\t<meta property=\"og:image:height\" content=\"1920\" \/>\n\t<meta property=\"og:image:type\" content=\"image\/jpeg\" \/>\n<meta name=\"twitter:card\" content=\"summary_large_image\" \/>\n<meta name=\"twitter:label1\" content=\"Arvioitu lukuaika\" \/>\n\t<meta name=\"twitter:data1\" content=\"2 minuuttia\" \/>\n<script type=\"application\/ld+json\" class=\"yoast-schema-graph\">{\"@context\":\"https:\/\/schema.org\",\"@graph\":[{\"@type\":\"WebPage\",\"@id\":\"https:\/\/boat-service.ee\/fi\/pood\/veneet\/varastoveneet\/finval-470-evo-sc-varastovene\/\",\"url\":\"https:\/\/boat-service.ee\/fi\/pood\/veneet\/varastoveneet\/finval-470-evo-sc-varastovene\/\",\"name\":\"Finval 470 Evo SC- Varastovene - Boat Service Estonia\",\"isPartOf\":{\"@id\":\"https:\/\/boat-service.ee\/fi\/#website\"},\"primaryImageOfPage\":{\"@id\":\"https:\/\/boat-service.ee\/fi\/pood\/veneet\/varastoveneet\/finval-470-evo-sc-varastovene\/#primaryimage\"},\"image\":{\"@id\":\"https:\/\/boat-service.ee\/fi\/pood\/veneet\/varastoveneet\/finval-470-evo-sc-varastovene\/#primaryimage\"},\"thumbnailUrl\":\"https:\/\/boat-service.ee\/wp-content\/uploads\/2026\/03\/IMG_6344-scaled.jpeg\",\"datePublished\":\"2026-03-31T09:58:33+00:00\",\"dateModified\":\"2026-04-01T08:38:18+00:00\",\"breadcrumb\":{\"@id\":\"https:\/\/boat-service.ee\/fi\/pood\/veneet\/varastoveneet\/finval-470-evo-sc-varastovene\/#breadcrumb\"},\"inLanguage\":\"fi\",\"potentialAction\":[{\"@type\":\"ReadAction\",\"target\":[\"https:\/\/boat-service.ee\/fi\/pood\/veneet\/varastoveneet\/finval-470-evo-sc-varastovene\/\"]}]},{\"@type\":\"ImageObject\",\"inLanguage\":\"fi\",\"@id\":\"https:\/\/boat-service.ee\/fi\/pood\/veneet\/varastoveneet\/finval-470-evo-sc-varastovene\/#primaryimage\",\"url\":\"https:\/\/boat-service.ee\/wp-content\/uploads\/2026\/03\/IMG_6344-scaled.jpeg\",\"contentUrl\":\"https:\/\/boat-service.ee\/wp-content\/uploads\/2026\/03\/IMG_6344-scaled.jpeg\",\"width\":2560,\"height\":1920},{\"@type\":\"BreadcrumbList\",\"@id\":\"https:\/\/boat-service.ee\/fi\/pood\/veneet\/varastoveneet\/finval-470-evo-sc-varastovene\/#breadcrumb\",\"itemListElement\":[{\"@type\":\"ListItem\",\"position\":1,\"name\":\"Home\",\"item\":\"https:\/\/boat-service.ee\/fi\/\"},{\"@type\":\"ListItem\",\"position\":2,\"name\":\"Pood\",\"item\":\"https:\/\/boat-service.ee\/en\/shop\/\"},{\"@type\":\"ListItem\",\"position\":3,\"name\":\"Finval 470 Evo SC- Varastovene\"}]},{\"@type\":\"WebSite\",\"@id\":\"https:\/\/boat-service.ee\/fi\/#website\",\"url\":\"https:\/\/boat-service.ee\/fi\/\",\"name\":\"Boat Service Estonia\",\"description\":\"Boat Service Estonia - Mootorpaadid, treilerid, mootorid\",\"publisher\":{\"@id\":\"https:\/\/boat-service.ee\/fi\/#organization\"},\"potentialAction\":[{\"@type\":\"SearchAction\",\"target\":{\"@type\":\"EntryPoint\",\"urlTemplate\":\"https:\/\/boat-service.ee\/fi\/?s={search_term_string}\"},\"query-input\":{\"@type\":\"PropertyValueSpecification\",\"valueRequired\":true,\"valueName\":\"search_term_string\"}}],\"inLanguage\":\"fi\"},{\"@type\":\"Organization\",\"@id\":\"https:\/\/boat-service.ee\/fi\/#organization\",\"name\":\"KALASTUSPOOD O\u00dc\",\"url\":\"https:\/\/boat-service.ee\/fi\/\",\"logo\":{\"@type\":\"ImageObject\",\"inLanguage\":\"fi\",\"@id\":\"https:\/\/boat-service.ee\/fi\/#\/schema\/logo\/image\/\",\"url\":\"https:\/\/boat-service.ee\/wp-content\/uploads\/2023\/05\/impLogo.png\",\"contentUrl\":\"https:\/\/boat-service.ee\/wp-content\/uploads\/2023\/05\/impLogo.png\",\"width\":270,\"height\":107,\"caption\":\"KALASTUSPOOD O\u00dc\"},\"image\":{\"@id\":\"https:\/\/boat-service.ee\/fi\/#\/schema\/logo\/image\/\"},\"sameAs\":[\"https:\/\/www.facebook.com\/boatserviceestonia\",\"https:\/\/www.instagram.com\/kalastus_ja_paadipood\/\"]}]}<\/script>\n<!-- \/ Yoast SEO plugin. -->","yoast_head_json":{"title":"Finval 470 Evo SC- Varastovene - Boat Service Estonia","robots":{"index":"index","follow":"follow","max-snippet":"max-snippet:-1","max-image-preview":"max-image-preview:large","max-video-preview":"max-video-preview:-1"},"canonical":"https:\/\/boat-service.ee\/fi\/pood\/veneet\/varastoveneet\/finval-470-evo-sc-varastovene\/","og_locale":"fi_FI","og_type":"article","og_title":"Finval 470 Evo SC- Varastovene - Boat Service Estonia","og_description":"Pituus 4.65 m   Leveys 1.96 m   Per\u00e4peilin korkeus 508 mm (L)   Syv\u00e4ys n. 190 mm   V-kulma per\u00e4ss\u00e4 7\u00b0   Paino 440 kg   Kantavuus 600 kg (1322 lbs)   Moottorisuositus 40 \u2013 70 hj   Runkomateriaali AlMg 4.5 Mn (5083)   Alumiinin paksuus 2\u20133 mm   Maksimi henkil\u00f6m\u00e4\u00e4r\u00e4\u00a0 \u00a0 \u00a0 5   Kiinte\u00e4 polttoaines\u00e4ili\u00f6  55 L   Kalasumppu 90 L   Vapatelineet 4\u00a0 \/ 2.5 m","og_url":"https:\/\/boat-service.ee\/fi\/pood\/veneet\/varastoveneet\/finval-470-evo-sc-varastovene\/","og_site_name":"Boat Service Estonia","article_publisher":"https:\/\/www.facebook.com\/boatserviceestonia","article_modified_time":"2026-04-01T08:38:18+00:00","og_image":[{"width":2560,"height":1920,"url":"https:\/\/boat-service.ee\/wp-content\/uploads\/2026\/03\/IMG_6344-scaled.jpeg","type":"image\/jpeg"}],"twitter_card":"summary_large_image","twitter_misc":{"Arvioitu lukuaika":"2 minuuttia"},"schema":{"@context":"https:\/\/schema.org","@graph":[{"@type":"WebPage","@id":"https:\/\/boat-service.ee\/fi\/pood\/veneet\/varastoveneet\/finval-470-evo-sc-varastovene\/","url":"https:\/\/boat-service.ee\/fi\/pood\/veneet\/varastoveneet\/finval-470-evo-sc-varastovene\/","name":"Finval 470 Evo SC- Varastovene - Boat Service Estonia","isPartOf":{"@id":"https:\/\/boat-service.ee\/fi\/#website"},"primaryImageOfPage":{"@id":"https:\/\/boat-service.ee\/fi\/pood\/veneet\/varastoveneet\/finval-470-evo-sc-varastovene\/#primaryimage"},"image":{"@id":"https:\/\/boat-service.ee\/fi\/pood\/veneet\/varastoveneet\/finval-470-evo-sc-varastovene\/#primaryimage"},"thumbnailUrl":"https:\/\/boat-service.ee\/wp-content\/uploads\/2026\/03\/IMG_6344-scaled.jpeg","datePublished":"2026-03-31T09:58:33+00:00","dateModified":"2026-04-01T08:38:18+00:00","breadcrumb":{"@id":"https:\/\/boat-service.ee\/fi\/pood\/veneet\/varastoveneet\/finval-470-evo-sc-varastovene\/#breadcrumb"},"inLanguage":"fi","potentialAction":[{"@type":"ReadAction","target":["https:\/\/boat-service.ee\/fi\/pood\/veneet\/varastoveneet\/finval-470-evo-sc-varastovene\/"]}]},{"@type":"ImageObject","inLanguage":"fi","@id":"https:\/\/boat-service.ee\/fi\/pood\/veneet\/varastoveneet\/finval-470-evo-sc-varastovene\/#primaryimage","url":"https:\/\/boat-service.ee\/wp-content\/uploads\/2026\/03\/IMG_6344-scaled.jpeg","contentUrl":"https:\/\/boat-service.ee\/wp-content\/uploads\/2026\/03\/IMG_6344-scaled.jpeg","width":2560,"height":1920},{"@type":"BreadcrumbList","@id":"https:\/\/boat-service.ee\/fi\/pood\/veneet\/varastoveneet\/finval-470-evo-sc-varastovene\/#breadcrumb","itemListElement":[{"@type":"ListItem","position":1,"name":"Home","item":"https:\/\/boat-service.ee\/fi\/"},{"@type":"ListItem","position":2,"name":"Pood","item":"https:\/\/boat-service.ee\/en\/shop\/"},{"@type":"ListItem","position":3,"name":"Finval 470 Evo SC- Varastovene"}]},{"@type":"WebSite","@id":"https:\/\/boat-service.ee\/fi\/#website","url":"https:\/\/boat-service.ee\/fi\/","name":"Boat Service Estonia","description":"Boat Service Estonia - Mootorpaadid, treilerid, mootorid","publisher":{"@id":"https:\/\/boat-service.ee\/fi\/#organization"},"potentialAction":[{"@type":"SearchAction","target":{"@type":"EntryPoint","urlTemplate":"https:\/\/boat-service.ee\/fi\/?s={search_term_string}"},"query-input":{"@type":"PropertyValueSpecification","valueRequired":true,"valueName":"search_term_string"}}],"inLanguage":"fi"},{"@type":"Organization","@id":"https:\/\/boat-service.ee\/fi\/#organization","name":"KALASTUSPOOD O\u00dc","url":"https:\/\/boat-service.ee\/fi\/","logo":{"@type":"ImageObject","inLanguage":"fi","@id":"https:\/\/boat-service.ee\/fi\/#\/schema\/logo\/image\/","url":"https:\/\/boat-service.ee\/wp-content\/uploads\/2023\/05\/impLogo.png","contentUrl":"https:\/\/boat-service.ee\/wp-content\/uploads\/2023\/05\/impLogo.png","width":270,"height":107,"caption":"KALASTUSPOOD O\u00dc"},"image":{"@id":"https:\/\/boat-service.ee\/fi\/#\/schema\/logo\/image\/"},"sameAs":["https:\/\/www.facebook.com\/boatserviceestonia","https:\/\/www.instagram.com\/kalastus_ja_paadipood\/"]}]}},"_links":{"self":[{"href":"https:\/\/boat-service.ee\/fi\/wp-json\/wp\/v2\/product\/105206","targetHints":{"allow":["GET"]}}],"collection":[{"href":"https:\/\/boat-service.ee\/fi\/wp-json\/wp\/v2\/product"}],"about":[{"href":"https:\/\/boat-service.ee\/fi\/wp-json\/wp\/v2\/types\/product"}],"wp:featuredmedia":[{"embeddable":true,"href":"https:\/\/boat-service.ee\/fi\/wp-json\/wp\/v2\/media\/105207"}],"wp:attachment":[{"href":"https:\/\/boat-service.ee\/fi\/wp-json\/wp\/v2\/media?parent=105206"}],"wp:term":[{"taxonomy":"product_brand","embeddable":true,"href":"https:\/\/boat-service.ee\/fi\/wp-json\/wp\/v2\/product_brand?post=105206"},{"taxonomy":"product_cat","embeddable":true,"href":"https:\/\/boat-service.ee\/fi\/wp-json\/wp\/v2\/product_cat?post=105206"},{"taxonomy":"product_tag","embeddable":true,"href":"https:\/\/boat-service.ee\/fi\/wp-json\/wp\/v2\/product_tag?post=105206"}],"curies":[{"name":"wp","href":"https:\/\/api.w.org\/{rel}","templated":true}]}}