{"id":103286,"date":"2023-09-06T13:25:00","date_gmt":"2023-09-06T11:25:00","guid":{"rendered":"https:\/\/boat-service.ee\/pood\/Ei-luokiteltu\/finval-515-evo-dc\/"},"modified":"2026-04-13T10:43:14","modified_gmt":"2026-04-13T08:43:14","slug":"finval-515-evo-dc","status":"publish","type":"product","link":"https:\/\/boat-service.ee\/fi\/pood\/veneet\/finval-fi\/evo-fi\/finval-515-evo-dc\/","title":{"rendered":"Finval 515 EVO DC"},"content":{"rendered":"<p>Etsitk\u00f6 venett\u00e4, jossa yhdistyv\u00e4t tinkim\u00e4t\u00f6n suorituskyky, turvallisuus ja erinomaiset kalastusominaisuudet? Finval 515 Evo DC on suunniteltu juuri sinulle, joka vaadit veneelt\u00e4si enemm\u00e4n. Leve\u00e4n runkonsa ansiosta 515 Evo DC on poikkeuksellisen tilava ja vakaa. Korkea laita takaa turvallisuuden kovemmassakin aallokossa, tarjoten mukavan kyydin kaikille matkustajille. Veneen eritt\u00e4in tehokas runkomuotoilu takaa loistavan suorituskyvyn niin matka-ajossa kuin huippunopeuksissakin. Matala syv\u00e4ys mahdollistaa p\u00e4\u00e4syn parhaille kalapaikoille, minne muilla veneill\u00e4 ei ole asiaa. T\u00e4ss\u00e4 veneess\u00e4 ergonomia on hiottu huippuunsa. Finval 515 Evo DC ei ole vain kalastusvene \u2013 se on t\u00e4ydellinen kumppani my\u00f6s rentoon p\u00e4iv\u00e4retkeilyyn ja vesill\u00e4 oloon.<\/p>\n<p><strong>Vakiovarustelu<\/strong><\/p>\n<p class=\"remove-all-margins\">T\u00e4ysin hitsattu alumiinirunko AlMg4,5Mn (5083)<br \/>\nTeipatut kyljet (erilaisia \u200b\u200bv\u00e4rivaihtoehtoja)<br \/>\nRaptor\u00ae kulutusta kest\u00e4v\u00e4 pinnoite laidassa, pulpeteissa ja per\u00e4peiliss\u00e4<br \/>\nKaksi pulpettia, joissa on kulkuikkuna ja k\u00e4yntiovi keskell\u00e4<br \/>\nEtuheittotaso ja kokpitin lattia p\u00e4\u00e4llystetty merivinyylill\u00e4<br \/>\nTakaheittotasossa aukiharjattua venematto<br \/>\nKiinte\u00e4 polttoaines\u00e4ili\u00f6<br \/>\nVapalaatikko oikealla puolella 2 vavalle 2.90 m<br \/>\nVapalaatikko vasemalla puolella 2 vavalle 2.90 m<br \/>\nKalasumppu<br \/>\n2 premium penkki (kuljettajalle ja matkustajalle)<br \/>\nLED-valaistus pulpetin hansikaslokerossa ja keulatasossa<br \/>\nLED-navigointivalot<br \/>\n2x12V virranulostuloa kuljettajan ja matkustajan konsoleissa<br \/>\nKaksi liukuhylly\u00e4 LED-valaistuksella takapenkkien alla<br \/>\nRST mukitelineet vasemmalla ja oikealla puolella<br \/>\nTyhjennysj\u00e4rjestelm\u00e4ll\u00e4 varustetut kuivat s\u00e4ilytyslaatikot<br \/>\nRST knaapit 6 kpl (yl\u00f6snostettava)<br \/>\nAutomaattinen pilssipumppu<br \/>\nUtraflex T73 NRFC mekaaninen ohjausj\u00e4rjestelm\u00e4<br \/>\nOhjauspy\u00f6r\u00e4 ja kaapeli<\/p>\n","protected":false},"excerpt":{"rendered":"<p><strong>TEKNISET TIEDOT<\/strong><\/p>\n<table>\n<tbody>\n<tr>\n<td>Pituus, m<\/td>\n<td>5,10<\/td>\n<\/tr>\n<tr>\n<td>Leveys, m<\/td>\n<td>2,12<\/td>\n<\/tr>\n<tr>\n<td>Per\u00e4peilin korkeus, mm<\/td>\n<td>508<\/td>\n<\/tr>\n<tr>\n<td>Syv\u00e4ys, mm<\/td>\n<td>330<\/td>\n<\/tr>\n<tr>\n<td>Per\u00e4peilin kulma<\/td>\n<td>14\u00b0<\/td>\n<\/tr>\n<tr>\n<td>Paino, kg<\/td>\n<td>523<\/td>\n<\/tr>\n<tr>\n<td>Suurin kantavuus, kg<\/td>\n<td>600<\/td>\n<\/tr>\n<tr>\n<td>Rungon materiaali<\/td>\n<td>AlMg 4,5 Mn (5083)<\/td>\n<\/tr>\n<tr>\n<td>Rungon paksuus, mm<\/td>\n<td>3<\/td>\n<\/tr>\n<tr>\n<td>Moottori, hv<\/td>\n<td>70\u2013115<\/td>\n<\/tr>\n<tr>\n<td>Henkil\u00f6m\u00e4\u00e4r\u00e4 enint\u00e4\u00e4n<\/td>\n<td>4<\/td>\n<\/tr>\n<tr>\n<td>Polttoaines\u00e4ili\u00f6, l<\/td>\n<td>53<\/td>\n<\/tr>\n<tr>\n<td>Kalasumppu, l<\/td>\n<td>90<\/td>\n<\/tr>\n<\/tbody>\n<\/table>\n","protected":false},"featured_media":103337,"template":"","meta":[],"product_brand":[3721],"product_cat":[3427,3579,3581],"product_tag":[],"class_list":{"0":"post-103286","1":"product","2":"type-product","3":"status-publish","4":"has-post-thumbnail","6":"product_brand-finval","7":"product_cat-veneet","8":"product_cat-finval-fi","9":"product_cat-evo-fi","10":"product_shipping_class-alumiinium-ja-plastikpaadid-normaal","11":"tm-has-options","13":"first","14":"instock","15":"taxable","16":"shipping-taxable","17":"purchasable","18":"product-type-simple"},"yoast_head":"<!-- This site is optimized with the Yoast SEO plugin v27.2 - https:\/\/yoast.com\/product\/yoast-seo-wordpress\/ -->\n<title>Finval 515 EVO DC - Boat Service Estonia<\/title>\n<meta name=\"robots\" content=\"index, follow, max-snippet:-1, max-image-preview:large, max-video-preview:-1\" \/>\n<link rel=\"canonical\" href=\"https:\/\/boat-service.ee\/fi\/pood\/veneet\/finval-fi\/evo-fi\/finval-515-evo-dc\/\" \/>\n<meta property=\"og:locale\" content=\"fi_FI\" \/>\n<meta property=\"og:type\" content=\"article\" \/>\n<meta property=\"og:title\" content=\"Finval 515 EVO DC - Boat Service Estonia\" \/>\n<meta property=\"og:description\" content=\"TEKNISET TIEDOT    Pituus, m 5,10   Leveys, m 2,12   Per\u00e4peilin korkeus, mm 508   Syv\u00e4ys, mm 330   Per\u00e4peilin kulma 14\u00b0   Paino, kg 523   Suurin kantavuus, kg 600   Rungon materiaali AlMg 4,5 Mn (5083)   Rungon paksuus, mm 3   Moottori, hv 70\u2013115   Henkil\u00f6m\u00e4\u00e4r\u00e4 enint\u00e4\u00e4n 4   Polttoaines\u00e4ili\u00f6, l 53   Kalasumppu, l 90\" \/>\n<meta property=\"og:url\" content=\"https:\/\/boat-service.ee\/fi\/pood\/veneet\/finval-fi\/evo-fi\/finval-515-evo-dc\/\" \/>\n<meta property=\"og:site_name\" content=\"Boat Service Estonia\" \/>\n<meta property=\"article:publisher\" content=\"https:\/\/www.facebook.com\/boatserviceestonia\" \/>\n<meta property=\"article:modified_time\" content=\"2026-04-13T08:43:14+00:00\" \/>\n<meta property=\"og:image\" content=\"https:\/\/boat-service.ee\/wp-content\/uploads\/2023\/09\/FINVAL-515-EVO_boatserviceestonia_top.jpg\" \/>\n\t<meta property=\"og:image:width\" content=\"1503\" \/>\n\t<meta property=\"og:image:height\" content=\"1508\" \/>\n\t<meta property=\"og:image:type\" content=\"image\/jpeg\" \/>\n<meta name=\"twitter:card\" content=\"summary_large_image\" \/>\n<meta name=\"twitter:label1\" content=\"Arvioitu lukuaika\" \/>\n\t<meta name=\"twitter:data1\" content=\"2 minuuttia\" \/>\n<script type=\"application\/ld+json\" class=\"yoast-schema-graph\">{\"@context\":\"https:\/\/schema.org\",\"@graph\":[{\"@type\":\"WebPage\",\"@id\":\"https:\/\/boat-service.ee\/fi\/pood\/veneet\/finval-fi\/evo-fi\/finval-515-evo-dc\/\",\"url\":\"https:\/\/boat-service.ee\/fi\/pood\/veneet\/finval-fi\/evo-fi\/finval-515-evo-dc\/\",\"name\":\"Finval 515 EVO DC - Boat Service Estonia\",\"isPartOf\":{\"@id\":\"https:\/\/boat-service.ee\/fi\/#website\"},\"primaryImageOfPage\":{\"@id\":\"https:\/\/boat-service.ee\/fi\/pood\/veneet\/finval-fi\/evo-fi\/finval-515-evo-dc\/#primaryimage\"},\"image\":{\"@id\":\"https:\/\/boat-service.ee\/fi\/pood\/veneet\/finval-fi\/evo-fi\/finval-515-evo-dc\/#primaryimage\"},\"thumbnailUrl\":\"https:\/\/boat-service.ee\/wp-content\/uploads\/2023\/09\/FINVAL-515-EVO_boatserviceestonia_top.jpg\",\"datePublished\":\"2023-09-06T11:25:00+00:00\",\"dateModified\":\"2026-04-13T08:43:14+00:00\",\"breadcrumb\":{\"@id\":\"https:\/\/boat-service.ee\/fi\/pood\/veneet\/finval-fi\/evo-fi\/finval-515-evo-dc\/#breadcrumb\"},\"inLanguage\":\"fi\",\"potentialAction\":[{\"@type\":\"ReadAction\",\"target\":[\"https:\/\/boat-service.ee\/fi\/pood\/veneet\/finval-fi\/evo-fi\/finval-515-evo-dc\/\"]}]},{\"@type\":\"ImageObject\",\"inLanguage\":\"fi\",\"@id\":\"https:\/\/boat-service.ee\/fi\/pood\/veneet\/finval-fi\/evo-fi\/finval-515-evo-dc\/#primaryimage\",\"url\":\"https:\/\/boat-service.ee\/wp-content\/uploads\/2023\/09\/FINVAL-515-EVO_boatserviceestonia_top.jpg\",\"contentUrl\":\"https:\/\/boat-service.ee\/wp-content\/uploads\/2023\/09\/FINVAL-515-EVO_boatserviceestonia_top.jpg\",\"width\":1503,\"height\":1508},{\"@type\":\"BreadcrumbList\",\"@id\":\"https:\/\/boat-service.ee\/fi\/pood\/veneet\/finval-fi\/evo-fi\/finval-515-evo-dc\/#breadcrumb\",\"itemListElement\":[{\"@type\":\"ListItem\",\"position\":1,\"name\":\"Home\",\"item\":\"https:\/\/boat-service.ee\/fi\/\"},{\"@type\":\"ListItem\",\"position\":2,\"name\":\"Pood\",\"item\":\"https:\/\/boat-service.ee\/en\/shop\/\"},{\"@type\":\"ListItem\",\"position\":3,\"name\":\"Finval 515 EVO DC\"}]},{\"@type\":\"WebSite\",\"@id\":\"https:\/\/boat-service.ee\/fi\/#website\",\"url\":\"https:\/\/boat-service.ee\/fi\/\",\"name\":\"Boat Service Estonia\",\"description\":\"Boat Service Estonia - Mootorpaadid, treilerid, mootorid\",\"publisher\":{\"@id\":\"https:\/\/boat-service.ee\/fi\/#organization\"},\"potentialAction\":[{\"@type\":\"SearchAction\",\"target\":{\"@type\":\"EntryPoint\",\"urlTemplate\":\"https:\/\/boat-service.ee\/fi\/?s={search_term_string}\"},\"query-input\":{\"@type\":\"PropertyValueSpecification\",\"valueRequired\":true,\"valueName\":\"search_term_string\"}}],\"inLanguage\":\"fi\"},{\"@type\":\"Organization\",\"@id\":\"https:\/\/boat-service.ee\/fi\/#organization\",\"name\":\"KALASTUSPOOD O\u00dc\",\"url\":\"https:\/\/boat-service.ee\/fi\/\",\"logo\":{\"@type\":\"ImageObject\",\"inLanguage\":\"fi\",\"@id\":\"https:\/\/boat-service.ee\/fi\/#\/schema\/logo\/image\/\",\"url\":\"https:\/\/boat-service.ee\/wp-content\/uploads\/2023\/05\/impLogo.png\",\"contentUrl\":\"https:\/\/boat-service.ee\/wp-content\/uploads\/2023\/05\/impLogo.png\",\"width\":270,\"height\":107,\"caption\":\"KALASTUSPOOD O\u00dc\"},\"image\":{\"@id\":\"https:\/\/boat-service.ee\/fi\/#\/schema\/logo\/image\/\"},\"sameAs\":[\"https:\/\/www.facebook.com\/boatserviceestonia\",\"https:\/\/www.instagram.com\/kalastus_ja_paadipood\/\"]}]}<\/script>\n<!-- \/ Yoast SEO plugin. -->","yoast_head_json":{"title":"Finval 515 EVO DC - Boat Service Estonia","robots":{"index":"index","follow":"follow","max-snippet":"max-snippet:-1","max-image-preview":"max-image-preview:large","max-video-preview":"max-video-preview:-1"},"canonical":"https:\/\/boat-service.ee\/fi\/pood\/veneet\/finval-fi\/evo-fi\/finval-515-evo-dc\/","og_locale":"fi_FI","og_type":"article","og_title":"Finval 515 EVO DC - Boat Service Estonia","og_description":"TEKNISET TIEDOT    Pituus, m 5,10   Leveys, m 2,12   Per\u00e4peilin korkeus, mm 508   Syv\u00e4ys, mm 330   Per\u00e4peilin kulma 14\u00b0   Paino, kg 523   Suurin kantavuus, kg 600   Rungon materiaali AlMg 4,5 Mn (5083)   Rungon paksuus, mm 3   Moottori, hv 70\u2013115   Henkil\u00f6m\u00e4\u00e4r\u00e4 enint\u00e4\u00e4n 4   Polttoaines\u00e4ili\u00f6, l 53   Kalasumppu, l 90","og_url":"https:\/\/boat-service.ee\/fi\/pood\/veneet\/finval-fi\/evo-fi\/finval-515-evo-dc\/","og_site_name":"Boat Service Estonia","article_publisher":"https:\/\/www.facebook.com\/boatserviceestonia","article_modified_time":"2026-04-13T08:43:14+00:00","og_image":[{"width":1503,"height":1508,"url":"https:\/\/boat-service.ee\/wp-content\/uploads\/2023\/09\/FINVAL-515-EVO_boatserviceestonia_top.jpg","type":"image\/jpeg"}],"twitter_card":"summary_large_image","twitter_misc":{"Arvioitu lukuaika":"2 minuuttia"},"schema":{"@context":"https:\/\/schema.org","@graph":[{"@type":"WebPage","@id":"https:\/\/boat-service.ee\/fi\/pood\/veneet\/finval-fi\/evo-fi\/finval-515-evo-dc\/","url":"https:\/\/boat-service.ee\/fi\/pood\/veneet\/finval-fi\/evo-fi\/finval-515-evo-dc\/","name":"Finval 515 EVO DC - Boat Service Estonia","isPartOf":{"@id":"https:\/\/boat-service.ee\/fi\/#website"},"primaryImageOfPage":{"@id":"https:\/\/boat-service.ee\/fi\/pood\/veneet\/finval-fi\/evo-fi\/finval-515-evo-dc\/#primaryimage"},"image":{"@id":"https:\/\/boat-service.ee\/fi\/pood\/veneet\/finval-fi\/evo-fi\/finval-515-evo-dc\/#primaryimage"},"thumbnailUrl":"https:\/\/boat-service.ee\/wp-content\/uploads\/2023\/09\/FINVAL-515-EVO_boatserviceestonia_top.jpg","datePublished":"2023-09-06T11:25:00+00:00","dateModified":"2026-04-13T08:43:14+00:00","breadcrumb":{"@id":"https:\/\/boat-service.ee\/fi\/pood\/veneet\/finval-fi\/evo-fi\/finval-515-evo-dc\/#breadcrumb"},"inLanguage":"fi","potentialAction":[{"@type":"ReadAction","target":["https:\/\/boat-service.ee\/fi\/pood\/veneet\/finval-fi\/evo-fi\/finval-515-evo-dc\/"]}]},{"@type":"ImageObject","inLanguage":"fi","@id":"https:\/\/boat-service.ee\/fi\/pood\/veneet\/finval-fi\/evo-fi\/finval-515-evo-dc\/#primaryimage","url":"https:\/\/boat-service.ee\/wp-content\/uploads\/2023\/09\/FINVAL-515-EVO_boatserviceestonia_top.jpg","contentUrl":"https:\/\/boat-service.ee\/wp-content\/uploads\/2023\/09\/FINVAL-515-EVO_boatserviceestonia_top.jpg","width":1503,"height":1508},{"@type":"BreadcrumbList","@id":"https:\/\/boat-service.ee\/fi\/pood\/veneet\/finval-fi\/evo-fi\/finval-515-evo-dc\/#breadcrumb","itemListElement":[{"@type":"ListItem","position":1,"name":"Home","item":"https:\/\/boat-service.ee\/fi\/"},{"@type":"ListItem","position":2,"name":"Pood","item":"https:\/\/boat-service.ee\/en\/shop\/"},{"@type":"ListItem","position":3,"name":"Finval 515 EVO DC"}]},{"@type":"WebSite","@id":"https:\/\/boat-service.ee\/fi\/#website","url":"https:\/\/boat-service.ee\/fi\/","name":"Boat Service Estonia","description":"Boat Service Estonia - Mootorpaadid, treilerid, mootorid","publisher":{"@id":"https:\/\/boat-service.ee\/fi\/#organization"},"potentialAction":[{"@type":"SearchAction","target":{"@type":"EntryPoint","urlTemplate":"https:\/\/boat-service.ee\/fi\/?s={search_term_string}"},"query-input":{"@type":"PropertyValueSpecification","valueRequired":true,"valueName":"search_term_string"}}],"inLanguage":"fi"},{"@type":"Organization","@id":"https:\/\/boat-service.ee\/fi\/#organization","name":"KALASTUSPOOD O\u00dc","url":"https:\/\/boat-service.ee\/fi\/","logo":{"@type":"ImageObject","inLanguage":"fi","@id":"https:\/\/boat-service.ee\/fi\/#\/schema\/logo\/image\/","url":"https:\/\/boat-service.ee\/wp-content\/uploads\/2023\/05\/impLogo.png","contentUrl":"https:\/\/boat-service.ee\/wp-content\/uploads\/2023\/05\/impLogo.png","width":270,"height":107,"caption":"KALASTUSPOOD O\u00dc"},"image":{"@id":"https:\/\/boat-service.ee\/fi\/#\/schema\/logo\/image\/"},"sameAs":["https:\/\/www.facebook.com\/boatserviceestonia","https:\/\/www.instagram.com\/kalastus_ja_paadipood\/"]}]}},"_links":{"self":[{"href":"https:\/\/boat-service.ee\/fi\/wp-json\/wp\/v2\/product\/103286","targetHints":{"allow":["GET"]}}],"collection":[{"href":"https:\/\/boat-service.ee\/fi\/wp-json\/wp\/v2\/product"}],"about":[{"href":"https:\/\/boat-service.ee\/fi\/wp-json\/wp\/v2\/types\/product"}],"wp:featuredmedia":[{"embeddable":true,"href":"https:\/\/boat-service.ee\/fi\/wp-json\/wp\/v2\/media\/103337"}],"wp:attachment":[{"href":"https:\/\/boat-service.ee\/fi\/wp-json\/wp\/v2\/media?parent=103286"}],"wp:term":[{"taxonomy":"product_brand","embeddable":true,"href":"https:\/\/boat-service.ee\/fi\/wp-json\/wp\/v2\/product_brand?post=103286"},{"taxonomy":"product_cat","embeddable":true,"href":"https:\/\/boat-service.ee\/fi\/wp-json\/wp\/v2\/product_cat?post=103286"},{"taxonomy":"product_tag","embeddable":true,"href":"https:\/\/boat-service.ee\/fi\/wp-json\/wp\/v2\/product_tag?post=103286"}],"curies":[{"name":"wp","href":"https:\/\/api.w.org\/{rel}","templated":true}]}}