{"id":103230,"date":"2025-11-11T13:23:37","date_gmt":"2025-11-11T11:23:37","guid":{"rendered":"https:\/\/boat-service.ee\/pood\/Ei-luokiteltu\/finval-470-evo-sc\/"},"modified":"2026-04-02T12:18:25","modified_gmt":"2026-04-02T10:18:25","slug":"finval-470-evo-sc","status":"publish","type":"product","link":"https:\/\/boat-service.ee\/fi\/pood\/veneet\/finval-fi\/finval-470-evo-sc\/","title":{"rendered":"FINVAL 470 EVO SC"},"content":{"rendered":"<h2>Mallikuvaus<\/h2>\n<p>Entist\u00e4 enemm\u00e4n avointa tilaa sek\u00e4 mahdollisuus asentaa konsoliin joko kaksi 12\u2033 tai yksi 16\u2033 kaikuluotainplotteri. Veneen runko on t\u00e4ysin hitsattu merialumiinista AlMg4,5Mn (5083), paksuus 2\u20133 mm. Matalakulkuinen, suhteellisen kevyt, suuren kantavuuden omaava, nopea ja polttoainetehokas \u2014 valmis kaikenlaiseen kalastukseen.<\/p>\n<p>470 Evo SC t\u00e4ytt\u00e4\u00e4 t\u00e4ysin sen, mit\u00e4 kalastaja veneelt\u00e4\u00e4n odottaa \u2013 kulkea alueilla, joille raskaammat ja syvemm\u00e4n kulun vaativat veneet eiv\u00e4t p\u00e4\u00e4se, sek\u00e4 helpottaa irtautumista matalikosta, jos navigointi osoittautuu hieman ep\u00e4tarkaksi.<\/p>\n<h2>Vakiovarusteet<\/h2>\n<ul>\n<li>T\u00e4ysin hitsattu runko merialumiinista AlMg4,5Mn (5083), paksuus 2\u20133 mm<\/li>\n<li>Kest\u00e4v\u00e4 reunalista kumit\u00e4ytteell\u00e4 ja kiinnikkeill\u00e4 venepeitteelle<\/li>\n<li>Nelj\u00e4n ruostumattomasta ter\u00e4ksest\u00e4 valmistetun kiinnityskoukun sarja<\/li>\n<li>Kaikuluotainanturien kiinnityspohjat molemmilla sivuilla<\/li>\n<li>Sis\u00e4\u00e4nrakennettu polttoainej\u00e4rjestelm\u00e4, jossa 55 L alumiininen polttoaines\u00e4ili\u00f6<\/li>\n<li>Keulakansi ja ohjaamo merik\u00e4ytt\u00f6\u00f6n tarkoitetulla vinyylill\u00e4 p\u00e4\u00e4llystettyn\u00e4<\/li>\n<li>Sis\u00e4- ja takakansi merik\u00e4ytt\u00f6\u00f6n tarkoitetulla matolla p\u00e4\u00e4llystettyn\u00e4<\/li>\n<li>Piilotetut s\u00e4ilytystilat k\u00e4ynnistys- ja huoltoakkuille<\/li>\n<li>Raptor\u00ae-kulumiskest\u00e4v\u00e4 ja liukastumista est\u00e4v\u00e4 pinnoite reunalistassa<\/li>\n<li>Finval-logo ja sivuilla br\u00e4nditarrat, ulkopinnat hydrofobisella kalvolla (vakio: Oracal 970-905)<\/li>\n<li>Kaksi kuivaa s\u00e4ilytyslokeroa keulakannella (kaasujousimekanismilla)<\/li>\n<li>Latauslaitteen kotelo keulakannen levyn alla<\/li>\n<li>Kaksi pullotelinett\u00e4<\/li>\n<li>Piilotettu tila keulas\u00e4hk\u00f6moottorin akulle<\/li>\n<li>Ultraflex T73 NRFC mekaaninen ohjausj\u00e4rjestelm\u00e4 takaiskunestolla<\/li>\n<li>Valmius asentaa kaksi 12\u2033 tai yksi 16\u2033 kaikuluotainplotteri konsoliin<\/li>\n<li>Kaksi Premium-istuinta jalkoineen ja jalustoineen<\/li>\n<li>Vapahyllyt molemmilla sivuilla (tilaa 2 vavalle, pituus jopa 2,5 m)<\/li>\n<li>Kumiset vavapidikkeet molemmilla sivuilla<\/li>\n<li>Taitettava takapenkki<\/li>\n<li>Kuiva s\u00e4ilytystila takapenkin alla<\/li>\n<li>Kaksoismukiteline: tila veitselle ja pihdeille<\/li>\n<li>Muoviset luukun salvat ja matkustajan k\u00e4densija<\/li>\n<li>Kaksi lukitsematonta kahvaa takas\u00e4ilytyslokerolle<\/li>\n<li>S\u00e4hk\u00f6paneelin kytkintaulu<\/li>\n<li>LED-navigointi- ja ankkurivalot<\/li>\n<li>Kaksois-USB 5V\/2A -pistorasia kuljettajan konsolissa + yksi etumatkustajan hansikaslokerossa<\/li>\n<li>Automaattinen pilssipumppu ja p\u00e4\u00e4katkaisin<\/li>\n<li>Valmius \u00e4\u00e4nij\u00e4rjestelm\u00e4n, kaikuluotaimen, s\u00e4hk\u00f6moottorin ja ankkurivinssin asennukseen<\/li>\n<\/ul>\n","protected":false},"excerpt":{"rendered":"<p>Finval 470 Evo SC tarjoaa enemm\u00e4n avointa tilaa ja mahdollisuuden asentaa konsoliin joko kaksi 12\u2033 tai yksi 16\u2033 kaikuluotainplotteri. Se yhdist\u00e4\u00e4 matalan syv\u00e4yksen, kevyen painon ja suuren kantavuuden korkeaan nopeuteen ja polttoainetehokkuuteen \u2014 t\u00e4ysin alumiininen ja suunniteltu kalastukseen matalissa ja ahtaissa vesiss\u00e4.<\/p>\n<h2>Tekniset tiedot<\/h2>\n<table class=\"specs-table\" aria-label=\"Technical specifications\">\n<tbody>\n<tr>\n<td><strong>Kokonaispituus<\/strong><\/td>\n<td>4.65 m (15&#8242; 2&#8243;)<\/td>\n<\/tr>\n<tr>\n<td><strong>Leveys<\/strong><\/td>\n<td>1.96 m (6&#8242; 4&#8243;)<\/td>\n<\/tr>\n<tr>\n<td><strong>Per\u00e4peilin korkeus<\/strong><\/td>\n<td>508 mm (L)<\/td>\n<\/tr>\n<tr>\n<td><strong>Arvioitu syv\u00e4ys<\/strong><\/td>\n<td>190 mm<\/td>\n<\/tr>\n<tr>\n<td><strong>Pohjan kulma per\u00e4ss\u00e4<\/strong><\/td>\n<td>7\u00b0<\/td>\n<\/tr>\n<tr>\n<td><strong>Paino (vain vene)<\/strong><\/td>\n<td>440 kg (970 lbs)<\/td>\n<\/tr>\n<tr>\n<td><strong>Maksimikuormitus (valmistajan ilmoittama)<\/strong><\/td>\n<td>600 kg (1322 lbs)<\/td>\n<\/tr>\n<tr>\n<td><strong>Suositeltu moottoriteho<\/strong><\/td>\n<td>40 \u2013 70 hv<\/td>\n<\/tr>\n<tr>\n<td><strong>Rungon materiaali<\/strong><\/td>\n<td>AlMg 4.5 Mn (5083)<\/td>\n<\/tr>\n<tr>\n<td><strong>Alumiinin paksuus<\/strong><\/td>\n<td>2\u20133 mm<\/td>\n<\/tr>\n<tr>\n<td><strong>Maksimihenkil\u00f6m\u00e4\u00e4r\u00e4<\/strong><\/td>\n<td>4 + 1<\/td>\n<\/tr>\n<tr>\n<td><strong>Polttoaines\u00e4ili\u00f6<\/strong><\/td>\n<td>55 L<\/td>\n<\/tr>\n<tr>\n<td><strong>El\u00e4v\u00e4kalas\u00e4ili\u00f6 (livewell)<\/strong><\/td>\n<td>90 L<\/td>\n<\/tr>\n<tr>\n<td><strong>Vapas\u00e4ilytys<\/strong><\/td>\n<td>4 vapaa \/ 2.5 m (8&#8242; 2&#8243;)<\/td>\n<\/tr>\n<\/tbody>\n<\/table>\n","protected":false},"featured_media":103220,"template":"","meta":[],"product_brand":[],"product_cat":[3579],"product_tag":[],"class_list":{"0":"post-103230","1":"product","2":"type-product","3":"status-publish","4":"has-post-thumbnail","6":"product_cat-finval-fi","7":"tm-has-options","9":"first","10":"instock","11":"taxable","12":"shipping-taxable","13":"purchasable","14":"product-type-simple"},"yoast_head":"<!-- This site is optimized with the Yoast SEO plugin v27.2 - https:\/\/yoast.com\/product\/yoast-seo-wordpress\/ -->\n<title>Finval 470 Evo SC - Katso kaikki veneet<\/title>\n<meta name=\"description\" content=\"Finval 470 Evo SC \u2013 kevyt ja polttoainetehokas alumiinivene 40\u201370 hv moottorille. Runko on suunniteltu mataliin ja ahtaisiin vesiin, tarjoaa paljon s\u00e4ilytystilaa ja vapapidikkeet sek\u00e4 mahdollisen 90 L livewellin. Kysy tarjousta!\" \/>\n<meta name=\"robots\" content=\"index, follow, max-snippet:-1, max-image-preview:large, max-video-preview:-1\" \/>\n<link rel=\"canonical\" href=\"https:\/\/boat-service.ee\/fi\/pood\/veneet\/finval-fi\/finval-470-evo-sc\/\" \/>\n<meta property=\"og:locale\" content=\"fi_FI\" \/>\n<meta property=\"og:type\" content=\"article\" \/>\n<meta property=\"og:title\" content=\"Finval 470 Evo SC - Katso kaikki veneet\" \/>\n<meta property=\"og:description\" content=\"Finval 470 Evo SC \u2013 kevyt ja polttoainetehokas alumiinivene 40\u201370 hv moottorille. Runko on suunniteltu mataliin ja ahtaisiin vesiin, tarjoaa paljon s\u00e4ilytystilaa ja vapapidikkeet sek\u00e4 mahdollisen 90 L livewellin. Kysy tarjousta!\" \/>\n<meta property=\"og:url\" content=\"https:\/\/boat-service.ee\/fi\/pood\/veneet\/finval-fi\/finval-470-evo-sc\/\" \/>\n<meta property=\"og:site_name\" content=\"Boat Service Estonia\" \/>\n<meta property=\"article:publisher\" content=\"https:\/\/www.facebook.com\/boatserviceestonia\" \/>\n<meta property=\"article:modified_time\" content=\"2026-04-02T10:18:25+00:00\" \/>\n<meta property=\"og:image\" content=\"https:\/\/boat-service.ee\/wp-content\/uploads\/2025\/11\/FINVAL_470_EVO_SC_BoatServiceEstonia-PEAPILt.png\" \/>\n\t<meta property=\"og:image:width\" content=\"800\" \/>\n\t<meta property=\"og:image:height\" content=\"800\" \/>\n\t<meta property=\"og:image:type\" content=\"image\/png\" \/>\n<meta name=\"twitter:card\" content=\"summary_large_image\" \/>\n<meta name=\"twitter:label1\" content=\"Arvioitu lukuaika\" \/>\n\t<meta name=\"twitter:data1\" content=\"2 minuuttia\" \/>\n<script type=\"application\/ld+json\" class=\"yoast-schema-graph\">{\"@context\":\"https:\/\/schema.org\",\"@graph\":[{\"@type\":\"WebPage\",\"@id\":\"https:\/\/boat-service.ee\/fi\/pood\/veneet\/finval-fi\/finval-470-evo-sc\/\",\"url\":\"https:\/\/boat-service.ee\/fi\/pood\/veneet\/finval-fi\/finval-470-evo-sc\/\",\"name\":\"Finval 470 Evo SC - Katso kaikki veneet\",\"isPartOf\":{\"@id\":\"https:\/\/boat-service.ee\/fi\/#website\"},\"primaryImageOfPage\":{\"@id\":\"https:\/\/boat-service.ee\/fi\/pood\/veneet\/finval-fi\/finval-470-evo-sc\/#primaryimage\"},\"image\":{\"@id\":\"https:\/\/boat-service.ee\/fi\/pood\/veneet\/finval-fi\/finval-470-evo-sc\/#primaryimage\"},\"thumbnailUrl\":\"https:\/\/boat-service.ee\/wp-content\/uploads\/2025\/11\/FINVAL_470_EVO_SC_BoatServiceEstonia-PEAPILt.png\",\"datePublished\":\"2025-11-11T11:23:37+00:00\",\"dateModified\":\"2026-04-02T10:18:25+00:00\",\"description\":\"Finval 470 Evo SC \u2013 kevyt ja polttoainetehokas alumiinivene 40\u201370 hv moottorille. Runko on suunniteltu mataliin ja ahtaisiin vesiin, tarjoaa paljon s\u00e4ilytystilaa ja vapapidikkeet sek\u00e4 mahdollisen 90 L livewellin. Kysy tarjousta!\",\"breadcrumb\":{\"@id\":\"https:\/\/boat-service.ee\/fi\/pood\/veneet\/finval-fi\/finval-470-evo-sc\/#breadcrumb\"},\"inLanguage\":\"fi\",\"potentialAction\":[{\"@type\":\"ReadAction\",\"target\":[\"https:\/\/boat-service.ee\/fi\/pood\/veneet\/finval-fi\/finval-470-evo-sc\/\"]}]},{\"@type\":\"ImageObject\",\"inLanguage\":\"fi\",\"@id\":\"https:\/\/boat-service.ee\/fi\/pood\/veneet\/finval-fi\/finval-470-evo-sc\/#primaryimage\",\"url\":\"https:\/\/boat-service.ee\/wp-content\/uploads\/2025\/11\/FINVAL_470_EVO_SC_BoatServiceEstonia-PEAPILt.png\",\"contentUrl\":\"https:\/\/boat-service.ee\/wp-content\/uploads\/2025\/11\/FINVAL_470_EVO_SC_BoatServiceEstonia-PEAPILt.png\",\"width\":800,\"height\":800,\"caption\":\"FInval 470 EVO SC\"},{\"@type\":\"BreadcrumbList\",\"@id\":\"https:\/\/boat-service.ee\/fi\/pood\/veneet\/finval-fi\/finval-470-evo-sc\/#breadcrumb\",\"itemListElement\":[{\"@type\":\"ListItem\",\"position\":1,\"name\":\"Home\",\"item\":\"https:\/\/boat-service.ee\/fi\/\"},{\"@type\":\"ListItem\",\"position\":2,\"name\":\"Pood\",\"item\":\"https:\/\/boat-service.ee\/en\/shop\/\"},{\"@type\":\"ListItem\",\"position\":3,\"name\":\"FINVAL 470 EVO SC\"}]},{\"@type\":\"WebSite\",\"@id\":\"https:\/\/boat-service.ee\/fi\/#website\",\"url\":\"https:\/\/boat-service.ee\/fi\/\",\"name\":\"Boat Service Estonia\",\"description\":\"Boat Service Estonia - Mootorpaadid, treilerid, mootorid\",\"publisher\":{\"@id\":\"https:\/\/boat-service.ee\/fi\/#organization\"},\"potentialAction\":[{\"@type\":\"SearchAction\",\"target\":{\"@type\":\"EntryPoint\",\"urlTemplate\":\"https:\/\/boat-service.ee\/fi\/?s={search_term_string}\"},\"query-input\":{\"@type\":\"PropertyValueSpecification\",\"valueRequired\":true,\"valueName\":\"search_term_string\"}}],\"inLanguage\":\"fi\"},{\"@type\":\"Organization\",\"@id\":\"https:\/\/boat-service.ee\/fi\/#organization\",\"name\":\"KALASTUSPOOD O\u00dc\",\"url\":\"https:\/\/boat-service.ee\/fi\/\",\"logo\":{\"@type\":\"ImageObject\",\"inLanguage\":\"fi\",\"@id\":\"https:\/\/boat-service.ee\/fi\/#\/schema\/logo\/image\/\",\"url\":\"https:\/\/boat-service.ee\/wp-content\/uploads\/2023\/05\/impLogo.png\",\"contentUrl\":\"https:\/\/boat-service.ee\/wp-content\/uploads\/2023\/05\/impLogo.png\",\"width\":270,\"height\":107,\"caption\":\"KALASTUSPOOD O\u00dc\"},\"image\":{\"@id\":\"https:\/\/boat-service.ee\/fi\/#\/schema\/logo\/image\/\"},\"sameAs\":[\"https:\/\/www.facebook.com\/boatserviceestonia\",\"https:\/\/www.instagram.com\/kalastus_ja_paadipood\/\"]}]}<\/script>\n<!-- \/ Yoast SEO plugin. -->","yoast_head_json":{"title":"Finval 470 Evo SC - Katso kaikki veneet","description":"Finval 470 Evo SC \u2013 kevyt ja polttoainetehokas alumiinivene 40\u201370 hv moottorille. Runko on suunniteltu mataliin ja ahtaisiin vesiin, tarjoaa paljon s\u00e4ilytystilaa ja vapapidikkeet sek\u00e4 mahdollisen 90 L livewellin. Kysy tarjousta!","robots":{"index":"index","follow":"follow","max-snippet":"max-snippet:-1","max-image-preview":"max-image-preview:large","max-video-preview":"max-video-preview:-1"},"canonical":"https:\/\/boat-service.ee\/fi\/pood\/veneet\/finval-fi\/finval-470-evo-sc\/","og_locale":"fi_FI","og_type":"article","og_title":"Finval 470 Evo SC - Katso kaikki veneet","og_description":"Finval 470 Evo SC \u2013 kevyt ja polttoainetehokas alumiinivene 40\u201370 hv moottorille. Runko on suunniteltu mataliin ja ahtaisiin vesiin, tarjoaa paljon s\u00e4ilytystilaa ja vapapidikkeet sek\u00e4 mahdollisen 90 L livewellin. Kysy tarjousta!","og_url":"https:\/\/boat-service.ee\/fi\/pood\/veneet\/finval-fi\/finval-470-evo-sc\/","og_site_name":"Boat Service Estonia","article_publisher":"https:\/\/www.facebook.com\/boatserviceestonia","article_modified_time":"2026-04-02T10:18:25+00:00","og_image":[{"width":800,"height":800,"url":"https:\/\/boat-service.ee\/wp-content\/uploads\/2025\/11\/FINVAL_470_EVO_SC_BoatServiceEstonia-PEAPILt.png","type":"image\/png"}],"twitter_card":"summary_large_image","twitter_misc":{"Arvioitu lukuaika":"2 minuuttia"},"schema":{"@context":"https:\/\/schema.org","@graph":[{"@type":"WebPage","@id":"https:\/\/boat-service.ee\/fi\/pood\/veneet\/finval-fi\/finval-470-evo-sc\/","url":"https:\/\/boat-service.ee\/fi\/pood\/veneet\/finval-fi\/finval-470-evo-sc\/","name":"Finval 470 Evo SC - Katso kaikki veneet","isPartOf":{"@id":"https:\/\/boat-service.ee\/fi\/#website"},"primaryImageOfPage":{"@id":"https:\/\/boat-service.ee\/fi\/pood\/veneet\/finval-fi\/finval-470-evo-sc\/#primaryimage"},"image":{"@id":"https:\/\/boat-service.ee\/fi\/pood\/veneet\/finval-fi\/finval-470-evo-sc\/#primaryimage"},"thumbnailUrl":"https:\/\/boat-service.ee\/wp-content\/uploads\/2025\/11\/FINVAL_470_EVO_SC_BoatServiceEstonia-PEAPILt.png","datePublished":"2025-11-11T11:23:37+00:00","dateModified":"2026-04-02T10:18:25+00:00","description":"Finval 470 Evo SC \u2013 kevyt ja polttoainetehokas alumiinivene 40\u201370 hv moottorille. Runko on suunniteltu mataliin ja ahtaisiin vesiin, tarjoaa paljon s\u00e4ilytystilaa ja vapapidikkeet sek\u00e4 mahdollisen 90 L livewellin. Kysy tarjousta!","breadcrumb":{"@id":"https:\/\/boat-service.ee\/fi\/pood\/veneet\/finval-fi\/finval-470-evo-sc\/#breadcrumb"},"inLanguage":"fi","potentialAction":[{"@type":"ReadAction","target":["https:\/\/boat-service.ee\/fi\/pood\/veneet\/finval-fi\/finval-470-evo-sc\/"]}]},{"@type":"ImageObject","inLanguage":"fi","@id":"https:\/\/boat-service.ee\/fi\/pood\/veneet\/finval-fi\/finval-470-evo-sc\/#primaryimage","url":"https:\/\/boat-service.ee\/wp-content\/uploads\/2025\/11\/FINVAL_470_EVO_SC_BoatServiceEstonia-PEAPILt.png","contentUrl":"https:\/\/boat-service.ee\/wp-content\/uploads\/2025\/11\/FINVAL_470_EVO_SC_BoatServiceEstonia-PEAPILt.png","width":800,"height":800,"caption":"FInval 470 EVO SC"},{"@type":"BreadcrumbList","@id":"https:\/\/boat-service.ee\/fi\/pood\/veneet\/finval-fi\/finval-470-evo-sc\/#breadcrumb","itemListElement":[{"@type":"ListItem","position":1,"name":"Home","item":"https:\/\/boat-service.ee\/fi\/"},{"@type":"ListItem","position":2,"name":"Pood","item":"https:\/\/boat-service.ee\/en\/shop\/"},{"@type":"ListItem","position":3,"name":"FINVAL 470 EVO SC"}]},{"@type":"WebSite","@id":"https:\/\/boat-service.ee\/fi\/#website","url":"https:\/\/boat-service.ee\/fi\/","name":"Boat Service Estonia","description":"Boat Service Estonia - Mootorpaadid, treilerid, mootorid","publisher":{"@id":"https:\/\/boat-service.ee\/fi\/#organization"},"potentialAction":[{"@type":"SearchAction","target":{"@type":"EntryPoint","urlTemplate":"https:\/\/boat-service.ee\/fi\/?s={search_term_string}"},"query-input":{"@type":"PropertyValueSpecification","valueRequired":true,"valueName":"search_term_string"}}],"inLanguage":"fi"},{"@type":"Organization","@id":"https:\/\/boat-service.ee\/fi\/#organization","name":"KALASTUSPOOD O\u00dc","url":"https:\/\/boat-service.ee\/fi\/","logo":{"@type":"ImageObject","inLanguage":"fi","@id":"https:\/\/boat-service.ee\/fi\/#\/schema\/logo\/image\/","url":"https:\/\/boat-service.ee\/wp-content\/uploads\/2023\/05\/impLogo.png","contentUrl":"https:\/\/boat-service.ee\/wp-content\/uploads\/2023\/05\/impLogo.png","width":270,"height":107,"caption":"KALASTUSPOOD O\u00dc"},"image":{"@id":"https:\/\/boat-service.ee\/fi\/#\/schema\/logo\/image\/"},"sameAs":["https:\/\/www.facebook.com\/boatserviceestonia","https:\/\/www.instagram.com\/kalastus_ja_paadipood\/"]}]}},"_links":{"self":[{"href":"https:\/\/boat-service.ee\/fi\/wp-json\/wp\/v2\/product\/103230","targetHints":{"allow":["GET"]}}],"collection":[{"href":"https:\/\/boat-service.ee\/fi\/wp-json\/wp\/v2\/product"}],"about":[{"href":"https:\/\/boat-service.ee\/fi\/wp-json\/wp\/v2\/types\/product"}],"wp:featuredmedia":[{"embeddable":true,"href":"https:\/\/boat-service.ee\/fi\/wp-json\/wp\/v2\/media\/103220"}],"wp:attachment":[{"href":"https:\/\/boat-service.ee\/fi\/wp-json\/wp\/v2\/media?parent=103230"}],"wp:term":[{"taxonomy":"product_brand","embeddable":true,"href":"https:\/\/boat-service.ee\/fi\/wp-json\/wp\/v2\/product_brand?post=103230"},{"taxonomy":"product_cat","embeddable":true,"href":"https:\/\/boat-service.ee\/fi\/wp-json\/wp\/v2\/product_cat?post=103230"},{"taxonomy":"product_tag","embeddable":true,"href":"https:\/\/boat-service.ee\/fi\/wp-json\/wp\/v2\/product_tag?post=103230"}],"curies":[{"name":"wp","href":"https:\/\/api.w.org\/{rel}","templated":true}]}}