{"id":103136,"date":"2025-11-11T10:19:31","date_gmt":"2025-11-11T08:19:31","guid":{"rendered":"https:\/\/boat-service.ee\/?post_type=product&#038;p=103136"},"modified":"2026-04-13T10:43:12","modified_gmt":"2026-04-13T08:43:12","slug":"finval-rangy-420-sc","status":"publish","type":"product","link":"https:\/\/boat-service.ee\/fi\/pood\/veneet\/finval-fi\/finval-rangy-420-sc\/","title":{"rendered":"Finval Rangy 420 SC"},"content":{"rendered":"<p><b data-path-to-node=\"3\" data-index-in-node=\"0\">Finval 420 Rangy SC<\/b> on suunniteltu kalastajille, jotka arvostavat k\u00e4yt\u00e4nn\u00f6llisyytt\u00e4, kest\u00e4vyytt\u00e4 ja \u00e4lykk\u00e4it\u00e4 tilaratkaisuja. T\u00e4ysin hitsattu merialumiinirunko <b data-path-to-node=\"3\" data-index-in-node=\"161\">AlMg 4.5 Mn \/ 5083<\/b>, paksuus 2\u20133 mm) tekee veneest\u00e4 poikkeuksellisen vankan, vaikka se painaa vain <b data-path-to-node=\"3\" data-index-in-node=\"259\">268 kg<\/b>. Malli on optimoitu <b data-path-to-node=\"5\" data-index-in-node=\"19\">25\u201340 hv<\/b> moottoreille, mik\u00e4 takaa taloudellisen ajon tinkim\u00e4tt\u00e4 suorituskyvyst\u00e4 tai ketteryydest\u00e4. Ergonomisesti sijoitettu <b data-path-to-node=\"5\" data-index-in-node=\"143\">ohjauskonsoli<\/b>, joka on varustettu tuulilasilla ja s\u00e4hk\u00f6paneelilla, varmistaa tarkan hallittavuuden ja ajomukavuuden kaikissa olosuhteissa. Harkittu kansiratkaisu pit\u00e4\u00e4 varusteet ja s\u00e4ilytystilat helposti k\u00e4den ulottuvilla.<\/p>\n<p>420 Rangy SC tarjoaa erinomaiset puitteet vaativallekin kalastajalle:<\/p>\n<ul>\n<li>T\u00e4ysin hitsattu merialumiinirunko<\/li>\n<li>Sopiva moottoriteho: 25\u201340 hv, RIKI 508 mm (L)<\/li>\n<li>Mekaaninen takaiskuja vaimentava ohjausj\u00e4rjestelm\u00e4 (Ultraflex T73 NRFC)<\/li>\n<li>Kuljettajan konsoli tuulilasilla<\/li>\n<li>Lukittava tila jopa nelj\u00e4lle 2,2 metrin vavalle.<\/li>\n<li>S\u00e4ilytyspaikat akuille, 25 L polttoaines\u00e4ili\u00f6lle ja varusteille<\/li>\n<li>Lis\u00e4varusteena 63 L sumppu<\/li>\n<li>Laadukas kuljettajan istuin jalalla<\/li>\n<li>Automaattinen pilssipumppu, USB-liit\u00e4nn\u00e4t, p\u00e4\u00e4virtakytkin<\/li>\n<li>Paikat kaikuluotaimen, \u00e4\u00e4nij\u00e4rjestelm\u00e4n, s\u00e4hk\u00f6moottorin ja ankkurivinssin asennuksille<\/li>\n<\/ul>\n","protected":false},"excerpt":{"rendered":"<p><strong>TEKNISET TIEDOT<\/strong><\/p>\n<table style=\"height: 169px;\" width=\"214\">\n<tbody>\n<tr>\n<td>Pituus, m<\/td>\n<td>4.20<\/td>\n<\/tr>\n<tr>\n<td>Leveys, m<\/td>\n<td>1.86<\/td>\n<\/tr>\n<tr>\n<td>Paino, kg<\/td>\n<td>268<\/td>\n<\/tr>\n<tr>\n<td>Moottori, hp<\/td>\n<td>25-40<\/td>\n<\/tr>\n<tr>\n<td>Maksimi henkil\u00f6m\u00e4\u00e4r\u00e4<\/td>\n<td>3<\/td>\n<\/tr>\n<tr>\n<td>Polttoaines\u00e4ili\u00f6, l<\/td>\n<td>25<\/td>\n<\/tr>\n<\/tbody>\n<\/table>\n","protected":false},"featured_media":103134,"template":"","meta":[],"product_brand":[3721],"product_cat":[3579],"product_tag":[],"class_list":{"0":"post-103136","1":"product","2":"type-product","3":"status-publish","4":"has-post-thumbnail","6":"product_brand-finval","7":"product_cat-finval-fi","8":"tm-has-options","10":"first","11":"instock","12":"taxable","13":"shipping-taxable","14":"purchasable","15":"product-type-simple"},"yoast_head":"<!-- This site is optimized with the Yoast SEO plugin v27.2 - https:\/\/yoast.com\/product\/yoast-seo-wordpress\/ -->\n<title>Finval 420 Rangy SC \u2013 Alumiininen kalastusvene<\/title>\n<meta name=\"description\" content=\"Tutustu Finval 420 Rangy SC -veneeseen \u2013 alumiininen kalastusvene, joka on optimoitu 25\u201340 hv moottoreille. Lis\u00e4varusteena saatavilla 63 L el\u00e4v\u00e4s\u00e4ilytysallas.\" \/>\n<meta name=\"robots\" content=\"index, follow, max-snippet:-1, max-image-preview:large, max-video-preview:-1\" \/>\n<link rel=\"canonical\" href=\"https:\/\/boat-service.ee\/fi\/pood\/veneet\/finval-fi\/finval-rangy-420-sc\/\" \/>\n<meta property=\"og:locale\" content=\"fi_FI\" \/>\n<meta property=\"og:type\" content=\"article\" \/>\n<meta property=\"og:title\" content=\"Finval 420 Rangy SC \u2013 Alumiininen kalastusvene\" \/>\n<meta property=\"og:description\" content=\"Tutustu Finval 420 Rangy SC -veneeseen \u2013 alumiininen kalastusvene, joka on optimoitu 25\u201340 hv moottoreille. Lis\u00e4varusteena saatavilla 63 L el\u00e4v\u00e4s\u00e4ilytysallas.\" \/>\n<meta property=\"og:url\" content=\"https:\/\/boat-service.ee\/fi\/pood\/veneet\/finval-fi\/finval-rangy-420-sc\/\" \/>\n<meta property=\"og:site_name\" content=\"Boat Service Estonia\" \/>\n<meta property=\"article:publisher\" content=\"https:\/\/www.facebook.com\/boatserviceestonia\" \/>\n<meta property=\"article:modified_time\" content=\"2026-04-13T08:43:12+00:00\" \/>\n<meta property=\"og:image\" content=\"https:\/\/boat-service.ee\/wp-content\/uploads\/2025\/11\/Finval-rangy-420-SCMAIN_final.jpg\" \/>\n\t<meta property=\"og:image:width\" content=\"802\" \/>\n\t<meta property=\"og:image:height\" content=\"802\" \/>\n\t<meta property=\"og:image:type\" content=\"image\/jpeg\" \/>\n<meta name=\"twitter:card\" content=\"summary_large_image\" \/>\n<meta name=\"twitter:label1\" content=\"Arvioitu lukuaika\" \/>\n\t<meta name=\"twitter:data1\" content=\"1 minuutti\" \/>\n<script type=\"application\/ld+json\" class=\"yoast-schema-graph\">{\"@context\":\"https:\/\/schema.org\",\"@graph\":[{\"@type\":\"WebPage\",\"@id\":\"https:\/\/boat-service.ee\/fi\/pood\/veneet\/finval-fi\/finval-rangy-420-sc\/\",\"url\":\"https:\/\/boat-service.ee\/fi\/pood\/veneet\/finval-fi\/finval-rangy-420-sc\/\",\"name\":\"Finval 420 Rangy SC \u2013 Alumiininen kalastusvene\",\"isPartOf\":{\"@id\":\"https:\/\/boat-service.ee\/fi\/#website\"},\"primaryImageOfPage\":{\"@id\":\"https:\/\/boat-service.ee\/fi\/pood\/veneet\/finval-fi\/finval-rangy-420-sc\/#primaryimage\"},\"image\":{\"@id\":\"https:\/\/boat-service.ee\/fi\/pood\/veneet\/finval-fi\/finval-rangy-420-sc\/#primaryimage\"},\"thumbnailUrl\":\"https:\/\/boat-service.ee\/wp-content\/uploads\/2025\/11\/Finval-rangy-420-SCMAIN_final.jpg\",\"datePublished\":\"2025-11-11T08:19:31+00:00\",\"dateModified\":\"2026-04-13T08:43:12+00:00\",\"description\":\"Tutustu Finval 420 Rangy SC -veneeseen \u2013 alumiininen kalastusvene, joka on optimoitu 25\u201340 hv moottoreille. Lis\u00e4varusteena saatavilla 63 L el\u00e4v\u00e4s\u00e4ilytysallas.\",\"breadcrumb\":{\"@id\":\"https:\/\/boat-service.ee\/fi\/pood\/veneet\/finval-fi\/finval-rangy-420-sc\/#breadcrumb\"},\"inLanguage\":\"fi\",\"potentialAction\":[{\"@type\":\"ReadAction\",\"target\":[\"https:\/\/boat-service.ee\/fi\/pood\/veneet\/finval-fi\/finval-rangy-420-sc\/\"]}]},{\"@type\":\"ImageObject\",\"inLanguage\":\"fi\",\"@id\":\"https:\/\/boat-service.ee\/fi\/pood\/veneet\/finval-fi\/finval-rangy-420-sc\/#primaryimage\",\"url\":\"https:\/\/boat-service.ee\/wp-content\/uploads\/2025\/11\/Finval-rangy-420-SCMAIN_final.jpg\",\"contentUrl\":\"https:\/\/boat-service.ee\/wp-content\/uploads\/2025\/11\/Finval-rangy-420-SCMAIN_final.jpg\",\"width\":802,\"height\":802,\"caption\":\"Finval Rangy 420 sc BSE\"},{\"@type\":\"BreadcrumbList\",\"@id\":\"https:\/\/boat-service.ee\/fi\/pood\/veneet\/finval-fi\/finval-rangy-420-sc\/#breadcrumb\",\"itemListElement\":[{\"@type\":\"ListItem\",\"position\":1,\"name\":\"Home\",\"item\":\"https:\/\/boat-service.ee\/fi\/\"},{\"@type\":\"ListItem\",\"position\":2,\"name\":\"Pood\",\"item\":\"https:\/\/boat-service.ee\/en\/shop\/\"},{\"@type\":\"ListItem\",\"position\":3,\"name\":\"Finval Rangy 420 SC\"}]},{\"@type\":\"WebSite\",\"@id\":\"https:\/\/boat-service.ee\/fi\/#website\",\"url\":\"https:\/\/boat-service.ee\/fi\/\",\"name\":\"Boat Service Estonia\",\"description\":\"Boat Service Estonia - Mootorpaadid, treilerid, mootorid\",\"publisher\":{\"@id\":\"https:\/\/boat-service.ee\/fi\/#organization\"},\"potentialAction\":[{\"@type\":\"SearchAction\",\"target\":{\"@type\":\"EntryPoint\",\"urlTemplate\":\"https:\/\/boat-service.ee\/fi\/?s={search_term_string}\"},\"query-input\":{\"@type\":\"PropertyValueSpecification\",\"valueRequired\":true,\"valueName\":\"search_term_string\"}}],\"inLanguage\":\"fi\"},{\"@type\":\"Organization\",\"@id\":\"https:\/\/boat-service.ee\/fi\/#organization\",\"name\":\"KALASTUSPOOD O\u00dc\",\"url\":\"https:\/\/boat-service.ee\/fi\/\",\"logo\":{\"@type\":\"ImageObject\",\"inLanguage\":\"fi\",\"@id\":\"https:\/\/boat-service.ee\/fi\/#\/schema\/logo\/image\/\",\"url\":\"https:\/\/boat-service.ee\/wp-content\/uploads\/2023\/05\/impLogo.png\",\"contentUrl\":\"https:\/\/boat-service.ee\/wp-content\/uploads\/2023\/05\/impLogo.png\",\"width\":270,\"height\":107,\"caption\":\"KALASTUSPOOD O\u00dc\"},\"image\":{\"@id\":\"https:\/\/boat-service.ee\/fi\/#\/schema\/logo\/image\/\"},\"sameAs\":[\"https:\/\/www.facebook.com\/boatserviceestonia\",\"https:\/\/www.instagram.com\/kalastus_ja_paadipood\/\"]}]}<\/script>\n<!-- \/ Yoast SEO plugin. -->","yoast_head_json":{"title":"Finval 420 Rangy SC \u2013 Alumiininen kalastusvene","description":"Tutustu Finval 420 Rangy SC -veneeseen \u2013 alumiininen kalastusvene, joka on optimoitu 25\u201340 hv moottoreille. Lis\u00e4varusteena saatavilla 63 L el\u00e4v\u00e4s\u00e4ilytysallas.","robots":{"index":"index","follow":"follow","max-snippet":"max-snippet:-1","max-image-preview":"max-image-preview:large","max-video-preview":"max-video-preview:-1"},"canonical":"https:\/\/boat-service.ee\/fi\/pood\/veneet\/finval-fi\/finval-rangy-420-sc\/","og_locale":"fi_FI","og_type":"article","og_title":"Finval 420 Rangy SC \u2013 Alumiininen kalastusvene","og_description":"Tutustu Finval 420 Rangy SC -veneeseen \u2013 alumiininen kalastusvene, joka on optimoitu 25\u201340 hv moottoreille. Lis\u00e4varusteena saatavilla 63 L el\u00e4v\u00e4s\u00e4ilytysallas.","og_url":"https:\/\/boat-service.ee\/fi\/pood\/veneet\/finval-fi\/finval-rangy-420-sc\/","og_site_name":"Boat Service Estonia","article_publisher":"https:\/\/www.facebook.com\/boatserviceestonia","article_modified_time":"2026-04-13T08:43:12+00:00","og_image":[{"width":802,"height":802,"url":"https:\/\/boat-service.ee\/wp-content\/uploads\/2025\/11\/Finval-rangy-420-SCMAIN_final.jpg","type":"image\/jpeg"}],"twitter_card":"summary_large_image","twitter_misc":{"Arvioitu lukuaika":"1 minuutti"},"schema":{"@context":"https:\/\/schema.org","@graph":[{"@type":"WebPage","@id":"https:\/\/boat-service.ee\/fi\/pood\/veneet\/finval-fi\/finval-rangy-420-sc\/","url":"https:\/\/boat-service.ee\/fi\/pood\/veneet\/finval-fi\/finval-rangy-420-sc\/","name":"Finval 420 Rangy SC \u2013 Alumiininen kalastusvene","isPartOf":{"@id":"https:\/\/boat-service.ee\/fi\/#website"},"primaryImageOfPage":{"@id":"https:\/\/boat-service.ee\/fi\/pood\/veneet\/finval-fi\/finval-rangy-420-sc\/#primaryimage"},"image":{"@id":"https:\/\/boat-service.ee\/fi\/pood\/veneet\/finval-fi\/finval-rangy-420-sc\/#primaryimage"},"thumbnailUrl":"https:\/\/boat-service.ee\/wp-content\/uploads\/2025\/11\/Finval-rangy-420-SCMAIN_final.jpg","datePublished":"2025-11-11T08:19:31+00:00","dateModified":"2026-04-13T08:43:12+00:00","description":"Tutustu Finval 420 Rangy SC -veneeseen \u2013 alumiininen kalastusvene, joka on optimoitu 25\u201340 hv moottoreille. Lis\u00e4varusteena saatavilla 63 L el\u00e4v\u00e4s\u00e4ilytysallas.","breadcrumb":{"@id":"https:\/\/boat-service.ee\/fi\/pood\/veneet\/finval-fi\/finval-rangy-420-sc\/#breadcrumb"},"inLanguage":"fi","potentialAction":[{"@type":"ReadAction","target":["https:\/\/boat-service.ee\/fi\/pood\/veneet\/finval-fi\/finval-rangy-420-sc\/"]}]},{"@type":"ImageObject","inLanguage":"fi","@id":"https:\/\/boat-service.ee\/fi\/pood\/veneet\/finval-fi\/finval-rangy-420-sc\/#primaryimage","url":"https:\/\/boat-service.ee\/wp-content\/uploads\/2025\/11\/Finval-rangy-420-SCMAIN_final.jpg","contentUrl":"https:\/\/boat-service.ee\/wp-content\/uploads\/2025\/11\/Finval-rangy-420-SCMAIN_final.jpg","width":802,"height":802,"caption":"Finval Rangy 420 sc BSE"},{"@type":"BreadcrumbList","@id":"https:\/\/boat-service.ee\/fi\/pood\/veneet\/finval-fi\/finval-rangy-420-sc\/#breadcrumb","itemListElement":[{"@type":"ListItem","position":1,"name":"Home","item":"https:\/\/boat-service.ee\/fi\/"},{"@type":"ListItem","position":2,"name":"Pood","item":"https:\/\/boat-service.ee\/en\/shop\/"},{"@type":"ListItem","position":3,"name":"Finval Rangy 420 SC"}]},{"@type":"WebSite","@id":"https:\/\/boat-service.ee\/fi\/#website","url":"https:\/\/boat-service.ee\/fi\/","name":"Boat Service Estonia","description":"Boat Service Estonia - Mootorpaadid, treilerid, mootorid","publisher":{"@id":"https:\/\/boat-service.ee\/fi\/#organization"},"potentialAction":[{"@type":"SearchAction","target":{"@type":"EntryPoint","urlTemplate":"https:\/\/boat-service.ee\/fi\/?s={search_term_string}"},"query-input":{"@type":"PropertyValueSpecification","valueRequired":true,"valueName":"search_term_string"}}],"inLanguage":"fi"},{"@type":"Organization","@id":"https:\/\/boat-service.ee\/fi\/#organization","name":"KALASTUSPOOD O\u00dc","url":"https:\/\/boat-service.ee\/fi\/","logo":{"@type":"ImageObject","inLanguage":"fi","@id":"https:\/\/boat-service.ee\/fi\/#\/schema\/logo\/image\/","url":"https:\/\/boat-service.ee\/wp-content\/uploads\/2023\/05\/impLogo.png","contentUrl":"https:\/\/boat-service.ee\/wp-content\/uploads\/2023\/05\/impLogo.png","width":270,"height":107,"caption":"KALASTUSPOOD O\u00dc"},"image":{"@id":"https:\/\/boat-service.ee\/fi\/#\/schema\/logo\/image\/"},"sameAs":["https:\/\/www.facebook.com\/boatserviceestonia","https:\/\/www.instagram.com\/kalastus_ja_paadipood\/"]}]}},"_links":{"self":[{"href":"https:\/\/boat-service.ee\/fi\/wp-json\/wp\/v2\/product\/103136","targetHints":{"allow":["GET"]}}],"collection":[{"href":"https:\/\/boat-service.ee\/fi\/wp-json\/wp\/v2\/product"}],"about":[{"href":"https:\/\/boat-service.ee\/fi\/wp-json\/wp\/v2\/types\/product"}],"wp:featuredmedia":[{"embeddable":true,"href":"https:\/\/boat-service.ee\/fi\/wp-json\/wp\/v2\/media\/103134"}],"wp:attachment":[{"href":"https:\/\/boat-service.ee\/fi\/wp-json\/wp\/v2\/media?parent=103136"}],"wp:term":[{"taxonomy":"product_brand","embeddable":true,"href":"https:\/\/boat-service.ee\/fi\/wp-json\/wp\/v2\/product_brand?post=103136"},{"taxonomy":"product_cat","embeddable":true,"href":"https:\/\/boat-service.ee\/fi\/wp-json\/wp\/v2\/product_cat?post=103136"},{"taxonomy":"product_tag","embeddable":true,"href":"https:\/\/boat-service.ee\/fi\/wp-json\/wp\/v2\/product_tag?post=103136"}],"curies":[{"name":"wp","href":"https:\/\/api.w.org\/{rel}","templated":true}]}}