{"id":102938,"date":"2023-09-06T13:43:39","date_gmt":"2023-09-06T11:43:39","guid":{"rendered":"https:\/\/boat-service.ee\/pood\/Ei-luokiteltu\/finval-470-evo-dc\/"},"modified":"2026-04-13T11:37:18","modified_gmt":"2026-04-13T09:37:18","slug":"finval-470-evo-dc","status":"publish","type":"product","link":"https:\/\/boat-service.ee\/fi\/pood\/veneet\/finval-fi\/evo-fi\/finval-470-evo-dc\/","title":{"rendered":"Finval 470 Evo DC"},"content":{"rendered":"<p>Finval 470 Evo DC on t\u00e4ysalumiininen vene, joka on suunniteltu pienille ja keskisuurille vesist\u00f6ille. Vain 440 kg painava 470 Evo saavuttaa helposti plaanausnopeuden 60 hv:n moottorilla. Finval 470 Evo DC saavuttaa 60 hv moottorilla mukavan huippunopeuden 57\u201360 km\/h. Jos etsit matalaa syv\u00e4yst\u00e4, kalastusmukavuutta, poikkeuksellista keveytt\u00e4 ja nopeutta, mutta tarvitset my\u00f6s runsaasti tilaa ja mukavuutta perheellesi, Finval 470 Evo DC t\u00e4ytt\u00e4\u00e4 tarpeesi t\u00e4ysin.<\/p>\n<p>VAKIOVARUSTEET<\/p>\n<p class=\"remove-all-margins\">T\u00e4ysin hitsattu alumiinirunko AlMg4,5Mn (5083), paksuus 2\u20133 mm<br \/>\nTeipatut kyljet<br \/>\nTuplapulpetti tuulilasilla<br \/>\nKeulan heittotaso ja lattia p\u00e4\u00e4llysetty marine vinyylill\u00e4<br \/>\nTakaheittotaso aukiharjattua mattoa<br \/>\nP\u00e4\u00e4kytkin<br \/>\n2 X USB 5V2A-pistoketta matkustajan ja kapteenin pulpetissa<br \/>\n12V pistoke<br \/>\nLED navigaatiovalot<br \/>\nRST knaapit 4 kpl.<br \/>\nRST mukitelineet<br \/>\nAutomaattipilssipumppu<br \/>\nSumppu<\/p>\n","protected":false},"excerpt":{"rendered":"<p><strong>TEKNISET TIEDOT<\/strong><\/p>\n<table style=\"height: 198px;\" width=\"288\">\n<tbody>\n<tr>\n<td>Pituus, m<\/td>\n<td>4.65<\/td>\n<\/tr>\n<tr>\n<td>Leveys, m<\/td>\n<td>1.96<\/td>\n<\/tr>\n<tr>\n<td>Tyhj\u00e4paino, kg<\/td>\n<td>440<\/td>\n<\/tr>\n<tr>\n<td>Moottori, hv<\/td>\n<td>40-70<\/td>\n<\/tr>\n<tr>\n<td>Maksimaalinen henkil\u00f6m\u00e4\u00e4r\u00e4<\/td>\n<td>4+1<\/td>\n<\/tr>\n<tr>\n<td>Polttoaines\u00e4ili\u00f6, l<\/td>\n<td>55<\/td>\n<\/tr>\n<tr>\n<td>Vapapaikka (m\u00e4\u00e4r\u00e4\/pituus)<\/td>\n<td>4 \/ 2.5m<\/td>\n<\/tr>\n<\/tbody>\n<\/table>\n","protected":false},"featured_media":103002,"template":"","meta":[],"product_brand":[3721],"product_cat":[3427,3579,3581],"product_tag":[],"class_list":{"0":"post-102938","1":"product","2":"type-product","3":"status-publish","4":"has-post-thumbnail","6":"product_brand-finval","7":"product_cat-veneet","8":"product_cat-finval-fi","9":"product_cat-evo-fi","10":"product_shipping_class-alumiinium-ja-plastikpaadid-normaal","11":"tm-has-options","13":"first","14":"instock","15":"taxable","16":"shipping-taxable","17":"purchasable","18":"product-type-simple"},"yoast_head":"<!-- This site is optimized with the Yoast SEO plugin v27.2 - https:\/\/yoast.com\/product\/yoast-seo-wordpress\/ -->\n<title>Finval 470 Evo DC - Boat Service Estonia<\/title>\n<meta name=\"robots\" content=\"index, follow, max-snippet:-1, max-image-preview:large, max-video-preview:-1\" \/>\n<link rel=\"canonical\" href=\"https:\/\/boat-service.ee\/fi\/pood\/veneet\/finval-fi\/evo-fi\/finval-470-evo-dc\/\" \/>\n<meta property=\"og:locale\" content=\"fi_FI\" \/>\n<meta property=\"og:type\" content=\"article\" \/>\n<meta property=\"og:title\" content=\"Finval 470 Evo DC - Boat Service Estonia\" \/>\n<meta property=\"og:description\" content=\"TEKNISET TIEDOT    Pituus, m 4.65   Leveys, m 1.96   Tyhj\u00e4paino, kg 440   Moottori, hv 40-70   Maksimaalinen henkil\u00f6m\u00e4\u00e4r\u00e4 4+1   Polttoaines\u00e4ili\u00f6, l 55   Vapapaikka (m\u00e4\u00e4r\u00e4\/pituus) 4 \/ 2.5m\" \/>\n<meta property=\"og:url\" content=\"https:\/\/boat-service.ee\/fi\/pood\/veneet\/finval-fi\/evo-fi\/finval-470-evo-dc\/\" \/>\n<meta property=\"og:site_name\" content=\"Boat Service Estonia\" \/>\n<meta property=\"article:publisher\" content=\"https:\/\/www.facebook.com\/boatserviceestonia\" \/>\n<meta property=\"article:modified_time\" content=\"2026-04-13T09:37:18+00:00\" \/>\n<meta property=\"og:image\" content=\"https:\/\/boat-service.ee\/wp-content\/uploads\/2023\/09\/FINVAL_EVO_DC_470_Main.jpg\" \/>\n\t<meta property=\"og:image:width\" content=\"800\" \/>\n\t<meta property=\"og:image:height\" content=\"800\" \/>\n\t<meta property=\"og:image:type\" content=\"image\/jpeg\" \/>\n<meta name=\"twitter:card\" content=\"summary_large_image\" \/>\n<meta name=\"twitter:label1\" content=\"Arvioitu lukuaika\" \/>\n\t<meta name=\"twitter:data1\" content=\"1 minuutti\" \/>\n<script type=\"application\/ld+json\" class=\"yoast-schema-graph\">{\"@context\":\"https:\/\/schema.org\",\"@graph\":[{\"@type\":\"WebPage\",\"@id\":\"https:\/\/boat-service.ee\/fi\/pood\/veneet\/finval-fi\/evo-fi\/finval-470-evo-dc\/\",\"url\":\"https:\/\/boat-service.ee\/fi\/pood\/veneet\/finval-fi\/evo-fi\/finval-470-evo-dc\/\",\"name\":\"Finval 470 Evo DC - Boat Service Estonia\",\"isPartOf\":{\"@id\":\"https:\/\/boat-service.ee\/fi\/#website\"},\"primaryImageOfPage\":{\"@id\":\"https:\/\/boat-service.ee\/fi\/pood\/veneet\/finval-fi\/evo-fi\/finval-470-evo-dc\/#primaryimage\"},\"image\":{\"@id\":\"https:\/\/boat-service.ee\/fi\/pood\/veneet\/finval-fi\/evo-fi\/finval-470-evo-dc\/#primaryimage\"},\"thumbnailUrl\":\"https:\/\/boat-service.ee\/wp-content\/uploads\/2023\/09\/FINVAL_EVO_DC_470_Main.jpg\",\"datePublished\":\"2023-09-06T11:43:39+00:00\",\"dateModified\":\"2026-04-13T09:37:18+00:00\",\"breadcrumb\":{\"@id\":\"https:\/\/boat-service.ee\/fi\/pood\/veneet\/finval-fi\/evo-fi\/finval-470-evo-dc\/#breadcrumb\"},\"inLanguage\":\"fi\",\"potentialAction\":[{\"@type\":\"ReadAction\",\"target\":[\"https:\/\/boat-service.ee\/fi\/pood\/veneet\/finval-fi\/evo-fi\/finval-470-evo-dc\/\"]}]},{\"@type\":\"ImageObject\",\"inLanguage\":\"fi\",\"@id\":\"https:\/\/boat-service.ee\/fi\/pood\/veneet\/finval-fi\/evo-fi\/finval-470-evo-dc\/#primaryimage\",\"url\":\"https:\/\/boat-service.ee\/wp-content\/uploads\/2023\/09\/FINVAL_EVO_DC_470_Main.jpg\",\"contentUrl\":\"https:\/\/boat-service.ee\/wp-content\/uploads\/2023\/09\/FINVAL_EVO_DC_470_Main.jpg\",\"width\":800,\"height\":800},{\"@type\":\"BreadcrumbList\",\"@id\":\"https:\/\/boat-service.ee\/fi\/pood\/veneet\/finval-fi\/evo-fi\/finval-470-evo-dc\/#breadcrumb\",\"itemListElement\":[{\"@type\":\"ListItem\",\"position\":1,\"name\":\"Home\",\"item\":\"https:\/\/boat-service.ee\/fi\/\"},{\"@type\":\"ListItem\",\"position\":2,\"name\":\"Pood\",\"item\":\"https:\/\/boat-service.ee\/en\/shop\/\"},{\"@type\":\"ListItem\",\"position\":3,\"name\":\"Finval 470 Evo DC\"}]},{\"@type\":\"WebSite\",\"@id\":\"https:\/\/boat-service.ee\/fi\/#website\",\"url\":\"https:\/\/boat-service.ee\/fi\/\",\"name\":\"Boat Service Estonia\",\"description\":\"Boat Service Estonia - Mootorpaadid, treilerid, mootorid\",\"publisher\":{\"@id\":\"https:\/\/boat-service.ee\/fi\/#organization\"},\"potentialAction\":[{\"@type\":\"SearchAction\",\"target\":{\"@type\":\"EntryPoint\",\"urlTemplate\":\"https:\/\/boat-service.ee\/fi\/?s={search_term_string}\"},\"query-input\":{\"@type\":\"PropertyValueSpecification\",\"valueRequired\":true,\"valueName\":\"search_term_string\"}}],\"inLanguage\":\"fi\"},{\"@type\":\"Organization\",\"@id\":\"https:\/\/boat-service.ee\/fi\/#organization\",\"name\":\"KALASTUSPOOD O\u00dc\",\"url\":\"https:\/\/boat-service.ee\/fi\/\",\"logo\":{\"@type\":\"ImageObject\",\"inLanguage\":\"fi\",\"@id\":\"https:\/\/boat-service.ee\/fi\/#\/schema\/logo\/image\/\",\"url\":\"https:\/\/boat-service.ee\/wp-content\/uploads\/2023\/05\/impLogo.png\",\"contentUrl\":\"https:\/\/boat-service.ee\/wp-content\/uploads\/2023\/05\/impLogo.png\",\"width\":270,\"height\":107,\"caption\":\"KALASTUSPOOD O\u00dc\"},\"image\":{\"@id\":\"https:\/\/boat-service.ee\/fi\/#\/schema\/logo\/image\/\"},\"sameAs\":[\"https:\/\/www.facebook.com\/boatserviceestonia\",\"https:\/\/www.instagram.com\/kalastus_ja_paadipood\/\"]}]}<\/script>\n<!-- \/ Yoast SEO plugin. -->","yoast_head_json":{"title":"Finval 470 Evo DC - Boat Service Estonia","robots":{"index":"index","follow":"follow","max-snippet":"max-snippet:-1","max-image-preview":"max-image-preview:large","max-video-preview":"max-video-preview:-1"},"canonical":"https:\/\/boat-service.ee\/fi\/pood\/veneet\/finval-fi\/evo-fi\/finval-470-evo-dc\/","og_locale":"fi_FI","og_type":"article","og_title":"Finval 470 Evo DC - Boat Service Estonia","og_description":"TEKNISET TIEDOT    Pituus, m 4.65   Leveys, m 1.96   Tyhj\u00e4paino, kg 440   Moottori, hv 40-70   Maksimaalinen henkil\u00f6m\u00e4\u00e4r\u00e4 4+1   Polttoaines\u00e4ili\u00f6, l 55   Vapapaikka (m\u00e4\u00e4r\u00e4\/pituus) 4 \/ 2.5m","og_url":"https:\/\/boat-service.ee\/fi\/pood\/veneet\/finval-fi\/evo-fi\/finval-470-evo-dc\/","og_site_name":"Boat Service Estonia","article_publisher":"https:\/\/www.facebook.com\/boatserviceestonia","article_modified_time":"2026-04-13T09:37:18+00:00","og_image":[{"width":800,"height":800,"url":"https:\/\/boat-service.ee\/wp-content\/uploads\/2023\/09\/FINVAL_EVO_DC_470_Main.jpg","type":"image\/jpeg"}],"twitter_card":"summary_large_image","twitter_misc":{"Arvioitu lukuaika":"1 minuutti"},"schema":{"@context":"https:\/\/schema.org","@graph":[{"@type":"WebPage","@id":"https:\/\/boat-service.ee\/fi\/pood\/veneet\/finval-fi\/evo-fi\/finval-470-evo-dc\/","url":"https:\/\/boat-service.ee\/fi\/pood\/veneet\/finval-fi\/evo-fi\/finval-470-evo-dc\/","name":"Finval 470 Evo DC - Boat Service Estonia","isPartOf":{"@id":"https:\/\/boat-service.ee\/fi\/#website"},"primaryImageOfPage":{"@id":"https:\/\/boat-service.ee\/fi\/pood\/veneet\/finval-fi\/evo-fi\/finval-470-evo-dc\/#primaryimage"},"image":{"@id":"https:\/\/boat-service.ee\/fi\/pood\/veneet\/finval-fi\/evo-fi\/finval-470-evo-dc\/#primaryimage"},"thumbnailUrl":"https:\/\/boat-service.ee\/wp-content\/uploads\/2023\/09\/FINVAL_EVO_DC_470_Main.jpg","datePublished":"2023-09-06T11:43:39+00:00","dateModified":"2026-04-13T09:37:18+00:00","breadcrumb":{"@id":"https:\/\/boat-service.ee\/fi\/pood\/veneet\/finval-fi\/evo-fi\/finval-470-evo-dc\/#breadcrumb"},"inLanguage":"fi","potentialAction":[{"@type":"ReadAction","target":["https:\/\/boat-service.ee\/fi\/pood\/veneet\/finval-fi\/evo-fi\/finval-470-evo-dc\/"]}]},{"@type":"ImageObject","inLanguage":"fi","@id":"https:\/\/boat-service.ee\/fi\/pood\/veneet\/finval-fi\/evo-fi\/finval-470-evo-dc\/#primaryimage","url":"https:\/\/boat-service.ee\/wp-content\/uploads\/2023\/09\/FINVAL_EVO_DC_470_Main.jpg","contentUrl":"https:\/\/boat-service.ee\/wp-content\/uploads\/2023\/09\/FINVAL_EVO_DC_470_Main.jpg","width":800,"height":800},{"@type":"BreadcrumbList","@id":"https:\/\/boat-service.ee\/fi\/pood\/veneet\/finval-fi\/evo-fi\/finval-470-evo-dc\/#breadcrumb","itemListElement":[{"@type":"ListItem","position":1,"name":"Home","item":"https:\/\/boat-service.ee\/fi\/"},{"@type":"ListItem","position":2,"name":"Pood","item":"https:\/\/boat-service.ee\/en\/shop\/"},{"@type":"ListItem","position":3,"name":"Finval 470 Evo DC"}]},{"@type":"WebSite","@id":"https:\/\/boat-service.ee\/fi\/#website","url":"https:\/\/boat-service.ee\/fi\/","name":"Boat Service Estonia","description":"Boat Service Estonia - Mootorpaadid, treilerid, mootorid","publisher":{"@id":"https:\/\/boat-service.ee\/fi\/#organization"},"potentialAction":[{"@type":"SearchAction","target":{"@type":"EntryPoint","urlTemplate":"https:\/\/boat-service.ee\/fi\/?s={search_term_string}"},"query-input":{"@type":"PropertyValueSpecification","valueRequired":true,"valueName":"search_term_string"}}],"inLanguage":"fi"},{"@type":"Organization","@id":"https:\/\/boat-service.ee\/fi\/#organization","name":"KALASTUSPOOD O\u00dc","url":"https:\/\/boat-service.ee\/fi\/","logo":{"@type":"ImageObject","inLanguage":"fi","@id":"https:\/\/boat-service.ee\/fi\/#\/schema\/logo\/image\/","url":"https:\/\/boat-service.ee\/wp-content\/uploads\/2023\/05\/impLogo.png","contentUrl":"https:\/\/boat-service.ee\/wp-content\/uploads\/2023\/05\/impLogo.png","width":270,"height":107,"caption":"KALASTUSPOOD O\u00dc"},"image":{"@id":"https:\/\/boat-service.ee\/fi\/#\/schema\/logo\/image\/"},"sameAs":["https:\/\/www.facebook.com\/boatserviceestonia","https:\/\/www.instagram.com\/kalastus_ja_paadipood\/"]}]}},"_links":{"self":[{"href":"https:\/\/boat-service.ee\/fi\/wp-json\/wp\/v2\/product\/102938","targetHints":{"allow":["GET"]}}],"collection":[{"href":"https:\/\/boat-service.ee\/fi\/wp-json\/wp\/v2\/product"}],"about":[{"href":"https:\/\/boat-service.ee\/fi\/wp-json\/wp\/v2\/types\/product"}],"wp:featuredmedia":[{"embeddable":true,"href":"https:\/\/boat-service.ee\/fi\/wp-json\/wp\/v2\/media\/103002"}],"wp:attachment":[{"href":"https:\/\/boat-service.ee\/fi\/wp-json\/wp\/v2\/media?parent=102938"}],"wp:term":[{"taxonomy":"product_brand","embeddable":true,"href":"https:\/\/boat-service.ee\/fi\/wp-json\/wp\/v2\/product_brand?post=102938"},{"taxonomy":"product_cat","embeddable":true,"href":"https:\/\/boat-service.ee\/fi\/wp-json\/wp\/v2\/product_cat?post=102938"},{"taxonomy":"product_tag","embeddable":true,"href":"https:\/\/boat-service.ee\/fi\/wp-json\/wp\/v2\/product_tag?post=102938"}],"curies":[{"name":"wp","href":"https:\/\/api.w.org\/{rel}","templated":true}]}}