{"id":102917,"date":"2023-09-06T14:54:57","date_gmt":"2023-09-06T12:54:57","guid":{"rendered":"https:\/\/boat-service.ee\/pood\/Ei-luokiteltu\/finval-505-fishpro-dc-cb\/"},"modified":"2023-09-06T14:54:57","modified_gmt":"2023-09-06T12:54:57","slug":"finval-505-fishpro-dc-cb","status":"publish","type":"product","link":"https:\/\/boat-service.ee\/fi\/pood\/veneet\/finval-fi\/fishpro\/finval-505-fishpro-dc-cb\/","title":{"rendered":"Finval 505 FishPro DC CB"},"content":{"rendered":"<p><strong>VAKIOVARUSTUS<\/strong><\/p>\n<p>T\u00e4ysin hitsattu AlMg4,5Mn (5083) merialuminiumista. Materiaalin paksuus: 3mm<br \/>\nRaptor\u00ae kulutusta kest\u00e4v\u00e4 ja liukumaton kylkiviimeistely, konsoleissa ja per\u00e4ss\u00e4.<br \/>\nUlkosivut on tarroitettu (erilaisia v\u00e4rivaihtoehtoja)<br \/>\nKaksi konsolia, joiden alla hyllyt ja joiden keskell\u00e4 l\u00e4pin\u00e4kyv\u00e4 jalkak\u00e4yt\u00e4v\u00e4n ovi<br \/>\nKeulakansi ja ohjaam\u043e p\u00e4\u00e4llystetty merivinyylikank\u00e4\u00e4ll\u00e4<br \/>\nSein\u00e4t ja per\u00e4kansi p\u00e4\u00e4llystetty meriluokan matolla<br \/>\nSis\u00e4\u00e4nrakennettu polttoainej\u00e4rjestelm\u00e4 88L alumiinis\u00e4ili\u00f6ll\u00e4<br \/>\nVapalaatikko kuudelle jopa 2,7m vavalle<br \/>\nMuovinen 110-litrainen el\u00e4v\u00e4n kalan s\u00e4ili\u00f6<br \/>\nKaksi Premium-istuinta (kapteeni ja matkustaja)<br \/>\n2x 12V virtapistorasia matkustaja- ja kapteenikonsolissa;<br \/>\nLED-valot konsolin kiinteiss\u00e4 lokeroissa keulakan\u043della<br \/>\nAvoimet hyllyt sis\u00e4\u00e4nrakennetuilla mukipidikkeill\u00e4 oikealla ja vasemmalla puolella<br \/>\n4 kiinnitysrengasta<br \/>\nUltraflex T73 NRFC mekaaninen ohjausj\u00e4rjestelm\u00e4, ohjauspy\u00f6r\u00e4, ohjauskaapeli<br \/>\nAutomaattinen tyhjennys(pilssi)pumppu<\/p>\n","protected":false},"excerpt":{"rendered":"<p><strong>TEKNISET TIEDOT<\/strong><\/p>\n<table>\n<tbody>\n<tr>\n<td>Pituus, m<\/td>\n<td>5.05<\/td>\n<\/tr>\n<tr>\n<td>Leveys, m<\/td>\n<td>2.1<\/td>\n<\/tr>\n<tr>\n<td>Tyhj\u00e4paino, kg<\/td>\n<td>675<\/td>\n<\/tr>\n<tr>\n<td>Moottori, hv<\/td>\n<td>70-115<\/td>\n<\/tr>\n<tr>\n<td>Maksimaalinen henkil\u00f6m\u00e4\u00e4r\u00e4<\/td>\n<td>5<\/td>\n<\/tr>\n<tr>\n<td>Polttoaines\u00e4ili\u00f6, l<\/td>\n<td>88<\/td>\n<\/tr>\n<tr>\n<td>El\u00e4v\u00e4n kalan s\u00e4ili\u00f6, l<\/td>\n<td>110<\/td>\n<\/tr>\n<tr>\n<td>Vapojen s\u00e4ilytys (m\u00e4\u00e4r\u00e4\/pituus)<\/td>\n<td>6\/2,7 m<\/td>\n<\/tr>\n<tr>\n<td>Konsoli<\/td>\n<td>DC<\/td>\n<\/tr>\n<tr>\n<td>Alusta<\/td>\n<td>CB<\/td>\n<\/tr>\n<\/tbody>\n<\/table>\n<p><iframe loading=\"lazy\" title=\"YouTube video player\" src=\"https:\/\/www.youtube.com\/embed\/diU_X6kIwrU?si=BenEUV6HLbjKw_cu\" width=\"560\" height=\"315\" frameborder=\"0\" allowfullscreen=\"allowfullscreen\"><\/iframe><\/p>\n","protected":false},"featured_media":102937,"template":"","meta":[],"product_brand":[],"product_cat":[3427,3579,3582],"product_tag":[],"class_list":{"0":"post-102917","1":"product","2":"type-product","3":"status-publish","4":"has-post-thumbnail","6":"product_cat-veneet","7":"product_cat-finval-fi","8":"product_cat-fishpro","9":"product_shipping_class-alumiinium-ja-plastikpaadid-normaal","10":"tm-has-options","12":"first","13":"instock","14":"taxable","15":"shipping-taxable","16":"purchasable","17":"product-type-simple"},"yoast_head":"<!-- This site is optimized with the Yoast SEO plugin v27.2 - https:\/\/yoast.com\/product\/yoast-seo-wordpress\/ -->\n<title>Finval 505 FishPro DC CB - Boat Service Estonia<\/title>\n<meta name=\"description\" content=\"Tarjoamme kokonaisratkaisun yhdess\u00e4 venemoottorin, veneper\u00e4vaunun ja muun tarvittavan merielektroniikan kanssa. Pyyd\u00e4 tarjous Finval-veneiden viralliselta maahantuojalta.\" \/>\n<meta name=\"robots\" content=\"index, follow, max-snippet:-1, max-image-preview:large, max-video-preview:-1\" \/>\n<link rel=\"canonical\" href=\"https:\/\/boat-service.ee\/fi\/pood\/veneet\/finval-fi\/fishpro\/finval-505-fishpro-dc-cb\/\" \/>\n<meta property=\"og:locale\" content=\"fi_FI\" \/>\n<meta property=\"og:type\" content=\"article\" \/>\n<meta property=\"og:title\" content=\"Finval 505 FishPro DC CB - Boat Service Estonia\" \/>\n<meta property=\"og:description\" content=\"Tarjoamme kokonaisratkaisun yhdess\u00e4 venemoottorin, veneper\u00e4vaunun ja muun tarvittavan merielektroniikan kanssa. Pyyd\u00e4 tarjous Finval-veneiden viralliselta maahantuojalta.\" \/>\n<meta property=\"og:url\" content=\"https:\/\/boat-service.ee\/fi\/pood\/veneet\/finval-fi\/fishpro\/finval-505-fishpro-dc-cb\/\" \/>\n<meta property=\"og:site_name\" content=\"Boat Service Estonia\" \/>\n<meta property=\"article:publisher\" content=\"https:\/\/www.facebook.com\/boatserviceestonia\" \/>\n<meta property=\"og:image\" content=\"https:\/\/boat-service.ee\/wp-content\/uploads\/2023\/09\/FINVAL_FISHPRO_505_Main.jpg\" \/>\n\t<meta property=\"og:image:width\" content=\"800\" \/>\n\t<meta property=\"og:image:height\" content=\"800\" \/>\n\t<meta property=\"og:image:type\" content=\"image\/jpeg\" \/>\n<meta name=\"twitter:card\" content=\"summary_large_image\" \/>\n<meta name=\"twitter:label1\" content=\"Arvioitu lukuaika\" \/>\n\t<meta name=\"twitter:data1\" content=\"1 minuutti\" \/>\n<script type=\"application\/ld+json\" class=\"yoast-schema-graph\">{\"@context\":\"https:\/\/schema.org\",\"@graph\":[{\"@type\":\"WebPage\",\"@id\":\"https:\/\/boat-service.ee\/fi\/pood\/veneet\/finval-fi\/fishpro\/finval-505-fishpro-dc-cb\/\",\"url\":\"https:\/\/boat-service.ee\/fi\/pood\/veneet\/finval-fi\/fishpro\/finval-505-fishpro-dc-cb\/\",\"name\":\"Finval 505 FishPro DC CB - Boat Service Estonia\",\"isPartOf\":{\"@id\":\"https:\/\/boat-service.ee\/fi\/#website\"},\"primaryImageOfPage\":{\"@id\":\"https:\/\/boat-service.ee\/fi\/pood\/veneet\/finval-fi\/fishpro\/finval-505-fishpro-dc-cb\/#primaryimage\"},\"image\":{\"@id\":\"https:\/\/boat-service.ee\/fi\/pood\/veneet\/finval-fi\/fishpro\/finval-505-fishpro-dc-cb\/#primaryimage\"},\"thumbnailUrl\":\"https:\/\/boat-service.ee\/wp-content\/uploads\/2023\/09\/FINVAL_FISHPRO_505_Main.jpg\",\"datePublished\":\"2023-09-06T12:54:57+00:00\",\"description\":\"Tarjoamme kokonaisratkaisun yhdess\u00e4 venemoottorin, veneper\u00e4vaunun ja muun tarvittavan merielektroniikan kanssa. Pyyd\u00e4 tarjous Finval-veneiden viralliselta maahantuojalta.\",\"breadcrumb\":{\"@id\":\"https:\/\/boat-service.ee\/fi\/pood\/veneet\/finval-fi\/fishpro\/finval-505-fishpro-dc-cb\/#breadcrumb\"},\"inLanguage\":\"fi\",\"potentialAction\":[{\"@type\":\"ReadAction\",\"target\":[\"https:\/\/boat-service.ee\/fi\/pood\/veneet\/finval-fi\/fishpro\/finval-505-fishpro-dc-cb\/\"]}]},{\"@type\":\"ImageObject\",\"inLanguage\":\"fi\",\"@id\":\"https:\/\/boat-service.ee\/fi\/pood\/veneet\/finval-fi\/fishpro\/finval-505-fishpro-dc-cb\/#primaryimage\",\"url\":\"https:\/\/boat-service.ee\/wp-content\/uploads\/2023\/09\/FINVAL_FISHPRO_505_Main.jpg\",\"contentUrl\":\"https:\/\/boat-service.ee\/wp-content\/uploads\/2023\/09\/FINVAL_FISHPRO_505_Main.jpg\",\"width\":800,\"height\":800},{\"@type\":\"BreadcrumbList\",\"@id\":\"https:\/\/boat-service.ee\/fi\/pood\/veneet\/finval-fi\/fishpro\/finval-505-fishpro-dc-cb\/#breadcrumb\",\"itemListElement\":[{\"@type\":\"ListItem\",\"position\":1,\"name\":\"Home\",\"item\":\"https:\/\/boat-service.ee\/fi\/\"},{\"@type\":\"ListItem\",\"position\":2,\"name\":\"Pood\",\"item\":\"https:\/\/boat-service.ee\/en\/shop\/\"},{\"@type\":\"ListItem\",\"position\":3,\"name\":\"Finval 505 FishPro DC CB\"}]},{\"@type\":\"WebSite\",\"@id\":\"https:\/\/boat-service.ee\/fi\/#website\",\"url\":\"https:\/\/boat-service.ee\/fi\/\",\"name\":\"Boat Service Estonia\",\"description\":\"Boat Service Estonia - Mootorpaadid, treilerid, mootorid\",\"publisher\":{\"@id\":\"https:\/\/boat-service.ee\/fi\/#organization\"},\"potentialAction\":[{\"@type\":\"SearchAction\",\"target\":{\"@type\":\"EntryPoint\",\"urlTemplate\":\"https:\/\/boat-service.ee\/fi\/?s={search_term_string}\"},\"query-input\":{\"@type\":\"PropertyValueSpecification\",\"valueRequired\":true,\"valueName\":\"search_term_string\"}}],\"inLanguage\":\"fi\"},{\"@type\":\"Organization\",\"@id\":\"https:\/\/boat-service.ee\/fi\/#organization\",\"name\":\"KALASTUSPOOD O\u00dc\",\"url\":\"https:\/\/boat-service.ee\/fi\/\",\"logo\":{\"@type\":\"ImageObject\",\"inLanguage\":\"fi\",\"@id\":\"https:\/\/boat-service.ee\/fi\/#\/schema\/logo\/image\/\",\"url\":\"https:\/\/boat-service.ee\/wp-content\/uploads\/2023\/05\/impLogo.png\",\"contentUrl\":\"https:\/\/boat-service.ee\/wp-content\/uploads\/2023\/05\/impLogo.png\",\"width\":270,\"height\":107,\"caption\":\"KALASTUSPOOD O\u00dc\"},\"image\":{\"@id\":\"https:\/\/boat-service.ee\/fi\/#\/schema\/logo\/image\/\"},\"sameAs\":[\"https:\/\/www.facebook.com\/boatserviceestonia\",\"https:\/\/www.instagram.com\/kalastus_ja_paadipood\/\"]}]}<\/script>\n<!-- \/ Yoast SEO plugin. -->","yoast_head_json":{"title":"Finval 505 FishPro DC CB - Boat Service Estonia","description":"Tarjoamme kokonaisratkaisun yhdess\u00e4 venemoottorin, veneper\u00e4vaunun ja muun tarvittavan merielektroniikan kanssa. Pyyd\u00e4 tarjous Finval-veneiden viralliselta maahantuojalta.","robots":{"index":"index","follow":"follow","max-snippet":"max-snippet:-1","max-image-preview":"max-image-preview:large","max-video-preview":"max-video-preview:-1"},"canonical":"https:\/\/boat-service.ee\/fi\/pood\/veneet\/finval-fi\/fishpro\/finval-505-fishpro-dc-cb\/","og_locale":"fi_FI","og_type":"article","og_title":"Finval 505 FishPro DC CB - Boat Service Estonia","og_description":"Tarjoamme kokonaisratkaisun yhdess\u00e4 venemoottorin, veneper\u00e4vaunun ja muun tarvittavan merielektroniikan kanssa. Pyyd\u00e4 tarjous Finval-veneiden viralliselta maahantuojalta.","og_url":"https:\/\/boat-service.ee\/fi\/pood\/veneet\/finval-fi\/fishpro\/finval-505-fishpro-dc-cb\/","og_site_name":"Boat Service Estonia","article_publisher":"https:\/\/www.facebook.com\/boatserviceestonia","og_image":[{"width":800,"height":800,"url":"https:\/\/boat-service.ee\/wp-content\/uploads\/2023\/09\/FINVAL_FISHPRO_505_Main.jpg","type":"image\/jpeg"}],"twitter_card":"summary_large_image","twitter_misc":{"Arvioitu lukuaika":"1 minuutti"},"schema":{"@context":"https:\/\/schema.org","@graph":[{"@type":"WebPage","@id":"https:\/\/boat-service.ee\/fi\/pood\/veneet\/finval-fi\/fishpro\/finval-505-fishpro-dc-cb\/","url":"https:\/\/boat-service.ee\/fi\/pood\/veneet\/finval-fi\/fishpro\/finval-505-fishpro-dc-cb\/","name":"Finval 505 FishPro DC CB - Boat Service Estonia","isPartOf":{"@id":"https:\/\/boat-service.ee\/fi\/#website"},"primaryImageOfPage":{"@id":"https:\/\/boat-service.ee\/fi\/pood\/veneet\/finval-fi\/fishpro\/finval-505-fishpro-dc-cb\/#primaryimage"},"image":{"@id":"https:\/\/boat-service.ee\/fi\/pood\/veneet\/finval-fi\/fishpro\/finval-505-fishpro-dc-cb\/#primaryimage"},"thumbnailUrl":"https:\/\/boat-service.ee\/wp-content\/uploads\/2023\/09\/FINVAL_FISHPRO_505_Main.jpg","datePublished":"2023-09-06T12:54:57+00:00","description":"Tarjoamme kokonaisratkaisun yhdess\u00e4 venemoottorin, veneper\u00e4vaunun ja muun tarvittavan merielektroniikan kanssa. Pyyd\u00e4 tarjous Finval-veneiden viralliselta maahantuojalta.","breadcrumb":{"@id":"https:\/\/boat-service.ee\/fi\/pood\/veneet\/finval-fi\/fishpro\/finval-505-fishpro-dc-cb\/#breadcrumb"},"inLanguage":"fi","potentialAction":[{"@type":"ReadAction","target":["https:\/\/boat-service.ee\/fi\/pood\/veneet\/finval-fi\/fishpro\/finval-505-fishpro-dc-cb\/"]}]},{"@type":"ImageObject","inLanguage":"fi","@id":"https:\/\/boat-service.ee\/fi\/pood\/veneet\/finval-fi\/fishpro\/finval-505-fishpro-dc-cb\/#primaryimage","url":"https:\/\/boat-service.ee\/wp-content\/uploads\/2023\/09\/FINVAL_FISHPRO_505_Main.jpg","contentUrl":"https:\/\/boat-service.ee\/wp-content\/uploads\/2023\/09\/FINVAL_FISHPRO_505_Main.jpg","width":800,"height":800},{"@type":"BreadcrumbList","@id":"https:\/\/boat-service.ee\/fi\/pood\/veneet\/finval-fi\/fishpro\/finval-505-fishpro-dc-cb\/#breadcrumb","itemListElement":[{"@type":"ListItem","position":1,"name":"Home","item":"https:\/\/boat-service.ee\/fi\/"},{"@type":"ListItem","position":2,"name":"Pood","item":"https:\/\/boat-service.ee\/en\/shop\/"},{"@type":"ListItem","position":3,"name":"Finval 505 FishPro DC CB"}]},{"@type":"WebSite","@id":"https:\/\/boat-service.ee\/fi\/#website","url":"https:\/\/boat-service.ee\/fi\/","name":"Boat Service Estonia","description":"Boat Service Estonia - Mootorpaadid, treilerid, mootorid","publisher":{"@id":"https:\/\/boat-service.ee\/fi\/#organization"},"potentialAction":[{"@type":"SearchAction","target":{"@type":"EntryPoint","urlTemplate":"https:\/\/boat-service.ee\/fi\/?s={search_term_string}"},"query-input":{"@type":"PropertyValueSpecification","valueRequired":true,"valueName":"search_term_string"}}],"inLanguage":"fi"},{"@type":"Organization","@id":"https:\/\/boat-service.ee\/fi\/#organization","name":"KALASTUSPOOD O\u00dc","url":"https:\/\/boat-service.ee\/fi\/","logo":{"@type":"ImageObject","inLanguage":"fi","@id":"https:\/\/boat-service.ee\/fi\/#\/schema\/logo\/image\/","url":"https:\/\/boat-service.ee\/wp-content\/uploads\/2023\/05\/impLogo.png","contentUrl":"https:\/\/boat-service.ee\/wp-content\/uploads\/2023\/05\/impLogo.png","width":270,"height":107,"caption":"KALASTUSPOOD O\u00dc"},"image":{"@id":"https:\/\/boat-service.ee\/fi\/#\/schema\/logo\/image\/"},"sameAs":["https:\/\/www.facebook.com\/boatserviceestonia","https:\/\/www.instagram.com\/kalastus_ja_paadipood\/"]}]}},"_links":{"self":[{"href":"https:\/\/boat-service.ee\/fi\/wp-json\/wp\/v2\/product\/102917","targetHints":{"allow":["GET"]}}],"collection":[{"href":"https:\/\/boat-service.ee\/fi\/wp-json\/wp\/v2\/product"}],"about":[{"href":"https:\/\/boat-service.ee\/fi\/wp-json\/wp\/v2\/types\/product"}],"wp:featuredmedia":[{"embeddable":true,"href":"https:\/\/boat-service.ee\/fi\/wp-json\/wp\/v2\/media\/102937"}],"wp:attachment":[{"href":"https:\/\/boat-service.ee\/fi\/wp-json\/wp\/v2\/media?parent=102917"}],"wp:term":[{"taxonomy":"product_brand","embeddable":true,"href":"https:\/\/boat-service.ee\/fi\/wp-json\/wp\/v2\/product_brand?post=102917"},{"taxonomy":"product_cat","embeddable":true,"href":"https:\/\/boat-service.ee\/fi\/wp-json\/wp\/v2\/product_cat?post=102917"},{"taxonomy":"product_tag","embeddable":true,"href":"https:\/\/boat-service.ee\/fi\/wp-json\/wp\/v2\/product_tag?post=102917"}],"curies":[{"name":"wp","href":"https:\/\/api.w.org\/{rel}","templated":true}]}}