{"id":102767,"date":"2023-09-07T14:41:06","date_gmt":"2023-09-07T12:41:06","guid":{"rendered":"https:\/\/boat-service.ee\/pood\/Ei-luokiteltu\/finval-685-fishpro-dc\/"},"modified":"2026-04-13T13:44:31","modified_gmt":"2026-04-13T11:44:31","slug":"finval-685-fishpro-dc","status":"publish","type":"product","link":"https:\/\/boat-service.ee\/fi\/pood\/veneet\/finval-fi\/fishpro\/finval-685-fishpro-dc\/","title":{"rendered":"FINVAL 685 FishPro DC"},"content":{"rendered":"<p data-path-to-node=\"2\">Finval 685 FishPro on suunniteltu ammattilaisille, tarjoten tilavan ohjaamon ja korkean laidan avoimille vesille. T\u00e4m\u00e4 malli loistaa haastavissa olosuhteissa, ollen ihanteellinen kalastusoppaille ja kilpakalastajille, jotka arvostavat suorituskyky\u00e4 ja mukavuutta. Tilavalla keulakannella on kaksi suurta s\u00e4ilytystilaa, joiden kokonaistilavuus on 240 litraa. Lis\u00e4ksi sielt\u00e4 l\u00f6ytyy vapalaatikko, johon mahtuvat jopa 2,7 ja 2,8 metri\u00e4 pitk\u00e4t vavat. Kaikki s\u00e4ilytystilat on varustettu kaasujousilla. Konsolit on valmistettu korkealaatuisesta rotaatiovaletusta muovista ja viimeistelty anodisoidulla alumiinilla. S\u00e4hk\u00f6laitteiden ohjauspaneelin asettelu on suunniteltu yksil\u00f6llisesti juuri 685 FishPro -mallia varten. Taylor Maden karkaistu lasi tarjoaa luotettavan suojan ja mahdollistaa pyyhkij\u00f6iden asennuksen. Tilavaan ohjaamoon voidaan asentaa ylim\u00e4\u00e4r\u00e4inen istuinrivi. Yksil\u00f6llist\u00e4 ilmett\u00e4 varten veneen sis\u00e4kyljet on saatavana tilauksesta veneilyk\u00e4ytt\u00f6\u00f6n tarkoitetulla keinonahkaverhoilulla. Etuistuimet on varustettu ensiluokkaisilla Shockwave S5 -jousituksilla, jotka v\u00e4hent\u00e4v\u00e4t merkitt\u00e4v\u00e4sti selk\u00e4rankaan kohdistuvaa rasitusta ajettaessa suurella nopeudella aallokossa.Taka-asennossa olevien taittovaihtoehtoisten istuinten v\u00e4liss\u00e4 on 130 litran sumppu, joka on varustettu hapettimella ja LED-valaistuksella.Finval 685 FishPron erottuva piirre on sen takakannen ainutlaatuinen muotoilu. Portaan muotoiset pidennetyt uimatasot lis\u00e4\u00e4v\u00e4t kansitilaa ja parantavat vakautta, tarjoten samalla k\u00e4tev\u00e4n paikan kalan yl\u00f6sottoon ja k\u00e4sittelyyn. Vasemmanpuoleiseen tasoon on asennettu teleskooppiset uimataikkaat, jotka taittuvat siististi sis\u00e4\u00e4n, mutta ovat k\u00e4ytt\u00f6valmiit sekunneissa.<\/p>\n<p data-path-to-node=\"8\">Finval 685 FishPro saavuttaa helposti yli 100 km\/h nopeuden. Siin\u00e4 on vankka runko, erinomainen hallittavuus ja se on suunniteltu selviytym\u00e4\u00e4n kaikista s\u00e4\u00e4olosuhteista.<\/p>\n<p><strong>VAKIOVARUSTEET<\/strong><\/p>\n<p>TT\u00e4ysin hitsattu alumiinirunko AlMg4,5Mn (5083). Materiaalin paksuus: 3-4mm<br \/>\nRaptor\u00ae kulutusta kest\u00e4v\u00e4 ja pit\u00e4v\u00e4 pinnoite veneen laidalla<br \/>\nTuplapulpetti tuulilasilla ja v\u00e4liovella<br \/>\nUlkopuolet teipatut hydrofobisella kalvolla<br \/>\nSis\u00e4sivut sek\u00e4 heittotasot aukiharjattua mattoa<br \/>\nLattia p\u00e4\u00e4llystetty merivinyylill\u00e4<br \/>\nPer\u00e4peiliss\u00e4 tasot p\u00e4\u00e4llystetty pehme\u00e4ll\u00e4 SeaDek materiaali<br \/>\nKiinte\u00e4 polttoaines\u00e4ili\u00f6\u00a0225L<br \/>\nVapalaatikko 10 enint\u00e4\u00e4n 2.8m vav\u00e1lle<br \/>\n130 L sumppu ajastimella ja pumpulla<br \/>\n2 x Bass penkki eteen-taakse s\u00e4\u00e4t\u00f6mahdollisuudella<br \/>\n2 x heittojakkaran kiinnitysjalustaa<br \/>\nUimatikkaat<br \/>\nUSB 5V2A pistoke<br \/>\nKuivat s\u00e4ilytystilat tuuletuksella<br \/>\n6 x RST knaapit<br \/>\nOhjauspy\u00f6r\u00e4<br \/>\nAutomaattinen pilssipumppu<br \/>\nLED navigaatiovalot<br \/>\nShockwave S5 joustinjalat<\/p>\n","protected":false},"excerpt":{"rendered":"<p><strong>TEKNISET TIEDOT<\/strong><\/p>\n<table>\n<tbody>\n<tr>\n<td>Pituus, m<\/td>\n<td>6.83<\/td>\n<\/tr>\n<tr>\n<td>Leveys, m<\/td>\n<td>2.30<\/td>\n<\/tr>\n<tr>\n<td>Paino, kg<\/td>\n<td>1050<\/td>\n<\/tr>\n<tr>\n<td>Moottori, hv<\/td>\n<td>250-300<\/td>\n<\/tr>\n<tr>\n<td>Maksimi henkil\u00f6m\u00e4\u00e4r\u00e4<\/td>\n<td>6<\/td>\n<\/tr>\n<tr>\n<td>Polttoaines\u00e4ili\u00f6, l<\/td>\n<td>225<\/td>\n<\/tr>\n<tr>\n<td>Kalasumppu l<\/td>\n<td>130<\/td>\n<\/tr>\n<tr>\n<td>Vapalaatikko (m\u00e4\u00e4r\u00e4 \/ pituus)<\/td>\n<td>10\/2.8 m<\/td>\n<\/tr>\n<tr>\n<td>Konsoli<\/td>\n<td>DC<\/td>\n<\/tr>\n<tr>\n<td>Per\u00e4n alusta<\/td>\n<td>JS<\/td>\n<\/tr>\n<\/tbody>\n<\/table>\n<p>&nbsp;<\/p>\n","protected":false},"featured_media":102784,"template":"","meta":[],"product_brand":[3721],"product_cat":[3582,3427,3579],"product_tag":[],"class_list":{"0":"post-102767","1":"product","2":"type-product","3":"status-publish","4":"has-post-thumbnail","6":"product_brand-finval","7":"product_cat-fishpro","8":"product_cat-veneet","9":"product_cat-finval-fi","10":"product_shipping_class-alumiinium-ja-plastikpaadid-normaal","11":"tm-has-options","13":"first","14":"instock","15":"taxable","16":"shipping-taxable","17":"purchasable","18":"product-type-simple"},"yoast_head":"<!-- This site is optimized with the Yoast SEO plugin v27.2 - https:\/\/yoast.com\/product\/yoast-seo-wordpress\/ -->\n<title>FINVAL 685 FishPro DC - Boat Service Estonia<\/title>\n<meta name=\"robots\" content=\"index, follow, max-snippet:-1, max-image-preview:large, max-video-preview:-1\" \/>\n<link rel=\"canonical\" href=\"https:\/\/boat-service.ee\/fi\/pood\/veneet\/finval-fi\/fishpro\/finval-685-fishpro-dc\/\" \/>\n<meta property=\"og:locale\" content=\"fi_FI\" \/>\n<meta property=\"og:type\" content=\"article\" \/>\n<meta property=\"og:title\" content=\"FINVAL 685 FishPro DC - Boat Service Estonia\" \/>\n<meta property=\"og:description\" content=\"TEKNISET TIEDOT    Pituus, m 6.83   Leveys, m 2.30   Paino, kg 1050   Moottori, hv 250-300   Maksimi henkil\u00f6m\u00e4\u00e4r\u00e4 6   Polttoaines\u00e4ili\u00f6, l 225   Kalasumppu l 130   Vapalaatikko (m\u00e4\u00e4r\u00e4 \/ pituus) 10\/2.8 m   Konsoli DC   Per\u00e4n alusta JS    &nbsp;\" \/>\n<meta property=\"og:url\" content=\"https:\/\/boat-service.ee\/fi\/pood\/veneet\/finval-fi\/fishpro\/finval-685-fishpro-dc\/\" \/>\n<meta property=\"og:site_name\" content=\"Boat Service Estonia\" \/>\n<meta property=\"article:publisher\" content=\"https:\/\/www.facebook.com\/boatserviceestonia\" \/>\n<meta property=\"article:modified_time\" content=\"2026-04-13T11:44:31+00:00\" \/>\n<meta property=\"og:image\" content=\"https:\/\/boat-service.ee\/wp-content\/uploads\/2023\/09\/FINVAL_FISHPRO_685_Main.jpg\" \/>\n\t<meta property=\"og:image:width\" content=\"800\" \/>\n\t<meta property=\"og:image:height\" content=\"800\" \/>\n\t<meta property=\"og:image:type\" content=\"image\/jpeg\" \/>\n<meta name=\"twitter:card\" content=\"summary_large_image\" \/>\n<meta name=\"twitter:label1\" content=\"Arvioitu lukuaika\" \/>\n\t<meta name=\"twitter:data1\" content=\"2 minuuttia\" \/>\n<script type=\"application\/ld+json\" class=\"yoast-schema-graph\">{\"@context\":\"https:\/\/schema.org\",\"@graph\":[{\"@type\":\"WebPage\",\"@id\":\"https:\/\/boat-service.ee\/fi\/pood\/veneet\/finval-fi\/fishpro\/finval-685-fishpro-dc\/\",\"url\":\"https:\/\/boat-service.ee\/fi\/pood\/veneet\/finval-fi\/fishpro\/finval-685-fishpro-dc\/\",\"name\":\"FINVAL 685 FishPro DC - Boat Service Estonia\",\"isPartOf\":{\"@id\":\"https:\/\/boat-service.ee\/fi\/#website\"},\"primaryImageOfPage\":{\"@id\":\"https:\/\/boat-service.ee\/fi\/pood\/veneet\/finval-fi\/fishpro\/finval-685-fishpro-dc\/#primaryimage\"},\"image\":{\"@id\":\"https:\/\/boat-service.ee\/fi\/pood\/veneet\/finval-fi\/fishpro\/finval-685-fishpro-dc\/#primaryimage\"},\"thumbnailUrl\":\"https:\/\/boat-service.ee\/wp-content\/uploads\/2023\/09\/FINVAL_FISHPRO_685_Main.jpg\",\"datePublished\":\"2023-09-07T12:41:06+00:00\",\"dateModified\":\"2026-04-13T11:44:31+00:00\",\"breadcrumb\":{\"@id\":\"https:\/\/boat-service.ee\/fi\/pood\/veneet\/finval-fi\/fishpro\/finval-685-fishpro-dc\/#breadcrumb\"},\"inLanguage\":\"fi\",\"potentialAction\":[{\"@type\":\"ReadAction\",\"target\":[\"https:\/\/boat-service.ee\/fi\/pood\/veneet\/finval-fi\/fishpro\/finval-685-fishpro-dc\/\"]}]},{\"@type\":\"ImageObject\",\"inLanguage\":\"fi\",\"@id\":\"https:\/\/boat-service.ee\/fi\/pood\/veneet\/finval-fi\/fishpro\/finval-685-fishpro-dc\/#primaryimage\",\"url\":\"https:\/\/boat-service.ee\/wp-content\/uploads\/2023\/09\/FINVAL_FISHPRO_685_Main.jpg\",\"contentUrl\":\"https:\/\/boat-service.ee\/wp-content\/uploads\/2023\/09\/FINVAL_FISHPRO_685_Main.jpg\",\"width\":800,\"height\":800},{\"@type\":\"BreadcrumbList\",\"@id\":\"https:\/\/boat-service.ee\/fi\/pood\/veneet\/finval-fi\/fishpro\/finval-685-fishpro-dc\/#breadcrumb\",\"itemListElement\":[{\"@type\":\"ListItem\",\"position\":1,\"name\":\"Home\",\"item\":\"https:\/\/boat-service.ee\/fi\/\"},{\"@type\":\"ListItem\",\"position\":2,\"name\":\"Pood\",\"item\":\"https:\/\/boat-service.ee\/en\/shop\/\"},{\"@type\":\"ListItem\",\"position\":3,\"name\":\"FINVAL 685 FishPro DC\"}]},{\"@type\":\"WebSite\",\"@id\":\"https:\/\/boat-service.ee\/fi\/#website\",\"url\":\"https:\/\/boat-service.ee\/fi\/\",\"name\":\"Boat Service Estonia\",\"description\":\"Boat Service Estonia - Mootorpaadid, treilerid, mootorid\",\"publisher\":{\"@id\":\"https:\/\/boat-service.ee\/fi\/#organization\"},\"potentialAction\":[{\"@type\":\"SearchAction\",\"target\":{\"@type\":\"EntryPoint\",\"urlTemplate\":\"https:\/\/boat-service.ee\/fi\/?s={search_term_string}\"},\"query-input\":{\"@type\":\"PropertyValueSpecification\",\"valueRequired\":true,\"valueName\":\"search_term_string\"}}],\"inLanguage\":\"fi\"},{\"@type\":\"Organization\",\"@id\":\"https:\/\/boat-service.ee\/fi\/#organization\",\"name\":\"KALASTUSPOOD O\u00dc\",\"url\":\"https:\/\/boat-service.ee\/fi\/\",\"logo\":{\"@type\":\"ImageObject\",\"inLanguage\":\"fi\",\"@id\":\"https:\/\/boat-service.ee\/fi\/#\/schema\/logo\/image\/\",\"url\":\"https:\/\/boat-service.ee\/wp-content\/uploads\/2023\/05\/impLogo.png\",\"contentUrl\":\"https:\/\/boat-service.ee\/wp-content\/uploads\/2023\/05\/impLogo.png\",\"width\":270,\"height\":107,\"caption\":\"KALASTUSPOOD O\u00dc\"},\"image\":{\"@id\":\"https:\/\/boat-service.ee\/fi\/#\/schema\/logo\/image\/\"},\"sameAs\":[\"https:\/\/www.facebook.com\/boatserviceestonia\",\"https:\/\/www.instagram.com\/kalastus_ja_paadipood\/\"]}]}<\/script>\n<!-- \/ Yoast SEO plugin. -->","yoast_head_json":{"title":"FINVAL 685 FishPro DC - Boat Service Estonia","robots":{"index":"index","follow":"follow","max-snippet":"max-snippet:-1","max-image-preview":"max-image-preview:large","max-video-preview":"max-video-preview:-1"},"canonical":"https:\/\/boat-service.ee\/fi\/pood\/veneet\/finval-fi\/fishpro\/finval-685-fishpro-dc\/","og_locale":"fi_FI","og_type":"article","og_title":"FINVAL 685 FishPro DC - Boat Service Estonia","og_description":"TEKNISET TIEDOT    Pituus, m 6.83   Leveys, m 2.30   Paino, kg 1050   Moottori, hv 250-300   Maksimi henkil\u00f6m\u00e4\u00e4r\u00e4 6   Polttoaines\u00e4ili\u00f6, l 225   Kalasumppu l 130   Vapalaatikko (m\u00e4\u00e4r\u00e4 \/ pituus) 10\/2.8 m   Konsoli DC   Per\u00e4n alusta JS    &nbsp;","og_url":"https:\/\/boat-service.ee\/fi\/pood\/veneet\/finval-fi\/fishpro\/finval-685-fishpro-dc\/","og_site_name":"Boat Service Estonia","article_publisher":"https:\/\/www.facebook.com\/boatserviceestonia","article_modified_time":"2026-04-13T11:44:31+00:00","og_image":[{"width":800,"height":800,"url":"https:\/\/boat-service.ee\/wp-content\/uploads\/2023\/09\/FINVAL_FISHPRO_685_Main.jpg","type":"image\/jpeg"}],"twitter_card":"summary_large_image","twitter_misc":{"Arvioitu lukuaika":"2 minuuttia"},"schema":{"@context":"https:\/\/schema.org","@graph":[{"@type":"WebPage","@id":"https:\/\/boat-service.ee\/fi\/pood\/veneet\/finval-fi\/fishpro\/finval-685-fishpro-dc\/","url":"https:\/\/boat-service.ee\/fi\/pood\/veneet\/finval-fi\/fishpro\/finval-685-fishpro-dc\/","name":"FINVAL 685 FishPro DC - Boat Service Estonia","isPartOf":{"@id":"https:\/\/boat-service.ee\/fi\/#website"},"primaryImageOfPage":{"@id":"https:\/\/boat-service.ee\/fi\/pood\/veneet\/finval-fi\/fishpro\/finval-685-fishpro-dc\/#primaryimage"},"image":{"@id":"https:\/\/boat-service.ee\/fi\/pood\/veneet\/finval-fi\/fishpro\/finval-685-fishpro-dc\/#primaryimage"},"thumbnailUrl":"https:\/\/boat-service.ee\/wp-content\/uploads\/2023\/09\/FINVAL_FISHPRO_685_Main.jpg","datePublished":"2023-09-07T12:41:06+00:00","dateModified":"2026-04-13T11:44:31+00:00","breadcrumb":{"@id":"https:\/\/boat-service.ee\/fi\/pood\/veneet\/finval-fi\/fishpro\/finval-685-fishpro-dc\/#breadcrumb"},"inLanguage":"fi","potentialAction":[{"@type":"ReadAction","target":["https:\/\/boat-service.ee\/fi\/pood\/veneet\/finval-fi\/fishpro\/finval-685-fishpro-dc\/"]}]},{"@type":"ImageObject","inLanguage":"fi","@id":"https:\/\/boat-service.ee\/fi\/pood\/veneet\/finval-fi\/fishpro\/finval-685-fishpro-dc\/#primaryimage","url":"https:\/\/boat-service.ee\/wp-content\/uploads\/2023\/09\/FINVAL_FISHPRO_685_Main.jpg","contentUrl":"https:\/\/boat-service.ee\/wp-content\/uploads\/2023\/09\/FINVAL_FISHPRO_685_Main.jpg","width":800,"height":800},{"@type":"BreadcrumbList","@id":"https:\/\/boat-service.ee\/fi\/pood\/veneet\/finval-fi\/fishpro\/finval-685-fishpro-dc\/#breadcrumb","itemListElement":[{"@type":"ListItem","position":1,"name":"Home","item":"https:\/\/boat-service.ee\/fi\/"},{"@type":"ListItem","position":2,"name":"Pood","item":"https:\/\/boat-service.ee\/en\/shop\/"},{"@type":"ListItem","position":3,"name":"FINVAL 685 FishPro DC"}]},{"@type":"WebSite","@id":"https:\/\/boat-service.ee\/fi\/#website","url":"https:\/\/boat-service.ee\/fi\/","name":"Boat Service Estonia","description":"Boat Service Estonia - Mootorpaadid, treilerid, mootorid","publisher":{"@id":"https:\/\/boat-service.ee\/fi\/#organization"},"potentialAction":[{"@type":"SearchAction","target":{"@type":"EntryPoint","urlTemplate":"https:\/\/boat-service.ee\/fi\/?s={search_term_string}"},"query-input":{"@type":"PropertyValueSpecification","valueRequired":true,"valueName":"search_term_string"}}],"inLanguage":"fi"},{"@type":"Organization","@id":"https:\/\/boat-service.ee\/fi\/#organization","name":"KALASTUSPOOD O\u00dc","url":"https:\/\/boat-service.ee\/fi\/","logo":{"@type":"ImageObject","inLanguage":"fi","@id":"https:\/\/boat-service.ee\/fi\/#\/schema\/logo\/image\/","url":"https:\/\/boat-service.ee\/wp-content\/uploads\/2023\/05\/impLogo.png","contentUrl":"https:\/\/boat-service.ee\/wp-content\/uploads\/2023\/05\/impLogo.png","width":270,"height":107,"caption":"KALASTUSPOOD O\u00dc"},"image":{"@id":"https:\/\/boat-service.ee\/fi\/#\/schema\/logo\/image\/"},"sameAs":["https:\/\/www.facebook.com\/boatserviceestonia","https:\/\/www.instagram.com\/kalastus_ja_paadipood\/"]}]}},"_links":{"self":[{"href":"https:\/\/boat-service.ee\/fi\/wp-json\/wp\/v2\/product\/102767","targetHints":{"allow":["GET"]}}],"collection":[{"href":"https:\/\/boat-service.ee\/fi\/wp-json\/wp\/v2\/product"}],"about":[{"href":"https:\/\/boat-service.ee\/fi\/wp-json\/wp\/v2\/types\/product"}],"wp:featuredmedia":[{"embeddable":true,"href":"https:\/\/boat-service.ee\/fi\/wp-json\/wp\/v2\/media\/102784"}],"wp:attachment":[{"href":"https:\/\/boat-service.ee\/fi\/wp-json\/wp\/v2\/media?parent=102767"}],"wp:term":[{"taxonomy":"product_brand","embeddable":true,"href":"https:\/\/boat-service.ee\/fi\/wp-json\/wp\/v2\/product_brand?post=102767"},{"taxonomy":"product_cat","embeddable":true,"href":"https:\/\/boat-service.ee\/fi\/wp-json\/wp\/v2\/product_cat?post=102767"},{"taxonomy":"product_tag","embeddable":true,"href":"https:\/\/boat-service.ee\/fi\/wp-json\/wp\/v2\/product_tag?post=102767"}],"curies":[{"name":"wp","href":"https:\/\/api.w.org\/{rel}","templated":true}]}}