{"id":102733,"date":"2023-09-08T09:54:49","date_gmt":"2023-09-08T07:54:49","guid":{"rendered":"https:\/\/boat-service.ee\/pood\/Ei-luokiteltu\/finval-rangy-510-tiller\/"},"modified":"2026-04-13T10:47:32","modified_gmt":"2026-04-13T08:47:32","slug":"finval-rangy-510-tiller","status":"publish","type":"product","link":"https:\/\/boat-service.ee\/fi\/pood\/veneet\/finval-fi\/rangy-fi\/finval-rangy-510-tiller\/","title":{"rendered":"FINVAL Rangy 510 Tiller"},"content":{"rendered":"<p data-path-to-node=\"2\"><b data-path-to-node=\"2\" data-index-in-node=\"0\">Finval 510 Rangy Tiller:<\/b> T\u00e4ss\u00e4 kahvaohjattavassa mallissa on laajasti avointa tilaa keulasta per\u00e4\u00e4n, vastaten t\u00e4ydellisesti t\u00e4ytt\u00e4 hallintaa vaativien intohimoisten kalastajien tarpeisiin. Useammalle kalastajalle suunniteltu vene on ihanteellinen pitkiin p\u00e4iviin vesill\u00e4 tarjoten t\u00e4yden vapauden heittokalastukseen.<\/p>\n<p data-path-to-node=\"3\">510 Rangyn matalan syv\u00e4yksen ansiosta p\u00e4\u00e4set suosikkikalapaikoillasi my\u00f6s kaukaisiin ja vaikeap\u00e4\u00e4syisiin kohteisiin. Matala v-kulma mahdollistaa sujuvan liikkumisen my\u00f6s pienemmill\u00e4 per\u00e4moottoreilla, mutta vene s\u00e4ilytt\u00e4\u00e4 silti erinomaisen merikelpoisuuden optimaalisen pituus-leveyssuhteensa ansiosta. Finval 510 Rangyn kanssa tunnet olosi varmaksi ja turvalliseksi jopa suurilla joilla ja j\u00e4rvill\u00e4.<\/p>\n<p><strong>Vakiovarusteet<\/strong><\/p>\n<p>T\u00e4ysin hitsattu alumiinirunko AlMg4.5Mn (5083). Materiaalin paksuus: 3mm<br \/>\nRaptor\u00ae kulutusta kest\u00e4v\u00e4 pinnoite veneen laidalla<br \/>\nKapteenin konsoli muovituulilasiilla<br \/>\nVeneen sis\u00e4sivut aukiharjattua mattoa<br \/>\nLattia ja heittotasot p\u00e4\u00e4llysetty merivinyylill\u00e4<br \/>\nVapalaatikko 2 vav\u00e1lle enint\u00e4\u00e4n 3m vasemmalla<br \/>\nVapalaatikko 2 vav\u00e1lle enint\u00e4\u00e4n 3m oikealla<br \/>\nKum\u00edset vapapidikkeet vasemmalla ja oikealla reunalla<br \/>\n63L kalasumppu<br \/>\n2 paikkaa istuinjalustalle ohjaamossa<br \/>\nKeulakannessa kuiva s\u00e4ilytystila<br \/>\n4 x knaapit<br \/>\n12V pistoke<br \/>\n2x USB 5V2A -liit\u00e4nt\u00e4<br \/>\nAutomaattinen pilssipumppu<\/p>\n","protected":false},"excerpt":{"rendered":"<p><strong>TEKNISET TIEDOT<\/strong><\/p>\n<table>\n<tbody>\n<tr>\n<td>Pituus, m<\/td>\n<td>5.1<\/td>\n<\/tr>\n<tr>\n<td>Leveys, m<\/td>\n<td>1.9<\/td>\n<\/tr>\n<tr>\n<td>Paino, kg<\/td>\n<td>370<\/td>\n<\/tr>\n<tr>\n<td>Moottori, hv<\/td>\n<td>40-70<\/td>\n<\/tr>\n<tr>\n<td>Maksimi henkil\u00f6m\u00e4\u00e4r\u00e4<\/td>\n<td>4<\/td>\n<\/tr>\n<tr>\n<td>Polttoaines\u00e4ili\u00f6, l<\/td>\n<td>43<\/td>\n<\/tr>\n<tr>\n<td>Sumppu l<\/td>\n<td>60<\/td>\n<\/tr>\n<tr>\n<td>Vapalaatikko (m\u00e4\u00e4r\u00e4 \/ pituus)<\/td>\n<td>4\/3 m<\/td>\n<\/tr>\n<tr>\n<td>Konsoli<\/td>\n<td>Tiller<\/td>\n<\/tr>\n<\/tbody>\n<\/table>\n<p><iframe loading=\"lazy\" title=\"YouTube video player\" src=\"https:\/\/www.youtube.com\/embed\/IJjgcWTIr3w?si=YM-KwkUIq6LM11Sm\" width=\"560\" height=\"315\" frameborder=\"0\" allowfullscreen=\"allowfullscreen\"><\/iframe><\/p>\n","protected":false},"featured_media":102766,"template":"","meta":[],"product_brand":[3721],"product_cat":[3579,3583,3427],"product_tag":[],"class_list":{"0":"post-102733","1":"product","2":"type-product","3":"status-publish","4":"has-post-thumbnail","6":"product_brand-finval","7":"product_cat-finval-fi","8":"product_cat-rangy-fi","9":"product_cat-veneet","10":"product_shipping_class-alumiinium-ja-plastikpaadid-normaal","11":"tm-has-options","13":"first","14":"instock","15":"taxable","16":"shipping-taxable","17":"purchasable","18":"product-type-simple"},"yoast_head":"<!-- This site is optimized with the Yoast SEO plugin v27.2 - https:\/\/yoast.com\/product\/yoast-seo-wordpress\/ -->\n<title>FINVAL Rangy 510 Tiller - Boat Service Estonia<\/title>\n<meta name=\"description\" content=\"Tarjoamme kokonaisratkaisun per\u00e4moottorilla, veneen per\u00e4vaunulla ja muulla tarvittavalla merielektroniikalla. Pyyd\u00e4 tarjous Finval-veneiden viralliselta maahantuojalta.\" \/>\n<meta name=\"robots\" content=\"index, follow, max-snippet:-1, max-image-preview:large, max-video-preview:-1\" \/>\n<link rel=\"canonical\" href=\"https:\/\/boat-service.ee\/fi\/pood\/veneet\/finval-fi\/rangy-fi\/finval-rangy-510-tiller\/\" \/>\n<meta property=\"og:locale\" content=\"fi_FI\" \/>\n<meta property=\"og:type\" content=\"article\" \/>\n<meta property=\"og:title\" content=\"FINVAL Rangy 510 Tiller - Boat Service Estonia\" \/>\n<meta property=\"og:description\" content=\"Tarjoamme kokonaisratkaisun per\u00e4moottorilla, veneen per\u00e4vaunulla ja muulla tarvittavalla merielektroniikalla. Pyyd\u00e4 tarjous Finval-veneiden viralliselta maahantuojalta.\" \/>\n<meta property=\"og:url\" content=\"https:\/\/boat-service.ee\/fi\/pood\/veneet\/finval-fi\/rangy-fi\/finval-rangy-510-tiller\/\" \/>\n<meta property=\"og:site_name\" content=\"Boat Service Estonia\" \/>\n<meta property=\"article:publisher\" content=\"https:\/\/www.facebook.com\/boatserviceestonia\" \/>\n<meta property=\"article:modified_time\" content=\"2026-04-13T08:47:32+00:00\" \/>\n<meta property=\"og:image\" content=\"https:\/\/boat-service.ee\/wp-content\/uploads\/2023\/09\/FINVAL_RANGY_TILLER_510_Main.jpg\" \/>\n\t<meta property=\"og:image:width\" content=\"801\" \/>\n\t<meta property=\"og:image:height\" content=\"801\" \/>\n\t<meta property=\"og:image:type\" content=\"image\/jpeg\" \/>\n<meta name=\"twitter:card\" content=\"summary_large_image\" \/>\n<meta name=\"twitter:label1\" content=\"Arvioitu lukuaika\" \/>\n\t<meta name=\"twitter:data1\" content=\"1 minuutti\" \/>\n<script type=\"application\/ld+json\" class=\"yoast-schema-graph\">{\"@context\":\"https:\/\/schema.org\",\"@graph\":[{\"@type\":\"WebPage\",\"@id\":\"https:\/\/boat-service.ee\/fi\/pood\/veneet\/finval-fi\/rangy-fi\/finval-rangy-510-tiller\/\",\"url\":\"https:\/\/boat-service.ee\/fi\/pood\/veneet\/finval-fi\/rangy-fi\/finval-rangy-510-tiller\/\",\"name\":\"FINVAL Rangy 510 Tiller - Boat Service Estonia\",\"isPartOf\":{\"@id\":\"https:\/\/boat-service.ee\/fi\/#website\"},\"primaryImageOfPage\":{\"@id\":\"https:\/\/boat-service.ee\/fi\/pood\/veneet\/finval-fi\/rangy-fi\/finval-rangy-510-tiller\/#primaryimage\"},\"image\":{\"@id\":\"https:\/\/boat-service.ee\/fi\/pood\/veneet\/finval-fi\/rangy-fi\/finval-rangy-510-tiller\/#primaryimage\"},\"thumbnailUrl\":\"https:\/\/boat-service.ee\/wp-content\/uploads\/2023\/09\/FINVAL_RANGY_TILLER_510_Main.jpg\",\"datePublished\":\"2023-09-08T07:54:49+00:00\",\"dateModified\":\"2026-04-13T08:47:32+00:00\",\"description\":\"Tarjoamme kokonaisratkaisun per\u00e4moottorilla, veneen per\u00e4vaunulla ja muulla tarvittavalla merielektroniikalla. Pyyd\u00e4 tarjous Finval-veneiden viralliselta maahantuojalta.\",\"breadcrumb\":{\"@id\":\"https:\/\/boat-service.ee\/fi\/pood\/veneet\/finval-fi\/rangy-fi\/finval-rangy-510-tiller\/#breadcrumb\"},\"inLanguage\":\"fi\",\"potentialAction\":[{\"@type\":\"ReadAction\",\"target\":[\"https:\/\/boat-service.ee\/fi\/pood\/veneet\/finval-fi\/rangy-fi\/finval-rangy-510-tiller\/\"]}]},{\"@type\":\"ImageObject\",\"inLanguage\":\"fi\",\"@id\":\"https:\/\/boat-service.ee\/fi\/pood\/veneet\/finval-fi\/rangy-fi\/finval-rangy-510-tiller\/#primaryimage\",\"url\":\"https:\/\/boat-service.ee\/wp-content\/uploads\/2023\/09\/FINVAL_RANGY_TILLER_510_Main.jpg\",\"contentUrl\":\"https:\/\/boat-service.ee\/wp-content\/uploads\/2023\/09\/FINVAL_RANGY_TILLER_510_Main.jpg\",\"width\":801,\"height\":801},{\"@type\":\"BreadcrumbList\",\"@id\":\"https:\/\/boat-service.ee\/fi\/pood\/veneet\/finval-fi\/rangy-fi\/finval-rangy-510-tiller\/#breadcrumb\",\"itemListElement\":[{\"@type\":\"ListItem\",\"position\":1,\"name\":\"Home\",\"item\":\"https:\/\/boat-service.ee\/fi\/\"},{\"@type\":\"ListItem\",\"position\":2,\"name\":\"Pood\",\"item\":\"https:\/\/boat-service.ee\/en\/shop\/\"},{\"@type\":\"ListItem\",\"position\":3,\"name\":\"FINVAL Rangy 510 Tiller\"}]},{\"@type\":\"WebSite\",\"@id\":\"https:\/\/boat-service.ee\/fi\/#website\",\"url\":\"https:\/\/boat-service.ee\/fi\/\",\"name\":\"Boat Service Estonia\",\"description\":\"Boat Service Estonia - Mootorpaadid, treilerid, mootorid\",\"publisher\":{\"@id\":\"https:\/\/boat-service.ee\/fi\/#organization\"},\"potentialAction\":[{\"@type\":\"SearchAction\",\"target\":{\"@type\":\"EntryPoint\",\"urlTemplate\":\"https:\/\/boat-service.ee\/fi\/?s={search_term_string}\"},\"query-input\":{\"@type\":\"PropertyValueSpecification\",\"valueRequired\":true,\"valueName\":\"search_term_string\"}}],\"inLanguage\":\"fi\"},{\"@type\":\"Organization\",\"@id\":\"https:\/\/boat-service.ee\/fi\/#organization\",\"name\":\"KALASTUSPOOD O\u00dc\",\"url\":\"https:\/\/boat-service.ee\/fi\/\",\"logo\":{\"@type\":\"ImageObject\",\"inLanguage\":\"fi\",\"@id\":\"https:\/\/boat-service.ee\/fi\/#\/schema\/logo\/image\/\",\"url\":\"https:\/\/boat-service.ee\/wp-content\/uploads\/2023\/05\/impLogo.png\",\"contentUrl\":\"https:\/\/boat-service.ee\/wp-content\/uploads\/2023\/05\/impLogo.png\",\"width\":270,\"height\":107,\"caption\":\"KALASTUSPOOD O\u00dc\"},\"image\":{\"@id\":\"https:\/\/boat-service.ee\/fi\/#\/schema\/logo\/image\/\"},\"sameAs\":[\"https:\/\/www.facebook.com\/boatserviceestonia\",\"https:\/\/www.instagram.com\/kalastus_ja_paadipood\/\"]}]}<\/script>\n<!-- \/ Yoast SEO plugin. -->","yoast_head_json":{"title":"FINVAL Rangy 510 Tiller - Boat Service Estonia","description":"Tarjoamme kokonaisratkaisun per\u00e4moottorilla, veneen per\u00e4vaunulla ja muulla tarvittavalla merielektroniikalla. Pyyd\u00e4 tarjous Finval-veneiden viralliselta maahantuojalta.","robots":{"index":"index","follow":"follow","max-snippet":"max-snippet:-1","max-image-preview":"max-image-preview:large","max-video-preview":"max-video-preview:-1"},"canonical":"https:\/\/boat-service.ee\/fi\/pood\/veneet\/finval-fi\/rangy-fi\/finval-rangy-510-tiller\/","og_locale":"fi_FI","og_type":"article","og_title":"FINVAL Rangy 510 Tiller - Boat Service Estonia","og_description":"Tarjoamme kokonaisratkaisun per\u00e4moottorilla, veneen per\u00e4vaunulla ja muulla tarvittavalla merielektroniikalla. Pyyd\u00e4 tarjous Finval-veneiden viralliselta maahantuojalta.","og_url":"https:\/\/boat-service.ee\/fi\/pood\/veneet\/finval-fi\/rangy-fi\/finval-rangy-510-tiller\/","og_site_name":"Boat Service Estonia","article_publisher":"https:\/\/www.facebook.com\/boatserviceestonia","article_modified_time":"2026-04-13T08:47:32+00:00","og_image":[{"width":801,"height":801,"url":"https:\/\/boat-service.ee\/wp-content\/uploads\/2023\/09\/FINVAL_RANGY_TILLER_510_Main.jpg","type":"image\/jpeg"}],"twitter_card":"summary_large_image","twitter_misc":{"Arvioitu lukuaika":"1 minuutti"},"schema":{"@context":"https:\/\/schema.org","@graph":[{"@type":"WebPage","@id":"https:\/\/boat-service.ee\/fi\/pood\/veneet\/finval-fi\/rangy-fi\/finval-rangy-510-tiller\/","url":"https:\/\/boat-service.ee\/fi\/pood\/veneet\/finval-fi\/rangy-fi\/finval-rangy-510-tiller\/","name":"FINVAL Rangy 510 Tiller - Boat Service Estonia","isPartOf":{"@id":"https:\/\/boat-service.ee\/fi\/#website"},"primaryImageOfPage":{"@id":"https:\/\/boat-service.ee\/fi\/pood\/veneet\/finval-fi\/rangy-fi\/finval-rangy-510-tiller\/#primaryimage"},"image":{"@id":"https:\/\/boat-service.ee\/fi\/pood\/veneet\/finval-fi\/rangy-fi\/finval-rangy-510-tiller\/#primaryimage"},"thumbnailUrl":"https:\/\/boat-service.ee\/wp-content\/uploads\/2023\/09\/FINVAL_RANGY_TILLER_510_Main.jpg","datePublished":"2023-09-08T07:54:49+00:00","dateModified":"2026-04-13T08:47:32+00:00","description":"Tarjoamme kokonaisratkaisun per\u00e4moottorilla, veneen per\u00e4vaunulla ja muulla tarvittavalla merielektroniikalla. Pyyd\u00e4 tarjous Finval-veneiden viralliselta maahantuojalta.","breadcrumb":{"@id":"https:\/\/boat-service.ee\/fi\/pood\/veneet\/finval-fi\/rangy-fi\/finval-rangy-510-tiller\/#breadcrumb"},"inLanguage":"fi","potentialAction":[{"@type":"ReadAction","target":["https:\/\/boat-service.ee\/fi\/pood\/veneet\/finval-fi\/rangy-fi\/finval-rangy-510-tiller\/"]}]},{"@type":"ImageObject","inLanguage":"fi","@id":"https:\/\/boat-service.ee\/fi\/pood\/veneet\/finval-fi\/rangy-fi\/finval-rangy-510-tiller\/#primaryimage","url":"https:\/\/boat-service.ee\/wp-content\/uploads\/2023\/09\/FINVAL_RANGY_TILLER_510_Main.jpg","contentUrl":"https:\/\/boat-service.ee\/wp-content\/uploads\/2023\/09\/FINVAL_RANGY_TILLER_510_Main.jpg","width":801,"height":801},{"@type":"BreadcrumbList","@id":"https:\/\/boat-service.ee\/fi\/pood\/veneet\/finval-fi\/rangy-fi\/finval-rangy-510-tiller\/#breadcrumb","itemListElement":[{"@type":"ListItem","position":1,"name":"Home","item":"https:\/\/boat-service.ee\/fi\/"},{"@type":"ListItem","position":2,"name":"Pood","item":"https:\/\/boat-service.ee\/en\/shop\/"},{"@type":"ListItem","position":3,"name":"FINVAL Rangy 510 Tiller"}]},{"@type":"WebSite","@id":"https:\/\/boat-service.ee\/fi\/#website","url":"https:\/\/boat-service.ee\/fi\/","name":"Boat Service Estonia","description":"Boat Service Estonia - Mootorpaadid, treilerid, mootorid","publisher":{"@id":"https:\/\/boat-service.ee\/fi\/#organization"},"potentialAction":[{"@type":"SearchAction","target":{"@type":"EntryPoint","urlTemplate":"https:\/\/boat-service.ee\/fi\/?s={search_term_string}"},"query-input":{"@type":"PropertyValueSpecification","valueRequired":true,"valueName":"search_term_string"}}],"inLanguage":"fi"},{"@type":"Organization","@id":"https:\/\/boat-service.ee\/fi\/#organization","name":"KALASTUSPOOD O\u00dc","url":"https:\/\/boat-service.ee\/fi\/","logo":{"@type":"ImageObject","inLanguage":"fi","@id":"https:\/\/boat-service.ee\/fi\/#\/schema\/logo\/image\/","url":"https:\/\/boat-service.ee\/wp-content\/uploads\/2023\/05\/impLogo.png","contentUrl":"https:\/\/boat-service.ee\/wp-content\/uploads\/2023\/05\/impLogo.png","width":270,"height":107,"caption":"KALASTUSPOOD O\u00dc"},"image":{"@id":"https:\/\/boat-service.ee\/fi\/#\/schema\/logo\/image\/"},"sameAs":["https:\/\/www.facebook.com\/boatserviceestonia","https:\/\/www.instagram.com\/kalastus_ja_paadipood\/"]}]}},"_links":{"self":[{"href":"https:\/\/boat-service.ee\/fi\/wp-json\/wp\/v2\/product\/102733","targetHints":{"allow":["GET"]}}],"collection":[{"href":"https:\/\/boat-service.ee\/fi\/wp-json\/wp\/v2\/product"}],"about":[{"href":"https:\/\/boat-service.ee\/fi\/wp-json\/wp\/v2\/types\/product"}],"wp:featuredmedia":[{"embeddable":true,"href":"https:\/\/boat-service.ee\/fi\/wp-json\/wp\/v2\/media\/102766"}],"wp:attachment":[{"href":"https:\/\/boat-service.ee\/fi\/wp-json\/wp\/v2\/media?parent=102733"}],"wp:term":[{"taxonomy":"product_brand","embeddable":true,"href":"https:\/\/boat-service.ee\/fi\/wp-json\/wp\/v2\/product_brand?post=102733"},{"taxonomy":"product_cat","embeddable":true,"href":"https:\/\/boat-service.ee\/fi\/wp-json\/wp\/v2\/product_cat?post=102733"},{"taxonomy":"product_tag","embeddable":true,"href":"https:\/\/boat-service.ee\/fi\/wp-json\/wp\/v2\/product_tag?post=102733"}],"curies":[{"name":"wp","href":"https:\/\/api.w.org\/{rel}","templated":true}]}}