{"id":102620,"date":"2023-09-08T10:05:26","date_gmt":"2023-09-08T08:05:26","guid":{"rendered":"https:\/\/boat-service.ee\/pood\/Ei-luokiteltu\/finval-510-rangy-b-sc\/"},"modified":"2026-04-13T10:43:14","modified_gmt":"2026-04-13T08:43:14","slug":"finval-510-rangy-b-sc","status":"publish","type":"product","link":"https:\/\/boat-service.ee\/fi\/pood\/veneet\/finval-fi\/rangy-fi\/finval-510-rangy-b-sc\/","title":{"rendered":"Finval 510 Rangy BSC"},"content":{"rendered":"<p data-path-to-node=\"3\">Uusi <b data-path-to-node=\"3\" data-index-in-node=\"5\">Finval Rangy 510 BSC<\/b> on suunniteltu erityisesti vaativille ja kokeneille kalastajille.Bassivene-tyylinen tilaratkaisu on urheilullinen, ja se on varustettu per\u00e4ss\u00e4 sijaitsevalla sumpulla sek\u00e4 tilavalla keulakannella. Taitettava matkustajan istuin helpottaa liikkumista ohjaamossa tehden tilasta avaramman. Vene on varusteltu harkitusti useilla s\u00e4ilytyslokeroilla ja avohyllyill\u00e4, jotka sijaitsevat k\u00e4tev\u00e4sti k\u00e4den ulottuvilla. Finval Rangy 510 BSC on poikkeuksellinen vene, joka saa sinut haluamaan vesille kerta toisensa j\u00e4lkeen.<\/p>\n<p><strong>VAKIOVARUSTEET<\/strong><\/p>\n<p>T\u00e4ysin hitsattu alumiinirunko AlMg4,5Mn (5083). Materiaalin paksuus: 3mm<br \/>\nRaptor\u00ae kulutusta kest\u00e4v\u00e4 pinnoite laidassa<br \/>\nUlkopuolet teipattut (eri v\u00e4rivaihtoehdot)<br \/>\nKapteenin konsoli muovituulilasiilla<br \/>\nKeula &#8211; per\u00e4kansi ja ohjaam\u043e p\u00e4\u00e4llystetty merivinyyli\u00e4<br \/>\nSis\u00e4laidat aukiharjatu matto<br \/>\nKeskell\u00e4 vapalaatikko 10 vavalle 2.2m &#8211; 4kpl ; 2.6m &#8211; 4kpl ja 2.7m &#8211; 2kpl<br \/>\nSis\u00e4\u00e4nrakennettu polttoainetankki 65L<br \/>\nKalasumppu 71 L<br \/>\nKum\u00ednen vapapidike vasemmalla sivulla<br \/>\n1 s\u00e4\u00e4dett\u00e4v\u00e4 Premium-istuin<br \/>\nPaikka istuinjalustalle keulakannella<br \/>\nKeulakannella kuiva s\u00e4ilytystila viem\u00e4rij\u00e4rjestelm\u00e4ll\u00e4<br \/>\n4 x RST knaapit<br \/>\n6 muovista k\u00e4situkea<br \/>\nIrrotettavat LED navigaatiovalot<br \/>\n2x USB 5V2A pistoke matkustajan ja kapteenin konsoleissa;<br \/>\nKonsolin alla asiakirjojen j\u00e4rjestelij\u00e4<br \/>\nAutomaattinen pilssipumppu<br \/>\nUltraflex T73 NRFC mekaaninen ohjausj\u00e4rjestelm\u00e4, ohjauspy\u00f6r\u00e4, ohjauskaapeli<br \/>\nKaikuluotaimen anturin kiinnityslevy vasemmalla ja oikealla puolella<br \/>\nOhjauspy\u00f6r\u00e4 ja ohjausvaijeri<\/p>\n<p>&nbsp;<\/p>\n","protected":false},"excerpt":{"rendered":"<p><strong>TEKNISET TIEDOT<\/strong><\/p>\n<table>\n<tbody>\n<tr>\n<td>Pituus, m<\/td>\n<td>5.1<\/td>\n<\/tr>\n<tr>\n<td>Leveys, m<\/td>\n<td>1.9<\/td>\n<\/tr>\n<tr>\n<td>Paino, kg<\/td>\n<td>495<\/td>\n<\/tr>\n<tr>\n<td>Moottori, hv<\/td>\n<td>60-70<\/td>\n<\/tr>\n<tr>\n<td>Maksimi henkil\u00f6m\u00e4\u00e4r\u00e4<\/td>\n<td>3<\/td>\n<\/tr>\n<tr>\n<td>Polttoaines\u00e4ili\u00f6, l<\/td>\n<td>65<\/td>\n<\/tr>\n<tr>\n<td>Kalasumppu, l<\/td>\n<td>71<\/td>\n<\/tr>\n<tr>\n<td>Vapapaikkoja (m\u00e4\u00e4r\u00e4 \/ pituus)<\/td>\n<td>4\/2.3 m; 4\/2.4 m; 2\/2.7 m<\/td>\n<\/tr>\n<tr>\n<td>Per\u00e4peilin kulma<\/td>\n<td>6\u00b0<\/td>\n<\/tr>\n<tr>\n<td>Konsoli<\/td>\n<td>Tiller<\/td>\n<\/tr>\n<\/tbody>\n<\/table>\n<p><iframe loading=\"lazy\" title=\"YouTube video player\" src=\"https:\/\/www.youtube.com\/embed\/ZP_U1JNY_hw?si=F91S5dMqmdsdGRIb\" width=\"560\" height=\"315\" frameborder=\"0\" allowfullscreen=\"allowfullscreen\"><\/iframe><\/p>\n","protected":false},"featured_media":102686,"template":"","meta":[],"product_brand":[3721],"product_cat":[3427,3579,3583],"product_tag":[],"class_list":{"0":"post-102620","1":"product","2":"type-product","3":"status-publish","4":"has-post-thumbnail","6":"product_brand-finval","7":"product_cat-veneet","8":"product_cat-finval-fi","9":"product_cat-rangy-fi","10":"product_shipping_class-alumiinium-ja-plastikpaadid-normaal","11":"tm-has-options","13":"first","14":"instock","15":"taxable","16":"shipping-taxable","17":"purchasable","18":"product-type-simple"},"yoast_head":"<!-- This site is optimized with the Yoast SEO plugin v27.2 - https:\/\/yoast.com\/product\/yoast-seo-wordpress\/ -->\n<title>Finval 510 Rangy BSC - Boat Service Estonia<\/title>\n<meta name=\"robots\" content=\"index, follow, max-snippet:-1, max-image-preview:large, max-video-preview:-1\" \/>\n<link rel=\"canonical\" href=\"https:\/\/boat-service.ee\/fi\/pood\/veneet\/finval-fi\/rangy-fi\/finval-510-rangy-b-sc\/\" \/>\n<meta property=\"og:locale\" content=\"fi_FI\" \/>\n<meta property=\"og:type\" content=\"article\" \/>\n<meta property=\"og:title\" content=\"Finval 510 Rangy BSC - Boat Service Estonia\" \/>\n<meta property=\"og:description\" content=\"TEKNISET TIEDOT    Pituus, m 5.1   Leveys, m 1.9   Paino, kg 495   Moottori, hv 60-70   Maksimi henkil\u00f6m\u00e4\u00e4r\u00e4 3   Polttoaines\u00e4ili\u00f6, l 65   Kalasumppu, l 71   Vapapaikkoja (m\u00e4\u00e4r\u00e4 \/ pituus) 4\/2.3 m; 4\/2.4 m; 2\/2.7 m   Per\u00e4peilin kulma 6\u00b0   Konsoli Tiller\" \/>\n<meta property=\"og:url\" content=\"https:\/\/boat-service.ee\/fi\/pood\/veneet\/finval-fi\/rangy-fi\/finval-510-rangy-b-sc\/\" \/>\n<meta property=\"og:site_name\" content=\"Boat Service Estonia\" \/>\n<meta property=\"article:publisher\" content=\"https:\/\/www.facebook.com\/boatserviceestonia\" \/>\n<meta property=\"article:modified_time\" content=\"2026-04-13T08:43:14+00:00\" \/>\n<meta property=\"og:image\" content=\"https:\/\/boat-service.ee\/wp-content\/uploads\/2023\/09\/Finval-510-Rangy-BSC_Main.jpg\" \/>\n\t<meta property=\"og:image:width\" content=\"747\" \/>\n\t<meta property=\"og:image:height\" content=\"747\" \/>\n\t<meta property=\"og:image:type\" content=\"image\/jpeg\" \/>\n<meta name=\"twitter:card\" content=\"summary_large_image\" \/>\n<meta name=\"twitter:label1\" content=\"Arvioitu lukuaika\" \/>\n\t<meta name=\"twitter:data1\" content=\"2 minuuttia\" \/>\n<script type=\"application\/ld+json\" class=\"yoast-schema-graph\">{\"@context\":\"https:\/\/schema.org\",\"@graph\":[{\"@type\":\"WebPage\",\"@id\":\"https:\/\/boat-service.ee\/fi\/pood\/veneet\/finval-fi\/rangy-fi\/finval-510-rangy-b-sc\/\",\"url\":\"https:\/\/boat-service.ee\/fi\/pood\/veneet\/finval-fi\/rangy-fi\/finval-510-rangy-b-sc\/\",\"name\":\"Finval 510 Rangy BSC - Boat Service Estonia\",\"isPartOf\":{\"@id\":\"https:\/\/boat-service.ee\/fi\/#website\"},\"primaryImageOfPage\":{\"@id\":\"https:\/\/boat-service.ee\/fi\/pood\/veneet\/finval-fi\/rangy-fi\/finval-510-rangy-b-sc\/#primaryimage\"},\"image\":{\"@id\":\"https:\/\/boat-service.ee\/fi\/pood\/veneet\/finval-fi\/rangy-fi\/finval-510-rangy-b-sc\/#primaryimage\"},\"thumbnailUrl\":\"https:\/\/boat-service.ee\/wp-content\/uploads\/2023\/09\/Finval-510-Rangy-BSC_Main.jpg\",\"datePublished\":\"2023-09-08T08:05:26+00:00\",\"dateModified\":\"2026-04-13T08:43:14+00:00\",\"breadcrumb\":{\"@id\":\"https:\/\/boat-service.ee\/fi\/pood\/veneet\/finval-fi\/rangy-fi\/finval-510-rangy-b-sc\/#breadcrumb\"},\"inLanguage\":\"fi\",\"potentialAction\":[{\"@type\":\"ReadAction\",\"target\":[\"https:\/\/boat-service.ee\/fi\/pood\/veneet\/finval-fi\/rangy-fi\/finval-510-rangy-b-sc\/\"]}]},{\"@type\":\"ImageObject\",\"inLanguage\":\"fi\",\"@id\":\"https:\/\/boat-service.ee\/fi\/pood\/veneet\/finval-fi\/rangy-fi\/finval-510-rangy-b-sc\/#primaryimage\",\"url\":\"https:\/\/boat-service.ee\/wp-content\/uploads\/2023\/09\/Finval-510-Rangy-BSC_Main.jpg\",\"contentUrl\":\"https:\/\/boat-service.ee\/wp-content\/uploads\/2023\/09\/Finval-510-Rangy-BSC_Main.jpg\",\"width\":747,\"height\":747},{\"@type\":\"BreadcrumbList\",\"@id\":\"https:\/\/boat-service.ee\/fi\/pood\/veneet\/finval-fi\/rangy-fi\/finval-510-rangy-b-sc\/#breadcrumb\",\"itemListElement\":[{\"@type\":\"ListItem\",\"position\":1,\"name\":\"Home\",\"item\":\"https:\/\/boat-service.ee\/fi\/\"},{\"@type\":\"ListItem\",\"position\":2,\"name\":\"Pood\",\"item\":\"https:\/\/boat-service.ee\/en\/shop\/\"},{\"@type\":\"ListItem\",\"position\":3,\"name\":\"Finval 510 Rangy BSC\"}]},{\"@type\":\"WebSite\",\"@id\":\"https:\/\/boat-service.ee\/fi\/#website\",\"url\":\"https:\/\/boat-service.ee\/fi\/\",\"name\":\"Boat Service Estonia\",\"description\":\"Boat Service Estonia - Mootorpaadid, treilerid, mootorid\",\"publisher\":{\"@id\":\"https:\/\/boat-service.ee\/fi\/#organization\"},\"potentialAction\":[{\"@type\":\"SearchAction\",\"target\":{\"@type\":\"EntryPoint\",\"urlTemplate\":\"https:\/\/boat-service.ee\/fi\/?s={search_term_string}\"},\"query-input\":{\"@type\":\"PropertyValueSpecification\",\"valueRequired\":true,\"valueName\":\"search_term_string\"}}],\"inLanguage\":\"fi\"},{\"@type\":\"Organization\",\"@id\":\"https:\/\/boat-service.ee\/fi\/#organization\",\"name\":\"KALASTUSPOOD O\u00dc\",\"url\":\"https:\/\/boat-service.ee\/fi\/\",\"logo\":{\"@type\":\"ImageObject\",\"inLanguage\":\"fi\",\"@id\":\"https:\/\/boat-service.ee\/fi\/#\/schema\/logo\/image\/\",\"url\":\"https:\/\/boat-service.ee\/wp-content\/uploads\/2023\/05\/impLogo.png\",\"contentUrl\":\"https:\/\/boat-service.ee\/wp-content\/uploads\/2023\/05\/impLogo.png\",\"width\":270,\"height\":107,\"caption\":\"KALASTUSPOOD O\u00dc\"},\"image\":{\"@id\":\"https:\/\/boat-service.ee\/fi\/#\/schema\/logo\/image\/\"},\"sameAs\":[\"https:\/\/www.facebook.com\/boatserviceestonia\",\"https:\/\/www.instagram.com\/kalastus_ja_paadipood\/\"]}]}<\/script>\n<!-- \/ Yoast SEO plugin. -->","yoast_head_json":{"title":"Finval 510 Rangy BSC - Boat Service Estonia","robots":{"index":"index","follow":"follow","max-snippet":"max-snippet:-1","max-image-preview":"max-image-preview:large","max-video-preview":"max-video-preview:-1"},"canonical":"https:\/\/boat-service.ee\/fi\/pood\/veneet\/finval-fi\/rangy-fi\/finval-510-rangy-b-sc\/","og_locale":"fi_FI","og_type":"article","og_title":"Finval 510 Rangy BSC - Boat Service Estonia","og_description":"TEKNISET TIEDOT    Pituus, m 5.1   Leveys, m 1.9   Paino, kg 495   Moottori, hv 60-70   Maksimi henkil\u00f6m\u00e4\u00e4r\u00e4 3   Polttoaines\u00e4ili\u00f6, l 65   Kalasumppu, l 71   Vapapaikkoja (m\u00e4\u00e4r\u00e4 \/ pituus) 4\/2.3 m; 4\/2.4 m; 2\/2.7 m   Per\u00e4peilin kulma 6\u00b0   Konsoli Tiller","og_url":"https:\/\/boat-service.ee\/fi\/pood\/veneet\/finval-fi\/rangy-fi\/finval-510-rangy-b-sc\/","og_site_name":"Boat Service Estonia","article_publisher":"https:\/\/www.facebook.com\/boatserviceestonia","article_modified_time":"2026-04-13T08:43:14+00:00","og_image":[{"width":747,"height":747,"url":"https:\/\/boat-service.ee\/wp-content\/uploads\/2023\/09\/Finval-510-Rangy-BSC_Main.jpg","type":"image\/jpeg"}],"twitter_card":"summary_large_image","twitter_misc":{"Arvioitu lukuaika":"2 minuuttia"},"schema":{"@context":"https:\/\/schema.org","@graph":[{"@type":"WebPage","@id":"https:\/\/boat-service.ee\/fi\/pood\/veneet\/finval-fi\/rangy-fi\/finval-510-rangy-b-sc\/","url":"https:\/\/boat-service.ee\/fi\/pood\/veneet\/finval-fi\/rangy-fi\/finval-510-rangy-b-sc\/","name":"Finval 510 Rangy BSC - Boat Service Estonia","isPartOf":{"@id":"https:\/\/boat-service.ee\/fi\/#website"},"primaryImageOfPage":{"@id":"https:\/\/boat-service.ee\/fi\/pood\/veneet\/finval-fi\/rangy-fi\/finval-510-rangy-b-sc\/#primaryimage"},"image":{"@id":"https:\/\/boat-service.ee\/fi\/pood\/veneet\/finval-fi\/rangy-fi\/finval-510-rangy-b-sc\/#primaryimage"},"thumbnailUrl":"https:\/\/boat-service.ee\/wp-content\/uploads\/2023\/09\/Finval-510-Rangy-BSC_Main.jpg","datePublished":"2023-09-08T08:05:26+00:00","dateModified":"2026-04-13T08:43:14+00:00","breadcrumb":{"@id":"https:\/\/boat-service.ee\/fi\/pood\/veneet\/finval-fi\/rangy-fi\/finval-510-rangy-b-sc\/#breadcrumb"},"inLanguage":"fi","potentialAction":[{"@type":"ReadAction","target":["https:\/\/boat-service.ee\/fi\/pood\/veneet\/finval-fi\/rangy-fi\/finval-510-rangy-b-sc\/"]}]},{"@type":"ImageObject","inLanguage":"fi","@id":"https:\/\/boat-service.ee\/fi\/pood\/veneet\/finval-fi\/rangy-fi\/finval-510-rangy-b-sc\/#primaryimage","url":"https:\/\/boat-service.ee\/wp-content\/uploads\/2023\/09\/Finval-510-Rangy-BSC_Main.jpg","contentUrl":"https:\/\/boat-service.ee\/wp-content\/uploads\/2023\/09\/Finval-510-Rangy-BSC_Main.jpg","width":747,"height":747},{"@type":"BreadcrumbList","@id":"https:\/\/boat-service.ee\/fi\/pood\/veneet\/finval-fi\/rangy-fi\/finval-510-rangy-b-sc\/#breadcrumb","itemListElement":[{"@type":"ListItem","position":1,"name":"Home","item":"https:\/\/boat-service.ee\/fi\/"},{"@type":"ListItem","position":2,"name":"Pood","item":"https:\/\/boat-service.ee\/en\/shop\/"},{"@type":"ListItem","position":3,"name":"Finval 510 Rangy BSC"}]},{"@type":"WebSite","@id":"https:\/\/boat-service.ee\/fi\/#website","url":"https:\/\/boat-service.ee\/fi\/","name":"Boat Service Estonia","description":"Boat Service Estonia - Mootorpaadid, treilerid, mootorid","publisher":{"@id":"https:\/\/boat-service.ee\/fi\/#organization"},"potentialAction":[{"@type":"SearchAction","target":{"@type":"EntryPoint","urlTemplate":"https:\/\/boat-service.ee\/fi\/?s={search_term_string}"},"query-input":{"@type":"PropertyValueSpecification","valueRequired":true,"valueName":"search_term_string"}}],"inLanguage":"fi"},{"@type":"Organization","@id":"https:\/\/boat-service.ee\/fi\/#organization","name":"KALASTUSPOOD O\u00dc","url":"https:\/\/boat-service.ee\/fi\/","logo":{"@type":"ImageObject","inLanguage":"fi","@id":"https:\/\/boat-service.ee\/fi\/#\/schema\/logo\/image\/","url":"https:\/\/boat-service.ee\/wp-content\/uploads\/2023\/05\/impLogo.png","contentUrl":"https:\/\/boat-service.ee\/wp-content\/uploads\/2023\/05\/impLogo.png","width":270,"height":107,"caption":"KALASTUSPOOD O\u00dc"},"image":{"@id":"https:\/\/boat-service.ee\/fi\/#\/schema\/logo\/image\/"},"sameAs":["https:\/\/www.facebook.com\/boatserviceestonia","https:\/\/www.instagram.com\/kalastus_ja_paadipood\/"]}]}},"_links":{"self":[{"href":"https:\/\/boat-service.ee\/fi\/wp-json\/wp\/v2\/product\/102620","targetHints":{"allow":["GET"]}}],"collection":[{"href":"https:\/\/boat-service.ee\/fi\/wp-json\/wp\/v2\/product"}],"about":[{"href":"https:\/\/boat-service.ee\/fi\/wp-json\/wp\/v2\/types\/product"}],"wp:featuredmedia":[{"embeddable":true,"href":"https:\/\/boat-service.ee\/fi\/wp-json\/wp\/v2\/media\/102686"}],"wp:attachment":[{"href":"https:\/\/boat-service.ee\/fi\/wp-json\/wp\/v2\/media?parent=102620"}],"wp:term":[{"taxonomy":"product_brand","embeddable":true,"href":"https:\/\/boat-service.ee\/fi\/wp-json\/wp\/v2\/product_brand?post=102620"},{"taxonomy":"product_cat","embeddable":true,"href":"https:\/\/boat-service.ee\/fi\/wp-json\/wp\/v2\/product_cat?post=102620"},{"taxonomy":"product_tag","embeddable":true,"href":"https:\/\/boat-service.ee\/fi\/wp-json\/wp\/v2\/product_tag?post=102620"}],"curies":[{"name":"wp","href":"https:\/\/api.w.org\/{rel}","templated":true}]}}