{"id":102569,"date":"2023-09-08T10:12:48","date_gmt":"2023-09-08T08:12:48","guid":{"rendered":"https:\/\/boat-service.ee\/pood\/Ei-luokiteltu\/finval-420-rangy-tiller\/"},"modified":"2026-04-13T10:42:36","modified_gmt":"2026-04-13T08:42:36","slug":"finval-420-rangy-tiller","status":"publish","type":"product","link":"https:\/\/boat-service.ee\/fi\/pood\/veneet\/finval-fi\/rangy-fi\/finval-420-rangy-tiller\/","title":{"rendered":"FINVAL 420 Rangy Tiller"},"content":{"rendered":"<p data-path-to-node=\"2\">Finval Rangy 420 Tiller on alumiininen kalastusvene ja Finval-malliston pienin j\u00e4sen, mutta se ei tingi laadusta tai kalastusvarustelusta suurempiin malleihin verrattuna. Veneess\u00e4 on useita s\u00e4ilytystiloja ja hyllyj\u00e4 eri tavaroille ja uistimille, mink\u00e4 lis\u00e4ksi siin\u00e4 on tilavat s\u00e4ilytyslaatikot ja j\u00e4rjestelij\u00e4t. Sen suuri ja moderni ohjauspulpetti mahdollistaa 12\u201316 tuuman karttaplotterien ja kaikuluotaimien asennuksen.<\/p>\n<p data-path-to-node=\"3\">Kuomun neppariton kiinnitysj\u00e4rjestelm\u00e4 s\u00e4\u00e4st\u00e4\u00e4 aikaa sek\u00e4 ennen kalastusreissua ett\u00e4 sen j\u00e4lkeen. Jopa 2,7 metrin pituiset vavat voidaan s\u00e4ilytt\u00e4\u00e4 molemmin puolin sijaitsevissa sivukoteloissa, mutta ne voidaan my\u00f6s kiinnitt\u00e4\u00e4 nopeasti avonaisille hyllytasoille.<\/p>\n<p><strong>Vakiovarusteet<\/strong><\/p>\n<p>T\u00e4ysin hitsattu runko AlMg4,5Mn (5083) merialumiinista. Materiaalin paksuudet: 1,5mm; 2mm ja 3mm<br \/>\nPit\u00e4v\u00e4 RAPTOR pinnoite veneen laidalla<br \/>\nVapalaatikko oikealla puolella kahdelle enint\u00e4\u00e4n 2.7m vavalle<br \/>\nVapalaatikko vasemmalla puolella kahdelle enint\u00e4\u00e4n 2.7m vavalle<br \/>\nKum\u00edset vapapidikkeet oikeassa ja vasemmassa laidassa<br \/>\nS\u00e4ilytystila akulle ja 25l polttoaines\u00e4ili\u00f6lle<br \/>\nKuiva s\u00e4ilytystila henkil\u00f6kohtaisille tavaroille<br \/>\n7x Luukun salpoja (muovi)<br \/>\n2x Kiinnipitokahvat<br \/>\n4x RST Knaapit<br \/>\n2x USB 5V2A -liit\u00e4nt\u00e4<br \/>\nAutomaattinen pilssipumppu<br \/>\nEsivalmistelu s\u00e4hk\u00f6moottorin asennukselle<br \/>\nP\u00e4\u00e4kytkin<br \/>\nSivuilla harmaat\/mustat\/hope\u00edset tarrat<\/p>\n","protected":false},"excerpt":{"rendered":"<p><strong>TEKNISET TIEDOT<\/strong><\/p>\n<table>\n<tbody>\n<tr>\n<td>Pituus, m<\/td>\n<td>4.19<\/td>\n<\/tr>\n<tr>\n<td>Leveys, m<\/td>\n<td>1.86<\/td>\n<\/tr>\n<tr>\n<td>Paino, kg<\/td>\n<td>268<\/td>\n<\/tr>\n<tr>\n<td>Moottori, hp<\/td>\n<td>25-40<\/td>\n<\/tr>\n<tr>\n<td>Maksimi henkil\u00f6m\u00e4\u00e4r\u00e4<\/td>\n<td>3<\/td>\n<\/tr>\n<tr>\n<td>Polttoaines\u00e4ili\u00f6, l<\/td>\n<td>25<\/td>\n<\/tr>\n<tr>\n<td>Sumppu, l<\/td>\n<td>90<\/td>\n<\/tr>\n<tr>\n<td>Konsoli<\/td>\n<td>Tiller<\/td>\n<\/tr>\n<\/tbody>\n<\/table>\n<p><iframe loading=\"lazy\" title=\"YouTube video player\" src=\"https:\/\/www.youtube.com\/embed\/Pqi_DpuqxTA?si=P7ChRIy1_st2KgM4\" width=\"560\" height=\"315\" frameborder=\"0\" allowfullscreen=\"allowfullscreen\"><\/iframe><\/p>\n","protected":false},"featured_media":102619,"template":"","meta":[],"product_brand":[],"product_cat":[3427,3579,3583],"product_tag":[],"class_list":{"0":"post-102569","1":"product","2":"type-product","3":"status-publish","4":"has-post-thumbnail","6":"product_cat-veneet","7":"product_cat-finval-fi","8":"product_cat-rangy-fi","9":"product_shipping_class-alumiinium-ja-plastikpaadid-normaal","10":"tm-has-options","12":"first","13":"instock","14":"taxable","15":"shipping-taxable","16":"purchasable","17":"product-type-simple"},"yoast_head":"<!-- This site is optimized with the Yoast SEO plugin v27.2 - https:\/\/yoast.com\/product\/yoast-seo-wordpress\/ -->\n<title>FINVAL 420 Rangy Tiller - Katso kaikki Finval-veneet<\/title>\n<meta name=\"description\" content=\"Boat Service Estonia on FINVAL-veneiden virallinen maahantuoja Virossa. Kokoonpannamme teille veneen haluamallanne per\u00e4moottor\u00edlla, per\u00e4vaunulla ja elektroniikalla. Takaamme valmistajan takuun sek\u00e4 ammattitaitoisen j\u00e4lkihuollon.\" \/>\n<meta name=\"robots\" content=\"index, follow, max-snippet:-1, max-image-preview:large, max-video-preview:-1\" \/>\n<link rel=\"canonical\" href=\"https:\/\/boat-service.ee\/fi\/pood\/veneet\/finval-fi\/rangy-fi\/finval-420-rangy-tiller\/\" \/>\n<meta property=\"og:locale\" content=\"fi_FI\" \/>\n<meta property=\"og:type\" content=\"article\" \/>\n<meta property=\"og:title\" content=\"FINVAL 420 Rangy Tiller - Katso kaikki Finval-veneet\" \/>\n<meta property=\"og:description\" content=\"Boat Service Estonia on FINVAL-veneiden virallinen maahantuoja Virossa. Kokoonpannamme teille veneen haluamallanne per\u00e4moottor\u00edlla, per\u00e4vaunulla ja elektroniikalla. Takaamme valmistajan takuun sek\u00e4 ammattitaitoisen j\u00e4lkihuollon.\" \/>\n<meta property=\"og:url\" content=\"https:\/\/boat-service.ee\/fi\/pood\/veneet\/finval-fi\/rangy-fi\/finval-420-rangy-tiller\/\" \/>\n<meta property=\"og:site_name\" content=\"Boat Service Estonia\" \/>\n<meta property=\"article:publisher\" content=\"https:\/\/www.facebook.com\/boatserviceestonia\" \/>\n<meta property=\"article:modified_time\" content=\"2026-04-13T08:42:36+00:00\" \/>\n<meta property=\"og:image\" content=\"https:\/\/boat-service.ee\/wp-content\/uploads\/2023\/09\/FINVAL_RANGY_TILLER_420_Main.jpg\" \/>\n\t<meta property=\"og:image:width\" content=\"800\" \/>\n\t<meta property=\"og:image:height\" content=\"800\" \/>\n\t<meta property=\"og:image:type\" content=\"image\/jpeg\" \/>\n<meta name=\"twitter:card\" content=\"summary_large_image\" \/>\n<meta name=\"twitter:label1\" content=\"Arvioitu lukuaika\" \/>\n\t<meta name=\"twitter:data1\" content=\"2 minuuttia\" \/>\n<script type=\"application\/ld+json\" class=\"yoast-schema-graph\">{\"@context\":\"https:\/\/schema.org\",\"@graph\":[{\"@type\":\"WebPage\",\"@id\":\"https:\/\/boat-service.ee\/fi\/pood\/veneet\/finval-fi\/rangy-fi\/finval-420-rangy-tiller\/\",\"url\":\"https:\/\/boat-service.ee\/fi\/pood\/veneet\/finval-fi\/rangy-fi\/finval-420-rangy-tiller\/\",\"name\":\"FINVAL 420 Rangy Tiller - Katso kaikki Finval-veneet\",\"isPartOf\":{\"@id\":\"https:\/\/boat-service.ee\/fi\/#website\"},\"primaryImageOfPage\":{\"@id\":\"https:\/\/boat-service.ee\/fi\/pood\/veneet\/finval-fi\/rangy-fi\/finval-420-rangy-tiller\/#primaryimage\"},\"image\":{\"@id\":\"https:\/\/boat-service.ee\/fi\/pood\/veneet\/finval-fi\/rangy-fi\/finval-420-rangy-tiller\/#primaryimage\"},\"thumbnailUrl\":\"https:\/\/boat-service.ee\/wp-content\/uploads\/2023\/09\/FINVAL_RANGY_TILLER_420_Main.jpg\",\"datePublished\":\"2023-09-08T08:12:48+00:00\",\"dateModified\":\"2026-04-13T08:42:36+00:00\",\"description\":\"Boat Service Estonia on FINVAL-veneiden virallinen maahantuoja Virossa. Kokoonpannamme teille veneen haluamallanne per\u00e4moottor\u00edlla, per\u00e4vaunulla ja elektroniikalla. Takaamme valmistajan takuun sek\u00e4 ammattitaitoisen j\u00e4lkihuollon.\",\"breadcrumb\":{\"@id\":\"https:\/\/boat-service.ee\/fi\/pood\/veneet\/finval-fi\/rangy-fi\/finval-420-rangy-tiller\/#breadcrumb\"},\"inLanguage\":\"fi\",\"potentialAction\":[{\"@type\":\"ReadAction\",\"target\":[\"https:\/\/boat-service.ee\/fi\/pood\/veneet\/finval-fi\/rangy-fi\/finval-420-rangy-tiller\/\"]}]},{\"@type\":\"ImageObject\",\"inLanguage\":\"fi\",\"@id\":\"https:\/\/boat-service.ee\/fi\/pood\/veneet\/finval-fi\/rangy-fi\/finval-420-rangy-tiller\/#primaryimage\",\"url\":\"https:\/\/boat-service.ee\/wp-content\/uploads\/2023\/09\/FINVAL_RANGY_TILLER_420_Main.jpg\",\"contentUrl\":\"https:\/\/boat-service.ee\/wp-content\/uploads\/2023\/09\/FINVAL_RANGY_TILLER_420_Main.jpg\",\"width\":800,\"height\":800},{\"@type\":\"BreadcrumbList\",\"@id\":\"https:\/\/boat-service.ee\/fi\/pood\/veneet\/finval-fi\/rangy-fi\/finval-420-rangy-tiller\/#breadcrumb\",\"itemListElement\":[{\"@type\":\"ListItem\",\"position\":1,\"name\":\"Home\",\"item\":\"https:\/\/boat-service.ee\/fi\/\"},{\"@type\":\"ListItem\",\"position\":2,\"name\":\"Pood\",\"item\":\"https:\/\/boat-service.ee\/en\/shop\/\"},{\"@type\":\"ListItem\",\"position\":3,\"name\":\"FINVAL 420 Rangy Tiller\"}]},{\"@type\":\"WebSite\",\"@id\":\"https:\/\/boat-service.ee\/fi\/#website\",\"url\":\"https:\/\/boat-service.ee\/fi\/\",\"name\":\"Boat Service Estonia\",\"description\":\"Boat Service Estonia - Mootorpaadid, treilerid, mootorid\",\"publisher\":{\"@id\":\"https:\/\/boat-service.ee\/fi\/#organization\"},\"potentialAction\":[{\"@type\":\"SearchAction\",\"target\":{\"@type\":\"EntryPoint\",\"urlTemplate\":\"https:\/\/boat-service.ee\/fi\/?s={search_term_string}\"},\"query-input\":{\"@type\":\"PropertyValueSpecification\",\"valueRequired\":true,\"valueName\":\"search_term_string\"}}],\"inLanguage\":\"fi\"},{\"@type\":\"Organization\",\"@id\":\"https:\/\/boat-service.ee\/fi\/#organization\",\"name\":\"KALASTUSPOOD O\u00dc\",\"url\":\"https:\/\/boat-service.ee\/fi\/\",\"logo\":{\"@type\":\"ImageObject\",\"inLanguage\":\"fi\",\"@id\":\"https:\/\/boat-service.ee\/fi\/#\/schema\/logo\/image\/\",\"url\":\"https:\/\/boat-service.ee\/wp-content\/uploads\/2023\/05\/impLogo.png\",\"contentUrl\":\"https:\/\/boat-service.ee\/wp-content\/uploads\/2023\/05\/impLogo.png\",\"width\":270,\"height\":107,\"caption\":\"KALASTUSPOOD O\u00dc\"},\"image\":{\"@id\":\"https:\/\/boat-service.ee\/fi\/#\/schema\/logo\/image\/\"},\"sameAs\":[\"https:\/\/www.facebook.com\/boatserviceestonia\",\"https:\/\/www.instagram.com\/kalastus_ja_paadipood\/\"]}]}<\/script>\n<!-- \/ Yoast SEO plugin. -->","yoast_head_json":{"title":"FINVAL 420 Rangy Tiller - Katso kaikki Finval-veneet","description":"Boat Service Estonia on FINVAL-veneiden virallinen maahantuoja Virossa. Kokoonpannamme teille veneen haluamallanne per\u00e4moottor\u00edlla, per\u00e4vaunulla ja elektroniikalla. Takaamme valmistajan takuun sek\u00e4 ammattitaitoisen j\u00e4lkihuollon.","robots":{"index":"index","follow":"follow","max-snippet":"max-snippet:-1","max-image-preview":"max-image-preview:large","max-video-preview":"max-video-preview:-1"},"canonical":"https:\/\/boat-service.ee\/fi\/pood\/veneet\/finval-fi\/rangy-fi\/finval-420-rangy-tiller\/","og_locale":"fi_FI","og_type":"article","og_title":"FINVAL 420 Rangy Tiller - Katso kaikki Finval-veneet","og_description":"Boat Service Estonia on FINVAL-veneiden virallinen maahantuoja Virossa. Kokoonpannamme teille veneen haluamallanne per\u00e4moottor\u00edlla, per\u00e4vaunulla ja elektroniikalla. Takaamme valmistajan takuun sek\u00e4 ammattitaitoisen j\u00e4lkihuollon.","og_url":"https:\/\/boat-service.ee\/fi\/pood\/veneet\/finval-fi\/rangy-fi\/finval-420-rangy-tiller\/","og_site_name":"Boat Service Estonia","article_publisher":"https:\/\/www.facebook.com\/boatserviceestonia","article_modified_time":"2026-04-13T08:42:36+00:00","og_image":[{"width":800,"height":800,"url":"https:\/\/boat-service.ee\/wp-content\/uploads\/2023\/09\/FINVAL_RANGY_TILLER_420_Main.jpg","type":"image\/jpeg"}],"twitter_card":"summary_large_image","twitter_misc":{"Arvioitu lukuaika":"2 minuuttia"},"schema":{"@context":"https:\/\/schema.org","@graph":[{"@type":"WebPage","@id":"https:\/\/boat-service.ee\/fi\/pood\/veneet\/finval-fi\/rangy-fi\/finval-420-rangy-tiller\/","url":"https:\/\/boat-service.ee\/fi\/pood\/veneet\/finval-fi\/rangy-fi\/finval-420-rangy-tiller\/","name":"FINVAL 420 Rangy Tiller - Katso kaikki Finval-veneet","isPartOf":{"@id":"https:\/\/boat-service.ee\/fi\/#website"},"primaryImageOfPage":{"@id":"https:\/\/boat-service.ee\/fi\/pood\/veneet\/finval-fi\/rangy-fi\/finval-420-rangy-tiller\/#primaryimage"},"image":{"@id":"https:\/\/boat-service.ee\/fi\/pood\/veneet\/finval-fi\/rangy-fi\/finval-420-rangy-tiller\/#primaryimage"},"thumbnailUrl":"https:\/\/boat-service.ee\/wp-content\/uploads\/2023\/09\/FINVAL_RANGY_TILLER_420_Main.jpg","datePublished":"2023-09-08T08:12:48+00:00","dateModified":"2026-04-13T08:42:36+00:00","description":"Boat Service Estonia on FINVAL-veneiden virallinen maahantuoja Virossa. Kokoonpannamme teille veneen haluamallanne per\u00e4moottor\u00edlla, per\u00e4vaunulla ja elektroniikalla. Takaamme valmistajan takuun sek\u00e4 ammattitaitoisen j\u00e4lkihuollon.","breadcrumb":{"@id":"https:\/\/boat-service.ee\/fi\/pood\/veneet\/finval-fi\/rangy-fi\/finval-420-rangy-tiller\/#breadcrumb"},"inLanguage":"fi","potentialAction":[{"@type":"ReadAction","target":["https:\/\/boat-service.ee\/fi\/pood\/veneet\/finval-fi\/rangy-fi\/finval-420-rangy-tiller\/"]}]},{"@type":"ImageObject","inLanguage":"fi","@id":"https:\/\/boat-service.ee\/fi\/pood\/veneet\/finval-fi\/rangy-fi\/finval-420-rangy-tiller\/#primaryimage","url":"https:\/\/boat-service.ee\/wp-content\/uploads\/2023\/09\/FINVAL_RANGY_TILLER_420_Main.jpg","contentUrl":"https:\/\/boat-service.ee\/wp-content\/uploads\/2023\/09\/FINVAL_RANGY_TILLER_420_Main.jpg","width":800,"height":800},{"@type":"BreadcrumbList","@id":"https:\/\/boat-service.ee\/fi\/pood\/veneet\/finval-fi\/rangy-fi\/finval-420-rangy-tiller\/#breadcrumb","itemListElement":[{"@type":"ListItem","position":1,"name":"Home","item":"https:\/\/boat-service.ee\/fi\/"},{"@type":"ListItem","position":2,"name":"Pood","item":"https:\/\/boat-service.ee\/en\/shop\/"},{"@type":"ListItem","position":3,"name":"FINVAL 420 Rangy Tiller"}]},{"@type":"WebSite","@id":"https:\/\/boat-service.ee\/fi\/#website","url":"https:\/\/boat-service.ee\/fi\/","name":"Boat Service Estonia","description":"Boat Service Estonia - Mootorpaadid, treilerid, mootorid","publisher":{"@id":"https:\/\/boat-service.ee\/fi\/#organization"},"potentialAction":[{"@type":"SearchAction","target":{"@type":"EntryPoint","urlTemplate":"https:\/\/boat-service.ee\/fi\/?s={search_term_string}"},"query-input":{"@type":"PropertyValueSpecification","valueRequired":true,"valueName":"search_term_string"}}],"inLanguage":"fi"},{"@type":"Organization","@id":"https:\/\/boat-service.ee\/fi\/#organization","name":"KALASTUSPOOD O\u00dc","url":"https:\/\/boat-service.ee\/fi\/","logo":{"@type":"ImageObject","inLanguage":"fi","@id":"https:\/\/boat-service.ee\/fi\/#\/schema\/logo\/image\/","url":"https:\/\/boat-service.ee\/wp-content\/uploads\/2023\/05\/impLogo.png","contentUrl":"https:\/\/boat-service.ee\/wp-content\/uploads\/2023\/05\/impLogo.png","width":270,"height":107,"caption":"KALASTUSPOOD O\u00dc"},"image":{"@id":"https:\/\/boat-service.ee\/fi\/#\/schema\/logo\/image\/"},"sameAs":["https:\/\/www.facebook.com\/boatserviceestonia","https:\/\/www.instagram.com\/kalastus_ja_paadipood\/"]}]}},"_links":{"self":[{"href":"https:\/\/boat-service.ee\/fi\/wp-json\/wp\/v2\/product\/102569","targetHints":{"allow":["GET"]}}],"collection":[{"href":"https:\/\/boat-service.ee\/fi\/wp-json\/wp\/v2\/product"}],"about":[{"href":"https:\/\/boat-service.ee\/fi\/wp-json\/wp\/v2\/types\/product"}],"wp:featuredmedia":[{"embeddable":true,"href":"https:\/\/boat-service.ee\/fi\/wp-json\/wp\/v2\/media\/102619"}],"wp:attachment":[{"href":"https:\/\/boat-service.ee\/fi\/wp-json\/wp\/v2\/media?parent=102569"}],"wp:term":[{"taxonomy":"product_brand","embeddable":true,"href":"https:\/\/boat-service.ee\/fi\/wp-json\/wp\/v2\/product_brand?post=102569"},{"taxonomy":"product_cat","embeddable":true,"href":"https:\/\/boat-service.ee\/fi\/wp-json\/wp\/v2\/product_cat?post=102569"},{"taxonomy":"product_tag","embeddable":true,"href":"https:\/\/boat-service.ee\/fi\/wp-json\/wp\/v2\/product_tag?post=102569"}],"curies":[{"name":"wp","href":"https:\/\/api.w.org\/{rel}","templated":true}]}}