{"id":102543,"date":"2023-09-08T10:25:01","date_gmt":"2023-09-08T08:25:01","guid":{"rendered":"https:\/\/boat-service.ee\/pood\/Ei-luokiteltu\/finval-555-sportangler-dc\/"},"modified":"2026-04-13T10:43:14","modified_gmt":"2026-04-13T08:43:14","slug":"finval-555-sportangler-dc","status":"publish","type":"product","link":"https:\/\/boat-service.ee\/fi\/pood\/veneet\/finval-fi\/sport-angler-fi\/finval-555-sportangler-dc\/","title":{"rendered":"FINVAL 555 SportAngler DC"},"content":{"rendered":"<p>Finval 555 Sport Angler \u2013 Ammattitason kalastusvene vaativaan k\u00e4ytt\u00f6\u00f6n. Etsitk\u00f6 venett\u00e4, joka ei pelk\u00e4\u00e4 aallokkoa ja tarjoaa parhaat puitteet intohimoiselle urheilukalastukselle? Finval 555 Sport Angler on suunniteltu vastaamaan vaativimmankin kalastajan tarpeita s\u00e4\u00e4st\u00e4 riippumatta. Veneen merikelpoinen runko ja ergonominen ohjaamo tekev\u00e4t ajamisesta nautinnon. Korkea, t\u00e4ysleve\u00e4 tuulilasi suojaa, mik\u00e4 takaa mukavan matkanteon jopa yli 80 km\/h nopeuksissa. T\u00e4m\u00e4 vene on t\u00e4ydellinen valinta kalastajille, jotka haluavat p\u00e4\u00e4st\u00e4 apajille nopeasti ja turvallisesti kaikissa olosuhteissa. 555 Sport Angler on varusteltu niin, ett\u00e4 voit keskitty\u00e4 olennaiseen \u2013 enn\u00e4tyskalojen nappaamiseen. Tilavat ja vakaat heittotasot sek\u00e4 keulassa ett\u00e4 per\u00e4ss\u00e4. Runsaasti kuivia s\u00e4ilytystiloja varusteille. Kaksi kiertovesipumpulla varustettua sumppua. T\u00e4m\u00e4 kokonaisuus tekee Finval 555 Sport Anglerista luotettavan kumppanin jokaiselle kalastusreissulle.<\/p>\n<p><strong>Vakiovarusteet<\/strong><\/p>\n<p>T\u00e4ysin hitsattu alumiinirunko AlMg4,5Mn (5083)\u00a0 Materiaalin paksuus: 3-4mm<br \/>\nRaptor\u00ae kulutusta kest\u00e4v\u00e4 pinnoite veneen laidalla<br \/>\nTeipatut kyljet (eri v\u00e4rivaihtoehdot)<br \/>\nTuplapulpetti tuulilasilla ja v\u00e4liovella<br \/>\nLattia ja keulan heittotaso p\u00e4\u00e4llysetty merivinyylill\u00e4<br \/>\nSis\u00e4sivut sek\u00e4 takaheittotaso aukiharjattua mattoa<br \/>\nKiinte\u00e4 125L polttoaines\u00e4ili\u00f6<br \/>\nVapalaatikko 10 vav\u00e1lle 2.5-2,7m.<br \/>\nKalasumppu 85 \/ 110 L<br \/>\nKuljettajan ja repsikan penkki<br \/>\n2 x heittojakkaran kiinnitysjalustaa + 1 heittojakkara<br \/>\n2x 12V pistoke<br \/>\nKuivat s\u00e4ilytystilat<br \/>\n6 x RST knaapit<br \/>\nLED-valaistus konsolin hansikaslokerossa ja etutasossa<br \/>\nLED navigaatiovalot<br \/>\nUltraflex T73 NRFC mekaaninen ohjausj\u00e4rjestelm\u00e4, ohjauspy\u00f6r\u00e4, ohjauskaapeli<br \/>\nAutomaattinen pilssipumppu<\/p>\n","protected":false},"excerpt":{"rendered":"<p><strong>TEKNISET TIEDOT<\/strong><\/p>\n<table>\n<tbody>\n<tr>\n<td>Pituus, m<\/td>\n<td>5,55<\/td>\n<\/tr>\n<tr>\n<td>Leveys, m<\/td>\n<td>2,20<\/td>\n<\/tr>\n<tr>\n<td>Oer\u00e4peilin korkeus, mm<\/td>\n<td>635<\/td>\n<\/tr>\n<tr>\n<td>Syv\u00e4ys, mm<\/td>\n<td>390<\/td>\n<\/tr>\n<tr>\n<td>Per\u00e4peilin kulma<\/td>\n<td>19\u00b0<\/td>\n<\/tr>\n<tr>\n<td>Paino, kg<\/td>\n<td>760<\/td>\n<\/tr>\n<tr>\n<td>Max kantavuus, kg<\/td>\n<td>1000<\/td>\n<\/tr>\n<tr>\n<td>Moottori, hv<\/td>\n<td>150-200<\/td>\n<\/tr>\n<tr>\n<td>Rungon materiaali<\/td>\n<td>AlMg 4,5 Mn (5083)<\/td>\n<\/tr>\n<tr>\n<td>Rungon paksuus (pohja\/per\u00e4peili\/sivu), mm<\/td>\n<td>4\/4\/3<\/td>\n<\/tr>\n<tr>\n<td>Maksimi henkil\u00f6m\u00e4\u00e4r\u00e4<\/td>\n<td>3<\/td>\n<\/tr>\n<tr>\n<td>Polttoaines\u00e4ili\u00f6, l<\/td>\n<td>125<\/td>\n<\/tr>\n<tr>\n<td>Kalasumppu, l<\/td>\n<td>86\/110<\/td>\n<\/tr>\n<\/tbody>\n<\/table>\n<p><iframe loading=\"lazy\" title=\"YouTube video player\" src=\"https:\/\/www.youtube.com\/embed\/oRsjqTazjxM?si=8Z9AJsQTq3YqDRD9\" width=\"560\" height=\"315\" frameborder=\"0\" allowfullscreen=\"allowfullscreen\"><\/iframe><\/p>\n","protected":false},"featured_media":102568,"template":"","meta":[],"product_brand":[3721],"product_cat":[3427,3579,3584],"product_tag":[],"class_list":{"0":"post-102543","1":"product","2":"type-product","3":"status-publish","4":"has-post-thumbnail","6":"product_brand-finval","7":"product_cat-veneet","8":"product_cat-finval-fi","9":"product_cat-sport-angler-fi","10":"product_shipping_class-alumiinium-ja-plastikpaadid-normaal","11":"tm-has-options","13":"first","14":"instock","15":"taxable","16":"shipping-taxable","17":"purchasable","18":"product-type-simple"},"yoast_head":"<!-- This site is optimized with the Yoast SEO plugin v27.2 - https:\/\/yoast.com\/product\/yoast-seo-wordpress\/ -->\n<title>FINVAL 555 SportAngler DC - Katso kaikki Finval-veneet<\/title>\n<meta name=\"description\" content=\"Finval 555 - T\u00e4ysin hitsattu AlMg4,5Mn (5083) merialumiinista. Materiaalin paksuus: 3-4mmRaptor\u00ae kulutusta kest\u00e4v\u00e4 ja luistamaton laidanviimeistely\" \/>\n<meta name=\"robots\" content=\"index, follow, max-snippet:-1, max-image-preview:large, max-video-preview:-1\" \/>\n<link rel=\"canonical\" href=\"https:\/\/boat-service.ee\/fi\/pood\/veneet\/finval-fi\/sport-angler-fi\/finval-555-sportangler-dc\/\" \/>\n<meta property=\"og:locale\" content=\"fi_FI\" \/>\n<meta property=\"og:type\" content=\"article\" \/>\n<meta property=\"og:title\" content=\"FINVAL 555 SportAngler DC - Katso kaikki Finval-veneet\" \/>\n<meta property=\"og:description\" content=\"Finval 555 - T\u00e4ysin hitsattu AlMg4,5Mn (5083) merialumiinista. Materiaalin paksuus: 3-4mmRaptor\u00ae kulutusta kest\u00e4v\u00e4 ja luistamaton laidanviimeistely\" \/>\n<meta property=\"og:url\" content=\"https:\/\/boat-service.ee\/fi\/pood\/veneet\/finval-fi\/sport-angler-fi\/finval-555-sportangler-dc\/\" \/>\n<meta property=\"og:site_name\" content=\"Boat Service Estonia\" \/>\n<meta property=\"article:publisher\" content=\"https:\/\/www.facebook.com\/boatserviceestonia\" \/>\n<meta property=\"article:modified_time\" content=\"2026-04-13T08:43:14+00:00\" \/>\n<meta property=\"og:image\" content=\"https:\/\/boat-service.ee\/wp-content\/uploads\/2023\/09\/FINVAL_SPORTANGLER_555_Main.jpg\" \/>\n\t<meta property=\"og:image:width\" content=\"799\" \/>\n\t<meta property=\"og:image:height\" content=\"799\" \/>\n\t<meta property=\"og:image:type\" content=\"image\/jpeg\" \/>\n<meta name=\"twitter:card\" content=\"summary_large_image\" \/>\n<meta name=\"twitter:label1\" content=\"Arvioitu lukuaika\" \/>\n\t<meta name=\"twitter:data1\" content=\"2 minuuttia\" \/>\n<script type=\"application\/ld+json\" class=\"yoast-schema-graph\">{\"@context\":\"https:\/\/schema.org\",\"@graph\":[{\"@type\":\"WebPage\",\"@id\":\"https:\/\/boat-service.ee\/fi\/pood\/veneet\/finval-fi\/sport-angler-fi\/finval-555-sportangler-dc\/\",\"url\":\"https:\/\/boat-service.ee\/fi\/pood\/veneet\/finval-fi\/sport-angler-fi\/finval-555-sportangler-dc\/\",\"name\":\"FINVAL 555 SportAngler DC - Katso kaikki Finval-veneet\",\"isPartOf\":{\"@id\":\"https:\/\/boat-service.ee\/fi\/#website\"},\"primaryImageOfPage\":{\"@id\":\"https:\/\/boat-service.ee\/fi\/pood\/veneet\/finval-fi\/sport-angler-fi\/finval-555-sportangler-dc\/#primaryimage\"},\"image\":{\"@id\":\"https:\/\/boat-service.ee\/fi\/pood\/veneet\/finval-fi\/sport-angler-fi\/finval-555-sportangler-dc\/#primaryimage\"},\"thumbnailUrl\":\"https:\/\/boat-service.ee\/wp-content\/uploads\/2023\/09\/FINVAL_SPORTANGLER_555_Main.jpg\",\"datePublished\":\"2023-09-08T08:25:01+00:00\",\"dateModified\":\"2026-04-13T08:43:14+00:00\",\"description\":\"Finval 555 - T\u00e4ysin hitsattu AlMg4,5Mn (5083) merialumiinista. Materiaalin paksuus: 3-4mmRaptor\u00ae kulutusta kest\u00e4v\u00e4 ja luistamaton laidanviimeistely\",\"breadcrumb\":{\"@id\":\"https:\/\/boat-service.ee\/fi\/pood\/veneet\/finval-fi\/sport-angler-fi\/finval-555-sportangler-dc\/#breadcrumb\"},\"inLanguage\":\"fi\",\"potentialAction\":[{\"@type\":\"ReadAction\",\"target\":[\"https:\/\/boat-service.ee\/fi\/pood\/veneet\/finval-fi\/sport-angler-fi\/finval-555-sportangler-dc\/\"]}]},{\"@type\":\"ImageObject\",\"inLanguage\":\"fi\",\"@id\":\"https:\/\/boat-service.ee\/fi\/pood\/veneet\/finval-fi\/sport-angler-fi\/finval-555-sportangler-dc\/#primaryimage\",\"url\":\"https:\/\/boat-service.ee\/wp-content\/uploads\/2023\/09\/FINVAL_SPORTANGLER_555_Main.jpg\",\"contentUrl\":\"https:\/\/boat-service.ee\/wp-content\/uploads\/2023\/09\/FINVAL_SPORTANGLER_555_Main.jpg\",\"width\":799,\"height\":799},{\"@type\":\"BreadcrumbList\",\"@id\":\"https:\/\/boat-service.ee\/fi\/pood\/veneet\/finval-fi\/sport-angler-fi\/finval-555-sportangler-dc\/#breadcrumb\",\"itemListElement\":[{\"@type\":\"ListItem\",\"position\":1,\"name\":\"Home\",\"item\":\"https:\/\/boat-service.ee\/fi\/\"},{\"@type\":\"ListItem\",\"position\":2,\"name\":\"Pood\",\"item\":\"https:\/\/boat-service.ee\/en\/shop\/\"},{\"@type\":\"ListItem\",\"position\":3,\"name\":\"FINVAL 555 SportAngler DC\"}]},{\"@type\":\"WebSite\",\"@id\":\"https:\/\/boat-service.ee\/fi\/#website\",\"url\":\"https:\/\/boat-service.ee\/fi\/\",\"name\":\"Boat Service Estonia\",\"description\":\"Boat Service Estonia - Mootorpaadid, treilerid, mootorid\",\"publisher\":{\"@id\":\"https:\/\/boat-service.ee\/fi\/#organization\"},\"potentialAction\":[{\"@type\":\"SearchAction\",\"target\":{\"@type\":\"EntryPoint\",\"urlTemplate\":\"https:\/\/boat-service.ee\/fi\/?s={search_term_string}\"},\"query-input\":{\"@type\":\"PropertyValueSpecification\",\"valueRequired\":true,\"valueName\":\"search_term_string\"}}],\"inLanguage\":\"fi\"},{\"@type\":\"Organization\",\"@id\":\"https:\/\/boat-service.ee\/fi\/#organization\",\"name\":\"KALASTUSPOOD O\u00dc\",\"url\":\"https:\/\/boat-service.ee\/fi\/\",\"logo\":{\"@type\":\"ImageObject\",\"inLanguage\":\"fi\",\"@id\":\"https:\/\/boat-service.ee\/fi\/#\/schema\/logo\/image\/\",\"url\":\"https:\/\/boat-service.ee\/wp-content\/uploads\/2023\/05\/impLogo.png\",\"contentUrl\":\"https:\/\/boat-service.ee\/wp-content\/uploads\/2023\/05\/impLogo.png\",\"width\":270,\"height\":107,\"caption\":\"KALASTUSPOOD O\u00dc\"},\"image\":{\"@id\":\"https:\/\/boat-service.ee\/fi\/#\/schema\/logo\/image\/\"},\"sameAs\":[\"https:\/\/www.facebook.com\/boatserviceestonia\",\"https:\/\/www.instagram.com\/kalastus_ja_paadipood\/\"]}]}<\/script>\n<!-- \/ Yoast SEO plugin. -->","yoast_head_json":{"title":"FINVAL 555 SportAngler DC - Katso kaikki Finval-veneet","description":"Finval 555 - T\u00e4ysin hitsattu AlMg4,5Mn (5083) merialumiinista. Materiaalin paksuus: 3-4mmRaptor\u00ae kulutusta kest\u00e4v\u00e4 ja luistamaton laidanviimeistely","robots":{"index":"index","follow":"follow","max-snippet":"max-snippet:-1","max-image-preview":"max-image-preview:large","max-video-preview":"max-video-preview:-1"},"canonical":"https:\/\/boat-service.ee\/fi\/pood\/veneet\/finval-fi\/sport-angler-fi\/finval-555-sportangler-dc\/","og_locale":"fi_FI","og_type":"article","og_title":"FINVAL 555 SportAngler DC - Katso kaikki Finval-veneet","og_description":"Finval 555 - T\u00e4ysin hitsattu AlMg4,5Mn (5083) merialumiinista. Materiaalin paksuus: 3-4mmRaptor\u00ae kulutusta kest\u00e4v\u00e4 ja luistamaton laidanviimeistely","og_url":"https:\/\/boat-service.ee\/fi\/pood\/veneet\/finval-fi\/sport-angler-fi\/finval-555-sportangler-dc\/","og_site_name":"Boat Service Estonia","article_publisher":"https:\/\/www.facebook.com\/boatserviceestonia","article_modified_time":"2026-04-13T08:43:14+00:00","og_image":[{"width":799,"height":799,"url":"https:\/\/boat-service.ee\/wp-content\/uploads\/2023\/09\/FINVAL_SPORTANGLER_555_Main.jpg","type":"image\/jpeg"}],"twitter_card":"summary_large_image","twitter_misc":{"Arvioitu lukuaika":"2 minuuttia"},"schema":{"@context":"https:\/\/schema.org","@graph":[{"@type":"WebPage","@id":"https:\/\/boat-service.ee\/fi\/pood\/veneet\/finval-fi\/sport-angler-fi\/finval-555-sportangler-dc\/","url":"https:\/\/boat-service.ee\/fi\/pood\/veneet\/finval-fi\/sport-angler-fi\/finval-555-sportangler-dc\/","name":"FINVAL 555 SportAngler DC - Katso kaikki Finval-veneet","isPartOf":{"@id":"https:\/\/boat-service.ee\/fi\/#website"},"primaryImageOfPage":{"@id":"https:\/\/boat-service.ee\/fi\/pood\/veneet\/finval-fi\/sport-angler-fi\/finval-555-sportangler-dc\/#primaryimage"},"image":{"@id":"https:\/\/boat-service.ee\/fi\/pood\/veneet\/finval-fi\/sport-angler-fi\/finval-555-sportangler-dc\/#primaryimage"},"thumbnailUrl":"https:\/\/boat-service.ee\/wp-content\/uploads\/2023\/09\/FINVAL_SPORTANGLER_555_Main.jpg","datePublished":"2023-09-08T08:25:01+00:00","dateModified":"2026-04-13T08:43:14+00:00","description":"Finval 555 - T\u00e4ysin hitsattu AlMg4,5Mn (5083) merialumiinista. Materiaalin paksuus: 3-4mmRaptor\u00ae kulutusta kest\u00e4v\u00e4 ja luistamaton laidanviimeistely","breadcrumb":{"@id":"https:\/\/boat-service.ee\/fi\/pood\/veneet\/finval-fi\/sport-angler-fi\/finval-555-sportangler-dc\/#breadcrumb"},"inLanguage":"fi","potentialAction":[{"@type":"ReadAction","target":["https:\/\/boat-service.ee\/fi\/pood\/veneet\/finval-fi\/sport-angler-fi\/finval-555-sportangler-dc\/"]}]},{"@type":"ImageObject","inLanguage":"fi","@id":"https:\/\/boat-service.ee\/fi\/pood\/veneet\/finval-fi\/sport-angler-fi\/finval-555-sportangler-dc\/#primaryimage","url":"https:\/\/boat-service.ee\/wp-content\/uploads\/2023\/09\/FINVAL_SPORTANGLER_555_Main.jpg","contentUrl":"https:\/\/boat-service.ee\/wp-content\/uploads\/2023\/09\/FINVAL_SPORTANGLER_555_Main.jpg","width":799,"height":799},{"@type":"BreadcrumbList","@id":"https:\/\/boat-service.ee\/fi\/pood\/veneet\/finval-fi\/sport-angler-fi\/finval-555-sportangler-dc\/#breadcrumb","itemListElement":[{"@type":"ListItem","position":1,"name":"Home","item":"https:\/\/boat-service.ee\/fi\/"},{"@type":"ListItem","position":2,"name":"Pood","item":"https:\/\/boat-service.ee\/en\/shop\/"},{"@type":"ListItem","position":3,"name":"FINVAL 555 SportAngler DC"}]},{"@type":"WebSite","@id":"https:\/\/boat-service.ee\/fi\/#website","url":"https:\/\/boat-service.ee\/fi\/","name":"Boat Service Estonia","description":"Boat Service Estonia - Mootorpaadid, treilerid, mootorid","publisher":{"@id":"https:\/\/boat-service.ee\/fi\/#organization"},"potentialAction":[{"@type":"SearchAction","target":{"@type":"EntryPoint","urlTemplate":"https:\/\/boat-service.ee\/fi\/?s={search_term_string}"},"query-input":{"@type":"PropertyValueSpecification","valueRequired":true,"valueName":"search_term_string"}}],"inLanguage":"fi"},{"@type":"Organization","@id":"https:\/\/boat-service.ee\/fi\/#organization","name":"KALASTUSPOOD O\u00dc","url":"https:\/\/boat-service.ee\/fi\/","logo":{"@type":"ImageObject","inLanguage":"fi","@id":"https:\/\/boat-service.ee\/fi\/#\/schema\/logo\/image\/","url":"https:\/\/boat-service.ee\/wp-content\/uploads\/2023\/05\/impLogo.png","contentUrl":"https:\/\/boat-service.ee\/wp-content\/uploads\/2023\/05\/impLogo.png","width":270,"height":107,"caption":"KALASTUSPOOD O\u00dc"},"image":{"@id":"https:\/\/boat-service.ee\/fi\/#\/schema\/logo\/image\/"},"sameAs":["https:\/\/www.facebook.com\/boatserviceestonia","https:\/\/www.instagram.com\/kalastus_ja_paadipood\/"]}]}},"_links":{"self":[{"href":"https:\/\/boat-service.ee\/fi\/wp-json\/wp\/v2\/product\/102543","targetHints":{"allow":["GET"]}}],"collection":[{"href":"https:\/\/boat-service.ee\/fi\/wp-json\/wp\/v2\/product"}],"about":[{"href":"https:\/\/boat-service.ee\/fi\/wp-json\/wp\/v2\/types\/product"}],"wp:featuredmedia":[{"embeddable":true,"href":"https:\/\/boat-service.ee\/fi\/wp-json\/wp\/v2\/media\/102568"}],"wp:attachment":[{"href":"https:\/\/boat-service.ee\/fi\/wp-json\/wp\/v2\/media?parent=102543"}],"wp:term":[{"taxonomy":"product_brand","embeddable":true,"href":"https:\/\/boat-service.ee\/fi\/wp-json\/wp\/v2\/product_brand?post=102543"},{"taxonomy":"product_cat","embeddable":true,"href":"https:\/\/boat-service.ee\/fi\/wp-json\/wp\/v2\/product_cat?post=102543"},{"taxonomy":"product_tag","embeddable":true,"href":"https:\/\/boat-service.ee\/fi\/wp-json\/wp\/v2\/product_tag?post=102543"}],"curies":[{"name":"wp","href":"https:\/\/api.w.org\/{rel}","templated":true}]}}