{"id":102534,"date":"2023-09-08T10:32:07","date_gmt":"2023-09-08T08:32:07","guid":{"rendered":"https:\/\/boat-service.ee\/pood\/Ei-luokiteltu\/finval-685-sportangler-dc\/"},"modified":"2026-04-13T14:08:51","modified_gmt":"2026-04-13T12:08:51","slug":"finval-685-sportangler-dc","status":"publish","type":"product","link":"https:\/\/boat-service.ee\/fi\/pood\/veneet\/finval-fi\/sport-angler-fi\/finval-685-sportangler-dc\/","title":{"rendered":"FINVAL 685 SportAngler DC"},"content":{"rendered":"<p data-path-to-node=\"3\">Finval 685 Sport Angler on suunniteltu vauhtiin: malli saavuttaa jopa 95 km\/h nopeuden, ja sen poikkeuksellisen luja runko vaimentaa aaltojen iskut vaivatta. T\u00e4m\u00e4 avovesiturnauksiin t\u00e4ydellisesti sopiva 685-malli yhdist\u00e4\u00e4 r\u00e4j\u00e4ht\u00e4v\u00e4n kiihtyvyyden ja vertaansa vailla olevan hallittavuuden, mik\u00e4 takaa asiantuntevan ajotuntuman haastavissakin olosuhteissa. Vakiovarusteena oleva laadukas Shockwave S5 -jousitusj\u00e4rjestelm\u00e4 minimoi selk\u00e4\u00e4n kohdistuvan rasituksen ja varmistaa mukavuuden koko kalastusreissun ajan. Keulakannen s\u00e4ilytystiloihin mahtuu jopa 12 vapaa: nelj\u00e4 enint\u00e4\u00e4n 2,5 metrin ja kahdeksan enint\u00e4\u00e4n 2,8 metrin pituista vapaa. Taylor Made -karkaistu tuulilasi suojaa tehokkaasti ja siihen on mahdollista asentaa pyyhkij\u00e4t. Sek\u00e4 kapteenin ett\u00e4 matkustajan konsoleihin mahtuu kaksi 12-tuumaista karttaplotteria tai kaikuluotainta. Lis\u00e4ksi kaksi sumppua, tilavuudeltaan 110 ja 130 litraa on varustettu hapettimilla, jotka pit\u00e4v\u00e4t kalat tuoreina. Per\u00e4n ainutlaatuinen muotoilu porrasmaisilla uimatasoilla, jotka ulottuvat per\u00e4laudan ulkopuolelle, parantaa vakautta, nostetta ja p\u00e4\u00e4sy\u00e4 per\u00e4moottorille, mik\u00e4 helpottaa kalojen k\u00e4sittely\u00e4. Finval 685 Sport Angler yhdist\u00e4\u00e4 nopeuden, merikelpoisuuden ja modernin muotoilun tarjoten ensiluokkaisen kalastuskokemuksen.<\/p>\n<p><strong>VAKIOVARUSTEET<\/strong><\/p>\n<p>T\u00e4ysin hitsattu alumiinirunko AlMg4,5Mn (5083). Materiaalin paksuus: 3-4mm<br \/>\nRaptor\u00ae pit\u00e4v\u00e4 ja kulutusta kest\u00e4v\u00e4 pinnoite veneen laidalla<br \/>\n2 konsolia Taylor Made\u00ae l\u00e4pik\u00e4yt\u00e4v\u00e4ll\u00e4 varustetulla turvatuulilasiilla ja porttiovella keskell\u00e4<br \/>\nTeipatut kyljet (eri v\u00e4rivaihtoehdot)<br \/>\nSis\u00e4sivut sek\u00e4 heittotasot aukiharjattua mattoa<br \/>\nOhjaamon lattia p\u00e4\u00e4llystetty merivinyylill\u00e4<br \/>\nUimatasot p\u00e4\u00e4llystetty pehme\u00e4ll\u00e4 SeaDek materiaalilla<br \/>\nSis\u00e4\u00e4nrakennettu polttoainetankki 225l<br \/>\n2 vapalaatikkoa keulakannella 8:lle enint\u00e4\u00e4n 3m ja 4:lle 2.5 vavalle<br \/>\nSuuri s\u00e4ilytystila keulakannella henkil\u00f6kohtaisille tavaroille.<br \/>\n2 x Rod Tamer\u2122 vapapidikett\u00e4 keulakansiossa<br \/>\n110L sumppu ajastimella, hapettimella ja LED-valaistuksella keulassa<br \/>\n130L sumppu ajastimella, hapettimella ja LED-valaistuksella per\u00e4ss\u00e4<br \/>\nBass boat penkit<br \/>\nHeittojakkara istuin s\u00e4\u00e4dett\u00e4v\u00e4ll\u00e4 jalustalla<br \/>\n2 x heittojakkaran kiinnitysjalustaa<br \/>\nKakso\u00eds USB 5V2A pistoke ja 12V pistoke<br \/>\nKuivat s\u00e4ilytystilat tuuletuksella<br \/>\n6 x RST kanaapit<br \/>\nOhjauspy\u00f6r\u00e4<br \/>\nAutomaattinen pilssipumppu<\/p>\n","protected":false},"excerpt":{"rendered":"<p><strong>TEKNISET TIEDOT<\/strong><\/p>\n<table>\n<tbody>\n<tr>\n<td>Pituus, m<\/td>\n<td>6.83<\/td>\n<\/tr>\n<tr>\n<td>Leveys, m<\/td>\n<td>2,32<\/td>\n<\/tr>\n<tr>\n<td>Per\u00e4peilin \u043aorkeus, mm<\/td>\n<td>635<\/td>\n<\/tr>\n<tr>\n<td>Syv\u00e4ys, mm<\/td>\n<td>400<\/td>\n<\/tr>\n<tr>\n<td>Per\u00e4peilin kulma<\/td>\n<td>18\u00b0<\/td>\n<\/tr>\n<tr>\n<td>Paino, kg<\/td>\n<td>950<\/td>\n<\/tr>\n<tr>\n<td>Moottori, hv<\/td>\n<td>250-300<\/td>\n<\/tr>\n<tr>\n<td>Rungon materiaali<\/td>\n<td>AlMg 4,5 Mn (5083)<\/td>\n<\/tr>\n<tr>\n<td>Rungon paksuus (pohja\/per\u00e4peili\/sivu), mm<\/td>\n<td>4\/4\/3<\/td>\n<\/tr>\n<tr>\n<td>Maksimi kantavuus, kg<\/td>\n<td>800<\/td>\n<\/tr>\n<tr>\n<td>Maksimi henkil\u00f6m\u00e4\u00e4r\u00e4<\/td>\n<td>3<\/td>\n<\/tr>\n<tr>\n<td>Polttoaines\u00e4ili\u00f6, l<\/td>\n<td>225<\/td>\n<\/tr>\n<tr>\n<td>Kalasumppu, l<\/td>\n<td>110 ja 130<\/td>\n<\/tr>\n<tr>\n<td>Viehelaatikko (m\u00e4\u00e4r\u00e4 \/ pituus)<\/td>\n<td>8 \/ 2.8 m; 4 \/ 2.5 m<\/td>\n<\/tr>\n<tr>\n<td>Konsoli<\/td>\n<td>DC<\/td>\n<\/tr>\n<\/tbody>\n<\/table>\n<p><iframe loading=\"lazy\" title=\"YouTube video player\" src=\"https:\/\/www.youtube.com\/embed\/cvUo8GV7IE0?si=s_UVqiDBtl2J9-P2\" width=\"560\" height=\"315\" frameborder=\"0\" allowfullscreen=\"allowfullscreen\"><\/iframe><\/p>\n","protected":false},"featured_media":102542,"template":"","meta":[],"product_brand":[3721],"product_cat":[3579,3584,3427],"product_tag":[],"class_list":{"0":"post-102534","1":"product","2":"type-product","3":"status-publish","4":"has-post-thumbnail","6":"product_brand-finval","7":"product_cat-finval-fi","8":"product_cat-sport-angler-fi","9":"product_cat-veneet","10":"product_shipping_class-alumiinium-ja-plastikpaadid-normaal","11":"tm-has-options","13":"first","14":"instock","15":"taxable","16":"shipping-taxable","17":"purchasable","18":"product-type-simple"},"yoast_head":"<!-- This site is optimized with the Yoast SEO plugin v27.2 - https:\/\/yoast.com\/product\/yoast-seo-wordpress\/ -->\n<title>FINVAL 685 SportAngler DC - Katso kaikki Finval-veneet<\/title>\n<meta name=\"description\" content=\"Finval 685 SportAngler DC - T\u00e4ysin hitsattu AlMg4,5Mn (5083) merialumiinista. Materiaalin paksuus: 3-4mmRaptor\u00ae kulutusta kest\u00e4v\u00e4 ja luistamaton laidanviimeistely, konsoleissa ja per\u00e1peiliss\u00e4.\" \/>\n<meta name=\"robots\" content=\"index, follow, max-snippet:-1, max-image-preview:large, max-video-preview:-1\" \/>\n<link rel=\"canonical\" href=\"https:\/\/boat-service.ee\/fi\/pood\/veneet\/finval-fi\/sport-angler-fi\/finval-685-sportangler-dc\/\" \/>\n<meta property=\"og:locale\" content=\"fi_FI\" \/>\n<meta property=\"og:type\" content=\"article\" \/>\n<meta property=\"og:title\" content=\"FINVAL 685 SportAngler DC - Katso kaikki Finval-veneet\" \/>\n<meta property=\"og:description\" content=\"Finval 685 SportAngler DC - T\u00e4ysin hitsattu AlMg4,5Mn (5083) merialumiinista. Materiaalin paksuus: 3-4mmRaptor\u00ae kulutusta kest\u00e4v\u00e4 ja luistamaton laidanviimeistely, konsoleissa ja per\u00e1peiliss\u00e4.\" \/>\n<meta property=\"og:url\" content=\"https:\/\/boat-service.ee\/fi\/pood\/veneet\/finval-fi\/sport-angler-fi\/finval-685-sportangler-dc\/\" \/>\n<meta property=\"og:site_name\" content=\"Boat Service Estonia\" \/>\n<meta property=\"article:publisher\" content=\"https:\/\/www.facebook.com\/boatserviceestonia\" \/>\n<meta property=\"article:modified_time\" content=\"2026-04-13T12:08:51+00:00\" \/>\n<meta property=\"og:image\" content=\"https:\/\/boat-service.ee\/wp-content\/uploads\/2023\/09\/FINVAL_SPORTANGLER_685_Main.jpg\" \/>\n\t<meta property=\"og:image:width\" content=\"900\" \/>\n\t<meta property=\"og:image:height\" content=\"900\" \/>\n\t<meta property=\"og:image:type\" content=\"image\/jpeg\" \/>\n<meta name=\"twitter:card\" content=\"summary_large_image\" \/>\n<meta name=\"twitter:label1\" content=\"Arvioitu lukuaika\" \/>\n\t<meta name=\"twitter:data1\" content=\"2 minuuttia\" \/>\n<script type=\"application\/ld+json\" class=\"yoast-schema-graph\">{\"@context\":\"https:\/\/schema.org\",\"@graph\":[{\"@type\":\"WebPage\",\"@id\":\"https:\/\/boat-service.ee\/fi\/pood\/veneet\/finval-fi\/sport-angler-fi\/finval-685-sportangler-dc\/\",\"url\":\"https:\/\/boat-service.ee\/fi\/pood\/veneet\/finval-fi\/sport-angler-fi\/finval-685-sportangler-dc\/\",\"name\":\"FINVAL 685 SportAngler DC - Katso kaikki Finval-veneet\",\"isPartOf\":{\"@id\":\"https:\/\/boat-service.ee\/fi\/#website\"},\"primaryImageOfPage\":{\"@id\":\"https:\/\/boat-service.ee\/fi\/pood\/veneet\/finval-fi\/sport-angler-fi\/finval-685-sportangler-dc\/#primaryimage\"},\"image\":{\"@id\":\"https:\/\/boat-service.ee\/fi\/pood\/veneet\/finval-fi\/sport-angler-fi\/finval-685-sportangler-dc\/#primaryimage\"},\"thumbnailUrl\":\"https:\/\/boat-service.ee\/wp-content\/uploads\/2023\/09\/FINVAL_SPORTANGLER_685_Main.jpg\",\"datePublished\":\"2023-09-08T08:32:07+00:00\",\"dateModified\":\"2026-04-13T12:08:51+00:00\",\"description\":\"Finval 685 SportAngler DC - T\u00e4ysin hitsattu AlMg4,5Mn (5083) merialumiinista. Materiaalin paksuus: 3-4mmRaptor\u00ae kulutusta kest\u00e4v\u00e4 ja luistamaton laidanviimeistely, konsoleissa ja per\u00e1peiliss\u00e4.\",\"breadcrumb\":{\"@id\":\"https:\/\/boat-service.ee\/fi\/pood\/veneet\/finval-fi\/sport-angler-fi\/finval-685-sportangler-dc\/#breadcrumb\"},\"inLanguage\":\"fi\",\"potentialAction\":[{\"@type\":\"ReadAction\",\"target\":[\"https:\/\/boat-service.ee\/fi\/pood\/veneet\/finval-fi\/sport-angler-fi\/finval-685-sportangler-dc\/\"]}]},{\"@type\":\"ImageObject\",\"inLanguage\":\"fi\",\"@id\":\"https:\/\/boat-service.ee\/fi\/pood\/veneet\/finval-fi\/sport-angler-fi\/finval-685-sportangler-dc\/#primaryimage\",\"url\":\"https:\/\/boat-service.ee\/wp-content\/uploads\/2023\/09\/FINVAL_SPORTANGLER_685_Main.jpg\",\"contentUrl\":\"https:\/\/boat-service.ee\/wp-content\/uploads\/2023\/09\/FINVAL_SPORTANGLER_685_Main.jpg\",\"width\":900,\"height\":900},{\"@type\":\"BreadcrumbList\",\"@id\":\"https:\/\/boat-service.ee\/fi\/pood\/veneet\/finval-fi\/sport-angler-fi\/finval-685-sportangler-dc\/#breadcrumb\",\"itemListElement\":[{\"@type\":\"ListItem\",\"position\":1,\"name\":\"Home\",\"item\":\"https:\/\/boat-service.ee\/fi\/\"},{\"@type\":\"ListItem\",\"position\":2,\"name\":\"Pood\",\"item\":\"https:\/\/boat-service.ee\/en\/shop\/\"},{\"@type\":\"ListItem\",\"position\":3,\"name\":\"FINVAL 685 SportAngler DC\"}]},{\"@type\":\"WebSite\",\"@id\":\"https:\/\/boat-service.ee\/fi\/#website\",\"url\":\"https:\/\/boat-service.ee\/fi\/\",\"name\":\"Boat Service Estonia\",\"description\":\"Boat Service Estonia - Mootorpaadid, treilerid, mootorid\",\"publisher\":{\"@id\":\"https:\/\/boat-service.ee\/fi\/#organization\"},\"potentialAction\":[{\"@type\":\"SearchAction\",\"target\":{\"@type\":\"EntryPoint\",\"urlTemplate\":\"https:\/\/boat-service.ee\/fi\/?s={search_term_string}\"},\"query-input\":{\"@type\":\"PropertyValueSpecification\",\"valueRequired\":true,\"valueName\":\"search_term_string\"}}],\"inLanguage\":\"fi\"},{\"@type\":\"Organization\",\"@id\":\"https:\/\/boat-service.ee\/fi\/#organization\",\"name\":\"KALASTUSPOOD O\u00dc\",\"url\":\"https:\/\/boat-service.ee\/fi\/\",\"logo\":{\"@type\":\"ImageObject\",\"inLanguage\":\"fi\",\"@id\":\"https:\/\/boat-service.ee\/fi\/#\/schema\/logo\/image\/\",\"url\":\"https:\/\/boat-service.ee\/wp-content\/uploads\/2023\/05\/impLogo.png\",\"contentUrl\":\"https:\/\/boat-service.ee\/wp-content\/uploads\/2023\/05\/impLogo.png\",\"width\":270,\"height\":107,\"caption\":\"KALASTUSPOOD O\u00dc\"},\"image\":{\"@id\":\"https:\/\/boat-service.ee\/fi\/#\/schema\/logo\/image\/\"},\"sameAs\":[\"https:\/\/www.facebook.com\/boatserviceestonia\",\"https:\/\/www.instagram.com\/kalastus_ja_paadipood\/\"]}]}<\/script>\n<!-- \/ Yoast SEO plugin. -->","yoast_head_json":{"title":"FINVAL 685 SportAngler DC - Katso kaikki Finval-veneet","description":"Finval 685 SportAngler DC - T\u00e4ysin hitsattu AlMg4,5Mn (5083) merialumiinista. Materiaalin paksuus: 3-4mmRaptor\u00ae kulutusta kest\u00e4v\u00e4 ja luistamaton laidanviimeistely, konsoleissa ja per\u00e1peiliss\u00e4.","robots":{"index":"index","follow":"follow","max-snippet":"max-snippet:-1","max-image-preview":"max-image-preview:large","max-video-preview":"max-video-preview:-1"},"canonical":"https:\/\/boat-service.ee\/fi\/pood\/veneet\/finval-fi\/sport-angler-fi\/finval-685-sportangler-dc\/","og_locale":"fi_FI","og_type":"article","og_title":"FINVAL 685 SportAngler DC - Katso kaikki Finval-veneet","og_description":"Finval 685 SportAngler DC - T\u00e4ysin hitsattu AlMg4,5Mn (5083) merialumiinista. Materiaalin paksuus: 3-4mmRaptor\u00ae kulutusta kest\u00e4v\u00e4 ja luistamaton laidanviimeistely, konsoleissa ja per\u00e1peiliss\u00e4.","og_url":"https:\/\/boat-service.ee\/fi\/pood\/veneet\/finval-fi\/sport-angler-fi\/finval-685-sportangler-dc\/","og_site_name":"Boat Service Estonia","article_publisher":"https:\/\/www.facebook.com\/boatserviceestonia","article_modified_time":"2026-04-13T12:08:51+00:00","og_image":[{"width":900,"height":900,"url":"https:\/\/boat-service.ee\/wp-content\/uploads\/2023\/09\/FINVAL_SPORTANGLER_685_Main.jpg","type":"image\/jpeg"}],"twitter_card":"summary_large_image","twitter_misc":{"Arvioitu lukuaika":"2 minuuttia"},"schema":{"@context":"https:\/\/schema.org","@graph":[{"@type":"WebPage","@id":"https:\/\/boat-service.ee\/fi\/pood\/veneet\/finval-fi\/sport-angler-fi\/finval-685-sportangler-dc\/","url":"https:\/\/boat-service.ee\/fi\/pood\/veneet\/finval-fi\/sport-angler-fi\/finval-685-sportangler-dc\/","name":"FINVAL 685 SportAngler DC - Katso kaikki Finval-veneet","isPartOf":{"@id":"https:\/\/boat-service.ee\/fi\/#website"},"primaryImageOfPage":{"@id":"https:\/\/boat-service.ee\/fi\/pood\/veneet\/finval-fi\/sport-angler-fi\/finval-685-sportangler-dc\/#primaryimage"},"image":{"@id":"https:\/\/boat-service.ee\/fi\/pood\/veneet\/finval-fi\/sport-angler-fi\/finval-685-sportangler-dc\/#primaryimage"},"thumbnailUrl":"https:\/\/boat-service.ee\/wp-content\/uploads\/2023\/09\/FINVAL_SPORTANGLER_685_Main.jpg","datePublished":"2023-09-08T08:32:07+00:00","dateModified":"2026-04-13T12:08:51+00:00","description":"Finval 685 SportAngler DC - T\u00e4ysin hitsattu AlMg4,5Mn (5083) merialumiinista. Materiaalin paksuus: 3-4mmRaptor\u00ae kulutusta kest\u00e4v\u00e4 ja luistamaton laidanviimeistely, konsoleissa ja per\u00e1peiliss\u00e4.","breadcrumb":{"@id":"https:\/\/boat-service.ee\/fi\/pood\/veneet\/finval-fi\/sport-angler-fi\/finval-685-sportangler-dc\/#breadcrumb"},"inLanguage":"fi","potentialAction":[{"@type":"ReadAction","target":["https:\/\/boat-service.ee\/fi\/pood\/veneet\/finval-fi\/sport-angler-fi\/finval-685-sportangler-dc\/"]}]},{"@type":"ImageObject","inLanguage":"fi","@id":"https:\/\/boat-service.ee\/fi\/pood\/veneet\/finval-fi\/sport-angler-fi\/finval-685-sportangler-dc\/#primaryimage","url":"https:\/\/boat-service.ee\/wp-content\/uploads\/2023\/09\/FINVAL_SPORTANGLER_685_Main.jpg","contentUrl":"https:\/\/boat-service.ee\/wp-content\/uploads\/2023\/09\/FINVAL_SPORTANGLER_685_Main.jpg","width":900,"height":900},{"@type":"BreadcrumbList","@id":"https:\/\/boat-service.ee\/fi\/pood\/veneet\/finval-fi\/sport-angler-fi\/finval-685-sportangler-dc\/#breadcrumb","itemListElement":[{"@type":"ListItem","position":1,"name":"Home","item":"https:\/\/boat-service.ee\/fi\/"},{"@type":"ListItem","position":2,"name":"Pood","item":"https:\/\/boat-service.ee\/en\/shop\/"},{"@type":"ListItem","position":3,"name":"FINVAL 685 SportAngler DC"}]},{"@type":"WebSite","@id":"https:\/\/boat-service.ee\/fi\/#website","url":"https:\/\/boat-service.ee\/fi\/","name":"Boat Service Estonia","description":"Boat Service Estonia - Mootorpaadid, treilerid, mootorid","publisher":{"@id":"https:\/\/boat-service.ee\/fi\/#organization"},"potentialAction":[{"@type":"SearchAction","target":{"@type":"EntryPoint","urlTemplate":"https:\/\/boat-service.ee\/fi\/?s={search_term_string}"},"query-input":{"@type":"PropertyValueSpecification","valueRequired":true,"valueName":"search_term_string"}}],"inLanguage":"fi"},{"@type":"Organization","@id":"https:\/\/boat-service.ee\/fi\/#organization","name":"KALASTUSPOOD O\u00dc","url":"https:\/\/boat-service.ee\/fi\/","logo":{"@type":"ImageObject","inLanguage":"fi","@id":"https:\/\/boat-service.ee\/fi\/#\/schema\/logo\/image\/","url":"https:\/\/boat-service.ee\/wp-content\/uploads\/2023\/05\/impLogo.png","contentUrl":"https:\/\/boat-service.ee\/wp-content\/uploads\/2023\/05\/impLogo.png","width":270,"height":107,"caption":"KALASTUSPOOD O\u00dc"},"image":{"@id":"https:\/\/boat-service.ee\/fi\/#\/schema\/logo\/image\/"},"sameAs":["https:\/\/www.facebook.com\/boatserviceestonia","https:\/\/www.instagram.com\/kalastus_ja_paadipood\/"]}]}},"_links":{"self":[{"href":"https:\/\/boat-service.ee\/fi\/wp-json\/wp\/v2\/product\/102534","targetHints":{"allow":["GET"]}}],"collection":[{"href":"https:\/\/boat-service.ee\/fi\/wp-json\/wp\/v2\/product"}],"about":[{"href":"https:\/\/boat-service.ee\/fi\/wp-json\/wp\/v2\/types\/product"}],"wp:featuredmedia":[{"embeddable":true,"href":"https:\/\/boat-service.ee\/fi\/wp-json\/wp\/v2\/media\/102542"}],"wp:attachment":[{"href":"https:\/\/boat-service.ee\/fi\/wp-json\/wp\/v2\/media?parent=102534"}],"wp:term":[{"taxonomy":"product_brand","embeddable":true,"href":"https:\/\/boat-service.ee\/fi\/wp-json\/wp\/v2\/product_brand?post=102534"},{"taxonomy":"product_cat","embeddable":true,"href":"https:\/\/boat-service.ee\/fi\/wp-json\/wp\/v2\/product_cat?post=102534"},{"taxonomy":"product_tag","embeddable":true,"href":"https:\/\/boat-service.ee\/fi\/wp-json\/wp\/v2\/product_tag?post=102534"}],"curies":[{"name":"wp","href":"https:\/\/api.w.org\/{rel}","templated":true}]}}