{"id":102490,"date":"2023-09-08T10:38:20","date_gmt":"2023-09-08T08:38:20","guid":{"rendered":"https:\/\/boat-service.ee\/pood\/Ei-luokiteltu\/finval-575-casting-pro-dc\/"},"modified":"2025-11-26T15:05:43","modified_gmt":"2025-11-26T13:05:43","slug":"finval-575-casting-pro-dc","status":"publish","type":"product","link":"https:\/\/boat-service.ee\/fi\/pood\/veneet\/finval-fi\/casting-pro-fi\/finval-575-casting-pro-dc\/","title":{"rendered":"FINVAL 575 Casting Pro DC"},"content":{"rendered":"<p><strong>Vakiovarusteet<\/strong><\/p>\n<ul>\n<li>T\u00e4ysin hitsattu AlMg4,5Mn (5083) merialumiinista. Materiaalin paksuus: 3mm<\/li>\n<li>Raptor\u00ae kulutusta kest\u00e4v\u00e4 ja luistamaton laidanviimeistely<\/li>\n<li>Ulkopuolet p\u00e4\u00e4llystetty hydrofobisella materiaalilla (eri v\u00e4rivaihtoehdot)<\/li>\n<li>Neliportainen kokoontaitettava uimatikkaat<\/li>\n<li>Sis\u00e4\u00e4nrakennettu polttoainej\u00e4rjestelm\u00e4 115l alumiinitankilla<\/li>\n<li>Ohjaam\u043e p\u00e4\u00e4llystetty merivinyylikankaalla<\/li>\n<li>Keulakansi, sein\u00e4t ja per\u00e4kansi p\u00e4\u00e4llystetty meriluokan matolla<\/li>\n<li>Keskell\u00e4 viehelaatikko 4 &#8211; 2.45m ja 6 &#8211; 2.3m viehevav\u00e1lle.<\/li>\n<li>S\u00e4ilytystila kapteenin konsolissa<\/li>\n<li>2 kiinnityspaikkaa jalustalla varustetulle kalastusistuimelle keulakansiossa<\/li>\n<li>2 viehepidikett\u00e4 keulakansiossa<\/li>\n<li>2 s\u00e4ilytystilaa kapteenin ja matkustajan konsolien alla<\/li>\n<li>2 konsolia Taylor Made\u00ae l\u00e4pik\u00e4yt\u00e4v\u00e4ll\u00e4 varustetulla turvatuulilasiilla ja porttiovella keskell\u00e4<\/li>\n<li>Ohjaamossa 2 Ergolux-istuinta eteen-taakse s\u00e4\u00e4t\u00f6mahdollisuudella<\/li>\n<li>Oikealla 2 s\u00e4ilytystilaa 2 enint\u00e4\u00e4n 2,7m viehevav\u00e1lle.<\/li>\n<li>Kalastustarvikkeiden ja viehepidikkeiden j\u00e4rjestelij\u00e4 per\u00e4ss\u00e4<\/li>\n<li>2 paikkaa jalustalla varustetulle kalastusistuimelle ohjaamossa<\/li>\n<li>Ohjaamossa molemminpuolinen s\u00e4ilytystila henkil\u00f6kohtaisille tavaroille.<\/li>\n<li>Paikka jalustalla varustetulle kalastusistuimelle per\u00e4kansiossa<\/li>\n<li>100L el\u00e4v\u00e4nkalan s\u00e4ili\u00f6<\/li>\n<li>Per\u00e4kansiossa s\u00e4ilytystila akuille.<\/li>\n<li>2x 12V virtaliit\u00e4nt\u00e4 kapteenin ja matkustajan konsolissa<\/li>\n<li>LED-navigointivalot<\/li>\n<li>Automaattinen pilssipumppu<\/li>\n<li>6 kiinnityskorvaketta<\/li>\n<li>Ohjauspy\u00f6r\u00e4<\/li>\n<\/ul>\n","protected":false},"excerpt":{"rendered":"<p><strong>TEKNISET TIEDOT<\/strong><\/p>\n<table>\n<tbody>\n<tr>\n<td>Pituus, m<\/td>\n<td>5.75<\/td>\n<\/tr>\n<tr>\n<td>Leveys, m<\/td>\n<td>2,35<\/td>\n<\/tr>\n<tr>\n<td>Peili\u043aorkeus, mm<\/td>\n<td>635<\/td>\n<\/tr>\n<tr>\n<td>Syv\u00e4ys, mm<\/td>\n<td>350<\/td>\n<\/tr>\n<tr>\n<td>Tyhj\u00e4paino, kg<\/td>\n<td>630<\/td>\n<\/tr>\n<tr>\n<td>Moottori, hv<\/td>\n<td>115-150<\/td>\n<\/tr>\n<tr>\n<td>Rungon materiaali<\/td>\n<td>AlMg 4,5 Mn (5083)<\/td>\n<\/tr>\n<tr>\n<td>Maksimi henkil\u00f6m\u00e4\u00e4r\u00e4<\/td>\n<td>6<\/td>\n<\/tr>\n<tr>\n<td>Polttoaines\u00e4ili\u00f6, l<\/td>\n<td>115<\/td>\n<\/tr>\n<tr>\n<td>El\u00e4v\u00e4nkalan s\u00e4ili\u00f6, l<\/td>\n<td>95<\/td>\n<\/tr>\n<tr>\n<td>S\u00e4ilytys viehevavoille (m\u00e4\u00e4r\u00e4\/pituus)<\/td>\n<td>16\/ enint\u00e4\u00e4n 2,7m;<\/td>\n<\/tr>\n<tr>\n<td>Konsoli<\/td>\n<td>DC<\/td>\n<\/tr>\n<tr>\n<td>Per\u00e4n alusta<\/td>\n<td>JS<\/td>\n<\/tr>\n<\/tbody>\n<\/table>\n<p><iframe loading=\"lazy\" title=\"YouTube video player\" src=\"https:\/\/www.youtube.com\/embed\/x3gQlY-SD9s?si=kvR0hBzB88na8ZoZ\" width=\"560\" height=\"315\" frameborder=\"0\" allowfullscreen=\"allowfullscreen\"><\/iframe><\/p>\n","protected":false},"featured_media":102533,"template":"","meta":[],"product_brand":[],"product_cat":[3427,3579,3580],"product_tag":[],"class_list":{"0":"post-102490","1":"product","2":"type-product","3":"status-publish","4":"has-post-thumbnail","6":"product_cat-veneet","7":"product_cat-finval-fi","8":"product_cat-casting-pro-fi","9":"product_shipping_class-alumiinium-ja-plastikpaadid-normaal","10":"tm-has-options","12":"first","13":"instock","14":"taxable","15":"shipping-taxable","16":"purchasable","17":"product-type-simple"},"yoast_head":"<!-- This site is optimized with the Yoast SEO plugin v27.2 - https:\/\/yoast.com\/product\/yoast-seo-wordpress\/ -->\n<title>FINVAL 575 Casting Pro DC - Katso kaikki Finval-veneet<\/title>\n<meta name=\"description\" content=\"Finval 575 - T\u00e4ysin hitsattu AlMg4,5Mn (5083) merialumiinista. Materiaalin paksuus: 3mmRaptor\u00ae kulutusta kest\u00e4v\u00e4 ja luistamaton laidanviimeistely\" \/>\n<meta name=\"robots\" content=\"index, follow, max-snippet:-1, max-image-preview:large, max-video-preview:-1\" \/>\n<link rel=\"canonical\" href=\"https:\/\/boat-service.ee\/fi\/pood\/veneet\/finval-fi\/casting-pro-fi\/finval-575-casting-pro-dc\/\" \/>\n<meta property=\"og:locale\" content=\"fi_FI\" \/>\n<meta property=\"og:type\" content=\"article\" \/>\n<meta property=\"og:title\" content=\"FINVAL 575 Casting Pro DC - Katso kaikki Finval-veneet\" \/>\n<meta property=\"og:description\" content=\"Finval 575 - T\u00e4ysin hitsattu AlMg4,5Mn (5083) merialumiinista. Materiaalin paksuus: 3mmRaptor\u00ae kulutusta kest\u00e4v\u00e4 ja luistamaton laidanviimeistely\" \/>\n<meta property=\"og:url\" content=\"https:\/\/boat-service.ee\/fi\/pood\/veneet\/finval-fi\/casting-pro-fi\/finval-575-casting-pro-dc\/\" \/>\n<meta property=\"og:site_name\" content=\"Boat Service Estonia\" \/>\n<meta property=\"article:publisher\" content=\"https:\/\/www.facebook.com\/boatserviceestonia\" \/>\n<meta property=\"article:modified_time\" content=\"2025-11-26T13:05:43+00:00\" \/>\n<meta property=\"og:image\" content=\"https:\/\/boat-service.ee\/wp-content\/uploads\/2023\/09\/FINVAL_CASTING_PRO_575_Main.jpg\" \/>\n\t<meta property=\"og:image:width\" content=\"800\" \/>\n\t<meta property=\"og:image:height\" content=\"800\" \/>\n\t<meta property=\"og:image:type\" content=\"image\/jpeg\" \/>\n<meta name=\"twitter:card\" content=\"summary_large_image\" \/>\n<meta name=\"twitter:label1\" content=\"Arvioitu lukuaika\" \/>\n\t<meta name=\"twitter:data1\" content=\"1 minuutti\" \/>\n<script type=\"application\/ld+json\" class=\"yoast-schema-graph\">{\"@context\":\"https:\/\/schema.org\",\"@graph\":[{\"@type\":\"WebPage\",\"@id\":\"https:\/\/boat-service.ee\/fi\/pood\/veneet\/finval-fi\/casting-pro-fi\/finval-575-casting-pro-dc\/\",\"url\":\"https:\/\/boat-service.ee\/fi\/pood\/veneet\/finval-fi\/casting-pro-fi\/finval-575-casting-pro-dc\/\",\"name\":\"FINVAL 575 Casting Pro DC - Katso kaikki Finval-veneet\",\"isPartOf\":{\"@id\":\"https:\/\/boat-service.ee\/fi\/#website\"},\"primaryImageOfPage\":{\"@id\":\"https:\/\/boat-service.ee\/fi\/pood\/veneet\/finval-fi\/casting-pro-fi\/finval-575-casting-pro-dc\/#primaryimage\"},\"image\":{\"@id\":\"https:\/\/boat-service.ee\/fi\/pood\/veneet\/finval-fi\/casting-pro-fi\/finval-575-casting-pro-dc\/#primaryimage\"},\"thumbnailUrl\":\"https:\/\/boat-service.ee\/wp-content\/uploads\/2023\/09\/FINVAL_CASTING_PRO_575_Main.jpg\",\"datePublished\":\"2023-09-08T08:38:20+00:00\",\"dateModified\":\"2025-11-26T13:05:43+00:00\",\"description\":\"Finval 575 - T\u00e4ysin hitsattu AlMg4,5Mn (5083) merialumiinista. Materiaalin paksuus: 3mmRaptor\u00ae kulutusta kest\u00e4v\u00e4 ja luistamaton laidanviimeistely\",\"breadcrumb\":{\"@id\":\"https:\/\/boat-service.ee\/fi\/pood\/veneet\/finval-fi\/casting-pro-fi\/finval-575-casting-pro-dc\/#breadcrumb\"},\"inLanguage\":\"fi\",\"potentialAction\":[{\"@type\":\"ReadAction\",\"target\":[\"https:\/\/boat-service.ee\/fi\/pood\/veneet\/finval-fi\/casting-pro-fi\/finval-575-casting-pro-dc\/\"]}]},{\"@type\":\"ImageObject\",\"inLanguage\":\"fi\",\"@id\":\"https:\/\/boat-service.ee\/fi\/pood\/veneet\/finval-fi\/casting-pro-fi\/finval-575-casting-pro-dc\/#primaryimage\",\"url\":\"https:\/\/boat-service.ee\/wp-content\/uploads\/2023\/09\/FINVAL_CASTING_PRO_575_Main.jpg\",\"contentUrl\":\"https:\/\/boat-service.ee\/wp-content\/uploads\/2023\/09\/FINVAL_CASTING_PRO_575_Main.jpg\",\"width\":800,\"height\":800},{\"@type\":\"BreadcrumbList\",\"@id\":\"https:\/\/boat-service.ee\/fi\/pood\/veneet\/finval-fi\/casting-pro-fi\/finval-575-casting-pro-dc\/#breadcrumb\",\"itemListElement\":[{\"@type\":\"ListItem\",\"position\":1,\"name\":\"Home\",\"item\":\"https:\/\/boat-service.ee\/fi\/\"},{\"@type\":\"ListItem\",\"position\":2,\"name\":\"Pood\",\"item\":\"https:\/\/boat-service.ee\/en\/shop\/\"},{\"@type\":\"ListItem\",\"position\":3,\"name\":\"FINVAL 575 Casting Pro DC\"}]},{\"@type\":\"WebSite\",\"@id\":\"https:\/\/boat-service.ee\/fi\/#website\",\"url\":\"https:\/\/boat-service.ee\/fi\/\",\"name\":\"Boat Service Estonia\",\"description\":\"Boat Service Estonia - Mootorpaadid, treilerid, mootorid\",\"publisher\":{\"@id\":\"https:\/\/boat-service.ee\/fi\/#organization\"},\"potentialAction\":[{\"@type\":\"SearchAction\",\"target\":{\"@type\":\"EntryPoint\",\"urlTemplate\":\"https:\/\/boat-service.ee\/fi\/?s={search_term_string}\"},\"query-input\":{\"@type\":\"PropertyValueSpecification\",\"valueRequired\":true,\"valueName\":\"search_term_string\"}}],\"inLanguage\":\"fi\"},{\"@type\":\"Organization\",\"@id\":\"https:\/\/boat-service.ee\/fi\/#organization\",\"name\":\"KALASTUSPOOD O\u00dc\",\"url\":\"https:\/\/boat-service.ee\/fi\/\",\"logo\":{\"@type\":\"ImageObject\",\"inLanguage\":\"fi\",\"@id\":\"https:\/\/boat-service.ee\/fi\/#\/schema\/logo\/image\/\",\"url\":\"https:\/\/boat-service.ee\/wp-content\/uploads\/2023\/05\/impLogo.png\",\"contentUrl\":\"https:\/\/boat-service.ee\/wp-content\/uploads\/2023\/05\/impLogo.png\",\"width\":270,\"height\":107,\"caption\":\"KALASTUSPOOD O\u00dc\"},\"image\":{\"@id\":\"https:\/\/boat-service.ee\/fi\/#\/schema\/logo\/image\/\"},\"sameAs\":[\"https:\/\/www.facebook.com\/boatserviceestonia\",\"https:\/\/www.instagram.com\/kalastus_ja_paadipood\/\"]}]}<\/script>\n<!-- \/ Yoast SEO plugin. -->","yoast_head_json":{"title":"FINVAL 575 Casting Pro DC - Katso kaikki Finval-veneet","description":"Finval 575 - T\u00e4ysin hitsattu AlMg4,5Mn (5083) merialumiinista. Materiaalin paksuus: 3mmRaptor\u00ae kulutusta kest\u00e4v\u00e4 ja luistamaton laidanviimeistely","robots":{"index":"index","follow":"follow","max-snippet":"max-snippet:-1","max-image-preview":"max-image-preview:large","max-video-preview":"max-video-preview:-1"},"canonical":"https:\/\/boat-service.ee\/fi\/pood\/veneet\/finval-fi\/casting-pro-fi\/finval-575-casting-pro-dc\/","og_locale":"fi_FI","og_type":"article","og_title":"FINVAL 575 Casting Pro DC - Katso kaikki Finval-veneet","og_description":"Finval 575 - T\u00e4ysin hitsattu AlMg4,5Mn (5083) merialumiinista. Materiaalin paksuus: 3mmRaptor\u00ae kulutusta kest\u00e4v\u00e4 ja luistamaton laidanviimeistely","og_url":"https:\/\/boat-service.ee\/fi\/pood\/veneet\/finval-fi\/casting-pro-fi\/finval-575-casting-pro-dc\/","og_site_name":"Boat Service Estonia","article_publisher":"https:\/\/www.facebook.com\/boatserviceestonia","article_modified_time":"2025-11-26T13:05:43+00:00","og_image":[{"width":800,"height":800,"url":"https:\/\/boat-service.ee\/wp-content\/uploads\/2023\/09\/FINVAL_CASTING_PRO_575_Main.jpg","type":"image\/jpeg"}],"twitter_card":"summary_large_image","twitter_misc":{"Arvioitu lukuaika":"1 minuutti"},"schema":{"@context":"https:\/\/schema.org","@graph":[{"@type":"WebPage","@id":"https:\/\/boat-service.ee\/fi\/pood\/veneet\/finval-fi\/casting-pro-fi\/finval-575-casting-pro-dc\/","url":"https:\/\/boat-service.ee\/fi\/pood\/veneet\/finval-fi\/casting-pro-fi\/finval-575-casting-pro-dc\/","name":"FINVAL 575 Casting Pro DC - Katso kaikki Finval-veneet","isPartOf":{"@id":"https:\/\/boat-service.ee\/fi\/#website"},"primaryImageOfPage":{"@id":"https:\/\/boat-service.ee\/fi\/pood\/veneet\/finval-fi\/casting-pro-fi\/finval-575-casting-pro-dc\/#primaryimage"},"image":{"@id":"https:\/\/boat-service.ee\/fi\/pood\/veneet\/finval-fi\/casting-pro-fi\/finval-575-casting-pro-dc\/#primaryimage"},"thumbnailUrl":"https:\/\/boat-service.ee\/wp-content\/uploads\/2023\/09\/FINVAL_CASTING_PRO_575_Main.jpg","datePublished":"2023-09-08T08:38:20+00:00","dateModified":"2025-11-26T13:05:43+00:00","description":"Finval 575 - T\u00e4ysin hitsattu AlMg4,5Mn (5083) merialumiinista. Materiaalin paksuus: 3mmRaptor\u00ae kulutusta kest\u00e4v\u00e4 ja luistamaton laidanviimeistely","breadcrumb":{"@id":"https:\/\/boat-service.ee\/fi\/pood\/veneet\/finval-fi\/casting-pro-fi\/finval-575-casting-pro-dc\/#breadcrumb"},"inLanguage":"fi","potentialAction":[{"@type":"ReadAction","target":["https:\/\/boat-service.ee\/fi\/pood\/veneet\/finval-fi\/casting-pro-fi\/finval-575-casting-pro-dc\/"]}]},{"@type":"ImageObject","inLanguage":"fi","@id":"https:\/\/boat-service.ee\/fi\/pood\/veneet\/finval-fi\/casting-pro-fi\/finval-575-casting-pro-dc\/#primaryimage","url":"https:\/\/boat-service.ee\/wp-content\/uploads\/2023\/09\/FINVAL_CASTING_PRO_575_Main.jpg","contentUrl":"https:\/\/boat-service.ee\/wp-content\/uploads\/2023\/09\/FINVAL_CASTING_PRO_575_Main.jpg","width":800,"height":800},{"@type":"BreadcrumbList","@id":"https:\/\/boat-service.ee\/fi\/pood\/veneet\/finval-fi\/casting-pro-fi\/finval-575-casting-pro-dc\/#breadcrumb","itemListElement":[{"@type":"ListItem","position":1,"name":"Home","item":"https:\/\/boat-service.ee\/fi\/"},{"@type":"ListItem","position":2,"name":"Pood","item":"https:\/\/boat-service.ee\/en\/shop\/"},{"@type":"ListItem","position":3,"name":"FINVAL 575 Casting Pro DC"}]},{"@type":"WebSite","@id":"https:\/\/boat-service.ee\/fi\/#website","url":"https:\/\/boat-service.ee\/fi\/","name":"Boat Service Estonia","description":"Boat Service Estonia - Mootorpaadid, treilerid, mootorid","publisher":{"@id":"https:\/\/boat-service.ee\/fi\/#organization"},"potentialAction":[{"@type":"SearchAction","target":{"@type":"EntryPoint","urlTemplate":"https:\/\/boat-service.ee\/fi\/?s={search_term_string}"},"query-input":{"@type":"PropertyValueSpecification","valueRequired":true,"valueName":"search_term_string"}}],"inLanguage":"fi"},{"@type":"Organization","@id":"https:\/\/boat-service.ee\/fi\/#organization","name":"KALASTUSPOOD O\u00dc","url":"https:\/\/boat-service.ee\/fi\/","logo":{"@type":"ImageObject","inLanguage":"fi","@id":"https:\/\/boat-service.ee\/fi\/#\/schema\/logo\/image\/","url":"https:\/\/boat-service.ee\/wp-content\/uploads\/2023\/05\/impLogo.png","contentUrl":"https:\/\/boat-service.ee\/wp-content\/uploads\/2023\/05\/impLogo.png","width":270,"height":107,"caption":"KALASTUSPOOD O\u00dc"},"image":{"@id":"https:\/\/boat-service.ee\/fi\/#\/schema\/logo\/image\/"},"sameAs":["https:\/\/www.facebook.com\/boatserviceestonia","https:\/\/www.instagram.com\/kalastus_ja_paadipood\/"]}]}},"_links":{"self":[{"href":"https:\/\/boat-service.ee\/fi\/wp-json\/wp\/v2\/product\/102490","targetHints":{"allow":["GET"]}}],"collection":[{"href":"https:\/\/boat-service.ee\/fi\/wp-json\/wp\/v2\/product"}],"about":[{"href":"https:\/\/boat-service.ee\/fi\/wp-json\/wp\/v2\/types\/product"}],"wp:featuredmedia":[{"embeddable":true,"href":"https:\/\/boat-service.ee\/fi\/wp-json\/wp\/v2\/media\/102533"}],"wp:attachment":[{"href":"https:\/\/boat-service.ee\/fi\/wp-json\/wp\/v2\/media?parent=102490"}],"wp:term":[{"taxonomy":"product_brand","embeddable":true,"href":"https:\/\/boat-service.ee\/fi\/wp-json\/wp\/v2\/product_brand?post=102490"},{"taxonomy":"product_cat","embeddable":true,"href":"https:\/\/boat-service.ee\/fi\/wp-json\/wp\/v2\/product_cat?post=102490"},{"taxonomy":"product_tag","embeddable":true,"href":"https:\/\/boat-service.ee\/fi\/wp-json\/wp\/v2\/product_tag?post=102490"}],"curies":[{"name":"wp","href":"https:\/\/api.w.org\/{rel}","templated":true}]}}