{"id":102421,"date":"2023-09-08T10:44:39","date_gmt":"2023-09-08T08:44:39","guid":{"rendered":"https:\/\/boat-service.ee\/pood\/Ei-luokiteltu\/finval-475-evo-tiller\/"},"modified":"2026-04-13T10:43:13","modified_gmt":"2026-04-13T08:43:13","slug":"finval-475-evo-tiller","status":"publish","type":"product","link":"https:\/\/boat-service.ee\/fi\/pood\/veneet\/finval-fi\/evo-fi\/finval-475-evo-tiller\/","title":{"rendered":"FINVAL 475 Evo Tiller"},"content":{"rendered":"<p>Finval 475 Evo Tiller perustuu kaksikonsoliseen 475 EVO DC -malliin, joka on ollut suosittu valinta ymp\u00e4ri Eurooppaa jo useiden vuosien ajan. Veneen sis\u00e4leveys per\u00e4tasolla on 192 cm ja kokonaisleveys 212 cm, mik\u00e4 maksimoi hy\u00f6tytilan ja vakauden asettaen uuden standardin t\u00e4m\u00e4n kokoluokan veneille. Keulan kannen alla oleva s\u00e4ilytystila mahdollistaa nopean p\u00e4\u00e4syn laukkuihin tai kalastusv\u00e4lineisiin. Jos etsit alle viisimetrist\u00e4 venett\u00e4, jossa on maksimaalinen kalastusmukavuus ja runsaasti tilaa, <b data-path-to-node=\"5\" data-index-in-node=\"98\">Finval 475 Evo Tiller<\/b> on ihanteellinen valinta.<\/p>\n<p><strong>Vakiovarusteet<\/strong><\/p>\n<p>T\u00e4ysin hitsattu runko AlMg4,5Mn (5083) merialumiini. Materiaalin paksuus: 3mm<br \/>\nRaptor\u00ae kulutusta kest\u00e4v\u00e4 pinnoite laidalla<br \/>\nTeipatut kyljet (eri v\u00e4rivaihtoehdot)<br \/>\nLattiassa merivinyyli<br \/>\nSein\u00e4t, keula- ja per\u00e4kansi aukiharjattua mattoa<br \/>\nKiinte\u00e4 poltoaines\u00e4ili\u00f6 53L<br \/>\nVapalaatikko oikealla puolella kahdelle enint\u00e4\u00e4n 2.4-2,9m vavalle<br \/>\nViehelaatikko vasemmalla reunalla kahdelle enint\u00e4\u00e4n 2.4-2,9m vavalle<br \/>\nKalasumppu s\u00e4ili\u00f6 90L<br \/>\nPremium-istuin pehmusteineen ja 13&#8221; istuinjalustalla<br \/>\nPremium-kapteenin istuin<br \/>\n12V pistoke<br \/>\nUSB 5V2A pistoke<br \/>\nIrrotettavat navigointivalot<br \/>\nLED-valaistus kokpitissa<br \/>\nKuivat s\u00e4ilytystilat<br \/>\nAutomaattipilssipumppu<br \/>\n4 x kiinnipitokahvat<br \/>\n4 x RST knaapit<\/p>\n","protected":false},"excerpt":{"rendered":"<p><strong>TEKNISET TIEDOT<\/strong><\/p>\n<table>\n<tbody>\n<tr>\n<td>Pituus, m<\/td>\n<td>4,72<\/td>\n<\/tr>\n<tr>\n<td>Leveys, m<\/td>\n<td>2,12<\/td>\n<\/tr>\n<tr>\n<td>Peili\u043aorkeus, mm<\/td>\n<td>508<\/td>\n<\/tr>\n<tr>\n<td>Syv\u00e4ys, mm<\/td>\n<td>330<\/td>\n<\/tr>\n<tr>\n<td>Peilikulma<\/td>\n<td>13\u00b0<\/td>\n<\/tr>\n<tr>\n<td>Paino, kg<\/td>\n<td>480<\/td>\n<\/tr>\n<tr>\n<td>Maksimi kantavuus, kg<\/td>\n<td>635<\/td>\n<\/tr>\n<tr>\n<td>Moottori, hv<\/td>\n<td>60-100<\/td>\n<\/tr>\n<tr>\n<td>Rungon materiaali<\/td>\n<td>AlMg 4,5 Mn (5083)<\/td>\n<\/tr>\n<tr>\n<td>Rungon paksuus, mm<\/td>\n<td>3<\/td>\n<\/tr>\n<tr>\n<td>Maksimi henkil\u00f6m\u00e4\u00e4r\u00e4<\/td>\n<td>3<\/td>\n<\/tr>\n<tr>\n<td>Polttoaines\u00e4ili\u00f6, l<\/td>\n<td>53<\/td>\n<\/tr>\n<tr>\n<td>Kalasumppu, l<\/td>\n<td>90<\/td>\n<\/tr>\n<tr>\n<td>Vapalaatikko (m\u00e4\u00e4r\u00e4\/pituus)<\/td>\n<td>2 \/ 2.9 m; 2 \/ 2.45 m<\/td>\n<\/tr>\n<tr>\n<td>Konsoli<\/td>\n<td>Tiller<\/td>\n<\/tr>\n<tr>\n<td><\/td>\n<td><\/td>\n<\/tr>\n<\/tbody>\n<\/table>\n<p><iframe loading=\"lazy\" title=\"YouTube video player\" src=\"https:\/\/www.youtube.com\/embed\/T3tuTzfVvKc?si=Z8GTO-NRx2ZvadrG\" width=\"560\" height=\"315\" frameborder=\"0\" allowfullscreen=\"allowfullscreen\"><\/iframe><\/p>\n","protected":false},"featured_media":102489,"template":"","meta":[],"product_brand":[3721],"product_cat":[3427,3579,3581],"product_tag":[],"class_list":{"0":"post-102421","1":"product","2":"type-product","3":"status-publish","4":"has-post-thumbnail","6":"product_brand-finval","7":"product_cat-veneet","8":"product_cat-finval-fi","9":"product_cat-evo-fi","10":"product_shipping_class-alumiinium-ja-plastikpaadid-normaal","11":"tm-has-options","13":"first","14":"instock","15":"taxable","16":"shipping-taxable","17":"purchasable","18":"product-type-simple"},"yoast_head":"<!-- This site is optimized with the Yoast SEO plugin v27.2 - https:\/\/yoast.com\/product\/yoast-seo-wordpress\/ -->\n<title>FINVAL 475 Evo Tiller - Katso kaikki Finval veneet<\/title>\n<meta name=\"description\" content=\"Boat Service Estonia on FINVAL-veneiden virallinen maahantuoja Virossa. Kokoonpannamme teille veneen haluamallanne per\u00e4moottor\u00edlla, per\u00e4vaunulla ja elektroniikalla. Takaamme valmistajan takuun sek\u00e4 ammattitaitoisen j\u00e4lkihuollon.\" \/>\n<meta name=\"robots\" content=\"index, follow, max-snippet:-1, max-image-preview:large, max-video-preview:-1\" \/>\n<link rel=\"canonical\" href=\"https:\/\/boat-service.ee\/fi\/pood\/veneet\/finval-fi\/evo-fi\/finval-475-evo-tiller\/\" \/>\n<meta property=\"og:locale\" content=\"fi_FI\" \/>\n<meta property=\"og:type\" content=\"article\" \/>\n<meta property=\"og:title\" content=\"FINVAL 475 Evo Tiller - Katso kaikki Finval veneet\" \/>\n<meta property=\"og:description\" content=\"Boat Service Estonia on FINVAL-veneiden virallinen maahantuoja Virossa. Kokoonpannamme teille veneen haluamallanne per\u00e4moottor\u00edlla, per\u00e4vaunulla ja elektroniikalla. Takaamme valmistajan takuun sek\u00e4 ammattitaitoisen j\u00e4lkihuollon.\" \/>\n<meta property=\"og:url\" content=\"https:\/\/boat-service.ee\/fi\/pood\/veneet\/finval-fi\/evo-fi\/finval-475-evo-tiller\/\" \/>\n<meta property=\"og:site_name\" content=\"Boat Service Estonia\" \/>\n<meta property=\"article:publisher\" content=\"https:\/\/www.facebook.com\/boatserviceestonia\" \/>\n<meta property=\"article:modified_time\" content=\"2026-04-13T08:43:13+00:00\" \/>\n<meta property=\"og:image\" content=\"https:\/\/boat-service.ee\/wp-content\/uploads\/2023\/09\/FINVAL_EVO_TILLER_475_Main.jpg\" \/>\n\t<meta property=\"og:image:width\" content=\"801\" \/>\n\t<meta property=\"og:image:height\" content=\"801\" \/>\n\t<meta property=\"og:image:type\" content=\"image\/jpeg\" \/>\n<meta name=\"twitter:card\" content=\"summary_large_image\" \/>\n<meta name=\"twitter:label1\" content=\"Arvioitu lukuaika\" \/>\n\t<meta name=\"twitter:data1\" content=\"1 minuutti\" \/>\n<script type=\"application\/ld+json\" class=\"yoast-schema-graph\">{\"@context\":\"https:\/\/schema.org\",\"@graph\":[{\"@type\":\"WebPage\",\"@id\":\"https:\/\/boat-service.ee\/fi\/pood\/veneet\/finval-fi\/evo-fi\/finval-475-evo-tiller\/\",\"url\":\"https:\/\/boat-service.ee\/fi\/pood\/veneet\/finval-fi\/evo-fi\/finval-475-evo-tiller\/\",\"name\":\"FINVAL 475 Evo Tiller - Katso kaikki Finval veneet\",\"isPartOf\":{\"@id\":\"https:\/\/boat-service.ee\/fi\/#website\"},\"primaryImageOfPage\":{\"@id\":\"https:\/\/boat-service.ee\/fi\/pood\/veneet\/finval-fi\/evo-fi\/finval-475-evo-tiller\/#primaryimage\"},\"image\":{\"@id\":\"https:\/\/boat-service.ee\/fi\/pood\/veneet\/finval-fi\/evo-fi\/finval-475-evo-tiller\/#primaryimage\"},\"thumbnailUrl\":\"https:\/\/boat-service.ee\/wp-content\/uploads\/2023\/09\/FINVAL_EVO_TILLER_475_Main.jpg\",\"datePublished\":\"2023-09-08T08:44:39+00:00\",\"dateModified\":\"2026-04-13T08:43:13+00:00\",\"description\":\"Boat Service Estonia on FINVAL-veneiden virallinen maahantuoja Virossa. Kokoonpannamme teille veneen haluamallanne per\u00e4moottor\u00edlla, per\u00e4vaunulla ja elektroniikalla. Takaamme valmistajan takuun sek\u00e4 ammattitaitoisen j\u00e4lkihuollon.\",\"breadcrumb\":{\"@id\":\"https:\/\/boat-service.ee\/fi\/pood\/veneet\/finval-fi\/evo-fi\/finval-475-evo-tiller\/#breadcrumb\"},\"inLanguage\":\"fi\",\"potentialAction\":[{\"@type\":\"ReadAction\",\"target\":[\"https:\/\/boat-service.ee\/fi\/pood\/veneet\/finval-fi\/evo-fi\/finval-475-evo-tiller\/\"]}]},{\"@type\":\"ImageObject\",\"inLanguage\":\"fi\",\"@id\":\"https:\/\/boat-service.ee\/fi\/pood\/veneet\/finval-fi\/evo-fi\/finval-475-evo-tiller\/#primaryimage\",\"url\":\"https:\/\/boat-service.ee\/wp-content\/uploads\/2023\/09\/FINVAL_EVO_TILLER_475_Main.jpg\",\"contentUrl\":\"https:\/\/boat-service.ee\/wp-content\/uploads\/2023\/09\/FINVAL_EVO_TILLER_475_Main.jpg\",\"width\":801,\"height\":801},{\"@type\":\"BreadcrumbList\",\"@id\":\"https:\/\/boat-service.ee\/fi\/pood\/veneet\/finval-fi\/evo-fi\/finval-475-evo-tiller\/#breadcrumb\",\"itemListElement\":[{\"@type\":\"ListItem\",\"position\":1,\"name\":\"Home\",\"item\":\"https:\/\/boat-service.ee\/fi\/\"},{\"@type\":\"ListItem\",\"position\":2,\"name\":\"Pood\",\"item\":\"https:\/\/boat-service.ee\/en\/shop\/\"},{\"@type\":\"ListItem\",\"position\":3,\"name\":\"FINVAL 475 Evo Tiller\"}]},{\"@type\":\"WebSite\",\"@id\":\"https:\/\/boat-service.ee\/fi\/#website\",\"url\":\"https:\/\/boat-service.ee\/fi\/\",\"name\":\"Boat Service Estonia\",\"description\":\"Boat Service Estonia - Mootorpaadid, treilerid, mootorid\",\"publisher\":{\"@id\":\"https:\/\/boat-service.ee\/fi\/#organization\"},\"potentialAction\":[{\"@type\":\"SearchAction\",\"target\":{\"@type\":\"EntryPoint\",\"urlTemplate\":\"https:\/\/boat-service.ee\/fi\/?s={search_term_string}\"},\"query-input\":{\"@type\":\"PropertyValueSpecification\",\"valueRequired\":true,\"valueName\":\"search_term_string\"}}],\"inLanguage\":\"fi\"},{\"@type\":\"Organization\",\"@id\":\"https:\/\/boat-service.ee\/fi\/#organization\",\"name\":\"KALASTUSPOOD O\u00dc\",\"url\":\"https:\/\/boat-service.ee\/fi\/\",\"logo\":{\"@type\":\"ImageObject\",\"inLanguage\":\"fi\",\"@id\":\"https:\/\/boat-service.ee\/fi\/#\/schema\/logo\/image\/\",\"url\":\"https:\/\/boat-service.ee\/wp-content\/uploads\/2023\/05\/impLogo.png\",\"contentUrl\":\"https:\/\/boat-service.ee\/wp-content\/uploads\/2023\/05\/impLogo.png\",\"width\":270,\"height\":107,\"caption\":\"KALASTUSPOOD O\u00dc\"},\"image\":{\"@id\":\"https:\/\/boat-service.ee\/fi\/#\/schema\/logo\/image\/\"},\"sameAs\":[\"https:\/\/www.facebook.com\/boatserviceestonia\",\"https:\/\/www.instagram.com\/kalastus_ja_paadipood\/\"]}]}<\/script>\n<!-- \/ Yoast SEO plugin. -->","yoast_head_json":{"title":"FINVAL 475 Evo Tiller - Katso kaikki Finval veneet","description":"Boat Service Estonia on FINVAL-veneiden virallinen maahantuoja Virossa. Kokoonpannamme teille veneen haluamallanne per\u00e4moottor\u00edlla, per\u00e4vaunulla ja elektroniikalla. Takaamme valmistajan takuun sek\u00e4 ammattitaitoisen j\u00e4lkihuollon.","robots":{"index":"index","follow":"follow","max-snippet":"max-snippet:-1","max-image-preview":"max-image-preview:large","max-video-preview":"max-video-preview:-1"},"canonical":"https:\/\/boat-service.ee\/fi\/pood\/veneet\/finval-fi\/evo-fi\/finval-475-evo-tiller\/","og_locale":"fi_FI","og_type":"article","og_title":"FINVAL 475 Evo Tiller - Katso kaikki Finval veneet","og_description":"Boat Service Estonia on FINVAL-veneiden virallinen maahantuoja Virossa. Kokoonpannamme teille veneen haluamallanne per\u00e4moottor\u00edlla, per\u00e4vaunulla ja elektroniikalla. Takaamme valmistajan takuun sek\u00e4 ammattitaitoisen j\u00e4lkihuollon.","og_url":"https:\/\/boat-service.ee\/fi\/pood\/veneet\/finval-fi\/evo-fi\/finval-475-evo-tiller\/","og_site_name":"Boat Service Estonia","article_publisher":"https:\/\/www.facebook.com\/boatserviceestonia","article_modified_time":"2026-04-13T08:43:13+00:00","og_image":[{"width":801,"height":801,"url":"https:\/\/boat-service.ee\/wp-content\/uploads\/2023\/09\/FINVAL_EVO_TILLER_475_Main.jpg","type":"image\/jpeg"}],"twitter_card":"summary_large_image","twitter_misc":{"Arvioitu lukuaika":"1 minuutti"},"schema":{"@context":"https:\/\/schema.org","@graph":[{"@type":"WebPage","@id":"https:\/\/boat-service.ee\/fi\/pood\/veneet\/finval-fi\/evo-fi\/finval-475-evo-tiller\/","url":"https:\/\/boat-service.ee\/fi\/pood\/veneet\/finval-fi\/evo-fi\/finval-475-evo-tiller\/","name":"FINVAL 475 Evo Tiller - Katso kaikki Finval veneet","isPartOf":{"@id":"https:\/\/boat-service.ee\/fi\/#website"},"primaryImageOfPage":{"@id":"https:\/\/boat-service.ee\/fi\/pood\/veneet\/finval-fi\/evo-fi\/finval-475-evo-tiller\/#primaryimage"},"image":{"@id":"https:\/\/boat-service.ee\/fi\/pood\/veneet\/finval-fi\/evo-fi\/finval-475-evo-tiller\/#primaryimage"},"thumbnailUrl":"https:\/\/boat-service.ee\/wp-content\/uploads\/2023\/09\/FINVAL_EVO_TILLER_475_Main.jpg","datePublished":"2023-09-08T08:44:39+00:00","dateModified":"2026-04-13T08:43:13+00:00","description":"Boat Service Estonia on FINVAL-veneiden virallinen maahantuoja Virossa. Kokoonpannamme teille veneen haluamallanne per\u00e4moottor\u00edlla, per\u00e4vaunulla ja elektroniikalla. Takaamme valmistajan takuun sek\u00e4 ammattitaitoisen j\u00e4lkihuollon.","breadcrumb":{"@id":"https:\/\/boat-service.ee\/fi\/pood\/veneet\/finval-fi\/evo-fi\/finval-475-evo-tiller\/#breadcrumb"},"inLanguage":"fi","potentialAction":[{"@type":"ReadAction","target":["https:\/\/boat-service.ee\/fi\/pood\/veneet\/finval-fi\/evo-fi\/finval-475-evo-tiller\/"]}]},{"@type":"ImageObject","inLanguage":"fi","@id":"https:\/\/boat-service.ee\/fi\/pood\/veneet\/finval-fi\/evo-fi\/finval-475-evo-tiller\/#primaryimage","url":"https:\/\/boat-service.ee\/wp-content\/uploads\/2023\/09\/FINVAL_EVO_TILLER_475_Main.jpg","contentUrl":"https:\/\/boat-service.ee\/wp-content\/uploads\/2023\/09\/FINVAL_EVO_TILLER_475_Main.jpg","width":801,"height":801},{"@type":"BreadcrumbList","@id":"https:\/\/boat-service.ee\/fi\/pood\/veneet\/finval-fi\/evo-fi\/finval-475-evo-tiller\/#breadcrumb","itemListElement":[{"@type":"ListItem","position":1,"name":"Home","item":"https:\/\/boat-service.ee\/fi\/"},{"@type":"ListItem","position":2,"name":"Pood","item":"https:\/\/boat-service.ee\/en\/shop\/"},{"@type":"ListItem","position":3,"name":"FINVAL 475 Evo Tiller"}]},{"@type":"WebSite","@id":"https:\/\/boat-service.ee\/fi\/#website","url":"https:\/\/boat-service.ee\/fi\/","name":"Boat Service Estonia","description":"Boat Service Estonia - Mootorpaadid, treilerid, mootorid","publisher":{"@id":"https:\/\/boat-service.ee\/fi\/#organization"},"potentialAction":[{"@type":"SearchAction","target":{"@type":"EntryPoint","urlTemplate":"https:\/\/boat-service.ee\/fi\/?s={search_term_string}"},"query-input":{"@type":"PropertyValueSpecification","valueRequired":true,"valueName":"search_term_string"}}],"inLanguage":"fi"},{"@type":"Organization","@id":"https:\/\/boat-service.ee\/fi\/#organization","name":"KALASTUSPOOD O\u00dc","url":"https:\/\/boat-service.ee\/fi\/","logo":{"@type":"ImageObject","inLanguage":"fi","@id":"https:\/\/boat-service.ee\/fi\/#\/schema\/logo\/image\/","url":"https:\/\/boat-service.ee\/wp-content\/uploads\/2023\/05\/impLogo.png","contentUrl":"https:\/\/boat-service.ee\/wp-content\/uploads\/2023\/05\/impLogo.png","width":270,"height":107,"caption":"KALASTUSPOOD O\u00dc"},"image":{"@id":"https:\/\/boat-service.ee\/fi\/#\/schema\/logo\/image\/"},"sameAs":["https:\/\/www.facebook.com\/boatserviceestonia","https:\/\/www.instagram.com\/kalastus_ja_paadipood\/"]}]}},"_links":{"self":[{"href":"https:\/\/boat-service.ee\/fi\/wp-json\/wp\/v2\/product\/102421","targetHints":{"allow":["GET"]}}],"collection":[{"href":"https:\/\/boat-service.ee\/fi\/wp-json\/wp\/v2\/product"}],"about":[{"href":"https:\/\/boat-service.ee\/fi\/wp-json\/wp\/v2\/types\/product"}],"wp:featuredmedia":[{"embeddable":true,"href":"https:\/\/boat-service.ee\/fi\/wp-json\/wp\/v2\/media\/102489"}],"wp:attachment":[{"href":"https:\/\/boat-service.ee\/fi\/wp-json\/wp\/v2\/media?parent=102421"}],"wp:term":[{"taxonomy":"product_brand","embeddable":true,"href":"https:\/\/boat-service.ee\/fi\/wp-json\/wp\/v2\/product_brand?post=102421"},{"taxonomy":"product_cat","embeddable":true,"href":"https:\/\/boat-service.ee\/fi\/wp-json\/wp\/v2\/product_cat?post=102421"},{"taxonomy":"product_tag","embeddable":true,"href":"https:\/\/boat-service.ee\/fi\/wp-json\/wp\/v2\/product_tag?post=102421"}],"curies":[{"name":"wp","href":"https:\/\/api.w.org\/{rel}","templated":true}]}}