{"id":102370,"date":"2023-09-08T10:52:49","date_gmt":"2023-09-08T08:52:49","guid":{"rendered":"https:\/\/boat-service.ee\/pood\/Ei-luokiteltu\/finval-475-evo-dc-js\/"},"modified":"2025-11-26T15:02:52","modified_gmt":"2025-11-26T13:02:52","slug":"finval-475-evo-dc-js","status":"publish","type":"product","link":"https:\/\/boat-service.ee\/fi\/pood\/veneet\/finval-fi\/evo-fi\/finval-475-evo-dc-js\/","title":{"rendered":"FINVAL 475 Evo DC JS"},"content":{"rendered":"<p><strong>Vakiovarusteet<\/strong><\/p>\n<p>T\u00e4ysin hitsattu AlMg4,5Mn (5083) merialumiinista. Materiaalin paksuus: 2-3mm<br \/>\nRaptor\u00ae kulutusta kest\u00e4v\u00e4 ja luistamaton laidanviimeistely<br \/>\nUlkopuolet p\u00e4\u00e4llystetty (eri v\u00e4rivaihtoehdot)<br \/>\nKaksi konsolia, joiden alla hyllyt ja joiden keskell\u00e4 l\u00e4pin\u00e4kyv\u00e4 portt\u00edovi<br \/>\nKeulakansi ja ohjaam\u043e p\u00e4\u00e4llystetty merivinyylikankaalla<br \/>\nSein\u00e4t ja per\u00e4kansi p\u00e4\u00e4llystetty meriluokan matolla<br \/>\nSis\u00e4\u00e4nrakennettu polttoainej\u00e4rjestelm\u00e4 53L alumiinitankilla<br \/>\nViehelaatikko oikealla reunalla kahdelle enint\u00e4\u00e4n 2.5m ja 2.9m viehevav\u00e1lle<br \/>\nViehelaatikko vasemmalla reunalla kahdelle enint\u00e4\u00e4n 2.5m ja 2.9m viehevav\u00e1lle<br \/>\n65L \/ 90L el\u00e4v\u00e4nkalan s\u00e4ili\u00f6 (riippuen keulakannen j\u00e4rjestelyst\u00e4)<br \/>\nKaksi Premium-istuinta pehmusteineen ja istuinjalustoineen<br \/>\n2x 12V virtaliit\u00e4nt\u00e4 matkustajan ja kapteenin konsoleissa;<br \/>\nLED-navigointivalot<br \/>\n2x sis\u00e4\u00e4nrakennettu mukipidike<br \/>\nMatkustajan k\u00e4situki<br \/>\nKuiva s\u00e4ilytystila viem\u00e4rij\u00e4rjestelm\u00e4ll\u00e4<br \/>\n4 kiinnityskorvaketta<br \/>\nUltraflex T73 NRFC mekaaninen ohjausj\u00e4rjestelm\u00e4, ohjauspy\u00f6r\u00e4, ohjauskaapeli<br \/>\nAutomaattinen pilssipumppu<\/p>\n","protected":false},"excerpt":{"rendered":"<p><strong>TEKNISET TIEDOT<\/strong><\/p>\n<p>Boat Service Estonia on <strong>FINVAL-veneiden<\/strong> virallinen maahantuoja Virossa. Kokoonpannamme teille <strong>veneen<\/strong> haluamallanne <strong>per\u00e4moottor\u00edlla<\/strong>, <strong>per\u00e4vaunulla<\/strong> ja elektroniikalla. Takaamme valmistajan takuun sek\u00e4 ammattitaitoisen j\u00e4lkihuollon.<\/p>\n<table>\n<tbody>\n<tr>\n<td>Pituus, m<\/td>\n<td>4,72<\/td>\n<\/tr>\n<tr>\n<td>Leveys, m<\/td>\n<td>2,12<\/td>\n<\/tr>\n<tr>\n<td>Peili\u043aorkeus, mm<\/td>\n<td>508<\/td>\n<\/tr>\n<tr>\n<td>Syv\u00e4ys, mm<\/td>\n<td>330<\/td>\n<\/tr>\n<tr>\n<td>Peilikulma<\/td>\n<td>13\u00b0<\/td>\n<\/tr>\n<tr>\n<td>Tyhj\u00e4paino, kg<\/td>\n<td>510<\/td>\n<\/tr>\n<tr>\n<td>Maksimi kantavuus, kg<\/td>\n<td>600<\/td>\n<\/tr>\n<tr>\n<td>Rungon materiaali<\/td>\n<td>AlMg 4,5 Mn (5083)<\/td>\n<\/tr>\n<tr>\n<td>Rungon paksuus, mm<\/td>\n<td>3<\/td>\n<\/tr>\n<tr>\n<td>Moottori, hv<\/td>\n<td>60-100<\/td>\n<\/tr>\n<tr>\n<td>Maksimi henkil\u00f6m\u00e4\u00e4r\u00e4<\/td>\n<td>4<\/td>\n<\/tr>\n<tr>\n<td>Polttoaines\u00e4ili\u00f6, l<\/td>\n<td>53<\/td>\n<\/tr>\n<tr>\n<td>El\u00e4v\u00e4nkalan s\u00e4ili\u00f6, l<\/td>\n<td>65 tai 90<\/td>\n<\/tr>\n<tr>\n<td>Viehelaatikko (m\u00e4\u00e4r\u00e4 \/ pituus)<\/td>\n<td>4\/2,9 m<\/td>\n<\/tr>\n<tr>\n<td>Konsoli<\/td>\n<td>SC<\/td>\n<\/tr>\n<tr>\n<td>Per\u00e4n alusta<\/td>\n<td>JS<\/td>\n<\/tr>\n<\/tbody>\n<\/table>\n<p><iframe loading=\"lazy\" title=\"YouTube video player\" src=\"https:\/\/www.youtube.com\/embed\/JwuVk6KBaWg?si=vcxQj9vdpV78U96K\" width=\"560\" height=\"315\" frameborder=\"0\" allowfullscreen=\"allowfullscreen\"><\/iframe><br \/>\n<iframe loading=\"lazy\" title=\"YouTube video player\" src=\"https:\/\/www.youtube.com\/embed\/NGjIQGYIWn4?si=794FcAogh0I0sR96\" width=\"560\" height=\"315\" frameborder=\"0\" allowfullscreen=\"allowfullscreen\"><\/iframe><\/p>\n","protected":false},"featured_media":102420,"template":"","meta":[],"product_brand":[],"product_cat":[3427,3579,3581],"product_tag":[],"class_list":{"0":"post-102370","1":"product","2":"type-product","3":"status-publish","4":"has-post-thumbnail","6":"product_cat-veneet","7":"product_cat-finval-fi","8":"product_cat-evo-fi","9":"product_shipping_class-alumiinium-ja-plastikpaadid-normaal","10":"tm-has-options","12":"first","13":"instock","14":"taxable","15":"shipping-taxable","16":"purchasable","17":"product-type-simple"},"yoast_head":"<!-- This site is optimized with the Yoast SEO plugin v27.2 - https:\/\/yoast.com\/product\/yoast-seo-wordpress\/ -->\n<title>FINVAL 475 Evo DC JS - Katso kaikki veneet<\/title>\n<meta name=\"description\" content=\"Boat Service Estonia on FINVAL-veneiden virallinen maahantuoja Virossa. Kokoonpannamme teille veneen haluamallanne per\u00e4moottor\u00edlla, per\u00e4vaunulla ja elektroniikalla. Takaamme valmistajan takuun sek\u00e4 ammattitaitoisen j\u00e4lkihuollon.\" \/>\n<meta name=\"robots\" content=\"index, follow, max-snippet:-1, max-image-preview:large, max-video-preview:-1\" \/>\n<link rel=\"canonical\" href=\"https:\/\/boat-service.ee\/fi\/pood\/veneet\/finval-fi\/evo-fi\/finval-475-evo-dc-js\/\" \/>\n<meta property=\"og:locale\" content=\"fi_FI\" \/>\n<meta property=\"og:type\" content=\"article\" \/>\n<meta property=\"og:title\" content=\"FINVAL 475 Evo DC JS - Katso kaikki veneet\" \/>\n<meta property=\"og:description\" content=\"Boat Service Estonia on FINVAL-veneiden virallinen maahantuoja Virossa. Kokoonpannamme teille veneen haluamallanne per\u00e4moottor\u00edlla, per\u00e4vaunulla ja elektroniikalla. Takaamme valmistajan takuun sek\u00e4 ammattitaitoisen j\u00e4lkihuollon.\" \/>\n<meta property=\"og:url\" content=\"https:\/\/boat-service.ee\/fi\/pood\/veneet\/finval-fi\/evo-fi\/finval-475-evo-dc-js\/\" \/>\n<meta property=\"og:site_name\" content=\"Boat Service Estonia\" \/>\n<meta property=\"article:publisher\" content=\"https:\/\/www.facebook.com\/boatserviceestonia\" \/>\n<meta property=\"article:modified_time\" content=\"2025-11-26T13:02:52+00:00\" \/>\n<meta property=\"og:image\" content=\"https:\/\/boat-service.ee\/wp-content\/uploads\/2023\/09\/FINVAL_EVO_DC_475_Main.jpg\" \/>\n\t<meta property=\"og:image:width\" content=\"801\" \/>\n\t<meta property=\"og:image:height\" content=\"801\" \/>\n\t<meta property=\"og:image:type\" content=\"image\/jpeg\" \/>\n<meta name=\"twitter:card\" content=\"summary_large_image\" \/>\n<meta name=\"twitter:label1\" content=\"Arvioitu lukuaika\" \/>\n\t<meta name=\"twitter:data1\" content=\"1 minuutti\" \/>\n<script type=\"application\/ld+json\" class=\"yoast-schema-graph\">{\"@context\":\"https:\/\/schema.org\",\"@graph\":[{\"@type\":\"WebPage\",\"@id\":\"https:\/\/boat-service.ee\/fi\/pood\/veneet\/finval-fi\/evo-fi\/finval-475-evo-dc-js\/\",\"url\":\"https:\/\/boat-service.ee\/fi\/pood\/veneet\/finval-fi\/evo-fi\/finval-475-evo-dc-js\/\",\"name\":\"FINVAL 475 Evo DC JS - Katso kaikki veneet\",\"isPartOf\":{\"@id\":\"https:\/\/boat-service.ee\/fi\/#website\"},\"primaryImageOfPage\":{\"@id\":\"https:\/\/boat-service.ee\/fi\/pood\/veneet\/finval-fi\/evo-fi\/finval-475-evo-dc-js\/#primaryimage\"},\"image\":{\"@id\":\"https:\/\/boat-service.ee\/fi\/pood\/veneet\/finval-fi\/evo-fi\/finval-475-evo-dc-js\/#primaryimage\"},\"thumbnailUrl\":\"https:\/\/boat-service.ee\/wp-content\/uploads\/2023\/09\/FINVAL_EVO_DC_475_Main.jpg\",\"datePublished\":\"2023-09-08T08:52:49+00:00\",\"dateModified\":\"2025-11-26T13:02:52+00:00\",\"description\":\"Boat Service Estonia on FINVAL-veneiden virallinen maahantuoja Virossa. Kokoonpannamme teille veneen haluamallanne per\u00e4moottor\u00edlla, per\u00e4vaunulla ja elektroniikalla. Takaamme valmistajan takuun sek\u00e4 ammattitaitoisen j\u00e4lkihuollon.\",\"breadcrumb\":{\"@id\":\"https:\/\/boat-service.ee\/fi\/pood\/veneet\/finval-fi\/evo-fi\/finval-475-evo-dc-js\/#breadcrumb\"},\"inLanguage\":\"fi\",\"potentialAction\":[{\"@type\":\"ReadAction\",\"target\":[\"https:\/\/boat-service.ee\/fi\/pood\/veneet\/finval-fi\/evo-fi\/finval-475-evo-dc-js\/\"]}]},{\"@type\":\"ImageObject\",\"inLanguage\":\"fi\",\"@id\":\"https:\/\/boat-service.ee\/fi\/pood\/veneet\/finval-fi\/evo-fi\/finval-475-evo-dc-js\/#primaryimage\",\"url\":\"https:\/\/boat-service.ee\/wp-content\/uploads\/2023\/09\/FINVAL_EVO_DC_475_Main.jpg\",\"contentUrl\":\"https:\/\/boat-service.ee\/wp-content\/uploads\/2023\/09\/FINVAL_EVO_DC_475_Main.jpg\",\"width\":801,\"height\":801},{\"@type\":\"BreadcrumbList\",\"@id\":\"https:\/\/boat-service.ee\/fi\/pood\/veneet\/finval-fi\/evo-fi\/finval-475-evo-dc-js\/#breadcrumb\",\"itemListElement\":[{\"@type\":\"ListItem\",\"position\":1,\"name\":\"Home\",\"item\":\"https:\/\/boat-service.ee\/fi\/\"},{\"@type\":\"ListItem\",\"position\":2,\"name\":\"Pood\",\"item\":\"https:\/\/boat-service.ee\/en\/shop\/\"},{\"@type\":\"ListItem\",\"position\":3,\"name\":\"FINVAL 475 Evo DC JS\"}]},{\"@type\":\"WebSite\",\"@id\":\"https:\/\/boat-service.ee\/fi\/#website\",\"url\":\"https:\/\/boat-service.ee\/fi\/\",\"name\":\"Boat Service Estonia\",\"description\":\"Boat Service Estonia - Mootorpaadid, treilerid, mootorid\",\"publisher\":{\"@id\":\"https:\/\/boat-service.ee\/fi\/#organization\"},\"potentialAction\":[{\"@type\":\"SearchAction\",\"target\":{\"@type\":\"EntryPoint\",\"urlTemplate\":\"https:\/\/boat-service.ee\/fi\/?s={search_term_string}\"},\"query-input\":{\"@type\":\"PropertyValueSpecification\",\"valueRequired\":true,\"valueName\":\"search_term_string\"}}],\"inLanguage\":\"fi\"},{\"@type\":\"Organization\",\"@id\":\"https:\/\/boat-service.ee\/fi\/#organization\",\"name\":\"KALASTUSPOOD O\u00dc\",\"url\":\"https:\/\/boat-service.ee\/fi\/\",\"logo\":{\"@type\":\"ImageObject\",\"inLanguage\":\"fi\",\"@id\":\"https:\/\/boat-service.ee\/fi\/#\/schema\/logo\/image\/\",\"url\":\"https:\/\/boat-service.ee\/wp-content\/uploads\/2023\/05\/impLogo.png\",\"contentUrl\":\"https:\/\/boat-service.ee\/wp-content\/uploads\/2023\/05\/impLogo.png\",\"width\":270,\"height\":107,\"caption\":\"KALASTUSPOOD O\u00dc\"},\"image\":{\"@id\":\"https:\/\/boat-service.ee\/fi\/#\/schema\/logo\/image\/\"},\"sameAs\":[\"https:\/\/www.facebook.com\/boatserviceestonia\",\"https:\/\/www.instagram.com\/kalastus_ja_paadipood\/\"]}]}<\/script>\n<!-- \/ Yoast SEO plugin. -->","yoast_head_json":{"title":"FINVAL 475 Evo DC JS - Katso kaikki veneet","description":"Boat Service Estonia on FINVAL-veneiden virallinen maahantuoja Virossa. Kokoonpannamme teille veneen haluamallanne per\u00e4moottor\u00edlla, per\u00e4vaunulla ja elektroniikalla. Takaamme valmistajan takuun sek\u00e4 ammattitaitoisen j\u00e4lkihuollon.","robots":{"index":"index","follow":"follow","max-snippet":"max-snippet:-1","max-image-preview":"max-image-preview:large","max-video-preview":"max-video-preview:-1"},"canonical":"https:\/\/boat-service.ee\/fi\/pood\/veneet\/finval-fi\/evo-fi\/finval-475-evo-dc-js\/","og_locale":"fi_FI","og_type":"article","og_title":"FINVAL 475 Evo DC JS - Katso kaikki veneet","og_description":"Boat Service Estonia on FINVAL-veneiden virallinen maahantuoja Virossa. Kokoonpannamme teille veneen haluamallanne per\u00e4moottor\u00edlla, per\u00e4vaunulla ja elektroniikalla. Takaamme valmistajan takuun sek\u00e4 ammattitaitoisen j\u00e4lkihuollon.","og_url":"https:\/\/boat-service.ee\/fi\/pood\/veneet\/finval-fi\/evo-fi\/finval-475-evo-dc-js\/","og_site_name":"Boat Service Estonia","article_publisher":"https:\/\/www.facebook.com\/boatserviceestonia","article_modified_time":"2025-11-26T13:02:52+00:00","og_image":[{"width":801,"height":801,"url":"https:\/\/boat-service.ee\/wp-content\/uploads\/2023\/09\/FINVAL_EVO_DC_475_Main.jpg","type":"image\/jpeg"}],"twitter_card":"summary_large_image","twitter_misc":{"Arvioitu lukuaika":"1 minuutti"},"schema":{"@context":"https:\/\/schema.org","@graph":[{"@type":"WebPage","@id":"https:\/\/boat-service.ee\/fi\/pood\/veneet\/finval-fi\/evo-fi\/finval-475-evo-dc-js\/","url":"https:\/\/boat-service.ee\/fi\/pood\/veneet\/finval-fi\/evo-fi\/finval-475-evo-dc-js\/","name":"FINVAL 475 Evo DC JS - Katso kaikki veneet","isPartOf":{"@id":"https:\/\/boat-service.ee\/fi\/#website"},"primaryImageOfPage":{"@id":"https:\/\/boat-service.ee\/fi\/pood\/veneet\/finval-fi\/evo-fi\/finval-475-evo-dc-js\/#primaryimage"},"image":{"@id":"https:\/\/boat-service.ee\/fi\/pood\/veneet\/finval-fi\/evo-fi\/finval-475-evo-dc-js\/#primaryimage"},"thumbnailUrl":"https:\/\/boat-service.ee\/wp-content\/uploads\/2023\/09\/FINVAL_EVO_DC_475_Main.jpg","datePublished":"2023-09-08T08:52:49+00:00","dateModified":"2025-11-26T13:02:52+00:00","description":"Boat Service Estonia on FINVAL-veneiden virallinen maahantuoja Virossa. Kokoonpannamme teille veneen haluamallanne per\u00e4moottor\u00edlla, per\u00e4vaunulla ja elektroniikalla. Takaamme valmistajan takuun sek\u00e4 ammattitaitoisen j\u00e4lkihuollon.","breadcrumb":{"@id":"https:\/\/boat-service.ee\/fi\/pood\/veneet\/finval-fi\/evo-fi\/finval-475-evo-dc-js\/#breadcrumb"},"inLanguage":"fi","potentialAction":[{"@type":"ReadAction","target":["https:\/\/boat-service.ee\/fi\/pood\/veneet\/finval-fi\/evo-fi\/finval-475-evo-dc-js\/"]}]},{"@type":"ImageObject","inLanguage":"fi","@id":"https:\/\/boat-service.ee\/fi\/pood\/veneet\/finval-fi\/evo-fi\/finval-475-evo-dc-js\/#primaryimage","url":"https:\/\/boat-service.ee\/wp-content\/uploads\/2023\/09\/FINVAL_EVO_DC_475_Main.jpg","contentUrl":"https:\/\/boat-service.ee\/wp-content\/uploads\/2023\/09\/FINVAL_EVO_DC_475_Main.jpg","width":801,"height":801},{"@type":"BreadcrumbList","@id":"https:\/\/boat-service.ee\/fi\/pood\/veneet\/finval-fi\/evo-fi\/finval-475-evo-dc-js\/#breadcrumb","itemListElement":[{"@type":"ListItem","position":1,"name":"Home","item":"https:\/\/boat-service.ee\/fi\/"},{"@type":"ListItem","position":2,"name":"Pood","item":"https:\/\/boat-service.ee\/en\/shop\/"},{"@type":"ListItem","position":3,"name":"FINVAL 475 Evo DC JS"}]},{"@type":"WebSite","@id":"https:\/\/boat-service.ee\/fi\/#website","url":"https:\/\/boat-service.ee\/fi\/","name":"Boat Service Estonia","description":"Boat Service Estonia - Mootorpaadid, treilerid, mootorid","publisher":{"@id":"https:\/\/boat-service.ee\/fi\/#organization"},"potentialAction":[{"@type":"SearchAction","target":{"@type":"EntryPoint","urlTemplate":"https:\/\/boat-service.ee\/fi\/?s={search_term_string}"},"query-input":{"@type":"PropertyValueSpecification","valueRequired":true,"valueName":"search_term_string"}}],"inLanguage":"fi"},{"@type":"Organization","@id":"https:\/\/boat-service.ee\/fi\/#organization","name":"KALASTUSPOOD O\u00dc","url":"https:\/\/boat-service.ee\/fi\/","logo":{"@type":"ImageObject","inLanguage":"fi","@id":"https:\/\/boat-service.ee\/fi\/#\/schema\/logo\/image\/","url":"https:\/\/boat-service.ee\/wp-content\/uploads\/2023\/05\/impLogo.png","contentUrl":"https:\/\/boat-service.ee\/wp-content\/uploads\/2023\/05\/impLogo.png","width":270,"height":107,"caption":"KALASTUSPOOD O\u00dc"},"image":{"@id":"https:\/\/boat-service.ee\/fi\/#\/schema\/logo\/image\/"},"sameAs":["https:\/\/www.facebook.com\/boatserviceestonia","https:\/\/www.instagram.com\/kalastus_ja_paadipood\/"]}]}},"_links":{"self":[{"href":"https:\/\/boat-service.ee\/fi\/wp-json\/wp\/v2\/product\/102370","targetHints":{"allow":["GET"]}}],"collection":[{"href":"https:\/\/boat-service.ee\/fi\/wp-json\/wp\/v2\/product"}],"about":[{"href":"https:\/\/boat-service.ee\/fi\/wp-json\/wp\/v2\/types\/product"}],"wp:featuredmedia":[{"embeddable":true,"href":"https:\/\/boat-service.ee\/fi\/wp-json\/wp\/v2\/media\/102420"}],"wp:attachment":[{"href":"https:\/\/boat-service.ee\/fi\/wp-json\/wp\/v2\/media?parent=102370"}],"wp:term":[{"taxonomy":"product_brand","embeddable":true,"href":"https:\/\/boat-service.ee\/fi\/wp-json\/wp\/v2\/product_brand?post=102370"},{"taxonomy":"product_cat","embeddable":true,"href":"https:\/\/boat-service.ee\/fi\/wp-json\/wp\/v2\/product_cat?post=102370"},{"taxonomy":"product_tag","embeddable":true,"href":"https:\/\/boat-service.ee\/fi\/wp-json\/wp\/v2\/product_tag?post=102370"}],"curies":[{"name":"wp","href":"https:\/\/api.w.org\/{rel}","templated":true}]}}