{"id":102284,"date":"2023-09-08T10:55:35","date_gmt":"2023-09-08T08:55:35","guid":{"rendered":"https:\/\/boat-service.ee\/pood\/Ei-luokiteltu\/finval-475-evo-sc-js\/"},"modified":"2026-04-13T10:43:13","modified_gmt":"2026-04-13T08:43:13","slug":"finval-475-evo-sc-js","status":"publish","type":"product","link":"https:\/\/boat-service.ee\/fi\/pood\/veneet\/finval-fi\/evo-fi\/finval-475-evo-sc-js\/","title":{"rendered":"FINVAL 475 EVO SC JS"},"content":{"rendered":"<p data-path-to-node=\"2\"><b data-path-to-node=\"2\" data-index-in-node=\"0\">Finval 475 Evo SC<\/b> perustuu suosittuun kaksoiskonsolimalliin, joka on ollut myyntimenestys Euroopassa jo useiden vuosien ajan. Sen leve\u00e4 takakansi ja tilava avotila tarjoavat mukavuutta isommillekin kalastusryhmille. Kuljettajan konsoli on sek\u00e4 k\u00e4yt\u00e4nn\u00f6llinen ett\u00e4 tyylik\u00e4s, ja se on viimeistelty anodisoiduilla alumiiniyksityiskohdilla. Mahdollisuus asentaa kaksi 12-tuumaista karttaplotteria on ominaisuus, jota vaativimmatkin kalastajat arvostavat. Matkustajan istuimen vieress\u00e4 on tilava hansikaslokero, joka sopii erinomaisesti arvotavaroiden s\u00e4ilytykseen. Siin\u00e4 on erillinen osasto USB-liit\u00e4nn\u00e4ll\u00e4 elektroniikan lataamista varten. Vene on erinomaisesti varusteltu kalastukseen ja t\u00e4ytt\u00e4\u00e4 niin aloittelijoiden kuin kokeneidenkin harrastajien tarpeet.<\/p>\n<p><strong>VAKIOVARUSTEET<\/strong><\/p>\n<p>T\u00e4ysin hitsattu alumiinirunko AlMg4,5Mn (5083). Materiaalin paksuus: 3mm<br \/>\nRaptor\u00ae kulutusta kest\u00e4v\u00e4 pinnoite laidalla<br \/>\nKapteenin pulpetti tuulilasiilla<br \/>\nS\u00e4hk\u00f6laitteiden kytkent\u00e4paneeli<br \/>\nKeulakansi ja ohjaam\u043e p\u00e4\u00e4llystetty merivinyylill\u00e4<br \/>\nSis\u00e4sivut ja takaheittotaso aukiharjattua mattoa<br \/>\nSis\u00e4\u00e4nrakennettu polttoainetankki 53L<br \/>\nVapalaatikko oikealla sivulla kahdelle 2.45m ja 2.9m<br \/>\nVapalaatikko vasemmalla sivulla kahdelle 2.45m ja 2.9m<br \/>\nKalasumppu 65L<br \/>\nPremium-kapteenin penkki irrotettavalla istuinjalustalla<br \/>\nPremium-matkustajan penkki irrotettavalla istuinjalustalla<br \/>\nUSB 5V2A<br \/>\n12V pistoke<br \/>\nIrrotettavat LED navigointivalot<br \/>\n4 x RST knaapit<br \/>\nKuivat s\u00e4ilytystilat<br \/>\nAutomaattinen pilssipumppu<br \/>\nUltraflex T73 NRFC ohjausj\u00e4rjestelm\u00e4, ohjauspy\u00f6r\u00e4, ohjauskaapeli<\/p>\n","protected":false},"excerpt":{"rendered":"<p><strong>TEKNISET TIEDOT<\/strong><\/p>\n<table>\n<tbody>\n<tr>\n<td>Pituus, m<\/td>\n<td>4,72<\/td>\n<\/tr>\n<tr>\n<td>Leveys, m<\/td>\n<td>2,12<\/td>\n<\/tr>\n<tr>\n<td>Per\u00e4peilin korkeus, mm<\/td>\n<td>508<\/td>\n<\/tr>\n<tr>\n<td>Syv\u00e4ys, mm<\/td>\n<td>330<\/td>\n<\/tr>\n<tr>\n<td>Per\u00e4peilin kulma<\/td>\n<td>13\u00b0<\/td>\n<\/tr>\n<tr>\n<td>Paino, kg<\/td>\n<td>510<\/td>\n<\/tr>\n<tr>\n<td>Maksimi kantavuus, kg<\/td>\n<td>600<\/td>\n<\/tr>\n<tr>\n<td>Rungon materiaali<\/td>\n<td>AlMg 4,5 Mn (5083)<\/td>\n<\/tr>\n<tr>\n<td>Rungon paksuus, mm<\/td>\n<td>3<\/td>\n<\/tr>\n<tr>\n<td>Moottori, hv<\/td>\n<td>60-100<\/td>\n<\/tr>\n<tr>\n<td>Maksimi henkil\u00f6m\u00e4\u00e4r\u00e4<\/td>\n<td>4<\/td>\n<\/tr>\n<tr>\n<td>Polttoaines\u00e4ili\u00f6, l<\/td>\n<td>53<\/td>\n<\/tr>\n<\/tbody>\n<\/table>\n","protected":false},"featured_media":102369,"template":"","meta":[],"product_brand":[3721],"product_cat":[3427,3579,3581],"product_tag":[],"class_list":{"0":"post-102284","1":"product","2":"type-product","3":"status-publish","4":"has-post-thumbnail","6":"product_brand-finval","7":"product_cat-veneet","8":"product_cat-finval-fi","9":"product_cat-evo-fi","10":"product_shipping_class-alumiinium-ja-plastikpaadid-normaal","11":"tm-has-options","13":"first","14":"instock","15":"taxable","16":"shipping-taxable","17":"purchasable","18":"product-type-simple"},"yoast_head":"<!-- This site is optimized with the Yoast SEO plugin v27.2 - https:\/\/yoast.com\/product\/yoast-seo-wordpress\/ -->\n<title>FINVAL 475 Evo SC JS - Katso kaikki veneet<\/title>\n<meta name=\"description\" content=\"Finval 475 - T\u00e4ysin hitsattu AlMg4,5Mn (5083) merialumiinista. Materiaalin paksuus: 3mm Raptor\u00ae kulutusta kest\u00e4v\u00e4 ja luistamaton laidanviimeistely, konsoleissa ja per\u00e1peiliss\u00e4.\" \/>\n<meta name=\"robots\" content=\"index, follow, max-snippet:-1, max-image-preview:large, max-video-preview:-1\" \/>\n<link rel=\"canonical\" href=\"https:\/\/boat-service.ee\/fi\/pood\/veneet\/finval-fi\/evo-fi\/finval-475-evo-sc-js\/\" \/>\n<meta property=\"og:locale\" content=\"fi_FI\" \/>\n<meta property=\"og:type\" content=\"article\" \/>\n<meta property=\"og:title\" content=\"FINVAL 475 Evo SC JS - Katso kaikki veneet\" \/>\n<meta property=\"og:description\" content=\"Finval 475 - T\u00e4ysin hitsattu AlMg4,5Mn (5083) merialumiinista. Materiaalin paksuus: 3mm Raptor\u00ae kulutusta kest\u00e4v\u00e4 ja luistamaton laidanviimeistely, konsoleissa ja per\u00e1peiliss\u00e4.\" \/>\n<meta property=\"og:url\" content=\"https:\/\/boat-service.ee\/fi\/pood\/veneet\/finval-fi\/evo-fi\/finval-475-evo-sc-js\/\" \/>\n<meta property=\"og:site_name\" content=\"Boat Service Estonia\" \/>\n<meta property=\"article:publisher\" content=\"https:\/\/www.facebook.com\/boatserviceestonia\" \/>\n<meta property=\"article:modified_time\" content=\"2026-04-13T08:43:13+00:00\" \/>\n<meta property=\"og:image\" content=\"https:\/\/boat-service.ee\/wp-content\/uploads\/2023\/09\/FINVAL_EVO_SC_475_Main.jpg\" \/>\n\t<meta property=\"og:image:width\" content=\"800\" \/>\n\t<meta property=\"og:image:height\" content=\"800\" \/>\n\t<meta property=\"og:image:type\" content=\"image\/jpeg\" \/>\n<meta name=\"twitter:card\" content=\"summary_large_image\" \/>\n<meta name=\"twitter:label1\" content=\"Arvioitu lukuaika\" \/>\n\t<meta name=\"twitter:data1\" content=\"2 minuuttia\" \/>\n<script type=\"application\/ld+json\" class=\"yoast-schema-graph\">{\"@context\":\"https:\/\/schema.org\",\"@graph\":[{\"@type\":\"WebPage\",\"@id\":\"https:\/\/boat-service.ee\/fi\/pood\/veneet\/finval-fi\/evo-fi\/finval-475-evo-sc-js\/\",\"url\":\"https:\/\/boat-service.ee\/fi\/pood\/veneet\/finval-fi\/evo-fi\/finval-475-evo-sc-js\/\",\"name\":\"FINVAL 475 Evo SC JS - Katso kaikki veneet\",\"isPartOf\":{\"@id\":\"https:\/\/boat-service.ee\/fi\/#website\"},\"primaryImageOfPage\":{\"@id\":\"https:\/\/boat-service.ee\/fi\/pood\/veneet\/finval-fi\/evo-fi\/finval-475-evo-sc-js\/#primaryimage\"},\"image\":{\"@id\":\"https:\/\/boat-service.ee\/fi\/pood\/veneet\/finval-fi\/evo-fi\/finval-475-evo-sc-js\/#primaryimage\"},\"thumbnailUrl\":\"https:\/\/boat-service.ee\/wp-content\/uploads\/2023\/09\/FINVAL_EVO_SC_475_Main.jpg\",\"datePublished\":\"2023-09-08T08:55:35+00:00\",\"dateModified\":\"2026-04-13T08:43:13+00:00\",\"description\":\"Finval 475 - T\u00e4ysin hitsattu AlMg4,5Mn (5083) merialumiinista. Materiaalin paksuus: 3mm Raptor\u00ae kulutusta kest\u00e4v\u00e4 ja luistamaton laidanviimeistely, konsoleissa ja per\u00e1peiliss\u00e4.\",\"breadcrumb\":{\"@id\":\"https:\/\/boat-service.ee\/fi\/pood\/veneet\/finval-fi\/evo-fi\/finval-475-evo-sc-js\/#breadcrumb\"},\"inLanguage\":\"fi\",\"potentialAction\":[{\"@type\":\"ReadAction\",\"target\":[\"https:\/\/boat-service.ee\/fi\/pood\/veneet\/finval-fi\/evo-fi\/finval-475-evo-sc-js\/\"]}]},{\"@type\":\"ImageObject\",\"inLanguage\":\"fi\",\"@id\":\"https:\/\/boat-service.ee\/fi\/pood\/veneet\/finval-fi\/evo-fi\/finval-475-evo-sc-js\/#primaryimage\",\"url\":\"https:\/\/boat-service.ee\/wp-content\/uploads\/2023\/09\/FINVAL_EVO_SC_475_Main.jpg\",\"contentUrl\":\"https:\/\/boat-service.ee\/wp-content\/uploads\/2023\/09\/FINVAL_EVO_SC_475_Main.jpg\",\"width\":800,\"height\":800},{\"@type\":\"BreadcrumbList\",\"@id\":\"https:\/\/boat-service.ee\/fi\/pood\/veneet\/finval-fi\/evo-fi\/finval-475-evo-sc-js\/#breadcrumb\",\"itemListElement\":[{\"@type\":\"ListItem\",\"position\":1,\"name\":\"Home\",\"item\":\"https:\/\/boat-service.ee\/fi\/\"},{\"@type\":\"ListItem\",\"position\":2,\"name\":\"Pood\",\"item\":\"https:\/\/boat-service.ee\/en\/shop\/\"},{\"@type\":\"ListItem\",\"position\":3,\"name\":\"FINVAL 475 EVO SC JS\"}]},{\"@type\":\"WebSite\",\"@id\":\"https:\/\/boat-service.ee\/fi\/#website\",\"url\":\"https:\/\/boat-service.ee\/fi\/\",\"name\":\"Boat Service Estonia\",\"description\":\"Boat Service Estonia - Mootorpaadid, treilerid, mootorid\",\"publisher\":{\"@id\":\"https:\/\/boat-service.ee\/fi\/#organization\"},\"potentialAction\":[{\"@type\":\"SearchAction\",\"target\":{\"@type\":\"EntryPoint\",\"urlTemplate\":\"https:\/\/boat-service.ee\/fi\/?s={search_term_string}\"},\"query-input\":{\"@type\":\"PropertyValueSpecification\",\"valueRequired\":true,\"valueName\":\"search_term_string\"}}],\"inLanguage\":\"fi\"},{\"@type\":\"Organization\",\"@id\":\"https:\/\/boat-service.ee\/fi\/#organization\",\"name\":\"KALASTUSPOOD O\u00dc\",\"url\":\"https:\/\/boat-service.ee\/fi\/\",\"logo\":{\"@type\":\"ImageObject\",\"inLanguage\":\"fi\",\"@id\":\"https:\/\/boat-service.ee\/fi\/#\/schema\/logo\/image\/\",\"url\":\"https:\/\/boat-service.ee\/wp-content\/uploads\/2023\/05\/impLogo.png\",\"contentUrl\":\"https:\/\/boat-service.ee\/wp-content\/uploads\/2023\/05\/impLogo.png\",\"width\":270,\"height\":107,\"caption\":\"KALASTUSPOOD O\u00dc\"},\"image\":{\"@id\":\"https:\/\/boat-service.ee\/fi\/#\/schema\/logo\/image\/\"},\"sameAs\":[\"https:\/\/www.facebook.com\/boatserviceestonia\",\"https:\/\/www.instagram.com\/kalastus_ja_paadipood\/\"]}]}<\/script>\n<!-- \/ Yoast SEO plugin. -->","yoast_head_json":{"title":"FINVAL 475 Evo SC JS - Katso kaikki veneet","description":"Finval 475 - T\u00e4ysin hitsattu AlMg4,5Mn (5083) merialumiinista. Materiaalin paksuus: 3mm Raptor\u00ae kulutusta kest\u00e4v\u00e4 ja luistamaton laidanviimeistely, konsoleissa ja per\u00e1peiliss\u00e4.","robots":{"index":"index","follow":"follow","max-snippet":"max-snippet:-1","max-image-preview":"max-image-preview:large","max-video-preview":"max-video-preview:-1"},"canonical":"https:\/\/boat-service.ee\/fi\/pood\/veneet\/finval-fi\/evo-fi\/finval-475-evo-sc-js\/","og_locale":"fi_FI","og_type":"article","og_title":"FINVAL 475 Evo SC JS - Katso kaikki veneet","og_description":"Finval 475 - T\u00e4ysin hitsattu AlMg4,5Mn (5083) merialumiinista. Materiaalin paksuus: 3mm Raptor\u00ae kulutusta kest\u00e4v\u00e4 ja luistamaton laidanviimeistely, konsoleissa ja per\u00e1peiliss\u00e4.","og_url":"https:\/\/boat-service.ee\/fi\/pood\/veneet\/finval-fi\/evo-fi\/finval-475-evo-sc-js\/","og_site_name":"Boat Service Estonia","article_publisher":"https:\/\/www.facebook.com\/boatserviceestonia","article_modified_time":"2026-04-13T08:43:13+00:00","og_image":[{"width":800,"height":800,"url":"https:\/\/boat-service.ee\/wp-content\/uploads\/2023\/09\/FINVAL_EVO_SC_475_Main.jpg","type":"image\/jpeg"}],"twitter_card":"summary_large_image","twitter_misc":{"Arvioitu lukuaika":"2 minuuttia"},"schema":{"@context":"https:\/\/schema.org","@graph":[{"@type":"WebPage","@id":"https:\/\/boat-service.ee\/fi\/pood\/veneet\/finval-fi\/evo-fi\/finval-475-evo-sc-js\/","url":"https:\/\/boat-service.ee\/fi\/pood\/veneet\/finval-fi\/evo-fi\/finval-475-evo-sc-js\/","name":"FINVAL 475 Evo SC JS - Katso kaikki veneet","isPartOf":{"@id":"https:\/\/boat-service.ee\/fi\/#website"},"primaryImageOfPage":{"@id":"https:\/\/boat-service.ee\/fi\/pood\/veneet\/finval-fi\/evo-fi\/finval-475-evo-sc-js\/#primaryimage"},"image":{"@id":"https:\/\/boat-service.ee\/fi\/pood\/veneet\/finval-fi\/evo-fi\/finval-475-evo-sc-js\/#primaryimage"},"thumbnailUrl":"https:\/\/boat-service.ee\/wp-content\/uploads\/2023\/09\/FINVAL_EVO_SC_475_Main.jpg","datePublished":"2023-09-08T08:55:35+00:00","dateModified":"2026-04-13T08:43:13+00:00","description":"Finval 475 - T\u00e4ysin hitsattu AlMg4,5Mn (5083) merialumiinista. Materiaalin paksuus: 3mm Raptor\u00ae kulutusta kest\u00e4v\u00e4 ja luistamaton laidanviimeistely, konsoleissa ja per\u00e1peiliss\u00e4.","breadcrumb":{"@id":"https:\/\/boat-service.ee\/fi\/pood\/veneet\/finval-fi\/evo-fi\/finval-475-evo-sc-js\/#breadcrumb"},"inLanguage":"fi","potentialAction":[{"@type":"ReadAction","target":["https:\/\/boat-service.ee\/fi\/pood\/veneet\/finval-fi\/evo-fi\/finval-475-evo-sc-js\/"]}]},{"@type":"ImageObject","inLanguage":"fi","@id":"https:\/\/boat-service.ee\/fi\/pood\/veneet\/finval-fi\/evo-fi\/finval-475-evo-sc-js\/#primaryimage","url":"https:\/\/boat-service.ee\/wp-content\/uploads\/2023\/09\/FINVAL_EVO_SC_475_Main.jpg","contentUrl":"https:\/\/boat-service.ee\/wp-content\/uploads\/2023\/09\/FINVAL_EVO_SC_475_Main.jpg","width":800,"height":800},{"@type":"BreadcrumbList","@id":"https:\/\/boat-service.ee\/fi\/pood\/veneet\/finval-fi\/evo-fi\/finval-475-evo-sc-js\/#breadcrumb","itemListElement":[{"@type":"ListItem","position":1,"name":"Home","item":"https:\/\/boat-service.ee\/fi\/"},{"@type":"ListItem","position":2,"name":"Pood","item":"https:\/\/boat-service.ee\/en\/shop\/"},{"@type":"ListItem","position":3,"name":"FINVAL 475 EVO SC JS"}]},{"@type":"WebSite","@id":"https:\/\/boat-service.ee\/fi\/#website","url":"https:\/\/boat-service.ee\/fi\/","name":"Boat Service Estonia","description":"Boat Service Estonia - Mootorpaadid, treilerid, mootorid","publisher":{"@id":"https:\/\/boat-service.ee\/fi\/#organization"},"potentialAction":[{"@type":"SearchAction","target":{"@type":"EntryPoint","urlTemplate":"https:\/\/boat-service.ee\/fi\/?s={search_term_string}"},"query-input":{"@type":"PropertyValueSpecification","valueRequired":true,"valueName":"search_term_string"}}],"inLanguage":"fi"},{"@type":"Organization","@id":"https:\/\/boat-service.ee\/fi\/#organization","name":"KALASTUSPOOD O\u00dc","url":"https:\/\/boat-service.ee\/fi\/","logo":{"@type":"ImageObject","inLanguage":"fi","@id":"https:\/\/boat-service.ee\/fi\/#\/schema\/logo\/image\/","url":"https:\/\/boat-service.ee\/wp-content\/uploads\/2023\/05\/impLogo.png","contentUrl":"https:\/\/boat-service.ee\/wp-content\/uploads\/2023\/05\/impLogo.png","width":270,"height":107,"caption":"KALASTUSPOOD O\u00dc"},"image":{"@id":"https:\/\/boat-service.ee\/fi\/#\/schema\/logo\/image\/"},"sameAs":["https:\/\/www.facebook.com\/boatserviceestonia","https:\/\/www.instagram.com\/kalastus_ja_paadipood\/"]}]}},"_links":{"self":[{"href":"https:\/\/boat-service.ee\/fi\/wp-json\/wp\/v2\/product\/102284","targetHints":{"allow":["GET"]}}],"collection":[{"href":"https:\/\/boat-service.ee\/fi\/wp-json\/wp\/v2\/product"}],"about":[{"href":"https:\/\/boat-service.ee\/fi\/wp-json\/wp\/v2\/types\/product"}],"wp:featuredmedia":[{"embeddable":true,"href":"https:\/\/boat-service.ee\/fi\/wp-json\/wp\/v2\/media\/102369"}],"wp:attachment":[{"href":"https:\/\/boat-service.ee\/fi\/wp-json\/wp\/v2\/media?parent=102284"}],"wp:term":[{"taxonomy":"product_brand","embeddable":true,"href":"https:\/\/boat-service.ee\/fi\/wp-json\/wp\/v2\/product_brand?post=102284"},{"taxonomy":"product_cat","embeddable":true,"href":"https:\/\/boat-service.ee\/fi\/wp-json\/wp\/v2\/product_cat?post=102284"},{"taxonomy":"product_tag","embeddable":true,"href":"https:\/\/boat-service.ee\/fi\/wp-json\/wp\/v2\/product_tag?post=102284"}],"curies":[{"name":"wp","href":"https:\/\/api.w.org\/{rel}","templated":true}]}}