{"id":102240,"date":"2023-09-08T12:12:02","date_gmt":"2023-09-08T10:12:02","guid":{"rendered":"https:\/\/boat-service.ee\/pood\/Ei-luokiteltu\/finval-555-fishpro-dc\/"},"modified":"2026-04-13T10:43:13","modified_gmt":"2026-04-13T08:43:13","slug":"finval-555-fishpro-dc","status":"publish","type":"product","link":"https:\/\/boat-service.ee\/fi\/pood\/veneet\/finval-fi\/fishpro\/finval-555-fishpro-dc\/","title":{"rendered":"FINVAL 555 FishPro DC"},"content":{"rendered":"<p data-path-to-node=\"0\">Finval 555 FishPro on luokkansa ehdoton huippumalli, joka erottuu kilpailijoistaan huolella loppuun asti mietityill\u00e4 yksityiskohdillaan. T\u00e4m\u00e4 vene on suunniteltu vastaamaan vaativimpienkin k\u00e4ytt\u00e4jien tarpeisiin tinkim\u00e4tt\u00f6m\u00e4sti. Sen mukava ja tilava ohjaamo tarjoaa istumapaikat kuudelle matkustajalle, ja k\u00e4yt\u00e4nn\u00f6lliset sivuhyllyt vieheille sek\u00e4 keskiosan vapateline, johon mahtuu kuusi jopa 2,7 metrin pituista vapaa, tekev\u00e4t kalastuskokemuksesta vaivatonta. Keulakannen s\u00e4ilytystilat tarjoavat runsaasti paikkoja uistimille ja matkustajien varusteille, kun taas avarat keula- ja per\u00e4kannet takaavat esteett\u00f6m\u00e4n tilan kalastamiseen. Jos etsit venett\u00e4, jolla voit napata enn\u00e4tyskaloja haastavissakin olosuhteissa nauttien samalla poikkeuksellisesta ajettavuudesta ja mukavuudesta, Finval 555 FishPro on tehty juuri sinulle.<\/p>\n<p><strong>Vakiovarusteet<\/strong><\/p>\n<p class=\"remove-all-margins\">T\u00e4ysin hitsattu alumiinirunko AlMg4,5Mn (5083)<br \/>\nTeipatut kyljet (erilaisia \u200b\u200bv\u00e4rivaihtoehtoja)<br \/>\nRaptor\u00ae kulutusta kest\u00e4v\u00e4 pinnoite laidassa<br \/>\nKaksi pulpettia, joissa on kulkuovi keskell\u00e4<br \/>\nEtuheittotaso ja kokpitin lattia p\u00e4\u00e4llystetty merivinyylill\u00e4<br \/>\nTakaheittotasossa aukiharjattua venematto<br \/>\nKiinte\u00e4 polttoaines\u00e4ili\u00f6<br \/>\nKiertovesisumppu<br \/>\nVapalaatikko 6 vavalle 2.70<br \/>\n2 x Ergoluxe penkki liukus\u00e4\u00e4d\u00f6ll\u00e4<br \/>\nEtu ja takakannella paikka kalastuspenkille<br \/>\n2x12V virranulostuloa kuljettajan ja matkustajan konsoleissa<br \/>\nLED-valaistus pulpetin hansikaslokerossa ja keulatasossa<br \/>\nLED-navigointivalot<br \/>\nAutomaattinen pilssipumppu<br \/>\nOhjauspy\u00f6r\u00e4<br \/>\nRST knaapit 6 kpl (yl\u00f6snostettava)<\/p>\n","protected":false},"excerpt":{"rendered":"<p><strong>TEKNISET TIEDOT<\/strong><\/p>\n<table>\n<tbody>\n<tr>\n<td>Pituus, m<\/td>\n<td>5.55<\/td>\n<\/tr>\n<tr>\n<td>Leveys, m<\/td>\n<td>2.30<\/td>\n<\/tr>\n<tr>\n<td>Per\u00e4peilin korkeus, mm<\/td>\n<td>635<\/td>\n<\/tr>\n<tr>\n<td>Syv\u00e4ys, mm<\/td>\n<td>390<\/td>\n<\/tr>\n<tr>\n<td>Pre\u00e4peilin kulma<\/td>\n<td>19\u00b0<\/td>\n<\/tr>\n<tr>\n<td>Rungon materiaali<\/td>\n<td>AlMg 4,5 Mn (5083)<\/td>\n<\/tr>\n<tr>\n<td>Rungon paksuus (pohja\/per\u00e4peili\/sivu), mm<\/td>\n<td>4\/4\/3<\/td>\n<\/tr>\n<tr>\n<td>Maksimi kantavuus, kg<\/td>\n<td>1000<\/td>\n<\/tr>\n<tr>\n<td>Paino, kg<\/td>\n<td>650<\/td>\n<\/tr>\n<tr>\n<td>Moottori, hv<\/td>\n<td>150-200<\/td>\n<\/tr>\n<tr>\n<td>Maksimi henkil\u00f6m\u00e4\u00e4r\u00e4<\/td>\n<td>6<\/td>\n<\/tr>\n<tr>\n<td>Polttoaines\u00e4ili\u00f6, l<\/td>\n<td>125<\/td>\n<\/tr>\n<tr>\n<td>Kalasumppu, l<\/td>\n<td>110<\/td>\n<\/tr>\n<\/tbody>\n<\/table>\n","protected":false},"featured_media":102283,"template":"","meta":[],"product_brand":[3721],"product_cat":[3427,3579,3582],"product_tag":[],"class_list":{"0":"post-102240","1":"product","2":"type-product","3":"status-publish","4":"has-post-thumbnail","6":"product_brand-finval","7":"product_cat-veneet","8":"product_cat-finval-fi","9":"product_cat-fishpro","10":"product_shipping_class-alumiinium-ja-plastikpaadid-normaal","11":"tm-has-options","13":"first","14":"instock","15":"taxable","16":"shipping-taxable","17":"purchasable","18":"product-type-simple"},"yoast_head":"<!-- This site is optimized with the Yoast SEO plugin v27.2 - https:\/\/yoast.com\/product\/yoast-seo-wordpress\/ -->\n<title>FINVAL 555 FishPro DC - Katso kaikki veneet<\/title>\n<meta name=\"description\" content=\"FINVAL 555 FishPro DC - T\u00e4ysin hitsattu AlMg4,5Mn (5083) merialumiinista. Materiaalin paksuus: 3-4mmRaptor\u00ae kulutusta kest\u00e4v\u00e4 ja luistamaton laidanviimeistely.\" \/>\n<meta name=\"robots\" content=\"index, follow, max-snippet:-1, max-image-preview:large, max-video-preview:-1\" \/>\n<link rel=\"canonical\" href=\"https:\/\/boat-service.ee\/fi\/pood\/veneet\/finval-fi\/fishpro\/finval-555-fishpro-dc\/\" \/>\n<meta property=\"og:locale\" content=\"fi_FI\" \/>\n<meta property=\"og:type\" content=\"article\" \/>\n<meta property=\"og:title\" content=\"FINVAL 555 FishPro DC - Katso kaikki veneet\" \/>\n<meta property=\"og:description\" content=\"FINVAL 555 FishPro DC - T\u00e4ysin hitsattu AlMg4,5Mn (5083) merialumiinista. Materiaalin paksuus: 3-4mmRaptor\u00ae kulutusta kest\u00e4v\u00e4 ja luistamaton laidanviimeistely.\" \/>\n<meta property=\"og:url\" content=\"https:\/\/boat-service.ee\/fi\/pood\/veneet\/finval-fi\/fishpro\/finval-555-fishpro-dc\/\" \/>\n<meta property=\"og:site_name\" content=\"Boat Service Estonia\" \/>\n<meta property=\"article:publisher\" content=\"https:\/\/www.facebook.com\/boatserviceestonia\" \/>\n<meta property=\"article:modified_time\" content=\"2026-04-13T08:43:13+00:00\" \/>\n<meta property=\"og:image\" content=\"https:\/\/boat-service.ee\/wp-content\/uploads\/2023\/09\/FINVAL_FISHPRO_555_Main.jpg\" \/>\n\t<meta property=\"og:image:width\" content=\"798\" \/>\n\t<meta property=\"og:image:height\" content=\"800\" \/>\n\t<meta property=\"og:image:type\" content=\"image\/jpeg\" \/>\n<meta name=\"twitter:card\" content=\"summary_large_image\" \/>\n<meta name=\"twitter:label1\" content=\"Arvioitu lukuaika\" \/>\n\t<meta name=\"twitter:data1\" content=\"2 minuuttia\" \/>\n<script type=\"application\/ld+json\" class=\"yoast-schema-graph\">{\"@context\":\"https:\/\/schema.org\",\"@graph\":[{\"@type\":\"WebPage\",\"@id\":\"https:\/\/boat-service.ee\/fi\/pood\/veneet\/finval-fi\/fishpro\/finval-555-fishpro-dc\/\",\"url\":\"https:\/\/boat-service.ee\/fi\/pood\/veneet\/finval-fi\/fishpro\/finval-555-fishpro-dc\/\",\"name\":\"FINVAL 555 FishPro DC - Katso kaikki veneet\",\"isPartOf\":{\"@id\":\"https:\/\/boat-service.ee\/fi\/#website\"},\"primaryImageOfPage\":{\"@id\":\"https:\/\/boat-service.ee\/fi\/pood\/veneet\/finval-fi\/fishpro\/finval-555-fishpro-dc\/#primaryimage\"},\"image\":{\"@id\":\"https:\/\/boat-service.ee\/fi\/pood\/veneet\/finval-fi\/fishpro\/finval-555-fishpro-dc\/#primaryimage\"},\"thumbnailUrl\":\"https:\/\/boat-service.ee\/wp-content\/uploads\/2023\/09\/FINVAL_FISHPRO_555_Main.jpg\",\"datePublished\":\"2023-09-08T10:12:02+00:00\",\"dateModified\":\"2026-04-13T08:43:13+00:00\",\"description\":\"FINVAL 555 FishPro DC - T\u00e4ysin hitsattu AlMg4,5Mn (5083) merialumiinista. Materiaalin paksuus: 3-4mmRaptor\u00ae kulutusta kest\u00e4v\u00e4 ja luistamaton laidanviimeistely.\",\"breadcrumb\":{\"@id\":\"https:\/\/boat-service.ee\/fi\/pood\/veneet\/finval-fi\/fishpro\/finval-555-fishpro-dc\/#breadcrumb\"},\"inLanguage\":\"fi\",\"potentialAction\":[{\"@type\":\"ReadAction\",\"target\":[\"https:\/\/boat-service.ee\/fi\/pood\/veneet\/finval-fi\/fishpro\/finval-555-fishpro-dc\/\"]}]},{\"@type\":\"ImageObject\",\"inLanguage\":\"fi\",\"@id\":\"https:\/\/boat-service.ee\/fi\/pood\/veneet\/finval-fi\/fishpro\/finval-555-fishpro-dc\/#primaryimage\",\"url\":\"https:\/\/boat-service.ee\/wp-content\/uploads\/2023\/09\/FINVAL_FISHPRO_555_Main.jpg\",\"contentUrl\":\"https:\/\/boat-service.ee\/wp-content\/uploads\/2023\/09\/FINVAL_FISHPRO_555_Main.jpg\",\"width\":798,\"height\":800},{\"@type\":\"BreadcrumbList\",\"@id\":\"https:\/\/boat-service.ee\/fi\/pood\/veneet\/finval-fi\/fishpro\/finval-555-fishpro-dc\/#breadcrumb\",\"itemListElement\":[{\"@type\":\"ListItem\",\"position\":1,\"name\":\"Home\",\"item\":\"https:\/\/boat-service.ee\/fi\/\"},{\"@type\":\"ListItem\",\"position\":2,\"name\":\"Pood\",\"item\":\"https:\/\/boat-service.ee\/en\/shop\/\"},{\"@type\":\"ListItem\",\"position\":3,\"name\":\"FINVAL 555 FishPro DC\"}]},{\"@type\":\"WebSite\",\"@id\":\"https:\/\/boat-service.ee\/fi\/#website\",\"url\":\"https:\/\/boat-service.ee\/fi\/\",\"name\":\"Boat Service Estonia\",\"description\":\"Boat Service Estonia - Mootorpaadid, treilerid, mootorid\",\"publisher\":{\"@id\":\"https:\/\/boat-service.ee\/fi\/#organization\"},\"potentialAction\":[{\"@type\":\"SearchAction\",\"target\":{\"@type\":\"EntryPoint\",\"urlTemplate\":\"https:\/\/boat-service.ee\/fi\/?s={search_term_string}\"},\"query-input\":{\"@type\":\"PropertyValueSpecification\",\"valueRequired\":true,\"valueName\":\"search_term_string\"}}],\"inLanguage\":\"fi\"},{\"@type\":\"Organization\",\"@id\":\"https:\/\/boat-service.ee\/fi\/#organization\",\"name\":\"KALASTUSPOOD O\u00dc\",\"url\":\"https:\/\/boat-service.ee\/fi\/\",\"logo\":{\"@type\":\"ImageObject\",\"inLanguage\":\"fi\",\"@id\":\"https:\/\/boat-service.ee\/fi\/#\/schema\/logo\/image\/\",\"url\":\"https:\/\/boat-service.ee\/wp-content\/uploads\/2023\/05\/impLogo.png\",\"contentUrl\":\"https:\/\/boat-service.ee\/wp-content\/uploads\/2023\/05\/impLogo.png\",\"width\":270,\"height\":107,\"caption\":\"KALASTUSPOOD O\u00dc\"},\"image\":{\"@id\":\"https:\/\/boat-service.ee\/fi\/#\/schema\/logo\/image\/\"},\"sameAs\":[\"https:\/\/www.facebook.com\/boatserviceestonia\",\"https:\/\/www.instagram.com\/kalastus_ja_paadipood\/\"]}]}<\/script>\n<!-- \/ Yoast SEO plugin. -->","yoast_head_json":{"title":"FINVAL 555 FishPro DC - Katso kaikki veneet","description":"FINVAL 555 FishPro DC - T\u00e4ysin hitsattu AlMg4,5Mn (5083) merialumiinista. Materiaalin paksuus: 3-4mmRaptor\u00ae kulutusta kest\u00e4v\u00e4 ja luistamaton laidanviimeistely.","robots":{"index":"index","follow":"follow","max-snippet":"max-snippet:-1","max-image-preview":"max-image-preview:large","max-video-preview":"max-video-preview:-1"},"canonical":"https:\/\/boat-service.ee\/fi\/pood\/veneet\/finval-fi\/fishpro\/finval-555-fishpro-dc\/","og_locale":"fi_FI","og_type":"article","og_title":"FINVAL 555 FishPro DC - Katso kaikki veneet","og_description":"FINVAL 555 FishPro DC - T\u00e4ysin hitsattu AlMg4,5Mn (5083) merialumiinista. Materiaalin paksuus: 3-4mmRaptor\u00ae kulutusta kest\u00e4v\u00e4 ja luistamaton laidanviimeistely.","og_url":"https:\/\/boat-service.ee\/fi\/pood\/veneet\/finval-fi\/fishpro\/finval-555-fishpro-dc\/","og_site_name":"Boat Service Estonia","article_publisher":"https:\/\/www.facebook.com\/boatserviceestonia","article_modified_time":"2026-04-13T08:43:13+00:00","og_image":[{"width":798,"height":800,"url":"https:\/\/boat-service.ee\/wp-content\/uploads\/2023\/09\/FINVAL_FISHPRO_555_Main.jpg","type":"image\/jpeg"}],"twitter_card":"summary_large_image","twitter_misc":{"Arvioitu lukuaika":"2 minuuttia"},"schema":{"@context":"https:\/\/schema.org","@graph":[{"@type":"WebPage","@id":"https:\/\/boat-service.ee\/fi\/pood\/veneet\/finval-fi\/fishpro\/finval-555-fishpro-dc\/","url":"https:\/\/boat-service.ee\/fi\/pood\/veneet\/finval-fi\/fishpro\/finval-555-fishpro-dc\/","name":"FINVAL 555 FishPro DC - Katso kaikki veneet","isPartOf":{"@id":"https:\/\/boat-service.ee\/fi\/#website"},"primaryImageOfPage":{"@id":"https:\/\/boat-service.ee\/fi\/pood\/veneet\/finval-fi\/fishpro\/finval-555-fishpro-dc\/#primaryimage"},"image":{"@id":"https:\/\/boat-service.ee\/fi\/pood\/veneet\/finval-fi\/fishpro\/finval-555-fishpro-dc\/#primaryimage"},"thumbnailUrl":"https:\/\/boat-service.ee\/wp-content\/uploads\/2023\/09\/FINVAL_FISHPRO_555_Main.jpg","datePublished":"2023-09-08T10:12:02+00:00","dateModified":"2026-04-13T08:43:13+00:00","description":"FINVAL 555 FishPro DC - T\u00e4ysin hitsattu AlMg4,5Mn (5083) merialumiinista. Materiaalin paksuus: 3-4mmRaptor\u00ae kulutusta kest\u00e4v\u00e4 ja luistamaton laidanviimeistely.","breadcrumb":{"@id":"https:\/\/boat-service.ee\/fi\/pood\/veneet\/finval-fi\/fishpro\/finval-555-fishpro-dc\/#breadcrumb"},"inLanguage":"fi","potentialAction":[{"@type":"ReadAction","target":["https:\/\/boat-service.ee\/fi\/pood\/veneet\/finval-fi\/fishpro\/finval-555-fishpro-dc\/"]}]},{"@type":"ImageObject","inLanguage":"fi","@id":"https:\/\/boat-service.ee\/fi\/pood\/veneet\/finval-fi\/fishpro\/finval-555-fishpro-dc\/#primaryimage","url":"https:\/\/boat-service.ee\/wp-content\/uploads\/2023\/09\/FINVAL_FISHPRO_555_Main.jpg","contentUrl":"https:\/\/boat-service.ee\/wp-content\/uploads\/2023\/09\/FINVAL_FISHPRO_555_Main.jpg","width":798,"height":800},{"@type":"BreadcrumbList","@id":"https:\/\/boat-service.ee\/fi\/pood\/veneet\/finval-fi\/fishpro\/finval-555-fishpro-dc\/#breadcrumb","itemListElement":[{"@type":"ListItem","position":1,"name":"Home","item":"https:\/\/boat-service.ee\/fi\/"},{"@type":"ListItem","position":2,"name":"Pood","item":"https:\/\/boat-service.ee\/en\/shop\/"},{"@type":"ListItem","position":3,"name":"FINVAL 555 FishPro DC"}]},{"@type":"WebSite","@id":"https:\/\/boat-service.ee\/fi\/#website","url":"https:\/\/boat-service.ee\/fi\/","name":"Boat Service Estonia","description":"Boat Service Estonia - Mootorpaadid, treilerid, mootorid","publisher":{"@id":"https:\/\/boat-service.ee\/fi\/#organization"},"potentialAction":[{"@type":"SearchAction","target":{"@type":"EntryPoint","urlTemplate":"https:\/\/boat-service.ee\/fi\/?s={search_term_string}"},"query-input":{"@type":"PropertyValueSpecification","valueRequired":true,"valueName":"search_term_string"}}],"inLanguage":"fi"},{"@type":"Organization","@id":"https:\/\/boat-service.ee\/fi\/#organization","name":"KALASTUSPOOD O\u00dc","url":"https:\/\/boat-service.ee\/fi\/","logo":{"@type":"ImageObject","inLanguage":"fi","@id":"https:\/\/boat-service.ee\/fi\/#\/schema\/logo\/image\/","url":"https:\/\/boat-service.ee\/wp-content\/uploads\/2023\/05\/impLogo.png","contentUrl":"https:\/\/boat-service.ee\/wp-content\/uploads\/2023\/05\/impLogo.png","width":270,"height":107,"caption":"KALASTUSPOOD O\u00dc"},"image":{"@id":"https:\/\/boat-service.ee\/fi\/#\/schema\/logo\/image\/"},"sameAs":["https:\/\/www.facebook.com\/boatserviceestonia","https:\/\/www.instagram.com\/kalastus_ja_paadipood\/"]}]}},"_links":{"self":[{"href":"https:\/\/boat-service.ee\/fi\/wp-json\/wp\/v2\/product\/102240","targetHints":{"allow":["GET"]}}],"collection":[{"href":"https:\/\/boat-service.ee\/fi\/wp-json\/wp\/v2\/product"}],"about":[{"href":"https:\/\/boat-service.ee\/fi\/wp-json\/wp\/v2\/types\/product"}],"wp:featuredmedia":[{"embeddable":true,"href":"https:\/\/boat-service.ee\/fi\/wp-json\/wp\/v2\/media\/102283"}],"wp:attachment":[{"href":"https:\/\/boat-service.ee\/fi\/wp-json\/wp\/v2\/media?parent=102240"}],"wp:term":[{"taxonomy":"product_brand","embeddable":true,"href":"https:\/\/boat-service.ee\/fi\/wp-json\/wp\/v2\/product_brand?post=102240"},{"taxonomy":"product_cat","embeddable":true,"href":"https:\/\/boat-service.ee\/fi\/wp-json\/wp\/v2\/product_cat?post=102240"},{"taxonomy":"product_tag","embeddable":true,"href":"https:\/\/boat-service.ee\/fi\/wp-json\/wp\/v2\/product_tag?post=102240"}],"curies":[{"name":"wp","href":"https:\/\/api.w.org\/{rel}","templated":true}]}}