{"id":102154,"date":"2023-11-08T15:55:14","date_gmt":"2023-11-08T13:55:14","guid":{"rendered":"https:\/\/boat-service.ee\/pood\/Ei-luokiteltu\/finval-595-fishpro-dc\/"},"modified":"2026-04-13T11:43:19","modified_gmt":"2026-04-13T09:43:19","slug":"finval-595-fishpro-dc","status":"publish","type":"product","link":"https:\/\/boat-service.ee\/fi\/pood\/veneet\/finval-fi\/fishpro\/finval-595-fishpro-dc\/","title":{"rendered":"FINVAL 595 FishPRO DC"},"content":{"rendered":"<p>Finval 595 FishPro on t\u00e4ysalumiininen vene, joka on rakennettu t\u00e4ysin ilman vaneria tai puuta. Se on suunniteltu erityisesti kilpakalastukseen, harrastekalastukseen ja perheen yhteisiin viikonloppuihin vesill\u00e4. 595 FishPro on poikkeuksellisen kest\u00e4v\u00e4 ja eritt\u00e4in vakaa vene. Varustettuna 200 hv moottorilla, vene saavuttaa 86\u201392 km\/h nopeuden kuormasta riippuen. Sen syv\u00e4 k\u00f6lirakenne minimoi veneeseen ja miehist\u00f6\u00f6n kohdistuvan rasituksen aallokossa ajettaessa. FishPro 595:n tilava keulakansi ett\u00e4 per\u00e4taso tarjoavat mukavan ty\u00f6tilan kahdelle kalastajalle kilpailutilanteessa. Kapteenin konsoliin mahtuu vaivatta kaksi 12-tuumaista n\u00e4ytt\u00f6\u00e4. Veneen syv\u00e4 k\u00f6li mahdollistaa vapojen s\u00e4ilytyksen ohjaamon lattian alla, mik\u00e4 vapauttaa tilaa lukuisille tilaville s\u00e4ilytyslokeroille. Finval 595 FishPro on legendaarisen 555-mallin evoluutio, joka on suunniteltu entist\u00e4 tehokkaammaksi kilpailuk\u00e4ytt\u00f6\u00f6n ja hy\u00f6dynt\u00e4\u00e4 uusimpia kalastusvarustelun innovaatioita.<\/p>\n<p><strong>Vakiovarusteet:<\/strong><\/p>\n<p>T\u00e4ysin hitsattu runko AlMg4,5Mn (5083). Materiaalin paksuus 3-4 mm<br \/>\nRaptor\u00ae kulutusta kest\u00e4v\u00e4 ja luistamaton pinnoite per\u00e1peiliss\u00e4 ja laidassa<br \/>\nUlkopuolet p\u00e4\u00e4llystetty hydrofobisella materiaalilla (v\u00e4ri valittavissa)<br \/>\nKaksi pulpetti kulkuovella<br \/>\nKeulakansi ja ohjaam\u043e p\u00e4\u00e4llystetty merivinyylill\u00e4<br \/>\nSis\u00e4sivut sek\u00e4 takaheittotaso aukiharjattua mattoa<br \/>\nSis\u00e4\u00e4nrakennettu polttoainetankki 125l<br \/>\nVapalaatikko kuudelle enint\u00e4\u00e4n 2,7 m pitk\u00e4lle vav\u00e1lle<br \/>\nKalasumppu 110l (muovi)<br \/>\n2 x Ergolux penkki<br \/>\nKaksi taittuvaa istuinta rakennettuna per\u00e4kanteen<br \/>\nKaksi kiinnityspaikkaa heittojakkara varteen keula- ja per\u00e4kannella<br \/>\nKaksi 12V virtaliit\u00e4nt\u00e4\u00e4 kuljettajan ja matkustajan konsolissa<br \/>\nKuivat s\u00e4ilytystilat<br \/>\nKalastustarvikkeiden ja viehepidikkeiden j\u00e4rjestelij\u00e4<br \/>\n6 x RST knaapit<br \/>\nValmius karttaplotter\u00ed\u03b7, s\u00e4hk\u00f6moottorin ja s\u00e4hk\u00f6vinssin asennuksen varteen<br \/>\nLED-valaistus pulpettin hansikaslokerossa<br \/>\nOhjauspy\u00f6r\u00e4<br \/>\nAutomaattinen pilssipumppu<br \/>\nPer\u00e4peilin alustat p\u00e4\u00e4llystetty pehme\u00e4ll\u00e4 luistamattomalla SeaDek materiaali<br \/>\nUimatikkaat<\/p>\n","protected":false},"excerpt":{"rendered":"<p><strong>TEKNISET TIEDOT<\/strong><\/p>\n<table>\n<tbody>\n<tr>\n<td>Pituus, m<\/td>\n<td>5,95<\/td>\n<\/tr>\n<tr>\n<td>Leveys, m<\/td>\n<td>2,30<\/td>\n<\/tr>\n<tr>\n<td>Paino, kg<\/td>\n<td>800<\/td>\n<\/tr>\n<tr>\n<td>Rungon materiaali<\/td>\n<td>AlMg 4,5 Mn (5083)<\/td>\n<\/tr>\n<tr>\n<td>Rungon paksuus, mm<\/td>\n<td>4-3<\/td>\n<\/tr>\n<tr>\n<td>Moottori, hv<\/td>\n<td>150-200<\/td>\n<\/tr>\n<tr>\n<td>Maksimi henkil\u00f6m\u00e4\u00e4r\u00e4<\/td>\n<td>6<\/td>\n<\/tr>\n<tr>\n<td>Polttoaines\u00e4ili\u00f6, l<\/td>\n<td>125<\/td>\n<\/tr>\n<tr>\n<td>Kalasumppu, l<\/td>\n<td>110<\/td>\n<\/tr>\n<tr>\n<td>Vapalaatikko (m\u00e4\u00e4r\u00e4 \/ pituus)<\/td>\n<td>6 \/ 2,7 m<\/td>\n<\/tr>\n<tr>\n<td>Konsoli<\/td>\n<td>DC<\/td>\n<\/tr>\n<tr>\n<td>Per\u00e4n alusta<\/td>\n<td>JS<\/td>\n<\/tr>\n<\/tbody>\n<\/table>\n<p>&nbsp;<\/p>\n","protected":false},"featured_media":102217,"template":"","meta":[],"product_brand":[3721],"product_cat":[3579,3582],"product_tag":[],"class_list":{"0":"post-102154","1":"product","2":"type-product","3":"status-publish","4":"has-post-thumbnail","6":"product_brand-finval","7":"product_cat-finval-fi","8":"product_cat-fishpro","9":"product_shipping_class-alumiinium-ja-plastikpaadid-normaal","10":"tm-has-options","12":"first","13":"instock","14":"taxable","15":"shipping-taxable","16":"purchasable","17":"product-type-simple"},"yoast_head":"<!-- This site is optimized with the Yoast SEO plugin v27.2 - https:\/\/yoast.com\/product\/yoast-seo-wordpress\/ -->\n<title>FINVAL 595 FishPRO DC - Katso kaikki veneet<\/title>\n<meta name=\"description\" content=\"Finval 595 FishPRO - T\u00e4ysin hitsattu AlMg4,5Mn (5083) merialumiinista valmistettu runko, materiaalin paksuus 3-4 mmRaptor\u00ae kulutusta kest\u00e4v\u00e4 ja luistamaton pinnoite konsoleissa, per\u00e1peiliss\u00e4 ja laidareun\u0430profiililla.\" \/>\n<meta name=\"robots\" content=\"index, follow, max-snippet:-1, max-image-preview:large, max-video-preview:-1\" \/>\n<link rel=\"canonical\" href=\"https:\/\/boat-service.ee\/fi\/pood\/veneet\/finval-fi\/fishpro\/finval-595-fishpro-dc\/\" \/>\n<meta property=\"og:locale\" content=\"fi_FI\" \/>\n<meta property=\"og:type\" content=\"article\" \/>\n<meta property=\"og:title\" content=\"FINVAL 595 FishPRO DC - Katso kaikki veneet\" \/>\n<meta property=\"og:description\" content=\"Finval 595 FishPRO - T\u00e4ysin hitsattu AlMg4,5Mn (5083) merialumiinista valmistettu runko, materiaalin paksuus 3-4 mmRaptor\u00ae kulutusta kest\u00e4v\u00e4 ja luistamaton pinnoite konsoleissa, per\u00e1peiliss\u00e4 ja laidareun\u0430profiililla.\" \/>\n<meta property=\"og:url\" content=\"https:\/\/boat-service.ee\/fi\/pood\/veneet\/finval-fi\/fishpro\/finval-595-fishpro-dc\/\" \/>\n<meta property=\"og:site_name\" content=\"Boat Service Estonia\" \/>\n<meta property=\"article:publisher\" content=\"https:\/\/www.facebook.com\/boatserviceestonia\" \/>\n<meta property=\"article:modified_time\" content=\"2026-04-13T09:43:19+00:00\" \/>\n<meta property=\"og:image\" content=\"https:\/\/boat-service.ee\/wp-content\/uploads\/2023\/11\/FINVAL_595FishPro_boatserviceestonia_paat.jpg\" \/>\n\t<meta property=\"og:image:width\" content=\"1533\" \/>\n\t<meta property=\"og:image:height\" content=\"1534\" \/>\n\t<meta property=\"og:image:type\" content=\"image\/jpeg\" \/>\n<meta name=\"twitter:card\" content=\"summary_large_image\" \/>\n<meta name=\"twitter:label1\" content=\"Arvioitu lukuaika\" \/>\n\t<meta name=\"twitter:data1\" content=\"2 minuuttia\" \/>\n<script type=\"application\/ld+json\" class=\"yoast-schema-graph\">{\"@context\":\"https:\/\/schema.org\",\"@graph\":[{\"@type\":\"WebPage\",\"@id\":\"https:\/\/boat-service.ee\/fi\/pood\/veneet\/finval-fi\/fishpro\/finval-595-fishpro-dc\/\",\"url\":\"https:\/\/boat-service.ee\/fi\/pood\/veneet\/finval-fi\/fishpro\/finval-595-fishpro-dc\/\",\"name\":\"FINVAL 595 FishPRO DC - Katso kaikki veneet\",\"isPartOf\":{\"@id\":\"https:\/\/boat-service.ee\/fi\/#website\"},\"primaryImageOfPage\":{\"@id\":\"https:\/\/boat-service.ee\/fi\/pood\/veneet\/finval-fi\/fishpro\/finval-595-fishpro-dc\/#primaryimage\"},\"image\":{\"@id\":\"https:\/\/boat-service.ee\/fi\/pood\/veneet\/finval-fi\/fishpro\/finval-595-fishpro-dc\/#primaryimage\"},\"thumbnailUrl\":\"https:\/\/boat-service.ee\/wp-content\/uploads\/2023\/11\/FINVAL_595FishPro_boatserviceestonia_paat.jpg\",\"datePublished\":\"2023-11-08T13:55:14+00:00\",\"dateModified\":\"2026-04-13T09:43:19+00:00\",\"description\":\"Finval 595 FishPRO - T\u00e4ysin hitsattu AlMg4,5Mn (5083) merialumiinista valmistettu runko, materiaalin paksuus 3-4 mmRaptor\u00ae kulutusta kest\u00e4v\u00e4 ja luistamaton pinnoite konsoleissa, per\u00e1peiliss\u00e4 ja laidareun\u0430profiililla.\",\"breadcrumb\":{\"@id\":\"https:\/\/boat-service.ee\/fi\/pood\/veneet\/finval-fi\/fishpro\/finval-595-fishpro-dc\/#breadcrumb\"},\"inLanguage\":\"fi\",\"potentialAction\":[{\"@type\":\"ReadAction\",\"target\":[\"https:\/\/boat-service.ee\/fi\/pood\/veneet\/finval-fi\/fishpro\/finval-595-fishpro-dc\/\"]}]},{\"@type\":\"ImageObject\",\"inLanguage\":\"fi\",\"@id\":\"https:\/\/boat-service.ee\/fi\/pood\/veneet\/finval-fi\/fishpro\/finval-595-fishpro-dc\/#primaryimage\",\"url\":\"https:\/\/boat-service.ee\/wp-content\/uploads\/2023\/11\/FINVAL_595FishPro_boatserviceestonia_paat.jpg\",\"contentUrl\":\"https:\/\/boat-service.ee\/wp-content\/uploads\/2023\/11\/FINVAL_595FishPro_boatserviceestonia_paat.jpg\",\"width\":1533,\"height\":1534},{\"@type\":\"BreadcrumbList\",\"@id\":\"https:\/\/boat-service.ee\/fi\/pood\/veneet\/finval-fi\/fishpro\/finval-595-fishpro-dc\/#breadcrumb\",\"itemListElement\":[{\"@type\":\"ListItem\",\"position\":1,\"name\":\"Home\",\"item\":\"https:\/\/boat-service.ee\/fi\/\"},{\"@type\":\"ListItem\",\"position\":2,\"name\":\"Pood\",\"item\":\"https:\/\/boat-service.ee\/en\/shop\/\"},{\"@type\":\"ListItem\",\"position\":3,\"name\":\"FINVAL 595 FishPRO DC\"}]},{\"@type\":\"WebSite\",\"@id\":\"https:\/\/boat-service.ee\/fi\/#website\",\"url\":\"https:\/\/boat-service.ee\/fi\/\",\"name\":\"Boat Service Estonia\",\"description\":\"Boat Service Estonia - Mootorpaadid, treilerid, mootorid\",\"publisher\":{\"@id\":\"https:\/\/boat-service.ee\/fi\/#organization\"},\"potentialAction\":[{\"@type\":\"SearchAction\",\"target\":{\"@type\":\"EntryPoint\",\"urlTemplate\":\"https:\/\/boat-service.ee\/fi\/?s={search_term_string}\"},\"query-input\":{\"@type\":\"PropertyValueSpecification\",\"valueRequired\":true,\"valueName\":\"search_term_string\"}}],\"inLanguage\":\"fi\"},{\"@type\":\"Organization\",\"@id\":\"https:\/\/boat-service.ee\/fi\/#organization\",\"name\":\"KALASTUSPOOD O\u00dc\",\"url\":\"https:\/\/boat-service.ee\/fi\/\",\"logo\":{\"@type\":\"ImageObject\",\"inLanguage\":\"fi\",\"@id\":\"https:\/\/boat-service.ee\/fi\/#\/schema\/logo\/image\/\",\"url\":\"https:\/\/boat-service.ee\/wp-content\/uploads\/2023\/05\/impLogo.png\",\"contentUrl\":\"https:\/\/boat-service.ee\/wp-content\/uploads\/2023\/05\/impLogo.png\",\"width\":270,\"height\":107,\"caption\":\"KALASTUSPOOD O\u00dc\"},\"image\":{\"@id\":\"https:\/\/boat-service.ee\/fi\/#\/schema\/logo\/image\/\"},\"sameAs\":[\"https:\/\/www.facebook.com\/boatserviceestonia\",\"https:\/\/www.instagram.com\/kalastus_ja_paadipood\/\"]}]}<\/script>\n<!-- \/ Yoast SEO plugin. -->","yoast_head_json":{"title":"FINVAL 595 FishPRO DC - Katso kaikki veneet","description":"Finval 595 FishPRO - T\u00e4ysin hitsattu AlMg4,5Mn (5083) merialumiinista valmistettu runko, materiaalin paksuus 3-4 mmRaptor\u00ae kulutusta kest\u00e4v\u00e4 ja luistamaton pinnoite konsoleissa, per\u00e1peiliss\u00e4 ja laidareun\u0430profiililla.","robots":{"index":"index","follow":"follow","max-snippet":"max-snippet:-1","max-image-preview":"max-image-preview:large","max-video-preview":"max-video-preview:-1"},"canonical":"https:\/\/boat-service.ee\/fi\/pood\/veneet\/finval-fi\/fishpro\/finval-595-fishpro-dc\/","og_locale":"fi_FI","og_type":"article","og_title":"FINVAL 595 FishPRO DC - Katso kaikki veneet","og_description":"Finval 595 FishPRO - T\u00e4ysin hitsattu AlMg4,5Mn (5083) merialumiinista valmistettu runko, materiaalin paksuus 3-4 mmRaptor\u00ae kulutusta kest\u00e4v\u00e4 ja luistamaton pinnoite konsoleissa, per\u00e1peiliss\u00e4 ja laidareun\u0430profiililla.","og_url":"https:\/\/boat-service.ee\/fi\/pood\/veneet\/finval-fi\/fishpro\/finval-595-fishpro-dc\/","og_site_name":"Boat Service Estonia","article_publisher":"https:\/\/www.facebook.com\/boatserviceestonia","article_modified_time":"2026-04-13T09:43:19+00:00","og_image":[{"width":1533,"height":1534,"url":"https:\/\/boat-service.ee\/wp-content\/uploads\/2023\/11\/FINVAL_595FishPro_boatserviceestonia_paat.jpg","type":"image\/jpeg"}],"twitter_card":"summary_large_image","twitter_misc":{"Arvioitu lukuaika":"2 minuuttia"},"schema":{"@context":"https:\/\/schema.org","@graph":[{"@type":"WebPage","@id":"https:\/\/boat-service.ee\/fi\/pood\/veneet\/finval-fi\/fishpro\/finval-595-fishpro-dc\/","url":"https:\/\/boat-service.ee\/fi\/pood\/veneet\/finval-fi\/fishpro\/finval-595-fishpro-dc\/","name":"FINVAL 595 FishPRO DC - Katso kaikki veneet","isPartOf":{"@id":"https:\/\/boat-service.ee\/fi\/#website"},"primaryImageOfPage":{"@id":"https:\/\/boat-service.ee\/fi\/pood\/veneet\/finval-fi\/fishpro\/finval-595-fishpro-dc\/#primaryimage"},"image":{"@id":"https:\/\/boat-service.ee\/fi\/pood\/veneet\/finval-fi\/fishpro\/finval-595-fishpro-dc\/#primaryimage"},"thumbnailUrl":"https:\/\/boat-service.ee\/wp-content\/uploads\/2023\/11\/FINVAL_595FishPro_boatserviceestonia_paat.jpg","datePublished":"2023-11-08T13:55:14+00:00","dateModified":"2026-04-13T09:43:19+00:00","description":"Finval 595 FishPRO - T\u00e4ysin hitsattu AlMg4,5Mn (5083) merialumiinista valmistettu runko, materiaalin paksuus 3-4 mmRaptor\u00ae kulutusta kest\u00e4v\u00e4 ja luistamaton pinnoite konsoleissa, per\u00e1peiliss\u00e4 ja laidareun\u0430profiililla.","breadcrumb":{"@id":"https:\/\/boat-service.ee\/fi\/pood\/veneet\/finval-fi\/fishpro\/finval-595-fishpro-dc\/#breadcrumb"},"inLanguage":"fi","potentialAction":[{"@type":"ReadAction","target":["https:\/\/boat-service.ee\/fi\/pood\/veneet\/finval-fi\/fishpro\/finval-595-fishpro-dc\/"]}]},{"@type":"ImageObject","inLanguage":"fi","@id":"https:\/\/boat-service.ee\/fi\/pood\/veneet\/finval-fi\/fishpro\/finval-595-fishpro-dc\/#primaryimage","url":"https:\/\/boat-service.ee\/wp-content\/uploads\/2023\/11\/FINVAL_595FishPro_boatserviceestonia_paat.jpg","contentUrl":"https:\/\/boat-service.ee\/wp-content\/uploads\/2023\/11\/FINVAL_595FishPro_boatserviceestonia_paat.jpg","width":1533,"height":1534},{"@type":"BreadcrumbList","@id":"https:\/\/boat-service.ee\/fi\/pood\/veneet\/finval-fi\/fishpro\/finval-595-fishpro-dc\/#breadcrumb","itemListElement":[{"@type":"ListItem","position":1,"name":"Home","item":"https:\/\/boat-service.ee\/fi\/"},{"@type":"ListItem","position":2,"name":"Pood","item":"https:\/\/boat-service.ee\/en\/shop\/"},{"@type":"ListItem","position":3,"name":"FINVAL 595 FishPRO DC"}]},{"@type":"WebSite","@id":"https:\/\/boat-service.ee\/fi\/#website","url":"https:\/\/boat-service.ee\/fi\/","name":"Boat Service Estonia","description":"Boat Service Estonia - Mootorpaadid, treilerid, mootorid","publisher":{"@id":"https:\/\/boat-service.ee\/fi\/#organization"},"potentialAction":[{"@type":"SearchAction","target":{"@type":"EntryPoint","urlTemplate":"https:\/\/boat-service.ee\/fi\/?s={search_term_string}"},"query-input":{"@type":"PropertyValueSpecification","valueRequired":true,"valueName":"search_term_string"}}],"inLanguage":"fi"},{"@type":"Organization","@id":"https:\/\/boat-service.ee\/fi\/#organization","name":"KALASTUSPOOD O\u00dc","url":"https:\/\/boat-service.ee\/fi\/","logo":{"@type":"ImageObject","inLanguage":"fi","@id":"https:\/\/boat-service.ee\/fi\/#\/schema\/logo\/image\/","url":"https:\/\/boat-service.ee\/wp-content\/uploads\/2023\/05\/impLogo.png","contentUrl":"https:\/\/boat-service.ee\/wp-content\/uploads\/2023\/05\/impLogo.png","width":270,"height":107,"caption":"KALASTUSPOOD O\u00dc"},"image":{"@id":"https:\/\/boat-service.ee\/fi\/#\/schema\/logo\/image\/"},"sameAs":["https:\/\/www.facebook.com\/boatserviceestonia","https:\/\/www.instagram.com\/kalastus_ja_paadipood\/"]}]}},"_links":{"self":[{"href":"https:\/\/boat-service.ee\/fi\/wp-json\/wp\/v2\/product\/102154","targetHints":{"allow":["GET"]}}],"collection":[{"href":"https:\/\/boat-service.ee\/fi\/wp-json\/wp\/v2\/product"}],"about":[{"href":"https:\/\/boat-service.ee\/fi\/wp-json\/wp\/v2\/types\/product"}],"wp:featuredmedia":[{"embeddable":true,"href":"https:\/\/boat-service.ee\/fi\/wp-json\/wp\/v2\/media\/102217"}],"wp:attachment":[{"href":"https:\/\/boat-service.ee\/fi\/wp-json\/wp\/v2\/media?parent=102154"}],"wp:term":[{"taxonomy":"product_brand","embeddable":true,"href":"https:\/\/boat-service.ee\/fi\/wp-json\/wp\/v2\/product_brand?post=102154"},{"taxonomy":"product_cat","embeddable":true,"href":"https:\/\/boat-service.ee\/fi\/wp-json\/wp\/v2\/product_cat?post=102154"},{"taxonomy":"product_tag","embeddable":true,"href":"https:\/\/boat-service.ee\/fi\/wp-json\/wp\/v2\/product_tag?post=102154"}],"curies":[{"name":"wp","href":"https:\/\/api.w.org\/{rel}","templated":true}]}}