{"id":102088,"date":"2024-09-24T09:29:57","date_gmt":"2024-09-24T07:29:57","guid":{"rendered":"https:\/\/boat-service.ee\/pood\/Ei-luokiteltu\/finval-605-casting-pro\/"},"modified":"2026-04-13T12:38:13","modified_gmt":"2026-04-13T10:38:13","slug":"finval-605-casting-pro","status":"publish","type":"product","link":"https:\/\/boat-service.ee\/fi\/pood\/veneet\/finval-fi\/finval-605-casting-pro\/","title":{"rendered":"FINVAL 605 Casting PRO"},"content":{"rendered":"<p data-path-to-node=\"7\">Finval 605 CastingPro alumiinirunko tekee t\u00e4st\u00e4 mallista kevyen, kest\u00e4v\u00e4n ja poikkeuksellisen vakaan. 605 CastingPro on t\u00e4ydellinen korkean suorituskyvyn kalastukseen, ja sen avara tilaj\u00e4rjestely tekee siit\u00e4 yht\u00e4 lailla ihanteellisen perheen yhteisiin retkiin. Finval 605 Casting Pro tarjoaa erinomaista mukavuutta, kalastitpa sitten kaksin tai vietit aikaa yst\u00e4vien ja perheen kanssa.<\/p>\n<p><strong>VAKIOVARUSTEET<\/strong><\/p>\n<p>T\u00e4ysin hitsattu alumiinirunko AlMg4,5Mn (5083) , Materiaalin paksuus 3-4 mm<br \/>\nRaptor\u00ae kulutusta kest\u00e4v\u00e4 pinnoite veneen laidalla<br \/>\nLattia p\u00e4\u00e4llystetty merivinyylill\u00e4<br \/>\nKeula- ja per\u00e4kansi sek\u00e4 sis\u00e4puolen laidat p\u00e4\u00e4llystetty aukiharjatua matto<br \/>\nTeipatut kyljet<br \/>\nKaikuluotaimen anturin kiinnityslevy vasemmalla ja oikealla puolella<br \/>\nSis\u00e4\u00e4nrakennettu neliportainen kokoontaitettava uimatikkaat vasemmalla puolella<br \/>\nSis\u00e4\u00e4nrakennettu polttoainetankki 170 L<br \/>\nKeskell\u00e4 oleva s\u00e4ilytystila 10 viehevapaalle, pituudet 2,45m &#8211; 5 kpl, 2,35m &#8211; 5 kpl<br \/>\nHeittojakkaran kiinnitysjalustaa keulassa<br \/>\nS\u00e4ilytystila kapteenin konsolissa (keulakannen puolelta)<br \/>\nSyvennys s\u00e4hk\u00f6moottorin polkimelle<br \/>\nTuplapulpetti tuulilasilla ja v\u00e4liovella<br \/>\nKaksi s\u00e4ilytystilaa kapteenin ja matkustajan konsolien alla<br \/>\n2 x Bass Boat penkki (eteen-taakse s\u00e4\u00e4t\u00f6mahdollisuudella) ja 13&#8243; istuinjalusta<br \/>\nKaksi kiinnityspaikkaa istuinjalustalle<br \/>\nKapteenin tarvikej\u00e4rjestelij\u00e4 oikealla puolella<br \/>\nS\u00e4ilytystilat tavaroille oikealla ja vasemmalla puolella ohjaamossa<br \/>\nLukittavat s\u00e4ilytystilat hyllyiss\u00e4 oikealla ja vasemmalla puolella<br \/>\nKeskell\u00e4 oleva s\u00e4ilytystila ruostumattomasta ter\u00e4ksest\u00e4 valmistetulla luukun salvalla ja lukolla<br \/>\nKalasumppu 95 L ajastimella<br \/>\nUSB 5V2A pistoke<br \/>\nTeline haaville<br \/>\nMuoviset luukun salvat<br \/>\n6 x RST knaapit<br \/>\nOhjauspy\u00f6r\u00e4<br \/>\nS\u00e4hk\u00f6iset ohjauspaaneelit kapteenin konsolissa<br \/>\nAutomaattinen pilssipumppu suojakytkimell\u00e4<br \/>\nLED-navigointivalot<\/p>\n","protected":false},"excerpt":{"rendered":"<h2>Tekniset tiedot<\/h2>\n<table>\n<tbody>\n<tr>\n<td>Kokonaispituus<\/td>\n<td>6.05 m<\/td>\n<\/tr>\n<tr>\n<td>Leveys<\/td>\n<td>2.42 m<\/td>\n<\/tr>\n<tr>\n<td>Per\u00e4peilin korkeus<\/td>\n<td>635 mm<\/td>\n<\/tr>\n<tr>\n<td>Syv\u00e4ys<\/td>\n<td>350 mm<\/td>\n<\/tr>\n<tr>\n<td>Per\u00e4peilin kulma<\/td>\n<td>16\u00b0<\/td>\n<\/tr>\n<tr>\n<td>Paino<\/td>\n<td>760 kg<\/td>\n<\/tr>\n<tr>\n<td>Maksimi\u043aantavuus<\/td>\n<td>700 kg<\/td>\n<\/tr>\n<tr>\n<td>Maksimi per\u00e1peilikuorma<\/td>\n<td>300 kg<\/td>\n<\/tr>\n<tr>\n<td>Moottori<\/td>\n<td>150 &#8211; 250 hv<\/td>\n<\/tr>\n<tr>\n<td>Rungon materiaali<\/td>\n<td>AlMg 4,5 Mn (5083)<\/td>\n<\/tr>\n<tr>\n<td>Alumiinin paksuus<\/td>\n<td>4-3 mm<\/td>\n<\/tr>\n<tr>\n<td>Maksimi henkil\u00f6m\u00e4\u00e4r\u00e4<\/td>\n<td>6<\/td>\n<\/tr>\n<tr>\n<td>Polttoaines\u00e4ili\u00f6<\/td>\n<td>170 l<\/td>\n<\/tr>\n<tr>\n<td>Kalasumppu<\/td>\n<td>95 l<\/td>\n<\/tr>\n<tr>\n<td>Vapapaikkoja (m\u00e4\u00e4r\u00e4 \/ pituus)<\/td>\n<td>10 \/ enint\u00e4\u00e4n 2.45 m<\/td>\n<\/tr>\n<tr>\n<td>Laidan korkeus<\/td>\n<td>0.995 m<\/td>\n<\/tr>\n<\/tbody>\n<\/table>\n","protected":false},"featured_media":102153,"template":"","meta":[],"product_brand":[3721],"product_cat":[3579],"product_tag":[],"class_list":{"0":"post-102088","1":"product","2":"type-product","3":"status-publish","4":"has-post-thumbnail","6":"product_brand-finval","7":"product_cat-finval-fi","8":"product_shipping_class-alumiinium-ja-plastikpaadid-normaal","9":"tm-has-options","11":"first","12":"instock","13":"taxable","14":"shipping-taxable","15":"purchasable","16":"product-type-simple"},"yoast_head":"<!-- This site is optimized with the Yoast SEO plugin v27.2 - https:\/\/yoast.com\/product\/yoast-seo-wordpress\/ -->\n<title>FINVAL 605 Casting PRO - Katso kaikki veneet<\/title>\n<meta name=\"description\" content=\"T\u00e4m\u00e4 on kest\u00e4v\u00e4 ja kevyt alumiinivene, joka sopii erinomaisesti kalastajille. Nopea, vakaa ja eritt\u00e4in hyvin ohjattava vene, joka on erinomainen valinta kalastukseen niin sis\u00e4vesill\u00e4 kuin suolaisissa rannikkovesisiss\u00e4kin.\" \/>\n<meta name=\"robots\" content=\"index, follow, max-snippet:-1, max-image-preview:large, max-video-preview:-1\" \/>\n<link rel=\"canonical\" href=\"https:\/\/boat-service.ee\/fi\/pood\/veneet\/finval-fi\/finval-605-casting-pro\/\" \/>\n<meta property=\"og:locale\" content=\"fi_FI\" \/>\n<meta property=\"og:type\" content=\"article\" \/>\n<meta property=\"og:title\" content=\"FINVAL 605 Casting PRO - Katso kaikki veneet\" \/>\n<meta property=\"og:description\" content=\"T\u00e4m\u00e4 on kest\u00e4v\u00e4 ja kevyt alumiinivene, joka sopii erinomaisesti kalastajille. Nopea, vakaa ja eritt\u00e4in hyvin ohjattava vene, joka on erinomainen valinta kalastukseen niin sis\u00e4vesill\u00e4 kuin suolaisissa rannikkovesisiss\u00e4kin.\" \/>\n<meta property=\"og:url\" content=\"https:\/\/boat-service.ee\/fi\/pood\/veneet\/finval-fi\/finval-605-casting-pro\/\" \/>\n<meta property=\"og:site_name\" content=\"Boat Service Estonia\" \/>\n<meta property=\"article:publisher\" content=\"https:\/\/www.facebook.com\/boatserviceestonia\" \/>\n<meta property=\"article:modified_time\" content=\"2026-04-13T10:38:13+00:00\" \/>\n<meta property=\"og:image\" content=\"https:\/\/boat-service.ee\/wp-content\/uploads\/2024\/09\/FINVAL_605_CastingPro_boatserviceestonia-1030x686.webp\" \/>\n<meta name=\"twitter:card\" content=\"summary_large_image\" \/>\n<meta name=\"twitter:label1\" content=\"Arvioitu lukuaika\" \/>\n\t<meta name=\"twitter:data1\" content=\"2 minuuttia\" \/>\n<script type=\"application\/ld+json\" class=\"yoast-schema-graph\">{\"@context\":\"https:\/\/schema.org\",\"@graph\":[{\"@type\":\"WebPage\",\"@id\":\"https:\/\/boat-service.ee\/fi\/pood\/veneet\/finval-fi\/finval-605-casting-pro\/\",\"url\":\"https:\/\/boat-service.ee\/fi\/pood\/veneet\/finval-fi\/finval-605-casting-pro\/\",\"name\":\"FINVAL 605 Casting PRO - Katso kaikki veneet\",\"isPartOf\":{\"@id\":\"https:\/\/boat-service.ee\/fi\/#website\"},\"primaryImageOfPage\":{\"@id\":\"https:\/\/boat-service.ee\/fi\/pood\/veneet\/finval-fi\/finval-605-casting-pro\/#primaryimage\"},\"image\":{\"@id\":\"https:\/\/boat-service.ee\/fi\/pood\/veneet\/finval-fi\/finval-605-casting-pro\/#primaryimage\"},\"thumbnailUrl\":\"https:\/\/boat-service.ee\/wp-content\/uploads\/2024\/09\/Finval605CastingPro_boatserviceestonia_main.webp\",\"datePublished\":\"2024-09-24T07:29:57+00:00\",\"dateModified\":\"2026-04-13T10:38:13+00:00\",\"description\":\"T\u00e4m\u00e4 on kest\u00e4v\u00e4 ja kevyt alumiinivene, joka sopii erinomaisesti kalastajille. Nopea, vakaa ja eritt\u00e4in hyvin ohjattava vene, joka on erinomainen valinta kalastukseen niin sis\u00e4vesill\u00e4 kuin suolaisissa rannikkovesisiss\u00e4kin.\",\"breadcrumb\":{\"@id\":\"https:\/\/boat-service.ee\/fi\/pood\/veneet\/finval-fi\/finval-605-casting-pro\/#breadcrumb\"},\"inLanguage\":\"fi\",\"potentialAction\":[{\"@type\":\"ReadAction\",\"target\":[\"https:\/\/boat-service.ee\/fi\/pood\/veneet\/finval-fi\/finval-605-casting-pro\/\"]}]},{\"@type\":\"ImageObject\",\"inLanguage\":\"fi\",\"@id\":\"https:\/\/boat-service.ee\/fi\/pood\/veneet\/finval-fi\/finval-605-casting-pro\/#primaryimage\",\"url\":\"https:\/\/boat-service.ee\/wp-content\/uploads\/2024\/09\/Finval605CastingPro_boatserviceestonia_main.webp\",\"contentUrl\":\"https:\/\/boat-service.ee\/wp-content\/uploads\/2024\/09\/Finval605CastingPro_boatserviceestonia_main.webp\",\"width\":1433,\"height\":1460},{\"@type\":\"BreadcrumbList\",\"@id\":\"https:\/\/boat-service.ee\/fi\/pood\/veneet\/finval-fi\/finval-605-casting-pro\/#breadcrumb\",\"itemListElement\":[{\"@type\":\"ListItem\",\"position\":1,\"name\":\"Home\",\"item\":\"https:\/\/boat-service.ee\/fi\/\"},{\"@type\":\"ListItem\",\"position\":2,\"name\":\"Pood\",\"item\":\"https:\/\/boat-service.ee\/en\/shop\/\"},{\"@type\":\"ListItem\",\"position\":3,\"name\":\"FINVAL 605 Casting PRO\"}]},{\"@type\":\"WebSite\",\"@id\":\"https:\/\/boat-service.ee\/fi\/#website\",\"url\":\"https:\/\/boat-service.ee\/fi\/\",\"name\":\"Boat Service Estonia\",\"description\":\"Boat Service Estonia - Mootorpaadid, treilerid, mootorid\",\"publisher\":{\"@id\":\"https:\/\/boat-service.ee\/fi\/#organization\"},\"potentialAction\":[{\"@type\":\"SearchAction\",\"target\":{\"@type\":\"EntryPoint\",\"urlTemplate\":\"https:\/\/boat-service.ee\/fi\/?s={search_term_string}\"},\"query-input\":{\"@type\":\"PropertyValueSpecification\",\"valueRequired\":true,\"valueName\":\"search_term_string\"}}],\"inLanguage\":\"fi\"},{\"@type\":\"Organization\",\"@id\":\"https:\/\/boat-service.ee\/fi\/#organization\",\"name\":\"KALASTUSPOOD O\u00dc\",\"url\":\"https:\/\/boat-service.ee\/fi\/\",\"logo\":{\"@type\":\"ImageObject\",\"inLanguage\":\"fi\",\"@id\":\"https:\/\/boat-service.ee\/fi\/#\/schema\/logo\/image\/\",\"url\":\"https:\/\/boat-service.ee\/wp-content\/uploads\/2023\/05\/impLogo.png\",\"contentUrl\":\"https:\/\/boat-service.ee\/wp-content\/uploads\/2023\/05\/impLogo.png\",\"width\":270,\"height\":107,\"caption\":\"KALASTUSPOOD O\u00dc\"},\"image\":{\"@id\":\"https:\/\/boat-service.ee\/fi\/#\/schema\/logo\/image\/\"},\"sameAs\":[\"https:\/\/www.facebook.com\/boatserviceestonia\",\"https:\/\/www.instagram.com\/kalastus_ja_paadipood\/\"]}]}<\/script>\n<!-- \/ Yoast SEO plugin. -->","yoast_head_json":{"title":"FINVAL 605 Casting PRO - Katso kaikki veneet","description":"T\u00e4m\u00e4 on kest\u00e4v\u00e4 ja kevyt alumiinivene, joka sopii erinomaisesti kalastajille. Nopea, vakaa ja eritt\u00e4in hyvin ohjattava vene, joka on erinomainen valinta kalastukseen niin sis\u00e4vesill\u00e4 kuin suolaisissa rannikkovesisiss\u00e4kin.","robots":{"index":"index","follow":"follow","max-snippet":"max-snippet:-1","max-image-preview":"max-image-preview:large","max-video-preview":"max-video-preview:-1"},"canonical":"https:\/\/boat-service.ee\/fi\/pood\/veneet\/finval-fi\/finval-605-casting-pro\/","og_locale":"fi_FI","og_type":"article","og_title":"FINVAL 605 Casting PRO - Katso kaikki veneet","og_description":"T\u00e4m\u00e4 on kest\u00e4v\u00e4 ja kevyt alumiinivene, joka sopii erinomaisesti kalastajille. Nopea, vakaa ja eritt\u00e4in hyvin ohjattava vene, joka on erinomainen valinta kalastukseen niin sis\u00e4vesill\u00e4 kuin suolaisissa rannikkovesisiss\u00e4kin.","og_url":"https:\/\/boat-service.ee\/fi\/pood\/veneet\/finval-fi\/finval-605-casting-pro\/","og_site_name":"Boat Service Estonia","article_publisher":"https:\/\/www.facebook.com\/boatserviceestonia","article_modified_time":"2026-04-13T10:38:13+00:00","og_image":[{"url":"https:\/\/boat-service.ee\/wp-content\/uploads\/2024\/09\/FINVAL_605_CastingPro_boatserviceestonia-1030x686.webp","type":"","width":"","height":""}],"twitter_card":"summary_large_image","twitter_misc":{"Arvioitu lukuaika":"2 minuuttia"},"schema":{"@context":"https:\/\/schema.org","@graph":[{"@type":"WebPage","@id":"https:\/\/boat-service.ee\/fi\/pood\/veneet\/finval-fi\/finval-605-casting-pro\/","url":"https:\/\/boat-service.ee\/fi\/pood\/veneet\/finval-fi\/finval-605-casting-pro\/","name":"FINVAL 605 Casting PRO - Katso kaikki veneet","isPartOf":{"@id":"https:\/\/boat-service.ee\/fi\/#website"},"primaryImageOfPage":{"@id":"https:\/\/boat-service.ee\/fi\/pood\/veneet\/finval-fi\/finval-605-casting-pro\/#primaryimage"},"image":{"@id":"https:\/\/boat-service.ee\/fi\/pood\/veneet\/finval-fi\/finval-605-casting-pro\/#primaryimage"},"thumbnailUrl":"https:\/\/boat-service.ee\/wp-content\/uploads\/2024\/09\/Finval605CastingPro_boatserviceestonia_main.webp","datePublished":"2024-09-24T07:29:57+00:00","dateModified":"2026-04-13T10:38:13+00:00","description":"T\u00e4m\u00e4 on kest\u00e4v\u00e4 ja kevyt alumiinivene, joka sopii erinomaisesti kalastajille. Nopea, vakaa ja eritt\u00e4in hyvin ohjattava vene, joka on erinomainen valinta kalastukseen niin sis\u00e4vesill\u00e4 kuin suolaisissa rannikkovesisiss\u00e4kin.","breadcrumb":{"@id":"https:\/\/boat-service.ee\/fi\/pood\/veneet\/finval-fi\/finval-605-casting-pro\/#breadcrumb"},"inLanguage":"fi","potentialAction":[{"@type":"ReadAction","target":["https:\/\/boat-service.ee\/fi\/pood\/veneet\/finval-fi\/finval-605-casting-pro\/"]}]},{"@type":"ImageObject","inLanguage":"fi","@id":"https:\/\/boat-service.ee\/fi\/pood\/veneet\/finval-fi\/finval-605-casting-pro\/#primaryimage","url":"https:\/\/boat-service.ee\/wp-content\/uploads\/2024\/09\/Finval605CastingPro_boatserviceestonia_main.webp","contentUrl":"https:\/\/boat-service.ee\/wp-content\/uploads\/2024\/09\/Finval605CastingPro_boatserviceestonia_main.webp","width":1433,"height":1460},{"@type":"BreadcrumbList","@id":"https:\/\/boat-service.ee\/fi\/pood\/veneet\/finval-fi\/finval-605-casting-pro\/#breadcrumb","itemListElement":[{"@type":"ListItem","position":1,"name":"Home","item":"https:\/\/boat-service.ee\/fi\/"},{"@type":"ListItem","position":2,"name":"Pood","item":"https:\/\/boat-service.ee\/en\/shop\/"},{"@type":"ListItem","position":3,"name":"FINVAL 605 Casting PRO"}]},{"@type":"WebSite","@id":"https:\/\/boat-service.ee\/fi\/#website","url":"https:\/\/boat-service.ee\/fi\/","name":"Boat Service Estonia","description":"Boat Service Estonia - Mootorpaadid, treilerid, mootorid","publisher":{"@id":"https:\/\/boat-service.ee\/fi\/#organization"},"potentialAction":[{"@type":"SearchAction","target":{"@type":"EntryPoint","urlTemplate":"https:\/\/boat-service.ee\/fi\/?s={search_term_string}"},"query-input":{"@type":"PropertyValueSpecification","valueRequired":true,"valueName":"search_term_string"}}],"inLanguage":"fi"},{"@type":"Organization","@id":"https:\/\/boat-service.ee\/fi\/#organization","name":"KALASTUSPOOD O\u00dc","url":"https:\/\/boat-service.ee\/fi\/","logo":{"@type":"ImageObject","inLanguage":"fi","@id":"https:\/\/boat-service.ee\/fi\/#\/schema\/logo\/image\/","url":"https:\/\/boat-service.ee\/wp-content\/uploads\/2023\/05\/impLogo.png","contentUrl":"https:\/\/boat-service.ee\/wp-content\/uploads\/2023\/05\/impLogo.png","width":270,"height":107,"caption":"KALASTUSPOOD O\u00dc"},"image":{"@id":"https:\/\/boat-service.ee\/fi\/#\/schema\/logo\/image\/"},"sameAs":["https:\/\/www.facebook.com\/boatserviceestonia","https:\/\/www.instagram.com\/kalastus_ja_paadipood\/"]}]}},"_links":{"self":[{"href":"https:\/\/boat-service.ee\/fi\/wp-json\/wp\/v2\/product\/102088","targetHints":{"allow":["GET"]}}],"collection":[{"href":"https:\/\/boat-service.ee\/fi\/wp-json\/wp\/v2\/product"}],"about":[{"href":"https:\/\/boat-service.ee\/fi\/wp-json\/wp\/v2\/types\/product"}],"wp:featuredmedia":[{"embeddable":true,"href":"https:\/\/boat-service.ee\/fi\/wp-json\/wp\/v2\/media\/102153"}],"wp:attachment":[{"href":"https:\/\/boat-service.ee\/fi\/wp-json\/wp\/v2\/media?parent=102088"}],"wp:term":[{"taxonomy":"product_brand","embeddable":true,"href":"https:\/\/boat-service.ee\/fi\/wp-json\/wp\/v2\/product_brand?post=102088"},{"taxonomy":"product_cat","embeddable":true,"href":"https:\/\/boat-service.ee\/fi\/wp-json\/wp\/v2\/product_cat?post=102088"},{"taxonomy":"product_tag","embeddable":true,"href":"https:\/\/boat-service.ee\/fi\/wp-json\/wp\/v2\/product_tag?post=102088"}],"curies":[{"name":"wp","href":"https:\/\/api.w.org\/{rel}","templated":true}]}}