{"id":102053,"date":"2025-06-18T12:33:30","date_gmt":"2025-06-18T10:33:30","guid":{"rendered":"https:\/\/boat-service.ee\/pood\/Ei-luokiteltu\/finval-540-rangy-bsc\/"},"modified":"2026-04-13T10:43:12","modified_gmt":"2026-04-13T08:43:12","slug":"finval-540-rangy-bsc","status":"publish","type":"product","link":"https:\/\/boat-service.ee\/fi\/pood\/veneet\/finval-fi\/finval-540-rangy-bsc\/","title":{"rendered":"FINVAL 540 Rangy BSC"},"content":{"rendered":"<p class=\"remove-all-margins\">Finval Rangy 540 BSC on suunniteltu erityisesti aktiivikalastukseen \u2013 esimerkiksi heittokalastukseen. Rangy 540 BSC sopii hyvin j\u00e4rvi- ja rannikkovesille.Avara kansiratkaisu jossa on paljon tilaa liikkua. S\u00e4ilytystilat ovat runsaat, vavat ja tavarat saa hyvin suojattuihin lokeroihin. Finval Rangy 540 BSC on erinomainen venevaihtoehto sinulle, jos etsit kalastukseen soveltuvaa, mutta my\u00f6s nopeaa ja monipuolista venett\u00e4.<\/p>\n<p><strong>VAKIOVARUSTEET<\/strong><\/p>\n<p class=\"remove-all-margins\">T\u00e4ysin hitsattu alumiinirunko AlMg4,5Mn (5083), paksuus 3 mm<br \/>\nTeipatut kyljet<br \/>\nRatti<br \/>\nKiinte\u00e4 polttoaines\u00e4ili\u00f6 100 L<br \/>\nRST knaapit 6 kpl<br \/>\nLattia p\u00e4\u00e4llysetty marine vinyylill\u00e4<br \/>\nKeulan ja takaheittotaso aukiharjattua mattoa<br \/>\nRaptor\u00ae kulutusta kest\u00e4v\u00e4 pinnoite laidassa, pulpeteissa ja per\u00e4peiliss\u00e4<br \/>\nHarmaat\/mustat\/hopeiset tarrat sivuilla<br \/>\nVapalaatikko kekell\u00e4 10 x 2.45<br \/>\nPaikka kalastuspenkille<br \/>\nKeulassa syvennys keulamoottoripolkimelle<br \/>\nPaikka nelj\u00e4lle 2.5 m pitk\u00e4lle vavalle vasemmalla puolella<br \/>\n2 x Ergolux penkki (eteen-taaksep\u00e4in s\u00e4\u00e4t\u00f6)<br \/>\n110 litran kiertovesisumppu LED valoilla ja ajastimella.<br \/>\nLED-valaistus<br \/>\nLED-navigointivalot<br \/>\nValmius kaikuluotaimen ja keulamoottorin asennusta varten<br \/>\nUSB 5V2A pistoke kapteenin pulpetissa<br \/>\nAutomaattinen pilssipumppu<br \/>\nP\u00e4\u00e4kytkin<\/p>\n<p>&nbsp;<\/p>\n<p>&nbsp;<\/p>\n","protected":false},"excerpt":{"rendered":"<p><strong>Tekniset tiedot<\/strong><\/p>\n<table>\n<tbody>\n<tr>\n<td>Pituus, m<\/td>\n<td>5.40<\/td>\n<\/tr>\n<tr>\n<td>Leveys, m<\/td>\n<td>2.30<\/td>\n<\/tr>\n<tr>\n<td>Per\u00e4peilin korkeus, mm<\/td>\n<td>535<\/td>\n<\/tr>\n<tr>\n<td>Syv\u00e4ys, mm<\/td>\n<td>350<\/td>\n<\/tr>\n<tr>\n<td>Per\u00e4peilin kulma<\/td>\n<td>12\u00b0<\/td>\n<\/tr>\n<tr>\n<td>Paino, kg<\/td>\n<td>545<\/td>\n<\/tr>\n<tr>\n<td>Max. kantavuus kg<\/td>\n<td>550<\/td>\n<\/tr>\n<tr>\n<td>Maksimaalinen moottorin paino, kg<\/td>\n<td>235<\/td>\n<\/tr>\n<tr>\n<td>Maksimaalinen moottorin teho, hv<\/td>\n<td>130<\/td>\n<\/tr>\n<tr>\n<td>Suositeltu moottorin teho, hv<\/td>\n<td>90\u2013115<\/td>\n<\/tr>\n<tr>\n<td>Maksimaalinen henkil\u00f6m\u00e4\u00e4r\u00e4<\/td>\n<td>4<\/td>\n<\/tr>\n<tr>\n<td>Polttoaines\u00e4ili\u00f6n l<\/td>\n<td>100<\/td>\n<\/tr>\n<tr>\n<td>Sumppu l<\/td>\n<td>110<\/td>\n<\/tr>\n<\/tbody>\n<\/table>\n","protected":false},"featured_media":102083,"template":"","meta":[],"product_brand":[3721],"product_cat":[3579],"product_tag":[],"class_list":{"0":"post-102053","1":"product","2":"type-product","3":"status-publish","4":"has-post-thumbnail","6":"product_brand-finval","7":"product_cat-finval-fi","8":"tm-has-options","10":"first","11":"instock","12":"taxable","13":"shipping-taxable","14":"purchasable","15":"product-type-simple"},"yoast_head":"<!-- This site is optimized with the Yoast SEO plugin v27.2 - https:\/\/yoast.com\/product\/yoast-seo-wordpress\/ -->\n<title>FINVAL 540 RANGY BSC - Katso kaikki veneet<\/title>\n<meta name=\"description\" content=\"Boat Service Estonia on FINVAL-veneiden virallinen maahantuoja Virossa. Kokoonpan\u0435mme sinulle veneen haluamallasi vene\u043coottorilla, per\u00e4vaunulla ja elektroniikalla. Takaamme valmistajan takuun sek\u00e4 ammattitaitoisen j\u00e4lkihuollon.\" \/>\n<meta name=\"robots\" content=\"index, follow, max-snippet:-1, max-image-preview:large, max-video-preview:-1\" \/>\n<link rel=\"canonical\" href=\"https:\/\/boat-service.ee\/fi\/pood\/veneet\/finval-fi\/finval-540-rangy-bsc\/\" \/>\n<meta property=\"og:locale\" content=\"fi_FI\" \/>\n<meta property=\"og:type\" content=\"article\" \/>\n<meta property=\"og:title\" content=\"FINVAL 540 RANGY BSC - Katso kaikki veneet\" \/>\n<meta property=\"og:description\" content=\"Boat Service Estonia on FINVAL-veneiden virallinen maahantuoja Virossa. Kokoonpan\u0435mme sinulle veneen haluamallasi vene\u043coottorilla, per\u00e4vaunulla ja elektroniikalla. Takaamme valmistajan takuun sek\u00e4 ammattitaitoisen j\u00e4lkihuollon.\" \/>\n<meta property=\"og:url\" content=\"https:\/\/boat-service.ee\/fi\/pood\/veneet\/finval-fi\/finval-540-rangy-bsc\/\" \/>\n<meta property=\"og:site_name\" content=\"Boat Service Estonia\" \/>\n<meta property=\"article:publisher\" content=\"https:\/\/www.facebook.com\/boatserviceestonia\" \/>\n<meta property=\"article:modified_time\" content=\"2026-04-13T08:43:12+00:00\" \/>\n<meta property=\"og:image\" content=\"https:\/\/boat-service.ee\/wp-content\/uploads\/2025\/06\/FINVAL_540_Rangy_BSC_boatserviceestonia_main.webp\" \/>\n\t<meta property=\"og:image:width\" content=\"800\" \/>\n\t<meta property=\"og:image:height\" content=\"800\" \/>\n\t<meta property=\"og:image:type\" content=\"image\/webp\" \/>\n<meta name=\"twitter:card\" content=\"summary_large_image\" \/>\n<meta name=\"twitter:label1\" content=\"Arvioitu lukuaika\" \/>\n\t<meta name=\"twitter:data1\" content=\"1 minuutti\" \/>\n<script type=\"application\/ld+json\" class=\"yoast-schema-graph\">{\"@context\":\"https:\/\/schema.org\",\"@graph\":[{\"@type\":\"WebPage\",\"@id\":\"https:\/\/boat-service.ee\/fi\/pood\/veneet\/finval-fi\/finval-540-rangy-bsc\/\",\"url\":\"https:\/\/boat-service.ee\/fi\/pood\/veneet\/finval-fi\/finval-540-rangy-bsc\/\",\"name\":\"FINVAL 540 RANGY BSC - Katso kaikki veneet\",\"isPartOf\":{\"@id\":\"https:\/\/boat-service.ee\/fi\/#website\"},\"primaryImageOfPage\":{\"@id\":\"https:\/\/boat-service.ee\/fi\/pood\/veneet\/finval-fi\/finval-540-rangy-bsc\/#primaryimage\"},\"image\":{\"@id\":\"https:\/\/boat-service.ee\/fi\/pood\/veneet\/finval-fi\/finval-540-rangy-bsc\/#primaryimage\"},\"thumbnailUrl\":\"https:\/\/boat-service.ee\/wp-content\/uploads\/2025\/06\/FINVAL_540_Rangy_BSC_boatserviceestonia_main.webp\",\"datePublished\":\"2025-06-18T10:33:30+00:00\",\"dateModified\":\"2026-04-13T08:43:12+00:00\",\"description\":\"Boat Service Estonia on FINVAL-veneiden virallinen maahantuoja Virossa. Kokoonpan\u0435mme sinulle veneen haluamallasi vene\u043coottorilla, per\u00e4vaunulla ja elektroniikalla. Takaamme valmistajan takuun sek\u00e4 ammattitaitoisen j\u00e4lkihuollon.\",\"breadcrumb\":{\"@id\":\"https:\/\/boat-service.ee\/fi\/pood\/veneet\/finval-fi\/finval-540-rangy-bsc\/#breadcrumb\"},\"inLanguage\":\"fi\",\"potentialAction\":[{\"@type\":\"ReadAction\",\"target\":[\"https:\/\/boat-service.ee\/fi\/pood\/veneet\/finval-fi\/finval-540-rangy-bsc\/\"]}]},{\"@type\":\"ImageObject\",\"inLanguage\":\"fi\",\"@id\":\"https:\/\/boat-service.ee\/fi\/pood\/veneet\/finval-fi\/finval-540-rangy-bsc\/#primaryimage\",\"url\":\"https:\/\/boat-service.ee\/wp-content\/uploads\/2025\/06\/FINVAL_540_Rangy_BSC_boatserviceestonia_main.webp\",\"contentUrl\":\"https:\/\/boat-service.ee\/wp-content\/uploads\/2025\/06\/FINVAL_540_Rangy_BSC_boatserviceestonia_main.webp\",\"width\":800,\"height\":800,\"caption\":\"FINVAL 540 RANGY BSC ESTONIA kalastuspaat\"},{\"@type\":\"BreadcrumbList\",\"@id\":\"https:\/\/boat-service.ee\/fi\/pood\/veneet\/finval-fi\/finval-540-rangy-bsc\/#breadcrumb\",\"itemListElement\":[{\"@type\":\"ListItem\",\"position\":1,\"name\":\"Home\",\"item\":\"https:\/\/boat-service.ee\/fi\/\"},{\"@type\":\"ListItem\",\"position\":2,\"name\":\"Pood\",\"item\":\"https:\/\/boat-service.ee\/en\/shop\/\"},{\"@type\":\"ListItem\",\"position\":3,\"name\":\"FINVAL 540 Rangy BSC\"}]},{\"@type\":\"WebSite\",\"@id\":\"https:\/\/boat-service.ee\/fi\/#website\",\"url\":\"https:\/\/boat-service.ee\/fi\/\",\"name\":\"Boat Service Estonia\",\"description\":\"Boat Service Estonia - Mootorpaadid, treilerid, mootorid\",\"publisher\":{\"@id\":\"https:\/\/boat-service.ee\/fi\/#organization\"},\"potentialAction\":[{\"@type\":\"SearchAction\",\"target\":{\"@type\":\"EntryPoint\",\"urlTemplate\":\"https:\/\/boat-service.ee\/fi\/?s={search_term_string}\"},\"query-input\":{\"@type\":\"PropertyValueSpecification\",\"valueRequired\":true,\"valueName\":\"search_term_string\"}}],\"inLanguage\":\"fi\"},{\"@type\":\"Organization\",\"@id\":\"https:\/\/boat-service.ee\/fi\/#organization\",\"name\":\"KALASTUSPOOD O\u00dc\",\"url\":\"https:\/\/boat-service.ee\/fi\/\",\"logo\":{\"@type\":\"ImageObject\",\"inLanguage\":\"fi\",\"@id\":\"https:\/\/boat-service.ee\/fi\/#\/schema\/logo\/image\/\",\"url\":\"https:\/\/boat-service.ee\/wp-content\/uploads\/2023\/05\/impLogo.png\",\"contentUrl\":\"https:\/\/boat-service.ee\/wp-content\/uploads\/2023\/05\/impLogo.png\",\"width\":270,\"height\":107,\"caption\":\"KALASTUSPOOD O\u00dc\"},\"image\":{\"@id\":\"https:\/\/boat-service.ee\/fi\/#\/schema\/logo\/image\/\"},\"sameAs\":[\"https:\/\/www.facebook.com\/boatserviceestonia\",\"https:\/\/www.instagram.com\/kalastus_ja_paadipood\/\"]}]}<\/script>\n<!-- \/ Yoast SEO plugin. -->","yoast_head_json":{"title":"FINVAL 540 RANGY BSC - Katso kaikki veneet","description":"Boat Service Estonia on FINVAL-veneiden virallinen maahantuoja Virossa. Kokoonpan\u0435mme sinulle veneen haluamallasi vene\u043coottorilla, per\u00e4vaunulla ja elektroniikalla. Takaamme valmistajan takuun sek\u00e4 ammattitaitoisen j\u00e4lkihuollon.","robots":{"index":"index","follow":"follow","max-snippet":"max-snippet:-1","max-image-preview":"max-image-preview:large","max-video-preview":"max-video-preview:-1"},"canonical":"https:\/\/boat-service.ee\/fi\/pood\/veneet\/finval-fi\/finval-540-rangy-bsc\/","og_locale":"fi_FI","og_type":"article","og_title":"FINVAL 540 RANGY BSC - Katso kaikki veneet","og_description":"Boat Service Estonia on FINVAL-veneiden virallinen maahantuoja Virossa. Kokoonpan\u0435mme sinulle veneen haluamallasi vene\u043coottorilla, per\u00e4vaunulla ja elektroniikalla. Takaamme valmistajan takuun sek\u00e4 ammattitaitoisen j\u00e4lkihuollon.","og_url":"https:\/\/boat-service.ee\/fi\/pood\/veneet\/finval-fi\/finval-540-rangy-bsc\/","og_site_name":"Boat Service Estonia","article_publisher":"https:\/\/www.facebook.com\/boatserviceestonia","article_modified_time":"2026-04-13T08:43:12+00:00","og_image":[{"width":800,"height":800,"url":"https:\/\/boat-service.ee\/wp-content\/uploads\/2025\/06\/FINVAL_540_Rangy_BSC_boatserviceestonia_main.webp","type":"image\/webp"}],"twitter_card":"summary_large_image","twitter_misc":{"Arvioitu lukuaika":"1 minuutti"},"schema":{"@context":"https:\/\/schema.org","@graph":[{"@type":"WebPage","@id":"https:\/\/boat-service.ee\/fi\/pood\/veneet\/finval-fi\/finval-540-rangy-bsc\/","url":"https:\/\/boat-service.ee\/fi\/pood\/veneet\/finval-fi\/finval-540-rangy-bsc\/","name":"FINVAL 540 RANGY BSC - Katso kaikki veneet","isPartOf":{"@id":"https:\/\/boat-service.ee\/fi\/#website"},"primaryImageOfPage":{"@id":"https:\/\/boat-service.ee\/fi\/pood\/veneet\/finval-fi\/finval-540-rangy-bsc\/#primaryimage"},"image":{"@id":"https:\/\/boat-service.ee\/fi\/pood\/veneet\/finval-fi\/finval-540-rangy-bsc\/#primaryimage"},"thumbnailUrl":"https:\/\/boat-service.ee\/wp-content\/uploads\/2025\/06\/FINVAL_540_Rangy_BSC_boatserviceestonia_main.webp","datePublished":"2025-06-18T10:33:30+00:00","dateModified":"2026-04-13T08:43:12+00:00","description":"Boat Service Estonia on FINVAL-veneiden virallinen maahantuoja Virossa. Kokoonpan\u0435mme sinulle veneen haluamallasi vene\u043coottorilla, per\u00e4vaunulla ja elektroniikalla. Takaamme valmistajan takuun sek\u00e4 ammattitaitoisen j\u00e4lkihuollon.","breadcrumb":{"@id":"https:\/\/boat-service.ee\/fi\/pood\/veneet\/finval-fi\/finval-540-rangy-bsc\/#breadcrumb"},"inLanguage":"fi","potentialAction":[{"@type":"ReadAction","target":["https:\/\/boat-service.ee\/fi\/pood\/veneet\/finval-fi\/finval-540-rangy-bsc\/"]}]},{"@type":"ImageObject","inLanguage":"fi","@id":"https:\/\/boat-service.ee\/fi\/pood\/veneet\/finval-fi\/finval-540-rangy-bsc\/#primaryimage","url":"https:\/\/boat-service.ee\/wp-content\/uploads\/2025\/06\/FINVAL_540_Rangy_BSC_boatserviceestonia_main.webp","contentUrl":"https:\/\/boat-service.ee\/wp-content\/uploads\/2025\/06\/FINVAL_540_Rangy_BSC_boatserviceestonia_main.webp","width":800,"height":800,"caption":"FINVAL 540 RANGY BSC ESTONIA kalastuspaat"},{"@type":"BreadcrumbList","@id":"https:\/\/boat-service.ee\/fi\/pood\/veneet\/finval-fi\/finval-540-rangy-bsc\/#breadcrumb","itemListElement":[{"@type":"ListItem","position":1,"name":"Home","item":"https:\/\/boat-service.ee\/fi\/"},{"@type":"ListItem","position":2,"name":"Pood","item":"https:\/\/boat-service.ee\/en\/shop\/"},{"@type":"ListItem","position":3,"name":"FINVAL 540 Rangy BSC"}]},{"@type":"WebSite","@id":"https:\/\/boat-service.ee\/fi\/#website","url":"https:\/\/boat-service.ee\/fi\/","name":"Boat Service Estonia","description":"Boat Service Estonia - Mootorpaadid, treilerid, mootorid","publisher":{"@id":"https:\/\/boat-service.ee\/fi\/#organization"},"potentialAction":[{"@type":"SearchAction","target":{"@type":"EntryPoint","urlTemplate":"https:\/\/boat-service.ee\/fi\/?s={search_term_string}"},"query-input":{"@type":"PropertyValueSpecification","valueRequired":true,"valueName":"search_term_string"}}],"inLanguage":"fi"},{"@type":"Organization","@id":"https:\/\/boat-service.ee\/fi\/#organization","name":"KALASTUSPOOD O\u00dc","url":"https:\/\/boat-service.ee\/fi\/","logo":{"@type":"ImageObject","inLanguage":"fi","@id":"https:\/\/boat-service.ee\/fi\/#\/schema\/logo\/image\/","url":"https:\/\/boat-service.ee\/wp-content\/uploads\/2023\/05\/impLogo.png","contentUrl":"https:\/\/boat-service.ee\/wp-content\/uploads\/2023\/05\/impLogo.png","width":270,"height":107,"caption":"KALASTUSPOOD O\u00dc"},"image":{"@id":"https:\/\/boat-service.ee\/fi\/#\/schema\/logo\/image\/"},"sameAs":["https:\/\/www.facebook.com\/boatserviceestonia","https:\/\/www.instagram.com\/kalastus_ja_paadipood\/"]}]}},"_links":{"self":[{"href":"https:\/\/boat-service.ee\/fi\/wp-json\/wp\/v2\/product\/102053","targetHints":{"allow":["GET"]}}],"collection":[{"href":"https:\/\/boat-service.ee\/fi\/wp-json\/wp\/v2\/product"}],"about":[{"href":"https:\/\/boat-service.ee\/fi\/wp-json\/wp\/v2\/types\/product"}],"wp:featuredmedia":[{"embeddable":true,"href":"https:\/\/boat-service.ee\/fi\/wp-json\/wp\/v2\/media\/102083"}],"wp:attachment":[{"href":"https:\/\/boat-service.ee\/fi\/wp-json\/wp\/v2\/media?parent=102053"}],"wp:term":[{"taxonomy":"product_brand","embeddable":true,"href":"https:\/\/boat-service.ee\/fi\/wp-json\/wp\/v2\/product_brand?post=102053"},{"taxonomy":"product_cat","embeddable":true,"href":"https:\/\/boat-service.ee\/fi\/wp-json\/wp\/v2\/product_cat?post=102053"},{"taxonomy":"product_tag","embeddable":true,"href":"https:\/\/boat-service.ee\/fi\/wp-json\/wp\/v2\/product_tag?post=102053"}],"curies":[{"name":"wp","href":"https:\/\/api.w.org\/{rel}","templated":true}]}}