{"id":102829,"date":"2025-11-06T17:32:30","date_gmt":"2025-11-06T15:32:30","guid":{"rendered":"https:\/\/boat-service.ee\/?page_id=102829"},"modified":"2025-11-06T17:32:31","modified_gmt":"2025-11-06T15:32:31","slug":"verkkokaupan-myyntiehdot","status":"publish","type":"page","link":"https:\/\/boat-service.ee\/fi\/verkkokaupan-myyntiehdot\/","title":{"rendered":"VERKKOKAUPAN MYYNTIEHDOT"},"content":{"rendered":"\t<section class=\"section\" id=\"section_45000243\">\n\t\t<div class=\"bg section-bg fill bg-fill  bg-loaded\" >\n\n\t\t\t\n\t\t\t\n\t\t\t\n\n\t\t<\/div>\n\n\t\t\n\n\t\t<div class=\"section-content relative\">\n\t\t\t\n<div class=\"row\"  id=\"row-267057593\">\n\n\t<div id=\"col-2054014333\" class=\"col small-12 large-12\"  >\n\t\t\t\t<div class=\"col-inner\"  >\n\t\t\t\n\t\t\t\n<h3 id=\"veebipoe-m\u00fc\u00fcgitingimused\"><strong>VERKKOKAUPAN MYYNTIEHDOT<\/strong><\/h3>\n<p>Verkkokauppa Boat-Servicen (j\u00e4ljemp\u00e4n\u00e4 Verkkokauppa) omistaja on O\u00dc Kalastuspood  (<strong>Y-tunnus: 12539595<\/strong>), osoite <strong><span class=\"s1\">Angerja tee 57, H\u00fc\u00fcru, Saue vald, 76911 Harjumaa, Viro<\/span><\/strong><\/p>\n<p><strong>Kauppasopimuksen voimassaolo, tuote- ja hintatiedot<\/strong><\/p>\n<p>Myyntiehdot ovat voimassa ostettaessa tuotteita Verkkokaupasta.<\/p>\n<p>Verkkokaupassa myyt\u00e4vien tuotteiden hinnat on merkitty tuotteiden yhteyteen. Hintaan lis\u00e4t\u00e4\u00e4n maksu tuotteen toimittamisesta (palveluntarjoajan hinnaston mukaisesti). Kaikki verkkokaupassa myyt\u00e4vien tuotteiden hinnat ovat euroissa.<\/p>\n<p>Tuotteen toimitusmaksu riippuu ostajan sijainnista ja toimitustavasta. Toimitusmaksu n\u00e4ytet\u00e4\u00e4n ostajalle tilauksen viimeistelyhetkell\u00e4.<\/p>\n<p>Tiedot tuotteesta on esitetty Verkkokaupassa suoraan tuotteen yhteydess\u00e4.<\/p>\n<p><strong>Tilauksen tekeminen<\/strong><\/p>\n<p>Tuotteen tilaamiseksi tulee lis\u00e4t\u00e4 halutut tuotteet ostoskoriin. Tilauksen viimeistelemiseksi tulee t\u00e4ytt\u00e4\u00e4 vaaditut tietokent\u00e4t ja valita sopiva tuotteiden toimitustapa. T\u00e4m\u00e4n j\u00e4lkeen n\u00e4yt\u00f6lle tulee maksun suuruus, jonka voi maksaa turvallisesti seuraavien maksutapojen kautta:<\/p>\n<ul>\n<li>Viron pankkiyhteydet: Swedbank, SEB, LHV<\/li>\n<li>Maksa my\u00f6hemmin -ratkaisut: Liisi osamaksu, LHV osamaksu, Swedbank osamaksu<\/li>\n<li>Laskulla maksaminen (Ostoskorissa pyyd\u00e4tte, ett\u00e4 l\u00e4het\u00e4mme Teille laskun rahansiirtoon tarvittavine ohjeineen)<\/li>\n<\/ul>\n<p>HUOM! Pankkiyhteydell\u00e4 maksettaessa on ehdottomasti painettava pankin sivulla painiketta &#8221;Palaa kauppiaalle&#8221;.<\/p>\n<p>Maksut v\u00e4litt\u00e4\u00e4 <a href=\"https:\/\/montonio.com\/et\/\" target=\"_blank\" rel=\"noopener noreferrer\">Montonio Finance O\u00dc<\/a>. Maksaminen tapahtuu Verkkokaupan ulkopuolella turvallisessa ymp\u00e4rist\u00f6ss\u00e4 \u2013 pankkiyhteydell\u00e4 maksettaessa vastaavan pankin turvallisessa ymp\u00e4rist\u00f6ss\u00e4 ja luottokortilla maksettaessa Montonio Finance O\u00dc:n turvallisessa ymp\u00e4rist\u00f6ss\u00e4. Myyj\u00e4ll\u00e4 ei ole p\u00e4\u00e4sy\u00e4 asiakkaan pankki- ja luottokorttitietoihin. Sopimus tulee voimaan maksettavan summan saapumisesta Verkkokaupan tilille.<\/p>\n<p>Verkkokaupan omistaja on henkil\u00f6tietojen rekisterinpit\u00e4j\u00e4 ja v\u00e4litt\u00e4\u00e4 maksujen suorittamiseen tarvittavat henkil\u00f6tiedot valtuutetulle k\u00e4sittelij\u00e4lle Montonio Finance O\u00dc:lle.<\/p>\n<p>Jos tilatun tuotteen toimittaminen ei ole mahdollista tuotteen loppumisen tai muun syyn vuoksi, ilmoitetaan t\u00e4st\u00e4 ostajalle ensimmaisella mahdollisuudella ja palautetaan maksettu raha (ml. tuotteen toimituskulut) viipym\u00e4tt\u00e4, mutta viimeist\u00e4\u00e4n 14 p\u00e4iv\u00e4n kuluessa ilmoituksen l\u00e4hett\u00e4misest\u00e4.<\/p>\n<p><strong>Toimitus<\/strong><\/p>\n<p>Tuotteita l\u00e4hetet\u00e4\u00e4n seuraaviin maihin: Viro, Suomi. (muut maat sopimuksen mukaan)<\/p>\n<p>Tuotteen vastaanottamiseksi ostajalla on seuraavat vaihtoehdot:<\/p>\n<p>Noudan itse tuotteen (<strong><span class=\"s1\">Angerja tee 57, H\u00fc\u00fcru, Saue vald, 76911 Harjumaa, Viro<\/span><\/strong>) \/ Itella-Smartpost \/ Omniva \/DPD \/Kuriirilla kotiin.<\/p>\n<p>Tuotteen l\u00e4hetyskulut maksaa ostaja ja vastaavat hintatiedot n\u00e4ytet\u00e4\u00e4n l\u00e4hetystavan yhteydess\u00e4.<\/p>\n<p><strong><span style=\"font-size: 140%;\">HUOM! Toimitusaika vaihtelee eri tuotteiden kohdalla.<\/span><br \/><\/strong>Tarkan toimitusajan saamiseksi kirjoita: kauplus@boat-service.ee<\/p>\n<p>Viron sis\u00e4iset l\u00e4hetykset saapuvat yleens\u00e4 ostajan m\u00e4\u00e4r\u00e4\u00e4m\u00e4\u00e4n kohteeseen kahdesta viiteen arkip\u00e4iv\u00e4\u00e4 kauppasopimuksen voimaantulosta. Viron ulkopuolelle toimitus tapahtuu seitsem\u00e4st\u00e4 kymmeneen arkip\u00e4iv\u00e4\u00e4.<\/p>\n<p>Poikkeuksellisissa tapauksissa on oikeus toimittaa tuote jopa 45 kalenterip\u00e4iv\u00e4n kuluessa.<\/p>\n<p><strong>Peruutusoikeus<\/strong><\/p>\n<p>Tilauksen vastaanottamisen j\u00e4lkeen ostajalla on oikeus peruuttaa verkkokaupassa tehty sopimus 14 p\u00e4iv\u00e4n kuluessa.<\/p>\n<p>Peruutusoikeus ei koske, jos ostaja on oikeushenkil\u00f6.<\/p>\n<p>14-p\u00e4iv\u00e4isen palautusoikeuden k\u00e4ytt\u00e4miseksi ei saa k\u00e4ytt\u00e4\u00e4 tilattua tuotetta muulla tavalla kuin on tarpeen tuotteen luonteen, ominaisuuksien ja toiminnan varmistamiseksi tavalla, joka on sallittu tuotteen testaamiseksi fyysisess\u00e4 myym\u00e4l\u00e4ss\u00e4.<\/p>\n<p>Jos tuotetta on k\u00e4ytetty muuhun tarkoitukseen kuin on tarpeen tuotteen luonteen, ominaisuuksien ja toiminnan varmistamiseksi tai siin\u00e4 on k\u00e4yt\u00f6n tai kulumisen merkkej\u00e4, Verkkokaupalla on oikeus alentaa palautettavaa maksua tuotteen arvon alenemisen mukaisesti.<\/p>\n<p>Tuotteen palauttamiseksi tulee esitt\u00e4\u00e4 tuotteen ostosta peruutusilmoitus, jonka lomake l\u00f6ytyy t\u00e4\u00e4lt\u00e4: <span style=\"color: #0000ff;\"><a style=\"color: #0000ff;\" href=\"https:\/\/boat-service.ee\/wp-content\/uploads\/2024\/05\/kauba-tagastamise-avaldus2024.pdf\">tuotteen palautuslomake<\/a><\/span> ja l\u00e4hett\u00e4\u00e4 se s\u00e4hk\u00f6postiosoitteeseen info@boat-service.ee viimeist\u00e4\u00e4n 14 p\u00e4iv\u00e4n kuluessa tuotteen vastaanottamisesta.<\/p>\n<p><strong>Oikeus reklamaation esitt\u00e4miseen<\/strong><\/p>\n<p>Verkkokauppa vastaa ostajalle myydyn tuotteen sopimusehtojen vastaamattomuudesta tai puutteesta, joka oli olemassa jo tavaran luovutushetkell\u00e4 ja joka ilmenee enint\u00e4\u00e4n kahden vuoden kuluessa tuotteen luovuttamisesta ostajalle. Ensimm\u00e4isen kuuden kuukauden aikana tavaran luovuttamisesta ostajalle oletetaan, ett\u00e4 puute oli olemassa jo tavaran luovutushetkell\u00e4. Vastaavan oletuksen kumoaminen on Verkkokaupan velvollisuus.<\/p>\n<p>Ostajalla on oikeus puutteen ilmetess\u00e4 k\u00e4\u00e4nty\u00e4 viimeist\u00e4\u00e4n kahden kuukauden kuluessa verkkokaupan puoleen l\u00e4hett\u00e4m\u00e4ll\u00e4 s\u00e4hk\u00f6posti osoitteeseen info@boat-service.ee<\/p>\n<p>Verkkokauppa ei vastaa puutteista, jotka ovat syntyneet tuotteen luovuttamisen j\u00e4lkeen ostajalle.<\/p>\n<p>Jos Verkkokaupasta ostetulla tuotteella on puutteita, joista Verkkokauppa vastaa, Verkkokauppa korjaa tai vaihtaa puutteellisen tuotteen. Jos tuotetta ei ole mahdollista korjata tai vaihtaa, Verkkokauppa palauttaa ostajalle kaikki kauppasopimukseen liittyneet maksut.<\/p>\n<p>Verkkokauppa vastaa kuluttajan esitt\u00e4m\u00e4\u00e4n valitukseen kirjallisesti tai kirjallista toistettavuutta mahdollistavassa muodossa 15 p\u00e4iv\u00e4n kuluessa.<\/p>\n<p>Palautamme palautetun tuotteen maksun takaisin tilillemme viimeist\u00e4\u00e4n 14 p\u00e4iv\u00e4n kuluessa peruutusilmoituksen saapumisesta meille, edellytt\u00e4en ett\u00e4 olet saman m\u00e4\u00e4r\u00e4ajan kuluessa palauttanut tuotteen.<\/p>\n<p><strong>Suoramarkkinointi ja henkil\u00f6tietojen k\u00e4sittely<\/strong><\/p>\n<p>Verkkokauppa k\u00e4ytt\u00e4\u00e4 ostajan sy\u00f6tt\u00e4mi\u00e4 henkil\u00f6tietoja ainoastaan tilauksen k\u00e4sittelyyn ja tuotteen l\u00e4hett\u00e4miseen ostajalle. Verkkokauppa v\u00e4litt\u00e4\u00e4 henkil\u00f6tietoja kuljetuspalvelua tarjoavalle yritykselle tuotteen toimittamiseksi perille.<\/p>\n<p>Verkkokauppa l\u00e4hett\u00e4\u00e4 ostajalle uutiskirjeit\u00e4 ja tarjouksia ostajan s\u00e4hk\u00f6postiosoitteeseen vain, jos ostaja on t\u00e4h\u00e4n ilmaissut toiveensa sy\u00f6tt\u00e4m\u00e4ll\u00e4 verkkosivulla s\u00e4hk\u00f6postiosoitteensa ja ilmoittanut toiveensa suorapostitusviestien vastaanottamisesta.<\/p>\n<p>Ostajalla on milloin tahansa mahdollisuus luopua s\u00e4hk\u00f6postiin l\u00e4hetett\u00e4vist\u00e4 tarjouksista ja uutiskirjeist\u00e4 ilmoittamalla t\u00e4st\u00e4 meille s\u00e4hk\u00f6postitse tai seuraamalla tarjouksia sis\u00e4lt\u00e4v\u00e4ss\u00e4 s\u00e4hk\u00f6postissa annettuja ohjeita.<\/p>\n<p><strong>Riitojen ratkaisu<\/strong><\/p>\n<p>Jos ostajalla on Verkkokauppaa koskevia valituksia, ne tulee l\u00e4hett\u00e4\u00e4 s\u00e4hk\u00f6postiosoitteeseen info@boat-service.ee<\/p>\n<p>Jos ostaja ja Verkkokauppa eiv\u00e4t pysty ratkaisemaan riitaa sopimuksella, ostajalla on mahdollisuus k\u00e4\u00e4nty\u00e4 Kuluttajariitalautakunnan puoleen. K\u00e4sittelyehdot ja hakemuksen j\u00e4tt\u00e4minen <a href=\"https:\/\/komisjon.ee\/et\/avalduse-esitamine\" target=\"_blank\" rel=\"noopener noreferrer\">t\u00e4\u00e4ll\u00e4<\/a>. Kuluttajariitalautakunnan toimivaltaan kuuluu ratkaista ostajan ja Verkkokaupan v\u00e4lill\u00e4 tehdyst\u00e4 sopimuksesta johtuvia riitoja. Ostajan valituksen k\u00e4sittely lautakunnassa on maksutonta.<\/p>\n<p>Kalastuspood O\u00dc pid\u00e4tt\u00e4\u00e4 oikeuden luopua myynnist\u00e4, jos tuotteen kanssa on tapahtunut jokin seuraavista ongelmista: on tapahtunut inhimillinen virhe hinnan sy\u00f6tt\u00e4misess\u00e4 tai tekninen virhe j\u00e4rjestelm\u00e4ss\u00e4 (esimerkiksi jos 500 EUR maksava kumivene on yht\u00e4kki\u00e4 myynniss\u00e4 50 EUR:lla, on kyseess\u00e4 selv\u00e4sti virhe. T\u00e4st\u00e4 johtuen oletamme, ett\u00e4 asiakkaan tulisi ymm\u00e4rt\u00e4\u00e4, ett\u00e4 kyseess\u00e4 on virhe eik\u00e4 tuote kuulu myyt\u00e4v\u00e4ksi sellaisella hinnalla.)<br \/>Tuotetietoja tarkistetaan ja parannetaan s\u00e4\u00e4nn\u00f6llisesti. Tiedot voivat olla viimeisen k\u00e4yntisi j\u00e4lkeen p\u00e4ivittyneet. Valmistajien tietokorttien puutteellisuuden vuoksi Boat-Service verkkokaupan tuotetiedoissa voi esiinty\u00e4 ep\u00e4tarkkuuksia.<\/p>\n<p>Ostaja voi k\u00e4\u00e4nty\u00e4 Euroopan unionin kuluttajariitojen ratkaisualustan<span style=\"color: #0000ff;\"> <a style=\"color: #0000ff;\" href=\"https:\/\/ec.europa.eu\/consumers\/odr\/main\/index.cfm?event=main.home2.show&amp;lng=ET\" target=\"_blank\" rel=\"noopener noreferrer\">puoleen<\/a><\/span>.<\/p>\n\t\t<\/div>\n\t\t\t\t\t<\/div>\n\n\t\n<\/div>\n\t\t<\/div>\n\n\t\t\n<style>\n#section_45000243 {\n  padding-top: 50px;\n  padding-bottom: 50px;\n}\n<\/style>\n\t<\/section>\n\t\n","protected":false},"excerpt":{"rendered":"","protected":false},"author":81,"featured_media":0,"parent":0,"menu_order":0,"comment_status":"closed","ping_status":"closed","template":"","meta":{"footnotes":""},"class_list":["post-102829","page","type-page","status-publish","hentry"],"yoast_head":"<!-- This site is optimized with the Yoast SEO plugin v27.2 - https:\/\/yoast.com\/product\/yoast-seo-wordpress\/ -->\n<title>VERKKOKAUPAN MYYNTIEHDOT - Boat Service Estonia<\/title>\n<meta name=\"robots\" content=\"index, follow, max-snippet:-1, max-image-preview:large, max-video-preview:-1\" \/>\n<link rel=\"canonical\" href=\"https:\/\/boat-service.ee\/fi\/verkkokaupan-myyntiehdot\/\" \/>\n<meta property=\"og:locale\" content=\"fi_FI\" \/>\n<meta property=\"og:type\" content=\"article\" \/>\n<meta property=\"og:title\" content=\"VERKKOKAUPAN MYYNTIEHDOT - Boat Service Estonia\" \/>\n<meta property=\"og:url\" content=\"https:\/\/boat-service.ee\/fi\/verkkokaupan-myyntiehdot\/\" \/>\n<meta property=\"og:site_name\" content=\"Boat Service Estonia\" \/>\n<meta property=\"article:publisher\" content=\"https:\/\/www.facebook.com\/boatserviceestonia\" \/>\n<meta property=\"article:modified_time\" content=\"2025-11-06T15:32:31+00:00\" \/>\n<meta name=\"twitter:card\" content=\"summary_large_image\" \/>\n<script type=\"application\/ld+json\" class=\"yoast-schema-graph\">{\"@context\":\"https:\/\/schema.org\",\"@graph\":[{\"@type\":\"WebPage\",\"@id\":\"https:\/\/boat-service.ee\/fi\/verkkokaupan-myyntiehdot\/\",\"url\":\"https:\/\/boat-service.ee\/fi\/verkkokaupan-myyntiehdot\/\",\"name\":\"VERKKOKAUPAN MYYNTIEHDOT - Boat Service Estonia\",\"isPartOf\":{\"@id\":\"https:\/\/boat-service.ee\/fi\/#website\"},\"datePublished\":\"2025-11-06T15:32:30+00:00\",\"dateModified\":\"2025-11-06T15:32:31+00:00\",\"breadcrumb\":{\"@id\":\"https:\/\/boat-service.ee\/fi\/verkkokaupan-myyntiehdot\/#breadcrumb\"},\"inLanguage\":\"fi\",\"potentialAction\":[{\"@type\":\"ReadAction\",\"target\":[\"https:\/\/boat-service.ee\/fi\/verkkokaupan-myyntiehdot\/\"]}]},{\"@type\":\"BreadcrumbList\",\"@id\":\"https:\/\/boat-service.ee\/fi\/verkkokaupan-myyntiehdot\/#breadcrumb\",\"itemListElement\":[{\"@type\":\"ListItem\",\"position\":1,\"name\":\"Home\",\"item\":\"https:\/\/boat-service.ee\/fi\/\"},{\"@type\":\"ListItem\",\"position\":2,\"name\":\"VERKKOKAUPAN MYYNTIEHDOT\"}]},{\"@type\":\"WebSite\",\"@id\":\"https:\/\/boat-service.ee\/fi\/#website\",\"url\":\"https:\/\/boat-service.ee\/fi\/\",\"name\":\"Boat Service Estonia\",\"description\":\"Boat Service Estonia - Mootorpaadid, treilerid, mootorid\",\"publisher\":{\"@id\":\"https:\/\/boat-service.ee\/fi\/#organization\"},\"potentialAction\":[{\"@type\":\"SearchAction\",\"target\":{\"@type\":\"EntryPoint\",\"urlTemplate\":\"https:\/\/boat-service.ee\/fi\/?s={search_term_string}\"},\"query-input\":{\"@type\":\"PropertyValueSpecification\",\"valueRequired\":true,\"valueName\":\"search_term_string\"}}],\"inLanguage\":\"fi\"},{\"@type\":\"Organization\",\"@id\":\"https:\/\/boat-service.ee\/fi\/#organization\",\"name\":\"KALASTUSPOOD O\u00dc\",\"url\":\"https:\/\/boat-service.ee\/fi\/\",\"logo\":{\"@type\":\"ImageObject\",\"inLanguage\":\"fi\",\"@id\":\"https:\/\/boat-service.ee\/fi\/#\/schema\/logo\/image\/\",\"url\":\"https:\/\/boat-service.ee\/wp-content\/uploads\/2023\/05\/impLogo.png\",\"contentUrl\":\"https:\/\/boat-service.ee\/wp-content\/uploads\/2023\/05\/impLogo.png\",\"width\":270,\"height\":107,\"caption\":\"KALASTUSPOOD O\u00dc\"},\"image\":{\"@id\":\"https:\/\/boat-service.ee\/fi\/#\/schema\/logo\/image\/\"},\"sameAs\":[\"https:\/\/www.facebook.com\/boatserviceestonia\",\"https:\/\/www.instagram.com\/kalastus_ja_paadipood\/\"]}]}<\/script>\n<!-- \/ Yoast SEO plugin. -->","yoast_head_json":{"title":"VERKKOKAUPAN MYYNTIEHDOT - Boat Service Estonia","robots":{"index":"index","follow":"follow","max-snippet":"max-snippet:-1","max-image-preview":"max-image-preview:large","max-video-preview":"max-video-preview:-1"},"canonical":"https:\/\/boat-service.ee\/fi\/verkkokaupan-myyntiehdot\/","og_locale":"fi_FI","og_type":"article","og_title":"VERKKOKAUPAN MYYNTIEHDOT - Boat Service Estonia","og_url":"https:\/\/boat-service.ee\/fi\/verkkokaupan-myyntiehdot\/","og_site_name":"Boat Service Estonia","article_publisher":"https:\/\/www.facebook.com\/boatserviceestonia","article_modified_time":"2025-11-06T15:32:31+00:00","twitter_card":"summary_large_image","schema":{"@context":"https:\/\/schema.org","@graph":[{"@type":"WebPage","@id":"https:\/\/boat-service.ee\/fi\/verkkokaupan-myyntiehdot\/","url":"https:\/\/boat-service.ee\/fi\/verkkokaupan-myyntiehdot\/","name":"VERKKOKAUPAN MYYNTIEHDOT - Boat Service Estonia","isPartOf":{"@id":"https:\/\/boat-service.ee\/fi\/#website"},"datePublished":"2025-11-06T15:32:30+00:00","dateModified":"2025-11-06T15:32:31+00:00","breadcrumb":{"@id":"https:\/\/boat-service.ee\/fi\/verkkokaupan-myyntiehdot\/#breadcrumb"},"inLanguage":"fi","potentialAction":[{"@type":"ReadAction","target":["https:\/\/boat-service.ee\/fi\/verkkokaupan-myyntiehdot\/"]}]},{"@type":"BreadcrumbList","@id":"https:\/\/boat-service.ee\/fi\/verkkokaupan-myyntiehdot\/#breadcrumb","itemListElement":[{"@type":"ListItem","position":1,"name":"Home","item":"https:\/\/boat-service.ee\/fi\/"},{"@type":"ListItem","position":2,"name":"VERKKOKAUPAN MYYNTIEHDOT"}]},{"@type":"WebSite","@id":"https:\/\/boat-service.ee\/fi\/#website","url":"https:\/\/boat-service.ee\/fi\/","name":"Boat Service Estonia","description":"Boat Service Estonia - Mootorpaadid, treilerid, mootorid","publisher":{"@id":"https:\/\/boat-service.ee\/fi\/#organization"},"potentialAction":[{"@type":"SearchAction","target":{"@type":"EntryPoint","urlTemplate":"https:\/\/boat-service.ee\/fi\/?s={search_term_string}"},"query-input":{"@type":"PropertyValueSpecification","valueRequired":true,"valueName":"search_term_string"}}],"inLanguage":"fi"},{"@type":"Organization","@id":"https:\/\/boat-service.ee\/fi\/#organization","name":"KALASTUSPOOD O\u00dc","url":"https:\/\/boat-service.ee\/fi\/","logo":{"@type":"ImageObject","inLanguage":"fi","@id":"https:\/\/boat-service.ee\/fi\/#\/schema\/logo\/image\/","url":"https:\/\/boat-service.ee\/wp-content\/uploads\/2023\/05\/impLogo.png","contentUrl":"https:\/\/boat-service.ee\/wp-content\/uploads\/2023\/05\/impLogo.png","width":270,"height":107,"caption":"KALASTUSPOOD O\u00dc"},"image":{"@id":"https:\/\/boat-service.ee\/fi\/#\/schema\/logo\/image\/"},"sameAs":["https:\/\/www.facebook.com\/boatserviceestonia","https:\/\/www.instagram.com\/kalastus_ja_paadipood\/"]}]}},"_links":{"self":[{"href":"https:\/\/boat-service.ee\/fi\/wp-json\/wp\/v2\/pages\/102829","targetHints":{"allow":["GET"]}}],"collection":[{"href":"https:\/\/boat-service.ee\/fi\/wp-json\/wp\/v2\/pages"}],"about":[{"href":"https:\/\/boat-service.ee\/fi\/wp-json\/wp\/v2\/types\/page"}],"author":[{"embeddable":true,"href":"https:\/\/boat-service.ee\/fi\/wp-json\/wp\/v2\/users\/81"}],"replies":[{"embeddable":true,"href":"https:\/\/boat-service.ee\/fi\/wp-json\/wp\/v2\/comments?post=102829"}],"version-history":[{"count":1,"href":"https:\/\/boat-service.ee\/fi\/wp-json\/wp\/v2\/pages\/102829\/revisions"}],"predecessor-version":[{"id":102830,"href":"https:\/\/boat-service.ee\/fi\/wp-json\/wp\/v2\/pages\/102829\/revisions\/102830"}],"wp:attachment":[{"href":"https:\/\/boat-service.ee\/fi\/wp-json\/wp\/v2\/media?parent=102829"}],"curies":[{"name":"wp","href":"https:\/\/api.w.org\/{rel}","templated":true}]}}