{"id":102823,"date":"2025-11-06T17:12:33","date_gmt":"2025-11-06T15:12:33","guid":{"rendered":"https:\/\/boat-service.ee\/?page_id=102823"},"modified":"2025-11-06T17:13:51","modified_gmt":"2025-11-06T15:13:51","slug":"tietosuojakaytanto","status":"publish","type":"page","link":"https:\/\/boat-service.ee\/fi\/tietosuojakaytanto\/","title":{"rendered":"Tietosuojak\u00e4yt\u00e4nt\u00f6"},"content":{"rendered":"\t<section class=\"section\" id=\"section_1224099928\">\n\t\t<div class=\"bg section-bg fill bg-fill  bg-loaded\" >\n\n\t\t\t\n\t\t\t\n\t\t\t\n\n\t\t<\/div>\n\n\t\t\n\n\t\t<div class=\"section-content relative\">\n\t\t\t\n<div class=\"row\"  id=\"row-261099305\">\n\n\t<div id=\"col-1791224840\" class=\"col small-12 large-12\"  >\n\t\t\t\t<div class=\"col-inner\"  >\n\t\t\t\n\t\t\t\n<div class=\"container\">\n<h1 class=\"contact__title aos-init aos-animate\" data-aos=\"fade-in\" data-aos-duration=\"1500\" data-aos-delay=\"100\">Tietosuojak\u00e4yt\u00e4nt\u00f6<\/h1>\n<\/div>\n<div class=\"container\">\n<div class=\"content aos-init aos-animate\" data-aos=\"fade-in\" data-aos-duration=\"1500\" data-aos-delay=\"100\">\n<ul class=\"privacy__list aos-init aos-animate\" data-aos=\"fade-in\" data-aos-duration=\"1500\" data-aos-delay=\"100\">\n<li class=\"privacy__list-item\">Yleist\u00e4<\/li>\n<li class=\"privacy__list-item\">Rekisterinpit\u00e4j\u00e4<\/li>\n<li class=\"privacy__list-item\">Mit\u00e4 henkil\u00f6tietoja ker\u00e4\u00e4mme ja miten niit\u00e4 k\u00e4yt\u00e4mme?<\/li>\n<li class=\"privacy__list-item\">Verkkosivujen selailutilastot<\/li>\n<li class=\"privacy__list-item\">Ev\u00e4steet<\/li>\n<li class=\"privacy__list-item\">Kenen kanssa voimme jakaa henkil\u00f6tietojasi?<\/li>\n<li class=\"privacy__list-item\">Turvallisuus<\/li>\n<\/ul>\n<div id=\"item1\" class=\"privacy__item aos-init aos-animate\" data-aos=\"fade-in\" data-aos-duration=\"1500\" data-aos-delay=\"100\">\n<h3 class=\"privacy__item-title\" data-num=\"1\">Yleist\u00e4<\/h3>\n<p class=\"p2\"><span class=\"s1\">K\u00e4sittelemme henkil\u00f6tietoja t\u00e4ss\u00e4 tietosuojak\u00e4yt\u00e4nn\u00f6ss\u00e4 esitettyjen periaatteiden mukaisesti. Pyyd\u00e4mme varaamaan aikaa tutustua t\u00e4h\u00e4n tietosuojak\u00e4yt\u00e4nt\u00f6\u00f6n ja ottamaan meihin yhteytt\u00e4, jos sinulla on kysytt\u00e4v\u00e4\u00e4.<\/span><\/p>\n<p class=\"p2\"><span class=\"s1\">T\u00e4st\u00e4 tietosuojak\u00e4yt\u00e4nn\u00f6st\u00e4 l\u00f6yd\u00e4t yksityiskohtaista tietoa siit\u00e4, mit\u00e4 henkil\u00f6tietoja ker\u00e4\u00e4mme verkkosivustomme kautta ja mihin niit\u00e4 k\u00e4yt\u00e4mme. Kunnioitamme oikeuksiasi, jotka sinulla on yksityisyytesi valvonnan suhteen. Siksi tietosuojak\u00e4yt\u00e4nn\u00f6st\u00e4 l\u00f6yd\u00e4t my\u00f6s tietoa siit\u00e4, miten suojata oikeuksiasi.<\/span><\/p>\n<p class=\"p2\"><span class=\"s1\">Huomioithan, ett\u00e4 voimme p\u00e4ivitt\u00e4\u00e4 tietosuojak\u00e4yt\u00e4nt\u00f6\u00e4mme ja tehdyt muutokset tulevat voimaan v\u00e4litt\u00f6m\u00e4sti. Voimassa olevan tietosuojak\u00e4yt\u00e4nn\u00f6n version l\u00f6yd\u00e4t aina sivulta https:\/\/boat-service.ee\/privaatsuspoliitika<\/span><\/p>\n<\/div>\n<div id=\"item2\" class=\"privacy__item aos-init aos-animate\" data-aos=\"fade-in\" data-aos-duration=\"1500\" data-aos-delay=\"100\">\n<h3 class=\"privacy__item-title\" data-num=\"2\">Rekisterinpit\u00e4j\u00e4<\/h3>\n<div class=\"privacy__item-inner\">\n<p class=\"p2\"><span class=\"s1\">Yrityksen nimi: Kalastuspood O\u00fc<br \/>\nOsoite: Angerja tee 57, H\u00fc\u00fcru, Saue vald, 76911 Harjumaa, Viro<br \/>\nPuhelin: +372 <a href=\"https:\/\/www.google.com\/search?q=boat%20service&amp;rlz=1C1GCEA_enEE899EE899&amp;oq=boat+service&amp;aqs=chrome..69i57j0l4j69i60l3.3151j0j7&amp;sourceid=chrome&amp;ie=UTF-8&amp;sxsrf=ALeKk03pCPCn88cmSdYPCfvosDcPojhcAQ:1590404732078&amp;npsic=0&amp;rflfq=1&amp;rlha=0&amp;rllag=59452546,24690418,11371&amp;tbm=lcl&amp;rldimm=2469692104794318412&amp;lqi=Cgxib2F0IHNlcnZpY2VaHAoMYm9hdCBzZXJ2aWNlIgxib2F0IHNlcnZpY2U&amp;ved=2ahUKEwiCk-qo787pAhVV6KYKHRMCBawQvS4wAHoECAwQIA&amp;rldoc=1&amp;tbs=lrf:!1m4!1u3!2m2!3m1!1e1!1m4!1u2!2m2!2m1!1e1!2m1!1e2!2m1!1e3!3sIAE,lf:1,lf_ui:14&amp;rlst=f#\" data-dtype=\"d3ifr\" data-local-attribute=\"d3ph\" data-ved=\"2ahUKEwje58qs787pAhVBcZoKHcAUC7sQkAgoADAHegQIBBA4\"><span class=\"zgWrF\">5193 3533<\/span><\/a><br \/>\nS\u00e4hk\u00f6posti: <span id=\"wpmt-402234-890389\">info@boat-service.ee<\/span><br \/>\nVerkkosivusto: www.boat-service.ee<\/span><\/p>\n<\/div>\n<\/div>\n<div id=\"item3\" class=\"privacy__item aos-init aos-animate\" data-aos=\"fade-in\" data-aos-duration=\"1500\" data-aos-delay=\"100\">\n<h3 class=\"privacy__item-title\" data-num=\"3\">Yhteydenottolomakkeiden kautta ker\u00e4tyt tiedot<\/h3>\n<p class=\"p2\"><span class=\"s1\">K\u00e4sittelemme ja s\u00e4ilyt\u00e4mme tietoja, jotka jaat meille vapaaehtoisesti verkkosivustomme kautta. Esimerkiksi, kun t\u00e4yt\u00e4t jonkin yhteydenottolomakkeistamme verkkosivuillamme. Yhteydenottolomakkeiden kautta ker\u00e4ttyj\u00e4 henkil\u00f6tietoja (nimi, s\u00e4hk\u00f6postiosoite ja puhelinnumero) k\u00e4sittelemme tarkoituksena vastata esitt\u00e4m\u00e4\u00e4si kyselyyn. Edell\u00e4 mainittujen henkil\u00f6tietojen k\u00e4sittelyn oikeusperustana on tilanteesta riippuen joko rekister\u00f6idyn osallistuessa solmitun sopimuksen t\u00e4ytt\u00e4minen tai ennen sopimuksen solmimista toteutettavat toimenpiteet, tai rekisterinpit\u00e4j\u00e4n oikeutettu etu. Oikeutettuna etuna on t\u00e4ss\u00e4 tapauksessa rekisterinpit\u00e4j\u00e4n etu vastata rekister\u00f6idyn kyselyihin.<\/span><\/p>\n<p class=\"p2\"><span class=\"s1\">Jos haluat ostaa tuotteita meilt\u00e4, kysymme tilauksen t\u00e4ytt\u00e4miseksi ja myynnin valmistelemiseksi nimesi, s\u00e4hk\u00f6postiosoitteesi ja puhelinnumerosi. Jos tilaat meilt\u00e4 my\u00f6s asennuksen, k\u00e4sittelemme edell\u00e4 mainittujen henkil\u00f6tietojen lis\u00e4ksi osoitettasi. Oikeusperusta t\u00e4llaiselle tietojen k\u00e4sittelylle on henkil\u00f6tietojen k\u00e4sittely rekister\u00f6idyn osallistuessa solmitun sopimuksen t\u00e4ytt\u00e4miseksi tai sopimuksen solmimista edelt\u00e4vien toimenpiteiden toteuttamiseksi rekister\u00f6idyn pyynn\u00f6st\u00e4.<\/span><\/p>\n<p class=\"p2\"><span class=\"s1\">Sen j\u00e4lkeen, kun olemme vastanneet kyselyysi ja\/tai t\u00e4ytt\u00e4neet tilauksen, voimme s\u00e4ilytt\u00e4\u00e4 henkil\u00f6tietojasi helpottaaksemme tulevaa viestint\u00e4\u00e4 kanssasi. N\u00e4iden henkil\u00f6tietojen k\u00e4sittelyn oikeusperustana on oikeutettu etumme varmistaa nopea viestint\u00e4 asiakkaidemme ja muiden henkil\u00f6iden kanssa, jotka ovat osoittaneet kiinnostusta yrityksemme ja sen tuotteita kohtaan.<\/span><\/p>\n<\/div>\n<div id=\"item4\" class=\"privacy__item aos-init aos-animate\" data-aos=\"fade-in\" data-aos-duration=\"1500\" data-aos-delay=\"100\">\n<h3 class=\"privacy__item-title\" data-num=\"4\">Verkkosivujen selailutilastot<\/h3>\n<p class=\"p2\"><span class=\"s1\">Kuten monet muutkin verkkosivustot, ker\u00e4\u00e4mme tilastoja siit\u00e4, miten k\u00e4vij\u00e4t k\u00e4ytt\u00e4v\u00e4t verkkosivustoamme. T\u00e4llaiset tilastot ovat tarpeen, jotta voimme paremmin ymm\u00e4rt\u00e4\u00e4 k\u00e4vij\u00f6idemme k\u00e4ytt\u00e4ytymist\u00e4 ja parantaa verkkosivustomme k\u00e4ytt\u00e4j\u00e4kokemusta.<\/span><\/p>\n<p class=\"p2\"><span class=\"s1\">Verkkosivuston k\u00e4vij\u00f6ist\u00e4 tallennetaan muun muassa seuraavat tiedot: selaimen tyyppi ja versio, laitteen tyyppi ja k\u00e4ytt\u00f6j\u00e4rjestelm\u00e4, IP-osoite, verkkosivuston vierailuistunnon kesto, vieraillut sivut sek\u00e4 k\u00e4vij\u00e4n sijainti. K\u00e4vij\u00f6ist\u00e4 ker\u00e4ttyj\u00e4 tietoja k\u00e4yt\u00e4mme vain anonyymiss\u00e4 muodossa emmek\u00e4 yhdist\u00e4 niit\u00e4 mihink\u00e4\u00e4n tiettyyn luonnolliseen henkil\u00f6\u00f6n.<\/span><\/p>\n<p class=\"p2\"><span class=\"s1\">Verkkosivuston k\u00e4vij\u00f6ist\u00e4 ker\u00e4ttyjen tietojen analysointiin k\u00e4yt\u00e4mme ty\u00f6kaluja: Google Analytics, HotJar.<\/span><\/p>\n<\/div>\n<div id=\"item5\" class=\"privacy__item aos-init aos-animate\" data-aos=\"fade-in\" data-aos-duration=\"1500\" data-aos-delay=\"100\">\n<h3 class=\"privacy__item-title\" data-num=\"5\">Ev\u00e4steet<\/h3>\n<p class=\"p2\"><span class=\"s1\">Kuten useimmat muutkin verkkosivustot, k\u00e4yt\u00e4mme verkkosivustollamme ev\u00e4steit\u00e4. Ev\u00e4ste on pieni tekstitiedosto, jonka verkkosivusto tallentaa tietokoneeseesi tai laitteeseen, kun vierailet verkkosivustolla. Se mahdollistaa verkkosivuston muistavan toimintasi ja mieltymyksesi pidemm\u00e4n aikaa, jotta sinun ei tarvitse sy\u00f6tt\u00e4\u00e4 niit\u00e4 uudelleen, kun vierailet verkkosivustolla uudelleen tai kun siirryt sivulta toiselle.<\/span><\/p>\n<p class=\"p2\"><span class=\"s1\">K\u00e4yt\u00e4mme ev\u00e4steit\u00e4 ensisijaisesti verkkosivuston asianmukaisen toiminnan ja verkkoliikenteen analysoimisen vuoksi, mutta my\u00f6s sinulle kohdistettujen mainosten n\u00e4ytt\u00e4miseen Facebookissa, Instagramissa ja\/tai Googlessa.<\/span><\/p>\n<p class=\"p2\"><span class=\"s1\">Sinulla on mahdollisuus halutessasi est\u00e4\u00e4 tai rajoittaa ev\u00e4steiden tallentumista tietokoneeseesi. Voit my\u00f6s poistaa kaikki ev\u00e4steet, jotka on t\u00e4h\u00e4n menness\u00e4 tallennettu tietokoneeseesi. T\u00e4t\u00e4 varten sinun tulee muuttaa selaimesi henkil\u00f6kohtaisia tietosuoja-asetuksia. Kuitenkin, jos est\u00e4t tai rajoitat ev\u00e4steiden tallentumista tietokoneeseesi, tietyt toiminnallisuudet eiv\u00e4t v\u00e4ltt\u00e4m\u00e4tt\u00e4 toimi.<\/span><\/p>\n<p class=\"p2\"><span class=\"s1\"><b>K\u00e4yt\u00e4mme verkkosivustollamme seuraavia ev\u00e4steit\u00e4:<\/b><\/span><\/p>\n<p class=\"p2\"><span class=\"s1\"><b>Google Analytics -ev\u00e4steet<\/b> \u2013 k\u00e4yt\u00e4mme t\u00e4llaisia ev\u00e4steit\u00e4 verkkosivustomme liikenteen analysointiin. P\u00e4\u00e4asiassa k\u00e4yt\u00e4mme Google Analytics -ev\u00e4steit\u00e4 analysoidaksemme, onko kyseess\u00e4 uusi vai palaava k\u00e4vij\u00e4, mit\u00e4 verkkosivuja vieraillaan, kuinka kauan verkkosivustolla viivyt\u00e4\u00e4n ja mist\u00e4 k\u00e4vij\u00e4t tulevat verkkosivustollemme. T\u00e4llaiset tiedot ovat meille t\u00e4rkeit\u00e4, jotta voimme paremmin ymm\u00e4rt\u00e4\u00e4 verkkosivustomme k\u00e4vij\u00f6iden k\u00e4ytt\u00e4ytymist\u00e4 ja parantaa n\u00e4in verkkosivustomme k\u00e4ytt\u00e4j\u00e4kokemusta.<\/span><\/p>\n<p class=\"p2\"><span class=\"s1\">Lis\u00e4ksi k\u00e4yt\u00e4mme <b>Facebookin ja Googlen ev\u00e4steit\u00e4<\/b>, jotka mahdollistavat meid\u00e4n kohdistaa sinulle mainoksia, joita n\u00e4et Facebookissa, Instagramissa ja\/tai Googlessa, ja mitata t\u00e4llaisten mainosten tehokkuutta.<\/span><\/p>\n<\/div>\n<div id=\"item6\" class=\"privacy__item aos-init aos-animate\" data-aos=\"fade-in\" data-aos-duration=\"1500\" data-aos-delay=\"100\">\n<h3 class=\"privacy__item-title\" data-num=\"6\">Kenen kanssa voimme jakaa henkil\u00f6tietojasi?<\/h3>\n<p class=\"p2\"><span class=\"s1\">Emme jaa, vuokraa, myy tai julkista mill\u00e4\u00e4n muulla tavalla henkil\u00f6tietoja, joita ker\u00e4\u00e4mme verkkosivustomme kautta, paitsi seuraavissa tapauksissa:<\/span><\/p>\n<ul class=\"ul1\">\n<li class=\"li4\"><span class=\"s1\">Voimme paljastaa sinusta ker\u00e4\u00e4mi\u00e4mme tietoja sopimusperusteisille palveluntarjoajillemme, jos t\u00e4llainen paljastaminen mahdollistaa n\u00e4iden osapuolten tarjota meille liiketoiminnallista, ammatillista tai teknist\u00e4 tukea.<\/span><\/li>\n<li class=\"li4\"><span class=\"s1\">Voimme my\u00f6s paljastaa kolmansille osapuolille anonyymej\u00e4 tietoja, joita ker\u00e4\u00e4mme verkkosivustomme kautta. Esimerkiksi voimme paljastaa verkkosivustomme k\u00e4vij\u00f6iden m\u00e4\u00e4r\u00e4n tai muuta tilastollista tietoa.<\/span><\/li>\n<\/ul>\n<p>Maksut v\u00e4litt\u00e4\u00e4 <a href=\"https:\/\/montonio.com\/et\/\" target=\"_blank\" rel=\"noopener noreferrer\">Montonio Finance O\u00dc<\/a>. Maksaminen tapahtuu verkkokaupan ulkopuolella turvallisessa ymp\u00e4rist\u00f6ss\u00e4 \u2013 pankkiyhteydell\u00e4 maksettaessa vastaavan pankin turvallisessa ymp\u00e4rist\u00f6ss\u00e4 ja luottokortilla maksettaessa Montonio Finance O\u00dc:n turvallisessa ymp\u00e4rist\u00f6ss\u00e4. Myyj\u00e4ll\u00e4 ei ole p\u00e4\u00e4sy\u00e4 asiakkaan pankki- ja luottokorttitietoihin. Sopimus tulee voimaan maksettavan summan saapumisesta verkkokaupan tilille.<\/p>\n<p>Verkkokaupan omistaja on henkil\u00f6tietojen rekisterinpit\u00e4j\u00e4 ja v\u00e4litt\u00e4\u00e4 maksujen suorittamiseen tarvittavat henkil\u00f6tiedot valtuutetulle k\u00e4sittelij\u00e4lle Montonio Finance O\u00dc:lle.<\/p>\n<\/div>\n<div id=\"item7\" class=\"privacy__item aos-init aos-animate\" data-aos=\"fade-in\" data-aos-duration=\"1500\" data-aos-delay=\"100\">\n<h3 class=\"privacy__item-title\" data-num=\"7\">Turvallisuus<\/h3>\n<p class=\"p2\"><span class=\"s1\">Voidaksemme varmistaa henkil\u00f6tietojen turvallisuuden, jotka jaat kanssamme verkkosivustomme yhteydenottolomakkeiden kautta, k\u00e4yt\u00e4mme teknologiaa, joka salaa yhteydenottolomakkeisiin sy\u00f6tetyt tiedot. Lis\u00e4ksi k\u00e4yt\u00e4mme lis\u00e4toimenpiteit\u00e4 suojellaksemme henkil\u00f6tietojasi luvattomalta paljastamiselta.<\/span><\/p>\n<p class=\"p2\"><span class=\"s1\">Huomioithan, ett\u00e4 huolimatta parhaista aikomuksistamme ja t\u00e4ss\u00e4 tietosuojak\u00e4yt\u00e4nn\u00f6ss\u00e4 luetelluista periaatteista, emme voi taata, ett\u00e4 t\u00e4llainen tiedonsiirto ja salausmenetelm\u00e4t takaavat 100-prosenttisen turvallisuuden.<\/span><\/p>\n<p class=\"p1\"><span class=\"s1\"><b>Oikeutesi ja miten voit k\u00e4ytt\u00e4\u00e4 oikeuksiasi<\/b><\/span><\/p>\n<p class=\"p2\"><span class=\"s1\">Yleisen tietosuoja-asetuksen mukaisesti sinulla on seuraavat oikeudet:<\/span><\/p>\n<ul class=\"ul1\">\n<li class=\"li4\"><span class=\"s1\">oikeus pyyt\u00e4\u00e4 p\u00e4\u00e4sy\u00e4 henkil\u00f6tietoihisi;<\/span><\/li>\n<li class=\"li4\"><span class=\"s1\">oikeus vaatia henkil\u00f6tietojesi oikaisemista;<\/span><\/li>\n<li class=\"li4\"><span class=\"s1\">oikeus vaatia henkil\u00f6tietojesi poistamista;<\/span><\/li>\n<li class=\"li4\"><span class=\"s1\">oikeus vaatia henkil\u00f6tietojesi k\u00e4sittelyn rajoittamista;<\/span><\/li>\n<li class=\"li4\"><span class=\"s1\">oikeus vastustaa henkil\u00f6tietojesi k\u00e4sittely\u00e4;<\/span><\/li>\n<li class=\"li4\"><span class=\"s1\">oikeus vaatia henkil\u00f6tietojesi siirt\u00e4mist\u00e4;<\/span><\/li>\n<li class=\"li4\"><span class=\"s1\">jos henkil\u00f6tietojesi k\u00e4sittely perustuu suostumukseesi, sinulla on oikeus peruuttaa suostumuksesi.<\/span><\/li>\n<\/ul>\n<p class=\"p2\"><span class=\"s1\">Edell\u00e4 mainittujen oikeuksien k\u00e4ytt\u00e4miseksi ota meihin yhteytt\u00e4 s\u00e4hk\u00f6postiosoitteella <span id=\"wpmt-402234-890389\">info@boat-service.ee<\/span>.<\/span><\/p>\n<p class=\"p2\"><span class=\"s1\">Jos uskot, ett\u00e4 yksityisyytt\u00e4si on loukattu, pyyd\u00e4mme ottamaan meihin yhteytt\u00e4 edell\u00e4 mainitulla s\u00e4hk\u00f6postiosoitteella. Sinulla on my\u00f6s oikeus tehd\u00e4 valitus sen maan tietosuojaviranomaiselle, jossa vakinainen asuinpaikkasi sijaitsee. Virossa t\u00e4m\u00e4 on Viron tietosuojaviranomainen (AKI).<\/span><\/p>\n<p class=\"p2\"><span class=\"s1\"><i>T\u00e4m\u00e4 asiakirja on viimeksi p\u00e4ivitetty 05.06.2023.<\/i><\/span><\/p>\n<\/div>\n<\/div>\n<\/div>\n\t\t<\/div>\n\t\t\t\t\t<\/div>\n\n\t\n<\/div>\n\t\t<\/div>\n\n\t\t\n<style>\n#section_1224099928 {\n  padding-top: 50px;\n  padding-bottom: 50px;\n}\n<\/style>\n\t<\/section>\n\t\n","protected":false},"excerpt":{"rendered":"","protected":false},"author":81,"featured_media":0,"parent":0,"menu_order":0,"comment_status":"closed","ping_status":"closed","template":"","meta":{"footnotes":""},"class_list":["post-102823","page","type-page","status-publish","hentry"],"yoast_head":"<!-- This site is optimized with the Yoast SEO plugin v27.2 - https:\/\/yoast.com\/product\/yoast-seo-wordpress\/ -->\n<title>Tietosuojak\u00e4yt\u00e4nt\u00f6 - Boat Service Estonia<\/title>\n<meta name=\"robots\" content=\"index, follow, max-snippet:-1, max-image-preview:large, max-video-preview:-1\" \/>\n<link rel=\"canonical\" href=\"https:\/\/boat-service.ee\/fi\/tietosuojakaytanto\/\" \/>\n<meta property=\"og:locale\" content=\"fi_FI\" \/>\n<meta property=\"og:type\" content=\"article\" \/>\n<meta property=\"og:title\" content=\"Tietosuojak\u00e4yt\u00e4nt\u00f6 - Boat Service Estonia\" \/>\n<meta property=\"og:url\" content=\"https:\/\/boat-service.ee\/fi\/tietosuojakaytanto\/\" \/>\n<meta property=\"og:site_name\" content=\"Boat Service Estonia\" \/>\n<meta property=\"article:publisher\" content=\"https:\/\/www.facebook.com\/boatserviceestonia\" \/>\n<meta property=\"article:modified_time\" content=\"2025-11-06T15:13:51+00:00\" \/>\n<meta name=\"twitter:card\" content=\"summary_large_image\" \/>\n<meta name=\"twitter:label1\" content=\"Arvioitu lukuaika\" \/>\n\t<meta name=\"twitter:data1\" content=\"5 minuuttia\" \/>\n<script type=\"application\/ld+json\" class=\"yoast-schema-graph\">{\"@context\":\"https:\/\/schema.org\",\"@graph\":[{\"@type\":\"WebPage\",\"@id\":\"https:\/\/boat-service.ee\/fi\/tietosuojakaytanto\/\",\"url\":\"https:\/\/boat-service.ee\/fi\/tietosuojakaytanto\/\",\"name\":\"Tietosuojak\u00e4yt\u00e4nt\u00f6 - Boat Service Estonia\",\"isPartOf\":{\"@id\":\"https:\/\/boat-service.ee\/fi\/#website\"},\"datePublished\":\"2025-11-06T15:12:33+00:00\",\"dateModified\":\"2025-11-06T15:13:51+00:00\",\"breadcrumb\":{\"@id\":\"https:\/\/boat-service.ee\/fi\/tietosuojakaytanto\/#breadcrumb\"},\"inLanguage\":\"fi\",\"potentialAction\":[{\"@type\":\"ReadAction\",\"target\":[\"https:\/\/boat-service.ee\/fi\/tietosuojakaytanto\/\"]}]},{\"@type\":\"BreadcrumbList\",\"@id\":\"https:\/\/boat-service.ee\/fi\/tietosuojakaytanto\/#breadcrumb\",\"itemListElement\":[{\"@type\":\"ListItem\",\"position\":1,\"name\":\"Home\",\"item\":\"https:\/\/boat-service.ee\/fi\/\"},{\"@type\":\"ListItem\",\"position\":2,\"name\":\"Tietosuojak\u00e4yt\u00e4nt\u00f6\"}]},{\"@type\":\"WebSite\",\"@id\":\"https:\/\/boat-service.ee\/fi\/#website\",\"url\":\"https:\/\/boat-service.ee\/fi\/\",\"name\":\"Boat Service Estonia\",\"description\":\"Boat Service Estonia - Mootorpaadid, treilerid, mootorid\",\"publisher\":{\"@id\":\"https:\/\/boat-service.ee\/fi\/#organization\"},\"potentialAction\":[{\"@type\":\"SearchAction\",\"target\":{\"@type\":\"EntryPoint\",\"urlTemplate\":\"https:\/\/boat-service.ee\/fi\/?s={search_term_string}\"},\"query-input\":{\"@type\":\"PropertyValueSpecification\",\"valueRequired\":true,\"valueName\":\"search_term_string\"}}],\"inLanguage\":\"fi\"},{\"@type\":\"Organization\",\"@id\":\"https:\/\/boat-service.ee\/fi\/#organization\",\"name\":\"KALASTUSPOOD O\u00dc\",\"url\":\"https:\/\/boat-service.ee\/fi\/\",\"logo\":{\"@type\":\"ImageObject\",\"inLanguage\":\"fi\",\"@id\":\"https:\/\/boat-service.ee\/fi\/#\/schema\/logo\/image\/\",\"url\":\"https:\/\/boat-service.ee\/wp-content\/uploads\/2023\/05\/impLogo.png\",\"contentUrl\":\"https:\/\/boat-service.ee\/wp-content\/uploads\/2023\/05\/impLogo.png\",\"width\":270,\"height\":107,\"caption\":\"KALASTUSPOOD O\u00dc\"},\"image\":{\"@id\":\"https:\/\/boat-service.ee\/fi\/#\/schema\/logo\/image\/\"},\"sameAs\":[\"https:\/\/www.facebook.com\/boatserviceestonia\",\"https:\/\/www.instagram.com\/kalastus_ja_paadipood\/\"]}]}<\/script>\n<!-- \/ Yoast SEO plugin. -->","yoast_head_json":{"title":"Tietosuojak\u00e4yt\u00e4nt\u00f6 - Boat Service Estonia","robots":{"index":"index","follow":"follow","max-snippet":"max-snippet:-1","max-image-preview":"max-image-preview:large","max-video-preview":"max-video-preview:-1"},"canonical":"https:\/\/boat-service.ee\/fi\/tietosuojakaytanto\/","og_locale":"fi_FI","og_type":"article","og_title":"Tietosuojak\u00e4yt\u00e4nt\u00f6 - Boat Service Estonia","og_url":"https:\/\/boat-service.ee\/fi\/tietosuojakaytanto\/","og_site_name":"Boat Service Estonia","article_publisher":"https:\/\/www.facebook.com\/boatserviceestonia","article_modified_time":"2025-11-06T15:13:51+00:00","twitter_card":"summary_large_image","twitter_misc":{"Arvioitu lukuaika":"5 minuuttia"},"schema":{"@context":"https:\/\/schema.org","@graph":[{"@type":"WebPage","@id":"https:\/\/boat-service.ee\/fi\/tietosuojakaytanto\/","url":"https:\/\/boat-service.ee\/fi\/tietosuojakaytanto\/","name":"Tietosuojak\u00e4yt\u00e4nt\u00f6 - Boat Service Estonia","isPartOf":{"@id":"https:\/\/boat-service.ee\/fi\/#website"},"datePublished":"2025-11-06T15:12:33+00:00","dateModified":"2025-11-06T15:13:51+00:00","breadcrumb":{"@id":"https:\/\/boat-service.ee\/fi\/tietosuojakaytanto\/#breadcrumb"},"inLanguage":"fi","potentialAction":[{"@type":"ReadAction","target":["https:\/\/boat-service.ee\/fi\/tietosuojakaytanto\/"]}]},{"@type":"BreadcrumbList","@id":"https:\/\/boat-service.ee\/fi\/tietosuojakaytanto\/#breadcrumb","itemListElement":[{"@type":"ListItem","position":1,"name":"Home","item":"https:\/\/boat-service.ee\/fi\/"},{"@type":"ListItem","position":2,"name":"Tietosuojak\u00e4yt\u00e4nt\u00f6"}]},{"@type":"WebSite","@id":"https:\/\/boat-service.ee\/fi\/#website","url":"https:\/\/boat-service.ee\/fi\/","name":"Boat Service Estonia","description":"Boat Service Estonia - Mootorpaadid, treilerid, mootorid","publisher":{"@id":"https:\/\/boat-service.ee\/fi\/#organization"},"potentialAction":[{"@type":"SearchAction","target":{"@type":"EntryPoint","urlTemplate":"https:\/\/boat-service.ee\/fi\/?s={search_term_string}"},"query-input":{"@type":"PropertyValueSpecification","valueRequired":true,"valueName":"search_term_string"}}],"inLanguage":"fi"},{"@type":"Organization","@id":"https:\/\/boat-service.ee\/fi\/#organization","name":"KALASTUSPOOD O\u00dc","url":"https:\/\/boat-service.ee\/fi\/","logo":{"@type":"ImageObject","inLanguage":"fi","@id":"https:\/\/boat-service.ee\/fi\/#\/schema\/logo\/image\/","url":"https:\/\/boat-service.ee\/wp-content\/uploads\/2023\/05\/impLogo.png","contentUrl":"https:\/\/boat-service.ee\/wp-content\/uploads\/2023\/05\/impLogo.png","width":270,"height":107,"caption":"KALASTUSPOOD O\u00dc"},"image":{"@id":"https:\/\/boat-service.ee\/fi\/#\/schema\/logo\/image\/"},"sameAs":["https:\/\/www.facebook.com\/boatserviceestonia","https:\/\/www.instagram.com\/kalastus_ja_paadipood\/"]}]}},"_links":{"self":[{"href":"https:\/\/boat-service.ee\/fi\/wp-json\/wp\/v2\/pages\/102823","targetHints":{"allow":["GET"]}}],"collection":[{"href":"https:\/\/boat-service.ee\/fi\/wp-json\/wp\/v2\/pages"}],"about":[{"href":"https:\/\/boat-service.ee\/fi\/wp-json\/wp\/v2\/types\/page"}],"author":[{"embeddable":true,"href":"https:\/\/boat-service.ee\/fi\/wp-json\/wp\/v2\/users\/81"}],"replies":[{"embeddable":true,"href":"https:\/\/boat-service.ee\/fi\/wp-json\/wp\/v2\/comments?post=102823"}],"version-history":[{"count":1,"href":"https:\/\/boat-service.ee\/fi\/wp-json\/wp\/v2\/pages\/102823\/revisions"}],"predecessor-version":[{"id":102824,"href":"https:\/\/boat-service.ee\/fi\/wp-json\/wp\/v2\/pages\/102823\/revisions\/102824"}],"wp:attachment":[{"href":"https:\/\/boat-service.ee\/fi\/wp-json\/wp\/v2\/media?parent=102823"}],"curies":[{"name":"wp","href":"https:\/\/api.w.org\/{rel}","templated":true}]}}