{"id":102009,"date":"2025-11-05T15:11:33","date_gmt":"2025-11-05T13:11:33","guid":{"rendered":"https:\/\/boat-service.ee\/?page_id=102009"},"modified":"2025-11-12T13:45:57","modified_gmt":"2025-11-12T11:45:57","slug":"ota-yhteytta","status":"publish","type":"page","link":"https:\/\/boat-service.ee\/fi\/ota-yhteytta\/","title":{"rendered":"Ota yhteytt\u00e4"},"content":{"rendered":"\t<section class=\"section\" id=\"section_859228126\">\n\t\t<div class=\"bg section-bg fill bg-fill  bg-loaded\" >\n\n\t\t\t\n\t\t\t\n\t\t\t\n\n\t\t<\/div>\n\n\t\t\n\n\t\t<div class=\"section-content relative\">\n\t\t\t\n<div class=\"row\"  id=\"row-1353632060\">\n\n\t<div id=\"col-575368977\" class=\"col small-12 large-12\"  >\n\t\t\t\t<div class=\"col-inner\"  >\n\t\t\t\n\t\t\t\n  <div id=\"page-header-991806880\" class=\"page-header-wrapper\">\n  <div class=\"page-title dark featured-title\">\n\n    \n    <div class=\"page-title-inner container align-bottom text-center flex-row-col medium-flex-wrap\" >\n              <div class=\"title-wrapper is-larger flex-col\">\n          <h1 class=\"entry-title mb-0\">\n            Ota yhteytt\u00e4          <\/h1>\n        <\/div>\n                    <div class=\"title-content flex-col\">\n              <\/div>\n    <\/div>\n\n       <\/div>\n    <\/div>\n  \n\t\t<\/div>\n\t\t\t\t\t<\/div>\n\n\t\n<\/div>\n\t\t<\/div>\n\n\t\t\n<style>\n#section_859228126 {\n  padding-top: 0px;\n  padding-bottom: 0px;\n  margin-bottom: 50px;\n  background-color: #2b4472;\n}\n<\/style>\n\t<\/section>\n\t\n\t<section class=\"section\" id=\"section_1843649648\">\n\t\t<div class=\"bg section-bg fill bg-fill  bg-loaded\" >\n\n\t\t\t\n\t\t\t\n\t\t\t\n\n\t\t<\/div>\n\n\t\t\n\n\t\t<div class=\"section-content relative\">\n\t\t\t\n<div class=\"row\"  id=\"row-730644012\">\n\n\t<div id=\"col-2058720764\" class=\"col small-12 large-12\"  >\n\t\t\t\t<div class=\"col-inner\"  >\n\t\t\t\n\t\t\t\n\t<div id=\"text-1931376239\" class=\"text\">\n\t\t\n<p>Boat Service Estonia (<strong>Kalastuspood O\u00dc<\/strong>) perustettiin 19. syyskuuta 2013. Tavoitteemme on tarjota asiakkaille ammattitaitoisia venepalveluita. Liikennehallinto on my\u00f6nt\u00e4nyt meille toimintoluvan seuraaviin toimintoihin:<\/p>\n<ul>\n<li>Pienveneien rakentaminen<\/li>\n<li>Pienveneien testaus<\/li>\n<li>Pienveneien korjaus<\/li>\n<li>Pienveneien tekninen tarkastus<\/li>\n<\/ul>\n<p>Lisenssinnumero: MES000127<\/p>\n<p>Toimintamme kattaa kaiken &#8211; pienist\u00e4 per\u00e4moottoireista suuriin sis\u00e4moottoreihin. Olemme <a href=\"https:\/\/boat-service.ee\/tootekategooria\/mootorid\/mercury\/\" target=\"_blank\" rel=\"noopener\">Mercuryn<\/a> ja <a href=\"https:\/\/boat-service.ee\/tootekategooria\/mootorid\/mercury-sisemootorid-mercruiser\/\" target=\"_blank\" rel=\"noopener\">Mercruiserin<\/a> venemoottoreiden valtuutettu maahantuoja ja meill\u00e4 on viralliset myynti- ja huolto-oikeudet. Teemme ty\u00f6t\u00e4 my\u00f6s Yamahan, Volvo Pentan ja kaikkien muiden moottorimerkkien kanssa.<\/p>\n<p>Tarjoamme ilmaisen konsultaation veneen oston yhteydess\u00e4 ja autamme rekister\u00f6inniss\u00e4. Tarjoamme kuljetuspalveluita Virossa ja naapurimaissa. Kun ostat meilt\u00e4 uuden veneen, tarjoamme vaihtokaupan vanhalle veneellesi.<\/p>\n\t\t\n<style>\n#text-1931376239 {\n  text-align: left;\n}\n<\/style>\n\t<\/div>\n\t\n\t<div id=\"text-349158511\" class=\"text\">\n\t\t\n<p><strong>Kalastuspood O\u00dc<\/strong><br \/>Rek nro: 12539595<br \/>ALV nro: EE101730648<\/p>\n<p>Angerja tee 57, H\u00fc\u00fcru, Saue vald, 76911 Harjumaa<br \/>Ma. \u2013 Pe. 10.00 \u2013 18.00<\/p>\n<p><strong><span>Pankkitiedot<\/span><\/strong><br \/>\n<span>Kalastuspood O\u00dc<\/span><br \/>\n<span>EE257700771001177779<\/span><br \/>\n<span>LHV<\/span><\/p>\n\t\t\n<style>\n#text-349158511 {\n  text-align: center;\n}\n<\/style>\n\t<\/div>\n\t\n<div class=\"row\"  id=\"row-1409399422\"><\/div>\n\n\t<div id=\"col-1232037000\" class=\"col small-12 large-12\"  >\n\t\t\t\t<div class=\"col-inner\"  >\n\t\t\t\n\t\t\t\t\t<\/div>\n\t\t\t\t\t<\/div>\n\n\t\n\t\t<\/div>\n\t\t\t\t\t<\/div>\n\n\t\n<\/div>\n\t\t<\/div>\n\n\t\t\n<style>\n#section_1843649648 {\n  padding-top: 30px;\n  padding-bottom: 30px;\n}\n<\/style>\n\t<\/section>\n\t\n<div class=\"row\"  id=\"row-1695819622\">\n\n\t<div id=\"col-693820386\" class=\"col small-12 large-12\"  >\n\t\t\t\t<div class=\"col-inner text-center\"  >\n\t\t\t\n\t\t\t\n\n<p><iframe loading=\"lazy\"  width=\"560\" height=\"315\" src=\"https:\/\/www.youtube.com\/embed\/af9J8Qhg5SQ?si=8-9y3q56D6HisXno\" title=\"YouTube video player\" frameborder=\"0\" allow=\"accelerometer; autoplay; clipboard-write; encrypted-media; gyroscope; picture-in-picture; web-share\" allowfullscreen><\/iframe><br \/>\n\n\t\t<\/div>\n\t\t\t\t\t<\/div>\n\n\t\n<\/div>\n<p>&nbsp;<\/p>\n\n<p><iframe src=\"https:\/\/www.google.com\/maps\/embed?pb=!1m18!1m12!1m3!1d2031.509049145156!2d24.566170977079064!3d59.39121917464439!2m3!1f0!2f0!3f0!3m2!1i1024!2i768!4f13.1!3m3!1m2!1s0x469295ba9add8ce1%3A0xe475d79525593506!2sKalastuspood%20Ltd.!5e0!3m2!1sen!2see!4v1713358679572!5m2!1sen!2see\" width=\"100%\" height=\"450\" style=\"border:0;\" allowfullscreen=\"\" loading=\"lazy\" referrerpolicy=\"no-referrer-when-downgrade\"><\/iframe><br \/>\n\n\t<section class=\"section\" id=\"section_905772744\">\n\t\t<div class=\"bg section-bg fill bg-fill  bg-loaded\" >\n\n\t\t\t\n\t\t\t\n\t\t\t\n\n\t\t<\/div>\n\n\t\t\n\n\t\t<div class=\"section-content relative\">\n\t\t\t\n<div class=\"row row-dashed\"  id=\"row-1283768462\">\n\n\t<div id=\"col-1450758161\" class=\"col small-12 large-12\"  >\n\t\t\t\t<div class=\"col-inner text-center\"  >\n\t\t\t\n\t\t\t\n<div class=\"row row-small align-middle\"  id=\"row-1022569323\">\n\n\t<div id=\"col-2032911023\" class=\"col medium-3 small-7 large-3\"  >\n\t\t\t\t<div class=\"col-inner text-left\"  >\n\t\t\t\n\t\t\t\n    <div class=\"box has-hover has-hover box-text-bottom\" >\n\n                  <div class=\"box-image \" style=\"width:50%;\">\n           <div class=\"box-image-inner image-cover\" style=\"border-radius:100%;padding-top:100%;\">\n              <img loading=\"lazy\" decoding=\"async\" width=\"175\" height=\"174\" src=\"https:\/\/boat-service.ee\/wp-content\/uploads\/2022\/05\/taaviS.png\" class=\"attachment- size-\" alt=\"\" srcset=\"https:\/\/boat-service.ee\/wp-content\/uploads\/2022\/05\/taaviS.png 175w, https:\/\/boat-service.ee\/wp-content\/uploads\/2022\/05\/taaviS-80x80.png 80w, https:\/\/boat-service.ee\/wp-content\/uploads\/2022\/05\/taaviS-100x100.png 100w\" sizes=\"auto, (max-width: 175px) 100vw, 175px\" \/>                         <\/div>\n          <\/div>\n         \n          <div class=\"box-text text-center\" >\n                <div class=\"box-text-inner\">\n                  <h4 class=\"uppercase\">\n                    <span class=\"person-name\">Taavi Salumets<\/span><br\/>\n                    <span class=\"person-title is-small thin-font op-7\">\n                      Toimitusjohtaja                    <\/span>\n                  <\/h4>\n\t\t\t\t\t\n<p>Venemyynti EE, EN<\/p>\n<p><strong>\u00a0+372 59 123 523<\/strong><\/p>\n<p>Taavi@boat-service.ee<\/p>\n                <\/div>\n          <\/div>\n    <\/div>\n\n\t\n    \n\t\t<\/div>\n\t\t\t\t\t<\/div>\n\n\t\n\n\t<div id=\"col-1467836782\" class=\"col medium-3 small-7 large-3\"  >\n\t\t\t\t<div class=\"col-inner\"  >\n\t\t\t\n\t\t\t\n    <div class=\"box has-hover has-hover box-text-bottom\" >\n\n                  <div class=\"box-image \" style=\"width:50%;\">\n           <div class=\"box-image-inner image-cover\" style=\"border-radius:100%;padding-top:100%;\">\n              <img loading=\"lazy\" decoding=\"async\" width=\"888\" height=\"888\" src=\"https:\/\/boat-service.ee\/wp-content\/uploads\/2021\/06\/kalastuspood_boat_service_paat_paadid_paadimootori_hooldus_hooldused_paramootori_varuosad_paramootor.jpg\" class=\"attachment- size-\" alt=\"\" srcset=\"https:\/\/boat-service.ee\/wp-content\/uploads\/2021\/06\/kalastuspood_boat_service_paat_paadid_paadimootori_hooldus_hooldused_paramootori_varuosad_paramootor.jpg 888w, https:\/\/boat-service.ee\/wp-content\/uploads\/2021\/06\/kalastuspood_boat_service_paat_paadid_paadimootori_hooldus_hooldused_paramootori_varuosad_paramootor-300x300.jpg 300w, https:\/\/boat-service.ee\/wp-content\/uploads\/2021\/06\/kalastuspood_boat_service_paat_paadid_paadimootori_hooldus_hooldused_paramootori_varuosad_paramootor-80x80.jpg 80w, https:\/\/boat-service.ee\/wp-content\/uploads\/2021\/06\/kalastuspood_boat_service_paat_paadid_paadimootori_hooldus_hooldused_paramootori_varuosad_paramootor-768x768.jpg 768w, https:\/\/boat-service.ee\/wp-content\/uploads\/2021\/06\/kalastuspood_boat_service_paat_paadid_paadimootori_hooldus_hooldused_paramootori_varuosad_paramootor-500x500.jpg 500w, https:\/\/boat-service.ee\/wp-content\/uploads\/2021\/06\/kalastuspood_boat_service_paat_paadid_paadimootori_hooldus_hooldused_paramootori_varuosad_paramootor-600x600.jpg 600w, https:\/\/boat-service.ee\/wp-content\/uploads\/2021\/06\/kalastuspood_boat_service_paat_paadid_paadimootori_hooldus_hooldused_paramootori_varuosad_paramootor-100x100.jpg 100w\" sizes=\"auto, (max-width: 888px) 100vw, 888px\" \/>                         <\/div>\n          <\/div>\n         \n          <div class=\"box-text text-center\" >\n                <div class=\"box-text-inner\">\n                  <h4 class=\"uppercase\">\n                    <span class=\"person-name\">Rasmus P\u00e4rnam\u00e4gi<\/span><br\/>\n                    <span class=\"person-title is-small thin-font op-7\">\n                      Huoltop\u00e4\u00e4llikk\u00f6                    <\/span>\n                  <\/h4>\n\t\t\t\t\t\n<p>Varaosien myynti ja huolto EE,EN (RU)<\/p>\n<p><strong>\u00a0+372 53 060 330\u00a0<\/strong><\/p>\n<p>Rasmus@boat-service.ee<\/p>\n                <\/div>\n          <\/div>\n    <\/div>\n\n\t\n    \n\t\t<\/div>\n\t\t\t\t\t<\/div>\n\n\t\n\n\t<div id=\"col-1468271715\" class=\"col medium-4 small-11 large-4\"  >\n\t\t\t\t<div class=\"col-inner\"  >\n\t\t\t\n\t\t\t\n    <div class=\"box has-hover has-hover box-text-bottom\" >\n\n                  <div class=\"box-image \" style=\"width:34%;\">\n           <div class=\"box-image-inner image-cover\" style=\"border-radius:100%;padding-top:100%;\">\n              <img loading=\"lazy\" decoding=\"async\" width=\"436\" height=\"411\" src=\"https:\/\/boat-service.ee\/wp-content\/uploads\/2025\/11\/romanPILT.jpg\" class=\"attachment- size-\" alt=\"\" srcset=\"https:\/\/boat-service.ee\/wp-content\/uploads\/2025\/11\/romanPILT.jpg 436w, https:\/\/boat-service.ee\/wp-content\/uploads\/2025\/11\/romanPILT-300x283.jpg 300w\" sizes=\"auto, (max-width: 436px) 100vw, 436px\" \/>                         <\/div>\n          <\/div>\n         \n          <div class=\"box-text text-center\" >\n                <div class=\"box-text-inner\">\n                  <h4 class=\"uppercase\">\n                    <span class=\"person-name\">Roman Gr\u00fcnbaum<\/span><br\/>\n                    <span class=\"person-title is-small thin-font op-7\">\n                      veneiden myynti RU                    <\/span>\n                  <\/h4>\n\t\t\t\t\t\n<p>veneiden myynti RU\n<\/p>\n<p><strong>\u00a0+372 53 99 33 11\u00a0<\/strong><\/p>\n<p>Roman@boat-service.ee<\/p>\n                <\/div>\n          <\/div>\n    <\/div>\n\n\t\n    \n\t\t<\/div>\n\t\t\t\t\t<\/div>\n\n\t\n<\/div>\n<ul class=\"sidebar-wrapper ul-reset\"><\/ul>\n\t\t<\/div>\n\t\t\t\t\t<\/div>\n\n\t\n<\/div>\n\t\t<\/div>\n\n\t\t\n<style>\n#section_905772744 {\n  padding-top: 30px;\n  padding-bottom: 30px;\n}\n<\/style>\n\t<\/section>\n\t\n","protected":false},"excerpt":{"rendered":"<p>&nbsp;<\/p>\n","protected":false},"author":81,"featured_media":0,"parent":0,"menu_order":0,"comment_status":"closed","ping_status":"closed","template":"page-blank.php","meta":{"footnotes":""},"class_list":["post-102009","page","type-page","status-publish","hentry"],"yoast_head":"<!-- This site is optimized with the Yoast SEO plugin v27.2 - https:\/\/yoast.com\/product\/yoast-seo-wordpress\/ -->\n<title>Ota yhteytt\u00e4 - Boat Service Estonia<\/title>\n<meta name=\"description\" content=\"Boat Service Estonia Kalastuspood O\u00dc perustettiin 19. syyskuuta 2013. Tavoitteemme on tarjota asiakkaille ammattitaitoisia venepalveluita. Liikennehallinto on my\u00f6nt\u00e4nyt meille toimintoluvan seuraaviin toimintoihin:\" \/>\n<meta name=\"robots\" content=\"index, follow, max-snippet:-1, max-image-preview:large, max-video-preview:-1\" \/>\n<link rel=\"canonical\" href=\"https:\/\/boat-service.ee\/fi\/ota-yhteytta\/\" \/>\n<meta property=\"og:locale\" content=\"fi_FI\" \/>\n<meta property=\"og:type\" content=\"article\" \/>\n<meta property=\"og:title\" content=\"Ota yhteytt\u00e4 - Boat Service Estonia\" \/>\n<meta property=\"og:description\" content=\"Boat Service Estonia Kalastuspood O\u00dc perustettiin 19. syyskuuta 2013. Tavoitteemme on tarjota asiakkaille ammattitaitoisia venepalveluita. Liikennehallinto on my\u00f6nt\u00e4nyt meille toimintoluvan seuraaviin toimintoihin:\" \/>\n<meta property=\"og:url\" content=\"https:\/\/boat-service.ee\/fi\/ota-yhteytta\/\" \/>\n<meta property=\"og:site_name\" content=\"Boat Service Estonia\" \/>\n<meta property=\"article:publisher\" content=\"https:\/\/www.facebook.com\/boatserviceestonia\" \/>\n<meta property=\"article:modified_time\" content=\"2025-11-12T11:45:57+00:00\" \/>\n<meta name=\"twitter:card\" content=\"summary_large_image\" \/>\n<meta name=\"twitter:label1\" content=\"Arvioitu lukuaika\" \/>\n\t<meta name=\"twitter:data1\" content=\"2 minuuttia\" \/>\n<script type=\"application\/ld+json\" class=\"yoast-schema-graph\">{\"@context\":\"https:\/\/schema.org\",\"@graph\":[{\"@type\":\"WebPage\",\"@id\":\"https:\/\/boat-service.ee\/fi\/ota-yhteytta\/\",\"url\":\"https:\/\/boat-service.ee\/fi\/ota-yhteytta\/\",\"name\":\"Ota yhteytt\u00e4 - Boat Service Estonia\",\"isPartOf\":{\"@id\":\"https:\/\/boat-service.ee\/fi\/#website\"},\"datePublished\":\"2025-11-05T13:11:33+00:00\",\"dateModified\":\"2025-11-12T11:45:57+00:00\",\"description\":\"Boat Service Estonia Kalastuspood O\u00dc perustettiin 19. syyskuuta 2013. Tavoitteemme on tarjota asiakkaille ammattitaitoisia venepalveluita. Liikennehallinto on my\u00f6nt\u00e4nyt meille toimintoluvan seuraaviin toimintoihin:\",\"breadcrumb\":{\"@id\":\"https:\/\/boat-service.ee\/fi\/ota-yhteytta\/#breadcrumb\"},\"inLanguage\":\"fi\",\"potentialAction\":[{\"@type\":\"ReadAction\",\"target\":[\"https:\/\/boat-service.ee\/fi\/ota-yhteytta\/\"]}]},{\"@type\":\"BreadcrumbList\",\"@id\":\"https:\/\/boat-service.ee\/fi\/ota-yhteytta\/#breadcrumb\",\"itemListElement\":[{\"@type\":\"ListItem\",\"position\":1,\"name\":\"Home\",\"item\":\"https:\/\/boat-service.ee\/fi\/\"},{\"@type\":\"ListItem\",\"position\":2,\"name\":\"Ota yhteytt\u00e4\"}]},{\"@type\":\"WebSite\",\"@id\":\"https:\/\/boat-service.ee\/fi\/#website\",\"url\":\"https:\/\/boat-service.ee\/fi\/\",\"name\":\"Boat Service Estonia\",\"description\":\"Boat Service Estonia - Mootorpaadid, treilerid, mootorid\",\"publisher\":{\"@id\":\"https:\/\/boat-service.ee\/fi\/#organization\"},\"potentialAction\":[{\"@type\":\"SearchAction\",\"target\":{\"@type\":\"EntryPoint\",\"urlTemplate\":\"https:\/\/boat-service.ee\/fi\/?s={search_term_string}\"},\"query-input\":{\"@type\":\"PropertyValueSpecification\",\"valueRequired\":true,\"valueName\":\"search_term_string\"}}],\"inLanguage\":\"fi\"},{\"@type\":\"Organization\",\"@id\":\"https:\/\/boat-service.ee\/fi\/#organization\",\"name\":\"KALASTUSPOOD O\u00dc\",\"url\":\"https:\/\/boat-service.ee\/fi\/\",\"logo\":{\"@type\":\"ImageObject\",\"inLanguage\":\"fi\",\"@id\":\"https:\/\/boat-service.ee\/fi\/#\/schema\/logo\/image\/\",\"url\":\"https:\/\/boat-service.ee\/wp-content\/uploads\/2023\/05\/impLogo.png\",\"contentUrl\":\"https:\/\/boat-service.ee\/wp-content\/uploads\/2023\/05\/impLogo.png\",\"width\":270,\"height\":107,\"caption\":\"KALASTUSPOOD O\u00dc\"},\"image\":{\"@id\":\"https:\/\/boat-service.ee\/fi\/#\/schema\/logo\/image\/\"},\"sameAs\":[\"https:\/\/www.facebook.com\/boatserviceestonia\",\"https:\/\/www.instagram.com\/kalastus_ja_paadipood\/\"]}]}<\/script>\n<!-- \/ Yoast SEO plugin. -->","yoast_head_json":{"title":"Ota yhteytt\u00e4 - Boat Service Estonia","description":"Boat Service Estonia Kalastuspood O\u00dc perustettiin 19. syyskuuta 2013. Tavoitteemme on tarjota asiakkaille ammattitaitoisia venepalveluita. Liikennehallinto on my\u00f6nt\u00e4nyt meille toimintoluvan seuraaviin toimintoihin:","robots":{"index":"index","follow":"follow","max-snippet":"max-snippet:-1","max-image-preview":"max-image-preview:large","max-video-preview":"max-video-preview:-1"},"canonical":"https:\/\/boat-service.ee\/fi\/ota-yhteytta\/","og_locale":"fi_FI","og_type":"article","og_title":"Ota yhteytt\u00e4 - Boat Service Estonia","og_description":"Boat Service Estonia Kalastuspood O\u00dc perustettiin 19. syyskuuta 2013. Tavoitteemme on tarjota asiakkaille ammattitaitoisia venepalveluita. Liikennehallinto on my\u00f6nt\u00e4nyt meille toimintoluvan seuraaviin toimintoihin:","og_url":"https:\/\/boat-service.ee\/fi\/ota-yhteytta\/","og_site_name":"Boat Service Estonia","article_publisher":"https:\/\/www.facebook.com\/boatserviceestonia","article_modified_time":"2025-11-12T11:45:57+00:00","twitter_card":"summary_large_image","twitter_misc":{"Arvioitu lukuaika":"2 minuuttia"},"schema":{"@context":"https:\/\/schema.org","@graph":[{"@type":"WebPage","@id":"https:\/\/boat-service.ee\/fi\/ota-yhteytta\/","url":"https:\/\/boat-service.ee\/fi\/ota-yhteytta\/","name":"Ota yhteytt\u00e4 - Boat Service Estonia","isPartOf":{"@id":"https:\/\/boat-service.ee\/fi\/#website"},"datePublished":"2025-11-05T13:11:33+00:00","dateModified":"2025-11-12T11:45:57+00:00","description":"Boat Service Estonia Kalastuspood O\u00dc perustettiin 19. syyskuuta 2013. Tavoitteemme on tarjota asiakkaille ammattitaitoisia venepalveluita. Liikennehallinto on my\u00f6nt\u00e4nyt meille toimintoluvan seuraaviin toimintoihin:","breadcrumb":{"@id":"https:\/\/boat-service.ee\/fi\/ota-yhteytta\/#breadcrumb"},"inLanguage":"fi","potentialAction":[{"@type":"ReadAction","target":["https:\/\/boat-service.ee\/fi\/ota-yhteytta\/"]}]},{"@type":"BreadcrumbList","@id":"https:\/\/boat-service.ee\/fi\/ota-yhteytta\/#breadcrumb","itemListElement":[{"@type":"ListItem","position":1,"name":"Home","item":"https:\/\/boat-service.ee\/fi\/"},{"@type":"ListItem","position":2,"name":"Ota yhteytt\u00e4"}]},{"@type":"WebSite","@id":"https:\/\/boat-service.ee\/fi\/#website","url":"https:\/\/boat-service.ee\/fi\/","name":"Boat Service Estonia","description":"Boat Service Estonia - Mootorpaadid, treilerid, mootorid","publisher":{"@id":"https:\/\/boat-service.ee\/fi\/#organization"},"potentialAction":[{"@type":"SearchAction","target":{"@type":"EntryPoint","urlTemplate":"https:\/\/boat-service.ee\/fi\/?s={search_term_string}"},"query-input":{"@type":"PropertyValueSpecification","valueRequired":true,"valueName":"search_term_string"}}],"inLanguage":"fi"},{"@type":"Organization","@id":"https:\/\/boat-service.ee\/fi\/#organization","name":"KALASTUSPOOD O\u00dc","url":"https:\/\/boat-service.ee\/fi\/","logo":{"@type":"ImageObject","inLanguage":"fi","@id":"https:\/\/boat-service.ee\/fi\/#\/schema\/logo\/image\/","url":"https:\/\/boat-service.ee\/wp-content\/uploads\/2023\/05\/impLogo.png","contentUrl":"https:\/\/boat-service.ee\/wp-content\/uploads\/2023\/05\/impLogo.png","width":270,"height":107,"caption":"KALASTUSPOOD O\u00dc"},"image":{"@id":"https:\/\/boat-service.ee\/fi\/#\/schema\/logo\/image\/"},"sameAs":["https:\/\/www.facebook.com\/boatserviceestonia","https:\/\/www.instagram.com\/kalastus_ja_paadipood\/"]}]}},"_links":{"self":[{"href":"https:\/\/boat-service.ee\/fi\/wp-json\/wp\/v2\/pages\/102009","targetHints":{"allow":["GET"]}}],"collection":[{"href":"https:\/\/boat-service.ee\/fi\/wp-json\/wp\/v2\/pages"}],"about":[{"href":"https:\/\/boat-service.ee\/fi\/wp-json\/wp\/v2\/types\/page"}],"author":[{"embeddable":true,"href":"https:\/\/boat-service.ee\/fi\/wp-json\/wp\/v2\/users\/81"}],"replies":[{"embeddable":true,"href":"https:\/\/boat-service.ee\/fi\/wp-json\/wp\/v2\/comments?post=102009"}],"version-history":[{"count":16,"href":"https:\/\/boat-service.ee\/fi\/wp-json\/wp\/v2\/pages\/102009\/revisions"}],"predecessor-version":[{"id":103275,"href":"https:\/\/boat-service.ee\/fi\/wp-json\/wp\/v2\/pages\/102009\/revisions\/103275"}],"wp:attachment":[{"href":"https:\/\/boat-service.ee\/fi\/wp-json\/wp\/v2\/media?parent=102009"}],"curies":[{"name":"wp","href":"https:\/\/api.w.org\/{rel}","templated":true}]}}