{"id":101940,"date":"2025-11-04T15:41:56","date_gmt":"2025-11-04T13:41:56","guid":{"rendered":"https:\/\/boat-service.ee\/meritekniikan-vakuutus\/"},"modified":"2025-11-04T15:44:48","modified_gmt":"2025-11-04T13:44:48","slug":"meritekniikan-vakuutus","status":"publish","type":"page","link":"https:\/\/boat-service.ee\/fi\/meritekniikan-vakuutus\/","title":{"rendered":"MERITEKNIIKAN VAKUUTUS"},"content":{"rendered":"<p><span style=\"font-size: 115%;\"><strong>Jos haluat vakuuttaa meritekniikkasi, t\u00e4yt\u00e4 alla oleva lomake ja l\u00e4het\u00e4mme sinulle parhaan vakuutustarjouksen ensitilassa.<\/strong><\/span><\/p>\n<p><span style=\"font-size: 115%;\"><strong>Parempi varoa kuin katua!<\/strong><\/span><\/p>\n<p><span style=\"color: #000080;\"><em>Joustava pienveneiden ja meritekniikan vakuutus. Nopea tarjous!<\/em><\/span><\/p>\n\n<div class=\"wpcf7 no-js\" id=\"wpcf7-f49278-o1\" lang=\"et\" dir=\"ltr\" data-wpcf7-id=\"49278\">\n<div class=\"screen-reader-response\"><p role=\"status\" aria-live=\"polite\" aria-atomic=\"true\"><\/p> <ul><\/ul><\/div>\n<form action=\"\/fi\/wp-json\/wp\/v2\/pages\/101940#wpcf7-f49278-o1\" method=\"post\" class=\"wpcf7-form init\" aria-label=\"Contact form\" novalidate=\"novalidate\" data-status=\"init\">\n<fieldset class=\"hidden-fields-container\"><input type=\"hidden\" name=\"_wpcf7\" value=\"49278\" \/><input type=\"hidden\" name=\"_wpcf7_version\" value=\"6.1.5\" \/><input type=\"hidden\" name=\"_wpcf7_locale\" value=\"et\" \/><input type=\"hidden\" name=\"_wpcf7_unit_tag\" value=\"wpcf7-f49278-o1\" \/><input type=\"hidden\" name=\"_wpcf7_container_post\" value=\"0\" \/><input type=\"hidden\" name=\"_wpcf7_posted_data_hash\" value=\"\" \/>\n<\/fieldset>\n<p><label> Kindlustusv\u00f5tja (nimi, isikukood, aadress) *<br \/>\n<span class=\"wpcf7-form-control-wrap\" data-name=\"kindlustusvotja-ee\"><input size=\"40\" maxlength=\"400\" class=\"wpcf7-form-control wpcf7-text wpcf7-validates-as-required\" aria-required=\"true\" aria-invalid=\"false\" value=\"\" type=\"text\" name=\"kindlustusvotja-ee\" \/><\/span> <\/label>\n<\/p>\n<p><label> E-mail: *<br \/>\n<span class=\"wpcf7-form-control-wrap\" data-name=\"email-ee\"><input size=\"40\" maxlength=\"400\" class=\"wpcf7-form-control wpcf7-email wpcf7-validates-as-required wpcf7-text wpcf7-validates-as-email\" aria-required=\"true\" aria-invalid=\"false\" value=\"\" type=\"email\" name=\"email-ee\" \/><\/span> <\/label>\n<\/p>\n<p><label> Telefoni number *<br \/>\n<span class=\"wpcf7-form-control-wrap\" data-name=\"telnr-ee\"><input size=\"40\" maxlength=\"400\" class=\"wpcf7-form-control wpcf7-text wpcf7-validates-as-required\" aria-required=\"true\" aria-invalid=\"false\" value=\"\" type=\"text\" name=\"telnr-ee\" \/><\/span> <\/label>\n<\/p>\n<p><label> V\u00e4ikelaeva nimi ja reg. number: *<br \/>\n<span class=\"wpcf7-form-control-wrap\" data-name=\"laevanimi-ee\"><input size=\"40\" maxlength=\"400\" class=\"wpcf7-form-control wpcf7-text wpcf7-validates-as-required\" aria-required=\"true\" aria-invalid=\"false\" value=\"\" type=\"text\" name=\"laevanimi-ee\" \/><\/span> <\/label>\n<\/p>\n<p><label> V\u00e4ikelaeva mark, mudel, ehitusaasta: *<br \/>\n<span class=\"wpcf7-form-control-wrap\" data-name=\"laevamark-ee\"><input size=\"40\" maxlength=\"400\" class=\"wpcf7-form-control wpcf7-text wpcf7-validates-as-required\" aria-required=\"true\" aria-invalid=\"false\" value=\"\" type=\"text\" name=\"laevamark-ee\" \/><\/span> <\/label>\n<\/p>\n<p><label> V\u00e4ikelaeva m\u00f5\u00f5tmed: *<br \/>\n<span class=\"wpcf7-form-control-wrap\" data-name=\"laevamootmed-ee\"><input size=\"40\" maxlength=\"400\" class=\"wpcf7-form-control wpcf7-text wpcf7-validates-as-required\" aria-required=\"true\" aria-invalid=\"false\" value=\"\" type=\"text\" name=\"laevamootmed-ee\" \/><\/span> <\/label>\n<\/p>\n<p><label>Maksimaalne kiirus: *<br \/>\n<span class=\"wpcf7-form-control-wrap\" data-name=\"maxkiirus-ee\"><input size=\"40\" maxlength=\"400\" class=\"wpcf7-form-control wpcf7-text wpcf7-validates-as-required\" aria-required=\"true\" aria-invalid=\"false\" value=\"\" type=\"text\" name=\"maxkiirus-ee\" \/><\/span> <\/label>\n<\/p>\n<p><label>Mis materjalist on v\u00e4ikelaeva kere tehtud: *<br \/>\n<span class=\"wpcf7-form-control-wrap\" data-name=\"materjal-ee\"><input size=\"40\" maxlength=\"400\" class=\"wpcf7-form-control wpcf7-text wpcf7-validates-as-required\" aria-required=\"true\" aria-invalid=\"false\" value=\"\" type=\"text\" name=\"materjal-ee\" \/><\/span> <\/label>\n<\/p>\n<p><label> Kas mootor on olemas? Kui jah, siis mis on selle mark, mudel, v\u00f5imsus ja ehitusaasta: *<br \/>\n<span class=\"wpcf7-form-control-wrap\" data-name=\"mootorolemas-ee\"><input size=\"40\" maxlength=\"400\" class=\"wpcf7-form-control wpcf7-text wpcf7-validates-as-required\" aria-required=\"true\" aria-invalid=\"false\" value=\"\" type=\"text\" name=\"mootorolemas-ee\" \/><\/span> <\/label>\n<\/p>\n<p><label> V\u00e4ikelaeva kasutusviis (l\u00f5bus\u00f5it, t\u00f6\u00f6, v\u00f5istlemine, rent)? *<br \/>\n<span class=\"wpcf7-form-control-wrap\" data-name=\"laevakasutusviis-ee\"><input size=\"40\" maxlength=\"400\" class=\"wpcf7-form-control wpcf7-text wpcf7-validates-as-required\" aria-required=\"true\" aria-invalid=\"false\" value=\"\" type=\"text\" name=\"laevakasutusviis-ee\" \/><\/span> <\/label>\n<\/p>\n<p><label> Kodusadam: *<br \/>\n<span class=\"wpcf7-form-control-wrap\" data-name=\"kodusadam-ee\"><input size=\"40\" maxlength=\"400\" class=\"wpcf7-form-control wpcf7-text wpcf7-validates-as-required\" aria-required=\"true\" aria-invalid=\"false\" value=\"\" type=\"text\" name=\"kodusadam-ee\" \/><\/span> <\/label>\n<\/p>\n<p><label> Eelnevad kahjud: *<br \/>\n<span class=\"wpcf7-form-control-wrap\" data-name=\"eelnevadkahjud-ee\"><input size=\"40\" maxlength=\"400\" class=\"wpcf7-form-control wpcf7-text wpcf7-validates-as-required\" aria-required=\"true\" aria-invalid=\"false\" value=\"\" type=\"text\" name=\"eelnevadkahjud-ee\" \/><\/span> <\/label>\n<\/p>\n<p><label> S\u00f5idupiirkond: Kas ainult L\u00e4\u00e4nemeri v\u00f5i Euroopa navigeeritavad veekogud? *<br \/>\n<span class=\"wpcf7-form-control-wrap\" data-name=\"soidupiirkond-ee\"><input size=\"40\" maxlength=\"400\" class=\"wpcf7-form-control wpcf7-text wpcf7-validates-as-required\" aria-required=\"true\" aria-invalid=\"false\" value=\"\" type=\"text\" name=\"soidupiirkond-ee\" \/><\/span> <\/label>\n<\/p>\n<p><label> Omaniku kogemus (mitu aastad on kliendil paadiload?): *<br \/>\n<span class=\"wpcf7-form-control-wrap\" data-name=\"omanikukogemus-ee\"><input size=\"40\" maxlength=\"400\" class=\"wpcf7-form-control wpcf7-text wpcf7-validates-as-required\" aria-required=\"true\" aria-invalid=\"false\" value=\"\" type=\"text\" name=\"omanikukogemus-ee\" \/><\/span> <\/label>\n<\/p>\n<p><label> Kindlustussumma(paadi maksumus): *<br \/>\n<span class=\"wpcf7-form-control-wrap\" data-name=\"kindlustussumma-ee\"><input size=\"40\" maxlength=\"400\" class=\"wpcf7-form-control wpcf7-text wpcf7-validates-as-required\" aria-required=\"true\" aria-invalid=\"false\" value=\"\" type=\"text\" name=\"kindlustussumma-ee\" \/><\/span> <\/label>\n<\/p>\n<p><input class=\"wpcf7-form-control wpcf7-submit has-spinner\" type=\"submit\" value=\"K\u00fcsi pakkumist\" \/>\n<\/p><p style=\"display: none !important;\" class=\"akismet-fields-container\" data-prefix=\"_wpcf7_ak_\"><label>&#916;<textarea name=\"_wpcf7_ak_hp_textarea\" cols=\"45\" rows=\"8\" maxlength=\"100\"><\/textarea><\/label><input type=\"hidden\" id=\"ak_js_1\" name=\"_wpcf7_ak_js\" value=\"159\"\/><script>document.getElementById( \"ak_js_1\" ).setAttribute( \"value\", ( new Date() ).getTime() );<\/script><\/p><div class=\"wpcf7-response-output\" aria-hidden=\"true\"><\/div>\n<\/form>\n<\/div>\n\n<div class=\"woocommerce columns-4 \"><\/div>\n","protected":false},"excerpt":{"rendered":"<p>Jos haluat vakuuttaa meritekniikkasi, t\u00e4yt\u00e4 alla oleva lomake ja l\u00e4het\u00e4mme sinulle parhaan vakuutustarjouksen ensitilassa. Parempi varoa kuin katua! Joustava pienveneiden ja meritekniikan vakuutus. Nopea tarjous!<\/p>\n","protected":false},"author":4,"featured_media":0,"parent":0,"menu_order":0,"comment_status":"closed","ping_status":"closed","template":"","meta":{"footnotes":""},"class_list":["post-101940","page","type-page","status-publish","hentry"],"yoast_head":"<!-- This site is optimized with the Yoast SEO plugin v27.2 - https:\/\/yoast.com\/product\/yoast-seo-wordpress\/ -->\n<title>Pienveneenvakuutus | Meritekniikan vakuutus<\/title>\n<meta name=\"description\" content=\"Meritekniikan vakuutus parhaaseen hintaan. Viron suurin venehuolto takaa aluksellesi turvallisen vakuutusturvan.\" \/>\n<meta name=\"robots\" content=\"index, follow, max-snippet:-1, max-image-preview:large, max-video-preview:-1\" \/>\n<link rel=\"canonical\" href=\"https:\/\/boat-service.ee\/fi\/meritekniikan-vakuutus\/\" \/>\n<meta property=\"og:locale\" content=\"fi_FI\" \/>\n<meta property=\"og:type\" content=\"article\" \/>\n<meta property=\"og:title\" content=\"Pienveneenvakuutus | Meritekniikan vakuutus\" \/>\n<meta property=\"og:description\" content=\"Meritekniikan vakuutus parhaaseen hintaan. Viron suurin venehuolto takaa aluksellesi turvallisen vakuutusturvan.\" \/>\n<meta property=\"og:url\" content=\"https:\/\/boat-service.ee\/fi\/meritekniikan-vakuutus\/\" \/>\n<meta property=\"og:site_name\" content=\"Boat Service Estonia\" \/>\n<meta property=\"article:publisher\" content=\"https:\/\/www.facebook.com\/boatserviceestonia\" \/>\n<meta property=\"article:modified_time\" content=\"2025-11-04T13:44:48+00:00\" \/>\n<meta name=\"twitter:card\" content=\"summary_large_image\" \/>\n<meta name=\"twitter:label1\" content=\"Arvioitu lukuaika\" \/>\n\t<meta name=\"twitter:data1\" content=\"1 minuutti\" \/>\n<script type=\"application\/ld+json\" class=\"yoast-schema-graph\">{\"@context\":\"https:\/\/schema.org\",\"@graph\":[{\"@type\":\"WebPage\",\"@id\":\"https:\/\/boat-service.ee\/fi\/meritekniikan-vakuutus\/\",\"url\":\"https:\/\/boat-service.ee\/fi\/meritekniikan-vakuutus\/\",\"name\":\"Pienveneenvakuutus | Meritekniikan vakuutus\",\"isPartOf\":{\"@id\":\"https:\/\/boat-service.ee\/fi\/#website\"},\"datePublished\":\"2025-11-04T13:41:56+00:00\",\"dateModified\":\"2025-11-04T13:44:48+00:00\",\"description\":\"Meritekniikan vakuutus parhaaseen hintaan. Viron suurin venehuolto takaa aluksellesi turvallisen vakuutusturvan.\",\"breadcrumb\":{\"@id\":\"https:\/\/boat-service.ee\/fi\/meritekniikan-vakuutus\/#breadcrumb\"},\"inLanguage\":\"fi\",\"potentialAction\":[{\"@type\":\"ReadAction\",\"target\":[\"https:\/\/boat-service.ee\/fi\/meritekniikan-vakuutus\/\"]}]},{\"@type\":\"BreadcrumbList\",\"@id\":\"https:\/\/boat-service.ee\/fi\/meritekniikan-vakuutus\/#breadcrumb\",\"itemListElement\":[{\"@type\":\"ListItem\",\"position\":1,\"name\":\"Home\",\"item\":\"https:\/\/boat-service.ee\/fi\/\"},{\"@type\":\"ListItem\",\"position\":2,\"name\":\"MERITEKNIIKAN VAKUUTUS\"}]},{\"@type\":\"WebSite\",\"@id\":\"https:\/\/boat-service.ee\/fi\/#website\",\"url\":\"https:\/\/boat-service.ee\/fi\/\",\"name\":\"Boat Service Estonia\",\"description\":\"Boat Service Estonia - Mootorpaadid, treilerid, mootorid\",\"publisher\":{\"@id\":\"https:\/\/boat-service.ee\/fi\/#organization\"},\"potentialAction\":[{\"@type\":\"SearchAction\",\"target\":{\"@type\":\"EntryPoint\",\"urlTemplate\":\"https:\/\/boat-service.ee\/fi\/?s={search_term_string}\"},\"query-input\":{\"@type\":\"PropertyValueSpecification\",\"valueRequired\":true,\"valueName\":\"search_term_string\"}}],\"inLanguage\":\"fi\"},{\"@type\":\"Organization\",\"@id\":\"https:\/\/boat-service.ee\/fi\/#organization\",\"name\":\"KALASTUSPOOD O\u00dc\",\"url\":\"https:\/\/boat-service.ee\/fi\/\",\"logo\":{\"@type\":\"ImageObject\",\"inLanguage\":\"fi\",\"@id\":\"https:\/\/boat-service.ee\/fi\/#\/schema\/logo\/image\/\",\"url\":\"https:\/\/boat-service.ee\/wp-content\/uploads\/2023\/05\/impLogo.png\",\"contentUrl\":\"https:\/\/boat-service.ee\/wp-content\/uploads\/2023\/05\/impLogo.png\",\"width\":270,\"height\":107,\"caption\":\"KALASTUSPOOD O\u00dc\"},\"image\":{\"@id\":\"https:\/\/boat-service.ee\/fi\/#\/schema\/logo\/image\/\"},\"sameAs\":[\"https:\/\/www.facebook.com\/boatserviceestonia\",\"https:\/\/www.instagram.com\/kalastus_ja_paadipood\/\"]}]}<\/script>\n<!-- \/ Yoast SEO plugin. -->","yoast_head_json":{"title":"Pienveneenvakuutus | Meritekniikan vakuutus","description":"Meritekniikan vakuutus parhaaseen hintaan. Viron suurin venehuolto takaa aluksellesi turvallisen vakuutusturvan.","robots":{"index":"index","follow":"follow","max-snippet":"max-snippet:-1","max-image-preview":"max-image-preview:large","max-video-preview":"max-video-preview:-1"},"canonical":"https:\/\/boat-service.ee\/fi\/meritekniikan-vakuutus\/","og_locale":"fi_FI","og_type":"article","og_title":"Pienveneenvakuutus | Meritekniikan vakuutus","og_description":"Meritekniikan vakuutus parhaaseen hintaan. Viron suurin venehuolto takaa aluksellesi turvallisen vakuutusturvan.","og_url":"https:\/\/boat-service.ee\/fi\/meritekniikan-vakuutus\/","og_site_name":"Boat Service Estonia","article_publisher":"https:\/\/www.facebook.com\/boatserviceestonia","article_modified_time":"2025-11-04T13:44:48+00:00","twitter_card":"summary_large_image","twitter_misc":{"Arvioitu lukuaika":"1 minuutti"},"schema":{"@context":"https:\/\/schema.org","@graph":[{"@type":"WebPage","@id":"https:\/\/boat-service.ee\/fi\/meritekniikan-vakuutus\/","url":"https:\/\/boat-service.ee\/fi\/meritekniikan-vakuutus\/","name":"Pienveneenvakuutus | Meritekniikan vakuutus","isPartOf":{"@id":"https:\/\/boat-service.ee\/fi\/#website"},"datePublished":"2025-11-04T13:41:56+00:00","dateModified":"2025-11-04T13:44:48+00:00","description":"Meritekniikan vakuutus parhaaseen hintaan. Viron suurin venehuolto takaa aluksellesi turvallisen vakuutusturvan.","breadcrumb":{"@id":"https:\/\/boat-service.ee\/fi\/meritekniikan-vakuutus\/#breadcrumb"},"inLanguage":"fi","potentialAction":[{"@type":"ReadAction","target":["https:\/\/boat-service.ee\/fi\/meritekniikan-vakuutus\/"]}]},{"@type":"BreadcrumbList","@id":"https:\/\/boat-service.ee\/fi\/meritekniikan-vakuutus\/#breadcrumb","itemListElement":[{"@type":"ListItem","position":1,"name":"Home","item":"https:\/\/boat-service.ee\/fi\/"},{"@type":"ListItem","position":2,"name":"MERITEKNIIKAN VAKUUTUS"}]},{"@type":"WebSite","@id":"https:\/\/boat-service.ee\/fi\/#website","url":"https:\/\/boat-service.ee\/fi\/","name":"Boat Service Estonia","description":"Boat Service Estonia - Mootorpaadid, treilerid, mootorid","publisher":{"@id":"https:\/\/boat-service.ee\/fi\/#organization"},"potentialAction":[{"@type":"SearchAction","target":{"@type":"EntryPoint","urlTemplate":"https:\/\/boat-service.ee\/fi\/?s={search_term_string}"},"query-input":{"@type":"PropertyValueSpecification","valueRequired":true,"valueName":"search_term_string"}}],"inLanguage":"fi"},{"@type":"Organization","@id":"https:\/\/boat-service.ee\/fi\/#organization","name":"KALASTUSPOOD O\u00dc","url":"https:\/\/boat-service.ee\/fi\/","logo":{"@type":"ImageObject","inLanguage":"fi","@id":"https:\/\/boat-service.ee\/fi\/#\/schema\/logo\/image\/","url":"https:\/\/boat-service.ee\/wp-content\/uploads\/2023\/05\/impLogo.png","contentUrl":"https:\/\/boat-service.ee\/wp-content\/uploads\/2023\/05\/impLogo.png","width":270,"height":107,"caption":"KALASTUSPOOD O\u00dc"},"image":{"@id":"https:\/\/boat-service.ee\/fi\/#\/schema\/logo\/image\/"},"sameAs":["https:\/\/www.facebook.com\/boatserviceestonia","https:\/\/www.instagram.com\/kalastus_ja_paadipood\/"]}]}},"_links":{"self":[{"href":"https:\/\/boat-service.ee\/fi\/wp-json\/wp\/v2\/pages\/101940","targetHints":{"allow":["GET"]}}],"collection":[{"href":"https:\/\/boat-service.ee\/fi\/wp-json\/wp\/v2\/pages"}],"about":[{"href":"https:\/\/boat-service.ee\/fi\/wp-json\/wp\/v2\/types\/page"}],"author":[{"embeddable":true,"href":"https:\/\/boat-service.ee\/fi\/wp-json\/wp\/v2\/users\/4"}],"replies":[{"embeddable":true,"href":"https:\/\/boat-service.ee\/fi\/wp-json\/wp\/v2\/comments?post=101940"}],"version-history":[{"count":1,"href":"https:\/\/boat-service.ee\/fi\/wp-json\/wp\/v2\/pages\/101940\/revisions"}],"predecessor-version":[{"id":101942,"href":"https:\/\/boat-service.ee\/fi\/wp-json\/wp\/v2\/pages\/101940\/revisions\/101942"}],"wp:attachment":[{"href":"https:\/\/boat-service.ee\/fi\/wp-json\/wp\/v2\/media?parent=101940"}],"curies":[{"name":"wp","href":"https:\/\/api.w.org\/{rel}","templated":true}]}}