{"id":98781,"date":"2024-09-03T11:26:50","date_gmt":"2024-09-03T09:26:50","guid":{"rendered":"https:\/\/boat-service.ee\/pood\/uncategorized\/koriks-external-heater-for-hot-tub-37-kw-html-kopeeri-redigeeri\/"},"modified":"2025-05-02T10:53:30","modified_gmt":"2025-05-02T08:53:30","slug":"koriks-external-heater-for-hot-tub-37-kw-html-kopeeri-redigeeri","status":"publish","type":"product","link":"https:\/\/boat-service.ee\/en\/shop\/accessories\/kumblustunniahjud-en\/kumblustunnide-ahjud-en\/koriks-external-heater-for-hot-tub-37-kw-html-kopeeri-redigeeri\/","title":{"rendered":"Koriks External Heater for Hot Tub 37 kW"},"content":{"rendered":"<p>The external heater is made of high-quality marine-grade aluminium, which makes the product highly durable and long-lasting. The front panel of the heater is made of stainless steel. The door features a window for observing the combustion process.<br \/>\n<strong>Technical specifications<\/strong><\/p>\n<table>\n","protected":false},"excerpt":{"rendered":"<p><img loading=\"lazy\" decoding=\"async\" class=\"alignnone size-full wp-image-88816\" src=\"https:\/\/boat-service.ee\/wp-content\/uploads\/2024\/09\/koriksFiiber_logo.jpg\" alt=\"\" width=\"176\" height=\"94\" \/><\/p>\n","protected":false},"featured_media":88761,"template":"","meta":[],"product_brand":[],"product_cat":[655],"product_tag":[],"class_list":{"0":"post-98781","1":"product","2":"type-product","3":"status-publish","4":"has-post-thumbnail","6":"product_cat-kumblustunnide-ahjud-en","7":"product_shipping_class-rasked","8":"tm-has-options","10":"first","11":"instock","12":"taxable","13":"shipping-taxable","14":"purchasable","15":"product-type-simple"},"yoast_head":"<!-- This site is optimized with the Yoast SEO plugin v27.2 - https:\/\/yoast.com\/product\/yoast-seo-wordpress\/ -->\n<title>Koriks External Heater for Hot Tub 37 kW - Boat Service Estonia<\/title>\n<meta name=\"robots\" content=\"index, follow, max-snippet:-1, max-image-preview:large, max-video-preview:-1\" \/>\n<link rel=\"canonical\" href=\"https:\/\/boat-service.ee\/en\/shop\/accessories\/kumblustunniahjud-en\/kumblustunnide-ahjud-en\/koriks-external-heater-for-hot-tub-37-kw-html-kopeeri-redigeeri\/\" \/>\n<meta property=\"og:locale\" content=\"en_US\" \/>\n<meta property=\"og:type\" content=\"article\" \/>\n<meta property=\"og:title\" content=\"Koriks External Heater for Hot Tub 37 kW - Boat Service Estonia\" \/>\n<meta property=\"og:url\" content=\"https:\/\/boat-service.ee\/en\/shop\/accessories\/kumblustunniahjud-en\/kumblustunnide-ahjud-en\/koriks-external-heater-for-hot-tub-37-kw-html-kopeeri-redigeeri\/\" \/>\n<meta property=\"og:site_name\" content=\"Boat Service Estonia\" \/>\n<meta property=\"article:publisher\" content=\"https:\/\/www.facebook.com\/boatserviceestonia\" \/>\n<meta property=\"article:modified_time\" content=\"2025-05-02T08:53:30+00:00\" \/>\n<meta property=\"og:image\" content=\"https:\/\/boat-service.ee\/wp-content\/uploads\/2024\/09\/Koriks_valisahi-37kw.webp\" \/>\n\t<meta property=\"og:image:width\" content=\"1000\" \/>\n\t<meta property=\"og:image:height\" content=\"1000\" \/>\n\t<meta property=\"og:image:type\" content=\"image\/webp\" \/>\n<meta name=\"twitter:card\" content=\"summary_large_image\" \/>\n<script type=\"application\/ld+json\" class=\"yoast-schema-graph\">{\"@context\":\"https:\/\/schema.org\",\"@graph\":[{\"@type\":\"WebPage\",\"@id\":\"https:\/\/boat-service.ee\/en\/shop\/accessories\/kumblustunniahjud-en\/kumblustunnide-ahjud-en\/koriks-external-heater-for-hot-tub-37-kw-html-kopeeri-redigeeri\/\",\"url\":\"https:\/\/boat-service.ee\/en\/shop\/accessories\/kumblustunniahjud-en\/kumblustunnide-ahjud-en\/koriks-external-heater-for-hot-tub-37-kw-html-kopeeri-redigeeri\/\",\"name\":\"Koriks External Heater for Hot Tub 37 kW - Boat Service Estonia\",\"isPartOf\":{\"@id\":\"https:\/\/boat-service.ee\/en\/#website\"},\"primaryImageOfPage\":{\"@id\":\"https:\/\/boat-service.ee\/en\/shop\/accessories\/kumblustunniahjud-en\/kumblustunnide-ahjud-en\/koriks-external-heater-for-hot-tub-37-kw-html-kopeeri-redigeeri\/#primaryimage\"},\"image\":{\"@id\":\"https:\/\/boat-service.ee\/en\/shop\/accessories\/kumblustunniahjud-en\/kumblustunnide-ahjud-en\/koriks-external-heater-for-hot-tub-37-kw-html-kopeeri-redigeeri\/#primaryimage\"},\"thumbnailUrl\":\"https:\/\/boat-service.ee\/wp-content\/uploads\/2024\/09\/Koriks_valisahi-37kw.webp\",\"datePublished\":\"2024-09-03T09:26:50+00:00\",\"dateModified\":\"2025-05-02T08:53:30+00:00\",\"breadcrumb\":{\"@id\":\"https:\/\/boat-service.ee\/en\/shop\/accessories\/kumblustunniahjud-en\/kumblustunnide-ahjud-en\/koriks-external-heater-for-hot-tub-37-kw-html-kopeeri-redigeeri\/#breadcrumb\"},\"inLanguage\":\"en-US\",\"potentialAction\":[{\"@type\":\"ReadAction\",\"target\":[\"https:\/\/boat-service.ee\/en\/shop\/accessories\/kumblustunniahjud-en\/kumblustunnide-ahjud-en\/koriks-external-heater-for-hot-tub-37-kw-html-kopeeri-redigeeri\/\"]}]},{\"@type\":\"ImageObject\",\"inLanguage\":\"en-US\",\"@id\":\"https:\/\/boat-service.ee\/en\/shop\/accessories\/kumblustunniahjud-en\/kumblustunnide-ahjud-en\/koriks-external-heater-for-hot-tub-37-kw-html-kopeeri-redigeeri\/#primaryimage\",\"url\":\"https:\/\/boat-service.ee\/wp-content\/uploads\/2024\/09\/Koriks_valisahi-37kw.webp\",\"contentUrl\":\"https:\/\/boat-service.ee\/wp-content\/uploads\/2024\/09\/Koriks_valisahi-37kw.webp\",\"width\":1000,\"height\":1000,\"caption\":\"K\u00fcmblust\u00fcnni v\u00e4lisahi 37 kW\"},{\"@type\":\"BreadcrumbList\",\"@id\":\"https:\/\/boat-service.ee\/en\/shop\/accessories\/kumblustunniahjud-en\/kumblustunnide-ahjud-en\/koriks-external-heater-for-hot-tub-37-kw-html-kopeeri-redigeeri\/#breadcrumb\",\"itemListElement\":[{\"@type\":\"ListItem\",\"position\":1,\"name\":\"Home\",\"item\":\"https:\/\/boat-service.ee\/en\/\"},{\"@type\":\"ListItem\",\"position\":2,\"name\":\"Shop\",\"item\":\"https:\/\/boat-service.ee\/en\/shop\/\"},{\"@type\":\"ListItem\",\"position\":3,\"name\":\"Koriks External Heater for Hot Tub 37 kW\"}]},{\"@type\":\"WebSite\",\"@id\":\"https:\/\/boat-service.ee\/en\/#website\",\"url\":\"https:\/\/boat-service.ee\/en\/\",\"name\":\"Boat Service Estonia\",\"description\":\"Boat Service Estonia - Mootorpaadid, treilerid, mootorid\",\"publisher\":{\"@id\":\"https:\/\/boat-service.ee\/en\/#organization\"},\"potentialAction\":[{\"@type\":\"SearchAction\",\"target\":{\"@type\":\"EntryPoint\",\"urlTemplate\":\"https:\/\/boat-service.ee\/en\/?s={search_term_string}\"},\"query-input\":{\"@type\":\"PropertyValueSpecification\",\"valueRequired\":true,\"valueName\":\"search_term_string\"}}],\"inLanguage\":\"en-US\"},{\"@type\":\"Organization\",\"@id\":\"https:\/\/boat-service.ee\/en\/#organization\",\"name\":\"KALASTUSPOOD O\u00dc\",\"url\":\"https:\/\/boat-service.ee\/en\/\",\"logo\":{\"@type\":\"ImageObject\",\"inLanguage\":\"en-US\",\"@id\":\"https:\/\/boat-service.ee\/en\/#\/schema\/logo\/image\/\",\"url\":\"https:\/\/boat-service.ee\/wp-content\/uploads\/2023\/05\/impLogo.png\",\"contentUrl\":\"https:\/\/boat-service.ee\/wp-content\/uploads\/2023\/05\/impLogo.png\",\"width\":270,\"height\":107,\"caption\":\"KALASTUSPOOD O\u00dc\"},\"image\":{\"@id\":\"https:\/\/boat-service.ee\/en\/#\/schema\/logo\/image\/\"},\"sameAs\":[\"https:\/\/www.facebook.com\/boatserviceestonia\",\"https:\/\/www.instagram.com\/kalastus_ja_paadipood\/\"]}]}<\/script>\n<!-- \/ Yoast SEO plugin. -->","yoast_head_json":{"title":"Koriks External Heater for Hot Tub 37 kW - Boat Service Estonia","robots":{"index":"index","follow":"follow","max-snippet":"max-snippet:-1","max-image-preview":"max-image-preview:large","max-video-preview":"max-video-preview:-1"},"canonical":"https:\/\/boat-service.ee\/en\/shop\/accessories\/kumblustunniahjud-en\/kumblustunnide-ahjud-en\/koriks-external-heater-for-hot-tub-37-kw-html-kopeeri-redigeeri\/","og_locale":"en_US","og_type":"article","og_title":"Koriks External Heater for Hot Tub 37 kW - Boat Service Estonia","og_url":"https:\/\/boat-service.ee\/en\/shop\/accessories\/kumblustunniahjud-en\/kumblustunnide-ahjud-en\/koriks-external-heater-for-hot-tub-37-kw-html-kopeeri-redigeeri\/","og_site_name":"Boat Service Estonia","article_publisher":"https:\/\/www.facebook.com\/boatserviceestonia","article_modified_time":"2025-05-02T08:53:30+00:00","og_image":[{"width":1000,"height":1000,"url":"https:\/\/boat-service.ee\/wp-content\/uploads\/2024\/09\/Koriks_valisahi-37kw.webp","type":"image\/webp"}],"twitter_card":"summary_large_image","schema":{"@context":"https:\/\/schema.org","@graph":[{"@type":"WebPage","@id":"https:\/\/boat-service.ee\/en\/shop\/accessories\/kumblustunniahjud-en\/kumblustunnide-ahjud-en\/koriks-external-heater-for-hot-tub-37-kw-html-kopeeri-redigeeri\/","url":"https:\/\/boat-service.ee\/en\/shop\/accessories\/kumblustunniahjud-en\/kumblustunnide-ahjud-en\/koriks-external-heater-for-hot-tub-37-kw-html-kopeeri-redigeeri\/","name":"Koriks External Heater for Hot Tub 37 kW - Boat Service Estonia","isPartOf":{"@id":"https:\/\/boat-service.ee\/en\/#website"},"primaryImageOfPage":{"@id":"https:\/\/boat-service.ee\/en\/shop\/accessories\/kumblustunniahjud-en\/kumblustunnide-ahjud-en\/koriks-external-heater-for-hot-tub-37-kw-html-kopeeri-redigeeri\/#primaryimage"},"image":{"@id":"https:\/\/boat-service.ee\/en\/shop\/accessories\/kumblustunniahjud-en\/kumblustunnide-ahjud-en\/koriks-external-heater-for-hot-tub-37-kw-html-kopeeri-redigeeri\/#primaryimage"},"thumbnailUrl":"https:\/\/boat-service.ee\/wp-content\/uploads\/2024\/09\/Koriks_valisahi-37kw.webp","datePublished":"2024-09-03T09:26:50+00:00","dateModified":"2025-05-02T08:53:30+00:00","breadcrumb":{"@id":"https:\/\/boat-service.ee\/en\/shop\/accessories\/kumblustunniahjud-en\/kumblustunnide-ahjud-en\/koriks-external-heater-for-hot-tub-37-kw-html-kopeeri-redigeeri\/#breadcrumb"},"inLanguage":"en-US","potentialAction":[{"@type":"ReadAction","target":["https:\/\/boat-service.ee\/en\/shop\/accessories\/kumblustunniahjud-en\/kumblustunnide-ahjud-en\/koriks-external-heater-for-hot-tub-37-kw-html-kopeeri-redigeeri\/"]}]},{"@type":"ImageObject","inLanguage":"en-US","@id":"https:\/\/boat-service.ee\/en\/shop\/accessories\/kumblustunniahjud-en\/kumblustunnide-ahjud-en\/koriks-external-heater-for-hot-tub-37-kw-html-kopeeri-redigeeri\/#primaryimage","url":"https:\/\/boat-service.ee\/wp-content\/uploads\/2024\/09\/Koriks_valisahi-37kw.webp","contentUrl":"https:\/\/boat-service.ee\/wp-content\/uploads\/2024\/09\/Koriks_valisahi-37kw.webp","width":1000,"height":1000,"caption":"K\u00fcmblust\u00fcnni v\u00e4lisahi 37 kW"},{"@type":"BreadcrumbList","@id":"https:\/\/boat-service.ee\/en\/shop\/accessories\/kumblustunniahjud-en\/kumblustunnide-ahjud-en\/koriks-external-heater-for-hot-tub-37-kw-html-kopeeri-redigeeri\/#breadcrumb","itemListElement":[{"@type":"ListItem","position":1,"name":"Home","item":"https:\/\/boat-service.ee\/en\/"},{"@type":"ListItem","position":2,"name":"Shop","item":"https:\/\/boat-service.ee\/en\/shop\/"},{"@type":"ListItem","position":3,"name":"Koriks External Heater for Hot Tub 37 kW"}]},{"@type":"WebSite","@id":"https:\/\/boat-service.ee\/en\/#website","url":"https:\/\/boat-service.ee\/en\/","name":"Boat Service Estonia","description":"Boat Service Estonia - Mootorpaadid, treilerid, mootorid","publisher":{"@id":"https:\/\/boat-service.ee\/en\/#organization"},"potentialAction":[{"@type":"SearchAction","target":{"@type":"EntryPoint","urlTemplate":"https:\/\/boat-service.ee\/en\/?s={search_term_string}"},"query-input":{"@type":"PropertyValueSpecification","valueRequired":true,"valueName":"search_term_string"}}],"inLanguage":"en-US"},{"@type":"Organization","@id":"https:\/\/boat-service.ee\/en\/#organization","name":"KALASTUSPOOD O\u00dc","url":"https:\/\/boat-service.ee\/en\/","logo":{"@type":"ImageObject","inLanguage":"en-US","@id":"https:\/\/boat-service.ee\/en\/#\/schema\/logo\/image\/","url":"https:\/\/boat-service.ee\/wp-content\/uploads\/2023\/05\/impLogo.png","contentUrl":"https:\/\/boat-service.ee\/wp-content\/uploads\/2023\/05\/impLogo.png","width":270,"height":107,"caption":"KALASTUSPOOD O\u00dc"},"image":{"@id":"https:\/\/boat-service.ee\/en\/#\/schema\/logo\/image\/"},"sameAs":["https:\/\/www.facebook.com\/boatserviceestonia","https:\/\/www.instagram.com\/kalastus_ja_paadipood\/"]}]}},"_links":{"self":[{"href":"https:\/\/boat-service.ee\/en\/wp-json\/wp\/v2\/product\/98781","targetHints":{"allow":["GET"]}}],"collection":[{"href":"https:\/\/boat-service.ee\/en\/wp-json\/wp\/v2\/product"}],"about":[{"href":"https:\/\/boat-service.ee\/en\/wp-json\/wp\/v2\/types\/product"}],"wp:featuredmedia":[{"embeddable":true,"href":"https:\/\/boat-service.ee\/en\/wp-json\/wp\/v2\/media\/88761"}],"wp:attachment":[{"href":"https:\/\/boat-service.ee\/en\/wp-json\/wp\/v2\/media?parent=98781"}],"wp:term":[{"taxonomy":"product_brand","embeddable":true,"href":"https:\/\/boat-service.ee\/en\/wp-json\/wp\/v2\/product_brand?post=98781"},{"taxonomy":"product_cat","embeddable":true,"href":"https:\/\/boat-service.ee\/en\/wp-json\/wp\/v2\/product_cat?post=98781"},{"taxonomy":"product_tag","embeddable":true,"href":"https:\/\/boat-service.ee\/en\/wp-json\/wp\/v2\/product_tag?post=98781"}],"curies":[{"name":"wp","href":"https:\/\/api.w.org\/{rel}","templated":true}]}}